{"id":29,"date":"2023-12-26T07:28:54","date_gmt":"2023-12-26T07:28:54","guid":{"rendered":"https:\/\/cannasmed.com\/herbe\/?post_type=product&#038;p=29"},"modified":"2026-02-19T05:53:27","modified_gmt":"2026-02-19T05:53:27","slug":"rosa-ros","status":"publish","type":"product","link":"https:\/\/koupitmarihuanu.com\/sv\/produkt\/pink-rose\/","title":{"rendered":"Rosa ros"},"content":{"rendered":"<h2>Koupit r\u016f\u017eovou r\u016f\u017ei online<\/h2>\n<h3>Co je to koupit r\u016f\u017eovou r\u016f\u017ei online?<\/h3>\n<p>\u201e<a href=\"https:\/\/koupitmarihuanu.com\/sv\/produkt\/rosa-ros\/\">Koupit r\u016f\u017eovou r\u016f\u017ei online<\/a>\u201c ozna\u010duje proces n\u00e1kupu r\u016f\u017eov\u00fdch r\u016f\u017e\u00ed prost\u0159ednictv\u00edm internetov\u00e9 platformy. Lid\u00e9 se \u010dasto ptaj\u00ed, kde koupit r\u016f\u017eov\u00e9 r\u016f\u017ee pro zvl\u00e1\u0161tn\u00ed p\u0159\u00edle\u017eitosti, a online platformy to usnad\u0148uj\u00ed. R\u016f\u017eov\u00e9 r\u016f\u017ee si m\u016f\u017eete koupit online v r\u016fzn\u00fdch velikostech kytic\u00ed, aran\u017em\u00e1 a kombinac\u00edch, ani\u017e byste museli nav\u0161t\u00edvit kamennou prodejnu.<\/p>\n<p>Online kv\u011btin\u00e1\u0159stv\u00ed poskytuj\u00ed podrobn\u00e9 katalogy, abyste si mohli prohl\u00e9dnout r\u016f\u017eov\u00e9 r\u016f\u017ee na prodej, vybrat si nejlep\u0161\u00ed mo\u017enost a nechat si ji doru\u010dit p\u0159\u00edmo p\u0159\u00edjemci. Tento p\u0159\u00edstup je pohodln\u00fd, zejm\u00e9na pro ty, kte\u0159\u00ed si cht\u011bj\u00ed objednat r\u016f\u017eov\u00e9 r\u016f\u017ee online k narozenin\u00e1m, v\u00fdro\u010d\u00edm nebo jin\u00fdm oslav\u00e1m.<\/p>\n<h3>Nejlep\u0161\u00ed vyu\u017eit\u00ed a v\u00fdhody n\u00e1kupu r\u016f\u017eov\u00fdch r\u016f\u017e\u00ed online<\/h3>\n<p><strong>Pou\u017eit\u00ed<\/strong><br \/>\n\u2022 Oslava miln\u00edk\u016f, jako jsou narozeniny nebo v\u00fdro\u010d\u00ed<br \/>\n\u2022 Vyj\u00e1d\u0159en\u00ed vd\u011b\u010dnosti, obdivu nebo l\u00e1sky<br \/>\n\u2022 Pos\u00edl\u00e1n\u00ed blahop\u0159\u00e1n\u00ed nebo d\u00e1rk\u016f s projevem soustrasti<br \/>\n\u2022 P\u0159ekvapen\u00ed n\u011bkoho jen proto, aby se projevila p\u00e9\u010de<\/p>\n<p><strong>V\u00fdhody<\/strong><br \/>\n\u2022 Pohodl\u00ed n\u00e1kupu r\u016f\u017eov\u00fdch r\u016f\u017e\u00ed online z domova<br \/>\n\u2022 \u0160irok\u00fd v\u00fdb\u011br kytic, velikost\u00ed a design\u016f, kter\u00e9 vyhovuj\u00ed va\u0161im pot\u0159eb\u00e1m<br \/>\n\u2022 Mo\u017enost p\u0159idat dopl\u0148ky, jako jsou p\u0159\u00e1n\u00ed\u010dka, \u010dokol\u00e1dy nebo jin\u00e9 d\u00e1rky<br \/>\n\u2022 V\u010dasn\u00e9 mo\u017enosti doru\u010den\u00ed, v\u010detn\u011b doru\u010den\u00ed v ten sam\u00fd den nebo dle pl\u00e1nu<br \/>\n\u2022 Z\u00e1ruka \u010derstvosti a kvality od renomovan\u00fdch prodejc\u016f<br \/>\n\u2022 Snadn\u00e9 porovn\u00e1n\u00ed cen r\u016f\u017eov\u00fdch r\u016f\u017e\u00ed k prodeji online<\/p>\n<p>Volbou online objedn\u00e1vky r\u016f\u017eov\u00fdch r\u016f\u017e\u00ed u\u0161et\u0159\u00edte \u010das a zajist\u00edte si smyslupln\u00fd a promy\u0161len\u00fd z\u00e1\u017eitek z darov\u00e1n\u00ed.<\/p>\n<h3>Pro\u010d nakupovat r\u016f\u017eov\u00e9 r\u016f\u017ee online na koupitmarihuanu.com?<\/h3>\n<p>Existuje n\u011bkolik d\u016fvod\u016f, pro\u010d je <a href=\"https:\/\/koupitmarihuanu.com\/sv\/\">koupitmarihuanu.com<\/a> nejlep\u0161\u00edm m\u00edstem pro n\u00e1kup r\u016f\u017eov\u00fdch r\u016f\u017e\u00ed online:<\/p>\n<p>\u2022 \u0160irok\u00fd v\u00fdb\u011br: Prozkoumejte r\u016fzn\u00e9 kytice a aran\u017em\u00e1 dostupn\u00e9 k prodeji<br \/>\n\u2022 Z\u00e1ruka kvality: \u010cerstv\u00e9, ru\u010dn\u011b sb\u00edran\u00e9 r\u016f\u017ee poch\u00e1zej\u00edc\u00ed od d\u016fv\u011bryhodn\u00fdch p\u011bstitel\u016f<br \/>\n\u2022 Pohodln\u00e9 doru\u010den\u00ed: Mo\u017enosti doru\u010den\u00ed v tent\u00fd\u017e den nebo dle pl\u00e1nu pro ka\u017edou p\u0159\u00edle\u017eitost<br \/>\n\u2022 Bezpe\u010dn\u00e1 platba: N\u011bkolik bezpe\u010dn\u00fdch a d\u016fv\u011bryhodn\u00fdch metod online n\u00e1kupu<br \/>\n\u2022 Personalizace: P\u0159idejte \u010dokol\u00e1dy, p\u0159\u00e1n\u00ed\u010dka nebo d\u00e1rky pro vylep\u0161en\u00ed va\u0161\u00ed kytice<br \/>\n\u2022 Z\u00e1kaznick\u00e1 podpora: Pokyny pro proces objedn\u00e1v\u00e1n\u00ed a doru\u010den\u00ed<\/p>\n<p>A\u0165 u\u017e hled\u00e1te, kde koupit r\u016f\u017eov\u00e9 r\u016f\u017ee online, nebo hled\u00e1te cenu r\u016f\u017eov\u00fdch r\u016f\u017e\u00ed k prodeji, tato platforma poskytuje spolehlivost a pohodl\u00ed.<\/p>\n<h3>Jak si u n\u00e1s objednat r\u016f\u017eov\u00e9 r\u016f\u017ee online<\/h3>\n<p>Objedn\u00e1v\u00e1n\u00ed z koupitmarihuanu.com je jednoduch\u00e9:<\/p>\n<p>1. Prohl\u00e9dn\u011bte si n\u00e1\u0161 katalog: Prohl\u00e9dn\u011bte si v\u0161echny dostupn\u00e9 r\u016f\u017eov\u00e9 r\u016f\u017ee k prodeji online<br \/>\n2. Vyberte si svou volbu: Vyberte si kytici nebo aran\u017em\u00e1, kter\u00e9 se hod\u00ed k va\u0161\u00ed p\u0159\u00edle\u017eitosti<br \/>\n3. P\u0159idejte personalizaci: P\u0159idejte voliteln\u00e9 dopl\u0148ky, jako jsou p\u0159\u00e1n\u00ed\u010dka nebo \u010dokol\u00e1dy<br \/>\n4. Vyberte podrobnosti o doru\u010den\u00ed: Zadejte adresu p\u0159\u00edjemce a vyberte datum\/\u010das doru\u010den\u00ed<br \/>\n5. Dokon\u010dete platbu: Pro online n\u00e1kup pou\u017eijte zabezpe\u010den\u00e9 online platebn\u00ed mo\u017enosti<br \/>\n6. Sledujte svou objedn\u00e1vku: Sledujte stav doru\u010den\u00ed, dokud nedoraz\u00ed k va\u0161emu p\u0159\u00edjemci<\/p>\n<p>Tento proces umo\u017e\u0148uje komukoli pohodln\u011b a <a href=\"https:\/\/en.wikipedia.org\/wiki\/Pink_Rose\">bezpe\u010dn\u011b<\/a> objednat r\u016f\u017eov\u00e9 r\u016f\u017ee online.<\/p>\n<h3>\u010casto kladen\u00e9 ot\u00e1zky (FAQ)<\/h3>\n<p><strong>1<\/strong>. Jak \u010derstv\u00e9 jsou r\u016f\u017ee doru\u010dovan\u00e9?<br \/>\nV\u0161echny r\u016f\u017ee jsou ru\u010dn\u011b sb\u00edr\u00e1ny, aby byla zaji\u0161t\u011bna \u010derstvost. Kdy\u017e si koup\u00edte r\u016f\u017eov\u00e9 r\u016f\u017ee online, m\u016f\u017eete o\u010dek\u00e1vat dlouhotrvaj\u00edc\u00ed kytici doru\u010denou v perfektn\u00edm stavu.<\/p>\n<p><strong>2.<\/strong> Mohu si napl\u00e1novat doru\u010den\u00ed na konkr\u00e9tn\u00ed datum?<br \/>\nAno, r\u016f\u017eov\u00e9 r\u016f\u017ee si m\u016f\u017eete objednat online s doru\u010den\u00edm v tent\u00fd\u017e den nebo v budoucnu, aby odpov\u00eddaly va\u0161\u00ed p\u0159\u00edle\u017eitosti.<\/p>\n<p><strong>3.<\/strong> Existuj\u00ed mo\u017enosti d\u00e1rk\u016f nebo personalizovan\u00fdch zpr\u00e1v?<br \/>\nAno, k online n\u00e1kupu r\u016f\u017eov\u00fdch r\u016f\u017e\u00ed m\u016f\u017eete p\u0159idat \u010dokol\u00e1dy, p\u0159\u00e1n\u00ed\u010dka nebo osobn\u00ed vzkaz.<\/p>\n<p><strong>4.<\/strong> Jak\u00e9 platebn\u00ed metody jsou akceptov\u00e1ny?<br \/>\nOnline m\u016f\u017eete bezpe\u010dn\u011b nakupovat pomoc\u00ed kreditn\u00edch\/debetn\u00edch karet, pen\u011b\u017eenek nebo jin\u00fdch online platebn\u00edch mo\u017enost\u00ed.<\/p>\n<p><strong>5.<\/strong> Kde v m\u00e9 oblasti koupit r\u016f\u017eov\u00e9 r\u016f\u017ee?<br \/>\nM\u016f\u017eete si prohl\u00e9dnout online slu\u017eby n\u00e1kupu r\u016f\u017eov\u00fdch r\u016f\u017e\u00ed na renomovan\u00fdch webov\u00fdch str\u00e1nk\u00e1ch, jako je koupitmarihuanu.com, abyste zajistili v\u010dasn\u00e9 doru\u010den\u00ed.<\/p>\n<p><strong>6.<\/strong> Mohu zn\u00e1t cenu r\u016f\u017eov\u00fdch r\u016f\u017e\u00ed na prodej?<br \/>\nAno, webov\u00e9 str\u00e1nky jasn\u011b zobrazuj\u00ed cenu r\u016f\u017eov\u00fdch r\u016f\u017e\u00ed na prodej u ka\u017ed\u00e9 kytice, co\u017e v\u00e1m pom\u016f\u017ee vybrat nejlep\u0161\u00ed variantu pro v\u00e1\u0161 rozpo\u010det.<\/p>","protected":false},"excerpt":{"rendered":"<p>Koupit r\u016f\u017eovou r\u016f\u017ei online Co je to koupit r\u016f\u017eovou r\u016f\u017ei online? \u201eKoupit r\u016f\u017eovou r\u016f\u017ei online\u201c ozna\u010duje proces n\u00e1kupu r\u016f\u017eov\u00fdch r\u016f\u017e\u00ed prost\u0159ednictv\u00edm internetov\u00e9 platformy. Lid\u00e9 se \u010dasto ptaj\u00ed, kde koupit r\u016f\u017eov\u00e9 r\u016f\u017ee pro zvl\u00e1\u0161tn\u00ed p\u0159\u00edle\u017eitosti, a online platformy to usnad\u0148uj\u00ed. R\u016f\u017eov\u00e9 r\u016f\u017ee si m\u016f\u017eete koupit online v r\u016fzn\u00fdch velikostech kytic\u00ed, aran\u017em\u00e1 a kombinac\u00edch, ani\u017e byste museli [&hellip;]<\/p>\n","protected":false},"featured_media":1228,"comment_status":"open","ping_status":"closed","template":"","meta":{"site-sidebar-layout":"default","site-content-layout":"","ast-site-content-layout":"default","site-content-style":"default","site-sidebar-style":"default","ast-global-header-display":"","ast-banner-title-visibility":"","ast-main-header-display":"","ast-hfb-above-header-display":"","ast-hfb-below-header-display":"","ast-hfb-mobile-header-display":"","site-post-title":"","ast-breadcrumbs-content":"","ast-featured-img":"","footer-sml-layout":"","ast-disable-related-posts":"","theme-transparent-header-meta":"default","adv-header-id-meta":"","stick-header-meta":"default","header-above-stick-meta":"","header-main-stick-meta":"","header-below-stick-meta":"","astra-migrate-meta-layouts":"set","ast-page-background-enabled":"default","ast-page-background-meta":{"desktop":{"background-color":"var(--ast-global-color-4)","background-image":"","background-repeat":"repeat","background-position":"center center","background-size":"auto","background-attachment":"scroll","background-type":"","background-media":"","overlay-type":"","overlay-color":"","overlay-opacity":"","overlay-gradient":""},"tablet":{"background-color":"","background-image":"","background-repeat":"repeat","background-position":"center center","background-size":"auto","background-attachment":"scroll","background-type":"","background-media":"","overlay-type":"","overlay-color":"","overlay-opacity":"","overlay-gradient":""},"mobile":{"background-color":"","background-image":"","background-repeat":"repeat","background-position":"center center","background-size":"auto","background-attachment":"scroll","background-type":"","background-media":"","overlay-type":"","overlay-color":"","overlay-opacity":"","overlay-gradient":""}},"ast-content-background-meta":{"desktop":{"background-color":"var(--ast-global-color-5)","background-image":"","background-repeat":"repeat","background-position":"center center","background-size":"auto","background-attachment":"scroll","background-type":"","background-media":"","overlay-type":"","overlay-color":"","overlay-opacity":"","overlay-gradient":""},"tablet":{"background-color":"var(--ast-global-color-5)","background-image":"","background-repeat":"repeat","background-position":"center center","background-size":"auto","background-attachment":"scroll","background-type":"","background-media":"","overlay-type":"","overlay-color":"","overlay-opacity":"","overlay-gradient":""},"mobile":{"background-color":"var(--ast-global-color-5)","background-image":"","background-repeat":"repeat","background-position":"center center","background-size":"auto","background-attachment":"scroll","background-type":"","background-media":"","overlay-type":"","overlay-color":"","overlay-opacity":"","overlay-gradient":""}},"_joinchat":[]},"product_brand":[],"product_cat":[17],"product_tag":[],"class_list":{"0":"post-29","1":"product","2":"type-product","3":"status-publish","4":"has-post-thumbnail","6":"product_cat-marihuana","7":"desktop-align-left","8":"tablet-align-left","9":"mobile-align-left","10":"ast-product-gallery-layout-horizontal-slider","11":"ast-product-gallery-with-no-image","12":"ast-product-single-variable","13":"ast-product-tabs-layout-horizontal","15":"first","16":"instock","17":"shipping-taxable","18":"purchasable","19":"product-type-variable"},"yoast_head":"<!-- This site is optimized with the Yoast SEO plugin v22.6 - https:\/\/yoast.com\/wordpress\/plugins\/seo\/ -->\n<title>Koupit r\u016f\u017eov\u00e1 r\u016f\u017ee online \u2013 r\u016f\u017eov\u00e1 r\u016f\u017ee na prodej<\/title>\n<meta name=\"description\" content=\"V na\u0161em KoupitMarihuanu m\u016f\u017eete z\u00edskat r\u016f\u017eovou r\u016f\u017ei na prodej za n\u00edzk\u00e9 ceny. Zde si m\u016f\u017eete koupit Pink Rose online ve vysok\u00e9 kvalit\u011b z na\u0161eho obchodu nyn\u00ed s rychlou a bezpe\u010dnou p\u0159epravn\u00ed slu\u017ebou. Objednejte nyn\u00ed!\" \/>\n<meta name=\"robots\" content=\"index, follow, max-snippet:-1, max-image-preview:large, max-video-preview:-1\" \/>\n<link rel=\"canonical\" href=\"https:\/\/koupitmarihuanu.com\/sv\/produkt\/rosa-ros\/\" \/>\n<meta property=\"og:locale\" content=\"sv_SE\" \/>\n<meta property=\"og:type\" content=\"article\" \/>\n<meta property=\"og:title\" content=\"Koupit r\u016f\u017eov\u00e1 r\u016f\u017ee online \u2013 r\u016f\u017eov\u00e1 r\u016f\u017ee na prodej\" \/>\n<meta property=\"og:description\" content=\"V na\u0161em KoupitMarihuanu m\u016f\u017eete z\u00edskat r\u016f\u017eovou r\u016f\u017ei na prodej za n\u00edzk\u00e9 ceny. Zde si m\u016f\u017eete koupit Pink Rose online ve vysok\u00e9 kvalit\u011b z na\u0161eho obchodu nyn\u00ed s rychlou a bezpe\u010dnou p\u0159epravn\u00ed slu\u017ebou. Objednejte nyn\u00ed!\" \/>\n<meta property=\"og:url\" content=\"https:\/\/koupitmarihuanu.com\/sv\/produkt\/rosa-ros\/\" \/>\n<meta property=\"og:site_name\" content=\"Koupit Marihuanu\" \/>\n<meta property=\"article:modified_time\" content=\"2026-02-19T05:53:27+00:00\" \/>\n<meta property=\"og:image\" content=\"https:\/\/koupitmarihuanu.com\/wp-content\/uploads\/2023\/12\/PINK-ROSE.jpg\" \/>\n\t<meta property=\"og:image:width\" content=\"600\" \/>\n\t<meta property=\"og:image:height\" content=\"600\" \/>\n\t<meta property=\"og:image:type\" content=\"image\/jpeg\" \/>\n<meta name=\"twitter:card\" content=\"summary_large_image\" \/>\n<meta name=\"twitter:label1\" content=\"Ber\u00e4knad l\u00e4stid\" \/>\n\t<meta name=\"twitter:data1\" content=\"3 minuter\" \/>\n<script type=\"application\/ld+json\" class=\"yoast-schema-graph\">{\"@context\":\"https:\/\/schema.org\",\"@graph\":[{\"@type\":\"WebPage\",\"@id\":\"https:\/\/koupitmarihuanu.com\/produkt\/pink-rose\/\",\"url\":\"https:\/\/koupitmarihuanu.com\/produkt\/pink-rose\/\",\"name\":\"Koupit r\u016f\u017eov\u00e1 r\u016f\u017ee online \u2013 r\u016f\u017eov\u00e1 r\u016f\u017ee na prodej\",\"isPartOf\":{\"@id\":\"https:\/\/koupitmarihuanu.com\/#website\"},\"primaryImageOfPage\":{\"@id\":\"https:\/\/koupitmarihuanu.com\/produkt\/pink-rose\/#primaryimage\"},\"image\":{\"@id\":\"https:\/\/koupitmarihuanu.com\/produkt\/pink-rose\/#primaryimage\"},\"thumbnailUrl\":\"https:\/\/koupitmarihuanu.com\/wp-content\/uploads\/2023\/12\/PINK-ROSE.jpg\",\"datePublished\":\"2023-12-26T07:28:54+00:00\",\"dateModified\":\"2026-02-19T05:53:27+00:00\",\"description\":\"V na\u0161em KoupitMarihuanu m\u016f\u017eete z\u00edskat r\u016f\u017eovou r\u016f\u017ei na prodej za n\u00edzk\u00e9 ceny. Zde si m\u016f\u017eete koupit Pink Rose online ve vysok\u00e9 kvalit\u011b z na\u0161eho obchodu nyn\u00ed s rychlou a bezpe\u010dnou p\u0159epravn\u00ed slu\u017ebou. Objednejte nyn\u00ed!\",\"breadcrumb\":{\"@id\":\"https:\/\/koupitmarihuanu.com\/produkt\/pink-rose\/#breadcrumb\"},\"inLanguage\":\"sv-SE\",\"potentialAction\":[{\"@type\":\"ReadAction\",\"target\":[\"https:\/\/koupitmarihuanu.com\/produkt\/pink-rose\/\"]}]},{\"@type\":\"ImageObject\",\"inLanguage\":\"sv-SE\",\"@id\":\"https:\/\/koupitmarihuanu.com\/produkt\/pink-rose\/#primaryimage\",\"url\":\"https:\/\/koupitmarihuanu.com\/wp-content\/uploads\/2023\/12\/PINK-ROSE.jpg\",\"contentUrl\":\"https:\/\/koupitmarihuanu.com\/wp-content\/uploads\/2023\/12\/PINK-ROSE.jpg\",\"width\":600,\"height\":600,\"caption\":\"Koupit JET-FUEL Online\"},{\"@type\":\"BreadcrumbList\",\"@id\":\"https:\/\/koupitmarihuanu.com\/produkt\/pink-rose\/#breadcrumb\",\"itemListElement\":[{\"@type\":\"ListItem\",\"position\":1,\"name\":\"Home\",\"item\":\"https:\/\/koupitmarihuanu.com\/\"},{\"@type\":\"ListItem\",\"position\":2,\"name\":\"Prodejna\",\"item\":\"https:\/\/koupitmarihuanu.com\/prodejna\/\"},{\"@type\":\"ListItem\",\"position\":3,\"name\":\"Pink Rose\"}]},{\"@type\":\"WebSite\",\"@id\":\"https:\/\/koupitmarihuanu.com\/#website\",\"url\":\"https:\/\/koupitmarihuanu.com\/\",\"name\":\"Koupit Marihuanu\",\"description\":\"My WordPress Blog\",\"publisher\":{\"@id\":\"https:\/\/koupitmarihuanu.com\/#organization\"},\"potentialAction\":[{\"@type\":\"SearchAction\",\"target\":{\"@type\":\"EntryPoint\",\"urlTemplate\":\"https:\/\/koupitmarihuanu.com\/?s={search_term_string}\"},\"query-input\":\"required name=search_term_string\"}],\"inLanguage\":\"sv-SE\"},{\"@type\":\"Organization\",\"@id\":\"https:\/\/koupitmarihuanu.com\/#organization\",\"name\":\"Koupit Marihuanu\",\"url\":\"https:\/\/koupitmarihuanu.com\/\",\"logo\":{\"@type\":\"ImageObject\",\"inLanguage\":\"sv-SE\",\"@id\":\"https:\/\/koupitmarihuanu.com\/#\/schema\/logo\/image\/\",\"url\":\"https:\/\/koupitmarihuanu.com\/wp-content\/uploads\/2024\/01\/black-logo.png\",\"contentUrl\":\"https:\/\/koupitmarihuanu.com\/wp-content\/uploads\/2024\/01\/black-logo.png\",\"width\":300,\"height\":63,\"caption\":\"Koupit Marihuanu\"},\"image\":{\"@id\":\"https:\/\/koupitmarihuanu.com\/#\/schema\/logo\/image\/\"}}]}<\/script>\n<!-- \/ Yoast SEO plugin. -->","yoast_head_json":{"title":"K\u00f6p rosa rosor online - rosa rosor till salu","description":"I v\u00e5r BuyMarijuana kan du f\u00e5 THC Vape Cartridge 1ml sen till salu till l\u00e5ga priser. H\u00e4r kan du k\u00f6pa THC Vape Cartridge 1ml sen online i h\u00f6g kvalitet fr\u00e5n v\u00e5r butik nu med snabb och s\u00e4ker fraktservice. Best\u00e4ll nu!","robots":{"index":"index","follow":"follow","max-snippet":"max-snippet:-1","max-image-preview":"max-image-preview:large","max-video-preview":"max-video-preview:-1"},"canonical":"https:\/\/koupitmarihuanu.com\/sv\/produkt\/rosa-ros\/","og_locale":"sv_SE","og_type":"article","og_title":"Koupit r\u016f\u017eov\u00e1 r\u016f\u017ee online \u2013 r\u016f\u017eov\u00e1 r\u016f\u017ee na prodej","og_description":"V na\u0161em KoupitMarihuanu m\u016f\u017eete z\u00edskat r\u016f\u017eovou r\u016f\u017ei na prodej za n\u00edzk\u00e9 ceny. Zde si m\u016f\u017eete koupit Pink Rose online ve vysok\u00e9 kvalit\u011b z na\u0161eho obchodu nyn\u00ed s rychlou a bezpe\u010dnou p\u0159epravn\u00ed slu\u017ebou. Objednejte nyn\u00ed!","og_url":"https:\/\/koupitmarihuanu.com\/sv\/produkt\/rosa-ros\/","og_site_name":"Koupit Marihuanu","article_modified_time":"2026-02-19T05:53:27+00:00","og_image":[{"width":600,"height":600,"url":"https:\/\/koupitmarihuanu.com\/wp-content\/uploads\/2023\/12\/PINK-ROSE.jpg","type":"image\/jpeg"}],"twitter_card":"summary_large_image","twitter_misc":{"Ber\u00e4knad l\u00e4stid":"3 minuter"},"schema":{"@context":"https:\/\/schema.org","@graph":[{"@type":"WebPage","@id":"https:\/\/koupitmarihuanu.com\/produkt\/pink-rose\/","url":"https:\/\/koupitmarihuanu.com\/produkt\/pink-rose\/","name":"K\u00f6p rosa rosor online - rosa rosor till salu","isPartOf":{"@id":"https:\/\/koupitmarihuanu.com\/#website"},"primaryImageOfPage":{"@id":"https:\/\/koupitmarihuanu.com\/produkt\/pink-rose\/#primaryimage"},"image":{"@id":"https:\/\/koupitmarihuanu.com\/produkt\/pink-rose\/#primaryimage"},"thumbnailUrl":"https:\/\/koupitmarihuanu.com\/wp-content\/uploads\/2023\/12\/PINK-ROSE.jpg","datePublished":"2023-12-26T07:28:54+00:00","dateModified":"2026-02-19T05:53:27+00:00","description":"I v\u00e5r BuyMarijuana kan du f\u00e5 THC Vape Cartridge 1ml sen till salu till l\u00e5ga priser. H\u00e4r kan du k\u00f6pa THC Vape Cartridge 1ml sen online i h\u00f6g kvalitet fr\u00e5n v\u00e5r butik nu med snabb och s\u00e4ker fraktservice. Best\u00e4ll nu!","breadcrumb":{"@id":"https:\/\/koupitmarihuanu.com\/produkt\/pink-rose\/#breadcrumb"},"inLanguage":"sv-SE","potentialAction":[{"@type":"ReadAction","target":["https:\/\/koupitmarihuanu.com\/produkt\/pink-rose\/"]}]},{"@type":"ImageObject","inLanguage":"sv-SE","@id":"https:\/\/koupitmarihuanu.com\/produkt\/pink-rose\/#primaryimage","url":"https:\/\/koupitmarihuanu.com\/wp-content\/uploads\/2023\/12\/PINK-ROSE.jpg","contentUrl":"https:\/\/koupitmarihuanu.com\/wp-content\/uploads\/2023\/12\/PINK-ROSE.jpg","width":600,"height":600,"caption":"Koupit JET-FUEL Online"},{"@type":"BreadcrumbList","@id":"https:\/\/koupitmarihuanu.com\/produkt\/pink-rose\/#breadcrumb","itemListElement":[{"@type":"ListItem","position":1,"name":"Home","item":"https:\/\/koupitmarihuanu.com\/"},{"@type":"ListItem","position":2,"name":"Prodejna","item":"https:\/\/koupitmarihuanu.com\/prodejna\/"},{"@type":"ListItem","position":3,"name":"Pink Rose"}]},{"@type":"WebSite","@id":"https:\/\/koupitmarihuanu.com\/#website","url":"https:\/\/koupitmarihuanu.com\/","name":"K\u00f6p marijuana","description":"Min WordPress-blogg","publisher":{"@id":"https:\/\/koupitmarihuanu.com\/#organization"},"potentialAction":[{"@type":"SearchAction","target":{"@type":"EntryPoint","urlTemplate":"https:\/\/koupitmarihuanu.com\/?s={search_term_string}"},"query-input":"required name=search_term_string"}],"inLanguage":"sv-SE"},{"@type":"Organization","@id":"https:\/\/koupitmarihuanu.com\/#organization","name":"K\u00f6p marijuana","url":"https:\/\/koupitmarihuanu.com\/","logo":{"@type":"ImageObject","inLanguage":"sv-SE","@id":"https:\/\/koupitmarihuanu.com\/#\/schema\/logo\/image\/","url":"https:\/\/koupitmarihuanu.com\/wp-content\/uploads\/2024\/01\/black-logo.png","contentUrl":"https:\/\/koupitmarihuanu.com\/wp-content\/uploads\/2024\/01\/black-logo.png","width":300,"height":63,"caption":"Koupit Marihuanu"},"image":{"@id":"https:\/\/koupitmarihuanu.com\/#\/schema\/logo\/image\/"}}]}},"_links":{"self":[{"href":"https:\/\/koupitmarihuanu.com\/sv\/wp-json\/wp\/v2\/product\/29","targetHints":{"allow":["GET"]}}],"collection":[{"href":"https:\/\/koupitmarihuanu.com\/sv\/wp-json\/wp\/v2\/product"}],"about":[{"href":"https:\/\/koupitmarihuanu.com\/sv\/wp-json\/wp\/v2\/types\/product"}],"replies":[{"embeddable":true,"href":"https:\/\/koupitmarihuanu.com\/sv\/wp-json\/wp\/v2\/comments?post=29"}],"wp:featuredmedia":[{"embeddable":true,"href":"https:\/\/koupitmarihuanu.com\/sv\/wp-json\/wp\/v2\/media\/1228"}],"wp:attachment":[{"href":"https:\/\/koupitmarihuanu.com\/sv\/wp-json\/wp\/v2\/media?parent=29"}],"wp:term":[{"taxonomy":"product_brand","embeddable":true,"href":"https:\/\/koupitmarihuanu.com\/sv\/wp-json\/wp\/v2\/product_brand?post=29"},{"taxonomy":"product_cat","embeddable":true,"href":"https:\/\/koupitmarihuanu.com\/sv\/wp-json\/wp\/v2\/product_cat?post=29"},{"taxonomy":"product_tag","embeddable":true,"href":"https:\/\/koupitmarihuanu.com\/sv\/wp-json\/wp\/v2\/product_tag?post=29"}],"curies":[{"name":"wp","href":"https:\/\/api.w.org\/{rel}","templated":true}]}}