{"id":17,"date":"2023-12-26T07:28:54","date_gmt":"2023-12-26T07:28:54","guid":{"rendered":"https:\/\/cannasmed.com\/herbe\/?post_type=product&#038;p=17"},"modified":"2026-02-18T09:50:32","modified_gmt":"2026-02-18T09:50:32","slug":"maca-frita","status":"publish","type":"product","link":"https:\/\/koupitmarihuanu.com\/pt\/produkt\/apple-fritter\/","title":{"rendered":"Bolinho de ma\u00e7\u00e3"},"content":{"rendered":"<h2>Kupte si jable\u010dn\u00fd placi\u010dku online<\/h2>\n<p><a href=\"https:\/\/koupitmarihuanu.com\/pt\/produto\/maca-frita\/\">Koupit jable\u010dn\u00fd fritter online<\/a> ozna\u010duje proces n\u00e1kupu produkt\u016f vyroben\u00fdch z odr\u016fdy Apple Fritter prost\u0159ednictv\u00edm internetov\u00fdch platforem, kde je prodej konop\u00ed leg\u00e1ln\u011b povolen. Tuto fr\u00e1zi b\u011b\u017en\u011b pou\u017e\u00edvaj\u00ed jednotlivci, kte\u0159\u00ed p\u0159ed n\u00e1kupem zkoumaj\u00ed kvalitu produktu, chu\u0165ov\u00fd profil, \u00fa\u010dinnost a cenu jable\u010dn\u00e9ho fritteru. Mnoho spot\u0159ebitel\u016f vyhled\u00e1v\u00e1 v\u00fdrazy jako Koupit jable\u010dn\u00fd fritter online nebo Kde koupit jable\u010dn\u00fd fritter?, kdy\u017e porovn\u00e1vaj\u00ed online v\u00fddejny a prohl\u00ed\u017eej\u00ed dostupn\u00e9 mo\u017enosti.<\/p>\n<p>Jable\u010dn\u00fd fritter je \u0161iroce zn\u00e1m\u00fd pro svou sladkou, dezertn\u00ed v\u016fni, kter\u00e1 m\u00eds\u00ed t\u00f3ny pe\u010den\u00fdch jablek s jemn\u00fdmi zemit\u00fdmi podt\u00f3ny. Jako vyv\u00e1\u017een\u00fd hybridn\u00ed kmen je \u010dasto spojov\u00e1n s kombinac\u00ed povzn\u00e1\u0161ej\u00edc\u00edch du\u0161evn\u00edch \u00fa\u010dink\u016f a jemn\u00e9 fyzick\u00e9 relaxace. Kdy\u017e lid\u00e9 hledaj\u00ed jable\u010dn\u00fd fritter k prodeji, obvykle hledaj\u00ed autentick\u00e9, \u0159\u00e1dn\u011b ozna\u010den\u00e9 konopn\u00e9 produkty, kter\u00e9 odr\u00e1\u017eej\u00ed jedine\u010dn\u00fd terpenov\u00fd a kanabinoidn\u00ed profil tohoto kmene.<\/p>\n<p>Konopn\u00e9 produkty z\u00edskan\u00e9 z jable\u010dn\u00e9ho fritteru mohou obsahovat r\u016fzn\u00e9 hladiny THC a CBD v z\u00e1vislosti na slo\u017een\u00ed. THC p\u0159isp\u00edv\u00e1 k psychoaktivn\u00edm \u00fa\u010dink\u016fm, zat\u00edmco CBD nen\u00ed omamn\u00e9 a b\u011b\u017en\u011b se spojuje s podp\u016frn\u00fdmi wellness aplikacemi. Vzhledem ke sv\u00e9 popularit\u011b mnoho z\u00e1kazn\u00edk\u016f porovn\u00e1v\u00e1 \u00fadaje o \u00fa\u010dinnosti a celkovou cenu Apple Fritteru u v\u00edce prodejc\u016f, ne\u017e se rozhodnou koupit Apple Fritter online.<\/p>\n<h3>Co je Apple Fritter online?<\/h3>\n<p>Apple Fritter online ozna\u010duje dostupnost konopn\u00fdch produkt\u016f Apple Fritter prost\u0159ednictv\u00edm licencovan\u00fdch online v\u00fddejen nebo regulovan\u00fdch webov\u00fdch str\u00e1nek s maloobchodn\u00edm prodejem konop\u00ed. M\u00edsto n\u00e1v\u0161t\u011bvy kamenn\u00e9 prodejny si z\u00e1kazn\u00edci mohou prohl\u00ed\u017eet nab\u00eddky, prohl\u00ed\u017eet si specifikace a hodnotit Apple Fritter k prodeji na zabezpe\u010den\u00e9 online platform\u011b. Fr\u00e1ze \u201eKoupit Apple Fritter online\u201c zd\u016fraz\u0148uje pohodl\u00ed a diskr\u00e9tnost, kterou nab\u00edz\u00ed digit\u00e1ln\u00ed n\u00e1kup, pokud je v souladu s m\u00edstn\u00edmi p\u0159edpisy.<\/p>\n<p>Online obchody \u010dasto poskytuj\u00ed podrobn\u00e9 informace o obsahu kanabinoid\u016f, terpenov\u00fdch profilech, v\u00fdsledc\u00edch laboratorn\u00edch test\u016f a form\u00e1tech produkt\u016f. P\u0159i hled\u00e1n\u00ed nejlep\u0161\u00edho m\u00edsta pro online n\u00e1kup Apple Fritteru z\u00e1kazn\u00edci obvykle up\u0159ednost\u0148uj\u00ed transparentnost, bezpe\u010dn\u00e9 platebn\u00ed syst\u00e9my a dodr\u017eov\u00e1n\u00ed platn\u00fdch z\u00e1kon\u016f.<\/p>\n<h3>Nejlep\u0161\u00ed vyu\u017eit\u00ed a v\u00fdhody Apple Fritteru<\/h3>\n<p><a href=\"https:\/\/koupitmarihuanu.com\/pt\/\">Bolinho de ma\u00e7\u00e3<\/a> je \u010dasto spojov\u00e1n s vyv\u00e1\u017een\u00fdmi hybridn\u00edmi \u00fa\u010dinky. Mnoho u\u017eivatel\u016f popisuje po\u010d\u00e1te\u010dn\u00ed zlep\u0161en\u00ed n\u00e1lady n\u00e1sledovan\u00e9 uklid\u0148uj\u00edc\u00edm pocitem v t\u011ble. Tato kombinace ho m\u016f\u017ee \u010dinit vhodn\u00fdm pro spole\u010densk\u00e9 situace, kreativn\u00ed projekty nebo odpo\u010dinek po ka\u017edodenn\u00edch povinnostech.<\/p>\n<p>N\u011bkte\u0159\u00ed lid\u00e9 oce\u0148uj\u00ed jable\u010dn\u00fd fritter pro jeho chu\u0165ov\u00fd z\u00e1\u017eitek a aromatickou bohatost. Stejn\u011b jako u jak\u00e9hokoli konopn\u00e9ho produktu se \u00fa\u010dinky mohou li\u0161it v z\u00e1vislosti na d\u00e1vkov\u00e1n\u00ed, toleranci a osobn\u00ed fyziologii. Zodpov\u011bdn\u00e1 konzumace je d\u016fle\u017eit\u00e1 p\u0159i online objedn\u00e1vce jable\u010dn\u00e9ho fritteru, zejm\u00e9na p\u0159i v\u00fdb\u011bru produkt\u016f s vy\u0161\u0161\u00ed koncentrac\u00ed THC.<\/p>\n<h3>Pro\u010d koupit jable\u010dn\u00fd fritter online na koupitmarihuanu.com?<\/h3>\n<p>N\u00e1kup jable\u010dn\u00e9ho fritteru online na koupitmarihuanu.com nab\u00edz\u00ed z\u00e1kazn\u00edk\u016fm efektivn\u00ed zp\u016fsob, jak z\u00edskat p\u0159\u00edstup k konopn\u00fdm produkt\u016fm specifick\u00fdm pro danou odr\u016fdu. Mnoho kupuj\u00edc\u00edch hled\u00e1 nejlep\u0161\u00ed m\u00edsto pro online n\u00e1kup jable\u010dn\u00e9ho fritteru, aby si zajistili spolehliv\u00e9 popisy produkt\u016f a bezpe\u010dn\u00e9 transakce.<\/p>\n<p>Ne\u017e se z\u00e1kazn\u00edci rozhodnou koupit jable\u010dn\u00fd fritter online, \u010dasto hodnot\u00ed faktory, jako je dostupnost z\u00e1kaznick\u00e9ho servisu, konkurenceschopn\u00e9 ceny a d\u016fv\u011bryhodnost webov\u00fdch str\u00e1nek. Pokud v\u00e1s zaj\u00edm\u00e1, kde koupit jable\u010dn\u00fd fritter, d\u016fle\u017eit\u00fdmi kroky p\u0159ed dokon\u010den\u00edm n\u00e1kupu jsou kontrola souladu s m\u00edstn\u00edmi p\u0159edpisy t\u00fdkaj\u00edc\u00edmi se konop\u00ed a ov\u011b\u0159en\u00ed pravosti produktu.<\/p>\n<h3>Jak si u n\u00e1s objednat jable\u010dn\u00fd fritter online<\/h3>\n<p>Chce-li si z\u00e1kazn\u00edci objednat jable\u010dn\u00fd fritter online, obvykle <a href=\"https:\/\/en.wikipedia.org\/wiki\/Fritter\">nav\u0161t\u00edv\u00ed<\/a> webov\u00e9 str\u00e1nky, prohl\u00e9dnou si dostupn\u00e9 nab\u00eddky a vyberou preferovanou mo\u017enost. Po p\u0159id\u00e1n\u00ed produktu do ko\u0161\u00edku pokra\u010duj\u00ed k pokladn\u011b, poskytnou pot\u0159ebn\u00e9 informace a dokon\u010d\u00ed platbu schv\u00e1len\u00fdmi metodami.<\/p>\n<p>V z\u00e1vislosti na region\u00e1ln\u00edch z\u00e1konech m\u016f\u017ee b\u00fdt p\u0159ed \u00fasp\u011b\u0161nou online objedn\u00e1vkou Apple Fritter vy\u017eadov\u00e1no ov\u011b\u0159en\u00ed v\u011bku nebo toto\u017enosti. Po potvrzen\u00ed jsou poskytnuty dodac\u00ed lh\u016fty a podrobnosti o doru\u010den\u00ed. Z\u00e1kazn\u00edci by si m\u011bli p\u0159ed n\u00e1kupem jak\u00e9hokoli Apple Fritteru online pe\u010dliv\u011b prostudovat z\u00e1sady obchodu.<\/p>\n<h3>\u010casto kladen\u00e9 ot\u00e1zky (FAQ)<\/h3>\n<p>Mezi \u010dast\u00e9 ot\u00e1zky pat\u0159\u00ed dotazy ohledn\u011b ceny Apple Fritteru, \u00farovn\u011b \u00fa\u010dinnosti, form\u00e1t\u016f produkt\u016f a dostupnosti dopravy. Mnoho z\u00e1kazn\u00edk\u016f se tak\u00e9 pt\u00e1, kde leg\u00e1ln\u011b a bezpe\u010dn\u011b koupit Apple Fritter.<\/p>\n<p>Dal\u0161\u00ed \u010dasto kladen\u00e9 ot\u00e1zky se mohou t\u00fdkat transparentnosti laboratorn\u00edch test\u016f, doporu\u010den\u00fdch skladovac\u00edch postup\u016f a toho, zda je Apple Fritter k prodeji dostupn\u00fd v konkr\u00e9tn\u00edch regionech. Vzhledem k tomu, \u017ee se p\u0159edpisy t\u00fdkaj\u00edc\u00ed se konop\u00ed li\u0161\u00ed podle lokality, m\u011bli by si jednotlivci p\u0159ed online n\u00e1kupem Apple Fritteru v\u017edy ov\u011b\u0159it m\u00edstn\u00ed z\u00e1kony.<\/p>\n<p>Stru\u010dn\u011b \u0159e\u010deno, n\u00e1kup Apple Fritter online ozna\u010duje z\u00edsk\u00e1v\u00e1n\u00ed konopn\u00fdch produkt\u016f z\u00edskan\u00fdch z odr\u016fdy Apple Fritter prost\u0159ednictv\u00edm internetov\u00e9ho prodejce, kde je to ze z\u00e1kona povoleno. A\u0165 u\u017e porovn\u00e1v\u00e1te cenu Apple Fritter, hled\u00e1te nejlep\u0161\u00ed m\u00edsto pro n\u00e1kup Apple Fritter online nebo prohl\u00ed\u017e\u00edte dostupn\u00e9 mo\u017enosti Apple Fritter k prodeji, je p\u0159ed kone\u010dn\u00fdm rozhodnut\u00edm o koupi nezbytn\u00e9 porozum\u011bt kvalit\u011b produktu, legalit\u011b a zodpov\u011bdn\u00e9mu pou\u017e\u00edv\u00e1n\u00ed.<\/p>","protected":false},"excerpt":{"rendered":"<p>Kupte si jable\u010dn\u00fd placi\u010dku online Koupit jable\u010dn\u00fd fritter online ozna\u010duje proces n\u00e1kupu produkt\u016f vyroben\u00fdch z odr\u016fdy Apple Fritter prost\u0159ednictv\u00edm internetov\u00fdch platforem, kde je prodej konop\u00ed leg\u00e1ln\u011b povolen. Tuto fr\u00e1zi b\u011b\u017en\u011b pou\u017e\u00edvaj\u00ed jednotlivci, kte\u0159\u00ed p\u0159ed n\u00e1kupem zkoumaj\u00ed kvalitu produktu, chu\u0165ov\u00fd profil, \u00fa\u010dinnost a cenu jable\u010dn\u00e9ho fritteru. Mnoho spot\u0159ebitel\u016f vyhled\u00e1v\u00e1 v\u00fdrazy jako Koupit jable\u010dn\u00fd fritter online nebo [&hellip;]<\/p>\n","protected":false},"featured_media":1200,"comment_status":"open","ping_status":"closed","template":"","meta":{"site-sidebar-layout":"default","site-content-layout":"","ast-site-content-layout":"default","site-content-style":"default","site-sidebar-style":"default","ast-global-header-display":"","ast-banner-title-visibility":"","ast-main-header-display":"","ast-hfb-above-header-display":"","ast-hfb-below-header-display":"","ast-hfb-mobile-header-display":"","site-post-title":"","ast-breadcrumbs-content":"","ast-featured-img":"","footer-sml-layout":"","ast-disable-related-posts":"","theme-transparent-header-meta":"default","adv-header-id-meta":"","stick-header-meta":"default","header-above-stick-meta":"","header-main-stick-meta":"","header-below-stick-meta":"","astra-migrate-meta-layouts":"set","ast-page-background-enabled":"default","ast-page-background-meta":{"desktop":{"background-color":"var(--ast-global-color-4)","background-image":"","background-repeat":"repeat","background-position":"center center","background-size":"auto","background-attachment":"scroll","background-type":"","background-media":"","overlay-type":"","overlay-color":"","overlay-opacity":"","overlay-gradient":""},"tablet":{"background-color":"","background-image":"","background-repeat":"repeat","background-position":"center center","background-size":"auto","background-attachment":"scroll","background-type":"","background-media":"","overlay-type":"","overlay-color":"","overlay-opacity":"","overlay-gradient":""},"mobile":{"background-color":"","background-image":"","background-repeat":"repeat","background-position":"center center","background-size":"auto","background-attachment":"scroll","background-type":"","background-media":"","overlay-type":"","overlay-color":"","overlay-opacity":"","overlay-gradient":""}},"ast-content-background-meta":{"desktop":{"background-color":"var(--ast-global-color-5)","background-image":"","background-repeat":"repeat","background-position":"center center","background-size":"auto","background-attachment":"scroll","background-type":"","background-media":"","overlay-type":"","overlay-color":"","overlay-opacity":"","overlay-gradient":""},"tablet":{"background-color":"var(--ast-global-color-5)","background-image":"","background-repeat":"repeat","background-position":"center center","background-size":"auto","background-attachment":"scroll","background-type":"","background-media":"","overlay-type":"","overlay-color":"","overlay-opacity":"","overlay-gradient":""},"mobile":{"background-color":"var(--ast-global-color-5)","background-image":"","background-repeat":"repeat","background-position":"center center","background-size":"auto","background-attachment":"scroll","background-type":"","background-media":"","overlay-type":"","overlay-color":"","overlay-opacity":"","overlay-gradient":""}},"_joinchat":[]},"product_brand":[],"product_cat":[17],"product_tag":[],"class_list":{"0":"post-17","1":"product","2":"type-product","3":"status-publish","4":"has-post-thumbnail","6":"product_cat-marihuana","7":"desktop-align-left","8":"tablet-align-left","9":"mobile-align-left","10":"ast-product-gallery-layout-horizontal-slider","11":"ast-product-gallery-with-no-image","12":"ast-product-single-variable","13":"ast-product-tabs-layout-horizontal","15":"first","16":"instock","17":"shipping-taxable","18":"purchasable","19":"product-type-variable"},"yoast_head":"<!-- This site is optimized with the Yoast SEO plugin v22.6 - https:\/\/yoast.com\/wordpress\/plugins\/seo\/ -->\n<title>Koupit jable\u010dn\u00fd l\u00edvanec online \u2013 jable\u010dn\u00fd l\u00edvanec na prodej<\/title>\n<meta name=\"description\" content=\"Va\u0161e objedn\u00e1vka Apple Fritter k prodeji je na\u0161\u00ed zodpov\u011bdnost\u00ed. Va\u0161i objedn\u00e1vku na n\u00e1kup Apple Fritter vezmeme v \u00favahu a v kr\u00e1tk\u00e9 dob\u011b v\u00e1s zastihneme. Zad\u00e1vejte hromadn\u00e9 objedn\u00e1vky nyn\u00ed!\" \/>\n<meta name=\"robots\" content=\"index, follow, max-snippet:-1, max-image-preview:large, max-video-preview:-1\" \/>\n<link rel=\"canonical\" href=\"https:\/\/koupitmarihuanu.com\/pt\/produto\/maca-frita\/\" \/>\n<meta property=\"og:locale\" content=\"pt_PT\" \/>\n<meta property=\"og:type\" content=\"article\" \/>\n<meta property=\"og:title\" content=\"Koupit jable\u010dn\u00fd l\u00edvanec online \u2013 jable\u010dn\u00fd l\u00edvanec na prodej\" \/>\n<meta property=\"og:description\" content=\"Va\u0161e objedn\u00e1vka Apple Fritter k prodeji je na\u0161\u00ed zodpov\u011bdnost\u00ed. Va\u0161i objedn\u00e1vku na n\u00e1kup Apple Fritter vezmeme v \u00favahu a v kr\u00e1tk\u00e9 dob\u011b v\u00e1s zastihneme. Zad\u00e1vejte hromadn\u00e9 objedn\u00e1vky nyn\u00ed!\" \/>\n<meta property=\"og:url\" content=\"https:\/\/koupitmarihuanu.com\/pt\/produto\/maca-frita\/\" \/>\n<meta property=\"og:site_name\" content=\"Koupit Marihuanu\" \/>\n<meta property=\"article:modified_time\" content=\"2026-02-18T09:50:32+00:00\" \/>\n<meta property=\"og:image\" content=\"https:\/\/koupitmarihuanu.com\/wp-content\/uploads\/2023\/12\/APPLE-FRITTER.jpg\" \/>\n\t<meta property=\"og:image:width\" content=\"600\" \/>\n\t<meta property=\"og:image:height\" content=\"600\" \/>\n\t<meta property=\"og:image:type\" content=\"image\/jpeg\" \/>\n<meta name=\"twitter:card\" content=\"summary_large_image\" \/>\n<meta name=\"twitter:label1\" content=\"Tempo estimado de leitura\" \/>\n\t<meta name=\"twitter:data1\" content=\"4 minutos\" \/>\n<script type=\"application\/ld+json\" class=\"yoast-schema-graph\">{\"@context\":\"https:\/\/schema.org\",\"@graph\":[{\"@type\":\"WebPage\",\"@id\":\"https:\/\/koupitmarihuanu.com\/produkt\/apple-fritter\/\",\"url\":\"https:\/\/koupitmarihuanu.com\/produkt\/apple-fritter\/\",\"name\":\"Koupit jable\u010dn\u00fd l\u00edvanec online \u2013 jable\u010dn\u00fd l\u00edvanec na prodej\",\"isPartOf\":{\"@id\":\"https:\/\/koupitmarihuanu.com\/#website\"},\"primaryImageOfPage\":{\"@id\":\"https:\/\/koupitmarihuanu.com\/produkt\/apple-fritter\/#primaryimage\"},\"image\":{\"@id\":\"https:\/\/koupitmarihuanu.com\/produkt\/apple-fritter\/#primaryimage\"},\"thumbnailUrl\":\"https:\/\/koupitmarihuanu.com\/wp-content\/uploads\/2023\/12\/APPLE-FRITTER.jpg\",\"datePublished\":\"2023-12-26T07:28:54+00:00\",\"dateModified\":\"2026-02-18T09:50:32+00:00\",\"description\":\"Va\u0161e objedn\u00e1vka Apple Fritter k prodeji je na\u0161\u00ed zodpov\u011bdnost\u00ed. Va\u0161i objedn\u00e1vku na n\u00e1kup Apple Fritter vezmeme v \u00favahu a v kr\u00e1tk\u00e9 dob\u011b v\u00e1s zastihneme. Zad\u00e1vejte hromadn\u00e9 objedn\u00e1vky nyn\u00ed!\",\"breadcrumb\":{\"@id\":\"https:\/\/koupitmarihuanu.com\/produkt\/apple-fritter\/#breadcrumb\"},\"inLanguage\":\"pt-PT\",\"potentialAction\":[{\"@type\":\"ReadAction\",\"target\":[\"https:\/\/koupitmarihuanu.com\/produkt\/apple-fritter\/\"]}]},{\"@type\":\"ImageObject\",\"inLanguage\":\"pt-PT\",\"@id\":\"https:\/\/koupitmarihuanu.com\/produkt\/apple-fritter\/#primaryimage\",\"url\":\"https:\/\/koupitmarihuanu.com\/wp-content\/uploads\/2023\/12\/APPLE-FRITTER.jpg\",\"contentUrl\":\"https:\/\/koupitmarihuanu.com\/wp-content\/uploads\/2023\/12\/APPLE-FRITTER.jpg\",\"width\":600,\"height\":600,\"caption\":\"Koupit APPLE-FRITTER Online\"},{\"@type\":\"BreadcrumbList\",\"@id\":\"https:\/\/koupitmarihuanu.com\/produkt\/apple-fritter\/#breadcrumb\",\"itemListElement\":[{\"@type\":\"ListItem\",\"position\":1,\"name\":\"Home\",\"item\":\"https:\/\/koupitmarihuanu.com\/\"},{\"@type\":\"ListItem\",\"position\":2,\"name\":\"Prodejna\",\"item\":\"https:\/\/koupitmarihuanu.com\/prodejna\/\"},{\"@type\":\"ListItem\",\"position\":3,\"name\":\"Apple Fritter\"}]},{\"@type\":\"WebSite\",\"@id\":\"https:\/\/koupitmarihuanu.com\/#website\",\"url\":\"https:\/\/koupitmarihuanu.com\/\",\"name\":\"Koupit Marihuanu\",\"description\":\"My WordPress Blog\",\"publisher\":{\"@id\":\"https:\/\/koupitmarihuanu.com\/#organization\"},\"potentialAction\":[{\"@type\":\"SearchAction\",\"target\":{\"@type\":\"EntryPoint\",\"urlTemplate\":\"https:\/\/koupitmarihuanu.com\/?s={search_term_string}\"},\"query-input\":\"required name=search_term_string\"}],\"inLanguage\":\"pt-PT\"},{\"@type\":\"Organization\",\"@id\":\"https:\/\/koupitmarihuanu.com\/#organization\",\"name\":\"Koupit Marihuanu\",\"url\":\"https:\/\/koupitmarihuanu.com\/\",\"logo\":{\"@type\":\"ImageObject\",\"inLanguage\":\"pt-PT\",\"@id\":\"https:\/\/koupitmarihuanu.com\/#\/schema\/logo\/image\/\",\"url\":\"https:\/\/koupitmarihuanu.com\/wp-content\/uploads\/2024\/01\/black-logo.png\",\"contentUrl\":\"https:\/\/koupitmarihuanu.com\/wp-content\/uploads\/2024\/01\/black-logo.png\",\"width\":300,\"height\":63,\"caption\":\"Koupit Marihuanu\"},\"image\":{\"@id\":\"https:\/\/koupitmarihuanu.com\/#\/schema\/logo\/image\/\"}}]}<\/script>\n<!-- \/ Yoast SEO plugin. -->","yoast_head_json":{"title":"Comprar Apple Fritter online - Apple Fritter em promo\u00e7\u00e3o","description":"O seu pedido de venda de Apple Fritter \u00e9 da nossa responsabilidade. Consideraremos o seu pedido de compra do Apple Fritter e entraremos em contacto consigo em breve. Fa\u00e7a j\u00e1 encomendas em grandes quantidades!","robots":{"index":"index","follow":"follow","max-snippet":"max-snippet:-1","max-image-preview":"max-image-preview:large","max-video-preview":"max-video-preview:-1"},"canonical":"https:\/\/koupitmarihuanu.com\/pt\/produto\/maca-frita\/","og_locale":"pt_PT","og_type":"article","og_title":"Koupit jable\u010dn\u00fd l\u00edvanec online \u2013 jable\u010dn\u00fd l\u00edvanec na prodej","og_description":"Va\u0161e objedn\u00e1vka Apple Fritter k prodeji je na\u0161\u00ed zodpov\u011bdnost\u00ed. Va\u0161i objedn\u00e1vku na n\u00e1kup Apple Fritter vezmeme v \u00favahu a v kr\u00e1tk\u00e9 dob\u011b v\u00e1s zastihneme. Zad\u00e1vejte hromadn\u00e9 objedn\u00e1vky nyn\u00ed!","og_url":"https:\/\/koupitmarihuanu.com\/pt\/produto\/maca-frita\/","og_site_name":"Koupit Marihuanu","article_modified_time":"2026-02-18T09:50:32+00:00","og_image":[{"width":600,"height":600,"url":"https:\/\/koupitmarihuanu.com\/wp-content\/uploads\/2023\/12\/APPLE-FRITTER.jpg","type":"image\/jpeg"}],"twitter_card":"summary_large_image","twitter_misc":{"Tempo estimado de leitura":"4 minutos"},"schema":{"@context":"https:\/\/schema.org","@graph":[{"@type":"WebPage","@id":"https:\/\/koupitmarihuanu.com\/produkt\/apple-fritter\/","url":"https:\/\/koupitmarihuanu.com\/produkt\/apple-fritter\/","name":"Comprar Apple Fritter online - Apple Fritter em promo\u00e7\u00e3o","isPartOf":{"@id":"https:\/\/koupitmarihuanu.com\/#website"},"primaryImageOfPage":{"@id":"https:\/\/koupitmarihuanu.com\/produkt\/apple-fritter\/#primaryimage"},"image":{"@id":"https:\/\/koupitmarihuanu.com\/produkt\/apple-fritter\/#primaryimage"},"thumbnailUrl":"https:\/\/koupitmarihuanu.com\/wp-content\/uploads\/2023\/12\/APPLE-FRITTER.jpg","datePublished":"2023-12-26T07:28:54+00:00","dateModified":"2026-02-18T09:50:32+00:00","description":"O seu pedido de venda de Apple Fritter \u00e9 da nossa responsabilidade. Consideraremos o seu pedido de compra do Apple Fritter e entraremos em contacto consigo em breve. Fa\u00e7a j\u00e1 encomendas em grandes quantidades!","breadcrumb":{"@id":"https:\/\/koupitmarihuanu.com\/produkt\/apple-fritter\/#breadcrumb"},"inLanguage":"pt-PT","potentialAction":[{"@type":"ReadAction","target":["https:\/\/koupitmarihuanu.com\/produkt\/apple-fritter\/"]}]},{"@type":"ImageObject","inLanguage":"pt-PT","@id":"https:\/\/koupitmarihuanu.com\/produkt\/apple-fritter\/#primaryimage","url":"https:\/\/koupitmarihuanu.com\/wp-content\/uploads\/2023\/12\/APPLE-FRITTER.jpg","contentUrl":"https:\/\/koupitmarihuanu.com\/wp-content\/uploads\/2023\/12\/APPLE-FRITTER.jpg","width":600,"height":600,"caption":"Koupit APPLE-FRITTER Online"},{"@type":"BreadcrumbList","@id":"https:\/\/koupitmarihuanu.com\/produkt\/apple-fritter\/#breadcrumb","itemListElement":[{"@type":"ListItem","position":1,"name":"Home","item":"https:\/\/koupitmarihuanu.com\/"},{"@type":"ListItem","position":2,"name":"Prodejna","item":"https:\/\/koupitmarihuanu.com\/prodejna\/"},{"@type":"ListItem","position":3,"name":"Apple Fritter"}]},{"@type":"WebSite","@id":"https:\/\/koupitmarihuanu.com\/#website","url":"https:\/\/koupitmarihuanu.com\/","name":"Comprar marijuana","description":"O meu blogue WordPress","publisher":{"@id":"https:\/\/koupitmarihuanu.com\/#organization"},"potentialAction":[{"@type":"SearchAction","target":{"@type":"EntryPoint","urlTemplate":"https:\/\/koupitmarihuanu.com\/?s={search_term_string}"},"query-input":"required name=search_term_string"}],"inLanguage":"pt-PT"},{"@type":"Organization","@id":"https:\/\/koupitmarihuanu.com\/#organization","name":"Comprar marijuana","url":"https:\/\/koupitmarihuanu.com\/","logo":{"@type":"ImageObject","inLanguage":"pt-PT","@id":"https:\/\/koupitmarihuanu.com\/#\/schema\/logo\/image\/","url":"https:\/\/koupitmarihuanu.com\/wp-content\/uploads\/2024\/01\/black-logo.png","contentUrl":"https:\/\/koupitmarihuanu.com\/wp-content\/uploads\/2024\/01\/black-logo.png","width":300,"height":63,"caption":"Koupit Marihuanu"},"image":{"@id":"https:\/\/koupitmarihuanu.com\/#\/schema\/logo\/image\/"}}]}},"_links":{"self":[{"href":"https:\/\/koupitmarihuanu.com\/pt\/wp-json\/wp\/v2\/product\/17","targetHints":{"allow":["GET"]}}],"collection":[{"href":"https:\/\/koupitmarihuanu.com\/pt\/wp-json\/wp\/v2\/product"}],"about":[{"href":"https:\/\/koupitmarihuanu.com\/pt\/wp-json\/wp\/v2\/types\/product"}],"replies":[{"embeddable":true,"href":"https:\/\/koupitmarihuanu.com\/pt\/wp-json\/wp\/v2\/comments?post=17"}],"wp:featuredmedia":[{"embeddable":true,"href":"https:\/\/koupitmarihuanu.com\/pt\/wp-json\/wp\/v2\/media\/1200"}],"wp:attachment":[{"href":"https:\/\/koupitmarihuanu.com\/pt\/wp-json\/wp\/v2\/media?parent=17"}],"wp:term":[{"taxonomy":"product_brand","embeddable":true,"href":"https:\/\/koupitmarihuanu.com\/pt\/wp-json\/wp\/v2\/product_brand?post=17"},{"taxonomy":"product_cat","embeddable":true,"href":"https:\/\/koupitmarihuanu.com\/pt\/wp-json\/wp\/v2\/product_cat?post=17"},{"taxonomy":"product_tag","embeddable":true,"href":"https:\/\/koupitmarihuanu.com\/pt\/wp-json\/wp\/v2\/product_tag?post=17"}],"curies":[{"name":"wp","href":"https:\/\/api.w.org\/{rel}","templated":true}]}}