{"id":15,"date":"2023-12-26T07:28:54","date_gmt":"2023-12-26T07:28:54","guid":{"rendered":"https:\/\/cannasmed.com\/herbe\/?post_type=product&#038;p=15"},"modified":"2026-02-19T06:13:55","modified_gmt":"2026-02-19T06:13:55","slug":"pop-rox","status":"publish","type":"product","link":"https:\/\/koupitmarihuanu.com\/pt\/produkt\/pop-rox\/","title":{"rendered":"Pop Rox"},"content":{"rendered":"<h2>Kupte si Pop Rox online<\/h2>\n<h3>Co je KOUPIT Pop Rox online?<\/h3>\n<p>Kdy\u017e lid\u00e9 hledaj\u00ed \u201e<a href=\"https:\/\/koupitmarihuanu.com\/pt\/produto\/pop-rox\/\">Koupit Pop Rox online<\/a>\u201c, obvykle t\u00edm mysl\u00ed n\u00e1kup produktu s n\u00e1zvem Pop Rox p\u0159es internet. V mnoha kontextech se \u201ePop Rox\u201c m\u016f\u017ee vztahovat na polo\u017eky jako Pop Rocks jahoda 9,5 g, Pop Rocks \u017ev\u00fdka\u010dka 10,5 g, Pop Rocks hrozno nebo hromadn\u00e1 balen\u00ed jako Pop Rocks (108 balen\u00ed) &#8211; hromadn\u011b 108 jednotliv\u011b balen\u00fdch s\u00e1\u010dk\u016f, kter\u00e9 se prod\u00e1vaj\u00ed jako praskav\u00e9 bonb\u00f3ny. Objedn\u00e1n\u00ed Pop Rox online znamen\u00e1, \u017ee si m\u016f\u017eete vybrat produkty online, zkontrolovat cenu Pop Roxu v akci, vybrat po\u017eadovan\u00e9 mo\u017enosti a dokon\u010dit n\u00e1kup n\u011bkolika kliknut\u00edmi.<\/p>\n<p>Proces online n\u00e1kupu usnad\u0148uje porovn\u00e1n\u00ed druh\u016f, nalezen\u00ed nejlep\u0161\u00ed nab\u00eddky a doru\u010den\u00ed polo\u017eky na va\u0161i adresu. A\u0165 u\u017e hled\u00e1te bonb\u00f3ny nebo d\u00e1rkov\u00e9 bal\u00ed\u010dky, objedn\u00e1n\u00ed Pop Rox online \u0161et\u0159\u00ed \u010das a poskytuje v\u00e1m pohodln\u00fd zp\u016fsob, jak produkt z\u00edskat bez n\u00e1v\u0161t\u011bvy kamenn\u00e9 prodejny.<\/p>\n<h3>Nejlep\u0161\u00ed vyu\u017eit\u00ed a v\u00fdhody online n\u00e1kupu Pop Rox<\/h3>\n<p><strong>Pou\u017eit\u00ed<\/strong><br \/>\nPojem \u201ekoupit Pop Rox online\u201c se m\u016f\u017ee vztahovat k n\u011bkolika \u00fa\u010del\u016fm:<br \/>\n\u2022 N\u00e1kup sladkost\u00ed, jako jsou produkty Pop Rocks, na ve\u010d\u00edrky, d\u00e1rky nebo speci\u00e1ln\u00ed ud\u00e1losti.<br \/>\n\u2022 N\u00e1kup sb\u011bratelsk\u00fdch nebo neobvykl\u00fdch variant praskaj\u00edc\u00edch bonbon\u016f.<br \/>\n\u2022 N\u00e1kup ve velk\u00e9m pro dal\u0161\u00ed prodej nebo skupinov\u00e9 akce.<\/p>\n<p><strong>V\u00fdhody<\/strong><br \/>\nObjedn\u00e1vka Pop Rox online m\u00e1 n\u011bkolik kl\u00ed\u010dov\u00fdch v\u00fdhod oproti osobn\u00edmu n\u00e1kupu:<br \/>\n\u2022 M\u00e1te p\u0159\u00edstup k \u0161irok\u00e9mu v\u00fdb\u011bru produkt\u016f, kter\u00e9 nemus\u00ed b\u00fdt k dispozici v m\u00edst\u011b prodeje.<br \/>\n\u2022 M\u016f\u017eete snadno porovnat ceny Pop Roxu v prodeji od r\u016fzn\u00fdch prodejc\u016f.<br \/>\n\u2022 Online objedn\u00e1v\u00e1n\u00ed v\u00e1m umo\u017e\u0148uje nakupovat kdykoli, ve dne i v noci.<br \/>\n\u2022 Pokud to pot\u0159ebujete rychle, m\u016f\u017eete si vybrat doru\u010den\u00ed dom\u016f nebo expresn\u00ed doru\u010den\u00ed.<br \/>\n\u2022 Recenze a hodnocen\u00ed od ostatn\u00edch kupuj\u00edc\u00edch v\u00e1m pomohou rozhodnout se, co koupit Pop Rox online zodpov\u011bdn\u011b.<\/p>\n<p>Mo\u017enost proch\u00e1zet mnoho prodejc\u016f na jednom m\u00edst\u011b d\u011bl\u00e1 z online nakupov\u00e1n\u00ed praktick\u00fd zp\u016fsob, jak naj\u00edt p\u0159esn\u011b to, co chcete, s transparentn\u00edmi cenami.<\/p>\n<h3>Pro\u010d nakupovat Pop Rox online na koupitmarihuanu.com?<\/h3>\n<p>Pokud v\u00e1s zaj\u00edm\u00e1, kde koupit Pop Rox?, <a href=\"https:\/\/koupitmarihuanu.com\/pt\/\">koupitmarihuanu.com<\/a> je zde zv\u00fdrazn\u011bna jako centr\u00e1ln\u00ed platforma pro online n\u00e1kup Pop Rox. N\u00e1kup z t\u00e9to str\u00e1nky m\u016f\u017ee nab\u00eddnout n\u011bkolik v\u00fdhod:<\/p>\n<p>\u2022 \u0160irok\u00fd sortiment: Na jednom m\u00edst\u011b najdete r\u016fzn\u00e9 druhy Pop Rox a souvisej\u00edc\u00ed zbo\u017e\u00ed k prodeji.<\/p>\n<p>\u2022 Jasn\u00e9 ceny: Str\u00e1nky zobrazuj\u00ed cenu Pop Rox k prodeji, tak\u017ee si m\u016f\u017eete vybrat podle sv\u00e9ho rozpo\u010dtu.<\/p>\n<p>\u2022 Bezpe\u010dn\u00e9 objedn\u00e1v\u00e1n\u00ed: Pop Rox si m\u016f\u017eete bezpe\u010dn\u011b koupit online pomoc\u00ed zabezpe\u010den\u00fdch platebn\u00edch metod.<\/p>\n<p>\u2022 Pohodl\u00ed: Nemus\u00edte nav\u0161t\u011bvovat prodejnu; jednodu\u0161e zadejte objedn\u00e1vku a produkt bude doru\u010den.<\/p>\n<p>\u2022 Z\u00e1kaznick\u00e1 podpora: Pokud m\u00e1te dotazy ohledn\u011b va\u0161\u00ed objedn\u00e1vky nebo doru\u010den\u00ed, je k dispozici pomoc.<\/p>\n<p>Koupitmarihuanu.com se prezentuje jako nejlep\u0161\u00ed m\u00edsto pro online n\u00e1kup Pop Rox, proto\u017ee zjednodu\u0161uje online nakupov\u00e1n\u00ed a poskytuje d\u016fv\u011bryhodn\u00e9 prost\u0159ed\u00ed pro dokon\u010den\u00ed n\u00e1kupu.<\/p>\n<h3>Jak si u n\u00e1s objednat Pop Rox online<\/h3>\n<p>Chcete-li si objednat Pop Rox online na koupitmarihuanu.com, postupujte podle t\u011bchto z\u00e1kladn\u00edch krok\u016f:<\/p>\n<p>1. Nav\u0161tivte webov\u00e9 str\u00e1nky a pomoc\u00ed funkce vyhled\u00e1v\u00e1n\u00ed vyhledejte produkty \u201ePop Rox\u201c, kter\u00e9 jsou k dispozici k prodeji.<\/p>\n<p>2. Prohl\u00e9dn\u011bte si r\u016fzn\u00e9 mo\u017enosti a porovnejte cenu Pop Roxu v prodeji.<\/p>\n<p>3. Klikn\u011bte na produkt, u kter\u00e9ho chcete koupit Pop Rox online, a p\u0159idejte jej do ko\u0161\u00edku.<\/p>\n<p>4. Pokra\u010dujte k pokladn\u011b a zadejte sv\u00e9 dodac\u00ed a faktura\u010dn\u00ed \u00fadaje.<\/p>\n<p>5. Vyberte preferovan\u00fd zp\u016fsob platby a dokon\u010dete n\u00e1kup.<\/p>\n<p>6. Po zaplacen\u00ed obdr\u017e\u00edte potvrzen\u00ed a informace o sledov\u00e1n\u00ed.<\/p>\n<p>Tento proces usnad\u0148uje odesl\u00e1n\u00ed objedn\u00e1vky, i kdy\u017e jste v online nakupov\u00e1n\u00ed nov\u00e1\u010dkem. Struktura platformy v\u00e1s provede ka\u017ed\u00fdm krokem, tak\u017ee si m\u016f\u017eete s jistotou objednat <a href=\"https:\/\/en.wikipedia.org\/wiki\/Pop_Rocks\">Pop Rox<\/a> online a zbo\u017e\u00ed obdr\u017eet na svou adresu.<\/p>\n<h3>\u010casto kladen\u00e9 ot\u00e1zky (FAQ)<\/h3>\n<p><strong>1. Co je Pop Rox?<\/strong><\/p>\n<p>\u201ePop Rox\u201c se \u010dasto vztahuje na praskav\u00e9 bonb\u00f3ny, jako jsou ty, kter\u00e9 jsou k dispozici v r\u016fzn\u00fdch p\u0159\u00edchut\u00edch, kter\u00e9 m\u016f\u017eete naj\u00edt k prodeji online. Tyto produkty jsou obl\u00edben\u00e9 pro jejich praskav\u00fd a lupav\u00fd pocit p\u0159i konzumaci.<\/p>\n<p><strong>\u00a02. Kde koupit Pop Rox?<\/strong><\/p>\n<p>Produkty Pop Rox najdete na e-shopech a ve specializovan\u00fdch cukr\u00e1rn\u00e1ch, kter\u00e9 je nab\u00edzej\u00ed k prodeji. Webov\u00e9 str\u00e1nky, kter\u00e9 v\u00e1m umo\u017e\u0148uj\u00ed koupit Pop Rox online, v\u00e1m usnadn\u00ed doru\u010den\u00ed a\u017e dom\u016f.<\/p>\n<p><strong>\u00a0 \u00a0 3. Je snadn\u00e9 si Pop Rox objednat online?<\/strong><\/p>\n<p>Ano, objedn\u00e1v\u00e1n\u00ed je obvykle jednoduch\u00e9. Vyhled\u00e1te produkt, zkontrolujete cenu Pop Roxu v akci, p\u0159id\u00e1te jej do ko\u0161\u00edku a dokon\u010d\u00edte platbu pomoc\u00ed zabezpe\u010den\u00e9 platebn\u00ed metody.<\/p>\n<p><strong> 4. Mohu si p\u0159ed n\u00e1kupem porovnat ceny?<\/strong><\/p>\n<p>Ano, jednou z v\u00fdhod online nakupov\u00e1n\u00ed je porovn\u00e1n\u00ed cen od r\u016fzn\u00fdch prodejc\u016f p\u0159ed online n\u00e1kupem Pop Roxu. To v\u00e1m pom\u016f\u017ee naj\u00edt nejlep\u0161\u00ed dostupnou nab\u00eddku.<\/p>\n<p><strong>5. Je online n\u00e1kup bezpe\u010dn\u00fd?<\/strong><\/p>\n<p>Renomovan\u00e9 str\u00e1nky poskytuj\u00ed bezpe\u010dn\u00e9 platebn\u00ed mo\u017enosti se \u0161ifrovan\u00fdmi procesy platby, tak\u017ee si m\u016f\u017eete Pop Rox bezpe\u010dn\u011b objednat online, ani\u017e byste museli sd\u011blovat sv\u00e9 finan\u010dn\u00ed \u00fadaje.<\/p>\n<p><strong>\u00a0 \u00a06. Jsou k dispozici hromadn\u00e9 mo\u017enosti?<\/strong><\/p>\n<p>Ano, mnoho online obchod\u016f nab\u00edz\u00ed v\u011bt\u0161\u00ed balen\u00ed praskaj\u00edc\u00edch bonbon\u016f, nap\u0159\u00edklad hromadn\u00e1 balen\u00ed, kter\u00e1 jsou ide\u00e1ln\u00ed pro ve\u010d\u00edrky nebo pro \u00fa\u010dely dal\u0161\u00edho prodeje.<\/p>","protected":false},"excerpt":{"rendered":"<p>Kupte si Pop Rox online Co je KOUPIT Pop Rox online? Kdy\u017e lid\u00e9 hledaj\u00ed \u201eKoupit Pop Rox online\u201c, obvykle t\u00edm mysl\u00ed n\u00e1kup produktu s n\u00e1zvem Pop Rox p\u0159es internet. V mnoha kontextech se \u201ePop Rox\u201c m\u016f\u017ee vztahovat na polo\u017eky jako Pop Rocks jahoda 9,5 g, Pop Rocks \u017ev\u00fdka\u010dka 10,5 g, Pop Rocks hrozno nebo hromadn\u00e1 [&hellip;]<\/p>\n","protected":false},"featured_media":1204,"comment_status":"open","ping_status":"closed","template":"","meta":{"site-sidebar-layout":"default","site-content-layout":"","ast-site-content-layout":"default","site-content-style":"default","site-sidebar-style":"default","ast-global-header-display":"","ast-banner-title-visibility":"","ast-main-header-display":"","ast-hfb-above-header-display":"","ast-hfb-below-header-display":"","ast-hfb-mobile-header-display":"","site-post-title":"","ast-breadcrumbs-content":"","ast-featured-img":"","footer-sml-layout":"","ast-disable-related-posts":"","theme-transparent-header-meta":"default","adv-header-id-meta":"","stick-header-meta":"default","header-above-stick-meta":"","header-main-stick-meta":"","header-below-stick-meta":"","astra-migrate-meta-layouts":"set","ast-page-background-enabled":"default","ast-page-background-meta":{"desktop":{"background-color":"var(--ast-global-color-4)","background-image":"","background-repeat":"repeat","background-position":"center center","background-size":"auto","background-attachment":"scroll","background-type":"","background-media":"","overlay-type":"","overlay-color":"","overlay-opacity":"","overlay-gradient":""},"tablet":{"background-color":"","background-image":"","background-repeat":"repeat","background-position":"center center","background-size":"auto","background-attachment":"scroll","background-type":"","background-media":"","overlay-type":"","overlay-color":"","overlay-opacity":"","overlay-gradient":""},"mobile":{"background-color":"","background-image":"","background-repeat":"repeat","background-position":"center center","background-size":"auto","background-attachment":"scroll","background-type":"","background-media":"","overlay-type":"","overlay-color":"","overlay-opacity":"","overlay-gradient":""}},"ast-content-background-meta":{"desktop":{"background-color":"var(--ast-global-color-5)","background-image":"","background-repeat":"repeat","background-position":"center center","background-size":"auto","background-attachment":"scroll","background-type":"","background-media":"","overlay-type":"","overlay-color":"","overlay-opacity":"","overlay-gradient":""},"tablet":{"background-color":"var(--ast-global-color-5)","background-image":"","background-repeat":"repeat","background-position":"center center","background-size":"auto","background-attachment":"scroll","background-type":"","background-media":"","overlay-type":"","overlay-color":"","overlay-opacity":"","overlay-gradient":""},"mobile":{"background-color":"var(--ast-global-color-5)","background-image":"","background-repeat":"repeat","background-position":"center center","background-size":"auto","background-attachment":"scroll","background-type":"","background-media":"","overlay-type":"","overlay-color":"","overlay-opacity":"","overlay-gradient":""}},"_joinchat":[]},"product_brand":[],"product_cat":[17],"product_tag":[],"class_list":{"0":"post-15","1":"product","2":"type-product","3":"status-publish","4":"has-post-thumbnail","6":"product_cat-marihuana","7":"desktop-align-left","8":"tablet-align-left","9":"mobile-align-left","10":"ast-product-gallery-layout-horizontal-slider","11":"ast-product-gallery-with-no-image","12":"ast-product-single-variable","13":"ast-product-tabs-layout-horizontal","15":"first","16":"instock","17":"shipping-taxable","18":"purchasable","19":"product-type-variable"},"yoast_head":"<!-- This site is optimized with the Yoast SEO plugin v22.6 - https:\/\/yoast.com\/wordpress\/plugins\/seo\/ -->\n<title>Koupit Pop Rox online \u2013 Pop Rox na prodej<\/title>\n<meta name=\"description\" content=\"Pop Rox na prodej je nyn\u00ed snadno dostupn\u00fd v na\u0161em internetov\u00e9m obchod\u011b. M\u016f\u017eete se spojit p\u0159\u00edmo s na\u0161\u00edm chemick\u00fdm obchodem a koupit Pop Rox online za nejlep\u0161\u00ed ceny.\" \/>\n<meta name=\"robots\" content=\"index, follow, max-snippet:-1, max-image-preview:large, max-video-preview:-1\" \/>\n<link rel=\"canonical\" href=\"https:\/\/koupitmarihuanu.com\/pt\/produto\/pop-rox\/\" \/>\n<meta property=\"og:locale\" content=\"pt_PT\" \/>\n<meta property=\"og:type\" content=\"article\" \/>\n<meta property=\"og:title\" content=\"Koupit Pop Rox online \u2013 Pop Rox na prodej\" \/>\n<meta property=\"og:description\" content=\"Pop Rox na prodej je nyn\u00ed snadno dostupn\u00fd v na\u0161em internetov\u00e9m obchod\u011b. M\u016f\u017eete se spojit p\u0159\u00edmo s na\u0161\u00edm chemick\u00fdm obchodem a koupit Pop Rox online za nejlep\u0161\u00ed ceny.\" \/>\n<meta property=\"og:url\" content=\"https:\/\/koupitmarihuanu.com\/pt\/produto\/pop-rox\/\" \/>\n<meta property=\"og:site_name\" content=\"Koupit Marihuanu\" \/>\n<meta property=\"article:modified_time\" content=\"2026-02-19T06:13:55+00:00\" \/>\n<meta property=\"og:image\" content=\"https:\/\/koupitmarihuanu.com\/wp-content\/uploads\/2023\/12\/POP-ROX.jpg\" \/>\n\t<meta property=\"og:image:width\" content=\"600\" \/>\n\t<meta property=\"og:image:height\" content=\"600\" \/>\n\t<meta property=\"og:image:type\" content=\"image\/jpeg\" \/>\n<meta name=\"twitter:card\" content=\"summary_large_image\" \/>\n<meta name=\"twitter:label1\" content=\"Tempo estimado de leitura\" \/>\n\t<meta name=\"twitter:data1\" content=\"4 minutos\" \/>\n<script type=\"application\/ld+json\" class=\"yoast-schema-graph\">{\"@context\":\"https:\/\/schema.org\",\"@graph\":[{\"@type\":\"WebPage\",\"@id\":\"https:\/\/koupitmarihuanu.com\/produkt\/pop-rox\/\",\"url\":\"https:\/\/koupitmarihuanu.com\/produkt\/pop-rox\/\",\"name\":\"Koupit Pop Rox online \u2013 Pop Rox na prodej\",\"isPartOf\":{\"@id\":\"https:\/\/koupitmarihuanu.com\/#website\"},\"primaryImageOfPage\":{\"@id\":\"https:\/\/koupitmarihuanu.com\/produkt\/pop-rox\/#primaryimage\"},\"image\":{\"@id\":\"https:\/\/koupitmarihuanu.com\/produkt\/pop-rox\/#primaryimage\"},\"thumbnailUrl\":\"https:\/\/koupitmarihuanu.com\/wp-content\/uploads\/2023\/12\/POP-ROX.jpg\",\"datePublished\":\"2023-12-26T07:28:54+00:00\",\"dateModified\":\"2026-02-19T06:13:55+00:00\",\"description\":\"Pop Rox na prodej je nyn\u00ed snadno dostupn\u00fd v na\u0161em internetov\u00e9m obchod\u011b. M\u016f\u017eete se spojit p\u0159\u00edmo s na\u0161\u00edm chemick\u00fdm obchodem a koupit Pop Rox online za nejlep\u0161\u00ed ceny.\",\"breadcrumb\":{\"@id\":\"https:\/\/koupitmarihuanu.com\/produkt\/pop-rox\/#breadcrumb\"},\"inLanguage\":\"pt-PT\",\"potentialAction\":[{\"@type\":\"ReadAction\",\"target\":[\"https:\/\/koupitmarihuanu.com\/produkt\/pop-rox\/\"]}]},{\"@type\":\"ImageObject\",\"inLanguage\":\"pt-PT\",\"@id\":\"https:\/\/koupitmarihuanu.com\/produkt\/pop-rox\/#primaryimage\",\"url\":\"https:\/\/koupitmarihuanu.com\/wp-content\/uploads\/2023\/12\/POP-ROX.jpg\",\"contentUrl\":\"https:\/\/koupitmarihuanu.com\/wp-content\/uploads\/2023\/12\/POP-ROX.jpg\",\"width\":600,\"height\":600,\"caption\":\"Koupit POP-ROX Online\"},{\"@type\":\"BreadcrumbList\",\"@id\":\"https:\/\/koupitmarihuanu.com\/produkt\/pop-rox\/#breadcrumb\",\"itemListElement\":[{\"@type\":\"ListItem\",\"position\":1,\"name\":\"Home\",\"item\":\"https:\/\/koupitmarihuanu.com\/\"},{\"@type\":\"ListItem\",\"position\":2,\"name\":\"Prodejna\",\"item\":\"https:\/\/koupitmarihuanu.com\/prodejna\/\"},{\"@type\":\"ListItem\",\"position\":3,\"name\":\"Pop Rox\"}]},{\"@type\":\"WebSite\",\"@id\":\"https:\/\/koupitmarihuanu.com\/#website\",\"url\":\"https:\/\/koupitmarihuanu.com\/\",\"name\":\"Koupit Marihuanu\",\"description\":\"My WordPress Blog\",\"publisher\":{\"@id\":\"https:\/\/koupitmarihuanu.com\/#organization\"},\"potentialAction\":[{\"@type\":\"SearchAction\",\"target\":{\"@type\":\"EntryPoint\",\"urlTemplate\":\"https:\/\/koupitmarihuanu.com\/?s={search_term_string}\"},\"query-input\":\"required name=search_term_string\"}],\"inLanguage\":\"pt-PT\"},{\"@type\":\"Organization\",\"@id\":\"https:\/\/koupitmarihuanu.com\/#organization\",\"name\":\"Koupit Marihuanu\",\"url\":\"https:\/\/koupitmarihuanu.com\/\",\"logo\":{\"@type\":\"ImageObject\",\"inLanguage\":\"pt-PT\",\"@id\":\"https:\/\/koupitmarihuanu.com\/#\/schema\/logo\/image\/\",\"url\":\"https:\/\/koupitmarihuanu.com\/wp-content\/uploads\/2024\/01\/black-logo.png\",\"contentUrl\":\"https:\/\/koupitmarihuanu.com\/wp-content\/uploads\/2024\/01\/black-logo.png\",\"width\":300,\"height\":63,\"caption\":\"Koupit Marihuanu\"},\"image\":{\"@id\":\"https:\/\/koupitmarihuanu.com\/#\/schema\/logo\/image\/\"}}]}<\/script>\n<!-- \/ Yoast SEO plugin. -->","yoast_head_json":{"title":"Comprar Pop Rox Online - Pop Rox em promo\u00e7\u00e3o","description":"O Pop Rox em promo\u00e7\u00e3o j\u00e1 est\u00e1 dispon\u00edvel na nossa loja online. Pode ligar-se diretamente com a nossa farm\u00e1cia e comprar Pop Rox online aos melhores pre\u00e7os.","robots":{"index":"index","follow":"follow","max-snippet":"max-snippet:-1","max-image-preview":"max-image-preview:large","max-video-preview":"max-video-preview:-1"},"canonical":"https:\/\/koupitmarihuanu.com\/pt\/produto\/pop-rox\/","og_locale":"pt_PT","og_type":"article","og_title":"Koupit Pop Rox online \u2013 Pop Rox na prodej","og_description":"Pop Rox na prodej je nyn\u00ed snadno dostupn\u00fd v na\u0161em internetov\u00e9m obchod\u011b. M\u016f\u017eete se spojit p\u0159\u00edmo s na\u0161\u00edm chemick\u00fdm obchodem a koupit Pop Rox online za nejlep\u0161\u00ed ceny.","og_url":"https:\/\/koupitmarihuanu.com\/pt\/produto\/pop-rox\/","og_site_name":"Koupit Marihuanu","article_modified_time":"2026-02-19T06:13:55+00:00","og_image":[{"width":600,"height":600,"url":"https:\/\/koupitmarihuanu.com\/wp-content\/uploads\/2023\/12\/POP-ROX.jpg","type":"image\/jpeg"}],"twitter_card":"summary_large_image","twitter_misc":{"Tempo estimado de leitura":"4 minutos"},"schema":{"@context":"https:\/\/schema.org","@graph":[{"@type":"WebPage","@id":"https:\/\/koupitmarihuanu.com\/produkt\/pop-rox\/","url":"https:\/\/koupitmarihuanu.com\/produkt\/pop-rox\/","name":"Comprar Pop Rox Online - Pop Rox em promo\u00e7\u00e3o","isPartOf":{"@id":"https:\/\/koupitmarihuanu.com\/#website"},"primaryImageOfPage":{"@id":"https:\/\/koupitmarihuanu.com\/produkt\/pop-rox\/#primaryimage"},"image":{"@id":"https:\/\/koupitmarihuanu.com\/produkt\/pop-rox\/#primaryimage"},"thumbnailUrl":"https:\/\/koupitmarihuanu.com\/wp-content\/uploads\/2023\/12\/POP-ROX.jpg","datePublished":"2023-12-26T07:28:54+00:00","dateModified":"2026-02-19T06:13:55+00:00","description":"O Pop Rox em promo\u00e7\u00e3o j\u00e1 est\u00e1 dispon\u00edvel na nossa loja online. Pode ligar-se diretamente com a nossa farm\u00e1cia e comprar Pop Rox online aos melhores pre\u00e7os.","breadcrumb":{"@id":"https:\/\/koupitmarihuanu.com\/produkt\/pop-rox\/#breadcrumb"},"inLanguage":"pt-PT","potentialAction":[{"@type":"ReadAction","target":["https:\/\/koupitmarihuanu.com\/produkt\/pop-rox\/"]}]},{"@type":"ImageObject","inLanguage":"pt-PT","@id":"https:\/\/koupitmarihuanu.com\/produkt\/pop-rox\/#primaryimage","url":"https:\/\/koupitmarihuanu.com\/wp-content\/uploads\/2023\/12\/POP-ROX.jpg","contentUrl":"https:\/\/koupitmarihuanu.com\/wp-content\/uploads\/2023\/12\/POP-ROX.jpg","width":600,"height":600,"caption":"Koupit POP-ROX Online"},{"@type":"BreadcrumbList","@id":"https:\/\/koupitmarihuanu.com\/produkt\/pop-rox\/#breadcrumb","itemListElement":[{"@type":"ListItem","position":1,"name":"Home","item":"https:\/\/koupitmarihuanu.com\/"},{"@type":"ListItem","position":2,"name":"Prodejna","item":"https:\/\/koupitmarihuanu.com\/prodejna\/"},{"@type":"ListItem","position":3,"name":"Pop Rox"}]},{"@type":"WebSite","@id":"https:\/\/koupitmarihuanu.com\/#website","url":"https:\/\/koupitmarihuanu.com\/","name":"Comprar marijuana","description":"O meu blogue WordPress","publisher":{"@id":"https:\/\/koupitmarihuanu.com\/#organization"},"potentialAction":[{"@type":"SearchAction","target":{"@type":"EntryPoint","urlTemplate":"https:\/\/koupitmarihuanu.com\/?s={search_term_string}"},"query-input":"required name=search_term_string"}],"inLanguage":"pt-PT"},{"@type":"Organization","@id":"https:\/\/koupitmarihuanu.com\/#organization","name":"Comprar marijuana","url":"https:\/\/koupitmarihuanu.com\/","logo":{"@type":"ImageObject","inLanguage":"pt-PT","@id":"https:\/\/koupitmarihuanu.com\/#\/schema\/logo\/image\/","url":"https:\/\/koupitmarihuanu.com\/wp-content\/uploads\/2024\/01\/black-logo.png","contentUrl":"https:\/\/koupitmarihuanu.com\/wp-content\/uploads\/2024\/01\/black-logo.png","width":300,"height":63,"caption":"Koupit Marihuanu"},"image":{"@id":"https:\/\/koupitmarihuanu.com\/#\/schema\/logo\/image\/"}}]}},"_links":{"self":[{"href":"https:\/\/koupitmarihuanu.com\/pt\/wp-json\/wp\/v2\/product\/15","targetHints":{"allow":["GET"]}}],"collection":[{"href":"https:\/\/koupitmarihuanu.com\/pt\/wp-json\/wp\/v2\/product"}],"about":[{"href":"https:\/\/koupitmarihuanu.com\/pt\/wp-json\/wp\/v2\/types\/product"}],"replies":[{"embeddable":true,"href":"https:\/\/koupitmarihuanu.com\/pt\/wp-json\/wp\/v2\/comments?post=15"}],"wp:featuredmedia":[{"embeddable":true,"href":"https:\/\/koupitmarihuanu.com\/pt\/wp-json\/wp\/v2\/media\/1204"}],"wp:attachment":[{"href":"https:\/\/koupitmarihuanu.com\/pt\/wp-json\/wp\/v2\/media?parent=15"}],"wp:term":[{"taxonomy":"product_brand","embeddable":true,"href":"https:\/\/koupitmarihuanu.com\/pt\/wp-json\/wp\/v2\/product_brand?post=15"},{"taxonomy":"product_cat","embeddable":true,"href":"https:\/\/koupitmarihuanu.com\/pt\/wp-json\/wp\/v2\/product_cat?post=15"},{"taxonomy":"product_tag","embeddable":true,"href":"https:\/\/koupitmarihuanu.com\/pt\/wp-json\/wp\/v2\/product_tag?post=15"}],"curies":[{"name":"wp","href":"https:\/\/api.w.org\/{rel}","templated":true}]}}