{"id":101,"date":"2023-12-26T07:29:03","date_gmt":"2023-12-26T07:29:03","guid":{"rendered":"https:\/\/cannasmed.com\/herbe\/?post_type=product&#038;p=101"},"modified":"2026-02-18T09:52:32","modified_gmt":"2026-02-18T09:52:32","slug":"bubble-hash","status":"publish","type":"product","link":"https:\/\/koupitmarihuanu.com\/pt\/produkt\/bubble-hash\/","title":{"rendered":"Haxixe de bolhas"},"content":{"rendered":"<h2>Kupte si Bubble Hash online<\/h2>\n<p><a href=\"https:\/\/koupitmarihuanu.com\/pt\/produto\/bubble-hash\/\">Koupit bublinkov\u00fd ha\u0161i\u0161 online<\/a> ozna\u010duje n\u00e1kup bublinkov\u00e9ho ha\u0161i\u0161e, konopn\u00e9ho koncentr\u00e1tu, prost\u0159ednictv\u00edm internetov\u00fdch platforem, kde jsou konopn\u00e9 produkty leg\u00e1ln\u011b regulov\u00e1ny a povoleny. Toto spojen\u00ed b\u011b\u017en\u011b vyhled\u00e1vaj\u00ed jednotlivci, kte\u0159\u00ed si cht\u011bj\u00ed p\u0159ed rozhodnut\u00edm prohl\u00e9dnout kvalitu produktu, porovnat jeho \u00fa\u010dinnost a vyhodnotit cenu. Mnoho spot\u0159ebitel\u016f pou\u017e\u00edv\u00e1 vyhled\u00e1vac\u00ed dotazy jako Koupit bublinkov\u00fd ha\u0161i\u0161 online nebo Kde koupit bublinkov\u00fd ha\u0161i\u0161? p\u0159i zkoum\u00e1n\u00ed dostupn\u00fdch mo\u017enost\u00ed na licencovan\u00fdch trz\u00edch.<\/p>\n<p>Bublinkov\u00fd ha\u0161i\u0161 je druh konopn\u00e9ho koncentr\u00e1tu vyroben\u00e9ho metodou extrakce ledovou vodou, kter\u00e1 odd\u011bluje trichomy od rostlinn\u00e9ho materi\u00e1lu. Tyto trichomy obsahuj\u00ed kanabinoidy, jako je THC a n\u011bkdy CBD, v z\u00e1vislosti na zdrojov\u00e9 rostlin\u011b. N\u00e1zev \u201ebublinkov\u00fd ha\u0161i\u0161\u201c poch\u00e1z\u00ed ze zp\u016fsobu, jak\u00fdm vysoce kvalitn\u00ed ha\u0161i\u0161 m\u016f\u017ee p\u0159i vystaven\u00ed teplu bublat kv\u016fli obsahu prysky\u0159ice. Kdy\u017e lid\u00e9 hledaj\u00ed Bublinkov\u00fd ha\u0161i\u0161 k prodeji, obvykle hledaj\u00ed rafinovan\u00fd produkt zn\u00e1m\u00fd svou \u010distotou, texturou a koncentrovan\u00fdm obsahem kanabinoid\u016f.<\/p>\n<p>Proto\u017ee bublinkov\u00fd ha\u0161i\u0161 je koncentrovan\u011bj\u0161\u00ed ne\u017e tradi\u010dn\u00ed konopn\u00fd kv\u011bt, m\u016f\u017ee m\u00edt siln\u011bj\u0161\u00ed \u00fa\u010dinky. Jeho textura se m\u016f\u017ee pohybovat od p\u00eds\u010dit\u00e9 a drobiv\u00e9 a\u017e po m\u011bkkou a poddajnou, v z\u00e1vislosti na v\u00fdrobn\u00edch metod\u00e1ch a kvalit\u011b. Ne\u017e se z\u00e1kazn\u00edci rozhodnou koupit Bubble Hash online, \u010dasto porovn\u00e1vaj\u00ed obsah kanabinoid\u016f a kontroluj\u00ed celkovou cenu Bubble Hash u r\u016fzn\u00fdch prodejc\u016f.<\/p>\n<h3>Co je Bubble Hash Online?<\/h3>\n<p>Bubble Hash Online ozna\u010duje dostupnost tohoto konopn\u00e9ho koncentr\u00e1tu prost\u0159ednictv\u00edm licencovan\u00fdch online v\u00fddejen nebo regulovan\u00fdch platforem pro maloobchodn\u00ed prodej konop\u00ed. M\u00edsto n\u00e1v\u0161t\u011bvy kamenn\u00e9 prodejny si z\u00e1kazn\u00edci mohou prohl\u00ed\u017eet seznamy produkt\u016f, \u010d\u00edst podrobn\u00e9 popisy a hodnotit Bubble Hash k prodeji prost\u0159ednictv\u00edm zabezpe\u010den\u00fdch webov\u00fdch str\u00e1nek. Fr\u00e1ze \u201eKoupit Bubble Hash online\u201c zd\u016fraz\u0148uje pohodl\u00ed a diskr\u00e9tnost spojenou s digit\u00e1ln\u00edm n\u00e1kupem, pokud je v souladu s m\u00edstn\u00edmi z\u00e1kony o konop\u00ed.<\/p>\n<p>Online prodejci mohou nab\u00edzet podrobnosti o produktu, jako jsou metody extrakce, procenta \u00fa\u010dinnosti, informace o laboratorn\u00edch testech a doporu\u010den\u00ed pro skladov\u00e1n\u00ed. P\u0159i hled\u00e1n\u00ed nejlep\u0161\u00edho m\u00edsta pro n\u00e1kup Bubble Hash online z\u00e1kazn\u00edci obvykle up\u0159ednost\u0148uj\u00ed transparentnost, dodr\u017eov\u00e1n\u00ed p\u0159edpis\u016f a spolehliv\u00fd z\u00e1kaznick\u00fd servis.<\/p>\n<h3>Nejlep\u0161\u00ed vyu\u017eit\u00ed a v\u00fdhody Bubble Hash<\/h3>\n<p>Bubble Hash je \u010dasto vyb\u00edr\u00e1n pro svou koncentrovanou \u00fa\u010dinnost a bohat\u00fd terpenov\u00fd profil. Mnoho u\u017eivatel\u016f oce\u0148uje jeho rafinovan\u00fd extrak\u010dn\u00ed proces, kter\u00fd dok\u00e1\u017ee zachovat aromatick\u00e9 slou\u010deniny a kanabinoidy. Proto\u017ee se jedn\u00e1 o koncentr\u00e1t, men\u0161\u00ed mno\u017estv\u00ed m\u016f\u017ee m\u00edt znateln\u00e9 \u00fa\u010dinky ve srovn\u00e1n\u00ed s nekoncentrovan\u00fdmi formami.<\/p>\n<p>N\u011bkte\u0159\u00ed jedinci zkoumaj\u00ed Bubble Hash pro relaxaci, zlep\u0161en\u00ed n\u00e1lady nebo osobn\u00ed pot\u011b\u0161en\u00ed v kontrolovan\u00e9m prost\u0159ed\u00ed. \u00da\u010dinky se mohou li\u0161it v z\u00e1vislosti na d\u00e1vkov\u00e1n\u00ed a individu\u00e1ln\u00ed toleranci. Zodpov\u011bdn\u00e1 konzumace je d\u016fle\u017eit\u00e1 p\u0159i online objedn\u00e1vce Bubble Hash, zejm\u00e9na p\u0159i v\u00fdb\u011bru produkt\u016f s vy\u0161\u0161\u00edm obsahem THC.<\/p>\n<h3>Pro\u010d nakupovat Bubble Hash online na koupitmarihuanu.com?<\/h3>\n<p>N\u00e1kup Bubble Hash online na <a href=\"https:\/\/koupitmarihuanu.com\/pt\/\">koupitmarihuanu.com<\/a> nab\u00edz\u00ed z\u00e1kazn\u00edk\u016fm pohodln\u00fd zp\u016fsob, jak z\u00edskat p\u0159\u00edstup ke konopn\u00fdm koncentr\u00e1t\u016fm v regionech, kde je takov\u00fd prodej leg\u00e1ln\u011b povolen. Mnoho kupuj\u00edc\u00edch hled\u00e1 nejlep\u0161\u00ed m\u00edsto pro online n\u00e1kup Bubble Hash, aby se ujistili, \u017ee obdr\u017e\u00ed jasn\u00e9 informace o produktu a bezpe\u010dn\u00e9 mo\u017enosti platby.<\/p>\n<p>Ne\u017e se rozhodnou koupit Bubble Hash online, z\u00e1kazn\u00edci \u010dasto kontroluj\u00ed faktory, jako je d\u016fv\u011bryhodnost webov\u00fdch str\u00e1nek, z\u00e1kaznick\u00e1 podpora, popisy produkt\u016f a konkurenceschopn\u00e9 ceny. Pokud v\u00e1s zaj\u00edm\u00e1, kde koupit Bubble Hash, je nezbytn\u00e9 si p\u0159ed dokon\u010den\u00edm jak\u00e9hokoli n\u00e1kupu ov\u011b\u0159it, zda prodejce funguje v souladu s pr\u00e1vn\u00edmi p\u0159edpisy platn\u00fdmi ve va\u0161\u00ed lokalit\u011b.<\/p>\n<h3>Jak si u n\u00e1s objednat Bubble Hash online<\/h3>\n<p>Chce-li si z\u00e1kazn\u00edci objednat Bubble Hash online, <a href=\"https:\/\/en.wikipedia.org\/wiki\/Hashish\">obvykle<\/a> nav\u0161t\u00edv\u00ed webov\u00e9 str\u00e1nky, prohl\u00e9dnou si dostupn\u00e9 nab\u00eddky a vyberou po\u017eadovan\u00fd produkt. Po p\u0159id\u00e1n\u00ed polo\u017eky do ko\u0161\u00edku pokra\u010duj\u00ed k pokladn\u011b, poskytnou pot\u0159ebn\u00e9 informace a dokon\u010d\u00ed platbu pomoc\u00ed akceptovan\u00fdch metod.<\/p>\n<p>V z\u00e1vislosti na region\u00e1ln\u00edch p\u0159edpisech m\u016f\u017ee b\u00fdt p\u0159ed \u00fasp\u011b\u0161nou online objedn\u00e1vkou Bubble Hash vy\u017eadov\u00e1no ov\u011b\u0159en\u00ed v\u011bku nebo zp\u016fsobilosti. Po potvrzen\u00ed v\u00e1m budou poskytnuty dodac\u00ed lh\u016fty a podrobnosti o doru\u010den\u00ed. P\u0159ed n\u00e1kupem jak\u00e9hokoli Bubble Hash k online prodeji je d\u016fle\u017eit\u00e9 si pe\u010dliv\u011b prostudovat v\u0161echny z\u00e1sady.<\/p>","protected":false},"excerpt":{"rendered":"<p>Kupte si Bubble Hash online Koupit bublinkov\u00fd ha\u0161i\u0161 online ozna\u010duje n\u00e1kup bublinkov\u00e9ho ha\u0161i\u0161e, konopn\u00e9ho koncentr\u00e1tu, prost\u0159ednictv\u00edm internetov\u00fdch platforem, kde jsou konopn\u00e9 produkty leg\u00e1ln\u011b regulov\u00e1ny a povoleny. Toto spojen\u00ed b\u011b\u017en\u011b vyhled\u00e1vaj\u00ed jednotlivci, kte\u0159\u00ed si cht\u011bj\u00ed p\u0159ed rozhodnut\u00edm prohl\u00e9dnout kvalitu produktu, porovnat jeho \u00fa\u010dinnost a vyhodnotit cenu. Mnoho spot\u0159ebitel\u016f pou\u017e\u00edv\u00e1 vyhled\u00e1vac\u00ed dotazy jako Koupit bublinkov\u00fd ha\u0161i\u0161 online [&hellip;]<\/p>\n","protected":false},"featured_media":1182,"comment_status":"open","ping_status":"closed","template":"","meta":{"site-sidebar-layout":"default","site-content-layout":"","ast-site-content-layout":"default","site-content-style":"default","site-sidebar-style":"default","ast-global-header-display":"","ast-banner-title-visibility":"","ast-main-header-display":"","ast-hfb-above-header-display":"","ast-hfb-below-header-display":"","ast-hfb-mobile-header-display":"","site-post-title":"","ast-breadcrumbs-content":"","ast-featured-img":"","footer-sml-layout":"","ast-disable-related-posts":"","theme-transparent-header-meta":"default","adv-header-id-meta":"","stick-header-meta":"default","header-above-stick-meta":"","header-main-stick-meta":"","header-below-stick-meta":"","astra-migrate-meta-layouts":"set","ast-page-background-enabled":"default","ast-page-background-meta":{"desktop":{"background-color":"var(--ast-global-color-4)","background-image":"","background-repeat":"repeat","background-position":"center center","background-size":"auto","background-attachment":"scroll","background-type":"","background-media":"","overlay-type":"","overlay-color":"","overlay-opacity":"","overlay-gradient":""},"tablet":{"background-color":"","background-image":"","background-repeat":"repeat","background-position":"center center","background-size":"auto","background-attachment":"scroll","background-type":"","background-media":"","overlay-type":"","overlay-color":"","overlay-opacity":"","overlay-gradient":""},"mobile":{"background-color":"","background-image":"","background-repeat":"repeat","background-position":"center center","background-size":"auto","background-attachment":"scroll","background-type":"","background-media":"","overlay-type":"","overlay-color":"","overlay-opacity":"","overlay-gradient":""}},"ast-content-background-meta":{"desktop":{"background-color":"var(--ast-global-color-5)","background-image":"","background-repeat":"repeat","background-position":"center center","background-size":"auto","background-attachment":"scroll","background-type":"","background-media":"","overlay-type":"","overlay-color":"","overlay-opacity":"","overlay-gradient":""},"tablet":{"background-color":"var(--ast-global-color-5)","background-image":"","background-repeat":"repeat","background-position":"center center","background-size":"auto","background-attachment":"scroll","background-type":"","background-media":"","overlay-type":"","overlay-color":"","overlay-opacity":"","overlay-gradient":""},"mobile":{"background-color":"var(--ast-global-color-5)","background-image":"","background-repeat":"repeat","background-position":"center center","background-size":"auto","background-attachment":"scroll","background-type":"","background-media":"","overlay-type":"","overlay-color":"","overlay-opacity":"","overlay-gradient":""}},"_joinchat":[]},"product_brand":[],"product_cat":[18],"product_tag":[],"class_list":{"0":"post-101","1":"product","2":"type-product","3":"status-publish","4":"has-post-thumbnail","6":"product_cat-hasis","7":"desktop-align-left","8":"tablet-align-left","9":"mobile-align-left","10":"ast-product-gallery-layout-horizontal-slider","11":"ast-product-gallery-with-no-image","12":"ast-product-single-variable","13":"ast-product-tabs-layout-horizontal","15":"first","16":"instock","17":"shipping-taxable","18":"purchasable","19":"product-type-variable"},"yoast_head":"<!-- This site is optimized with the Yoast SEO plugin v22.6 - https:\/\/yoast.com\/wordpress\/plugins\/seo\/ -->\n<title>Bubble Hash na prodej \u2013 Kupte si Bubble Hash online<\/title>\n<meta name=\"description\" content=\"V na\u0161em internetov\u00e9m obchod\u011b m\u016f\u017eete z\u00edskat Bubble Hash k prodeji za nejlep\u0161\u00ed ceny. Jsme tu, abychom v\u00e1m pomohli koupit Bubble Hash online. Spojte se s nejlep\u0161\u00edm obchodem ve m\u011bst\u011b je\u0161t\u011b dnes\" \/>\n<meta name=\"robots\" content=\"index, follow, max-snippet:-1, max-image-preview:large, max-video-preview:-1\" \/>\n<link rel=\"canonical\" href=\"https:\/\/koupitmarihuanu.com\/pt\/produto\/bubble-hash\/\" \/>\n<meta property=\"og:locale\" content=\"pt_PT\" \/>\n<meta property=\"og:type\" content=\"article\" \/>\n<meta property=\"og:title\" content=\"Bubble Hash na prodej \u2013 Kupte si Bubble Hash online\" \/>\n<meta property=\"og:description\" content=\"V na\u0161em internetov\u00e9m obchod\u011b m\u016f\u017eete z\u00edskat Bubble Hash k prodeji za nejlep\u0161\u00ed ceny. Jsme tu, abychom v\u00e1m pomohli koupit Bubble Hash online. Spojte se s nejlep\u0161\u00edm obchodem ve m\u011bst\u011b je\u0161t\u011b dnes\" \/>\n<meta property=\"og:url\" content=\"https:\/\/koupitmarihuanu.com\/pt\/produto\/bubble-hash\/\" \/>\n<meta property=\"og:site_name\" content=\"Koupit Marihuanu\" \/>\n<meta property=\"article:modified_time\" content=\"2026-02-18T09:52:32+00:00\" \/>\n<meta property=\"og:image\" content=\"https:\/\/koupitmarihuanu.com\/wp-content\/uploads\/2023\/12\/BUBBLE-HASH.jpg\" \/>\n\t<meta property=\"og:image:width\" content=\"600\" \/>\n\t<meta property=\"og:image:height\" content=\"600\" \/>\n\t<meta property=\"og:image:type\" content=\"image\/jpeg\" \/>\n<meta name=\"twitter:card\" content=\"summary_large_image\" \/>\n<meta name=\"twitter:label1\" content=\"Tempo estimado de leitura\" \/>\n\t<meta name=\"twitter:data1\" content=\"3 minutos\" \/>\n<script type=\"application\/ld+json\" class=\"yoast-schema-graph\">{\"@context\":\"https:\/\/schema.org\",\"@graph\":[{\"@type\":\"WebPage\",\"@id\":\"https:\/\/koupitmarihuanu.com\/produkt\/bubble-hash\/\",\"url\":\"https:\/\/koupitmarihuanu.com\/produkt\/bubble-hash\/\",\"name\":\"Bubble Hash na prodej \u2013 Kupte si Bubble Hash online\",\"isPartOf\":{\"@id\":\"https:\/\/koupitmarihuanu.com\/#website\"},\"primaryImageOfPage\":{\"@id\":\"https:\/\/koupitmarihuanu.com\/produkt\/bubble-hash\/#primaryimage\"},\"image\":{\"@id\":\"https:\/\/koupitmarihuanu.com\/produkt\/bubble-hash\/#primaryimage\"},\"thumbnailUrl\":\"https:\/\/koupitmarihuanu.com\/wp-content\/uploads\/2023\/12\/BUBBLE-HASH.jpg\",\"datePublished\":\"2023-12-26T07:29:03+00:00\",\"dateModified\":\"2026-02-18T09:52:32+00:00\",\"description\":\"V na\u0161em internetov\u00e9m obchod\u011b m\u016f\u017eete z\u00edskat Bubble Hash k prodeji za nejlep\u0161\u00ed ceny. Jsme tu, abychom v\u00e1m pomohli koupit Bubble Hash online. Spojte se s nejlep\u0161\u00edm obchodem ve m\u011bst\u011b je\u0161t\u011b dnes\",\"breadcrumb\":{\"@id\":\"https:\/\/koupitmarihuanu.com\/produkt\/bubble-hash\/#breadcrumb\"},\"inLanguage\":\"pt-PT\",\"potentialAction\":[{\"@type\":\"ReadAction\",\"target\":[\"https:\/\/koupitmarihuanu.com\/produkt\/bubble-hash\/\"]}]},{\"@type\":\"ImageObject\",\"inLanguage\":\"pt-PT\",\"@id\":\"https:\/\/koupitmarihuanu.com\/produkt\/bubble-hash\/#primaryimage\",\"url\":\"https:\/\/koupitmarihuanu.com\/wp-content\/uploads\/2023\/12\/BUBBLE-HASH.jpg\",\"contentUrl\":\"https:\/\/koupitmarihuanu.com\/wp-content\/uploads\/2023\/12\/BUBBLE-HASH.jpg\",\"width\":600,\"height\":600,\"caption\":\"Koupit BUBBLE-HASH Online\"},{\"@type\":\"BreadcrumbList\",\"@id\":\"https:\/\/koupitmarihuanu.com\/produkt\/bubble-hash\/#breadcrumb\",\"itemListElement\":[{\"@type\":\"ListItem\",\"position\":1,\"name\":\"Home\",\"item\":\"https:\/\/koupitmarihuanu.com\/\"},{\"@type\":\"ListItem\",\"position\":2,\"name\":\"Prodejna\",\"item\":\"https:\/\/koupitmarihuanu.com\/prodejna\/\"},{\"@type\":\"ListItem\",\"position\":3,\"name\":\"Bubble Hash\"}]},{\"@type\":\"WebSite\",\"@id\":\"https:\/\/koupitmarihuanu.com\/#website\",\"url\":\"https:\/\/koupitmarihuanu.com\/\",\"name\":\"Koupit Marihuanu\",\"description\":\"My WordPress Blog\",\"publisher\":{\"@id\":\"https:\/\/koupitmarihuanu.com\/#organization\"},\"potentialAction\":[{\"@type\":\"SearchAction\",\"target\":{\"@type\":\"EntryPoint\",\"urlTemplate\":\"https:\/\/koupitmarihuanu.com\/?s={search_term_string}\"},\"query-input\":\"required name=search_term_string\"}],\"inLanguage\":\"pt-PT\"},{\"@type\":\"Organization\",\"@id\":\"https:\/\/koupitmarihuanu.com\/#organization\",\"name\":\"Koupit Marihuanu\",\"url\":\"https:\/\/koupitmarihuanu.com\/\",\"logo\":{\"@type\":\"ImageObject\",\"inLanguage\":\"pt-PT\",\"@id\":\"https:\/\/koupitmarihuanu.com\/#\/schema\/logo\/image\/\",\"url\":\"https:\/\/koupitmarihuanu.com\/wp-content\/uploads\/2024\/01\/black-logo.png\",\"contentUrl\":\"https:\/\/koupitmarihuanu.com\/wp-content\/uploads\/2024\/01\/black-logo.png\",\"width\":300,\"height\":63,\"caption\":\"Koupit Marihuanu\"},\"image\":{\"@id\":\"https:\/\/koupitmarihuanu.com\/#\/schema\/logo\/image\/\"}}]}<\/script>\n<!-- \/ Yoast SEO plugin. -->","yoast_head_json":{"title":"Bubble Hash em promo\u00e7\u00e3o - Comprar Bubble Hash online","description":"Pode obter THC Vape Pen 1ml chillout em promo\u00e7\u00e3o aos melhores pre\u00e7os na nossa loja online. Estamos aqui para ajud\u00e1-lo a comprar THC Vape Pen 1ml chillout online. Ligue-se hoje \u00e0 melhor loja da cidade!","robots":{"index":"index","follow":"follow","max-snippet":"max-snippet:-1","max-image-preview":"max-image-preview:large","max-video-preview":"max-video-preview:-1"},"canonical":"https:\/\/koupitmarihuanu.com\/pt\/produto\/bubble-hash\/","og_locale":"pt_PT","og_type":"article","og_title":"Bubble Hash na prodej \u2013 Kupte si Bubble Hash online","og_description":"V na\u0161em internetov\u00e9m obchod\u011b m\u016f\u017eete z\u00edskat Bubble Hash k prodeji za nejlep\u0161\u00ed ceny. Jsme tu, abychom v\u00e1m pomohli koupit Bubble Hash online. Spojte se s nejlep\u0161\u00edm obchodem ve m\u011bst\u011b je\u0161t\u011b dnes","og_url":"https:\/\/koupitmarihuanu.com\/pt\/produto\/bubble-hash\/","og_site_name":"Koupit Marihuanu","article_modified_time":"2026-02-18T09:52:32+00:00","og_image":[{"width":600,"height":600,"url":"https:\/\/koupitmarihuanu.com\/wp-content\/uploads\/2023\/12\/BUBBLE-HASH.jpg","type":"image\/jpeg"}],"twitter_card":"summary_large_image","twitter_misc":{"Tempo estimado de leitura":"3 minutos"},"schema":{"@context":"https:\/\/schema.org","@graph":[{"@type":"WebPage","@id":"https:\/\/koupitmarihuanu.com\/produkt\/bubble-hash\/","url":"https:\/\/koupitmarihuanu.com\/produkt\/bubble-hash\/","name":"Bubble Hash em promo\u00e7\u00e3o - Comprar Bubble Hash online","isPartOf":{"@id":"https:\/\/koupitmarihuanu.com\/#website"},"primaryImageOfPage":{"@id":"https:\/\/koupitmarihuanu.com\/produkt\/bubble-hash\/#primaryimage"},"image":{"@id":"https:\/\/koupitmarihuanu.com\/produkt\/bubble-hash\/#primaryimage"},"thumbnailUrl":"https:\/\/koupitmarihuanu.com\/wp-content\/uploads\/2023\/12\/BUBBLE-HASH.jpg","datePublished":"2023-12-26T07:29:03+00:00","dateModified":"2026-02-18T09:52:32+00:00","description":"Pode obter THC Vape Pen 1ml chillout em promo\u00e7\u00e3o aos melhores pre\u00e7os na nossa loja online. Estamos aqui para ajud\u00e1-lo a comprar THC Vape Pen 1ml chillout online. Ligue-se hoje \u00e0 melhor loja da cidade!","breadcrumb":{"@id":"https:\/\/koupitmarihuanu.com\/produkt\/bubble-hash\/#breadcrumb"},"inLanguage":"pt-PT","potentialAction":[{"@type":"ReadAction","target":["https:\/\/koupitmarihuanu.com\/produkt\/bubble-hash\/"]}]},{"@type":"ImageObject","inLanguage":"pt-PT","@id":"https:\/\/koupitmarihuanu.com\/produkt\/bubble-hash\/#primaryimage","url":"https:\/\/koupitmarihuanu.com\/wp-content\/uploads\/2023\/12\/BUBBLE-HASH.jpg","contentUrl":"https:\/\/koupitmarihuanu.com\/wp-content\/uploads\/2023\/12\/BUBBLE-HASH.jpg","width":600,"height":600,"caption":"Koupit BUBBLE-HASH Online"},{"@type":"BreadcrumbList","@id":"https:\/\/koupitmarihuanu.com\/produkt\/bubble-hash\/#breadcrumb","itemListElement":[{"@type":"ListItem","position":1,"name":"Home","item":"https:\/\/koupitmarihuanu.com\/"},{"@type":"ListItem","position":2,"name":"Prodejna","item":"https:\/\/koupitmarihuanu.com\/prodejna\/"},{"@type":"ListItem","position":3,"name":"Bubble Hash"}]},{"@type":"WebSite","@id":"https:\/\/koupitmarihuanu.com\/#website","url":"https:\/\/koupitmarihuanu.com\/","name":"Comprar marijuana","description":"O meu blogue WordPress","publisher":{"@id":"https:\/\/koupitmarihuanu.com\/#organization"},"potentialAction":[{"@type":"SearchAction","target":{"@type":"EntryPoint","urlTemplate":"https:\/\/koupitmarihuanu.com\/?s={search_term_string}"},"query-input":"required name=search_term_string"}],"inLanguage":"pt-PT"},{"@type":"Organization","@id":"https:\/\/koupitmarihuanu.com\/#organization","name":"Comprar marijuana","url":"https:\/\/koupitmarihuanu.com\/","logo":{"@type":"ImageObject","inLanguage":"pt-PT","@id":"https:\/\/koupitmarihuanu.com\/#\/schema\/logo\/image\/","url":"https:\/\/koupitmarihuanu.com\/wp-content\/uploads\/2024\/01\/black-logo.png","contentUrl":"https:\/\/koupitmarihuanu.com\/wp-content\/uploads\/2024\/01\/black-logo.png","width":300,"height":63,"caption":"Koupit Marihuanu"},"image":{"@id":"https:\/\/koupitmarihuanu.com\/#\/schema\/logo\/image\/"}}]}},"_links":{"self":[{"href":"https:\/\/koupitmarihuanu.com\/pt\/wp-json\/wp\/v2\/product\/101","targetHints":{"allow":["GET"]}}],"collection":[{"href":"https:\/\/koupitmarihuanu.com\/pt\/wp-json\/wp\/v2\/product"}],"about":[{"href":"https:\/\/koupitmarihuanu.com\/pt\/wp-json\/wp\/v2\/types\/product"}],"replies":[{"embeddable":true,"href":"https:\/\/koupitmarihuanu.com\/pt\/wp-json\/wp\/v2\/comments?post=101"}],"wp:featuredmedia":[{"embeddable":true,"href":"https:\/\/koupitmarihuanu.com\/pt\/wp-json\/wp\/v2\/media\/1182"}],"wp:attachment":[{"href":"https:\/\/koupitmarihuanu.com\/pt\/wp-json\/wp\/v2\/media?parent=101"}],"wp:term":[{"taxonomy":"product_brand","embeddable":true,"href":"https:\/\/koupitmarihuanu.com\/pt\/wp-json\/wp\/v2\/product_brand?post=101"},{"taxonomy":"product_cat","embeddable":true,"href":"https:\/\/koupitmarihuanu.com\/pt\/wp-json\/wp\/v2\/product_cat?post=101"},{"taxonomy":"product_tag","embeddable":true,"href":"https:\/\/koupitmarihuanu.com\/pt\/wp-json\/wp\/v2\/product_tag?post=101"}],"curies":[{"name":"wp","href":"https:\/\/api.w.org\/{rel}","templated":true}]}}