{"id":99,"date":"2023-12-26T07:29:03","date_gmt":"2023-12-26T07:29:03","guid":{"rendered":"https:\/\/cannasmed.com\/herbe\/?post_type=product&#038;p=99"},"modified":"2026-02-18T09:46:38","modified_gmt":"2026-02-18T09:46:38","slug":"amnesia-hash","status":"publish","type":"product","link":"https:\/\/koupitmarihuanu.com\/it\/produkt\/amnesia-hash\/","title":{"rendered":"Koupit ha\u0161i\u0161 Amnesia online"},"content":{"rendered":"<h2>Koupit ha\u0161i\u0161 Amnesia online<\/h2>\n<p>Koupit Amnesia Hash online ozna\u010duje proces n\u00e1kupu ha\u0161i\u0161e vyroben\u00e9ho z odr\u016fdy Amnesia Haze prost\u0159ednictv\u00edm internetov\u00fdch platforem, kde jsou konopn\u00e9 produkty leg\u00e1ln\u011b dostupn\u00e9. Tuto fr\u00e1zi b\u011b\u017en\u011b pou\u017e\u00edvaj\u00ed jednotlivci, kte\u0159\u00ed p\u0159ed n\u00e1kupem zkoumaj\u00ed kvalitu produktu, \u00fa\u010dinnost, dostupnost a cenu Amnesia Hash. Mnoho spot\u0159ebitel\u016f vyhled\u00e1v\u00e1 v\u00fdrazy jako <a href=\"https:\/\/koupitmarihuanu.com\/it\/prodotto\/amnesia-hash\/\">Koupit Amnesia Hash online<\/a> nebo Kde koupit Amnesia Hash?, kdy\u017e porovn\u00e1vaj\u00ed online prodejce a hledaj\u00ed spolehliv\u00e9 zdroje.<\/p>\n<p>Amnesia Hash se obvykle vyr\u00e1b\u00ed z prysky\u0159ice z\u00edskan\u00e9 z rostlin Amnesia Haze, zn\u00e1m\u00fdch pro svou citrusovou v\u016fni, zemit\u00e9 podt\u00f3ny a povzn\u00e1\u0161ej\u00edc\u00ed vlastnosti. Jako koncentr\u00e1t si ha\u0161i\u0161 zachov\u00e1v\u00e1 velkou \u010d\u00e1st terpenov\u00e9ho a kanabinoidn\u00edho profilu odr\u016fdy. Kdy\u017e lid\u00e9 hledaj\u00ed Amnesia Hash k prodeji, obvykle hledaj\u00ed rafinovan\u00fd konopn\u00fd produkt zn\u00e1m\u00fd pro svou texturu, v\u016fni a koncentrovanou \u00fa\u010dinnost.<\/p>\n<p>Ha\u0161i\u0161, tak\u00e9 zn\u00e1m\u00fd jako ha\u0161i\u0161, se vytv\u00e1\u0159\u00ed odd\u011blen\u00edm a lisov\u00e1n\u00edm trichom\u016f z kv\u011bt\u016f konop\u00ed. Tyto trichomy obsahuj\u00ed kanabinoidy, jako je THC a n\u011bkdy CBD, v z\u00e1vislosti na zdroji rostliny. THC p\u0159isp\u00edv\u00e1 k psychoaktivn\u00edm \u00fa\u010dink\u016fm, zat\u00edmco CBD nen\u00ed omamn\u00e9 a \u010dasto je spojov\u00e1no s podp\u016frn\u00fdmi vlastnostmi. Ne\u017e se z\u00e1kazn\u00edci rozhodnou koupit Amnesia Hash online, \u010dasto porovn\u00e1vaj\u00ed obsah kanabinoid\u016f a hodnot\u00ed celkovou cenu Amnesia Hash nap\u0159\u00ed\u010d r\u016fzn\u00fdmi platformami.<\/p>\n<h3>Co je Amnesia Hash Online?<\/h3>\n<p>Amnesia Hash Online ozna\u010duje dostupnost tohoto konopn\u00e9ho koncentr\u00e1tu prost\u0159ednictv\u00edm licencovan\u00fdch online v\u00fddejen nebo regulovan\u00fdch webov\u00fdch str\u00e1nek s maloobchodn\u00edm prodejem konop\u00ed. M\u00edsto n\u00e1v\u0161t\u011bvy fyzick\u00e9 prodejny si z\u00e1kazn\u00edci mohou prohl\u00ed\u017eet seznamy produkt\u016f, prohl\u00ed\u017eet si specifikace a porovn\u00e1vat Amnesia Hash k prodeji p\u0159\u00edmo z zabezpe\u010den\u00e9 online platformy. Fr\u00e1ze \u201eKoupit Amnesia Hash online\u201c zd\u016fraz\u0148uje pohodl\u00ed a dostupnost n\u00e1kupu z domova, pokud je to v regionu z\u00e1kazn\u00edka leg\u00e1ln\u011b povoleno.<\/p>\n<p>Online prodejci mohou v p\u0159\u00edpad\u011b pot\u0159eby uv\u00e9st podrobn\u00e9 popisy textury, \u00farovn\u011b \u00fa\u010dinnosti a informace o laboratorn\u00edch testech. P\u0159i hled\u00e1n\u00ed nejlep\u0161\u00edho m\u00edsta pro online n\u00e1kup Amnesia Hash spot\u0159ebitel\u00e9 obvykle up\u0159ednost\u0148uj\u00ed transparentnost, dodr\u017eov\u00e1n\u00ed p\u0159edpis\u016f a spolehlivou z\u00e1kaznickou podporu.<\/p>\n<h3>Nejlep\u0161\u00ed vyu\u017eit\u00ed a p\u0159\u00ednosy Amnesia Hash<\/h3>\n<p>Amnesia Hash je \u010dasto spojov\u00e1n s povzn\u00e1\u0161ej\u00edc\u00edmi a energizuj\u00edc\u00edmi \u00fa\u010dinky, co\u017e odr\u00e1\u017e\u00ed charakteristiky jeho p\u016fvodu Amnesia Haze. Mnoho u\u017eivatel\u016f uv\u00e1d\u00ed zlep\u0161enou n\u00e1ladu, zv\u00fd\u0161enou soust\u0159ed\u011bnost a stimuluj\u00edc\u00ed z\u00e1\u017eitek. Proto\u017ee je hash koncentrovanou formou konop\u00ed, m\u016f\u017ee m\u00edt siln\u011bj\u0161\u00ed \u00fa\u010dinky ve srovn\u00e1n\u00ed se standardn\u00edmi kv\u011btinov\u00fdmi produkty.<\/p>\n<p>N\u011bkte\u0159\u00ed lid\u00e9 vyhled\u00e1vaj\u00ed Amnesia Hash pro relaxaci, kreativn\u00ed aktivity nebo spole\u010densk\u00e9 aktivity. Stejn\u011b jako u jak\u00e9hokoli koncentrovan\u00e9ho konopn\u00e9ho produktu se \u00fa\u010dinky mohou li\u0161it v z\u00e1vislosti na d\u00e1vkov\u00e1n\u00ed a osobn\u00ed toleranci. Zodpov\u011bdn\u00e9 u\u017e\u00edv\u00e1n\u00ed je nezbytn\u00e9 p\u0159i online objedn\u00e1vce Amnesia Hash, zejm\u00e9na p\u0159i v\u00fdb\u011bru mo\u017enost\u00ed s vy\u0161\u0161\u00ed \u00fa\u010dinnost\u00ed.<\/p>\n<h3>Pro\u010d nakupovat Amnesia Hash online na koupitmarihuanu.com?<\/h3>\n<p>N\u00e1kup Amnesia Hash online na <a href=\"https:\/\/koupitmarihuanu.com\/it\/\">koupitmarihuanu.com<\/a> nab\u00edz\u00ed z\u00e1kazn\u00edk\u016fm pohodln\u00fd zp\u016fsob, jak z\u00edskat p\u0159\u00edstup ke konopn\u00fdm koncentr\u00e1t\u016fm na b\u00e1zi odr\u016fd. Mnoho kupuj\u00edc\u00edch hled\u00e1 nejlep\u0161\u00ed m\u00edsto pro online n\u00e1kup Amnesia Hash, aby byla zaji\u0161t\u011bna konzistence produktu a bezpe\u010dn\u00e9 transakce.<\/p>\n<p>Ne\u017e se z\u00e1kazn\u00edci rozhodnou koupit Amnesia Hash online, \u010dasto zva\u017euj\u00ed faktory, jako jsou podrobn\u00e9 popisy produkt\u016f, pohotov\u00fd z\u00e1kaznick\u00fd servis a konkurenceschopn\u00e9 ceny. Pokud se pt\u00e1te, kde koupit Amnesia Hash, ov\u011b\u0159en\u00ed souladu s platn\u00fdmi p\u0159edpisy a kontrola pravosti \u00fadaj\u016f jsou d\u016fle\u017eit\u00fdmi kroky p\u0159ed dokon\u010den\u00edm n\u00e1kupu.<\/p>\n<h3>Jak si u n\u00e1s objednat Amnesia Hash online<\/h3>\n<p>Chce-li si z\u00e1kazn\u00edci objednat Amnesia Hash online, obvykle nav\u0161t\u00edv\u00ed webov\u00e9 str\u00e1nky, prohl\u00e9dnou si dostupn\u00e9 nab\u00eddky a vyberou preferovan\u00fd produkt. Po p\u0159id\u00e1n\u00ed polo\u017eky do ko\u0161\u00edku pokra\u010duj\u00ed k pokladn\u011b, poskytnou pot\u0159ebn\u00e9 \u00fadaje a dokon\u010d\u00ed platbu pomoc\u00ed <a href=\"https:\/\/en.wikipedia.org\/wiki\/Hashish\">akceptovan\u00fdch<\/a> metod.<\/p>\n<p>V z\u00e1vislosti na region\u00e1ln\u00edch p\u0159edpisech m\u016f\u017ee b\u00fdt p\u0159ed \u00fasp\u011b\u0161nou online objedn\u00e1vkou Amnesia Hash vy\u017eadov\u00e1no ov\u011b\u0159en\u00ed v\u011bku nebo toto\u017enosti. Po potvrzen\u00ed jsou poskytnuty dodac\u00ed lh\u016fty a informace o doru\u010den\u00ed. Z\u00e1kazn\u00edci by si m\u011bli p\u0159ed n\u00e1kupem jak\u00e9hokoli Amnesia Hash k online prodeji pe\u010dliv\u011b prostudovat z\u00e1sady obchodu.<\/p>","protected":false},"excerpt":{"rendered":"<p>Koupit ha\u0161i\u0161 Amnesia online Koupit Amnesia Hash online ozna\u010duje proces n\u00e1kupu ha\u0161i\u0161e vyroben\u00e9ho z odr\u016fdy Amnesia Haze prost\u0159ednictv\u00edm internetov\u00fdch platforem, kde jsou konopn\u00e9 produkty leg\u00e1ln\u011b dostupn\u00e9. Tuto fr\u00e1zi b\u011b\u017en\u011b pou\u017e\u00edvaj\u00ed jednotlivci, kte\u0159\u00ed p\u0159ed n\u00e1kupem zkoumaj\u00ed kvalitu produktu, \u00fa\u010dinnost, dostupnost a cenu Amnesia Hash. Mnoho spot\u0159ebitel\u016f vyhled\u00e1v\u00e1 v\u00fdrazy jako Koupit Amnesia Hash online nebo Kde koupit [&hellip;]<\/p>\n","protected":false},"featured_media":1185,"comment_status":"open","ping_status":"closed","template":"","meta":{"site-sidebar-layout":"default","site-content-layout":"","ast-site-content-layout":"default","site-content-style":"default","site-sidebar-style":"default","ast-global-header-display":"","ast-banner-title-visibility":"","ast-main-header-display":"","ast-hfb-above-header-display":"","ast-hfb-below-header-display":"","ast-hfb-mobile-header-display":"","site-post-title":"","ast-breadcrumbs-content":"","ast-featured-img":"","footer-sml-layout":"","ast-disable-related-posts":"","theme-transparent-header-meta":"default","adv-header-id-meta":"","stick-header-meta":"default","header-above-stick-meta":"","header-main-stick-meta":"","header-below-stick-meta":"","astra-migrate-meta-layouts":"set","ast-page-background-enabled":"default","ast-page-background-meta":{"desktop":{"background-color":"var(--ast-global-color-4)","background-image":"","background-repeat":"repeat","background-position":"center center","background-size":"auto","background-attachment":"scroll","background-type":"","background-media":"","overlay-type":"","overlay-color":"","overlay-opacity":"","overlay-gradient":""},"tablet":{"background-color":"","background-image":"","background-repeat":"repeat","background-position":"center center","background-size":"auto","background-attachment":"scroll","background-type":"","background-media":"","overlay-type":"","overlay-color":"","overlay-opacity":"","overlay-gradient":""},"mobile":{"background-color":"","background-image":"","background-repeat":"repeat","background-position":"center center","background-size":"auto","background-attachment":"scroll","background-type":"","background-media":"","overlay-type":"","overlay-color":"","overlay-opacity":"","overlay-gradient":""}},"ast-content-background-meta":{"desktop":{"background-color":"var(--ast-global-color-5)","background-image":"","background-repeat":"repeat","background-position":"center center","background-size":"auto","background-attachment":"scroll","background-type":"","background-media":"","overlay-type":"","overlay-color":"","overlay-opacity":"","overlay-gradient":""},"tablet":{"background-color":"var(--ast-global-color-5)","background-image":"","background-repeat":"repeat","background-position":"center center","background-size":"auto","background-attachment":"scroll","background-type":"","background-media":"","overlay-type":"","overlay-color":"","overlay-opacity":"","overlay-gradient":""},"mobile":{"background-color":"var(--ast-global-color-5)","background-image":"","background-repeat":"repeat","background-position":"center center","background-size":"auto","background-attachment":"scroll","background-type":"","background-media":"","overlay-type":"","overlay-color":"","overlay-opacity":"","overlay-gradient":""}},"_joinchat":[]},"product_brand":[],"product_cat":[18],"product_tag":[],"class_list":{"0":"post-99","1":"product","2":"type-product","3":"status-publish","4":"has-post-thumbnail","6":"product_cat-hasis","7":"desktop-align-left","8":"tablet-align-left","9":"mobile-align-left","10":"ast-product-gallery-layout-horizontal-slider","11":"ast-product-gallery-with-no-image","12":"ast-product-single-variable","13":"ast-product-tabs-layout-horizontal","15":"first","16":"instock","17":"shipping-taxable","18":"purchasable","19":"product-type-variable"},"yoast_head":"<!-- This site is optimized with the Yoast SEO plugin v22.6 - https:\/\/yoast.com\/wordpress\/plugins\/seo\/ -->\n<title>Koupit Amnesia Hash online \u2013 Amnesia Hash na prodej<\/title>\n<meta name=\"description\" content=\"V na\u0161em internetov\u00e9m obchod\u011b Koupit marihuanu m\u00e1me k prodeji Amnesia Hash. Amnesia Hash m\u016f\u017eete snadno koupit online ve \u0161pi\u010dkov\u00e9 kvalit\u011b od n\u00e1s za nejlep\u0161\u00ed ceny. Objednejte nyn\u00ed!\" \/>\n<meta name=\"robots\" content=\"index, follow, max-snippet:-1, max-image-preview:large, max-video-preview:-1\" \/>\n<link rel=\"canonical\" href=\"https:\/\/koupitmarihuanu.com\/it\/prodotto\/amnesia-hash\/\" \/>\n<meta property=\"og:locale\" content=\"it_IT\" \/>\n<meta property=\"og:type\" content=\"article\" \/>\n<meta property=\"og:title\" content=\"Koupit Amnesia Hash online \u2013 Amnesia Hash na prodej\" \/>\n<meta property=\"og:description\" content=\"V na\u0161em internetov\u00e9m obchod\u011b Koupit marihuanu m\u00e1me k prodeji Amnesia Hash. Amnesia Hash m\u016f\u017eete snadno koupit online ve \u0161pi\u010dkov\u00e9 kvalit\u011b od n\u00e1s za nejlep\u0161\u00ed ceny. Objednejte nyn\u00ed!\" \/>\n<meta property=\"og:url\" content=\"https:\/\/koupitmarihuanu.com\/it\/prodotto\/amnesia-hash\/\" \/>\n<meta property=\"og:site_name\" content=\"Koupit Marihuanu\" \/>\n<meta property=\"article:modified_time\" content=\"2026-02-18T09:46:38+00:00\" \/>\n<meta property=\"og:image\" content=\"https:\/\/koupitmarihuanu.com\/wp-content\/uploads\/2023\/12\/AMNESIA-HASH.jpg\" \/>\n\t<meta property=\"og:image:width\" content=\"600\" \/>\n\t<meta property=\"og:image:height\" content=\"600\" \/>\n\t<meta property=\"og:image:type\" content=\"image\/jpeg\" \/>\n<meta name=\"twitter:card\" content=\"summary_large_image\" \/>\n<meta name=\"twitter:label1\" content=\"Tempo di lettura stimato\" \/>\n\t<meta name=\"twitter:data1\" content=\"3 minuti\" \/>\n<script type=\"application\/ld+json\" class=\"yoast-schema-graph\">{\"@context\":\"https:\/\/schema.org\",\"@graph\":[{\"@type\":\"WebPage\",\"@id\":\"https:\/\/koupitmarihuanu.com\/produkt\/amnesia-hash\/\",\"url\":\"https:\/\/koupitmarihuanu.com\/produkt\/amnesia-hash\/\",\"name\":\"Koupit Amnesia Hash online \u2013 Amnesia Hash na prodej\",\"isPartOf\":{\"@id\":\"https:\/\/koupitmarihuanu.com\/#website\"},\"primaryImageOfPage\":{\"@id\":\"https:\/\/koupitmarihuanu.com\/produkt\/amnesia-hash\/#primaryimage\"},\"image\":{\"@id\":\"https:\/\/koupitmarihuanu.com\/produkt\/amnesia-hash\/#primaryimage\"},\"thumbnailUrl\":\"https:\/\/koupitmarihuanu.com\/wp-content\/uploads\/2023\/12\/AMNESIA-HASH.jpg\",\"datePublished\":\"2023-12-26T07:29:03+00:00\",\"dateModified\":\"2026-02-18T09:46:38+00:00\",\"description\":\"V na\u0161em internetov\u00e9m obchod\u011b Koupit marihuanu m\u00e1me k prodeji Amnesia Hash. Amnesia Hash m\u016f\u017eete snadno koupit online ve \u0161pi\u010dkov\u00e9 kvalit\u011b od n\u00e1s za nejlep\u0161\u00ed ceny. Objednejte nyn\u00ed!\",\"breadcrumb\":{\"@id\":\"https:\/\/koupitmarihuanu.com\/produkt\/amnesia-hash\/#breadcrumb\"},\"inLanguage\":\"it-IT\",\"potentialAction\":[{\"@type\":\"ReadAction\",\"target\":[\"https:\/\/koupitmarihuanu.com\/produkt\/amnesia-hash\/\"]}]},{\"@type\":\"ImageObject\",\"inLanguage\":\"it-IT\",\"@id\":\"https:\/\/koupitmarihuanu.com\/produkt\/amnesia-hash\/#primaryimage\",\"url\":\"https:\/\/koupitmarihuanu.com\/wp-content\/uploads\/2023\/12\/AMNESIA-HASH.jpg\",\"contentUrl\":\"https:\/\/koupitmarihuanu.com\/wp-content\/uploads\/2023\/12\/AMNESIA-HASH.jpg\",\"width\":600,\"height\":600,\"caption\":\"Koupit AMNESIA-HASH Online\"},{\"@type\":\"BreadcrumbList\",\"@id\":\"https:\/\/koupitmarihuanu.com\/produkt\/amnesia-hash\/#breadcrumb\",\"itemListElement\":[{\"@type\":\"ListItem\",\"position\":1,\"name\":\"Home\",\"item\":\"https:\/\/koupitmarihuanu.com\/\"},{\"@type\":\"ListItem\",\"position\":2,\"name\":\"Prodejna\",\"item\":\"https:\/\/koupitmarihuanu.com\/prodejna\/\"},{\"@type\":\"ListItem\",\"position\":3,\"name\":\"Koupit ha\u0161i\u0161 Amnesia online\"}]},{\"@type\":\"WebSite\",\"@id\":\"https:\/\/koupitmarihuanu.com\/#website\",\"url\":\"https:\/\/koupitmarihuanu.com\/\",\"name\":\"Koupit Marihuanu\",\"description\":\"My WordPress Blog\",\"publisher\":{\"@id\":\"https:\/\/koupitmarihuanu.com\/#organization\"},\"potentialAction\":[{\"@type\":\"SearchAction\",\"target\":{\"@type\":\"EntryPoint\",\"urlTemplate\":\"https:\/\/koupitmarihuanu.com\/?s={search_term_string}\"},\"query-input\":\"required name=search_term_string\"}],\"inLanguage\":\"it-IT\"},{\"@type\":\"Organization\",\"@id\":\"https:\/\/koupitmarihuanu.com\/#organization\",\"name\":\"Koupit Marihuanu\",\"url\":\"https:\/\/koupitmarihuanu.com\/\",\"logo\":{\"@type\":\"ImageObject\",\"inLanguage\":\"it-IT\",\"@id\":\"https:\/\/koupitmarihuanu.com\/#\/schema\/logo\/image\/\",\"url\":\"https:\/\/koupitmarihuanu.com\/wp-content\/uploads\/2024\/01\/black-logo.png\",\"contentUrl\":\"https:\/\/koupitmarihuanu.com\/wp-content\/uploads\/2024\/01\/black-logo.png\",\"width\":300,\"height\":63,\"caption\":\"Koupit Marihuanu\"},\"image\":{\"@id\":\"https:\/\/koupitmarihuanu.com\/#\/schema\/logo\/image\/\"}}]}<\/script>\n<!-- \/ Yoast SEO plugin. -->","yoast_head_json":{"title":"Acquista Amnesia Jelly Hash online - Amnesia Jelly Hash in vendita","description":"Abbiamo Amnesia Hash in vendita nel nostro negozio online Acquista marijuana. Da noi puoi acquistare facilmente Amnesia Hash online in ottima qualit\u00e0 ai migliori prezzi. Ordina ora!","robots":{"index":"index","follow":"follow","max-snippet":"max-snippet:-1","max-image-preview":"max-image-preview:large","max-video-preview":"max-video-preview:-1"},"canonical":"https:\/\/koupitmarihuanu.com\/it\/prodotto\/amnesia-hash\/","og_locale":"it_IT","og_type":"article","og_title":"Koupit Amnesia Hash online \u2013 Amnesia Hash na prodej","og_description":"V na\u0161em internetov\u00e9m obchod\u011b Koupit marihuanu m\u00e1me k prodeji Amnesia Hash. Amnesia Hash m\u016f\u017eete snadno koupit online ve \u0161pi\u010dkov\u00e9 kvalit\u011b od n\u00e1s za nejlep\u0161\u00ed ceny. Objednejte nyn\u00ed!","og_url":"https:\/\/koupitmarihuanu.com\/it\/prodotto\/amnesia-hash\/","og_site_name":"Koupit Marihuanu","article_modified_time":"2026-02-18T09:46:38+00:00","og_image":[{"width":600,"height":600,"url":"https:\/\/koupitmarihuanu.com\/wp-content\/uploads\/2023\/12\/AMNESIA-HASH.jpg","type":"image\/jpeg"}],"twitter_card":"summary_large_image","twitter_misc":{"Tempo di lettura stimato":"3 minuti"},"schema":{"@context":"https:\/\/schema.org","@graph":[{"@type":"WebPage","@id":"https:\/\/koupitmarihuanu.com\/produkt\/amnesia-hash\/","url":"https:\/\/koupitmarihuanu.com\/produkt\/amnesia-hash\/","name":"Acquista Amnesia Jelly Hash online - Amnesia Jelly Hash in vendita","isPartOf":{"@id":"https:\/\/koupitmarihuanu.com\/#website"},"primaryImageOfPage":{"@id":"https:\/\/koupitmarihuanu.com\/produkt\/amnesia-hash\/#primaryimage"},"image":{"@id":"https:\/\/koupitmarihuanu.com\/produkt\/amnesia-hash\/#primaryimage"},"thumbnailUrl":"https:\/\/koupitmarihuanu.com\/wp-content\/uploads\/2023\/12\/AMNESIA-HASH.jpg","datePublished":"2023-12-26T07:29:03+00:00","dateModified":"2026-02-18T09:46:38+00:00","description":"Abbiamo Amnesia Hash in vendita nel nostro negozio online Acquista marijuana. Da noi puoi acquistare facilmente Amnesia Hash online in ottima qualit\u00e0 ai migliori prezzi. Ordina ora!","breadcrumb":{"@id":"https:\/\/koupitmarihuanu.com\/produkt\/amnesia-hash\/#breadcrumb"},"inLanguage":"it-IT","potentialAction":[{"@type":"ReadAction","target":["https:\/\/koupitmarihuanu.com\/produkt\/amnesia-hash\/"]}]},{"@type":"ImageObject","inLanguage":"it-IT","@id":"https:\/\/koupitmarihuanu.com\/produkt\/amnesia-hash\/#primaryimage","url":"https:\/\/koupitmarihuanu.com\/wp-content\/uploads\/2023\/12\/AMNESIA-HASH.jpg","contentUrl":"https:\/\/koupitmarihuanu.com\/wp-content\/uploads\/2023\/12\/AMNESIA-HASH.jpg","width":600,"height":600,"caption":"Koupit AMNESIA-HASH Online"},{"@type":"BreadcrumbList","@id":"https:\/\/koupitmarihuanu.com\/produkt\/amnesia-hash\/#breadcrumb","itemListElement":[{"@type":"ListItem","position":1,"name":"Home","item":"https:\/\/koupitmarihuanu.com\/"},{"@type":"ListItem","position":2,"name":"Prodejna","item":"https:\/\/koupitmarihuanu.com\/prodejna\/"},{"@type":"ListItem","position":3,"name":"Koupit ha\u0161i\u0161 Amnesia online"}]},{"@type":"WebSite","@id":"https:\/\/koupitmarihuanu.com\/#website","url":"https:\/\/koupitmarihuanu.com\/","name":"Comprare marijuana","description":"Il mio blog WordPress","publisher":{"@id":"https:\/\/koupitmarihuanu.com\/#organization"},"potentialAction":[{"@type":"SearchAction","target":{"@type":"EntryPoint","urlTemplate":"https:\/\/koupitmarihuanu.com\/?s={search_term_string}"},"query-input":"required name=search_term_string"}],"inLanguage":"it-IT"},{"@type":"Organization","@id":"https:\/\/koupitmarihuanu.com\/#organization","name":"Comprare marijuana","url":"https:\/\/koupitmarihuanu.com\/","logo":{"@type":"ImageObject","inLanguage":"it-IT","@id":"https:\/\/koupitmarihuanu.com\/#\/schema\/logo\/image\/","url":"https:\/\/koupitmarihuanu.com\/wp-content\/uploads\/2024\/01\/black-logo.png","contentUrl":"https:\/\/koupitmarihuanu.com\/wp-content\/uploads\/2024\/01\/black-logo.png","width":300,"height":63,"caption":"Koupit Marihuanu"},"image":{"@id":"https:\/\/koupitmarihuanu.com\/#\/schema\/logo\/image\/"}}]}},"_links":{"self":[{"href":"https:\/\/koupitmarihuanu.com\/it\/wp-json\/wp\/v2\/product\/99","targetHints":{"allow":["GET"]}}],"collection":[{"href":"https:\/\/koupitmarihuanu.com\/it\/wp-json\/wp\/v2\/product"}],"about":[{"href":"https:\/\/koupitmarihuanu.com\/it\/wp-json\/wp\/v2\/types\/product"}],"replies":[{"embeddable":true,"href":"https:\/\/koupitmarihuanu.com\/it\/wp-json\/wp\/v2\/comments?post=99"}],"wp:featuredmedia":[{"embeddable":true,"href":"https:\/\/koupitmarihuanu.com\/it\/wp-json\/wp\/v2\/media\/1185"}],"wp:attachment":[{"href":"https:\/\/koupitmarihuanu.com\/it\/wp-json\/wp\/v2\/media?parent=99"}],"wp:term":[{"taxonomy":"product_brand","embeddable":true,"href":"https:\/\/koupitmarihuanu.com\/it\/wp-json\/wp\/v2\/product_brand?post=99"},{"taxonomy":"product_cat","embeddable":true,"href":"https:\/\/koupitmarihuanu.com\/it\/wp-json\/wp\/v2\/product_cat?post=99"},{"taxonomy":"product_tag","embeddable":true,"href":"https:\/\/koupitmarihuanu.com\/it\/wp-json\/wp\/v2\/product_tag?post=99"}],"curies":[{"name":"wp","href":"https:\/\/api.w.org\/{rel}","templated":true}]}}