{"id":16,"date":"2023-12-26T07:28:54","date_gmt":"2023-12-26T07:28:54","guid":{"rendered":"https:\/\/cannasmed.com\/herbe\/?post_type=product&#038;p=16"},"modified":"2026-02-19T05:39:13","modified_gmt":"2026-02-19T05:39:13","slug":"pina-colada","status":"publish","type":"product","link":"https:\/\/koupitmarihuanu.com\/it\/produkt\/pina-colada\/","title":{"rendered":"Pina Colada"},"content":{"rendered":"<h2>Koupit Pi\u00f1a Coladu online<\/h2>\n<p>Koupit Pi\u00f1a Coladu online ozna\u010duje proces n\u00e1kupu produkt\u016f odvozen\u00fdch z odr\u016fdy Pi\u00f1a Colada prost\u0159ednictv\u00edm internetov\u00fdch platforem, kde je prodej konop\u00ed pr\u00e1vn\u011b regulov\u00e1n. Tuto fr\u00e1zi b\u011b\u017en\u011b pou\u017e\u00edvaj\u00ed jednotlivci, kte\u0159\u00ed p\u0159ed n\u00e1kupem zkoumaj\u00ed chu\u0165ov\u00fd profil, \u00farove\u0148 \u00fa\u010dinnosti, pravost produktu a cenu Pi\u00f1a Colady. Mnoho spot\u0159ebitel\u016f hled\u00e1 v\u00fdrazy jako \u201eKoupit Pi\u00f1a Coladu online\u201c nebo \u201e<a href=\"https:\/\/koupitmarihuanu.com\/it\/prodotto\/pina-colada\/\">Kde koupit Pi\u00f1a Coladu<\/a>?\u201c, kdy\u017e porovn\u00e1vaj\u00ed licencovan\u00e9 v\u00fddejny a prohl\u00ed\u017eej\u00ed dostupn\u00e9 mo\u017enosti.<\/p>\n<p>Pi\u00f1a Colada je \u010dasto uzn\u00e1v\u00e1na pro svou tropickou v\u016fni, kter\u00e1 m\u00eds\u00ed t\u00f3ny ananasu, kokosu a jemn\u00e9 sladkosti. Jako hybridn\u00ed odr\u016fda je obvykle spojov\u00e1na s vyv\u00e1\u017eenou kombinac\u00ed povzn\u00e1\u0161ej\u00edc\u00edch du\u0161evn\u00edch \u00fa\u010dink\u016f a m\u00edrn\u00e9 fyzick\u00e9 relaxace. Kdy\u017e z\u00e1kazn\u00edci hledaj\u00ed Pi\u00f1a Coladu k prodeji, obvykle hledaj\u00ed ov\u011b\u0159en\u00e9 konopn\u00e9 produkty, kter\u00e9 si zachov\u00e1vaj\u00ed charakteristick\u00fd terpenov\u00fd a kanabinoidn\u00ed profil odr\u016fdy.<br \/>\nProdukty odvozen\u00e9 z Pi\u00f1a Colada mohou obsahovat r\u016fzn\u00e9 hladiny THC a n\u011bkdy i CBD v z\u00e1vislosti na kultiva\u010dn\u00ed a formula\u010dn\u00ed metod\u011b. THC p\u0159isp\u00edv\u00e1 k psychoaktivn\u00edm \u00fa\u010dink\u016fm, zat\u00edmco CBD nen\u00ed omamn\u00e9 a \u010dasto je spojov\u00e1no s podp\u016frn\u00fdmi vlastnostmi. Proto\u017ee se \u00fa\u010dinnost m\u016f\u017ee li\u0161it, mnoho kupuj\u00edc\u00edch porovn\u00e1v\u00e1 laboratorn\u00ed informace a vyhodnocuje celkovou cenu Pi\u00f1a Colady, ne\u017e se rozhodnou koupit Pi\u00f1a Coladu online.<\/p>\n<h3>Co je Pi\u00f1a Colada online?<\/h3>\n<p>Pi\u00f1a Colada online ozna\u010duje dostupnost t\u00e9to odr\u016fdy prost\u0159ednictv\u00edm licencovan\u00fdch online v\u00fddejen nebo regulovan\u00fdch webov\u00fdch str\u00e1nek s maloobchodn\u00edm prodejem konop\u00ed. M\u00edsto n\u00e1v\u0161t\u011bvy fyzick\u00e9 prodejny si z\u00e1kazn\u00edci mohou prohl\u00ed\u017eet podrobn\u00e9 seznamy produkt\u016f, prohl\u00ed\u017eet si specifikace a hodnotit Pi\u00f1a Coladu k prodeji z zabezpe\u010den\u00e9 digit\u00e1ln\u00ed platformy. Fr\u00e1ze \u201eKoupit Pi\u00f1a Coladu online\u201c zd\u016fraz\u0148uje pohodl\u00ed a dostupnost tam, kde jsou transakce s konop\u00edm leg\u00e1ln\u011b povoleny.<\/p>\n<p>Online prodejci obvykle poskytuj\u00ed informace, jako je procento kanabinoid\u016f, obsah terpen\u016f, form\u00e1ty balen\u00ed a n\u011bkdy i transparentnost laboratorn\u00edch test\u016f. P\u0159i hled\u00e1n\u00ed nejlep\u0161\u00edho m\u00edsta pro n\u00e1kup Pi\u00f1a Colady online z\u00e1kazn\u00edci \u010dasto up\u0159ednost\u0148uj\u00ed dodr\u017eov\u00e1n\u00ed p\u0159edpis\u016f, bezpe\u010dn\u00e9 mo\u017enosti platby a p\u0159esn\u00e9 popisy produkt\u016f.<\/p>\n<h3>Nejlep\u0161\u00ed vyu\u017eit\u00ed a v\u00fdhody Pi\u00f1a Colady<\/h3>\n<p>Pi\u00f1a Colada je \u010dasto spojov\u00e1na s hladk\u00fdm a vyv\u00e1\u017een\u00fdm z\u00e1\u017eitkem. Mnoho u\u017eivatel\u016f popisuje jemn\u00e9 povznesen\u00ed n\u00e1lady v kombinaci s lehkou relaxac\u00ed. D\u00edky sv\u00e9mu hybridn\u00edmu profilu m\u016f\u017ee b\u00fdt vhodn\u00e1 pro spole\u010densk\u00e9 akce, kreativn\u00ed aktivity nebo odpo\u010dinek po ka\u017edodenn\u00edch povinnostech v z\u00e1vislosti na individu\u00e1ln\u00ed toleranci.<\/p>\n<p>N\u011bkte\u0159\u00ed lid\u00e9 oce\u0148uj\u00ed Pi\u00f1a Coladu pro jej\u00ed tropick\u00e9 aroma a chu\u0165ov\u00fd profil. Stejn\u011b jako u v\u0161ech konopn\u00fdch produkt\u016f se \u00fa\u010dinky mohou li\u0161it v z\u00e1vislosti na d\u00e1vkov\u00e1n\u00ed, t\u011blesn\u00e9 chemii a \u00farovni zku\u0161enost\u00ed. Zodpov\u011bdn\u00e9 u\u017e\u00edv\u00e1n\u00ed je d\u016fle\u017eit\u00e9 p\u0159i online objedn\u00e1vce Pi\u00f1a Colady, zejm\u00e9na p\u0159i v\u00fdb\u011bru produkt\u016f s vy\u0161\u0161\u00ed potenc\u00ed.<\/p>\n<h3>Pro\u010d koupit Pi\u00f1a Coladu online na koupitmarihuanu.com?<\/h3>\n<p>N\u00e1kup Pi\u00f1a Colady online na <a href=\"https:\/\/koupitmarihuanu.com\/it\/\">koupitmarihuanu.com<\/a> nab\u00edz\u00ed z\u00e1kazn\u00edk\u016fm efektivn\u00ed zp\u016fsob p\u0159\u00edstupu k konopn\u00fdm produkt\u016fm specifick\u00fdm pro danou odr\u016fdu v \u200b\u200bregionech, kde je prodej leg\u00e1ln\u011b povolen. Mnoho kupuj\u00edc\u00edch hled\u00e1 nejlep\u0161\u00ed m\u00edsto pro online n\u00e1kup Pi\u00f1a Colady, aby si zajistili spolehliv\u00fd servis a transparentn\u00ed informace o produktu.<\/p>\n<p>Ne\u017e se rozhodnou koupit Pi\u00f1a Coladu online, z\u00e1kazn\u00edci \u010dasto zva\u017euj\u00ed d\u016fv\u011bryhodnost webov\u00fdch str\u00e1nek, konkurenceschopn\u00e9 ceny, bezpe\u010dn\u00e9 transakce a dodr\u017eov\u00e1n\u00ed m\u00edstn\u00edch z\u00e1kon\u016f o konop\u00ed. Pokud v\u00e1s zaj\u00edm\u00e1, kde koupit Pi\u00f1a Coladu, je p\u0159ed dokon\u010den\u00edm jak\u00e9hokoli n\u00e1kupu nezbytn\u00e9 ov\u011b\u0159it, zda prodejce p\u016fsob\u00ed v souladu s pr\u00e1vn\u00edm r\u00e1mcem platn\u00fdm ve va\u0161em regionu.<\/p>\n<h3>Jak si u n\u00e1s objednat Pi\u00f1a Coladu online<\/h3>\n<p>Chce-li si objednat Pi\u00f1a Coladu online, z\u00e1kazn\u00edci obvykle nav\u0161t\u00edv\u00ed webov\u00e9 str\u00e1nky, <a href=\"https:\/\/en.wikipedia.org\/wiki\/Pi%C3%B1a_colada\">prohl\u00e9dnou<\/a> si dostupn\u00e9 nab\u00eddky a vyberou preferovanou variantu produktu. Po p\u0159id\u00e1n\u00ed polo\u017eky do ko\u0161\u00edku pokra\u010duj\u00ed k pokladn\u011b, zad\u00e1vaj\u00ed pot\u0159ebn\u00e9 \u00fadaje a dokon\u010duj\u00ed platbu schv\u00e1len\u00fdmi metodami.<\/p>\n<p>V z\u00e1vislosti na region\u00e1ln\u00edch p\u0159edpisech m\u016f\u017ee b\u00fdt p\u0159ed \u00fasp\u011b\u0161nou online objedn\u00e1vkou Pi\u00f1a Colady vy\u017eadov\u00e1no ov\u011b\u0159en\u00ed v\u011bku nebo toto\u017enosti. Po potvrzen\u00ed jsou poskytnuty dodac\u00ed lh\u016fty a podrobnosti o doru\u010den\u00ed. Z\u00e1kazn\u00edci by si m\u011bli p\u0159ed n\u00e1kupem jak\u00e9koli Pi\u00f1a Colady online pe\u010dliv\u011b prostudovat z\u00e1sady obchodu.<\/p>","protected":false},"excerpt":{"rendered":"<p>Koupit Pi\u00f1a Coladu online Koupit Pi\u00f1a Coladu online ozna\u010duje proces n\u00e1kupu produkt\u016f odvozen\u00fdch z odr\u016fdy Pi\u00f1a Colada prost\u0159ednictv\u00edm internetov\u00fdch platforem, kde je prodej konop\u00ed pr\u00e1vn\u011b regulov\u00e1n. Tuto fr\u00e1zi b\u011b\u017en\u011b pou\u017e\u00edvaj\u00ed jednotlivci, kte\u0159\u00ed p\u0159ed n\u00e1kupem zkoumaj\u00ed chu\u0165ov\u00fd profil, \u00farove\u0148 \u00fa\u010dinnosti, pravost produktu a cenu Pi\u00f1a Colady. Mnoho spot\u0159ebitel\u016f hled\u00e1 v\u00fdrazy jako \u201eKoupit Pi\u00f1a Coladu online\u201c nebo [&hellip;]<\/p>\n","protected":false},"featured_media":1206,"comment_status":"open","ping_status":"closed","template":"","meta":{"site-sidebar-layout":"default","site-content-layout":"","ast-site-content-layout":"default","site-content-style":"default","site-sidebar-style":"default","ast-global-header-display":"","ast-banner-title-visibility":"","ast-main-header-display":"","ast-hfb-above-header-display":"","ast-hfb-below-header-display":"","ast-hfb-mobile-header-display":"","site-post-title":"","ast-breadcrumbs-content":"","ast-featured-img":"","footer-sml-layout":"","ast-disable-related-posts":"","theme-transparent-header-meta":"default","adv-header-id-meta":"","stick-header-meta":"default","header-above-stick-meta":"","header-main-stick-meta":"","header-below-stick-meta":"","astra-migrate-meta-layouts":"set","ast-page-background-enabled":"default","ast-page-background-meta":{"desktop":{"background-color":"var(--ast-global-color-4)","background-image":"","background-repeat":"repeat","background-position":"center center","background-size":"auto","background-attachment":"scroll","background-type":"","background-media":"","overlay-type":"","overlay-color":"","overlay-opacity":"","overlay-gradient":""},"tablet":{"background-color":"","background-image":"","background-repeat":"repeat","background-position":"center center","background-size":"auto","background-attachment":"scroll","background-type":"","background-media":"","overlay-type":"","overlay-color":"","overlay-opacity":"","overlay-gradient":""},"mobile":{"background-color":"","background-image":"","background-repeat":"repeat","background-position":"center center","background-size":"auto","background-attachment":"scroll","background-type":"","background-media":"","overlay-type":"","overlay-color":"","overlay-opacity":"","overlay-gradient":""}},"ast-content-background-meta":{"desktop":{"background-color":"var(--ast-global-color-5)","background-image":"","background-repeat":"repeat","background-position":"center center","background-size":"auto","background-attachment":"scroll","background-type":"","background-media":"","overlay-type":"","overlay-color":"","overlay-opacity":"","overlay-gradient":""},"tablet":{"background-color":"var(--ast-global-color-5)","background-image":"","background-repeat":"repeat","background-position":"center center","background-size":"auto","background-attachment":"scroll","background-type":"","background-media":"","overlay-type":"","overlay-color":"","overlay-opacity":"","overlay-gradient":""},"mobile":{"background-color":"var(--ast-global-color-5)","background-image":"","background-repeat":"repeat","background-position":"center center","background-size":"auto","background-attachment":"scroll","background-type":"","background-media":"","overlay-type":"","overlay-color":"","overlay-opacity":"","overlay-gradient":""}},"_joinchat":[]},"product_brand":[],"product_cat":[17],"product_tag":[],"class_list":{"0":"post-16","1":"product","2":"type-product","3":"status-publish","4":"has-post-thumbnail","6":"product_cat-marihuana","7":"desktop-align-left","8":"tablet-align-left","9":"mobile-align-left","10":"ast-product-gallery-layout-horizontal-slider","11":"ast-product-gallery-with-no-image","12":"ast-product-single-variable","13":"ast-product-tabs-layout-horizontal","15":"first","16":"instock","17":"shipping-taxable","18":"purchasable","19":"product-type-variable"},"yoast_head":"<!-- This site is optimized with the Yoast SEO plugin v22.6 - https:\/\/yoast.com\/wordpress\/plugins\/seo\/ -->\n<title>Koupit Pina Colada online \u2013 Pina Colada na prodej<\/title>\n<meta name=\"description\" content=\"N\u00e1\u0161 online obchod KoupitMarihuanu nab\u00edz\u00ed nejlep\u0161\u00ed kvalitu Pina Colady na prodej. Pokud si chcete koupit Pina Coladu online, m\u016f\u017eeme v\u00e1m pomoci ze v\u0161ech stran. Objednejte je\u0161t\u011b dnes!\" \/>\n<meta name=\"robots\" content=\"index, follow, max-snippet:-1, max-image-preview:large, max-video-preview:-1\" \/>\n<link rel=\"canonical\" href=\"https:\/\/koupitmarihuanu.com\/it\/prodotto\/pina-colada\/\" \/>\n<meta property=\"og:locale\" content=\"it_IT\" \/>\n<meta property=\"og:type\" content=\"article\" \/>\n<meta property=\"og:title\" content=\"Koupit Pina Colada online \u2013 Pina Colada na prodej\" \/>\n<meta property=\"og:description\" content=\"N\u00e1\u0161 online obchod KoupitMarihuanu nab\u00edz\u00ed nejlep\u0161\u00ed kvalitu Pina Colady na prodej. Pokud si chcete koupit Pina Coladu online, m\u016f\u017eeme v\u00e1m pomoci ze v\u0161ech stran. Objednejte je\u0161t\u011b dnes!\" \/>\n<meta property=\"og:url\" content=\"https:\/\/koupitmarihuanu.com\/it\/prodotto\/pina-colada\/\" \/>\n<meta property=\"og:site_name\" content=\"Koupit Marihuanu\" \/>\n<meta property=\"article:modified_time\" content=\"2026-02-19T05:39:13+00:00\" \/>\n<meta property=\"og:image\" content=\"https:\/\/koupitmarihuanu.com\/wp-content\/uploads\/2023\/12\/PINA-COLADA.jpg\" \/>\n\t<meta property=\"og:image:width\" content=\"600\" \/>\n\t<meta property=\"og:image:height\" content=\"600\" \/>\n\t<meta property=\"og:image:type\" content=\"image\/jpeg\" \/>\n<meta name=\"twitter:card\" content=\"summary_large_image\" \/>\n<meta name=\"twitter:label1\" content=\"Tempo di lettura stimato\" \/>\n\t<meta name=\"twitter:data1\" content=\"3 minuti\" \/>\n<script type=\"application\/ld+json\" class=\"yoast-schema-graph\">{\"@context\":\"https:\/\/schema.org\",\"@graph\":[{\"@type\":\"WebPage\",\"@id\":\"https:\/\/koupitmarihuanu.com\/produkt\/pina-colada\/\",\"url\":\"https:\/\/koupitmarihuanu.com\/produkt\/pina-colada\/\",\"name\":\"Koupit Pina Colada online \u2013 Pina Colada na prodej\",\"isPartOf\":{\"@id\":\"https:\/\/koupitmarihuanu.com\/#website\"},\"primaryImageOfPage\":{\"@id\":\"https:\/\/koupitmarihuanu.com\/produkt\/pina-colada\/#primaryimage\"},\"image\":{\"@id\":\"https:\/\/koupitmarihuanu.com\/produkt\/pina-colada\/#primaryimage\"},\"thumbnailUrl\":\"https:\/\/koupitmarihuanu.com\/wp-content\/uploads\/2023\/12\/PINA-COLADA.jpg\",\"datePublished\":\"2023-12-26T07:28:54+00:00\",\"dateModified\":\"2026-02-19T05:39:13+00:00\",\"description\":\"N\u00e1\u0161 online obchod KoupitMarihuanu nab\u00edz\u00ed nejlep\u0161\u00ed kvalitu Pina Colady na prodej. Pokud si chcete koupit Pina Coladu online, m\u016f\u017eeme v\u00e1m pomoci ze v\u0161ech stran. Objednejte je\u0161t\u011b dnes!\",\"breadcrumb\":{\"@id\":\"https:\/\/koupitmarihuanu.com\/produkt\/pina-colada\/#breadcrumb\"},\"inLanguage\":\"it-IT\",\"potentialAction\":[{\"@type\":\"ReadAction\",\"target\":[\"https:\/\/koupitmarihuanu.com\/produkt\/pina-colada\/\"]}]},{\"@type\":\"ImageObject\",\"inLanguage\":\"it-IT\",\"@id\":\"https:\/\/koupitmarihuanu.com\/produkt\/pina-colada\/#primaryimage\",\"url\":\"https:\/\/koupitmarihuanu.com\/wp-content\/uploads\/2023\/12\/PINA-COLADA.jpg\",\"contentUrl\":\"https:\/\/koupitmarihuanu.com\/wp-content\/uploads\/2023\/12\/PINA-COLADA.jpg\",\"width\":600,\"height\":600,\"caption\":\"Koupit PINA-COLADA Online\"},{\"@type\":\"BreadcrumbList\",\"@id\":\"https:\/\/koupitmarihuanu.com\/produkt\/pina-colada\/#breadcrumb\",\"itemListElement\":[{\"@type\":\"ListItem\",\"position\":1,\"name\":\"Home\",\"item\":\"https:\/\/koupitmarihuanu.com\/\"},{\"@type\":\"ListItem\",\"position\":2,\"name\":\"Prodejna\",\"item\":\"https:\/\/koupitmarihuanu.com\/prodejna\/\"},{\"@type\":\"ListItem\",\"position\":3,\"name\":\"Pina Colada\"}]},{\"@type\":\"WebSite\",\"@id\":\"https:\/\/koupitmarihuanu.com\/#website\",\"url\":\"https:\/\/koupitmarihuanu.com\/\",\"name\":\"Koupit Marihuanu\",\"description\":\"My WordPress Blog\",\"publisher\":{\"@id\":\"https:\/\/koupitmarihuanu.com\/#organization\"},\"potentialAction\":[{\"@type\":\"SearchAction\",\"target\":{\"@type\":\"EntryPoint\",\"urlTemplate\":\"https:\/\/koupitmarihuanu.com\/?s={search_term_string}\"},\"query-input\":\"required name=search_term_string\"}],\"inLanguage\":\"it-IT\"},{\"@type\":\"Organization\",\"@id\":\"https:\/\/koupitmarihuanu.com\/#organization\",\"name\":\"Koupit Marihuanu\",\"url\":\"https:\/\/koupitmarihuanu.com\/\",\"logo\":{\"@type\":\"ImageObject\",\"inLanguage\":\"it-IT\",\"@id\":\"https:\/\/koupitmarihuanu.com\/#\/schema\/logo\/image\/\",\"url\":\"https:\/\/koupitmarihuanu.com\/wp-content\/uploads\/2024\/01\/black-logo.png\",\"contentUrl\":\"https:\/\/koupitmarihuanu.com\/wp-content\/uploads\/2024\/01\/black-logo.png\",\"width\":300,\"height\":63,\"caption\":\"Koupit Marihuanu\"},\"image\":{\"@id\":\"https:\/\/koupitmarihuanu.com\/#\/schema\/logo\/image\/\"}}]}<\/script>\n<!-- \/ Yoast SEO plugin. -->","yoast_head_json":{"title":"Acquista Pina Colada online - Pina Colada in vendita","description":"Il nostro negozio online Acquista marijuana offre la migliore qualit\u00e0 Pina Colada in vendita. Se desideri acquistare la Pina Colada online, possiamo aiutarti da tutti i lati. Ordina oggi!","robots":{"index":"index","follow":"follow","max-snippet":"max-snippet:-1","max-image-preview":"max-image-preview:large","max-video-preview":"max-video-preview:-1"},"canonical":"https:\/\/koupitmarihuanu.com\/it\/prodotto\/pina-colada\/","og_locale":"it_IT","og_type":"article","og_title":"Koupit Pina Colada online \u2013 Pina Colada na prodej","og_description":"N\u00e1\u0161 online obchod KoupitMarihuanu nab\u00edz\u00ed nejlep\u0161\u00ed kvalitu Pina Colady na prodej. Pokud si chcete koupit Pina Coladu online, m\u016f\u017eeme v\u00e1m pomoci ze v\u0161ech stran. Objednejte je\u0161t\u011b dnes!","og_url":"https:\/\/koupitmarihuanu.com\/it\/prodotto\/pina-colada\/","og_site_name":"Koupit Marihuanu","article_modified_time":"2026-02-19T05:39:13+00:00","og_image":[{"width":600,"height":600,"url":"https:\/\/koupitmarihuanu.com\/wp-content\/uploads\/2023\/12\/PINA-COLADA.jpg","type":"image\/jpeg"}],"twitter_card":"summary_large_image","twitter_misc":{"Tempo di lettura stimato":"3 minuti"},"schema":{"@context":"https:\/\/schema.org","@graph":[{"@type":"WebPage","@id":"https:\/\/koupitmarihuanu.com\/produkt\/pina-colada\/","url":"https:\/\/koupitmarihuanu.com\/produkt\/pina-colada\/","name":"Acquista Pina Colada online - Pina Colada in vendita","isPartOf":{"@id":"https:\/\/koupitmarihuanu.com\/#website"},"primaryImageOfPage":{"@id":"https:\/\/koupitmarihuanu.com\/produkt\/pina-colada\/#primaryimage"},"image":{"@id":"https:\/\/koupitmarihuanu.com\/produkt\/pina-colada\/#primaryimage"},"thumbnailUrl":"https:\/\/koupitmarihuanu.com\/wp-content\/uploads\/2023\/12\/PINA-COLADA.jpg","datePublished":"2023-12-26T07:28:54+00:00","dateModified":"2026-02-19T05:39:13+00:00","description":"Il nostro negozio online Acquista marijuana offre la migliore qualit\u00e0 Pina Colada in vendita. Se desideri acquistare la Pina Colada online, possiamo aiutarti da tutti i lati. Ordina oggi!","breadcrumb":{"@id":"https:\/\/koupitmarihuanu.com\/produkt\/pina-colada\/#breadcrumb"},"inLanguage":"it-IT","potentialAction":[{"@type":"ReadAction","target":["https:\/\/koupitmarihuanu.com\/produkt\/pina-colada\/"]}]},{"@type":"ImageObject","inLanguage":"it-IT","@id":"https:\/\/koupitmarihuanu.com\/produkt\/pina-colada\/#primaryimage","url":"https:\/\/koupitmarihuanu.com\/wp-content\/uploads\/2023\/12\/PINA-COLADA.jpg","contentUrl":"https:\/\/koupitmarihuanu.com\/wp-content\/uploads\/2023\/12\/PINA-COLADA.jpg","width":600,"height":600,"caption":"Koupit PINA-COLADA Online"},{"@type":"BreadcrumbList","@id":"https:\/\/koupitmarihuanu.com\/produkt\/pina-colada\/#breadcrumb","itemListElement":[{"@type":"ListItem","position":1,"name":"Home","item":"https:\/\/koupitmarihuanu.com\/"},{"@type":"ListItem","position":2,"name":"Prodejna","item":"https:\/\/koupitmarihuanu.com\/prodejna\/"},{"@type":"ListItem","position":3,"name":"Pina Colada"}]},{"@type":"WebSite","@id":"https:\/\/koupitmarihuanu.com\/#website","url":"https:\/\/koupitmarihuanu.com\/","name":"Comprare marijuana","description":"Il mio blog WordPress","publisher":{"@id":"https:\/\/koupitmarihuanu.com\/#organization"},"potentialAction":[{"@type":"SearchAction","target":{"@type":"EntryPoint","urlTemplate":"https:\/\/koupitmarihuanu.com\/?s={search_term_string}"},"query-input":"required name=search_term_string"}],"inLanguage":"it-IT"},{"@type":"Organization","@id":"https:\/\/koupitmarihuanu.com\/#organization","name":"Comprare marijuana","url":"https:\/\/koupitmarihuanu.com\/","logo":{"@type":"ImageObject","inLanguage":"it-IT","@id":"https:\/\/koupitmarihuanu.com\/#\/schema\/logo\/image\/","url":"https:\/\/koupitmarihuanu.com\/wp-content\/uploads\/2024\/01\/black-logo.png","contentUrl":"https:\/\/koupitmarihuanu.com\/wp-content\/uploads\/2024\/01\/black-logo.png","width":300,"height":63,"caption":"Koupit Marihuanu"},"image":{"@id":"https:\/\/koupitmarihuanu.com\/#\/schema\/logo\/image\/"}}]}},"_links":{"self":[{"href":"https:\/\/koupitmarihuanu.com\/it\/wp-json\/wp\/v2\/product\/16","targetHints":{"allow":["GET"]}}],"collection":[{"href":"https:\/\/koupitmarihuanu.com\/it\/wp-json\/wp\/v2\/product"}],"about":[{"href":"https:\/\/koupitmarihuanu.com\/it\/wp-json\/wp\/v2\/types\/product"}],"replies":[{"embeddable":true,"href":"https:\/\/koupitmarihuanu.com\/it\/wp-json\/wp\/v2\/comments?post=16"}],"wp:featuredmedia":[{"embeddable":true,"href":"https:\/\/koupitmarihuanu.com\/it\/wp-json\/wp\/v2\/media\/1206"}],"wp:attachment":[{"href":"https:\/\/koupitmarihuanu.com\/it\/wp-json\/wp\/v2\/media?parent=16"}],"wp:term":[{"taxonomy":"product_brand","embeddable":true,"href":"https:\/\/koupitmarihuanu.com\/it\/wp-json\/wp\/v2\/product_brand?post=16"},{"taxonomy":"product_cat","embeddable":true,"href":"https:\/\/koupitmarihuanu.com\/it\/wp-json\/wp\/v2\/product_cat?post=16"},{"taxonomy":"product_tag","embeddable":true,"href":"https:\/\/koupitmarihuanu.com\/it\/wp-json\/wp\/v2\/product_tag?post=16"}],"curies":[{"name":"wp","href":"https:\/\/api.w.org\/{rel}","templated":true}]}}