{"id":30,"date":"2023-12-26T07:28:54","date_gmt":"2023-12-26T07:28:54","guid":{"rendered":"https:\/\/cannasmed.com\/herbe\/?post_type=product&#038;p=30"},"modified":"2026-02-18T13:00:10","modified_gmt":"2026-02-18T13:00:10","slug":"sugarhajtomu-uzemanyag","status":"publish","type":"product","link":"https:\/\/koupitmarihuanu.com\/hu\/produkt\/jet-fuel\/","title":{"rendered":"Jet Fuel"},"content":{"rendered":"<h2>koupit Jet Fuel online<\/h2>\n<p><a href=\"https:\/\/koupitmarihuanu.com\/hu\/termek\/sugarhajtomu-uzemanyag\/\">Koupit tryskov\u00e9 palivo online<\/a> ozna\u010duje proces n\u00e1kupu produkt\u016f odvozen\u00fdch z tryskov\u00e9ho paliva prost\u0159ednictv\u00edm internetov\u00fdch platforem, kde je prodej konop\u00ed pr\u00e1vn\u011b regulov\u00e1n. Toto spojen\u00ed b\u011b\u017en\u011b vyhled\u00e1vaj\u00ed jednotlivci, kte\u0159\u00ed si cht\u011bj\u00ed p\u0159ed n\u00e1kupem prohl\u00e9dnout kvalitu produktu, obsah kanabinoid\u016f, aroma a cenu tryskov\u00e9ho paliva. Mnoho spot\u0159ebitel\u016f zad\u00e1v\u00e1 dotazy jako Koupit tryskov\u00e9 palivo online nebo Kde koupit tryskov\u00e9 palivo?, kdy\u017e porovn\u00e1vaj\u00ed licencovan\u00e9 v\u00fddejny a hodnot\u00ed dostupn\u00e9 mo\u017enosti.<\/p>\n<p>Tryskov\u00e9 palivo, na n\u011bkter\u00fdch trz\u00edch n\u011bkdy ozna\u010dovan\u00e9 jako G6, je zn\u00e1m\u00e9 sv\u00fdm \u0161tiplav\u00fdm, naftov\u00fdm aroma v kombinaci se zemit\u00fdmi a citrusov\u00fdmi podt\u00f3ny. Jako odr\u016fda s p\u0159evahou sativy je \u010dasto spojov\u00e1no s povzn\u00e1\u0161ej\u00edc\u00edmi a energizuj\u00edc\u00edmi \u00fa\u010dinky, kter\u00e9 mohou podpo\u0159it soust\u0159ed\u011bn\u00ed a du\u0161evn\u00ed jasnost. Kdy\u017e z\u00e1kazn\u00edci hledaj\u00ed tryskov\u00e9 palivo k prodeji, obvykle hledaj\u00ed autentick\u00e9 konopn\u00e9 produkty, kter\u00e9 si zachov\u00e1vaj\u00ed charakteristick\u00fd terpenov\u00fd a kanabinoidn\u00ed profil odr\u016fdy.<\/p>\n<p>Produkty odvozen\u00e9 z tryskov\u00e9ho paliva mohou obsahovat r\u016fzn\u00e9 hladiny THC a n\u011bkdy i CBD v z\u00e1vislosti na kultiva\u010dn\u00edch metod\u00e1ch a slo\u017een\u00ed. THC p\u0159isp\u00edv\u00e1 k psychoaktivn\u00edm \u00fa\u010dink\u016fm, zat\u00edmco CBD nen\u00ed intoxika\u010dn\u00ed a \u010dasto je spojov\u00e1no s podp\u016frn\u00fdmi vlastnostmi.<\/p>\n<p>Proto\u017ee se \u00fa\u010dinnost m\u016f\u017ee li\u0161it, mnoho kupuj\u00edc\u00edch porovn\u00e1v\u00e1 laboratorn\u00ed \u00fadaje a vyhodnocuje celkovou cenu Jet Fuel, ne\u017e se rozhodnou koupit Jet Fuel online.<\/p>\n<h3>Co je Jet Fuel Online?<\/h3>\n<p>Jet Fuel Online ozna\u010duje dostupnost t\u00e9to odr\u016fdy prost\u0159ednictv\u00edm licencovan\u00fdch online v\u00fddejen nebo regulovan\u00fdch webov\u00fdch str\u00e1nek s maloobchodn\u00edm prodejem konop\u00ed. M\u00edsto n\u00e1v\u0161t\u011bvy kamenn\u00e9 prodejny si z\u00e1kazn\u00edci mohou prohl\u00ed\u017eet podrobn\u00e9 nab\u00eddky, prohl\u00ed\u017eet si specifikace a hodnotit Jet Fuel k prodeji na zabezpe\u010den\u00e9 online platform\u011b. Fr\u00e1ze \u201eKoupit Jet Fuel online\u201c zd\u016fraz\u0148uje pohodl\u00ed a dostupnost tam, kde jsou transakce s konop\u00edm leg\u00e1ln\u011b povoleny.<\/p>\n<p>Online prodejci \u010dasto poskytuj\u00ed informace, jako je procento kanabinoid\u016f, obsah terpen\u016f, podrobnosti o p\u011bstov\u00e1n\u00ed a form\u00e1ty balen\u00ed. P\u0159i hled\u00e1n\u00ed nejlep\u0161\u00edho m\u00edsta pro n\u00e1kup Jet Fuel online z\u00e1kazn\u00edci obvykle up\u0159ednost\u0148uj\u00ed transparentnost, dodr\u017eov\u00e1n\u00ed p\u0159edpis\u016f a bezpe\u010dn\u00e9 platebn\u00ed syst\u00e9my.<\/p>\n<h3>Nejlep\u0161\u00ed vyu\u017eit\u00ed a v\u00fdhody Jet Fuel<\/h3>\n<p>Jet Fuel je \u010dasto spojov\u00e1n s energizuj\u00edc\u00edmi a n\u00e1ladov\u011b povzn\u00e1\u0161ej\u00edc\u00edmi \u00fa\u010dinky d\u00edky sv\u00e9 dominantn\u00ed sativ\u011b. Mnoho u\u017eivatel\u016f popisuje z\u00e1\u017eitek z bystr\u00e9 mysli, kter\u00fd m\u016f\u017ee b\u00fdt vhodn\u00fd pro denn\u00ed aktivity nebo kreativn\u00ed \u00fakoly. Jeho aromatick\u00fd profil oce\u0148uj\u00ed i \u200b\u200bti, kte\u0159\u00ed preferuj\u00ed odr\u016fdy s v\u00fdrazn\u00fdmi vlastnostmi podobn\u00fdmi naft\u011b.<\/p>\n<p>N\u011bkte\u0159\u00ed lid\u00e9 si vyb\u00edraj\u00ed Jet Fuel pro osobn\u00ed pot\u011b\u0161en\u00ed v regulovan\u00e9m prost\u0159ed\u00ed. Stejn\u011b jako u jak\u00e9hokoli konopn\u00e9ho produktu se \u00fa\u010dinky mohou li\u0161it v z\u00e1vislosti na d\u00e1vkov\u00e1n\u00ed, toleranci a individu\u00e1ln\u00ed t\u011blesn\u00e9 chemii. Zodpov\u011bdn\u00e9 u\u017e\u00edv\u00e1n\u00ed je d\u016fle\u017eit\u00e9 p\u0159i online objedn\u00e1vce Jet Fuel, zejm\u00e9na p\u0159i v\u00fdb\u011bru mo\u017enost\u00ed s vy\u0161\u0161\u00ed \u00fa\u010dinnost\u00ed.<\/p>\n<h3>Pro\u010d nakupovat Jet Fuel online na koupitmarihuanu.com?<\/h3>\n<p>N\u00e1kup Jet Fuel online na <a href=\"https:\/\/koupitmarihuanu.com\/hu\/\">koupitmarihuanu.com<\/a> nab\u00edz\u00ed z\u00e1kazn\u00edk\u016fm efektivn\u00ed zp\u016fsob p\u0159\u00edstupu k konopn\u00fdm produkt\u016fm specifick\u00fdm pro danou odr\u016fdu, pokud je to leg\u00e1ln\u011b povoleno. Mnoho kupuj\u00edc\u00edch hled\u00e1 nejlep\u0161\u00ed m\u00edsto pro online n\u00e1kup Jet Fuel, aby si zajistili p\u0159esn\u00e9 popisy produkt\u016f a spolehliv\u00fd z\u00e1kaznick\u00fd servis.<\/p>\n<p>P\u0159ed rozhodnut\u00edm koupit Jet Fuel online z\u00e1kazn\u00edci \u010dasto zva\u017euj\u00ed d\u016fv\u011bryhodnost webov\u00fdch str\u00e1nek, konkurenceschopn\u00e9 ceny, bezpe\u010dn\u00e9 transakce a dodr\u017eov\u00e1n\u00ed p\u0159edpis\u016f. Pokud v\u00e1s zaj\u00edm\u00e1, kde koupit Jet Fuel, je nezbytn\u00e9 p\u0159ed dokon\u010den\u00edm jak\u00e9koli objedn\u00e1vky ov\u011b\u0159it, zda prodejce p\u016fsob\u00ed v souladu s pr\u00e1vn\u00edm r\u00e1mcem platn\u00fdm ve va\u0161em regionu.<\/p>\n<h3>Jak objednat Jet Fuel online od n\u00e1s<\/h3>\n<p>Chce-li si z\u00e1kazn\u00edk objednat Jet Fuel online, obvykle nav\u0161t\u00edv\u00ed webov\u00e9 str\u00e1nky, prohl\u00e9dne si dostupn\u00e9 nab\u00eddky a vybere preferovanou variantu produktu. Po p\u0159id\u00e1n\u00ed polo\u017eky do ko\u0161\u00edku pokra\u010duj\u00ed k pokladn\u011b, zadaj\u00ed po\u017eadovan\u00e9 \u00fadaje a dokon\u010d\u00ed platbu schv\u00e1len\u00fdmi metodami.<\/p>\n<p>V z\u00e1vislosti na region\u00e1ln\u00edch p\u0159edpisech m\u016f\u017ee b\u00fdt p\u0159ed \u00fasp\u011b\u0161nou online objedn\u00e1vkou leteck\u00e9ho paliva vy\u017eadov\u00e1no ov\u011b\u0159en\u00ed v\u011bku nebo toto\u017enosti. Po potvrzen\u00ed jsou poskytnuty dodac\u00ed lh\u016fty a podrobnosti o doru\u010den\u00ed. Z\u00e1kazn\u00edci by si m\u011bli p\u0159ed n\u00e1kupem jak\u00e9hokoli leteck\u00e9ho paliva online pe\u010dliv\u011b <a href=\"https:\/\/en.wikipedia.org\/wiki\/Jet_fuel\">prostudovat<\/a> z\u00e1sady obchodu.<\/p>\n<h3>\u010casto kladen\u00e9 ot\u00e1zky (FAQ)<\/h3>\n<p>Mezi \u010dast\u00e9 ot\u00e1zky pat\u0159\u00ed dotazy ohledn\u011b ceny leteck\u00e9ho paliva, \u00farovn\u00ed \u00fa\u010dinnosti, dostupn\u00fdch form\u00e1t\u016f produkt\u016f a mo\u017enost\u00ed dopravy. Mnoho z\u00e1kazn\u00edk\u016f se tak\u00e9 pt\u00e1, kde leg\u00e1ln\u011b a bezpe\u010dn\u011b koupit leteck\u00e9 palivo.<\/p>\n<p>Dal\u0161\u00ed \u010dasto kladen\u00e9 ot\u00e1zky se mohou t\u00fdkat transparentnosti laboratorn\u00edch test\u016f, doporu\u010den\u00fdch skladovac\u00edch postup\u016f a toho, zda je leteck\u00e9 palivo k prodeji dostupn\u00e9 v konkr\u00e9tn\u00edch regionech. Vzhledem k tomu, \u017ee se z\u00e1kony o konop\u00ed li\u0161\u00ed v jednotliv\u00fdch jurisdikc\u00edch, m\u011bli by si jednotlivci p\u0159ed online n\u00e1kupem leteck\u00e9ho paliva v\u017edy ov\u011b\u0159it m\u00edstn\u00ed p\u0159edpisy.<\/p>","protected":false},"excerpt":{"rendered":"<p>koupit Jet Fuel online Koupit tryskov\u00e9 palivo online ozna\u010duje proces n\u00e1kupu produkt\u016f odvozen\u00fdch z tryskov\u00e9ho paliva prost\u0159ednictv\u00edm internetov\u00fdch platforem, kde je prodej konop\u00ed pr\u00e1vn\u011b regulov\u00e1n. Toto spojen\u00ed b\u011b\u017en\u011b vyhled\u00e1vaj\u00ed jednotlivci, kte\u0159\u00ed si cht\u011bj\u00ed p\u0159ed n\u00e1kupem prohl\u00e9dnout kvalitu produktu, obsah kanabinoid\u016f, aroma a cenu tryskov\u00e9ho paliva. Mnoho spot\u0159ebitel\u016f zad\u00e1v\u00e1 dotazy jako Koupit tryskov\u00e9 palivo online nebo [&hellip;]<\/p>\n","protected":false},"featured_media":1229,"comment_status":"open","ping_status":"closed","template":"","meta":{"site-sidebar-layout":"default","site-content-layout":"","ast-site-content-layout":"default","site-content-style":"default","site-sidebar-style":"default","ast-global-header-display":"","ast-banner-title-visibility":"","ast-main-header-display":"","ast-hfb-above-header-display":"","ast-hfb-below-header-display":"","ast-hfb-mobile-header-display":"","site-post-title":"","ast-breadcrumbs-content":"","ast-featured-img":"","footer-sml-layout":"","ast-disable-related-posts":"","theme-transparent-header-meta":"default","adv-header-id-meta":"","stick-header-meta":"default","header-above-stick-meta":"","header-main-stick-meta":"","header-below-stick-meta":"","astra-migrate-meta-layouts":"set","ast-page-background-enabled":"default","ast-page-background-meta":{"desktop":{"background-color":"var(--ast-global-color-4)","background-image":"","background-repeat":"repeat","background-position":"center center","background-size":"auto","background-attachment":"scroll","background-type":"","background-media":"","overlay-type":"","overlay-color":"","overlay-opacity":"","overlay-gradient":""},"tablet":{"background-color":"","background-image":"","background-repeat":"repeat","background-position":"center center","background-size":"auto","background-attachment":"scroll","background-type":"","background-media":"","overlay-type":"","overlay-color":"","overlay-opacity":"","overlay-gradient":""},"mobile":{"background-color":"","background-image":"","background-repeat":"repeat","background-position":"center center","background-size":"auto","background-attachment":"scroll","background-type":"","background-media":"","overlay-type":"","overlay-color":"","overlay-opacity":"","overlay-gradient":""}},"ast-content-background-meta":{"desktop":{"background-color":"var(--ast-global-color-5)","background-image":"","background-repeat":"repeat","background-position":"center center","background-size":"auto","background-attachment":"scroll","background-type":"","background-media":"","overlay-type":"","overlay-color":"","overlay-opacity":"","overlay-gradient":""},"tablet":{"background-color":"var(--ast-global-color-5)","background-image":"","background-repeat":"repeat","background-position":"center center","background-size":"auto","background-attachment":"scroll","background-type":"","background-media":"","overlay-type":"","overlay-color":"","overlay-opacity":"","overlay-gradient":""},"mobile":{"background-color":"var(--ast-global-color-5)","background-image":"","background-repeat":"repeat","background-position":"center center","background-size":"auto","background-attachment":"scroll","background-type":"","background-media":"","overlay-type":"","overlay-color":"","overlay-opacity":"","overlay-gradient":""}},"_joinchat":[]},"product_brand":[],"product_cat":[17],"product_tag":[],"class_list":{"0":"post-30","1":"product","2":"type-product","3":"status-publish","4":"has-post-thumbnail","6":"product_cat-marihuana","7":"desktop-align-left","8":"tablet-align-left","9":"mobile-align-left","10":"ast-product-gallery-layout-horizontal-slider","11":"ast-product-gallery-with-no-image","12":"ast-product-single-variable","13":"ast-product-tabs-layout-horizontal","15":"first","16":"instock","17":"shipping-taxable","18":"purchasable","19":"product-type-variable"},"yoast_head":"<!-- This site is optimized with the Yoast SEO plugin v22.6 - https:\/\/yoast.com\/wordpress\/plugins\/seo\/ -->\n<title>Nakupujte Jet Fuel online \u2013 Jet Fuel na prodej<\/title>\n<meta name=\"description\" content=\"Pokud si chcete koupit Jet Fuel online a hled\u00e1te spolehliv\u00fd internetov\u00fd obchod, pak nakupujte zde. Nab\u00edz\u00edme k prodeji pouze vysoce kvalitn\u00ed Jet Fuel za p\u0159ijatelnou cenu.\" \/>\n<meta name=\"robots\" content=\"index, follow, max-snippet:-1, max-image-preview:large, max-video-preview:-1\" \/>\n<link rel=\"canonical\" href=\"https:\/\/koupitmarihuanu.com\/hu\/termek\/sugarhajtomu-uzemanyag\/\" \/>\n<meta property=\"og:locale\" content=\"hu_HU\" \/>\n<meta property=\"og:type\" content=\"article\" \/>\n<meta property=\"og:title\" content=\"Nakupujte Jet Fuel online \u2013 Jet Fuel na prodej\" \/>\n<meta property=\"og:description\" content=\"Pokud si chcete koupit Jet Fuel online a hled\u00e1te spolehliv\u00fd internetov\u00fd obchod, pak nakupujte zde. Nab\u00edz\u00edme k prodeji pouze vysoce kvalitn\u00ed Jet Fuel za p\u0159ijatelnou cenu.\" \/>\n<meta property=\"og:url\" content=\"https:\/\/koupitmarihuanu.com\/hu\/termek\/sugarhajtomu-uzemanyag\/\" \/>\n<meta property=\"og:site_name\" content=\"Koupit Marihuanu\" \/>\n<meta property=\"article:modified_time\" content=\"2026-02-18T13:00:10+00:00\" \/>\n<meta property=\"og:image\" content=\"https:\/\/koupitmarihuanu.com\/wp-content\/uploads\/2023\/12\/JET-FUEL.jpg\" \/>\n\t<meta property=\"og:image:width\" content=\"600\" \/>\n\t<meta property=\"og:image:height\" content=\"600\" \/>\n\t<meta property=\"og:image:type\" content=\"image\/jpeg\" \/>\n<meta name=\"twitter:card\" content=\"summary_large_image\" \/>\n<meta name=\"twitter:label1\" content=\"Becs\u00fclt olvas\u00e1si id\u0151\" \/>\n\t<meta name=\"twitter:data1\" content=\"4 perc\" \/>\n<script type=\"application\/ld+json\" class=\"yoast-schema-graph\">{\"@context\":\"https:\/\/schema.org\",\"@graph\":[{\"@type\":\"WebPage\",\"@id\":\"https:\/\/koupitmarihuanu.com\/produkt\/jet-fuel\/\",\"url\":\"https:\/\/koupitmarihuanu.com\/produkt\/jet-fuel\/\",\"name\":\"Nakupujte Jet Fuel online \u2013 Jet Fuel na prodej\",\"isPartOf\":{\"@id\":\"https:\/\/koupitmarihuanu.com\/#website\"},\"primaryImageOfPage\":{\"@id\":\"https:\/\/koupitmarihuanu.com\/produkt\/jet-fuel\/#primaryimage\"},\"image\":{\"@id\":\"https:\/\/koupitmarihuanu.com\/produkt\/jet-fuel\/#primaryimage\"},\"thumbnailUrl\":\"https:\/\/koupitmarihuanu.com\/wp-content\/uploads\/2023\/12\/JET-FUEL.jpg\",\"datePublished\":\"2023-12-26T07:28:54+00:00\",\"dateModified\":\"2026-02-18T13:00:10+00:00\",\"description\":\"Pokud si chcete koupit Jet Fuel online a hled\u00e1te spolehliv\u00fd internetov\u00fd obchod, pak nakupujte zde. Nab\u00edz\u00edme k prodeji pouze vysoce kvalitn\u00ed Jet Fuel za p\u0159ijatelnou cenu.\",\"breadcrumb\":{\"@id\":\"https:\/\/koupitmarihuanu.com\/produkt\/jet-fuel\/#breadcrumb\"},\"inLanguage\":\"hu\",\"potentialAction\":[{\"@type\":\"ReadAction\",\"target\":[\"https:\/\/koupitmarihuanu.com\/produkt\/jet-fuel\/\"]}]},{\"@type\":\"ImageObject\",\"inLanguage\":\"hu\",\"@id\":\"https:\/\/koupitmarihuanu.com\/produkt\/jet-fuel\/#primaryimage\",\"url\":\"https:\/\/koupitmarihuanu.com\/wp-content\/uploads\/2023\/12\/JET-FUEL.jpg\",\"contentUrl\":\"https:\/\/koupitmarihuanu.com\/wp-content\/uploads\/2023\/12\/JET-FUEL.jpg\",\"width\":600,\"height\":600,\"caption\":\"Koupit JET-FUEL Online\"},{\"@type\":\"BreadcrumbList\",\"@id\":\"https:\/\/koupitmarihuanu.com\/produkt\/jet-fuel\/#breadcrumb\",\"itemListElement\":[{\"@type\":\"ListItem\",\"position\":1,\"name\":\"Home\",\"item\":\"https:\/\/koupitmarihuanu.com\/\"},{\"@type\":\"ListItem\",\"position\":2,\"name\":\"Prodejna\",\"item\":\"https:\/\/koupitmarihuanu.com\/prodejna\/\"},{\"@type\":\"ListItem\",\"position\":3,\"name\":\"Jet Fuel\"}]},{\"@type\":\"WebSite\",\"@id\":\"https:\/\/koupitmarihuanu.com\/#website\",\"url\":\"https:\/\/koupitmarihuanu.com\/\",\"name\":\"Koupit Marihuanu\",\"description\":\"My WordPress Blog\",\"publisher\":{\"@id\":\"https:\/\/koupitmarihuanu.com\/#organization\"},\"potentialAction\":[{\"@type\":\"SearchAction\",\"target\":{\"@type\":\"EntryPoint\",\"urlTemplate\":\"https:\/\/koupitmarihuanu.com\/?s={search_term_string}\"},\"query-input\":\"required name=search_term_string\"}],\"inLanguage\":\"hu\"},{\"@type\":\"Organization\",\"@id\":\"https:\/\/koupitmarihuanu.com\/#organization\",\"name\":\"Koupit Marihuanu\",\"url\":\"https:\/\/koupitmarihuanu.com\/\",\"logo\":{\"@type\":\"ImageObject\",\"inLanguage\":\"hu\",\"@id\":\"https:\/\/koupitmarihuanu.com\/#\/schema\/logo\/image\/\",\"url\":\"https:\/\/koupitmarihuanu.com\/wp-content\/uploads\/2024\/01\/black-logo.png\",\"contentUrl\":\"https:\/\/koupitmarihuanu.com\/wp-content\/uploads\/2024\/01\/black-logo.png\",\"width\":300,\"height\":63,\"caption\":\"Koupit Marihuanu\"},\"image\":{\"@id\":\"https:\/\/koupitmarihuanu.com\/#\/schema\/logo\/image\/\"}}]}<\/script>\n<!-- \/ Yoast SEO plugin. -->","yoast_head_json":{"title":"V\u00e1s\u00e1roljon sug\u00e1rhajt\u00f3m\u0171-\u00fczemanyagot online \u2013 sug\u00e1rhajt\u00f3m\u0171-\u00fczemanyag elad\u00f3","description":"Ha online szeretne Jet Fuel-t v\u00e1s\u00e1rolni, \u00e9s megb\u00edzhat\u00f3 web\u00e1ruh\u00e1zat keres, akkor v\u00e1s\u00e1roljon itt. Kiz\u00e1r\u00f3lag kiv\u00e1l\u00f3 min\u0151s\u00e9g\u0171 Jet Fuel-t k\u00edn\u00e1lunk elad\u00e1sra, megfizethet\u0151 \u00e1ron.","robots":{"index":"index","follow":"follow","max-snippet":"max-snippet:-1","max-image-preview":"max-image-preview:large","max-video-preview":"max-video-preview:-1"},"canonical":"https:\/\/koupitmarihuanu.com\/hu\/termek\/sugarhajtomu-uzemanyag\/","og_locale":"hu_HU","og_type":"article","og_title":"Nakupujte Jet Fuel online \u2013 Jet Fuel na prodej","og_description":"Pokud si chcete koupit Jet Fuel online a hled\u00e1te spolehliv\u00fd internetov\u00fd obchod, pak nakupujte zde. Nab\u00edz\u00edme k prodeji pouze vysoce kvalitn\u00ed Jet Fuel za p\u0159ijatelnou cenu.","og_url":"https:\/\/koupitmarihuanu.com\/hu\/termek\/sugarhajtomu-uzemanyag\/","og_site_name":"Koupit Marihuanu","article_modified_time":"2026-02-18T13:00:10+00:00","og_image":[{"width":600,"height":600,"url":"https:\/\/koupitmarihuanu.com\/wp-content\/uploads\/2023\/12\/JET-FUEL.jpg","type":"image\/jpeg"}],"twitter_card":"summary_large_image","twitter_misc":{"Becs\u00fclt olvas\u00e1si id\u0151":"4 perc"},"schema":{"@context":"https:\/\/schema.org","@graph":[{"@type":"WebPage","@id":"https:\/\/koupitmarihuanu.com\/produkt\/jet-fuel\/","url":"https:\/\/koupitmarihuanu.com\/produkt\/jet-fuel\/","name":"V\u00e1s\u00e1roljon sug\u00e1rhajt\u00f3m\u0171-\u00fczemanyagot online \u2013 sug\u00e1rhajt\u00f3m\u0171-\u00fczemanyag elad\u00f3","isPartOf":{"@id":"https:\/\/koupitmarihuanu.com\/#website"},"primaryImageOfPage":{"@id":"https:\/\/koupitmarihuanu.com\/produkt\/jet-fuel\/#primaryimage"},"image":{"@id":"https:\/\/koupitmarihuanu.com\/produkt\/jet-fuel\/#primaryimage"},"thumbnailUrl":"https:\/\/koupitmarihuanu.com\/wp-content\/uploads\/2023\/12\/JET-FUEL.jpg","datePublished":"2023-12-26T07:28:54+00:00","dateModified":"2026-02-18T13:00:10+00:00","description":"Ha online szeretne Jet Fuel-t v\u00e1s\u00e1rolni, \u00e9s megb\u00edzhat\u00f3 web\u00e1ruh\u00e1zat keres, akkor v\u00e1s\u00e1roljon itt. Kiz\u00e1r\u00f3lag kiv\u00e1l\u00f3 min\u0151s\u00e9g\u0171 Jet Fuel-t k\u00edn\u00e1lunk elad\u00e1sra, megfizethet\u0151 \u00e1ron.","breadcrumb":{"@id":"https:\/\/koupitmarihuanu.com\/produkt\/jet-fuel\/#breadcrumb"},"inLanguage":"hu","potentialAction":[{"@type":"ReadAction","target":["https:\/\/koupitmarihuanu.com\/produkt\/jet-fuel\/"]}]},{"@type":"ImageObject","inLanguage":"hu","@id":"https:\/\/koupitmarihuanu.com\/produkt\/jet-fuel\/#primaryimage","url":"https:\/\/koupitmarihuanu.com\/wp-content\/uploads\/2023\/12\/JET-FUEL.jpg","contentUrl":"https:\/\/koupitmarihuanu.com\/wp-content\/uploads\/2023\/12\/JET-FUEL.jpg","width":600,"height":600,"caption":"Koupit JET-FUEL Online"},{"@type":"BreadcrumbList","@id":"https:\/\/koupitmarihuanu.com\/produkt\/jet-fuel\/#breadcrumb","itemListElement":[{"@type":"ListItem","position":1,"name":"Home","item":"https:\/\/koupitmarihuanu.com\/"},{"@type":"ListItem","position":2,"name":"Prodejna","item":"https:\/\/koupitmarihuanu.com\/prodejna\/"},{"@type":"ListItem","position":3,"name":"Jet Fuel"}]},{"@type":"WebSite","@id":"https:\/\/koupitmarihuanu.com\/#website","url":"https:\/\/koupitmarihuanu.com\/","name":"Marihu\u00e1na v\u00e1s\u00e1rl\u00e1s","description":"Az \u00e9n WordPress blogom","publisher":{"@id":"https:\/\/koupitmarihuanu.com\/#organization"},"potentialAction":[{"@type":"SearchAction","target":{"@type":"EntryPoint","urlTemplate":"https:\/\/koupitmarihuanu.com\/?s={search_term_string}"},"query-input":"required name=search_term_string"}],"inLanguage":"hu"},{"@type":"Organization","@id":"https:\/\/koupitmarihuanu.com\/#organization","name":"Marihu\u00e1na v\u00e1s\u00e1rl\u00e1s","url":"https:\/\/koupitmarihuanu.com\/","logo":{"@type":"ImageObject","inLanguage":"hu","@id":"https:\/\/koupitmarihuanu.com\/#\/schema\/logo\/image\/","url":"https:\/\/koupitmarihuanu.com\/wp-content\/uploads\/2024\/01\/black-logo.png","contentUrl":"https:\/\/koupitmarihuanu.com\/wp-content\/uploads\/2024\/01\/black-logo.png","width":300,"height":63,"caption":"Koupit Marihuanu"},"image":{"@id":"https:\/\/koupitmarihuanu.com\/#\/schema\/logo\/image\/"}}]}},"_links":{"self":[{"href":"https:\/\/koupitmarihuanu.com\/hu\/wp-json\/wp\/v2\/product\/30","targetHints":{"allow":["GET"]}}],"collection":[{"href":"https:\/\/koupitmarihuanu.com\/hu\/wp-json\/wp\/v2\/product"}],"about":[{"href":"https:\/\/koupitmarihuanu.com\/hu\/wp-json\/wp\/v2\/types\/product"}],"replies":[{"embeddable":true,"href":"https:\/\/koupitmarihuanu.com\/hu\/wp-json\/wp\/v2\/comments?post=30"}],"wp:featuredmedia":[{"embeddable":true,"href":"https:\/\/koupitmarihuanu.com\/hu\/wp-json\/wp\/v2\/media\/1229"}],"wp:attachment":[{"href":"https:\/\/koupitmarihuanu.com\/hu\/wp-json\/wp\/v2\/media?parent=30"}],"wp:term":[{"taxonomy":"product_brand","embeddable":true,"href":"https:\/\/koupitmarihuanu.com\/hu\/wp-json\/wp\/v2\/product_brand?post=30"},{"taxonomy":"product_cat","embeddable":true,"href":"https:\/\/koupitmarihuanu.com\/hu\/wp-json\/wp\/v2\/product_cat?post=30"},{"taxonomy":"product_tag","embeddable":true,"href":"https:\/\/koupitmarihuanu.com\/hu\/wp-json\/wp\/v2\/product_tag?post=30"}],"curies":[{"name":"wp","href":"https:\/\/api.w.org\/{rel}","templated":true}]}}