{"id":26,"date":"2023-12-26T07:28:54","date_gmt":"2023-12-26T07:28:54","guid":{"rendered":"https:\/\/cannasmed.com\/herbe\/?post_type=product&#038;p=26"},"modified":"2026-02-19T08:44:26","modified_gmt":"2026-02-19T08:44:26","slug":"tropusi-cseresznye","status":"publish","type":"product","link":"https:\/\/koupitmarihuanu.com\/hu\/produkt\/tropical-cherry\/","title":{"rendered":"Tr\u00f3pusi cseresznye"},"content":{"rendered":"<h2>Kupte si tropickou t\u0159e\u0161e\u0148 online<\/h2>\n<p><a href=\"https:\/\/koupitmarihuanu.com\/hu\/termek\/tropusi-cseresznye\/\">Koupit tropickou t\u0159e\u0161e\u0148 online<\/a> ozna\u010duje proces n\u00e1kupu produkt\u016f vyroben\u00fdch z odr\u016fdy Tropical Cherry prost\u0159ednictv\u00edm internetov\u00fdch platforem, kde jsou konopn\u00e9 produkty leg\u00e1ln\u011b dostupn\u00e9. Toto vyhled\u00e1vac\u00ed fr\u00e1ze b\u011b\u017en\u011b pou\u017e\u00edvaj\u00ed jednotlivci, kte\u0159\u00ed p\u0159ed n\u00e1kupem hledaj\u00ed informace o kvalit\u011b produktu, chu\u0165ov\u00e9m profilu, \u00fa\u010dinnosti a cen\u011b Tropical Cherry. Mnoho spot\u0159ebitel\u016f zad\u00e1v\u00e1 dotazy jako Koupit tropickou t\u0159e\u0161e\u0148 online nebo Kde koupit tropickou t\u0159e\u0161e\u0148?, kdy\u017e porovn\u00e1vaj\u00ed r\u016fzn\u00e9 online obchody a hodnot\u00ed dostupn\u00e9 mo\u017enosti.<\/p>\n<p>Tropical Cherry je zn\u00e1m\u00e1 svou ovocnou v\u016fn\u00ed, kter\u00e1 m\u00eds\u00ed t\u00f3ny sladk\u00e9 t\u0159e\u0161n\u011b s tropick\u00fdmi podt\u00f3ny. Jako hybridn\u00ed odr\u016fda je \u010dasto spojov\u00e1na s vyv\u00e1\u017een\u00fdmi \u00fa\u010dinky, kter\u00e9 mohou zahrnovat povznesen\u00ed n\u00e1lady a m\u00edrnou fyzickou relaxaci. Produkty odvozen\u00e9 z t\u00e9to odr\u016fdy mohou b\u00fdt dod\u00e1v\u00e1ny v r\u016fzn\u00fdch form\u00e1ch, v\u010detn\u011b kv\u011bt\u016f, koncentr\u00e1t\u016f nebo louhovan\u00fdch produkt\u016f. Kdy\u017e lid\u00e9 hledaj\u00ed Tropical Cherry k prodeji, obvykle hledaj\u00ed spolehliv\u00fd zdroj nab\u00edzej\u00edc\u00ed autentick\u00e9 a \u0159\u00e1dn\u011b ozna\u010den\u00e9 produkty.<\/p>\n<p>Konopn\u00e9 produkty vyroben\u00e9 z Tropical Cherry obvykle obsahuj\u00ed kanabinoidy, jako je THC a n\u011bkdy CBD, v z\u00e1vislosti na slo\u017een\u00ed. THC je zodpov\u011bdn\u00e9 za psychoaktivn\u00ed \u00fa\u010dinky, zat\u00edmco CBD nen\u00ed omamn\u00e9 a \u010dasto se spojuje s aplikacemi souvisej\u00edc\u00edmi s wellness. Ne\u017e se z\u00e1kazn\u00edci rozhodnou koupit Tropical Cherry online, \u010dasto porovn\u00e1vaj\u00ed \u00farovn\u011b \u00fa\u010dinnosti, popisy produkt\u016f a celkovou cenu Tropical Cherry na r\u016fzn\u00fdch platform\u00e1ch.<\/p>\n<h3>Co je Tropical Cherry Online?<\/h3>\n<p>Tropical Cherry Online ozna\u010duje dostupnost konopn\u00fdch produkt\u016f Tropical Cherry prost\u0159ednictv\u00edm licencovan\u00fdch online v\u00fddejen nebo regulovan\u00fdch webov\u00fdch str\u00e1nek s maloobchodn\u00edm prodejem konop\u00ed. M\u00edsto n\u00e1v\u0161t\u011bvy kamenn\u00e9 prodejny si z\u00e1kazn\u00edci mohou prohl\u00ed\u017eet seznamy produkt\u016f, prohl\u00ed\u017eet si specifikace a hodnotit Tropical Cherry k prodeji p\u0159\u00edmo prost\u0159ednictv\u00edm zabezpe\u010den\u00fdch webov\u00fdch str\u00e1nek. Fr\u00e1ze Koupit Tropical Cherry online zd\u016fraz\u0148uje pohodl\u00ed a dostupnost objedn\u00e1v\u00e1n\u00ed produkt\u016f z domova, za p\u0159edpokladu, \u017ee takov\u00e9 transakce povoluj\u00ed m\u00edstn\u00ed z\u00e1kony.<\/p>\n<p>Online platformy mohou nab\u00edzet podrobn\u00e9 informace o vlastnostech odr\u016fd, obsahu kanabinoid\u016f, terpenov\u00fdch profilech a v\u00fdsledc\u00edch laboratorn\u00edch test\u016f. P\u0159i hled\u00e1n\u00ed nejlep\u0161\u00edho m\u00edsta pro n\u00e1kup Tropical Cherry online z\u00e1kazn\u00edci obvykle up\u0159ednost\u0148uj\u00ed transparentnost, dodr\u017eov\u00e1n\u00ed p\u0159edpis\u016f a spolehlivost z\u00e1kaznick\u00e9ho servisu.<\/p>\n<h3>Nejlep\u0161\u00ed vyu\u017eit\u00ed a v\u00fdhody Tropical Cherry<\/h3>\n<p>Tropical Cherry je \u010dasto spojov\u00e1na s povzn\u00e1\u0161ej\u00edc\u00edmi a n\u00e1ladu zlep\u0161uj\u00edc\u00edmi \u00fa\u010dinky v kombinaci s jemnou fyzickou relaxac\u00ed. Mnoho u\u017eivatel\u016f uv\u00e1d\u00ed p\u0159\u00edjemnou rovnov\u00e1hu mezi du\u0161evn\u00ed jasnost\u00ed a t\u011blesn\u00fdm komfortem, d\u00edky \u010demu\u017e je vhodn\u00e1 pro spole\u010densk\u00e9 akce nebo kreativn\u00ed aktivity.<\/p>\n<p>N\u011bkte\u0159\u00ed lid\u00e9 hledaj\u00ed Tropical Cherry pro jej\u00ed chu\u0165ov\u00fd profil a aromatickou bohatost. Proto\u017ee se jedn\u00e1 o hybridn\u00ed odr\u016fdu, \u00fa\u010dinky se mohou li\u0161it v z\u00e1vislosti na d\u00e1vkov\u00e1n\u00ed a osobn\u00ed toleranci. Zodpov\u011bdn\u00e1 konzumace je d\u016fle\u017eit\u00e1, zejm\u00e9na pokud si objedn\u00e1v\u00e1te Tropical Cherry online a vyb\u00edr\u00e1te produkty se specifickou \u00farovn\u00ed \u00fa\u010dinnosti.<\/p>\n<h3>Pro\u010d nakupovat Tropical Cherry online na koupitmarihuanu.com?<\/h3>\n<p>N\u00e1kup Tropical Cherry online na <a href=\"https:\/\/koupitmarihuanu.com\/hu\/\">koupitmarihuanu.com<\/a> nab\u00edz\u00ed z\u00e1kazn\u00edk\u016fm pohodln\u00fd zp\u016fsob, jak z\u00edskat p\u0159\u00edstup k konopn\u00fdm produkt\u016fm specifick\u00fdm pro danou odr\u016fdu. Mnoho kupuj\u00edc\u00edch hled\u00e1 nejlep\u0161\u00ed m\u00edsto pro n\u00e1kup Tropical Cherry online, aby si zajistili pravost produktu a bezpe\u010dn\u00e9 mo\u017enosti platby.<\/p>\n<p>Z\u00e1kazn\u00edci \u010dasto p\u0159ed v\u00fdb\u011brem online n\u00e1kupu Tropical Cherry hodnot\u00ed podrobn\u00e9 popisy, pohotovou z\u00e1kaznickou podporu a konkurenceschopn\u00e9 ceny. Pokud v\u00e1s zaj\u00edm\u00e1, kde koupit Tropical Cherry, je nezbytn\u00e9 p\u0159ed dokon\u010den\u00edm jak\u00e9koli objedn\u00e1vky pe\u010dliv\u011b zkontrolovat soulad webov\u00fdch str\u00e1nek s platn\u00fdmi <a href=\"https:\/\/en.wikipedia.org\/wiki\/Cherry\">p\u0159edpisy<\/a> a pe\u010dliv\u011b zkontrolovat informace o produktu.<\/p>\n<h3>Jak si u n\u00e1s objednat Tropical Cherry online<\/h3>\n<p>Chce-li si z\u00e1kazn\u00edci objednat Tropical Cherry online, obvykle nav\u0161t\u00edv\u00ed webov\u00e9 str\u00e1nky, prohl\u00e9dnou si dostupn\u00e9 nab\u00eddky a vyberou preferovanou mo\u017enost produktu. Po p\u0159id\u00e1n\u00ed polo\u017eky do ko\u0161\u00edku pokra\u010duj\u00ed k pokladn\u011b, zadaj\u00ed pot\u0159ebn\u00e9 informace a dokon\u010d\u00ed platbu dostupn\u00fdmi zp\u016fsoby.<\/p>\n<p>V z\u00e1vislosti na region\u00e1ln\u00edch z\u00e1konech m\u016f\u017ee b\u00fdt p\u0159ed \u00fasp\u011b\u0161nou online objedn\u00e1vkou Tropical Cherry vy\u017eadov\u00e1no ov\u011b\u0159en\u00ed v\u011bku nebo toto\u017enosti. Po potvrzen\u00ed transakce v\u00e1m budou poskytnuty dodac\u00ed lh\u016fty a podrobnosti o doru\u010den\u00ed. P\u0159ed n\u00e1kupem jak\u00e9koli Tropical Cherry online je d\u016fle\u017eit\u00e9 si d\u016fkladn\u011b prostudovat z\u00e1sady.<\/p>","protected":false},"excerpt":{"rendered":"<p>Kupte si tropickou t\u0159e\u0161e\u0148 online Koupit tropickou t\u0159e\u0161e\u0148 online ozna\u010duje proces n\u00e1kupu produkt\u016f vyroben\u00fdch z odr\u016fdy Tropical Cherry prost\u0159ednictv\u00edm internetov\u00fdch platforem, kde jsou konopn\u00e9 produkty leg\u00e1ln\u011b dostupn\u00e9. Toto vyhled\u00e1vac\u00ed fr\u00e1ze b\u011b\u017en\u011b pou\u017e\u00edvaj\u00ed jednotlivci, kte\u0159\u00ed p\u0159ed n\u00e1kupem hledaj\u00ed informace o kvalit\u011b produktu, chu\u0165ov\u00e9m profilu, \u00fa\u010dinnosti a cen\u011b Tropical Cherry. Mnoho spot\u0159ebitel\u016f zad\u00e1v\u00e1 dotazy jako Koupit tropickou [&hellip;]<\/p>\n","protected":false},"featured_media":1224,"comment_status":"open","ping_status":"closed","template":"","meta":{"site-sidebar-layout":"default","site-content-layout":"","ast-site-content-layout":"default","site-content-style":"default","site-sidebar-style":"default","ast-global-header-display":"","ast-banner-title-visibility":"","ast-main-header-display":"","ast-hfb-above-header-display":"","ast-hfb-below-header-display":"","ast-hfb-mobile-header-display":"","site-post-title":"","ast-breadcrumbs-content":"","ast-featured-img":"","footer-sml-layout":"","ast-disable-related-posts":"","theme-transparent-header-meta":"default","adv-header-id-meta":"","stick-header-meta":"default","header-above-stick-meta":"","header-main-stick-meta":"","header-below-stick-meta":"","astra-migrate-meta-layouts":"set","ast-page-background-enabled":"default","ast-page-background-meta":{"desktop":{"background-color":"var(--ast-global-color-4)","background-image":"","background-repeat":"repeat","background-position":"center center","background-size":"auto","background-attachment":"scroll","background-type":"","background-media":"","overlay-type":"","overlay-color":"","overlay-opacity":"","overlay-gradient":""},"tablet":{"background-color":"","background-image":"","background-repeat":"repeat","background-position":"center center","background-size":"auto","background-attachment":"scroll","background-type":"","background-media":"","overlay-type":"","overlay-color":"","overlay-opacity":"","overlay-gradient":""},"mobile":{"background-color":"","background-image":"","background-repeat":"repeat","background-position":"center center","background-size":"auto","background-attachment":"scroll","background-type":"","background-media":"","overlay-type":"","overlay-color":"","overlay-opacity":"","overlay-gradient":""}},"ast-content-background-meta":{"desktop":{"background-color":"var(--ast-global-color-5)","background-image":"","background-repeat":"repeat","background-position":"center center","background-size":"auto","background-attachment":"scroll","background-type":"","background-media":"","overlay-type":"","overlay-color":"","overlay-opacity":"","overlay-gradient":""},"tablet":{"background-color":"var(--ast-global-color-5)","background-image":"","background-repeat":"repeat","background-position":"center center","background-size":"auto","background-attachment":"scroll","background-type":"","background-media":"","overlay-type":"","overlay-color":"","overlay-opacity":"","overlay-gradient":""},"mobile":{"background-color":"var(--ast-global-color-5)","background-image":"","background-repeat":"repeat","background-position":"center center","background-size":"auto","background-attachment":"scroll","background-type":"","background-media":"","overlay-type":"","overlay-color":"","overlay-opacity":"","overlay-gradient":""}},"_joinchat":[]},"product_brand":[],"product_cat":[17],"product_tag":[],"class_list":{"0":"post-26","1":"product","2":"type-product","3":"status-publish","4":"has-post-thumbnail","6":"product_cat-marihuana","7":"desktop-align-left","8":"tablet-align-left","9":"mobile-align-left","10":"ast-product-gallery-layout-horizontal-slider","11":"ast-product-gallery-with-no-image","12":"ast-product-single-variable","13":"ast-product-tabs-layout-horizontal","15":"first","16":"instock","17":"shipping-taxable","18":"purchasable","19":"product-type-variable"},"yoast_head":"<!-- This site is optimized with the Yoast SEO plugin v22.6 - https:\/\/yoast.com\/wordpress\/plugins\/seo\/ -->\n<title>Kupte si tropickou t\u0159e\u0161e\u0148 online \u2013 tropickou t\u0159e\u0161e\u0148 na prodej<\/title>\n<meta name=\"description\" content=\"V na\u0161em internetov\u00e9m obchod\u011b si m\u016f\u017eete koupit Tropical Cherry online za nejlep\u0161\u00ed ceny. M\u00e1me levn\u00e9 a vysoce kvalitn\u00ed tropick\u00e9 t\u0159e\u0161n\u011b na prodej a poskytujeme celosv\u011btov\u00e9 dod\u00e1vky. Objedn\u00e1vat m\u016f\u017eete kdykoli a odkudkoli.\" \/>\n<meta name=\"robots\" content=\"index, follow, max-snippet:-1, max-image-preview:large, max-video-preview:-1\" \/>\n<link rel=\"canonical\" href=\"https:\/\/koupitmarihuanu.com\/hu\/termek\/tropusi-cseresznye\/\" \/>\n<meta property=\"og:locale\" content=\"hu_HU\" \/>\n<meta property=\"og:type\" content=\"article\" \/>\n<meta property=\"og:title\" content=\"Kupte si tropickou t\u0159e\u0161e\u0148 online \u2013 tropickou t\u0159e\u0161e\u0148 na prodej\" \/>\n<meta property=\"og:description\" content=\"V na\u0161em internetov\u00e9m obchod\u011b si m\u016f\u017eete koupit Tropical Cherry online za nejlep\u0161\u00ed ceny. M\u00e1me levn\u00e9 a vysoce kvalitn\u00ed tropick\u00e9 t\u0159e\u0161n\u011b na prodej a poskytujeme celosv\u011btov\u00e9 dod\u00e1vky. Objedn\u00e1vat m\u016f\u017eete kdykoli a odkudkoli.\" \/>\n<meta property=\"og:url\" content=\"https:\/\/koupitmarihuanu.com\/hu\/termek\/tropusi-cseresznye\/\" \/>\n<meta property=\"og:site_name\" content=\"Koupit Marihuanu\" \/>\n<meta property=\"article:modified_time\" content=\"2026-02-19T08:44:26+00:00\" \/>\n<meta property=\"og:image\" content=\"https:\/\/koupitmarihuanu.com\/wp-content\/uploads\/2023\/12\/TROPICAL-CHERRY.jpg\" \/>\n\t<meta property=\"og:image:width\" content=\"600\" \/>\n\t<meta property=\"og:image:height\" content=\"600\" \/>\n\t<meta property=\"og:image:type\" content=\"image\/jpeg\" \/>\n<meta name=\"twitter:card\" content=\"summary_large_image\" \/>\n<meta name=\"twitter:label1\" content=\"Becs\u00fclt olvas\u00e1si id\u0151\" \/>\n\t<meta name=\"twitter:data1\" content=\"3 perc\" \/>\n<script type=\"application\/ld+json\" class=\"yoast-schema-graph\">{\"@context\":\"https:\/\/schema.org\",\"@graph\":[{\"@type\":\"WebPage\",\"@id\":\"https:\/\/koupitmarihuanu.com\/produkt\/tropical-cherry\/\",\"url\":\"https:\/\/koupitmarihuanu.com\/produkt\/tropical-cherry\/\",\"name\":\"Kupte si tropickou t\u0159e\u0161e\u0148 online \u2013 tropickou t\u0159e\u0161e\u0148 na prodej\",\"isPartOf\":{\"@id\":\"https:\/\/koupitmarihuanu.com\/#website\"},\"primaryImageOfPage\":{\"@id\":\"https:\/\/koupitmarihuanu.com\/produkt\/tropical-cherry\/#primaryimage\"},\"image\":{\"@id\":\"https:\/\/koupitmarihuanu.com\/produkt\/tropical-cherry\/#primaryimage\"},\"thumbnailUrl\":\"https:\/\/koupitmarihuanu.com\/wp-content\/uploads\/2023\/12\/TROPICAL-CHERRY.jpg\",\"datePublished\":\"2023-12-26T07:28:54+00:00\",\"dateModified\":\"2026-02-19T08:44:26+00:00\",\"description\":\"V na\u0161em internetov\u00e9m obchod\u011b si m\u016f\u017eete koupit Tropical Cherry online za nejlep\u0161\u00ed ceny. M\u00e1me levn\u00e9 a vysoce kvalitn\u00ed tropick\u00e9 t\u0159e\u0161n\u011b na prodej a poskytujeme celosv\u011btov\u00e9 dod\u00e1vky. Objedn\u00e1vat m\u016f\u017eete kdykoli a odkudkoli.\",\"breadcrumb\":{\"@id\":\"https:\/\/koupitmarihuanu.com\/produkt\/tropical-cherry\/#breadcrumb\"},\"inLanguage\":\"hu\",\"potentialAction\":[{\"@type\":\"ReadAction\",\"target\":[\"https:\/\/koupitmarihuanu.com\/produkt\/tropical-cherry\/\"]}]},{\"@type\":\"ImageObject\",\"inLanguage\":\"hu\",\"@id\":\"https:\/\/koupitmarihuanu.com\/produkt\/tropical-cherry\/#primaryimage\",\"url\":\"https:\/\/koupitmarihuanu.com\/wp-content\/uploads\/2023\/12\/TROPICAL-CHERRY.jpg\",\"contentUrl\":\"https:\/\/koupitmarihuanu.com\/wp-content\/uploads\/2023\/12\/TROPICAL-CHERRY.jpg\",\"width\":600,\"height\":600,\"caption\":\"Koupit TROPICAL-CHERRY Online\"},{\"@type\":\"BreadcrumbList\",\"@id\":\"https:\/\/koupitmarihuanu.com\/produkt\/tropical-cherry\/#breadcrumb\",\"itemListElement\":[{\"@type\":\"ListItem\",\"position\":1,\"name\":\"Home\",\"item\":\"https:\/\/koupitmarihuanu.com\/\"},{\"@type\":\"ListItem\",\"position\":2,\"name\":\"Prodejna\",\"item\":\"https:\/\/koupitmarihuanu.com\/prodejna\/\"},{\"@type\":\"ListItem\",\"position\":3,\"name\":\"Tropical Cherry\"}]},{\"@type\":\"WebSite\",\"@id\":\"https:\/\/koupitmarihuanu.com\/#website\",\"url\":\"https:\/\/koupitmarihuanu.com\/\",\"name\":\"Koupit Marihuanu\",\"description\":\"My WordPress Blog\",\"publisher\":{\"@id\":\"https:\/\/koupitmarihuanu.com\/#organization\"},\"potentialAction\":[{\"@type\":\"SearchAction\",\"target\":{\"@type\":\"EntryPoint\",\"urlTemplate\":\"https:\/\/koupitmarihuanu.com\/?s={search_term_string}\"},\"query-input\":\"required name=search_term_string\"}],\"inLanguage\":\"hu\"},{\"@type\":\"Organization\",\"@id\":\"https:\/\/koupitmarihuanu.com\/#organization\",\"name\":\"Koupit Marihuanu\",\"url\":\"https:\/\/koupitmarihuanu.com\/\",\"logo\":{\"@type\":\"ImageObject\",\"inLanguage\":\"hu\",\"@id\":\"https:\/\/koupitmarihuanu.com\/#\/schema\/logo\/image\/\",\"url\":\"https:\/\/koupitmarihuanu.com\/wp-content\/uploads\/2024\/01\/black-logo.png\",\"contentUrl\":\"https:\/\/koupitmarihuanu.com\/wp-content\/uploads\/2024\/01\/black-logo.png\",\"width\":300,\"height\":63,\"caption\":\"Koupit Marihuanu\"},\"image\":{\"@id\":\"https:\/\/koupitmarihuanu.com\/#\/schema\/logo\/image\/\"}}]}<\/script>\n<!-- \/ Yoast SEO plugin. -->","yoast_head_json":{"title":"V\u00e1s\u00e1roljon tr\u00f3pusi csereszny\u00e9t online - Tr\u00f3pusi cseresznye elad\u00f3","description":"Web\u00e1ruh\u00e1zunkban a legjobb \u00e1ron v\u00e1s\u00e1rolhatja meg a Tropical Cherryt online. Olcs\u00f3 \u00e9s kiv\u00e1l\u00f3 min\u0151s\u00e9g\u0171 tr\u00f3pusi csereszny\u00e9t k\u00edn\u00e1lunk, \u00e9s vil\u00e1gszerte sz\u00e1ll\u00edtunk. B\u00e1rmikor \u00e9s b\u00e1rhonnan megrendelheti.","robots":{"index":"index","follow":"follow","max-snippet":"max-snippet:-1","max-image-preview":"max-image-preview:large","max-video-preview":"max-video-preview:-1"},"canonical":"https:\/\/koupitmarihuanu.com\/hu\/termek\/tropusi-cseresznye\/","og_locale":"hu_HU","og_type":"article","og_title":"Kupte si tropickou t\u0159e\u0161e\u0148 online \u2013 tropickou t\u0159e\u0161e\u0148 na prodej","og_description":"V na\u0161em internetov\u00e9m obchod\u011b si m\u016f\u017eete koupit Tropical Cherry online za nejlep\u0161\u00ed ceny. M\u00e1me levn\u00e9 a vysoce kvalitn\u00ed tropick\u00e9 t\u0159e\u0161n\u011b na prodej a poskytujeme celosv\u011btov\u00e9 dod\u00e1vky. Objedn\u00e1vat m\u016f\u017eete kdykoli a odkudkoli.","og_url":"https:\/\/koupitmarihuanu.com\/hu\/termek\/tropusi-cseresznye\/","og_site_name":"Koupit Marihuanu","article_modified_time":"2026-02-19T08:44:26+00:00","og_image":[{"width":600,"height":600,"url":"https:\/\/koupitmarihuanu.com\/wp-content\/uploads\/2023\/12\/TROPICAL-CHERRY.jpg","type":"image\/jpeg"}],"twitter_card":"summary_large_image","twitter_misc":{"Becs\u00fclt olvas\u00e1si id\u0151":"3 perc"},"schema":{"@context":"https:\/\/schema.org","@graph":[{"@type":"WebPage","@id":"https:\/\/koupitmarihuanu.com\/produkt\/tropical-cherry\/","url":"https:\/\/koupitmarihuanu.com\/produkt\/tropical-cherry\/","name":"V\u00e1s\u00e1roljon tr\u00f3pusi csereszny\u00e9t online - Tr\u00f3pusi cseresznye elad\u00f3","isPartOf":{"@id":"https:\/\/koupitmarihuanu.com\/#website"},"primaryImageOfPage":{"@id":"https:\/\/koupitmarihuanu.com\/produkt\/tropical-cherry\/#primaryimage"},"image":{"@id":"https:\/\/koupitmarihuanu.com\/produkt\/tropical-cherry\/#primaryimage"},"thumbnailUrl":"https:\/\/koupitmarihuanu.com\/wp-content\/uploads\/2023\/12\/TROPICAL-CHERRY.jpg","datePublished":"2023-12-26T07:28:54+00:00","dateModified":"2026-02-19T08:44:26+00:00","description":"Web\u00e1ruh\u00e1zunkban a legjobb \u00e1ron v\u00e1s\u00e1rolhatja meg a Tropical Cherryt online. Olcs\u00f3 \u00e9s kiv\u00e1l\u00f3 min\u0151s\u00e9g\u0171 tr\u00f3pusi csereszny\u00e9t k\u00edn\u00e1lunk, \u00e9s vil\u00e1gszerte sz\u00e1ll\u00edtunk. B\u00e1rmikor \u00e9s b\u00e1rhonnan megrendelheti.","breadcrumb":{"@id":"https:\/\/koupitmarihuanu.com\/produkt\/tropical-cherry\/#breadcrumb"},"inLanguage":"hu","potentialAction":[{"@type":"ReadAction","target":["https:\/\/koupitmarihuanu.com\/produkt\/tropical-cherry\/"]}]},{"@type":"ImageObject","inLanguage":"hu","@id":"https:\/\/koupitmarihuanu.com\/produkt\/tropical-cherry\/#primaryimage","url":"https:\/\/koupitmarihuanu.com\/wp-content\/uploads\/2023\/12\/TROPICAL-CHERRY.jpg","contentUrl":"https:\/\/koupitmarihuanu.com\/wp-content\/uploads\/2023\/12\/TROPICAL-CHERRY.jpg","width":600,"height":600,"caption":"Koupit TROPICAL-CHERRY Online"},{"@type":"BreadcrumbList","@id":"https:\/\/koupitmarihuanu.com\/produkt\/tropical-cherry\/#breadcrumb","itemListElement":[{"@type":"ListItem","position":1,"name":"Home","item":"https:\/\/koupitmarihuanu.com\/"},{"@type":"ListItem","position":2,"name":"Prodejna","item":"https:\/\/koupitmarihuanu.com\/prodejna\/"},{"@type":"ListItem","position":3,"name":"Tropical Cherry"}]},{"@type":"WebSite","@id":"https:\/\/koupitmarihuanu.com\/#website","url":"https:\/\/koupitmarihuanu.com\/","name":"Marihu\u00e1na v\u00e1s\u00e1rl\u00e1s","description":"Az \u00e9n WordPress blogom","publisher":{"@id":"https:\/\/koupitmarihuanu.com\/#organization"},"potentialAction":[{"@type":"SearchAction","target":{"@type":"EntryPoint","urlTemplate":"https:\/\/koupitmarihuanu.com\/?s={search_term_string}"},"query-input":"required name=search_term_string"}],"inLanguage":"hu"},{"@type":"Organization","@id":"https:\/\/koupitmarihuanu.com\/#organization","name":"Marihu\u00e1na v\u00e1s\u00e1rl\u00e1s","url":"https:\/\/koupitmarihuanu.com\/","logo":{"@type":"ImageObject","inLanguage":"hu","@id":"https:\/\/koupitmarihuanu.com\/#\/schema\/logo\/image\/","url":"https:\/\/koupitmarihuanu.com\/wp-content\/uploads\/2024\/01\/black-logo.png","contentUrl":"https:\/\/koupitmarihuanu.com\/wp-content\/uploads\/2024\/01\/black-logo.png","width":300,"height":63,"caption":"Koupit Marihuanu"},"image":{"@id":"https:\/\/koupitmarihuanu.com\/#\/schema\/logo\/image\/"}}]}},"_links":{"self":[{"href":"https:\/\/koupitmarihuanu.com\/hu\/wp-json\/wp\/v2\/product\/26","targetHints":{"allow":["GET"]}}],"collection":[{"href":"https:\/\/koupitmarihuanu.com\/hu\/wp-json\/wp\/v2\/product"}],"about":[{"href":"https:\/\/koupitmarihuanu.com\/hu\/wp-json\/wp\/v2\/types\/product"}],"replies":[{"embeddable":true,"href":"https:\/\/koupitmarihuanu.com\/hu\/wp-json\/wp\/v2\/comments?post=26"}],"wp:featuredmedia":[{"embeddable":true,"href":"https:\/\/koupitmarihuanu.com\/hu\/wp-json\/wp\/v2\/media\/1224"}],"wp:attachment":[{"href":"https:\/\/koupitmarihuanu.com\/hu\/wp-json\/wp\/v2\/media?parent=26"}],"wp:term":[{"taxonomy":"product_brand","embeddable":true,"href":"https:\/\/koupitmarihuanu.com\/hu\/wp-json\/wp\/v2\/product_brand?post=26"},{"taxonomy":"product_cat","embeddable":true,"href":"https:\/\/koupitmarihuanu.com\/hu\/wp-json\/wp\/v2\/product_cat?post=26"},{"taxonomy":"product_tag","embeddable":true,"href":"https:\/\/koupitmarihuanu.com\/hu\/wp-json\/wp\/v2\/product_tag?post=26"}],"curies":[{"name":"wp","href":"https:\/\/api.w.org\/{rel}","templated":true}]}}