{"id":24,"date":"2023-12-26T07:28:54","date_gmt":"2023-12-26T07:28:54","guid":{"rendered":"https:\/\/cannasmed.com\/herbe\/?post_type=product&#038;p=24"},"modified":"2026-02-19T08:54:05","modified_gmt":"2026-02-19T08:54:05","slug":"white-trufflez","status":"publish","type":"product","link":"https:\/\/koupitmarihuanu.com\/hu\/produkt\/white-trufflez\/","title":{"rendered":"Feh\u00e9r Trufflez"},"content":{"rendered":"<h2>Kupte si b\u00edl\u00fd lan\u00fd\u017e online<\/h2>\n<p>Koupit White Trufflez online ozna\u010duje n\u00e1kup produkt\u016f vyroben\u00fdch z odr\u016fdy White Trufflez prost\u0159ednictv\u00edm autorizovan\u00fdch internetov\u00fdch konopn\u00fdch platforem, kde je takov\u00fd prodej leg\u00e1ln\u011b povolen. Toto vyhled\u00e1vac\u00ed fr\u00e1ze b\u011b\u017en\u011b pou\u017e\u00edvaj\u00ed spot\u0159ebitel\u00e9, kte\u0159\u00ed si cht\u011bj\u00ed prohl\u00e9dnout podrobnosti o produktu, porovnat \u00fa\u010dinnost, ov\u011b\u0159it dostupnost a zkontrolovat cenu White Trufflez p\u0159ed kone\u010dn\u00fdm rozhodnut\u00edm. Mnoho potenci\u00e1ln\u00edch kupuj\u00edc\u00edch vyhled\u00e1v\u00e1 fr\u00e1ze jako <a href=\"https:\/\/koupitmarihuanu.com\/hu\/termek\/white-trufflez\/\">Koupit White Trufflez online<\/a> nebo Kde koupit White Trufflez?, kdy\u017e hledaj\u00ed spolehliv\u00e9 a bezpe\u010dn\u00e9 mo\u017enosti n\u00e1kupu.<\/p>\n<p>White Trufflez je zn\u00e1m\u00fd pro sv\u016fj bohat\u00fd chu\u0165ov\u00fd profil, \u010dasto popisovan\u00fd jako sladk\u00fd, zemit\u00fd a lehce kr\u00e9mov\u00fd s jemn\u00fdmi dezertn\u00edmi podt\u00f3ny. Jako hybridn\u00ed odr\u016fda je obvykle spojov\u00e1na s vyv\u00e1\u017een\u00fdm z\u00e1\u017eitkem, kter\u00fd m\u016f\u017ee kombinovat du\u0161evn\u00ed povznesen\u00ed s m\u00edrnou relaxac\u00ed t\u011bla. D\u00edky sv\u00e9 atraktivn\u00ed v\u016fni a kanabinoidn\u00edmu profilu jsou produkty White Trufflez \u010dasto \u017e\u00e1dan\u00e9 a z\u00e1kazn\u00edci \u010dasto vyhled\u00e1vaj\u00ed White Trufflez k prodeji z d\u016fv\u011bryhodn\u00fdch zdroj\u016f.<\/p>\n<p>Konopn\u00e9 produkty z\u00edskan\u00e9 z White Trufflez mohou obsahovat r\u016fzn\u00e9 hladiny THC a CBD v z\u00e1vislosti na slo\u017een\u00ed. THC p\u0159isp\u00edv\u00e1 k psychoaktivn\u00edm \u00fa\u010dink\u016fm, zat\u00edmco CBD nen\u00ed omamn\u00e9 a b\u011b\u017en\u011b se spojuje s podp\u016frn\u00fdmi vlastnostmi pro zdrav\u00ed. Ne\u017e se z\u00e1kazn\u00edci rozhodnou koupit White Trufflez online, \u010dasto porovn\u00e1vaj\u00ed specifikace produktu, procentu\u00e1ln\u00ed zastoupen\u00ed a celkovou cenu White Trufflez u r\u016fzn\u00fdch prodejc\u016f.<\/p>\n<h3>Co je White Trufflez Online?<\/h3>\n<p>White Trufflez Online ozna\u010duje dostupnost konopn\u00fdch produkt\u016f White Trufflez na licencovan\u00fdch webov\u00fdch str\u00e1nk\u00e1ch v\u00fddejn\u00edch m\u00edst a regulovan\u00fdch platform\u00e1ch elektronick\u00e9ho obchodov\u00e1n\u00ed. M\u00edsto n\u00e1v\u0161t\u011bvy fyzick\u00e9 prodejny si z\u00e1kazn\u00edci mohou pohodln\u011b prohl\u00ed\u017eet nab\u00eddky, \u010d\u00edst popisy produkt\u016f a hodnotit White Trufflez k prodeji ze sv\u00fdch vlastn\u00edch za\u0159\u00edzen\u00ed. Fr\u00e1ze \u201eKoupit White Trufflez online\u201c zd\u016fraz\u0148uje dostupnost a diskr\u00e9tnost, kterou nab\u00edz\u00ed online n\u00e1kup, pokud je v souladu s m\u00edstn\u00edmi p\u0159edpisy.<\/p>\n<p>Online prodejci mohou uv\u00e1d\u011bt podrobn\u00e9 informace o obsahu kanabinoid\u016f, terpenov\u00fdch profilech a v\u00fdsledc\u00edch laboratorn\u00edch test\u016f. P\u0159i hled\u00e1n\u00ed nejlep\u0161\u00edho m\u00edsta pro online n\u00e1kup White Trufflez se spot\u0159ebitel\u00e9 \u010dasto zam\u011b\u0159uj\u00ed na transparentnost, dodr\u017eov\u00e1n\u00ed p\u0159edpis\u016f a konzistentn\u00ed kvalitu produktu.<\/p>\n<h3>Nejlep\u0161\u00ed vyu\u017eit\u00ed a v\u00fdhody White Trufflez<\/h3>\n<p>White Trufflez je \u010dasto vyb\u00edr\u00e1n pro svou vyv\u00e1\u017eenou hybridn\u00ed povahu. Mnoho u\u017eivatel\u016f popisuje hladk\u00fd n\u00e1stup, kter\u00fd podporuje pozitivn\u00ed my\u0161len\u00ed a uvoln\u011bn\u00fd fyzick\u00fd stav bez ohromuj\u00edc\u00ed sedace. D\u00edky t\u00e9to kombinaci m\u016f\u017ee b\u00fdt White Trufflez zva\u017eov\u00e1n pro neform\u00e1ln\u00ed spole\u010densk\u00e9 akce, kreativn\u00ed projekty nebo ve\u010dern\u00ed relaxaci.<\/p>\n<p>N\u011bkte\u0159\u00ed lid\u00e9 oce\u0148uj\u00ed White Trufflez pro jeho v\u00fdraznou chu\u0165 a aromatickou bohatost. Stejn\u011b jako u jak\u00e9hokoli konopn\u00e9ho produktu se z\u00e1\u017eitek m\u016f\u017ee li\u0161it v z\u00e1vislosti na d\u00e1vkov\u00e1n\u00ed a individu\u00e1ln\u00ed toleranci. Zodpov\u011bdn\u00e1 konzumace je d\u016fle\u017eit\u00e1 p\u0159i online objedn\u00e1vce White Trufflez, zejm\u00e9na p\u0159i v\u00fdb\u011bru produkt\u016f s vy\u0161\u0161\u00ed koncentrac\u00ed THC.<\/p>\n<h3>Pro\u010d koupit White Trufflez online na koupitmarihuanu.com?<\/h3>\n<p>N\u00e1kup White Trufflez online na <a href=\"https:\/\/koupitmarihuanu.com\/hu\/\">koupitmarihuanu.com<\/a> poskytuje z\u00e1kazn\u00edk\u016fm efektivn\u00ed zp\u016fsob, jak z\u00edskat p\u0159\u00edstup k konopn\u00fdm produkt\u016fm specifick\u00fdm pro danou odr\u016fdu. Mnoho kupuj\u00edc\u00edch hled\u00e1 nejlep\u0161\u00ed m\u00edsto pro online n\u00e1kup White Trufflez, aby si zajistili p\u0159esn\u00e9 informace a bezpe\u010dn\u00e9 mo\u017enosti platby.<\/p>\n<p>Ne\u017e se rozhodnou koupit White Trufflez online, z\u00e1kazn\u00edci \u010dasto zva\u017euj\u00ed d\u016fv\u011bryhodnost webov\u00fdch str\u00e1nek, dostupnost z\u00e1kaznick\u00e9ho servisu a konkurenceschopn\u00e9 ceny. Pokud se pt\u00e1te, kde koupit White Trufflez, d\u016fle\u017eit\u00fdmi kroky p\u0159ed n\u00e1kupem jsou prohl\u00e9dnut\u00ed popis\u016f produkt\u016f a ov\u011b\u0159en\u00ed, zda transakce spl\u0148uj\u00ed m\u00edstn\u00ed z\u00e1kony.<\/p>\n<h3>Jak si u n\u00e1s objednat White Trufflez online<\/h3>\n<p>Chce-li si z\u00e1kazn\u00edci objednat White Trufflez online, obvykle p\u0159ejdou na webov\u00e9 str\u00e1nky, vyberou preferovan\u00fd produkt a p\u0159idaj\u00ed ho do n\u00e1kupn\u00edho ko\u0161\u00edku. Po dokon\u010den\u00ed objedn\u00e1vky zadaj\u00ed po\u017eadovan\u00e9 informace a platba se provede akceptovan\u00fdmi <a href=\"https:\/\/en.wikipedia.org\/wiki\/Truffle\">zp\u016fsoby<\/a>.<\/p>\n<p>V mnoha regionech m\u016f\u017ee b\u00fdt p\u0159ed \u00fasp\u011b\u0161nou online objedn\u00e1vkou White Trufflez vy\u017eadov\u00e1no ov\u011b\u0159en\u00ed v\u011bku nebo zp\u016fsobilosti. Po potvrzen\u00ed jsou sd\u011bleny dodac\u00ed lh\u016fty a podrobnosti o doru\u010den\u00ed. Z\u00e1kazn\u00edci by si m\u011bli p\u0159ed n\u00e1kupem jak\u00e9hokoli White Trufflez k online prodeji pe\u010dliv\u011b prostudovat z\u00e1sady.<\/p>","protected":false},"excerpt":{"rendered":"<p>Kupte si b\u00edl\u00fd lan\u00fd\u017e online Koupit White Trufflez online ozna\u010duje n\u00e1kup produkt\u016f vyroben\u00fdch z odr\u016fdy White Trufflez prost\u0159ednictv\u00edm autorizovan\u00fdch internetov\u00fdch konopn\u00fdch platforem, kde je takov\u00fd prodej leg\u00e1ln\u011b povolen. Toto vyhled\u00e1vac\u00ed fr\u00e1ze b\u011b\u017en\u011b pou\u017e\u00edvaj\u00ed spot\u0159ebitel\u00e9, kte\u0159\u00ed si cht\u011bj\u00ed prohl\u00e9dnout podrobnosti o produktu, porovnat \u00fa\u010dinnost, ov\u011b\u0159it dostupnost a zkontrolovat cenu White Trufflez p\u0159ed kone\u010dn\u00fdm rozhodnut\u00edm. Mnoho potenci\u00e1ln\u00edch [&hellip;]<\/p>\n","protected":false},"featured_media":1220,"comment_status":"open","ping_status":"closed","template":"","meta":{"site-sidebar-layout":"default","site-content-layout":"","ast-site-content-layout":"default","site-content-style":"default","site-sidebar-style":"default","ast-global-header-display":"","ast-banner-title-visibility":"","ast-main-header-display":"","ast-hfb-above-header-display":"","ast-hfb-below-header-display":"","ast-hfb-mobile-header-display":"","site-post-title":"","ast-breadcrumbs-content":"","ast-featured-img":"","footer-sml-layout":"","ast-disable-related-posts":"","theme-transparent-header-meta":"default","adv-header-id-meta":"","stick-header-meta":"default","header-above-stick-meta":"","header-main-stick-meta":"","header-below-stick-meta":"","astra-migrate-meta-layouts":"set","ast-page-background-enabled":"default","ast-page-background-meta":{"desktop":{"background-color":"var(--ast-global-color-4)","background-image":"","background-repeat":"repeat","background-position":"center center","background-size":"auto","background-attachment":"scroll","background-type":"","background-media":"","overlay-type":"","overlay-color":"","overlay-opacity":"","overlay-gradient":""},"tablet":{"background-color":"","background-image":"","background-repeat":"repeat","background-position":"center center","background-size":"auto","background-attachment":"scroll","background-type":"","background-media":"","overlay-type":"","overlay-color":"","overlay-opacity":"","overlay-gradient":""},"mobile":{"background-color":"","background-image":"","background-repeat":"repeat","background-position":"center center","background-size":"auto","background-attachment":"scroll","background-type":"","background-media":"","overlay-type":"","overlay-color":"","overlay-opacity":"","overlay-gradient":""}},"ast-content-background-meta":{"desktop":{"background-color":"var(--ast-global-color-5)","background-image":"","background-repeat":"repeat","background-position":"center center","background-size":"auto","background-attachment":"scroll","background-type":"","background-media":"","overlay-type":"","overlay-color":"","overlay-opacity":"","overlay-gradient":""},"tablet":{"background-color":"var(--ast-global-color-5)","background-image":"","background-repeat":"repeat","background-position":"center center","background-size":"auto","background-attachment":"scroll","background-type":"","background-media":"","overlay-type":"","overlay-color":"","overlay-opacity":"","overlay-gradient":""},"mobile":{"background-color":"var(--ast-global-color-5)","background-image":"","background-repeat":"repeat","background-position":"center center","background-size":"auto","background-attachment":"scroll","background-type":"","background-media":"","overlay-type":"","overlay-color":"","overlay-opacity":"","overlay-gradient":""}},"_joinchat":[]},"product_brand":[],"product_cat":[17],"product_tag":[],"class_list":{"0":"post-24","1":"product","2":"type-product","3":"status-publish","4":"has-post-thumbnail","6":"product_cat-marihuana","7":"desktop-align-left","8":"tablet-align-left","9":"mobile-align-left","10":"ast-product-gallery-layout-horizontal-slider","11":"ast-product-gallery-with-no-image","12":"ast-product-single-variable","13":"ast-product-tabs-layout-horizontal","15":"first","16":"instock","17":"shipping-taxable","18":"purchasable","19":"product-type-variable"},"yoast_head":"<!-- This site is optimized with the Yoast SEO plugin v22.6 - https:\/\/yoast.com\/wordpress\/plugins\/seo\/ -->\n<title>B\u00edl\u00fd lan\u00fd\u017e na prodej - Kupte si b\u00edl\u00fd lan\u00fd\u017e online<\/title>\n<meta name=\"description\" content=\"Z\u00edskejte White Trufflez na prodej v jednom z nejlep\u0161\u00edch internetov\u00fdch obchod\u016f KoupitMarihuanu. Pom\u016f\u017eeme v\u00e1m koupit White Trufflez online ve vysok\u00e9 kvalit\u011b. Nev\u00e1hejte s objedn\u00e1vkou a vyu\u017eijte nejnov\u011bj\u0161\u00ed slevy!\" \/>\n<meta name=\"robots\" content=\"index, follow, max-snippet:-1, max-image-preview:large, max-video-preview:-1\" \/>\n<link rel=\"canonical\" href=\"https:\/\/koupitmarihuanu.com\/hu\/termek\/white-trufflez\/\" \/>\n<meta property=\"og:locale\" content=\"hu_HU\" \/>\n<meta property=\"og:type\" content=\"article\" \/>\n<meta property=\"og:title\" content=\"B\u00edl\u00fd lan\u00fd\u017e na prodej - Kupte si b\u00edl\u00fd lan\u00fd\u017e online\" \/>\n<meta property=\"og:description\" content=\"Z\u00edskejte White Trufflez na prodej v jednom z nejlep\u0161\u00edch internetov\u00fdch obchod\u016f KoupitMarihuanu. Pom\u016f\u017eeme v\u00e1m koupit White Trufflez online ve vysok\u00e9 kvalit\u011b. Nev\u00e1hejte s objedn\u00e1vkou a vyu\u017eijte nejnov\u011bj\u0161\u00ed slevy!\" \/>\n<meta property=\"og:url\" content=\"https:\/\/koupitmarihuanu.com\/hu\/termek\/white-trufflez\/\" \/>\n<meta property=\"og:site_name\" content=\"Koupit Marihuanu\" \/>\n<meta property=\"article:modified_time\" content=\"2026-02-19T08:54:05+00:00\" \/>\n<meta property=\"og:image\" content=\"https:\/\/koupitmarihuanu.com\/wp-content\/uploads\/2023\/12\/WHITE-TRUFFLEZ.jpg\" \/>\n\t<meta property=\"og:image:width\" content=\"600\" \/>\n\t<meta property=\"og:image:height\" content=\"600\" \/>\n\t<meta property=\"og:image:type\" content=\"image\/jpeg\" \/>\n<meta name=\"twitter:card\" content=\"summary_large_image\" \/>\n<meta name=\"twitter:label1\" content=\"Becs\u00fclt olvas\u00e1si id\u0151\" \/>\n\t<meta name=\"twitter:data1\" content=\"3 perc\" \/>\n<script type=\"application\/ld+json\" class=\"yoast-schema-graph\">{\"@context\":\"https:\/\/schema.org\",\"@graph\":[{\"@type\":\"WebPage\",\"@id\":\"https:\/\/koupitmarihuanu.com\/produkt\/white-trufflez\/\",\"url\":\"https:\/\/koupitmarihuanu.com\/produkt\/white-trufflez\/\",\"name\":\"B\u00edl\u00fd lan\u00fd\u017e na prodej - Kupte si b\u00edl\u00fd lan\u00fd\u017e online\",\"isPartOf\":{\"@id\":\"https:\/\/koupitmarihuanu.com\/#website\"},\"primaryImageOfPage\":{\"@id\":\"https:\/\/koupitmarihuanu.com\/produkt\/white-trufflez\/#primaryimage\"},\"image\":{\"@id\":\"https:\/\/koupitmarihuanu.com\/produkt\/white-trufflez\/#primaryimage\"},\"thumbnailUrl\":\"https:\/\/koupitmarihuanu.com\/wp-content\/uploads\/2023\/12\/WHITE-TRUFFLEZ.jpg\",\"datePublished\":\"2023-12-26T07:28:54+00:00\",\"dateModified\":\"2026-02-19T08:54:05+00:00\",\"description\":\"Z\u00edskejte White Trufflez na prodej v jednom z nejlep\u0161\u00edch internetov\u00fdch obchod\u016f KoupitMarihuanu. Pom\u016f\u017eeme v\u00e1m koupit White Trufflez online ve vysok\u00e9 kvalit\u011b. Nev\u00e1hejte s objedn\u00e1vkou a vyu\u017eijte nejnov\u011bj\u0161\u00ed slevy!\",\"breadcrumb\":{\"@id\":\"https:\/\/koupitmarihuanu.com\/produkt\/white-trufflez\/#breadcrumb\"},\"inLanguage\":\"hu\",\"potentialAction\":[{\"@type\":\"ReadAction\",\"target\":[\"https:\/\/koupitmarihuanu.com\/produkt\/white-trufflez\/\"]}]},{\"@type\":\"ImageObject\",\"inLanguage\":\"hu\",\"@id\":\"https:\/\/koupitmarihuanu.com\/produkt\/white-trufflez\/#primaryimage\",\"url\":\"https:\/\/koupitmarihuanu.com\/wp-content\/uploads\/2023\/12\/WHITE-TRUFFLEZ.jpg\",\"contentUrl\":\"https:\/\/koupitmarihuanu.com\/wp-content\/uploads\/2023\/12\/WHITE-TRUFFLEZ.jpg\",\"width\":600,\"height\":600,\"caption\":\"Koupit WHITE-TRUFFLEZ Online\"},{\"@type\":\"BreadcrumbList\",\"@id\":\"https:\/\/koupitmarihuanu.com\/produkt\/white-trufflez\/#breadcrumb\",\"itemListElement\":[{\"@type\":\"ListItem\",\"position\":1,\"name\":\"Home\",\"item\":\"https:\/\/koupitmarihuanu.com\/\"},{\"@type\":\"ListItem\",\"position\":2,\"name\":\"Prodejna\",\"item\":\"https:\/\/koupitmarihuanu.com\/prodejna\/\"},{\"@type\":\"ListItem\",\"position\":3,\"name\":\"White Trufflez\"}]},{\"@type\":\"WebSite\",\"@id\":\"https:\/\/koupitmarihuanu.com\/#website\",\"url\":\"https:\/\/koupitmarihuanu.com\/\",\"name\":\"Koupit Marihuanu\",\"description\":\"My WordPress Blog\",\"publisher\":{\"@id\":\"https:\/\/koupitmarihuanu.com\/#organization\"},\"potentialAction\":[{\"@type\":\"SearchAction\",\"target\":{\"@type\":\"EntryPoint\",\"urlTemplate\":\"https:\/\/koupitmarihuanu.com\/?s={search_term_string}\"},\"query-input\":\"required name=search_term_string\"}],\"inLanguage\":\"hu\"},{\"@type\":\"Organization\",\"@id\":\"https:\/\/koupitmarihuanu.com\/#organization\",\"name\":\"Koupit Marihuanu\",\"url\":\"https:\/\/koupitmarihuanu.com\/\",\"logo\":{\"@type\":\"ImageObject\",\"inLanguage\":\"hu\",\"@id\":\"https:\/\/koupitmarihuanu.com\/#\/schema\/logo\/image\/\",\"url\":\"https:\/\/koupitmarihuanu.com\/wp-content\/uploads\/2024\/01\/black-logo.png\",\"contentUrl\":\"https:\/\/koupitmarihuanu.com\/wp-content\/uploads\/2024\/01\/black-logo.png\",\"width\":300,\"height\":63,\"caption\":\"Koupit Marihuanu\"},\"image\":{\"@id\":\"https:\/\/koupitmarihuanu.com\/#\/schema\/logo\/image\/\"}}]}<\/script>\n<!-- \/ Yoast SEO plugin. -->","yoast_head_json":{"title":"Feh\u00e9r szarvasgomba elad\u00f3 - V\u00e1s\u00e1roljon feh\u00e9r szarvasgomb\u00e1t online","description":"Elad\u00f3 White Trufflez az egyik legjobb marihu\u00e1na v\u00e1s\u00e1rl\u00e1si online \u00e1ruh\u00e1zban. Seg\u00edt\u00fcnk v\u00e1s\u00e1rolni a White Trufflezt online min\u0151s\u00e9gben. Ne habozzon rendelni \u00e9s haszn\u00e1lja ki a leg\u00fajabb kedvezm\u00e9nyeket!","robots":{"index":"index","follow":"follow","max-snippet":"max-snippet:-1","max-image-preview":"max-image-preview:large","max-video-preview":"max-video-preview:-1"},"canonical":"https:\/\/koupitmarihuanu.com\/hu\/termek\/white-trufflez\/","og_locale":"hu_HU","og_type":"article","og_title":"B\u00edl\u00fd lan\u00fd\u017e na prodej - Kupte si b\u00edl\u00fd lan\u00fd\u017e online","og_description":"Z\u00edskejte White Trufflez na prodej v jednom z nejlep\u0161\u00edch internetov\u00fdch obchod\u016f KoupitMarihuanu. Pom\u016f\u017eeme v\u00e1m koupit White Trufflez online ve vysok\u00e9 kvalit\u011b. Nev\u00e1hejte s objedn\u00e1vkou a vyu\u017eijte nejnov\u011bj\u0161\u00ed slevy!","og_url":"https:\/\/koupitmarihuanu.com\/hu\/termek\/white-trufflez\/","og_site_name":"Koupit Marihuanu","article_modified_time":"2026-02-19T08:54:05+00:00","og_image":[{"width":600,"height":600,"url":"https:\/\/koupitmarihuanu.com\/wp-content\/uploads\/2023\/12\/WHITE-TRUFFLEZ.jpg","type":"image\/jpeg"}],"twitter_card":"summary_large_image","twitter_misc":{"Becs\u00fclt olvas\u00e1si id\u0151":"3 perc"},"schema":{"@context":"https:\/\/schema.org","@graph":[{"@type":"WebPage","@id":"https:\/\/koupitmarihuanu.com\/produkt\/white-trufflez\/","url":"https:\/\/koupitmarihuanu.com\/produkt\/white-trufflez\/","name":"Feh\u00e9r szarvasgomba elad\u00f3 - V\u00e1s\u00e1roljon feh\u00e9r szarvasgomb\u00e1t online","isPartOf":{"@id":"https:\/\/koupitmarihuanu.com\/#website"},"primaryImageOfPage":{"@id":"https:\/\/koupitmarihuanu.com\/produkt\/white-trufflez\/#primaryimage"},"image":{"@id":"https:\/\/koupitmarihuanu.com\/produkt\/white-trufflez\/#primaryimage"},"thumbnailUrl":"https:\/\/koupitmarihuanu.com\/wp-content\/uploads\/2023\/12\/WHITE-TRUFFLEZ.jpg","datePublished":"2023-12-26T07:28:54+00:00","dateModified":"2026-02-19T08:54:05+00:00","description":"Elad\u00f3 White Trufflez az egyik legjobb marihu\u00e1na v\u00e1s\u00e1rl\u00e1si online \u00e1ruh\u00e1zban. Seg\u00edt\u00fcnk v\u00e1s\u00e1rolni a White Trufflezt online min\u0151s\u00e9gben. Ne habozzon rendelni \u00e9s haszn\u00e1lja ki a leg\u00fajabb kedvezm\u00e9nyeket!","breadcrumb":{"@id":"https:\/\/koupitmarihuanu.com\/produkt\/white-trufflez\/#breadcrumb"},"inLanguage":"hu","potentialAction":[{"@type":"ReadAction","target":["https:\/\/koupitmarihuanu.com\/produkt\/white-trufflez\/"]}]},{"@type":"ImageObject","inLanguage":"hu","@id":"https:\/\/koupitmarihuanu.com\/produkt\/white-trufflez\/#primaryimage","url":"https:\/\/koupitmarihuanu.com\/wp-content\/uploads\/2023\/12\/WHITE-TRUFFLEZ.jpg","contentUrl":"https:\/\/koupitmarihuanu.com\/wp-content\/uploads\/2023\/12\/WHITE-TRUFFLEZ.jpg","width":600,"height":600,"caption":"Koupit WHITE-TRUFFLEZ Online"},{"@type":"BreadcrumbList","@id":"https:\/\/koupitmarihuanu.com\/produkt\/white-trufflez\/#breadcrumb","itemListElement":[{"@type":"ListItem","position":1,"name":"Home","item":"https:\/\/koupitmarihuanu.com\/"},{"@type":"ListItem","position":2,"name":"Prodejna","item":"https:\/\/koupitmarihuanu.com\/prodejna\/"},{"@type":"ListItem","position":3,"name":"White Trufflez"}]},{"@type":"WebSite","@id":"https:\/\/koupitmarihuanu.com\/#website","url":"https:\/\/koupitmarihuanu.com\/","name":"Marihu\u00e1na v\u00e1s\u00e1rl\u00e1s","description":"Az \u00e9n WordPress blogom","publisher":{"@id":"https:\/\/koupitmarihuanu.com\/#organization"},"potentialAction":[{"@type":"SearchAction","target":{"@type":"EntryPoint","urlTemplate":"https:\/\/koupitmarihuanu.com\/?s={search_term_string}"},"query-input":"required name=search_term_string"}],"inLanguage":"hu"},{"@type":"Organization","@id":"https:\/\/koupitmarihuanu.com\/#organization","name":"Marihu\u00e1na v\u00e1s\u00e1rl\u00e1s","url":"https:\/\/koupitmarihuanu.com\/","logo":{"@type":"ImageObject","inLanguage":"hu","@id":"https:\/\/koupitmarihuanu.com\/#\/schema\/logo\/image\/","url":"https:\/\/koupitmarihuanu.com\/wp-content\/uploads\/2024\/01\/black-logo.png","contentUrl":"https:\/\/koupitmarihuanu.com\/wp-content\/uploads\/2024\/01\/black-logo.png","width":300,"height":63,"caption":"Koupit Marihuanu"},"image":{"@id":"https:\/\/koupitmarihuanu.com\/#\/schema\/logo\/image\/"}}]}},"_links":{"self":[{"href":"https:\/\/koupitmarihuanu.com\/hu\/wp-json\/wp\/v2\/product\/24","targetHints":{"allow":["GET"]}}],"collection":[{"href":"https:\/\/koupitmarihuanu.com\/hu\/wp-json\/wp\/v2\/product"}],"about":[{"href":"https:\/\/koupitmarihuanu.com\/hu\/wp-json\/wp\/v2\/types\/product"}],"replies":[{"embeddable":true,"href":"https:\/\/koupitmarihuanu.com\/hu\/wp-json\/wp\/v2\/comments?post=24"}],"wp:featuredmedia":[{"embeddable":true,"href":"https:\/\/koupitmarihuanu.com\/hu\/wp-json\/wp\/v2\/media\/1220"}],"wp:attachment":[{"href":"https:\/\/koupitmarihuanu.com\/hu\/wp-json\/wp\/v2\/media?parent=24"}],"wp:term":[{"taxonomy":"product_brand","embeddable":true,"href":"https:\/\/koupitmarihuanu.com\/hu\/wp-json\/wp\/v2\/product_brand?post=24"},{"taxonomy":"product_cat","embeddable":true,"href":"https:\/\/koupitmarihuanu.com\/hu\/wp-json\/wp\/v2\/product_cat?post=24"},{"taxonomy":"product_tag","embeddable":true,"href":"https:\/\/koupitmarihuanu.com\/hu\/wp-json\/wp\/v2\/product_tag?post=24"}],"curies":[{"name":"wp","href":"https:\/\/api.w.org\/{rel}","templated":true}]}}