{"id":19,"date":"2023-12-26T07:28:54","date_gmt":"2023-12-26T07:28:54","guid":{"rendered":"https:\/\/cannasmed.com\/herbe\/?post_type=product&#038;p=19"},"modified":"2026-02-19T06:20:55","modified_gmt":"2026-02-19T06:20:55","slug":"piros-barsony","status":"publish","type":"product","link":"https:\/\/koupitmarihuanu.com\/hu\/produkt\/red-velvet\/","title":{"rendered":"V\u00f6r\u00f6s b\u00e1rsony"},"content":{"rendered":"<h2>Koupit Red Velvet online<\/h2>\n<h3>Co je KOUPIT Red Velvet online?<\/h3>\n<p><a href=\"https:\/\/koupitmarihuanu.com\/hu\/termek\/piros-barsony\/\">Koupit Red Velvet online<\/a> ozna\u010duje proces n\u00e1kupu dort\u016f, dezert\u016f nebo souvisej\u00edc\u00edch produkt\u016f Red Velvet p\u0159es internet. Mnoho lid\u00ed hled\u00e1, kde koupit Red Velvet? k narozenin\u00e1m, v\u00fdro\u010d\u00edm nebo oslav\u00e1m, a online platformy usnad\u0148uj\u00ed proch\u00e1zen\u00ed mo\u017enost\u00ed, porovn\u00e1v\u00e1n\u00ed cen a objedn\u00e1v\u00e1n\u00ed z pohodl\u00ed domova.<\/p>\n<p>A\u0165 u\u017e hled\u00e1te jednovrstv\u00e9 dorty, pr\u00e9miov\u00e9 pe\u010divo nebo d\u00e1rkov\u00e9 zbo\u017e\u00ed Red Velvet, n\u00e1kup Red Velvet online v\u00e1m umo\u017en\u00ed naj\u00edt produkty, kter\u00e9 nemus\u00ed b\u00fdt k dispozici v m\u00edstn\u00edch obchodech. Mnoho webov\u00fdch str\u00e1nek uv\u00e1d\u00ed polo\u017eky Red Velvet k prodeji s podrobn\u00fdmi popisy, fotografiemi a cenou Red Velvetu k prodeji, aby se z\u00e1kazn\u00edci mohli informovan\u011b rozhodnout.<\/p>\n<p>Objedn\u00e1n\u00ed Red Velvetu online \u0161et\u0159\u00ed \u010das, zaji\u0161\u0165uje pohodl\u00ed a poskytuje flexibilitu p\u0159i doru\u010den\u00ed, co\u017e z n\u011bj \u010din\u00ed preferovanou volbu pro mnoho kupuj\u00edc\u00edch.<\/p>\n<h3>Co je Red Velvet online?<\/h3>\n<p>Kdy\u017e mluv\u00edme o Red Velvet online, t\u00fdk\u00e1 se to n\u00e1kupu dort\u016f nebo dezert\u016f Red Velvet prost\u0159ednictv\u00edm internetov\u00e9ho obchodu. To znamen\u00e1, \u017ee si m\u016f\u017eete objednat Red Velvet online s doru\u010den\u00edm na jak\u00e9koli m\u00edsto podporovan\u00e9 prodejcem. Online nab\u00eddka Red Velvet \u010dasto zahrnuje mo\u017enosti p\u0159izp\u016fsoben\u00ed, jako je velikost, vylep\u0161en\u00ed chuti a dopl\u0148ky, jako jsou personalizovan\u00e9 vzkazy, sv\u00ed\u010dky nebo dekorativn\u00ed polevy.<\/p>\n<p>Nakupov\u00e1n\u00edm online maj\u00ed z\u00e1kazn\u00edci p\u0159\u00edstup k \u0161ir\u0161\u00ed \u0161k\u00e1le produkt\u016f Red Velvet k prodeji, porovnat ceny produkt\u016f Red Velvet k prodeji a vybrat si nejlep\u0161\u00ed mo\u017enosti pro sv\u00e9 pot\u0159eby.<\/p>\n<h3>Nejlep\u0161\u00ed vyu\u017eit\u00ed a v\u00fdhody online n\u00e1kupu dortu Red Velvet<\/h3>\n<p><strong>Pou\u017eit\u00ed<\/strong><br \/>\n\u2022 Oslavy narozenin, v\u00fdro\u010d\u00ed, svateb nebo zvl\u00e1\u0161tn\u00edch p\u0159\u00edle\u017eitost\u00ed<br \/>\n\u2022 D\u00e1rky pro p\u0159\u00e1tele, rodinu nebo kolegy<br \/>\n\u2022 Catering na ve\u010d\u00edrky nebo akce s pr\u00e9miovou pek\u00e1rnou Red Velvet<br \/>\n\u2022 P\u0159ekvapen\u00ed n\u011bkoho promy\u0161len\u00fdm dezertem<\/p>\n<p><strong>V\u00fdhody<\/strong><br \/>\n\u2022 Pohodl\u00ed: Red Velvet si m\u016f\u017eete koupit online kdykoli, ani\u017e byste museli nav\u0161t\u00edvit obchod<br \/>\n\u2022 Rozmanitost: P\u0159\u00edstup k r\u016fzn\u00fdm velikostem, design\u016fm a p\u0159\u00edchut\u00edm dort\u016f<br \/>\n\u2022 P\u0159izp\u016fsoben\u00ed: Mnoho prodejc\u016f nab\u00edz\u00ed mo\u017enosti personalizace dortu Red Velvet<br \/>\n\u2022 Doru\u010den\u00ed: Vyberte si z doru\u010den\u00ed v tent\u00fd\u017e den nebo pl\u00e1novan\u00e9ho doru\u010den\u00ed pro zvl\u00e1\u0161tn\u00ed term\u00edny<br \/>\n\u2022 Transparentnost n\u00e1klad\u016f: Zkontrolujte cenu dortu Red Velvet v prodeji a vyberte si nejlep\u0161\u00ed nab\u00eddku<br \/>\n\u2022 Spolehliv\u00e9 zdroje: Mnoho platforem zaru\u010duje kvalitu a \u010derstvost produktu<\/p>\n<p>Volbou online objedn\u00e1vky Red Velvet kupuj\u00edc\u00ed u\u0161et\u0159\u00ed \u010das a u\u017eij\u00ed si hladk\u00fd a bezprobl\u00e9mov\u00fd z\u00e1\u017eitek.<\/p>\n<h3>Pro\u010d nakupovat Red Velvet online na koupitmarihuanu.com?<\/h3>\n<p>Pro ty, kte\u0159\u00ed se ptaj\u00ed, kde koupit Red Velvet?, nab\u00edz\u00ed koupitmarihuanu.com pohodln\u00e9 a d\u016fv\u011bryhodn\u00e9 \u0159e\u0161en\u00ed. N\u00e1kup z t\u00e9to platformy nab\u00edz\u00ed n\u011bkolik v\u00fdhod:<\/p>\n<p>\u2022 \u0160irok\u00fd v\u00fdb\u011br: V\u00edce design\u016f, velikost\u00ed a d\u00e1rkov\u00fdch bal\u00ed\u010dk\u016f dort\u016f Red Velvet k prodeji<br \/>\n\u2022 Transparentnost cen: Jasn\u00e1 cena dortu Red Velvet k prodeji pro ka\u017edou polo\u017eku<br \/>\n\u2022 Bezpe\u010dn\u00e1 platba: Bezpe\u010dn\u00e9 mo\u017enosti n\u00e1kupu Red Velvet online<br \/>\n\u2022 Pohodln\u00e9 doru\u010den\u00ed: Doru\u010den\u00ed dom\u016f a mo\u017enosti pl\u00e1nov\u00e1n\u00ed pro speci\u00e1ln\u00ed ud\u00e1losti<br \/>\n\u2022 Personalizace: P\u0159idejte k objedn\u00e1vce zpr\u00e1vy, dekorace nebo jin\u00e9 d\u00e1rky<br \/>\n\u2022 Spolehliv\u00e1 z\u00e1kaznick\u00e1 podpora: Pomoc s jak\u00fdmikoli dotazy nebo probl\u00e9my<\/p>\n<p>D\u00edky t\u011bmto vlastnostem je <a href=\"https:\/\/koupitmarihuanu.com\/hu\/\">koupitmarihuanu.com<\/a> nejlep\u0161\u00edm m\u00edstem pro n\u00e1kup Red Velvet online a zaji\u0161\u0165uje spolehliv\u00fd a p\u0159\u00edjemn\u00fd z\u00e1\u017eitek z nakupov\u00e1n\u00ed.<\/p>\n<h3>Jak si u n\u00e1s objednat Red Velvet online<\/h3>\n<p>Objedn\u00e1n\u00ed Red Velvet online z koupitmarihuanu.com je jednoduch\u00e9 a p\u0159\u00edmo\u010dar\u00e9:<\/p>\n<p>1. Proch\u00e1zejte webov\u00e9 str\u00e1nky a prohl\u00e9dn\u011bte si v\u0161echny dorty a dezerty Red Velvet, kter\u00e9 jsou k dispozici<br \/>\n2. Vyberte produkt, kter\u00fd chcete koupit Red Velvet online<br \/>\n3. Upravte si dort podle velikosti, textu nebo dal\u0161\u00edch polev, pokud jsou k dispozici<br \/>\n4. Zadejte dodac\u00ed \u00fadaje, v\u010detn\u011b adresy p\u0159\u00edjemce a preferovan\u00e9ho data<br \/>\n5. Dokon\u010dete platbu zabezpe\u010den\u00fdmi metodami a objednejte si Red Velvet online<br \/>\n6. Obdr\u017e\u00edte potvrzen\u00ed objedn\u00e1vky a informace o sledov\u00e1n\u00ed, abyste zajistili v\u010dasn\u00e9 doru\u010den\u00ed<\/p>\n<p>Tento proces umo\u017e\u0148uje z\u00e1kazn\u00edk\u016fm snadno nakupovat dorty Red Velvet, ani\u017e by museli opustit domov, a zaji\u0161\u0165uje tak \u010derstvost a pohodl\u00ed.<\/p>\n<h3>\u010casto kladen\u00e9 ot\u00e1zky (FAQ)<\/h3>\n<p><strong>1. Co je Red Velvet?<\/strong><br \/>\nRed Velvet ozna\u010duje typ dortu nebo dezertu s v\u00fdraznou \u010dervenou <a href=\"https:\/\/en.wikipedia.org\/wiki\/Red_Velvet_(group)\">barvou<\/a>, \u010dasto vrstven\u00fd smetanovou polevou. Red Velvet si m\u016f\u017eete koupit online pro oslavy nebo jako d\u00e1rek.<\/p>\n<p><strong>2. Kde koupit Red Velvet?<\/strong><br \/>\nRenomovan\u00e9 online platformy, jako je koupitmarihuanu.com, jsou ide\u00e1ln\u00edm m\u00edstem pro online n\u00e1kup Red Velvetu a jeho doru\u010den\u00ed p\u0159\u00edmo na va\u0161i adresu.<\/p>\n<p><strong>3. Je snadn\u00e9 objednat Red Velvet online?<\/strong><br \/>\nAno, m\u016f\u017eete si rychle prohl\u00e9dnout mo\u017enosti, vybrat si sv\u016fj obl\u00edben\u00fd produkt, zkontrolovat cenu dortu Red Velvet v akci a dokon\u010dit n\u00e1kup pomoc\u00ed zabezpe\u010den\u00fdch platebn\u00edch mo\u017enost\u00ed.<\/p>\n<p><strong>4. Mohu si dort Red Velvet p\u0159izp\u016fsobit?<\/strong><br \/>\nV\u011bt\u0161ina platforem umo\u017e\u0148uje personalizaci, v\u010detn\u011b zpr\u00e1v, polev a velikosti dortu, co\u017e usnad\u0148uje vytvo\u0159en\u00ed nezapomenuteln\u00e9ho d\u00e1rku.<\/p>","protected":false},"excerpt":{"rendered":"<p>Koupit Red Velvet online Co je KOUPIT Red Velvet online? Koupit Red Velvet online ozna\u010duje proces n\u00e1kupu dort\u016f, dezert\u016f nebo souvisej\u00edc\u00edch produkt\u016f Red Velvet p\u0159es internet. Mnoho lid\u00ed hled\u00e1, kde koupit Red Velvet? k narozenin\u00e1m, v\u00fdro\u010d\u00edm nebo oslav\u00e1m, a online platformy usnad\u0148uj\u00ed proch\u00e1zen\u00ed mo\u017enost\u00ed, porovn\u00e1v\u00e1n\u00ed cen a objedn\u00e1v\u00e1n\u00ed z pohodl\u00ed domova. A\u0165 u\u017e hled\u00e1te jednovrstv\u00e9 [&hellip;]<\/p>\n","protected":false},"featured_media":1212,"comment_status":"open","ping_status":"closed","template":"","meta":{"site-sidebar-layout":"default","site-content-layout":"","ast-site-content-layout":"default","site-content-style":"default","site-sidebar-style":"default","ast-global-header-display":"","ast-banner-title-visibility":"","ast-main-header-display":"","ast-hfb-above-header-display":"","ast-hfb-below-header-display":"","ast-hfb-mobile-header-display":"","site-post-title":"","ast-breadcrumbs-content":"","ast-featured-img":"","footer-sml-layout":"","ast-disable-related-posts":"","theme-transparent-header-meta":"default","adv-header-id-meta":"","stick-header-meta":"default","header-above-stick-meta":"","header-main-stick-meta":"","header-below-stick-meta":"","astra-migrate-meta-layouts":"set","ast-page-background-enabled":"default","ast-page-background-meta":{"desktop":{"background-color":"var(--ast-global-color-4)","background-image":"","background-repeat":"repeat","background-position":"center center","background-size":"auto","background-attachment":"scroll","background-type":"","background-media":"","overlay-type":"","overlay-color":"","overlay-opacity":"","overlay-gradient":""},"tablet":{"background-color":"","background-image":"","background-repeat":"repeat","background-position":"center center","background-size":"auto","background-attachment":"scroll","background-type":"","background-media":"","overlay-type":"","overlay-color":"","overlay-opacity":"","overlay-gradient":""},"mobile":{"background-color":"","background-image":"","background-repeat":"repeat","background-position":"center center","background-size":"auto","background-attachment":"scroll","background-type":"","background-media":"","overlay-type":"","overlay-color":"","overlay-opacity":"","overlay-gradient":""}},"ast-content-background-meta":{"desktop":{"background-color":"var(--ast-global-color-5)","background-image":"","background-repeat":"repeat","background-position":"center center","background-size":"auto","background-attachment":"scroll","background-type":"","background-media":"","overlay-type":"","overlay-color":"","overlay-opacity":"","overlay-gradient":""},"tablet":{"background-color":"var(--ast-global-color-5)","background-image":"","background-repeat":"repeat","background-position":"center center","background-size":"auto","background-attachment":"scroll","background-type":"","background-media":"","overlay-type":"","overlay-color":"","overlay-opacity":"","overlay-gradient":""},"mobile":{"background-color":"var(--ast-global-color-5)","background-image":"","background-repeat":"repeat","background-position":"center center","background-size":"auto","background-attachment":"scroll","background-type":"","background-media":"","overlay-type":"","overlay-color":"","overlay-opacity":"","overlay-gradient":""}},"_joinchat":[]},"product_brand":[],"product_cat":[17],"product_tag":[],"class_list":{"0":"post-19","1":"product","2":"type-product","3":"status-publish","4":"has-post-thumbnail","6":"product_cat-marihuana","7":"desktop-align-left","8":"tablet-align-left","9":"mobile-align-left","10":"ast-product-gallery-layout-horizontal-slider","11":"ast-product-gallery-with-no-image","12":"ast-product-single-variable","13":"ast-product-tabs-layout-horizontal","15":"first","16":"instock","17":"shipping-taxable","18":"purchasable","19":"product-type-variable"},"yoast_head":"<!-- This site is optimized with the Yoast SEO plugin v22.6 - https:\/\/yoast.com\/wordpress\/plugins\/seo\/ -->\n<title>Red Velvet na prodej - Kupte Red Velvet online<\/title>\n<meta name=\"description\" content=\"Prozkoumejte n\u00e1\u0161 internetov\u00fd obchod s produktem Red Velvet na prodej, kter\u00fd nab\u00edz\u00ed vysokou kvalitu. Kupte si Red Velvet bezpe\u010dn\u011b online a vydejte se s d\u016fv\u011brou na svou v\u00fdzkumnou cestu.\" \/>\n<meta name=\"robots\" content=\"index, follow, max-snippet:-1, max-image-preview:large, max-video-preview:-1\" \/>\n<link rel=\"canonical\" href=\"https:\/\/koupitmarihuanu.com\/hu\/termek\/piros-barsony\/\" \/>\n<meta property=\"og:locale\" content=\"hu_HU\" \/>\n<meta property=\"og:type\" content=\"article\" \/>\n<meta property=\"og:title\" content=\"Red Velvet na prodej - Kupte Red Velvet online\" \/>\n<meta property=\"og:description\" content=\"Prozkoumejte n\u00e1\u0161 internetov\u00fd obchod s produktem Red Velvet na prodej, kter\u00fd nab\u00edz\u00ed vysokou kvalitu. Kupte si Red Velvet bezpe\u010dn\u011b online a vydejte se s d\u016fv\u011brou na svou v\u00fdzkumnou cestu.\" \/>\n<meta property=\"og:url\" content=\"https:\/\/koupitmarihuanu.com\/hu\/termek\/piros-barsony\/\" \/>\n<meta property=\"og:site_name\" content=\"Koupit Marihuanu\" \/>\n<meta property=\"article:modified_time\" content=\"2026-02-19T06:20:55+00:00\" \/>\n<meta property=\"og:image\" content=\"https:\/\/koupitmarihuanu.com\/wp-content\/uploads\/2023\/12\/RED-VELVET.jpg\" \/>\n\t<meta property=\"og:image:width\" content=\"600\" \/>\n\t<meta property=\"og:image:height\" content=\"600\" \/>\n\t<meta property=\"og:image:type\" content=\"image\/jpeg\" \/>\n<meta name=\"twitter:card\" content=\"summary_large_image\" \/>\n<meta name=\"twitter:label1\" content=\"Becs\u00fclt olvas\u00e1si id\u0151\" \/>\n\t<meta name=\"twitter:data1\" content=\"4 perc\" \/>\n<script type=\"application\/ld+json\" class=\"yoast-schema-graph\">{\"@context\":\"https:\/\/schema.org\",\"@graph\":[{\"@type\":\"WebPage\",\"@id\":\"https:\/\/koupitmarihuanu.com\/produkt\/red-velvet\/\",\"url\":\"https:\/\/koupitmarihuanu.com\/produkt\/red-velvet\/\",\"name\":\"Red Velvet na prodej - Kupte Red Velvet online\",\"isPartOf\":{\"@id\":\"https:\/\/koupitmarihuanu.com\/#website\"},\"primaryImageOfPage\":{\"@id\":\"https:\/\/koupitmarihuanu.com\/produkt\/red-velvet\/#primaryimage\"},\"image\":{\"@id\":\"https:\/\/koupitmarihuanu.com\/produkt\/red-velvet\/#primaryimage\"},\"thumbnailUrl\":\"https:\/\/koupitmarihuanu.com\/wp-content\/uploads\/2023\/12\/RED-VELVET.jpg\",\"datePublished\":\"2023-12-26T07:28:54+00:00\",\"dateModified\":\"2026-02-19T06:20:55+00:00\",\"description\":\"Prozkoumejte n\u00e1\u0161 internetov\u00fd obchod s produktem Red Velvet na prodej, kter\u00fd nab\u00edz\u00ed vysokou kvalitu. Kupte si Red Velvet bezpe\u010dn\u011b online a vydejte se s d\u016fv\u011brou na svou v\u00fdzkumnou cestu.\",\"breadcrumb\":{\"@id\":\"https:\/\/koupitmarihuanu.com\/produkt\/red-velvet\/#breadcrumb\"},\"inLanguage\":\"hu\",\"potentialAction\":[{\"@type\":\"ReadAction\",\"target\":[\"https:\/\/koupitmarihuanu.com\/produkt\/red-velvet\/\"]}]},{\"@type\":\"ImageObject\",\"inLanguage\":\"hu\",\"@id\":\"https:\/\/koupitmarihuanu.com\/produkt\/red-velvet\/#primaryimage\",\"url\":\"https:\/\/koupitmarihuanu.com\/wp-content\/uploads\/2023\/12\/RED-VELVET.jpg\",\"contentUrl\":\"https:\/\/koupitmarihuanu.com\/wp-content\/uploads\/2023\/12\/RED-VELVET.jpg\",\"width\":600,\"height\":600,\"caption\":\"Koupit RED-VELVET Online\"},{\"@type\":\"BreadcrumbList\",\"@id\":\"https:\/\/koupitmarihuanu.com\/produkt\/red-velvet\/#breadcrumb\",\"itemListElement\":[{\"@type\":\"ListItem\",\"position\":1,\"name\":\"Home\",\"item\":\"https:\/\/koupitmarihuanu.com\/\"},{\"@type\":\"ListItem\",\"position\":2,\"name\":\"Prodejna\",\"item\":\"https:\/\/koupitmarihuanu.com\/prodejna\/\"},{\"@type\":\"ListItem\",\"position\":3,\"name\":\"Red Velvet\"}]},{\"@type\":\"WebSite\",\"@id\":\"https:\/\/koupitmarihuanu.com\/#website\",\"url\":\"https:\/\/koupitmarihuanu.com\/\",\"name\":\"Koupit Marihuanu\",\"description\":\"My WordPress Blog\",\"publisher\":{\"@id\":\"https:\/\/koupitmarihuanu.com\/#organization\"},\"potentialAction\":[{\"@type\":\"SearchAction\",\"target\":{\"@type\":\"EntryPoint\",\"urlTemplate\":\"https:\/\/koupitmarihuanu.com\/?s={search_term_string}\"},\"query-input\":\"required name=search_term_string\"}],\"inLanguage\":\"hu\"},{\"@type\":\"Organization\",\"@id\":\"https:\/\/koupitmarihuanu.com\/#organization\",\"name\":\"Koupit Marihuanu\",\"url\":\"https:\/\/koupitmarihuanu.com\/\",\"logo\":{\"@type\":\"ImageObject\",\"inLanguage\":\"hu\",\"@id\":\"https:\/\/koupitmarihuanu.com\/#\/schema\/logo\/image\/\",\"url\":\"https:\/\/koupitmarihuanu.com\/wp-content\/uploads\/2024\/01\/black-logo.png\",\"contentUrl\":\"https:\/\/koupitmarihuanu.com\/wp-content\/uploads\/2024\/01\/black-logo.png\",\"width\":300,\"height\":63,\"caption\":\"Koupit Marihuanu\"},\"image\":{\"@id\":\"https:\/\/koupitmarihuanu.com\/#\/schema\/logo\/image\/\"}}]}<\/script>\n<!-- \/ Yoast SEO plugin. -->","yoast_head_json":{"title":"V\u00f6r\u00f6s b\u00e1rsony elad\u00f3 \u2013 V\u00e1s\u00e1roljon Red Velvet online","description":"Fedezze fel kiv\u00e1l\u00f3 min\u0151s\u00e9get k\u00edn\u00e1l\u00f3 Red Velvet online \u00e1ruh\u00e1zunkat. V\u00e1s\u00e1roljon Red Velvet biztons\u00e1gosan online, \u00e9s magabiztosan induljon kutat\u00e1si \u00fatj\u00e1ra.","robots":{"index":"index","follow":"follow","max-snippet":"max-snippet:-1","max-image-preview":"max-image-preview:large","max-video-preview":"max-video-preview:-1"},"canonical":"https:\/\/koupitmarihuanu.com\/hu\/termek\/piros-barsony\/","og_locale":"hu_HU","og_type":"article","og_title":"Red Velvet na prodej - Kupte Red Velvet online","og_description":"Prozkoumejte n\u00e1\u0161 internetov\u00fd obchod s produktem Red Velvet na prodej, kter\u00fd nab\u00edz\u00ed vysokou kvalitu. Kupte si Red Velvet bezpe\u010dn\u011b online a vydejte se s d\u016fv\u011brou na svou v\u00fdzkumnou cestu.","og_url":"https:\/\/koupitmarihuanu.com\/hu\/termek\/piros-barsony\/","og_site_name":"Koupit Marihuanu","article_modified_time":"2026-02-19T06:20:55+00:00","og_image":[{"width":600,"height":600,"url":"https:\/\/koupitmarihuanu.com\/wp-content\/uploads\/2023\/12\/RED-VELVET.jpg","type":"image\/jpeg"}],"twitter_card":"summary_large_image","twitter_misc":{"Becs\u00fclt olvas\u00e1si id\u0151":"4 perc"},"schema":{"@context":"https:\/\/schema.org","@graph":[{"@type":"WebPage","@id":"https:\/\/koupitmarihuanu.com\/produkt\/red-velvet\/","url":"https:\/\/koupitmarihuanu.com\/produkt\/red-velvet\/","name":"V\u00f6r\u00f6s b\u00e1rsony elad\u00f3 \u2013 V\u00e1s\u00e1roljon Red Velvet online","isPartOf":{"@id":"https:\/\/koupitmarihuanu.com\/#website"},"primaryImageOfPage":{"@id":"https:\/\/koupitmarihuanu.com\/produkt\/red-velvet\/#primaryimage"},"image":{"@id":"https:\/\/koupitmarihuanu.com\/produkt\/red-velvet\/#primaryimage"},"thumbnailUrl":"https:\/\/koupitmarihuanu.com\/wp-content\/uploads\/2023\/12\/RED-VELVET.jpg","datePublished":"2023-12-26T07:28:54+00:00","dateModified":"2026-02-19T06:20:55+00:00","description":"Fedezze fel kiv\u00e1l\u00f3 min\u0151s\u00e9get k\u00edn\u00e1l\u00f3 Red Velvet online \u00e1ruh\u00e1zunkat. V\u00e1s\u00e1roljon Red Velvet biztons\u00e1gosan online, \u00e9s magabiztosan induljon kutat\u00e1si \u00fatj\u00e1ra.","breadcrumb":{"@id":"https:\/\/koupitmarihuanu.com\/produkt\/red-velvet\/#breadcrumb"},"inLanguage":"hu","potentialAction":[{"@type":"ReadAction","target":["https:\/\/koupitmarihuanu.com\/produkt\/red-velvet\/"]}]},{"@type":"ImageObject","inLanguage":"hu","@id":"https:\/\/koupitmarihuanu.com\/produkt\/red-velvet\/#primaryimage","url":"https:\/\/koupitmarihuanu.com\/wp-content\/uploads\/2023\/12\/RED-VELVET.jpg","contentUrl":"https:\/\/koupitmarihuanu.com\/wp-content\/uploads\/2023\/12\/RED-VELVET.jpg","width":600,"height":600,"caption":"Koupit RED-VELVET Online"},{"@type":"BreadcrumbList","@id":"https:\/\/koupitmarihuanu.com\/produkt\/red-velvet\/#breadcrumb","itemListElement":[{"@type":"ListItem","position":1,"name":"Home","item":"https:\/\/koupitmarihuanu.com\/"},{"@type":"ListItem","position":2,"name":"Prodejna","item":"https:\/\/koupitmarihuanu.com\/prodejna\/"},{"@type":"ListItem","position":3,"name":"Red Velvet"}]},{"@type":"WebSite","@id":"https:\/\/koupitmarihuanu.com\/#website","url":"https:\/\/koupitmarihuanu.com\/","name":"Marihu\u00e1na v\u00e1s\u00e1rl\u00e1s","description":"Az \u00e9n WordPress blogom","publisher":{"@id":"https:\/\/koupitmarihuanu.com\/#organization"},"potentialAction":[{"@type":"SearchAction","target":{"@type":"EntryPoint","urlTemplate":"https:\/\/koupitmarihuanu.com\/?s={search_term_string}"},"query-input":"required name=search_term_string"}],"inLanguage":"hu"},{"@type":"Organization","@id":"https:\/\/koupitmarihuanu.com\/#organization","name":"Marihu\u00e1na v\u00e1s\u00e1rl\u00e1s","url":"https:\/\/koupitmarihuanu.com\/","logo":{"@type":"ImageObject","inLanguage":"hu","@id":"https:\/\/koupitmarihuanu.com\/#\/schema\/logo\/image\/","url":"https:\/\/koupitmarihuanu.com\/wp-content\/uploads\/2024\/01\/black-logo.png","contentUrl":"https:\/\/koupitmarihuanu.com\/wp-content\/uploads\/2024\/01\/black-logo.png","width":300,"height":63,"caption":"Koupit Marihuanu"},"image":{"@id":"https:\/\/koupitmarihuanu.com\/#\/schema\/logo\/image\/"}}]}},"_links":{"self":[{"href":"https:\/\/koupitmarihuanu.com\/hu\/wp-json\/wp\/v2\/product\/19","targetHints":{"allow":["GET"]}}],"collection":[{"href":"https:\/\/koupitmarihuanu.com\/hu\/wp-json\/wp\/v2\/product"}],"about":[{"href":"https:\/\/koupitmarihuanu.com\/hu\/wp-json\/wp\/v2\/types\/product"}],"replies":[{"embeddable":true,"href":"https:\/\/koupitmarihuanu.com\/hu\/wp-json\/wp\/v2\/comments?post=19"}],"wp:featuredmedia":[{"embeddable":true,"href":"https:\/\/koupitmarihuanu.com\/hu\/wp-json\/wp\/v2\/media\/1212"}],"wp:attachment":[{"href":"https:\/\/koupitmarihuanu.com\/hu\/wp-json\/wp\/v2\/media?parent=19"}],"wp:term":[{"taxonomy":"product_brand","embeddable":true,"href":"https:\/\/koupitmarihuanu.com\/hu\/wp-json\/wp\/v2\/product_brand?post=19"},{"taxonomy":"product_cat","embeddable":true,"href":"https:\/\/koupitmarihuanu.com\/hu\/wp-json\/wp\/v2\/product_cat?post=19"},{"taxonomy":"product_tag","embeddable":true,"href":"https:\/\/koupitmarihuanu.com\/hu\/wp-json\/wp\/v2\/product_tag?post=19"}],"curies":[{"name":"wp","href":"https:\/\/api.w.org\/{rel}","templated":true}]}}