{"id":18,"date":"2023-12-26T07:28:54","date_gmt":"2023-12-26T07:28:54","guid":{"rendered":"https:\/\/cannasmed.com\/herbe\/?post_type=product&#038;p=18"},"modified":"2026-02-18T13:00:39","modified_gmt":"2026-02-18T13:00:39","slug":"london-pound-cake","status":"publish","type":"product","link":"https:\/\/koupitmarihuanu.com\/hu\/produkt\/london-pound-cake\/","title":{"rendered":"London Pound Cake"},"content":{"rendered":"<h2>koupit London Pound Cake online<\/h2>\n<p>Term\u00edn \u201ekoupit London Pound Cake online\u201c ozna\u010duje proces n\u00e1kupu produkt\u016f odvozen\u00fdch z odr\u016fdy London Pound Cake prost\u0159ednictv\u00edm internetov\u00fdch platforem, kde je prodej konop\u00ed pr\u00e1vn\u011b regulov\u00e1n. Tuto fr\u00e1zi b\u011b\u017en\u011b pou\u017e\u00edvaj\u00ed jednotlivci, kte\u0159\u00ed p\u0159ed n\u00e1kupem zkoumaj\u00ed podrobnosti o odr\u016fd\u011b, obsah kanabinoid\u016f, chu\u0165ov\u00fd profil a cenu London Pound Cake. Mnoho spot\u0159ebitel\u016f hled\u00e1 v\u00fdrazy jako \u201ekoupit London Pound Cake online\u201c nebo \u201e<a href=\"https:\/\/koupitmarihuanu.com\/hu\/termek\/london-pound-cake\/\">kde koupit London Pound Cake<\/a>?\u201c, kdy\u017e porovn\u00e1vaj\u00ed licencovan\u00e9 v\u00fddejny a prohl\u00ed\u017eej\u00ed si dostupn\u00e9 seznamy produkt\u016f.<\/p>\n<p>London Pound Cake je \u0161iroce zn\u00e1m\u00fd pro svou sladkou, dezertem inspirovanou v\u016fni, kter\u00e1 m\u00eds\u00ed t\u00f3ny bobul\u00ed, vanilky a jemn\u00e9 zemitosti. Jako hybridn\u00ed odr\u016fda je obvykle spojov\u00e1na s kombinac\u00ed povzn\u00e1\u0161ej\u00edc\u00edch du\u0161evn\u00edch \u00fa\u010dink\u016f a uklid\u0148uj\u00edc\u00edch fyzick\u00fdch pocit\u016f. Kdy\u017e z\u00e1kazn\u00edci hledaj\u00ed London Pound Cake k prodeji, obvykle hledaj\u00ed autentick\u00e9 konopn\u00e9 produkty, kter\u00e9 zachov\u00e1vaj\u00ed charakteristick\u00fd terpenov\u00fd profil odr\u016fdy a rovnov\u00e1hu kanabinoid\u016f.<\/p>\n<p>Produkty odvozen\u00e9 z London Pound Cake mohou obsahovat r\u016fzn\u00e9 hladiny THC a n\u011bkdy i CBD v z\u00e1vislosti na kultiva\u010dn\u00edch metod\u00e1ch a slo\u017een\u00ed. THC p\u0159isp\u00edv\u00e1 k psychoaktivn\u00edm \u00fa\u010dink\u016fm, zat\u00edmco CBD nen\u00ed omamn\u00e9 a \u010dasto je spojov\u00e1no s podp\u016frn\u00fdmi vlastnostmi. Proto\u017ee se \u00fa\u010dinnost m\u016f\u017ee u jednotliv\u00fdch \u0161ar\u017e\u00ed a prodejc\u016f li\u0161it, mnoho kupuj\u00edc\u00edch porovn\u00e1v\u00e1 laboratorn\u00ed v\u00fdsledky a vyhodnocuje celkovou cenu London Pound Cake, ne\u017e se rozhodnou koupit London Pound Cake online.<\/p>\n<h3>Co je London Pound Cake online?<\/h3>\n<p>London Pound Cake online ozna\u010duje dostupnost t\u00e9to odr\u016fdy prost\u0159ednictv\u00edm licencovan\u00fdch online v\u00fddejen nebo regulovan\u00fdch webov\u00fdch str\u00e1nek s maloobchodn\u00edm prodejem konop\u00ed. M\u00edsto n\u00e1v\u0161t\u011bvy kamenn\u00e9 prodejny si z\u00e1kazn\u00edci mohou prohl\u00ed\u017eet popisy produkt\u016f, porovn\u00e1vat \u00farovn\u011b \u00fa\u010dinnosti a hodnotit London Pound Cake k prodeji prost\u0159ednictv\u00edm zabezpe\u010den\u00e9 online platformy. Fr\u00e1ze \u201eKoupit London Pound Cake online\u201c zd\u016fraz\u0148uje pohodl\u00ed a dostupnost tam, kde jsou transakce s konop\u00edm leg\u00e1ln\u011b povoleny.<\/p>\n<p>Online prodejci \u010dasto poskytuj\u00ed podrobn\u00e9 informace, jako je procento kanabinoid\u016f, obsah terpen\u016f, p\u011bstebn\u00ed historie a form\u00e1ty balen\u00ed. P\u0159i hled\u00e1n\u00ed nejlep\u0161\u00edho m\u00edsta pro online n\u00e1kup London Pound Cake z\u00e1kazn\u00edci obvykle up\u0159ednost\u0148uj\u00ed transparentnost, bezpe\u010dn\u00e9 platebn\u00ed syst\u00e9my a dodr\u017eov\u00e1n\u00ed platn\u00fdch p\u0159edpis\u016f.<\/p>\n<h3>Nejlep\u0161\u00ed vyu\u017eit\u00ed a v\u00fdhody London Pound Cake<\/h3>\n<p>London Pound Cake je \u010dasto spojov\u00e1n s vyv\u00e1\u017een\u00fdm hybridn\u00edm z\u00e1\u017eitkem. Mnoho u\u017eivatel\u016f popisuje postupn\u00e9 povznesen\u00ed n\u00e1lady n\u00e1sledovan\u00e9 uklid\u0148uj\u00edc\u00edm pocitem t\u011bla. D\u00edky sv\u00e9mu hybridn\u00edmu profilu m\u016f\u017ee b\u00fdt vhodn\u00fd pro spole\u010densk\u00e9 prost\u0159ed\u00ed, relaxaci nebo kreativn\u00ed aktivity v z\u00e1vislosti na individu\u00e1ln\u00ed toleranci a d\u00e1vkov\u00e1n\u00ed.<\/p>\n<p>N\u011bkte\u0159\u00ed lid\u00e9 oce\u0148uj\u00ed tuto odr\u016fdu pro jej\u00ed bohat\u00e9 aroma a jemnou chu\u0165. Stejn\u011b jako u v\u0161ech konopn\u00fdch produkt\u016f se zku\u0161enosti mohou li\u0161it v z\u00e1vislosti na d\u00e1vkov\u00e1n\u00ed, osobn\u00ed toleranci a t\u011blesn\u00e9 chemii. Zodpov\u011bdn\u00e9 u\u017e\u00edv\u00e1n\u00ed je d\u016fle\u017eit\u00e9 p\u0159i online objedn\u00e1vce London Pound Cake, zejm\u00e9na p\u0159i v\u00fdb\u011bru mo\u017enost\u00ed s vy\u0161\u0161\u00ed \u00fa\u010dinnost\u00ed.<\/p>\n<h3>Pro\u010d koupit London Pound Cake online na koupitmarihuanu.com?<\/h3>\n<p>N\u00e1kup London Pound Cake online na <a href=\"https:\/\/koupitmarihuanu.com\/hu\/\">koupitmarihuanu.com<\/a> nab\u00edz\u00ed z\u00e1kazn\u00edk\u016fm efektivn\u00ed zp\u016fsob, jak z\u00edskat p\u0159\u00edstup k konopn\u00fdm produkt\u016fm specifick\u00fdm pro danou odr\u016fdu v \u200b\u200bregionech, kde je prodej leg\u00e1ln\u011b povolen. Mnoho kupuj\u00edc\u00edch hled\u00e1 nejlep\u0161\u00ed m\u00edsto pro online n\u00e1kup London Pound Cake, aby si zajistili p\u0159esn\u00fd popis produktu a spolehliv\u00fd servis.<\/p>\n<p>Ne\u017e se rozhodnou koupit London Pound Cake online, z\u00e1kazn\u00edci \u010dasto hodnot\u00ed d\u016fv\u011bryhodnost webov\u00fdch str\u00e1nek, konkurenceschopn\u00e9 ceny, bezpe\u010dn\u00e9 transak\u010dn\u00ed procesy a dodr\u017eov\u00e1n\u00ed m\u00edstn\u00edch z\u00e1kon\u016f o konop\u00ed. Pokud v\u00e1s zaj\u00edm\u00e1, kde koupit London Pound Cake, je p\u0159ed dokon\u010den\u00edm jak\u00e9hokoli n\u00e1kupu nezbytn\u00e9 ov\u011b\u0159it, zda prodejce p\u016fsob\u00ed v pr\u00e1vn\u00edm r\u00e1mci va\u0161\u00ed <a href=\"https:\/\/en.wikipedia.org\/wiki\/Pound_cake\">lokality<\/a>.<\/p>\n<h3>Jak si u n\u00e1s objednat London Pound Cake online<\/h3>\n<p>Chce-li si z\u00e1kazn\u00edci objednat London Pound Cake online, obvykle nav\u0161t\u00edv\u00ed webov\u00e9 str\u00e1nky, prohl\u00e9dnou si dostupn\u00e9 nab\u00eddky a vyberou preferovanou variantu produktu. Po p\u0159id\u00e1n\u00ed polo\u017eky do ko\u0161\u00edku pokra\u010duj\u00ed k pokladn\u011b, zad\u00e1vaj\u00ed pot\u0159ebn\u00e9 \u00fadaje a dokon\u010duj\u00ed platbu schv\u00e1len\u00fdmi metodami.<\/p>\n<p>V z\u00e1vislosti na region\u00e1ln\u00edch p\u0159edpisech m\u016f\u017ee b\u00fdt p\u0159ed \u00fasp\u011b\u0161nou online objedn\u00e1vkou London Pound Cake vy\u017eadov\u00e1no ov\u011b\u0159en\u00ed v\u011bku nebo toto\u017enosti. Po potvrzen\u00ed jsou poskytnuty dodac\u00ed lh\u016fty a podrobnosti o doru\u010den\u00ed. Z\u00e1kazn\u00edci by si m\u011bli p\u0159ed n\u00e1kupem jak\u00e9hokoli London Pound Cake online pe\u010dliv\u011b prostudovat z\u00e1sady obchodu.<\/p>","protected":false},"excerpt":{"rendered":"<p>koupit London Pound Cake online Term\u00edn \u201ekoupit London Pound Cake online\u201c ozna\u010duje proces n\u00e1kupu produkt\u016f odvozen\u00fdch z odr\u016fdy London Pound Cake prost\u0159ednictv\u00edm internetov\u00fdch platforem, kde je prodej konop\u00ed pr\u00e1vn\u011b regulov\u00e1n. Tuto fr\u00e1zi b\u011b\u017en\u011b pou\u017e\u00edvaj\u00ed jednotlivci, kte\u0159\u00ed p\u0159ed n\u00e1kupem zkoumaj\u00ed podrobnosti o odr\u016fd\u011b, obsah kanabinoid\u016f, chu\u0165ov\u00fd profil a cenu London Pound Cake. Mnoho spot\u0159ebitel\u016f hled\u00e1 v\u00fdrazy [&hellip;]<\/p>\n","protected":false},"featured_media":1210,"comment_status":"open","ping_status":"closed","template":"","meta":{"site-sidebar-layout":"default","site-content-layout":"","ast-site-content-layout":"default","site-content-style":"default","site-sidebar-style":"default","ast-global-header-display":"","ast-banner-title-visibility":"","ast-main-header-display":"","ast-hfb-above-header-display":"","ast-hfb-below-header-display":"","ast-hfb-mobile-header-display":"","site-post-title":"","ast-breadcrumbs-content":"","ast-featured-img":"","footer-sml-layout":"","ast-disable-related-posts":"","theme-transparent-header-meta":"default","adv-header-id-meta":"","stick-header-meta":"default","header-above-stick-meta":"","header-main-stick-meta":"","header-below-stick-meta":"","astra-migrate-meta-layouts":"set","ast-page-background-enabled":"default","ast-page-background-meta":{"desktop":{"background-color":"var(--ast-global-color-4)","background-image":"","background-repeat":"repeat","background-position":"center center","background-size":"auto","background-attachment":"scroll","background-type":"","background-media":"","overlay-type":"","overlay-color":"","overlay-opacity":"","overlay-gradient":""},"tablet":{"background-color":"","background-image":"","background-repeat":"repeat","background-position":"center center","background-size":"auto","background-attachment":"scroll","background-type":"","background-media":"","overlay-type":"","overlay-color":"","overlay-opacity":"","overlay-gradient":""},"mobile":{"background-color":"","background-image":"","background-repeat":"repeat","background-position":"center center","background-size":"auto","background-attachment":"scroll","background-type":"","background-media":"","overlay-type":"","overlay-color":"","overlay-opacity":"","overlay-gradient":""}},"ast-content-background-meta":{"desktop":{"background-color":"var(--ast-global-color-5)","background-image":"","background-repeat":"repeat","background-position":"center center","background-size":"auto","background-attachment":"scroll","background-type":"","background-media":"","overlay-type":"","overlay-color":"","overlay-opacity":"","overlay-gradient":""},"tablet":{"background-color":"var(--ast-global-color-5)","background-image":"","background-repeat":"repeat","background-position":"center center","background-size":"auto","background-attachment":"scroll","background-type":"","background-media":"","overlay-type":"","overlay-color":"","overlay-opacity":"","overlay-gradient":""},"mobile":{"background-color":"var(--ast-global-color-5)","background-image":"","background-repeat":"repeat","background-position":"center center","background-size":"auto","background-attachment":"scroll","background-type":"","background-media":"","overlay-type":"","overlay-color":"","overlay-opacity":"","overlay-gradient":""}},"_joinchat":[]},"product_brand":[],"product_cat":[17],"product_tag":[],"class_list":{"0":"post-18","1":"product","2":"type-product","3":"status-publish","4":"has-post-thumbnail","6":"product_cat-marihuana","7":"desktop-align-left","8":"tablet-align-left","9":"mobile-align-left","10":"ast-product-gallery-layout-horizontal-slider","11":"ast-product-gallery-with-no-image","12":"ast-product-single-variable","13":"ast-product-tabs-layout-horizontal","15":"first","16":"instock","17":"shipping-taxable","18":"purchasable","19":"product-type-variable"},"yoast_head":"<!-- This site is optimized with the Yoast SEO plugin v22.6 - https:\/\/yoast.com\/wordpress\/plugins\/seo\/ -->\n<title>Koupit London Pound Cake online \u2013 London Pound Cake na prodej<\/title>\n<meta name=\"description\" content=\"Chcete koupit London Pound Cake online za rozumnou cenu? Nav\u0161tivte n\u00e1\u0161 renomovan\u00fd internetov\u00fd chemick\u00fd obchod a z\u00edskejte London Pound Cake k prodeji je\u0161t\u011b dnes. Objednejte nyn\u00ed a z\u00edskejte nejlep\u0161\u00ed cenu v na\u0161em obchod\u011b.\" \/>\n<meta name=\"robots\" content=\"index, follow, max-snippet:-1, max-image-preview:large, max-video-preview:-1\" \/>\n<link rel=\"canonical\" href=\"https:\/\/koupitmarihuanu.com\/hu\/termek\/london-pound-cake\/\" \/>\n<meta property=\"og:locale\" content=\"hu_HU\" \/>\n<meta property=\"og:type\" content=\"article\" \/>\n<meta property=\"og:title\" content=\"Koupit London Pound Cake online \u2013 London Pound Cake na prodej\" \/>\n<meta property=\"og:description\" content=\"Chcete koupit London Pound Cake online za rozumnou cenu? Nav\u0161tivte n\u00e1\u0161 renomovan\u00fd internetov\u00fd chemick\u00fd obchod a z\u00edskejte London Pound Cake k prodeji je\u0161t\u011b dnes. Objednejte nyn\u00ed a z\u00edskejte nejlep\u0161\u00ed cenu v na\u0161em obchod\u011b.\" \/>\n<meta property=\"og:url\" content=\"https:\/\/koupitmarihuanu.com\/hu\/termek\/london-pound-cake\/\" \/>\n<meta property=\"og:site_name\" content=\"Koupit Marihuanu\" \/>\n<meta property=\"article:modified_time\" content=\"2026-02-18T13:00:39+00:00\" \/>\n<meta property=\"og:image\" content=\"https:\/\/koupitmarihuanu.com\/wp-content\/uploads\/2023\/12\/LONDON-POUND-CAKE.jpg\" \/>\n\t<meta property=\"og:image:width\" content=\"600\" \/>\n\t<meta property=\"og:image:height\" content=\"600\" \/>\n\t<meta property=\"og:image:type\" content=\"image\/jpeg\" \/>\n<meta name=\"twitter:card\" content=\"summary_large_image\" \/>\n<meta name=\"twitter:label1\" content=\"Becs\u00fclt olvas\u00e1si id\u0151\" \/>\n\t<meta name=\"twitter:data1\" content=\"3 perc\" \/>\n<script type=\"application\/ld+json\" class=\"yoast-schema-graph\">{\"@context\":\"https:\/\/schema.org\",\"@graph\":[{\"@type\":\"WebPage\",\"@id\":\"https:\/\/koupitmarihuanu.com\/produkt\/london-pound-cake\/\",\"url\":\"https:\/\/koupitmarihuanu.com\/produkt\/london-pound-cake\/\",\"name\":\"Koupit London Pound Cake online \u2013 London Pound Cake na prodej\",\"isPartOf\":{\"@id\":\"https:\/\/koupitmarihuanu.com\/#website\"},\"primaryImageOfPage\":{\"@id\":\"https:\/\/koupitmarihuanu.com\/produkt\/london-pound-cake\/#primaryimage\"},\"image\":{\"@id\":\"https:\/\/koupitmarihuanu.com\/produkt\/london-pound-cake\/#primaryimage\"},\"thumbnailUrl\":\"https:\/\/koupitmarihuanu.com\/wp-content\/uploads\/2023\/12\/LONDON-POUND-CAKE.jpg\",\"datePublished\":\"2023-12-26T07:28:54+00:00\",\"dateModified\":\"2026-02-18T13:00:39+00:00\",\"description\":\"Chcete koupit London Pound Cake online za rozumnou cenu? Nav\u0161tivte n\u00e1\u0161 renomovan\u00fd internetov\u00fd chemick\u00fd obchod a z\u00edskejte London Pound Cake k prodeji je\u0161t\u011b dnes. Objednejte nyn\u00ed a z\u00edskejte nejlep\u0161\u00ed cenu v na\u0161em obchod\u011b.\",\"breadcrumb\":{\"@id\":\"https:\/\/koupitmarihuanu.com\/produkt\/london-pound-cake\/#breadcrumb\"},\"inLanguage\":\"hu\",\"potentialAction\":[{\"@type\":\"ReadAction\",\"target\":[\"https:\/\/koupitmarihuanu.com\/produkt\/london-pound-cake\/\"]}]},{\"@type\":\"ImageObject\",\"inLanguage\":\"hu\",\"@id\":\"https:\/\/koupitmarihuanu.com\/produkt\/london-pound-cake\/#primaryimage\",\"url\":\"https:\/\/koupitmarihuanu.com\/wp-content\/uploads\/2023\/12\/LONDON-POUND-CAKE.jpg\",\"contentUrl\":\"https:\/\/koupitmarihuanu.com\/wp-content\/uploads\/2023\/12\/LONDON-POUND-CAKE.jpg\",\"width\":600,\"height\":600,\"caption\":\"LONDON-POUND-CAKE\"},{\"@type\":\"BreadcrumbList\",\"@id\":\"https:\/\/koupitmarihuanu.com\/produkt\/london-pound-cake\/#breadcrumb\",\"itemListElement\":[{\"@type\":\"ListItem\",\"position\":1,\"name\":\"Home\",\"item\":\"https:\/\/koupitmarihuanu.com\/\"},{\"@type\":\"ListItem\",\"position\":2,\"name\":\"Prodejna\",\"item\":\"https:\/\/koupitmarihuanu.com\/prodejna\/\"},{\"@type\":\"ListItem\",\"position\":3,\"name\":\"London Pound Cake\"}]},{\"@type\":\"WebSite\",\"@id\":\"https:\/\/koupitmarihuanu.com\/#website\",\"url\":\"https:\/\/koupitmarihuanu.com\/\",\"name\":\"Koupit Marihuanu\",\"description\":\"My WordPress Blog\",\"publisher\":{\"@id\":\"https:\/\/koupitmarihuanu.com\/#organization\"},\"potentialAction\":[{\"@type\":\"SearchAction\",\"target\":{\"@type\":\"EntryPoint\",\"urlTemplate\":\"https:\/\/koupitmarihuanu.com\/?s={search_term_string}\"},\"query-input\":\"required name=search_term_string\"}],\"inLanguage\":\"hu\"},{\"@type\":\"Organization\",\"@id\":\"https:\/\/koupitmarihuanu.com\/#organization\",\"name\":\"Koupit Marihuanu\",\"url\":\"https:\/\/koupitmarihuanu.com\/\",\"logo\":{\"@type\":\"ImageObject\",\"inLanguage\":\"hu\",\"@id\":\"https:\/\/koupitmarihuanu.com\/#\/schema\/logo\/image\/\",\"url\":\"https:\/\/koupitmarihuanu.com\/wp-content\/uploads\/2024\/01\/black-logo.png\",\"contentUrl\":\"https:\/\/koupitmarihuanu.com\/wp-content\/uploads\/2024\/01\/black-logo.png\",\"width\":300,\"height\":63,\"caption\":\"Koupit Marihuanu\"},\"image\":{\"@id\":\"https:\/\/koupitmarihuanu.com\/#\/schema\/logo\/image\/\"}}]}<\/script>\n<!-- \/ Yoast SEO plugin. -->","yoast_head_json":{"title":"V\u00e1s\u00e1roljon London Pound Cake Online - London Pound Cake Elad\u00f3","description":"London Pound Cake-t szeretne online v\u00e1s\u00e1rolni elfogadhat\u00f3 \u00e1ron? L\u00e1togassa meg j\u00f3 h\u00edr\u0171 online gy\u00f3gyszert\u00e1runkat, \u00e9s v\u00e1s\u00e1roljon London Pound Cake-t m\u00e9g ma. Rendelje meg most \u00e9s kapja meg a legjobb \u00e1rat \u00fczlet\u00fcnkben.","robots":{"index":"index","follow":"follow","max-snippet":"max-snippet:-1","max-image-preview":"max-image-preview:large","max-video-preview":"max-video-preview:-1"},"canonical":"https:\/\/koupitmarihuanu.com\/hu\/termek\/london-pound-cake\/","og_locale":"hu_HU","og_type":"article","og_title":"Koupit London Pound Cake online \u2013 London Pound Cake na prodej","og_description":"Chcete koupit London Pound Cake online za rozumnou cenu? Nav\u0161tivte n\u00e1\u0161 renomovan\u00fd internetov\u00fd chemick\u00fd obchod a z\u00edskejte London Pound Cake k prodeji je\u0161t\u011b dnes. Objednejte nyn\u00ed a z\u00edskejte nejlep\u0161\u00ed cenu v na\u0161em obchod\u011b.","og_url":"https:\/\/koupitmarihuanu.com\/hu\/termek\/london-pound-cake\/","og_site_name":"Koupit Marihuanu","article_modified_time":"2026-02-18T13:00:39+00:00","og_image":[{"width":600,"height":600,"url":"https:\/\/koupitmarihuanu.com\/wp-content\/uploads\/2023\/12\/LONDON-POUND-CAKE.jpg","type":"image\/jpeg"}],"twitter_card":"summary_large_image","twitter_misc":{"Becs\u00fclt olvas\u00e1si id\u0151":"3 perc"},"schema":{"@context":"https:\/\/schema.org","@graph":[{"@type":"WebPage","@id":"https:\/\/koupitmarihuanu.com\/produkt\/london-pound-cake\/","url":"https:\/\/koupitmarihuanu.com\/produkt\/london-pound-cake\/","name":"V\u00e1s\u00e1roljon London Pound Cake Online - London Pound Cake Elad\u00f3","isPartOf":{"@id":"https:\/\/koupitmarihuanu.com\/#website"},"primaryImageOfPage":{"@id":"https:\/\/koupitmarihuanu.com\/produkt\/london-pound-cake\/#primaryimage"},"image":{"@id":"https:\/\/koupitmarihuanu.com\/produkt\/london-pound-cake\/#primaryimage"},"thumbnailUrl":"https:\/\/koupitmarihuanu.com\/wp-content\/uploads\/2023\/12\/LONDON-POUND-CAKE.jpg","datePublished":"2023-12-26T07:28:54+00:00","dateModified":"2026-02-18T13:00:39+00:00","description":"London Pound Cake-t szeretne online v\u00e1s\u00e1rolni elfogadhat\u00f3 \u00e1ron? L\u00e1togassa meg j\u00f3 h\u00edr\u0171 online gy\u00f3gyszert\u00e1runkat, \u00e9s v\u00e1s\u00e1roljon London Pound Cake-t m\u00e9g ma. Rendelje meg most \u00e9s kapja meg a legjobb \u00e1rat \u00fczlet\u00fcnkben.","breadcrumb":{"@id":"https:\/\/koupitmarihuanu.com\/produkt\/london-pound-cake\/#breadcrumb"},"inLanguage":"hu","potentialAction":[{"@type":"ReadAction","target":["https:\/\/koupitmarihuanu.com\/produkt\/london-pound-cake\/"]}]},{"@type":"ImageObject","inLanguage":"hu","@id":"https:\/\/koupitmarihuanu.com\/produkt\/london-pound-cake\/#primaryimage","url":"https:\/\/koupitmarihuanu.com\/wp-content\/uploads\/2023\/12\/LONDON-POUND-CAKE.jpg","contentUrl":"https:\/\/koupitmarihuanu.com\/wp-content\/uploads\/2023\/12\/LONDON-POUND-CAKE.jpg","width":600,"height":600,"caption":"LONDON-POUND-CAKE"},{"@type":"BreadcrumbList","@id":"https:\/\/koupitmarihuanu.com\/produkt\/london-pound-cake\/#breadcrumb","itemListElement":[{"@type":"ListItem","position":1,"name":"Home","item":"https:\/\/koupitmarihuanu.com\/"},{"@type":"ListItem","position":2,"name":"Prodejna","item":"https:\/\/koupitmarihuanu.com\/prodejna\/"},{"@type":"ListItem","position":3,"name":"London Pound Cake"}]},{"@type":"WebSite","@id":"https:\/\/koupitmarihuanu.com\/#website","url":"https:\/\/koupitmarihuanu.com\/","name":"Marihu\u00e1na v\u00e1s\u00e1rl\u00e1s","description":"Az \u00e9n WordPress blogom","publisher":{"@id":"https:\/\/koupitmarihuanu.com\/#organization"},"potentialAction":[{"@type":"SearchAction","target":{"@type":"EntryPoint","urlTemplate":"https:\/\/koupitmarihuanu.com\/?s={search_term_string}"},"query-input":"required name=search_term_string"}],"inLanguage":"hu"},{"@type":"Organization","@id":"https:\/\/koupitmarihuanu.com\/#organization","name":"Marihu\u00e1na v\u00e1s\u00e1rl\u00e1s","url":"https:\/\/koupitmarihuanu.com\/","logo":{"@type":"ImageObject","inLanguage":"hu","@id":"https:\/\/koupitmarihuanu.com\/#\/schema\/logo\/image\/","url":"https:\/\/koupitmarihuanu.com\/wp-content\/uploads\/2024\/01\/black-logo.png","contentUrl":"https:\/\/koupitmarihuanu.com\/wp-content\/uploads\/2024\/01\/black-logo.png","width":300,"height":63,"caption":"Koupit Marihuanu"},"image":{"@id":"https:\/\/koupitmarihuanu.com\/#\/schema\/logo\/image\/"}}]}},"_links":{"self":[{"href":"https:\/\/koupitmarihuanu.com\/hu\/wp-json\/wp\/v2\/product\/18","targetHints":{"allow":["GET"]}}],"collection":[{"href":"https:\/\/koupitmarihuanu.com\/hu\/wp-json\/wp\/v2\/product"}],"about":[{"href":"https:\/\/koupitmarihuanu.com\/hu\/wp-json\/wp\/v2\/types\/product"}],"replies":[{"embeddable":true,"href":"https:\/\/koupitmarihuanu.com\/hu\/wp-json\/wp\/v2\/comments?post=18"}],"wp:featuredmedia":[{"embeddable":true,"href":"https:\/\/koupitmarihuanu.com\/hu\/wp-json\/wp\/v2\/media\/1210"}],"wp:attachment":[{"href":"https:\/\/koupitmarihuanu.com\/hu\/wp-json\/wp\/v2\/media?parent=18"}],"wp:term":[{"taxonomy":"product_brand","embeddable":true,"href":"https:\/\/koupitmarihuanu.com\/hu\/wp-json\/wp\/v2\/product_brand?post=18"},{"taxonomy":"product_cat","embeddable":true,"href":"https:\/\/koupitmarihuanu.com\/hu\/wp-json\/wp\/v2\/product_cat?post=18"},{"taxonomy":"product_tag","embeddable":true,"href":"https:\/\/koupitmarihuanu.com\/hu\/wp-json\/wp\/v2\/product_tag?post=18"}],"curies":[{"name":"wp","href":"https:\/\/api.w.org\/{rel}","templated":true}]}}