{"id":133,"date":"2023-12-26T07:29:07","date_gmt":"2023-12-26T07:29:07","guid":{"rendered":"https:\/\/cannasmed.com\/herbe\/?post_type=product&#038;p=133"},"modified":"2026-02-19T08:36:54","modified_gmt":"2026-02-19T08:36:54","slug":"tahoe-og-cannabis-olaj","status":"publish","type":"product","link":"https:\/\/koupitmarihuanu.com\/hu\/produkt\/tahoe-og-cannabis-oil\/","title":{"rendered":"Tahoe OG Cannabis Oil"},"content":{"rendered":"<h2>Kupte si konopn\u00fd olej Tahoe OG online<\/h2>\n<p><a href=\"https:\/\/koupitmarihuanu.com\/hu\/termek\/tahoe-og-cannabis-olaj\/\">Koupit konopn\u00fd olej Tahoe OG online<\/a> ozna\u010duje proces n\u00e1kupu konopn\u00e9ho oleje z Tahoe OG prost\u0159ednictv\u00edm internetov\u00fdch platforem, kde jsou konopn\u00e9 produkty leg\u00e1ln\u011b dostupn\u00e9. Tuto fr\u00e1zi b\u011b\u017en\u011b pou\u017e\u00edvaj\u00ed jednotlivci hledaj\u00edc\u00ed spolehliv\u00e9 informace o kvalit\u011b produktu, \u00fa\u010dinnosti, dostupnosti a cen\u011b konopn\u00e9ho oleje Tahoe OG. Mnoho spot\u0159ebitel\u016f pou\u017e\u00edv\u00e1 vyhled\u00e1vac\u00ed v\u00fdrazy jako Koupit konopn\u00fd olej Tahoe OG online nebo Kde koupit konopn\u00fd olej Tahoe OG? p\u0159i porovn\u00e1v\u00e1n\u00ed mo\u017enost\u00ed a hled\u00e1n\u00ed d\u016fv\u011bryhodn\u00fdch zdroj\u016f. Tahoe OG je hybrid s dominanc\u00ed indiky, \u0161iroce zn\u00e1m\u00fd pro sv\u00e9 siln\u00e9 relaxa\u010dn\u00ed \u00fa\u010dinky a uklid\u0148uj\u00edc\u00ed vlastnosti. Je zn\u00e1m\u00fd pro svou zemitou, citronovou a borovicovou v\u016fni, kter\u00e1 je \u010dasto spojov\u00e1na s hlubokou fyzickou relaxac\u00ed a du\u0161evn\u00ed pohodou. D\u00edky sv\u00e9mu siln\u00e9mu profilu si produkty z t\u00e9to odr\u016fdy \u010dasto vyb\u00edraj\u00ed jednotlivci, kte\u0159\u00ed hledaj\u00ed ve\u010dern\u00ed u\u017e\u00edv\u00e1n\u00ed nebo celkov\u00e9 sn\u00ed\u017een\u00ed stresu. Kdy\u017e lid\u00e9 hledaj\u00ed konopn\u00fd olej Tahoe OG k prodeji, obvykle hledaj\u00ed koncentrovan\u00fd extrakt, kter\u00fd zachov\u00e1v\u00e1 jedine\u010dn\u00e9 slo\u017een\u00ed kanabinoid\u016f a terpen\u016f odr\u016fdy.<\/p>\n<p>Konopn\u00fd olej je koncentrovan\u00fd extrakt z rostliny konop\u00ed, kter\u00fd obsahuje kanabinoidy, jako je THC a CBD. THC je zodpov\u011bdn\u00e9 za psychoaktivn\u00ed \u00fa\u010dinky, zat\u00edmco CBD je neomamn\u00e9 a \u010dasto spojovan\u00e9 s podporou celkov\u00e9 pohody. Konopn\u00fd olej Tahoe OG je formulov\u00e1n tak, aby odr\u00e1\u017eel vlastnosti p\u016fvodn\u00ed odr\u016fdy a nab\u00edzel produkt, kter\u00fd si zachov\u00e1v\u00e1 jej\u00ed specifick\u00fd profil. Ne\u017e se rozhodnou koupit konopn\u00fd olej Tahoe OG online, mnoho z\u00e1kazn\u00edk\u016f porovn\u00e1v\u00e1 \u00farovn\u011b \u00fa\u010dinnosti a hodnot\u00ed celkovou cenu konopn\u00e9ho oleje Tahoe OG u r\u016fzn\u00fdch prodejc\u016f.<\/p>\n<h3>Co je konopn\u00fd olej Tahoe OG online?<\/h3>\n<p>Konopn\u00fd olej Tahoe OG online ozna\u010duje dostupnost tohoto konopn\u00e9ho extraktu specifick\u00e9ho pro danou odr\u016fdu k zakoupen\u00ed prost\u0159ednictv\u00edm licencovan\u00fdch online v\u00fddejen nebo regulovan\u00fdch webov\u00fdch str\u00e1nek s maloobchodn\u00edm prodejem konop\u00ed. Z\u00e1kazn\u00edci si mohou prohl\u00ed\u017eet produkty, prohl\u00ed\u017eet si informace o laboratorn\u00edch testech a vyb\u00edrat z dostupn\u00fdch mo\u017enost\u00ed, ani\u017e by museli nav\u0161t\u00edvit fyzickou prodejnu. Fr\u00e1zi \u201eKoupit konopn\u00fd olej Tahoe OG online\u201c \u010dasto pou\u017e\u00edvaj\u00ed lid\u00e9, kte\u0159\u00ed hledaj\u00ed pohodl\u00ed, diskr\u00e9tnost a p\u0159\u00edstup k podrobn\u00fdm popis\u016fm produkt\u016f. P\u0159i hled\u00e1n\u00ed konopn\u00e9ho oleje Tahoe OG k prodeji kupuj\u00edc\u00ed \u010dasto p\u0159ed rozhodnut\u00edm o koupi posuzuj\u00ed pravost, shodu s p\u0159edpisy a spolehlivost.<\/p>\n<h3>Nejlep\u0161\u00ed vyu\u017eit\u00ed a v\u00fdhody konopn\u00e9ho oleje Tahoe OG<\/h3>\n<p>Konopn\u00fd olej Tahoe OG je b\u011b\u017en\u011b spojov\u00e1n s relaxa\u010dn\u00edmi a uklid\u0148uj\u00edc\u00edmi \u00fa\u010dinky. Mnoho u\u017eivatel\u016f uv\u00e1d\u00ed pocit fyzick\u00e9ho pohodl\u00ed a du\u0161evn\u00edho klidu, d\u00edky \u010demu\u017e je vhodn\u00fd pro ve\u010dern\u00ed rutiny. D\u00edky sv\u00fdm charakteristik\u00e1m s dominanc\u00ed indiky je \u010dasto spojov\u00e1n s \u00falevou od stresu a celkovou relaxac\u00ed.<\/p>\n<p>N\u011bkte\u0159\u00ed jedinci zkoumaj\u00ed jeho potenci\u00e1l podporovat sp\u00e1nek, uvol\u0148ovat svalov\u00e9 nap\u011bt\u00ed a podporovat klidn\u00fd stav mysli. Stejn\u011b jako u jak\u00e9hokoli produktu obsahuj\u00edc\u00edho THC se \u00fa\u010dinky mohou li\u0161it v z\u00e1vislosti na d\u00e1vkov\u00e1n\u00ed a individu\u00e1ln\u00ed toleranci. Zodpov\u011bdn\u00e9 u\u017e\u00edv\u00e1n\u00ed je d\u016fle\u017eit\u00e9 p\u0159i online objedn\u00e1vce konopn\u00e9ho oleje Tahoe OG, zejm\u00e9na p\u0159i v\u00fdb\u011bru s\u00edly a velikosti porce.<\/p>\n<h3>Pro\u010d koupit konopn\u00fd olej Tahoe OG online na koupitmarihuanu.com?<\/h3>\n<p>N\u00e1kup konopn\u00e9ho oleje Tahoe OG online na koupitmarihuanu.com nab\u00edz\u00ed z\u00e1kazn\u00edk\u016fm pohodln\u00fd zp\u016fsob, jak z\u00edskat p\u0159\u00edstup k produkt\u016fm z konopn\u00e9ho oleje specifick\u00fdch pro danou odr\u016fdu. Mnoho kupuj\u00edc\u00edch hled\u00e1 nejlep\u0161\u00ed m\u00edsto pro online n\u00e1kup konopn\u00e9ho oleje Tahoe OG, aby si zajistili podrobn\u00e9 informace o produktu a konzistentn\u00ed kvalitu.<\/p>\n<p>Z\u00e1kazn\u00edci \u010dasto p\u0159ed online n\u00e1kupem konopn\u00e9ho oleje Tahoe OG hodnot\u00ed zabezpe\u010den\u00e9 syst\u00e9my platby, z\u00e1kaznickou podporu a <a href=\"https:\/\/koupitmarihuanu.com\/hu\/\">konkurenceschopn\u00e9<\/a> ceny. Pokud v\u00e1s zaj\u00edm\u00e1, kde koupit konopn\u00fd olej Tahoe OG, je nezbytn\u00e9 p\u0159ed dokon\u010den\u00edm transakce ov\u011b\u0159it transparentnost produktu a ov\u011b\u0159it soulad s pr\u00e1vn\u00edmi p\u0159edpisy.<\/p>\n<h3>Jak si u n\u00e1s objednat konopn\u00fd olej Tahoe OG online<\/h3>\n<p>Chce-li si z\u00e1kazn\u00edci objednat konopn\u00fd olej Tahoe OG online, obvykle nav\u0161t\u00edv\u00ed webov\u00e9 str\u00e1nky, prohl\u00e9dnou si dostupn\u00e9 nab\u00eddky a vyberou preferovanou mo\u017enost. Po p\u0159id\u00e1n\u00ed produktu do ko\u0161\u00edku pokra\u010duj\u00ed k pokladn\u011b, poskytnou pot\u0159ebn\u00e9 \u00fadaje a dokon\u010d\u00ed platbu pomoc\u00ed akceptovan\u00fdch metod.<\/p>\n<p>V z\u00e1vislosti na m\u00edstn\u00edch p\u0159edpisech m\u016f\u017ee b\u00fdt p\u0159ed \u00fasp\u011b\u0161nou online objedn\u00e1vkou konopn\u00e9ho oleje Tahoe OG vy\u017eadov\u00e1no ov\u011b\u0159en\u00ed toto\u017enosti nebo v\u011bku. Po potvrzen\u00ed objedn\u00e1vky jsou poskytnuty dodac\u00ed lh\u016fty a podrobnosti o doru\u010den\u00ed. P\u0159ed n\u00e1kupem jak\u00e9hokoli konopn\u00e9ho oleje Tahoe OG k online prodeji je d\u016fle\u017eit\u00e9 si pe\u010dliv\u011b prostudovat <a href=\"https:\/\/en.wikipedia.org\/wiki\/Hash_oil\">z\u00e1sady<\/a>.<\/p>","protected":false},"excerpt":{"rendered":"<p>Kupte si konopn\u00fd olej Tahoe OG online Koupit konopn\u00fd olej Tahoe OG online ozna\u010duje proces n\u00e1kupu konopn\u00e9ho oleje z Tahoe OG prost\u0159ednictv\u00edm internetov\u00fdch platforem, kde jsou konopn\u00e9 produkty leg\u00e1ln\u011b dostupn\u00e9. Tuto fr\u00e1zi b\u011b\u017en\u011b pou\u017e\u00edvaj\u00ed jednotlivci hledaj\u00edc\u00ed spolehliv\u00e9 informace o kvalit\u011b produktu, \u00fa\u010dinnosti, dostupnosti a cen\u011b konopn\u00e9ho oleje Tahoe OG. Mnoho spot\u0159ebitel\u016f pou\u017e\u00edv\u00e1 vyhled\u00e1vac\u00ed v\u00fdrazy jako [&hellip;]<\/p>\n","protected":false},"featured_media":1166,"comment_status":"open","ping_status":"closed","template":"","meta":{"site-sidebar-layout":"default","site-content-layout":"","ast-site-content-layout":"default","site-content-style":"default","site-sidebar-style":"default","ast-global-header-display":"","ast-banner-title-visibility":"","ast-main-header-display":"","ast-hfb-above-header-display":"","ast-hfb-below-header-display":"","ast-hfb-mobile-header-display":"","site-post-title":"","ast-breadcrumbs-content":"","ast-featured-img":"","footer-sml-layout":"","ast-disable-related-posts":"","theme-transparent-header-meta":"default","adv-header-id-meta":"","stick-header-meta":"default","header-above-stick-meta":"","header-main-stick-meta":"","header-below-stick-meta":"","astra-migrate-meta-layouts":"set","ast-page-background-enabled":"default","ast-page-background-meta":{"desktop":{"background-color":"var(--ast-global-color-4)","background-image":"","background-repeat":"repeat","background-position":"center center","background-size":"auto","background-attachment":"scroll","background-type":"","background-media":"","overlay-type":"","overlay-color":"","overlay-opacity":"","overlay-gradient":""},"tablet":{"background-color":"","background-image":"","background-repeat":"repeat","background-position":"center center","background-size":"auto","background-attachment":"scroll","background-type":"","background-media":"","overlay-type":"","overlay-color":"","overlay-opacity":"","overlay-gradient":""},"mobile":{"background-color":"","background-image":"","background-repeat":"repeat","background-position":"center center","background-size":"auto","background-attachment":"scroll","background-type":"","background-media":"","overlay-type":"","overlay-color":"","overlay-opacity":"","overlay-gradient":""}},"ast-content-background-meta":{"desktop":{"background-color":"var(--ast-global-color-5)","background-image":"","background-repeat":"repeat","background-position":"center center","background-size":"auto","background-attachment":"scroll","background-type":"","background-media":"","overlay-type":"","overlay-color":"","overlay-opacity":"","overlay-gradient":""},"tablet":{"background-color":"var(--ast-global-color-5)","background-image":"","background-repeat":"repeat","background-position":"center center","background-size":"auto","background-attachment":"scroll","background-type":"","background-media":"","overlay-type":"","overlay-color":"","overlay-opacity":"","overlay-gradient":""},"mobile":{"background-color":"var(--ast-global-color-5)","background-image":"","background-repeat":"repeat","background-position":"center center","background-size":"auto","background-attachment":"scroll","background-type":"","background-media":"","overlay-type":"","overlay-color":"","overlay-opacity":"","overlay-gradient":""}},"_joinchat":[]},"product_brand":[],"product_cat":[19],"product_tag":[],"class_list":{"0":"post-133","1":"product","2":"type-product","3":"status-publish","4":"has-post-thumbnail","6":"product_cat-konopny-olej-thc","7":"desktop-align-left","8":"tablet-align-left","9":"mobile-align-left","10":"ast-product-gallery-layout-horizontal-slider","11":"ast-product-gallery-with-no-image","12":"ast-product-single-variable","13":"ast-product-tabs-layout-horizontal","15":"first","16":"instock","17":"shipping-taxable","18":"purchasable","19":"product-type-variable"},"yoast_head":"<!-- This site is optimized with the Yoast SEO plugin v22.6 - https:\/\/yoast.com\/wordpress\/plugins\/seo\/ -->\n<title>Koupit Tahoe OG konopn\u00fd olej online \u2013 Tahoe OG konopn\u00fd olej na prodej<\/title>\n<meta name=\"description\" content=\"M\u016f\u017eete se spojit s na\u0161\u00edm online obchodem KoupitMarihuanu a koupit konopn\u00fd olej Tahoe OG online. M\u016f\u017eete z\u00edskat konopn\u00fd olej Tahoe OG k prodeji za levn\u00e9 ceny. Okam\u017eit\u011b objednejte!\" \/>\n<meta name=\"robots\" content=\"index, follow, max-snippet:-1, max-image-preview:large, max-video-preview:-1\" \/>\n<link rel=\"canonical\" href=\"https:\/\/koupitmarihuanu.com\/hu\/termek\/tahoe-og-cannabis-olaj\/\" \/>\n<meta property=\"og:locale\" content=\"hu_HU\" \/>\n<meta property=\"og:type\" content=\"article\" \/>\n<meta property=\"og:title\" content=\"Koupit Tahoe OG konopn\u00fd olej online \u2013 Tahoe OG konopn\u00fd olej na prodej\" \/>\n<meta property=\"og:description\" content=\"M\u016f\u017eete se spojit s na\u0161\u00edm online obchodem KoupitMarihuanu a koupit konopn\u00fd olej Tahoe OG online. M\u016f\u017eete z\u00edskat konopn\u00fd olej Tahoe OG k prodeji za levn\u00e9 ceny. Okam\u017eit\u011b objednejte!\" \/>\n<meta property=\"og:url\" content=\"https:\/\/koupitmarihuanu.com\/hu\/termek\/tahoe-og-cannabis-olaj\/\" \/>\n<meta property=\"og:site_name\" content=\"Koupit Marihuanu\" \/>\n<meta property=\"article:modified_time\" content=\"2026-02-19T08:36:54+00:00\" \/>\n<meta property=\"og:image\" content=\"https:\/\/koupitmarihuanu.com\/wp-content\/uploads\/2023\/12\/TAHOE-OG-CANNABIS-OIL.jpg\" \/>\n\t<meta property=\"og:image:width\" content=\"600\" \/>\n\t<meta property=\"og:image:height\" content=\"600\" \/>\n\t<meta property=\"og:image:type\" content=\"image\/jpeg\" \/>\n<meta name=\"twitter:card\" content=\"summary_large_image\" \/>\n<meta name=\"twitter:label1\" content=\"Becs\u00fclt olvas\u00e1si id\u0151\" \/>\n\t<meta name=\"twitter:data1\" content=\"3 perc\" \/>\n<script type=\"application\/ld+json\" class=\"yoast-schema-graph\">{\"@context\":\"https:\/\/schema.org\",\"@graph\":[{\"@type\":\"WebPage\",\"@id\":\"https:\/\/koupitmarihuanu.com\/produkt\/tahoe-og-cannabis-oil\/\",\"url\":\"https:\/\/koupitmarihuanu.com\/produkt\/tahoe-og-cannabis-oil\/\",\"name\":\"Koupit Tahoe OG konopn\u00fd olej online \u2013 Tahoe OG konopn\u00fd olej na prodej\",\"isPartOf\":{\"@id\":\"https:\/\/koupitmarihuanu.com\/#website\"},\"primaryImageOfPage\":{\"@id\":\"https:\/\/koupitmarihuanu.com\/produkt\/tahoe-og-cannabis-oil\/#primaryimage\"},\"image\":{\"@id\":\"https:\/\/koupitmarihuanu.com\/produkt\/tahoe-og-cannabis-oil\/#primaryimage\"},\"thumbnailUrl\":\"https:\/\/koupitmarihuanu.com\/wp-content\/uploads\/2023\/12\/TAHOE-OG-CANNABIS-OIL.jpg\",\"datePublished\":\"2023-12-26T07:29:07+00:00\",\"dateModified\":\"2026-02-19T08:36:54+00:00\",\"description\":\"M\u016f\u017eete se spojit s na\u0161\u00edm online obchodem KoupitMarihuanu a koupit konopn\u00fd olej Tahoe OG online. M\u016f\u017eete z\u00edskat konopn\u00fd olej Tahoe OG k prodeji za levn\u00e9 ceny. Okam\u017eit\u011b objednejte!\",\"breadcrumb\":{\"@id\":\"https:\/\/koupitmarihuanu.com\/produkt\/tahoe-og-cannabis-oil\/#breadcrumb\"},\"inLanguage\":\"hu\",\"potentialAction\":[{\"@type\":\"ReadAction\",\"target\":[\"https:\/\/koupitmarihuanu.com\/produkt\/tahoe-og-cannabis-oil\/\"]}]},{\"@type\":\"ImageObject\",\"inLanguage\":\"hu\",\"@id\":\"https:\/\/koupitmarihuanu.com\/produkt\/tahoe-og-cannabis-oil\/#primaryimage\",\"url\":\"https:\/\/koupitmarihuanu.com\/wp-content\/uploads\/2023\/12\/TAHOE-OG-CANNABIS-OIL.jpg\",\"contentUrl\":\"https:\/\/koupitmarihuanu.com\/wp-content\/uploads\/2023\/12\/TAHOE-OG-CANNABIS-OIL.jpg\",\"width\":600,\"height\":600,\"caption\":\"Koupit TAHOE-OG-CANNABIS-OIL Online\"},{\"@type\":\"BreadcrumbList\",\"@id\":\"https:\/\/koupitmarihuanu.com\/produkt\/tahoe-og-cannabis-oil\/#breadcrumb\",\"itemListElement\":[{\"@type\":\"ListItem\",\"position\":1,\"name\":\"Home\",\"item\":\"https:\/\/koupitmarihuanu.com\/\"},{\"@type\":\"ListItem\",\"position\":2,\"name\":\"Prodejna\",\"item\":\"https:\/\/koupitmarihuanu.com\/prodejna\/\"},{\"@type\":\"ListItem\",\"position\":3,\"name\":\"Tahoe OG Cannabis Oil\"}]},{\"@type\":\"WebSite\",\"@id\":\"https:\/\/koupitmarihuanu.com\/#website\",\"url\":\"https:\/\/koupitmarihuanu.com\/\",\"name\":\"Koupit Marihuanu\",\"description\":\"My WordPress Blog\",\"publisher\":{\"@id\":\"https:\/\/koupitmarihuanu.com\/#organization\"},\"potentialAction\":[{\"@type\":\"SearchAction\",\"target\":{\"@type\":\"EntryPoint\",\"urlTemplate\":\"https:\/\/koupitmarihuanu.com\/?s={search_term_string}\"},\"query-input\":\"required name=search_term_string\"}],\"inLanguage\":\"hu\"},{\"@type\":\"Organization\",\"@id\":\"https:\/\/koupitmarihuanu.com\/#organization\",\"name\":\"Koupit Marihuanu\",\"url\":\"https:\/\/koupitmarihuanu.com\/\",\"logo\":{\"@type\":\"ImageObject\",\"inLanguage\":\"hu\",\"@id\":\"https:\/\/koupitmarihuanu.com\/#\/schema\/logo\/image\/\",\"url\":\"https:\/\/koupitmarihuanu.com\/wp-content\/uploads\/2024\/01\/black-logo.png\",\"contentUrl\":\"https:\/\/koupitmarihuanu.com\/wp-content\/uploads\/2024\/01\/black-logo.png\",\"width\":300,\"height\":63,\"caption\":\"Koupit Marihuanu\"},\"image\":{\"@id\":\"https:\/\/koupitmarihuanu.com\/#\/schema\/logo\/image\/\"}}]}<\/script>\n<!-- \/ Yoast SEO plugin. -->","yoast_head_json":{"title":"V\u00e1s\u00e1roljon Tahoe OG kenderolajat online - Tahoe OG kenderolaj elad\u00f3","description":"Csatlakozhat BuyMarijuana online \u00e1ruh\u00e1zunkhoz, hogy online v\u00e1s\u00e1roljon Tahoe OG kenderolajat. Olcs\u00f3 \u00e1ron kaphat akci\u00f3san Tahoe OG kenderolajat. Rendeljen most!","robots":{"index":"index","follow":"follow","max-snippet":"max-snippet:-1","max-image-preview":"max-image-preview:large","max-video-preview":"max-video-preview:-1"},"canonical":"https:\/\/koupitmarihuanu.com\/hu\/termek\/tahoe-og-cannabis-olaj\/","og_locale":"hu_HU","og_type":"article","og_title":"Koupit Tahoe OG konopn\u00fd olej online \u2013 Tahoe OG konopn\u00fd olej na prodej","og_description":"M\u016f\u017eete se spojit s na\u0161\u00edm online obchodem KoupitMarihuanu a koupit konopn\u00fd olej Tahoe OG online. M\u016f\u017eete z\u00edskat konopn\u00fd olej Tahoe OG k prodeji za levn\u00e9 ceny. Okam\u017eit\u011b objednejte!","og_url":"https:\/\/koupitmarihuanu.com\/hu\/termek\/tahoe-og-cannabis-olaj\/","og_site_name":"Koupit Marihuanu","article_modified_time":"2026-02-19T08:36:54+00:00","og_image":[{"width":600,"height":600,"url":"https:\/\/koupitmarihuanu.com\/wp-content\/uploads\/2023\/12\/TAHOE-OG-CANNABIS-OIL.jpg","type":"image\/jpeg"}],"twitter_card":"summary_large_image","twitter_misc":{"Becs\u00fclt olvas\u00e1si id\u0151":"3 perc"},"schema":{"@context":"https:\/\/schema.org","@graph":[{"@type":"WebPage","@id":"https:\/\/koupitmarihuanu.com\/produkt\/tahoe-og-cannabis-oil\/","url":"https:\/\/koupitmarihuanu.com\/produkt\/tahoe-og-cannabis-oil\/","name":"V\u00e1s\u00e1roljon Tahoe OG kenderolajat online - Tahoe OG kenderolaj elad\u00f3","isPartOf":{"@id":"https:\/\/koupitmarihuanu.com\/#website"},"primaryImageOfPage":{"@id":"https:\/\/koupitmarihuanu.com\/produkt\/tahoe-og-cannabis-oil\/#primaryimage"},"image":{"@id":"https:\/\/koupitmarihuanu.com\/produkt\/tahoe-og-cannabis-oil\/#primaryimage"},"thumbnailUrl":"https:\/\/koupitmarihuanu.com\/wp-content\/uploads\/2023\/12\/TAHOE-OG-CANNABIS-OIL.jpg","datePublished":"2023-12-26T07:29:07+00:00","dateModified":"2026-02-19T08:36:54+00:00","description":"Csatlakozhat BuyMarijuana online \u00e1ruh\u00e1zunkhoz, hogy online v\u00e1s\u00e1roljon Tahoe OG kenderolajat. Olcs\u00f3 \u00e1ron kaphat akci\u00f3san Tahoe OG kenderolajat. Rendeljen most!","breadcrumb":{"@id":"https:\/\/koupitmarihuanu.com\/produkt\/tahoe-og-cannabis-oil\/#breadcrumb"},"inLanguage":"hu","potentialAction":[{"@type":"ReadAction","target":["https:\/\/koupitmarihuanu.com\/produkt\/tahoe-og-cannabis-oil\/"]}]},{"@type":"ImageObject","inLanguage":"hu","@id":"https:\/\/koupitmarihuanu.com\/produkt\/tahoe-og-cannabis-oil\/#primaryimage","url":"https:\/\/koupitmarihuanu.com\/wp-content\/uploads\/2023\/12\/TAHOE-OG-CANNABIS-OIL.jpg","contentUrl":"https:\/\/koupitmarihuanu.com\/wp-content\/uploads\/2023\/12\/TAHOE-OG-CANNABIS-OIL.jpg","width":600,"height":600,"caption":"Koupit TAHOE-OG-CANNABIS-OIL Online"},{"@type":"BreadcrumbList","@id":"https:\/\/koupitmarihuanu.com\/produkt\/tahoe-og-cannabis-oil\/#breadcrumb","itemListElement":[{"@type":"ListItem","position":1,"name":"Home","item":"https:\/\/koupitmarihuanu.com\/"},{"@type":"ListItem","position":2,"name":"Prodejna","item":"https:\/\/koupitmarihuanu.com\/prodejna\/"},{"@type":"ListItem","position":3,"name":"Tahoe OG Cannabis Oil"}]},{"@type":"WebSite","@id":"https:\/\/koupitmarihuanu.com\/#website","url":"https:\/\/koupitmarihuanu.com\/","name":"Marihu\u00e1na v\u00e1s\u00e1rl\u00e1s","description":"Az \u00e9n WordPress blogom","publisher":{"@id":"https:\/\/koupitmarihuanu.com\/#organization"},"potentialAction":[{"@type":"SearchAction","target":{"@type":"EntryPoint","urlTemplate":"https:\/\/koupitmarihuanu.com\/?s={search_term_string}"},"query-input":"required name=search_term_string"}],"inLanguage":"hu"},{"@type":"Organization","@id":"https:\/\/koupitmarihuanu.com\/#organization","name":"Marihu\u00e1na v\u00e1s\u00e1rl\u00e1s","url":"https:\/\/koupitmarihuanu.com\/","logo":{"@type":"ImageObject","inLanguage":"hu","@id":"https:\/\/koupitmarihuanu.com\/#\/schema\/logo\/image\/","url":"https:\/\/koupitmarihuanu.com\/wp-content\/uploads\/2024\/01\/black-logo.png","contentUrl":"https:\/\/koupitmarihuanu.com\/wp-content\/uploads\/2024\/01\/black-logo.png","width":300,"height":63,"caption":"Koupit Marihuanu"},"image":{"@id":"https:\/\/koupitmarihuanu.com\/#\/schema\/logo\/image\/"}}]}},"_links":{"self":[{"href":"https:\/\/koupitmarihuanu.com\/hu\/wp-json\/wp\/v2\/product\/133","targetHints":{"allow":["GET"]}}],"collection":[{"href":"https:\/\/koupitmarihuanu.com\/hu\/wp-json\/wp\/v2\/product"}],"about":[{"href":"https:\/\/koupitmarihuanu.com\/hu\/wp-json\/wp\/v2\/types\/product"}],"replies":[{"embeddable":true,"href":"https:\/\/koupitmarihuanu.com\/hu\/wp-json\/wp\/v2\/comments?post=133"}],"wp:featuredmedia":[{"embeddable":true,"href":"https:\/\/koupitmarihuanu.com\/hu\/wp-json\/wp\/v2\/media\/1166"}],"wp:attachment":[{"href":"https:\/\/koupitmarihuanu.com\/hu\/wp-json\/wp\/v2\/media?parent=133"}],"wp:term":[{"taxonomy":"product_brand","embeddable":true,"href":"https:\/\/koupitmarihuanu.com\/hu\/wp-json\/wp\/v2\/product_brand?post=133"},{"taxonomy":"product_cat","embeddable":true,"href":"https:\/\/koupitmarihuanu.com\/hu\/wp-json\/wp\/v2\/product_cat?post=133"},{"taxonomy":"product_tag","embeddable":true,"href":"https:\/\/koupitmarihuanu.com\/hu\/wp-json\/wp\/v2\/product_tag?post=133"}],"curies":[{"name":"wp","href":"https:\/\/api.w.org\/{rel}","templated":true}]}}