{"id":132,"date":"2023-12-26T07:29:07","date_gmt":"2023-12-26T07:29:07","guid":{"rendered":"https:\/\/cannasmed.com\/herbe\/?post_type=product&#038;p=132"},"modified":"2026-02-19T08:18:25","modified_gmt":"2026-02-19T08:18:25","slug":"skywalker-og-cannabis-olaj","status":"publish","type":"product","link":"https:\/\/koupitmarihuanu.com\/hu\/produkt\/skywalker-og-cannabis-oil\/","title":{"rendered":"Skywalker OG Cannabis Oil"},"content":{"rendered":"<h2>Kupte si Skywalker OG Cannabis Oil online<\/h2>\n<p><a href=\"https:\/\/koupitmarihuanu.com\/hu\/termek\/skywalker-og-cannabis-olaj\/\">Koupit konopn\u00fd olej Skywalker OG online<\/a> ozna\u010duje proces n\u00e1kupu konopn\u00e9ho oleje z\u00edskan\u00e9ho z odr\u016fdy Skywalker OG prost\u0159ednictv\u00edm internetov\u00fdch platforem, kde jsou takov\u00e9 produkty leg\u00e1ln\u011b dostupn\u00e9. Tuto fr\u00e1zi b\u011b\u017en\u011b pou\u017e\u00edvaj\u00ed jednotlivci, kte\u0159\u00ed hledaj\u00ed informace o \u00fa\u010dinc\u00edch, v\u00fdhod\u00e1ch, kvalit\u011b, cen\u00e1ch a mo\u017enostech n\u00e1kupu produktu. Mnoho spot\u0159ebitel\u016f vyhled\u00e1v\u00e1 v\u00fdrazy jako Koupit konopn\u00fd olej Skywalker OG online nebo Kde koupit konopn\u00fd olej Skywalker OG? p\u0159i prozkoum\u00e1v\u00e1n\u00ed d\u016fv\u011bryhodn\u00fdch zdroj\u016f a porovn\u00e1v\u00e1n\u00ed mo\u017enost\u00ed.<\/p>\n<p>Skywalker OG je hybrid s p\u0159evahou indiky, zn\u00e1m\u00fd pro sv\u00e9 siln\u00e9 relaxa\u010dn\u00ed vlastnosti a uklid\u0148uj\u00edc\u00ed \u00fa\u010dinky. Je \u0161iroce zn\u00e1m\u00fd pro svou zemitou v\u016fni s jemn\u00fdmi ko\u0159en\u011bn\u00fdmi a bylinn\u00fdmi podt\u00f3ny. D\u00edky sv\u00e9 \u00fa\u010dinnosti a terpenov\u00e9mu profilu je \u010dasto spojov\u00e1n s hlubokou fyzickou relaxac\u00ed a du\u0161evn\u00ed pohodou. Kdy\u017e lid\u00e9 hledaj\u00ed konopn\u00fd olej Skywalker OG k prodeji, obvykle hledaj\u00ed koncentrovan\u00fd extrakt, kter\u00fd si zachov\u00e1v\u00e1 jedine\u010dn\u00e9 vlastnosti odr\u016fdy.<\/p>\n<p>Konopn\u00fd olej je koncentrovan\u00fd extrakt z rostliny konop\u00ed, kter\u00fd obsahuje kanabinoidy, jako je THC a CBD. THC je zodpov\u011bdn\u00e9 za psychoaktivn\u00ed \u00fa\u010dinky, zat\u00edmco CBD je neintoxika\u010dn\u00ed a \u010dasto spojov\u00e1no s terapeutickou podporou. Pokud je extrakt ozna\u010den jako konopn\u00fd olej Skywalker OG, obvykle se vyr\u00e1b\u00ed z dan\u00e9 odr\u016fdy, aby se zachovaly jej\u00ed jedine\u010dn\u00e9 kanabinoidn\u00ed a terpenov\u00e9 vlastnosti. Spot\u0159ebitel\u00e9 \u010dasto porovn\u00e1vaj\u00ed cenu konopn\u00e9ho oleje Skywalker OG, ne\u017e se rozhodnou koupit konopn\u00fd olej Skywalker OG online.<\/p>\n<h3>Co je konopn\u00fd olej Skywalker OG online?<\/h3>\n<p>Skywalker OG Cannabis Oil Online ozna\u010duje dostupnost tohoto konopn\u00e9ho extraktu <a href=\"https:\/\/koupitmarihuanu.com\/hu\/\">specifick\u00e9ho<\/a> pro danou odr\u016fdu k zakoupen\u00ed prost\u0159ednictv\u00edm licencovan\u00fdch online v\u00fddejen nebo platforem pro maloobchodn\u00ed prodej konop\u00ed. V regulovan\u00fdch regionech si z\u00e1kazn\u00edci mohou koupit konopn\u00fd olej Skywalker OG online po p\u0159e\u010dten\u00ed laboratorn\u00edch zpr\u00e1v, podrobnost\u00ed o \u00fa\u010dinnosti a popis\u016f produkt\u016f. Tento term\u00edn se tak\u00e9 objevuje ve vyhled\u00e1v\u00e1n\u00edch jako \u201eKonopn\u00fd olej Skywalker OG na prodej\u201c nebo \u201eNejlep\u0161\u00ed m\u00edsto pro n\u00e1kup konopn\u00e9ho oleje Skywalker OG online\u201c, zejm\u00e9na mezi jednotlivci, kte\u0159\u00ed porovn\u00e1vaj\u00ed kvalitu a spolehlivost.<\/p>\n<h3>Nejlep\u0161\u00ed vyu\u017eit\u00ed a v\u00fdhody konopn\u00e9ho oleje Skywalker OG<\/h3>\n<p>Konopn\u00fd olej Skywalker OG je \u010dasto vyhled\u00e1v\u00e1n pro sv\u00e9 relaxa\u010dn\u00ed a uklid\u0148uj\u00edc\u00ed \u00fa\u010dinky. Mnoho u\u017eivatel\u016f si ho spojuje se sn\u00ed\u017een\u00edm stresu a celkovou du\u0161evn\u00ed relaxac\u00ed. Vzhledem k jeho dominantn\u00ed indikov\u00e9 povaze se m\u016f\u017ee u\u017e\u00edvat ve\u010der nebo p\u0159ed odpo\u010dinkem, proto\u017ee se b\u011b\u017en\u011b spojuje s fyzick\u00fdm komfortem a podporou sp\u00e1nku. Jednotlivci, kte\u0159\u00ed hledaj\u00ed konopn\u00fd olej Skywalker OG k prodeji, tak \u010dasto \u010din\u00ed proto, aby za\u017eili tyto uv\u00e1d\u011bn\u00e9 v\u00fdhody.<\/p>\n<p>N\u011bkte\u0159\u00ed jedinci zkoumaj\u00ed jeho potenci\u00e1l pro uvoln\u011bn\u00ed svalov\u00e9ho nap\u011bt\u00ed, podporu relaxace po dlouh\u00fdch dnech nebo podporu klidn\u00e9ho du\u0161evn\u00edho stavu. Stejn\u011b jako u jak\u00e9hokoli produktu obsahuj\u00edc\u00edho THC se \u00fa\u010dinky mohou li\u0161it v z\u00e1vislosti na d\u00e1vkov\u00e1n\u00ed, toleranci a individu\u00e1ln\u00ed t\u011blesn\u00e9 chemii. Zodpov\u011bdn\u00e9 u\u017e\u00edv\u00e1n\u00ed a pov\u011bdom\u00ed o \u00fa\u010dinnosti jsou d\u016fle\u017eit\u00e9 p\u0159i online objedn\u00e1vce konopn\u00e9ho oleje Skywalker OG.<\/p>\n<h3>Pro\u010d koupit konopn\u00fd olej Skywalker OG online na koupitmarihuanu.com?<\/h3>\n<p>N\u00e1kup konopn\u00e9ho oleje Skywalker OG online na koupitmarihuanu.com je prezentov\u00e1n jako pohodln\u00e1 mo\u017enost pro z\u00e1kazn\u00edky, kte\u0159\u00ed hledaj\u00ed diskr\u00e9tn\u00ed objedn\u00e1v\u00e1n\u00ed a dostupnost produktu. Kupuj\u00edc\u00ed \u010dasto hledaj\u00ed nejlep\u0161\u00ed m\u00edsto pro online n\u00e1kup konopn\u00e9ho oleje Skywalker OG, aby zajistili konzistenci produktu a transparentn\u00ed informace.<\/p>\n<p>Z\u00e1kazn\u00edci obvykle p\u0159ed rozhodnut\u00edm o koupi hodnot\u00ed faktory, jako jsou bezpe\u010dn\u00e9 transakce, z\u00e1kaznick\u00e1 podpora, spolehlivost dod\u00e1n\u00ed a celkov\u00e1 cena konopn\u00e9ho oleje Skywalker OG. Pokud v\u00e1s zaj\u00edm\u00e1, kde koupit konopn\u00fd olej Skywalker OG, je p\u0159ed dokon\u010den\u00edm jak\u00e9koli transakce nezbytn\u00e9 ov\u011b\u0159it si soulad s pr\u00e1vn\u00edmi p\u0159edpisy a pravost produktu.<\/p>\n<h3>Jak si u n\u00e1s objednat konopn\u00fd olej Skywalker OG online<\/h3>\n<p>Chce-li si z\u00e1kazn\u00edci objednat konopn\u00fd olej Skywalker OG online, obvykle nav\u0161t\u00edv\u00ed webov\u00e9 str\u00e1nky, prohl\u00e9dnou si dostupn\u00e9 produkty, vyberou preferovanou s\u00edlu nebo velikost a p\u0159idaj\u00ed polo\u017eku do ko\u0161\u00edku. Po dokon\u010den\u00ed objedn\u00e1vky se ode\u0161lou po\u017eadovan\u00e9 \u00fadaje a platba se dokon\u010d\u00ed pomoc\u00ed <a href=\"https:\/\/en.wikipedia.org\/wiki\/Cannabis\">akceptovan\u00fdch metod<\/a>.<\/p>\n<p>V z\u00e1vislosti na m\u00edstn\u00edch p\u0159edpisech m\u016f\u017ee b\u00fdt p\u0159ed \u00fasp\u011b\u0161nou online objedn\u00e1vkou konopn\u00e9ho oleje Skywalker OG nutn\u00e9 ov\u011b\u0159it v\u011bk nebo toto\u017enost. Po potvrzen\u00ed v\u00e1m budou poskytnuty dodac\u00ed lh\u016fty a informace o doru\u010den\u00ed. P\u0159ed n\u00e1kupem jak\u00e9hokoli konopn\u00e9ho oleje Skywalker OG k online prodeji je d\u016fle\u017eit\u00e9 si prostudovat z\u00e1sady obchodu.<\/p>\n<p>&nbsp;<\/p>","protected":false},"excerpt":{"rendered":"<p>Kupte si Skywalker OG Cannabis Oil online Koupit konopn\u00fd olej Skywalker OG online ozna\u010duje proces n\u00e1kupu konopn\u00e9ho oleje z\u00edskan\u00e9ho z odr\u016fdy Skywalker OG prost\u0159ednictv\u00edm internetov\u00fdch platforem, kde jsou takov\u00e9 produkty leg\u00e1ln\u011b dostupn\u00e9. Tuto fr\u00e1zi b\u011b\u017en\u011b pou\u017e\u00edvaj\u00ed jednotlivci, kte\u0159\u00ed hledaj\u00ed informace o \u00fa\u010dinc\u00edch, v\u00fdhod\u00e1ch, kvalit\u011b, cen\u00e1ch a mo\u017enostech n\u00e1kupu produktu. Mnoho spot\u0159ebitel\u016f vyhled\u00e1v\u00e1 v\u00fdrazy jako Koupit [&hellip;]<\/p>\n","protected":false},"featured_media":1194,"comment_status":"open","ping_status":"closed","template":"","meta":{"site-sidebar-layout":"default","site-content-layout":"","ast-site-content-layout":"default","site-content-style":"default","site-sidebar-style":"default","ast-global-header-display":"","ast-banner-title-visibility":"","ast-main-header-display":"","ast-hfb-above-header-display":"","ast-hfb-below-header-display":"","ast-hfb-mobile-header-display":"","site-post-title":"","ast-breadcrumbs-content":"","ast-featured-img":"","footer-sml-layout":"","ast-disable-related-posts":"","theme-transparent-header-meta":"default","adv-header-id-meta":"","stick-header-meta":"default","header-above-stick-meta":"","header-main-stick-meta":"","header-below-stick-meta":"","astra-migrate-meta-layouts":"set","ast-page-background-enabled":"default","ast-page-background-meta":{"desktop":{"background-color":"var(--ast-global-color-4)","background-image":"","background-repeat":"repeat","background-position":"center center","background-size":"auto","background-attachment":"scroll","background-type":"","background-media":"","overlay-type":"","overlay-color":"","overlay-opacity":"","overlay-gradient":""},"tablet":{"background-color":"","background-image":"","background-repeat":"repeat","background-position":"center center","background-size":"auto","background-attachment":"scroll","background-type":"","background-media":"","overlay-type":"","overlay-color":"","overlay-opacity":"","overlay-gradient":""},"mobile":{"background-color":"","background-image":"","background-repeat":"repeat","background-position":"center center","background-size":"auto","background-attachment":"scroll","background-type":"","background-media":"","overlay-type":"","overlay-color":"","overlay-opacity":"","overlay-gradient":""}},"ast-content-background-meta":{"desktop":{"background-color":"var(--ast-global-color-5)","background-image":"","background-repeat":"repeat","background-position":"center center","background-size":"auto","background-attachment":"scroll","background-type":"","background-media":"","overlay-type":"","overlay-color":"","overlay-opacity":"","overlay-gradient":""},"tablet":{"background-color":"var(--ast-global-color-5)","background-image":"","background-repeat":"repeat","background-position":"center center","background-size":"auto","background-attachment":"scroll","background-type":"","background-media":"","overlay-type":"","overlay-color":"","overlay-opacity":"","overlay-gradient":""},"mobile":{"background-color":"var(--ast-global-color-5)","background-image":"","background-repeat":"repeat","background-position":"center center","background-size":"auto","background-attachment":"scroll","background-type":"","background-media":"","overlay-type":"","overlay-color":"","overlay-opacity":"","overlay-gradient":""}},"_joinchat":[]},"product_brand":[],"product_cat":[19],"product_tag":[],"class_list":{"0":"post-132","1":"product","2":"type-product","3":"status-publish","4":"has-post-thumbnail","6":"product_cat-konopny-olej-thc","7":"desktop-align-left","8":"tablet-align-left","9":"mobile-align-left","10":"ast-product-gallery-layout-horizontal-slider","11":"ast-product-gallery-with-no-image","12":"ast-product-single-variable","13":"ast-product-tabs-layout-horizontal","15":"first","16":"instock","17":"shipping-taxable","18":"purchasable","19":"product-type-variable"},"yoast_head":"<!-- This site is optimized with the Yoast SEO plugin v22.6 - https:\/\/yoast.com\/wordpress\/plugins\/seo\/ -->\n<title>Koupit Skywalker OG Cannabis Oil online \u2013 Skywalker OG Cannabis Oil na prodej<\/title>\n<meta name=\"description\" content=\"Z\u00edskejte konopn\u00fd olej Skywalker OG na prodej za kapesn\u00ed ceny v na\u0161em obchod\u011b Koupit marihuanu. Pom\u016f\u017eeme v\u00e1m koupit Skywalker OG Cannabis Oil online. P\u0159ijm\u011bte svou objedn\u00e1vku a brzy v\u00e1m ji doru\u010d\u00edme!\" \/>\n<meta name=\"robots\" content=\"index, follow, max-snippet:-1, max-image-preview:large, max-video-preview:-1\" \/>\n<link rel=\"canonical\" href=\"https:\/\/koupitmarihuanu.com\/hu\/termek\/skywalker-og-cannabis-olaj\/\" \/>\n<meta property=\"og:locale\" content=\"hu_HU\" \/>\n<meta property=\"og:type\" content=\"article\" \/>\n<meta property=\"og:title\" content=\"Koupit Skywalker OG Cannabis Oil online \u2013 Skywalker OG Cannabis Oil na prodej\" \/>\n<meta property=\"og:description\" content=\"Z\u00edskejte konopn\u00fd olej Skywalker OG na prodej za kapesn\u00ed ceny v na\u0161em obchod\u011b Koupit marihuanu. Pom\u016f\u017eeme v\u00e1m koupit Skywalker OG Cannabis Oil online. P\u0159ijm\u011bte svou objedn\u00e1vku a brzy v\u00e1m ji doru\u010d\u00edme!\" \/>\n<meta property=\"og:url\" content=\"https:\/\/koupitmarihuanu.com\/hu\/termek\/skywalker-og-cannabis-olaj\/\" \/>\n<meta property=\"og:site_name\" content=\"Koupit Marihuanu\" \/>\n<meta property=\"article:modified_time\" content=\"2026-02-19T08:18:25+00:00\" \/>\n<meta property=\"og:image\" content=\"https:\/\/koupitmarihuanu.com\/wp-content\/uploads\/2023\/12\/SKYWALKER-OG-CANNABIS-OIL.jpg\" \/>\n\t<meta property=\"og:image:width\" content=\"600\" \/>\n\t<meta property=\"og:image:height\" content=\"600\" \/>\n\t<meta property=\"og:image:type\" content=\"image\/jpeg\" \/>\n<meta name=\"twitter:card\" content=\"summary_large_image\" \/>\n<meta name=\"twitter:label1\" content=\"Becs\u00fclt olvas\u00e1si id\u0151\" \/>\n\t<meta name=\"twitter:data1\" content=\"3 perc\" \/>\n<script type=\"application\/ld+json\" class=\"yoast-schema-graph\">{\"@context\":\"https:\/\/schema.org\",\"@graph\":[{\"@type\":\"WebPage\",\"@id\":\"https:\/\/koupitmarihuanu.com\/produkt\/skywalker-og-cannabis-oil\/\",\"url\":\"https:\/\/koupitmarihuanu.com\/produkt\/skywalker-og-cannabis-oil\/\",\"name\":\"Koupit Skywalker OG Cannabis Oil online \u2013 Skywalker OG Cannabis Oil na prodej\",\"isPartOf\":{\"@id\":\"https:\/\/koupitmarihuanu.com\/#website\"},\"primaryImageOfPage\":{\"@id\":\"https:\/\/koupitmarihuanu.com\/produkt\/skywalker-og-cannabis-oil\/#primaryimage\"},\"image\":{\"@id\":\"https:\/\/koupitmarihuanu.com\/produkt\/skywalker-og-cannabis-oil\/#primaryimage\"},\"thumbnailUrl\":\"https:\/\/koupitmarihuanu.com\/wp-content\/uploads\/2023\/12\/SKYWALKER-OG-CANNABIS-OIL.jpg\",\"datePublished\":\"2023-12-26T07:29:07+00:00\",\"dateModified\":\"2026-02-19T08:18:25+00:00\",\"description\":\"Z\u00edskejte konopn\u00fd olej Skywalker OG na prodej za kapesn\u00ed ceny v na\u0161em obchod\u011b Koupit marihuanu. Pom\u016f\u017eeme v\u00e1m koupit Skywalker OG Cannabis Oil online. P\u0159ijm\u011bte svou objedn\u00e1vku a brzy v\u00e1m ji doru\u010d\u00edme!\",\"breadcrumb\":{\"@id\":\"https:\/\/koupitmarihuanu.com\/produkt\/skywalker-og-cannabis-oil\/#breadcrumb\"},\"inLanguage\":\"hu\",\"potentialAction\":[{\"@type\":\"ReadAction\",\"target\":[\"https:\/\/koupitmarihuanu.com\/produkt\/skywalker-og-cannabis-oil\/\"]}]},{\"@type\":\"ImageObject\",\"inLanguage\":\"hu\",\"@id\":\"https:\/\/koupitmarihuanu.com\/produkt\/skywalker-og-cannabis-oil\/#primaryimage\",\"url\":\"https:\/\/koupitmarihuanu.com\/wp-content\/uploads\/2023\/12\/SKYWALKER-OG-CANNABIS-OIL.jpg\",\"contentUrl\":\"https:\/\/koupitmarihuanu.com\/wp-content\/uploads\/2023\/12\/SKYWALKER-OG-CANNABIS-OIL.jpg\",\"width\":600,\"height\":600,\"caption\":\"Koupit SKYWALKER-OG-CANNABIS-OIL Online\"},{\"@type\":\"BreadcrumbList\",\"@id\":\"https:\/\/koupitmarihuanu.com\/produkt\/skywalker-og-cannabis-oil\/#breadcrumb\",\"itemListElement\":[{\"@type\":\"ListItem\",\"position\":1,\"name\":\"Home\",\"item\":\"https:\/\/koupitmarihuanu.com\/\"},{\"@type\":\"ListItem\",\"position\":2,\"name\":\"Prodejna\",\"item\":\"https:\/\/koupitmarihuanu.com\/prodejna\/\"},{\"@type\":\"ListItem\",\"position\":3,\"name\":\"Skywalker OG Cannabis Oil\"}]},{\"@type\":\"WebSite\",\"@id\":\"https:\/\/koupitmarihuanu.com\/#website\",\"url\":\"https:\/\/koupitmarihuanu.com\/\",\"name\":\"Koupit Marihuanu\",\"description\":\"My WordPress Blog\",\"publisher\":{\"@id\":\"https:\/\/koupitmarihuanu.com\/#organization\"},\"potentialAction\":[{\"@type\":\"SearchAction\",\"target\":{\"@type\":\"EntryPoint\",\"urlTemplate\":\"https:\/\/koupitmarihuanu.com\/?s={search_term_string}\"},\"query-input\":\"required name=search_term_string\"}],\"inLanguage\":\"hu\"},{\"@type\":\"Organization\",\"@id\":\"https:\/\/koupitmarihuanu.com\/#organization\",\"name\":\"Koupit Marihuanu\",\"url\":\"https:\/\/koupitmarihuanu.com\/\",\"logo\":{\"@type\":\"ImageObject\",\"inLanguage\":\"hu\",\"@id\":\"https:\/\/koupitmarihuanu.com\/#\/schema\/logo\/image\/\",\"url\":\"https:\/\/koupitmarihuanu.com\/wp-content\/uploads\/2024\/01\/black-logo.png\",\"contentUrl\":\"https:\/\/koupitmarihuanu.com\/wp-content\/uploads\/2024\/01\/black-logo.png\",\"width\":300,\"height\":63,\"caption\":\"Koupit Marihuanu\"},\"image\":{\"@id\":\"https:\/\/koupitmarihuanu.com\/#\/schema\/logo\/image\/\"}}]}<\/script>\n<!-- \/ Yoast SEO plugin. -->","yoast_head_json":{"title":"Skywalker OG kannabiszolaj v\u00e1s\u00e1rl\u00e1sa online - Skywalker OG kannabiszolaj elad\u00f3","description":"Keresse meg a Skywalker OG Cannabis Oil-t zsebbar\u00e1t \u00e1ron a Marihuana v\u00e1s\u00e1rl\u00e1sa \u00fczlet\u00fcnkben. Seg\u00edt\u00fcnk a Skywalker OG Cannabis Oil online v\u00e1s\u00e1rl\u00e1s\u00e1ban. Fogadja el megrendel\u00e9s\u00e9t \u00e9s hamarosan kisz\u00e1ll\u00edtjuk \u00d6nnek!","robots":{"index":"index","follow":"follow","max-snippet":"max-snippet:-1","max-image-preview":"max-image-preview:large","max-video-preview":"max-video-preview:-1"},"canonical":"https:\/\/koupitmarihuanu.com\/hu\/termek\/skywalker-og-cannabis-olaj\/","og_locale":"hu_HU","og_type":"article","og_title":"Koupit Skywalker OG Cannabis Oil online \u2013 Skywalker OG Cannabis Oil na prodej","og_description":"Z\u00edskejte konopn\u00fd olej Skywalker OG na prodej za kapesn\u00ed ceny v na\u0161em obchod\u011b Koupit marihuanu. Pom\u016f\u017eeme v\u00e1m koupit Skywalker OG Cannabis Oil online. P\u0159ijm\u011bte svou objedn\u00e1vku a brzy v\u00e1m ji doru\u010d\u00edme!","og_url":"https:\/\/koupitmarihuanu.com\/hu\/termek\/skywalker-og-cannabis-olaj\/","og_site_name":"Koupit Marihuanu","article_modified_time":"2026-02-19T08:18:25+00:00","og_image":[{"width":600,"height":600,"url":"https:\/\/koupitmarihuanu.com\/wp-content\/uploads\/2023\/12\/SKYWALKER-OG-CANNABIS-OIL.jpg","type":"image\/jpeg"}],"twitter_card":"summary_large_image","twitter_misc":{"Becs\u00fclt olvas\u00e1si id\u0151":"3 perc"},"schema":{"@context":"https:\/\/schema.org","@graph":[{"@type":"WebPage","@id":"https:\/\/koupitmarihuanu.com\/produkt\/skywalker-og-cannabis-oil\/","url":"https:\/\/koupitmarihuanu.com\/produkt\/skywalker-og-cannabis-oil\/","name":"Skywalker OG kannabiszolaj v\u00e1s\u00e1rl\u00e1sa online - Skywalker OG kannabiszolaj elad\u00f3","isPartOf":{"@id":"https:\/\/koupitmarihuanu.com\/#website"},"primaryImageOfPage":{"@id":"https:\/\/koupitmarihuanu.com\/produkt\/skywalker-og-cannabis-oil\/#primaryimage"},"image":{"@id":"https:\/\/koupitmarihuanu.com\/produkt\/skywalker-og-cannabis-oil\/#primaryimage"},"thumbnailUrl":"https:\/\/koupitmarihuanu.com\/wp-content\/uploads\/2023\/12\/SKYWALKER-OG-CANNABIS-OIL.jpg","datePublished":"2023-12-26T07:29:07+00:00","dateModified":"2026-02-19T08:18:25+00:00","description":"Keresse meg a Skywalker OG Cannabis Oil-t zsebbar\u00e1t \u00e1ron a Marihuana v\u00e1s\u00e1rl\u00e1sa \u00fczlet\u00fcnkben. Seg\u00edt\u00fcnk a Skywalker OG Cannabis Oil online v\u00e1s\u00e1rl\u00e1s\u00e1ban. Fogadja el megrendel\u00e9s\u00e9t \u00e9s hamarosan kisz\u00e1ll\u00edtjuk \u00d6nnek!","breadcrumb":{"@id":"https:\/\/koupitmarihuanu.com\/produkt\/skywalker-og-cannabis-oil\/#breadcrumb"},"inLanguage":"hu","potentialAction":[{"@type":"ReadAction","target":["https:\/\/koupitmarihuanu.com\/produkt\/skywalker-og-cannabis-oil\/"]}]},{"@type":"ImageObject","inLanguage":"hu","@id":"https:\/\/koupitmarihuanu.com\/produkt\/skywalker-og-cannabis-oil\/#primaryimage","url":"https:\/\/koupitmarihuanu.com\/wp-content\/uploads\/2023\/12\/SKYWALKER-OG-CANNABIS-OIL.jpg","contentUrl":"https:\/\/koupitmarihuanu.com\/wp-content\/uploads\/2023\/12\/SKYWALKER-OG-CANNABIS-OIL.jpg","width":600,"height":600,"caption":"Koupit SKYWALKER-OG-CANNABIS-OIL Online"},{"@type":"BreadcrumbList","@id":"https:\/\/koupitmarihuanu.com\/produkt\/skywalker-og-cannabis-oil\/#breadcrumb","itemListElement":[{"@type":"ListItem","position":1,"name":"Home","item":"https:\/\/koupitmarihuanu.com\/"},{"@type":"ListItem","position":2,"name":"Prodejna","item":"https:\/\/koupitmarihuanu.com\/prodejna\/"},{"@type":"ListItem","position":3,"name":"Skywalker OG Cannabis Oil"}]},{"@type":"WebSite","@id":"https:\/\/koupitmarihuanu.com\/#website","url":"https:\/\/koupitmarihuanu.com\/","name":"Marihu\u00e1na v\u00e1s\u00e1rl\u00e1s","description":"Az \u00e9n WordPress blogom","publisher":{"@id":"https:\/\/koupitmarihuanu.com\/#organization"},"potentialAction":[{"@type":"SearchAction","target":{"@type":"EntryPoint","urlTemplate":"https:\/\/koupitmarihuanu.com\/?s={search_term_string}"},"query-input":"required name=search_term_string"}],"inLanguage":"hu"},{"@type":"Organization","@id":"https:\/\/koupitmarihuanu.com\/#organization","name":"Marihu\u00e1na v\u00e1s\u00e1rl\u00e1s","url":"https:\/\/koupitmarihuanu.com\/","logo":{"@type":"ImageObject","inLanguage":"hu","@id":"https:\/\/koupitmarihuanu.com\/#\/schema\/logo\/image\/","url":"https:\/\/koupitmarihuanu.com\/wp-content\/uploads\/2024\/01\/black-logo.png","contentUrl":"https:\/\/koupitmarihuanu.com\/wp-content\/uploads\/2024\/01\/black-logo.png","width":300,"height":63,"caption":"Koupit Marihuanu"},"image":{"@id":"https:\/\/koupitmarihuanu.com\/#\/schema\/logo\/image\/"}}]}},"_links":{"self":[{"href":"https:\/\/koupitmarihuanu.com\/hu\/wp-json\/wp\/v2\/product\/132","targetHints":{"allow":["GET"]}}],"collection":[{"href":"https:\/\/koupitmarihuanu.com\/hu\/wp-json\/wp\/v2\/product"}],"about":[{"href":"https:\/\/koupitmarihuanu.com\/hu\/wp-json\/wp\/v2\/types\/product"}],"replies":[{"embeddable":true,"href":"https:\/\/koupitmarihuanu.com\/hu\/wp-json\/wp\/v2\/comments?post=132"}],"wp:featuredmedia":[{"embeddable":true,"href":"https:\/\/koupitmarihuanu.com\/hu\/wp-json\/wp\/v2\/media\/1194"}],"wp:attachment":[{"href":"https:\/\/koupitmarihuanu.com\/hu\/wp-json\/wp\/v2\/media?parent=132"}],"wp:term":[{"taxonomy":"product_brand","embeddable":true,"href":"https:\/\/koupitmarihuanu.com\/hu\/wp-json\/wp\/v2\/product_brand?post=132"},{"taxonomy":"product_cat","embeddable":true,"href":"https:\/\/koupitmarihuanu.com\/hu\/wp-json\/wp\/v2\/product_cat?post=132"},{"taxonomy":"product_tag","embeddable":true,"href":"https:\/\/koupitmarihuanu.com\/hu\/wp-json\/wp\/v2\/product_tag?post=132"}],"curies":[{"name":"wp","href":"https:\/\/api.w.org\/{rel}","templated":true}]}}