{"id":130,"date":"2023-12-26T07:29:07","date_gmt":"2023-12-26T07:29:07","guid":{"rendered":"https:\/\/cannasmed.com\/herbe\/?post_type=product&#038;p=130"},"modified":"2026-02-19T09:03:42","modified_gmt":"2026-02-19T09:03:42","slug":"nulla-nulla-pollen","status":"publish","type":"product","link":"https:\/\/koupitmarihuanu.com\/hu\/produkt\/zero-zero-pollen\/","title":{"rendered":"Z\u00e9r\u00f3 z\u00e9r\u00f3 pollen"},"content":{"rendered":"<h2>Kupte si pyl Zero Zero online<\/h2>\n<p><a href=\"https:\/\/koupitmarihuanu.com\/hu\/termek\/nulla-nulla-pollen\/\">Koupit pyl Zero Zero online<\/a> ozna\u010duje proces n\u00e1kupu vysoce kvalitn\u00edho konopn\u00e9ho pylu, b\u011b\u017en\u011b zn\u00e1m\u00e9ho jako ha\u0161i\u0161ov\u00fd pyl, prost\u0159ednictv\u00edm internetov\u00fdch platforem, kde jsou takov\u00e9 produkty leg\u00e1ln\u011b povoleny. Toto spojen\u00ed \u010dasto vyhled\u00e1vaj\u00ed jednotlivci, kte\u0159\u00ed cht\u011bj\u00ed porovnat kvalitu, ov\u011b\u0159it dostupnost a zkontrolovat cenu pylu Zero Zero p\u0159ed rozhodnut\u00edm. Mnoho spot\u0159ebitel\u016f zad\u00e1v\u00e1 dotazy jako \u201eKoupit pyl Zero Zero online\u201c nebo \u201eKde koupit pyl Zero Zero?\u201c, kdy\u017e hledaj\u00ed d\u016fv\u011bryhodn\u00e9 a diskr\u00e9tn\u00ed online zdroje.<\/p>\n<p>Pyl Zero Zero je obecn\u011b pova\u017eov\u00e1n za pr\u00e9miovou t\u0159\u00eddu konopn\u00e9 prysky\u0159ice z\u00edskan\u00e9 z pe\u010dliv\u011b pros\u00e1t\u00fdch trichom\u016f. Term\u00edn \u201e00\u201c tradi\u010dn\u011b ozna\u010duje vysokou \u00farove\u0148 \u010distoty a rafinovanosti. Tento typ pylu je zn\u00e1m\u00fd svou m\u011bkkou texturou, bohatou v\u016fn\u00ed a koncentrovan\u00fdm obsahem kanabinoid\u016f. Kdy\u017e lid\u00e9 hledaj\u00ed pyl Zero Zero k prodeji, obvykle hledaj\u00ed produkt, kter\u00fd odr\u00e1\u017e\u00ed kvalitn\u00ed zpracov\u00e1n\u00ed a konzistentn\u00ed \u00fa\u010dinnost. Konopn\u00fd pyl obsahuje kanabinoidy, jako je THC a n\u011bkdy i CBD, v z\u00e1vislosti na p\u016fvodn\u00edm rostlinn\u00e9m materi\u00e1lu. THC je zodpov\u011bdn\u00e9 za psychoaktivn\u00ed \u00fa\u010dinky, zat\u00edmco CBD nen\u00ed omamn\u00e9 a \u010dasto je spojov\u00e1no s podp\u016frn\u00fdmi vlastnostmi. Proto\u017ee pyl je koncentrovan\u00e1 forma konopn\u00e9 prysky\u0159ice, m\u016f\u017ee m\u00edt siln\u011bj\u0161\u00ed \u00fa\u010dinky ve srovn\u00e1n\u00ed se standardn\u00edmi kv\u011btinov\u00fdmi produkty. Ne\u017e se z\u00e1kazn\u00edci rozhodnou koupit Zero Zero Pollen online, \u010dasto vyhodnocuj\u00ed podrobnosti o \u00fa\u010dinnosti a porovn\u00e1vaj\u00ed celkovou cenu Zero Zero Pollen na r\u016fzn\u00fdch platform\u00e1ch.<\/p>\n<h3>Co je Zero Zero Pollen online?<\/h3>\n<p>Zero Zero Pollen online ozna\u010duje dostupnost tohoto pr\u00e9miov\u00e9ho konopn\u00e9ho koncentr\u00e1tu prost\u0159ednictv\u00edm licencovan\u00fdch online v\u00fddejen nebo regulovan\u00fdch webov\u00fdch str\u00e1nek s maloobchodn\u00edm prodejem konop\u00ed. M\u00edsto n\u00e1v\u0161t\u011bvy kamenn\u00e9 prodejny si z\u00e1kazn\u00edci mohou prohl\u00ed\u017eet seznamy produkt\u016f, prohl\u00ed\u017eet si specifikace a hodnotit Zero Zero Pollen k prodeji p\u0159\u00edmo prost\u0159ednictv\u00edm zabezpe\u010den\u00fdch webov\u00fdch str\u00e1nek. Fr\u00e1ze \u201eKoupit Zero Zero Pollen online\u201c zd\u016fraz\u0148uje pohodl\u00ed a diskr\u00e9tnost n\u00e1kupu z domova, pokud m\u00edstn\u00ed p\u0159edpisy takov\u00e9 transakce umo\u017e\u0148uj\u00ed.<\/p>\n<p>Online platformy mohou poskytovat podrobn\u00e9 popisy produkt\u016f, procenta kanabinoid\u016f, texturn\u00ed charakteristiky a v p\u0159\u00edpad\u011b pot\u0159eby informace o laboratorn\u00edch testech. P\u0159i hled\u00e1n\u00ed nejlep\u0161\u00edho m\u00edsta pro n\u00e1kup Zero Zero Pollen online z\u00e1kazn\u00edci obvykle up\u0159ednost\u0148uj\u00ed autenticitu, dodr\u017eov\u00e1n\u00ed z\u00e1kon\u016f a bezpe\u010dn\u00e9 procesy platby.<\/p>\n<h3>Nejlep\u0161\u00ed vyu\u017eit\u00ed a v\u00fdhody Zero Zero Pollen<\/h3>\n<p>Zero Zero Pollen je \u010dasto vyb\u00edr\u00e1n pro svou koncentrovanou \u00fa\u010dinnost a aromatickou bohatost. Mnoho u\u017eivatel\u016f oce\u0148uje jeho rafinovanou texturu a silnou p\u0159\u00edtomnost terpen\u016f. Proto\u017ee se jedn\u00e1 o \u010di\u0161t\u011bn\u00fd prysky\u0159i\u010dn\u00fd produkt, m\u016f\u017ee poskytnout intenzivn\u011bj\u0161\u00ed z\u00e1\u017eitek ve srovn\u00e1n\u00ed s nekoncentrovan\u00fdmi formami.<\/p>\n<p>N\u011bkte\u0159\u00ed jedinci vyhled\u00e1vaj\u00ed Zero Zero Pollen pro relaxaci, zlep\u0161en\u00ed n\u00e1lady nebo osobn\u00ed pot\u011b\u0161en\u00ed v kontrolovan\u00e9m prost\u0159ed\u00ed. Stejn\u011b jako u jak\u00e9hokoli konopn\u00e9ho koncentr\u00e1tu se \u00fa\u010dinky mohou li\u0161it v z\u00e1vislosti na d\u00e1vkov\u00e1n\u00ed a individu\u00e1ln\u00ed toleranci. Zodpov\u011bdn\u00e9 u\u017e\u00edv\u00e1n\u00ed je d\u016fle\u017eit\u00e9 p\u0159i online objedn\u00e1vce Zero Zero Pollen, zejm\u00e9na p\u0159i v\u00fdb\u011bru produkt\u016f s vy\u0161\u0161\u00ed \u00fa\u010dinnost\u00ed.<\/p>\n<h3>Pro\u010d nakupovat Zero Zero Pollen online na koupitmarihuanu.com?<\/h3>\n<p>N\u00e1kup Zero Zero Pollen online na <a href=\"https:\/\/koupitmarihuanu.com\/hu\/\">koupitmarihuanu.com<\/a> nab\u00edz\u00ed z\u00e1kazn\u00edk\u016fm pohodlnou a dostupnou mo\u017enost z\u00edsk\u00e1n\u00ed pr\u00e9miov\u00fdch konopn\u00fdch koncentr\u00e1t\u016f. Mnoho kupuj\u00edc\u00edch hled\u00e1 nejlep\u0161\u00ed m\u00edsto pro online n\u00e1kup Zero Zero Pollen, aby si zajistili konzistentn\u00ed informace o produktu a spolehliv\u00fd servis.<\/p>\n<p>Ne\u017e se rozhodnou koupit Zero Zero Pollen online, z\u00e1kazn\u00edci \u010dasto kontroluj\u00ed faktory, jako jsou bezpe\u010dn\u00e9 platebn\u00ed syst\u00e9my, popisy produkt\u016f a konkurenceschopn\u00e9 ceny. Pokud v\u00e1s zaj\u00edm\u00e1, kde koupit Zero Zero Pollen, je p\u0159ed dokon\u010den\u00edm n\u00e1kupu nezbytn\u00e9 ov\u011b\u0159it, zda prodejce pracuje v souladu s platn\u00fdmi p\u0159edpisy a poskytuje transparentn\u00ed podrobnosti.<\/p>\n<h3>Jak si u n\u00e1s objednat Zero Zero Pollen online<\/h3>\n<p>Chce-li si z\u00e1kazn\u00edci objednat Zero Zero Pollen online, obvykle nav\u0161t\u00edv\u00ed webov\u00e9 str\u00e1nky, prohl\u00e9dnou si dostupn\u00e9 nab\u00eddky a vyberou po\u017eadovan\u00fd produkt. Po p\u0159id\u00e1n\u00ed polo\u017eky do ko\u0161\u00edku pokra\u010duj\u00ed k pokladn\u011b, poskytnou pot\u0159ebn\u00e9 <a href=\"https:\/\/en.wikipedia.org\/wiki\/Hashish\">informace<\/a> a dokon\u010d\u00ed platbu schv\u00e1len\u00fdmi metodami.<\/p>\n<p>V z\u00e1vislosti na region\u00e1ln\u00edch z\u00e1konech m\u016f\u017ee b\u00fdt p\u0159ed \u00fasp\u011b\u0161nou online objedn\u00e1vkou Zero Zero Pollen vy\u017eadov\u00e1no ov\u011b\u0159en\u00ed v\u011bku nebo toto\u017enosti. Po potvrzen\u00ed jsou poskytnuty dodac\u00ed lh\u016fty a podrobnosti o doru\u010den\u00ed. Z\u00e1kazn\u00edci by si m\u011bli p\u0159ed n\u00e1kupem jak\u00e9hokoli Zero Zero Pollen online pe\u010dliv\u011b prostudovat z\u00e1sady.<\/p>","protected":false},"excerpt":{"rendered":"<p>Kupte si pyl Zero Zero online Koupit pyl Zero Zero online ozna\u010duje proces n\u00e1kupu vysoce kvalitn\u00edho konopn\u00e9ho pylu, b\u011b\u017en\u011b zn\u00e1m\u00e9ho jako ha\u0161i\u0161ov\u00fd pyl, prost\u0159ednictv\u00edm internetov\u00fdch platforem, kde jsou takov\u00e9 produkty leg\u00e1ln\u011b povoleny. Toto spojen\u00ed \u010dasto vyhled\u00e1vaj\u00ed jednotlivci, kte\u0159\u00ed cht\u011bj\u00ed porovnat kvalitu, ov\u011b\u0159it dostupnost a zkontrolovat cenu pylu Zero Zero p\u0159ed rozhodnut\u00edm. Mnoho spot\u0159ebitel\u016f zad\u00e1v\u00e1 dotazy [&hellip;]<\/p>\n","protected":false},"featured_media":1179,"comment_status":"open","ping_status":"closed","template":"","meta":{"site-sidebar-layout":"default","site-content-layout":"","ast-site-content-layout":"default","site-content-style":"default","site-sidebar-style":"default","ast-global-header-display":"","ast-banner-title-visibility":"","ast-main-header-display":"","ast-hfb-above-header-display":"","ast-hfb-below-header-display":"","ast-hfb-mobile-header-display":"","site-post-title":"","ast-breadcrumbs-content":"","ast-featured-img":"","footer-sml-layout":"","ast-disable-related-posts":"","theme-transparent-header-meta":"default","adv-header-id-meta":"","stick-header-meta":"default","header-above-stick-meta":"","header-main-stick-meta":"","header-below-stick-meta":"","astra-migrate-meta-layouts":"set","ast-page-background-enabled":"default","ast-page-background-meta":{"desktop":{"background-color":"var(--ast-global-color-4)","background-image":"","background-repeat":"repeat","background-position":"center center","background-size":"auto","background-attachment":"scroll","background-type":"","background-media":"","overlay-type":"","overlay-color":"","overlay-opacity":"","overlay-gradient":""},"tablet":{"background-color":"","background-image":"","background-repeat":"repeat","background-position":"center center","background-size":"auto","background-attachment":"scroll","background-type":"","background-media":"","overlay-type":"","overlay-color":"","overlay-opacity":"","overlay-gradient":""},"mobile":{"background-color":"","background-image":"","background-repeat":"repeat","background-position":"center center","background-size":"auto","background-attachment":"scroll","background-type":"","background-media":"","overlay-type":"","overlay-color":"","overlay-opacity":"","overlay-gradient":""}},"ast-content-background-meta":{"desktop":{"background-color":"var(--ast-global-color-5)","background-image":"","background-repeat":"repeat","background-position":"center center","background-size":"auto","background-attachment":"scroll","background-type":"","background-media":"","overlay-type":"","overlay-color":"","overlay-opacity":"","overlay-gradient":""},"tablet":{"background-color":"var(--ast-global-color-5)","background-image":"","background-repeat":"repeat","background-position":"center center","background-size":"auto","background-attachment":"scroll","background-type":"","background-media":"","overlay-type":"","overlay-color":"","overlay-opacity":"","overlay-gradient":""},"mobile":{"background-color":"var(--ast-global-color-5)","background-image":"","background-repeat":"repeat","background-position":"center center","background-size":"auto","background-attachment":"scroll","background-type":"","background-media":"","overlay-type":"","overlay-color":"","overlay-opacity":"","overlay-gradient":""}},"_joinchat":[]},"product_brand":[],"product_cat":[18],"product_tag":[],"class_list":{"0":"post-130","1":"product","2":"type-product","3":"status-publish","4":"has-post-thumbnail","6":"product_cat-hasis","7":"desktop-align-left","8":"tablet-align-left","9":"mobile-align-left","10":"ast-product-gallery-layout-horizontal-slider","11":"ast-product-gallery-with-no-image","12":"ast-product-single-variable","13":"ast-product-tabs-layout-horizontal","15":"first","16":"instock","17":"shipping-taxable","18":"purchasable","19":"product-type-variable"},"yoast_head":"<!-- This site is optimized with the Yoast SEO plugin v22.6 - https:\/\/yoast.com\/wordpress\/plugins\/seo\/ -->\n<title>Koupit Zero Zero Pollen online \u2013 Zero Zero Pollen na prodej<\/title>\n<meta name=\"description\" content=\"Pokud si p\u0159ejete koupit Zero Zero Pollen online, n\u00e1\u0161 obchod KoupitMarihuanu v\u00e1m m\u016f\u017ee pomoci. M\u00e1me zde Zero Zero Pollen na prodej za nejlep\u0161\u00ed ceny. Objednejte nyn\u00ed!\" \/>\n<meta name=\"robots\" content=\"index, follow, max-snippet:-1, max-image-preview:large, max-video-preview:-1\" \/>\n<link rel=\"canonical\" href=\"https:\/\/koupitmarihuanu.com\/hu\/termek\/nulla-nulla-pollen\/\" \/>\n<meta property=\"og:locale\" content=\"hu_HU\" \/>\n<meta property=\"og:type\" content=\"article\" \/>\n<meta property=\"og:title\" content=\"Koupit Zero Zero Pollen online \u2013 Zero Zero Pollen na prodej\" \/>\n<meta property=\"og:description\" content=\"Pokud si p\u0159ejete koupit Zero Zero Pollen online, n\u00e1\u0161 obchod KoupitMarihuanu v\u00e1m m\u016f\u017ee pomoci. M\u00e1me zde Zero Zero Pollen na prodej za nejlep\u0161\u00ed ceny. Objednejte nyn\u00ed!\" \/>\n<meta property=\"og:url\" content=\"https:\/\/koupitmarihuanu.com\/hu\/termek\/nulla-nulla-pollen\/\" \/>\n<meta property=\"og:site_name\" content=\"Koupit Marihuanu\" \/>\n<meta property=\"article:modified_time\" content=\"2026-02-19T09:03:42+00:00\" \/>\n<meta property=\"og:image\" content=\"https:\/\/koupitmarihuanu.com\/wp-content\/uploads\/2023\/12\/ZERO-ZERO-POLLEN.jpg\" \/>\n\t<meta property=\"og:image:width\" content=\"600\" \/>\n\t<meta property=\"og:image:height\" content=\"600\" \/>\n\t<meta property=\"og:image:type\" content=\"image\/jpeg\" \/>\n<meta name=\"twitter:card\" content=\"summary_large_image\" \/>\n<meta name=\"twitter:label1\" content=\"Becs\u00fclt olvas\u00e1si id\u0151\" \/>\n\t<meta name=\"twitter:data1\" content=\"3 perc\" \/>\n<script type=\"application\/ld+json\" class=\"yoast-schema-graph\">{\"@context\":\"https:\/\/schema.org\",\"@graph\":[{\"@type\":\"WebPage\",\"@id\":\"https:\/\/koupitmarihuanu.com\/produkt\/zero-zero-pollen\/\",\"url\":\"https:\/\/koupitmarihuanu.com\/produkt\/zero-zero-pollen\/\",\"name\":\"Koupit Zero Zero Pollen online \u2013 Zero Zero Pollen na prodej\",\"isPartOf\":{\"@id\":\"https:\/\/koupitmarihuanu.com\/#website\"},\"primaryImageOfPage\":{\"@id\":\"https:\/\/koupitmarihuanu.com\/produkt\/zero-zero-pollen\/#primaryimage\"},\"image\":{\"@id\":\"https:\/\/koupitmarihuanu.com\/produkt\/zero-zero-pollen\/#primaryimage\"},\"thumbnailUrl\":\"https:\/\/koupitmarihuanu.com\/wp-content\/uploads\/2023\/12\/ZERO-ZERO-POLLEN.jpg\",\"datePublished\":\"2023-12-26T07:29:07+00:00\",\"dateModified\":\"2026-02-19T09:03:42+00:00\",\"description\":\"Pokud si p\u0159ejete koupit Zero Zero Pollen online, n\u00e1\u0161 obchod KoupitMarihuanu v\u00e1m m\u016f\u017ee pomoci. M\u00e1me zde Zero Zero Pollen na prodej za nejlep\u0161\u00ed ceny. Objednejte nyn\u00ed!\",\"breadcrumb\":{\"@id\":\"https:\/\/koupitmarihuanu.com\/produkt\/zero-zero-pollen\/#breadcrumb\"},\"inLanguage\":\"hu\",\"potentialAction\":[{\"@type\":\"ReadAction\",\"target\":[\"https:\/\/koupitmarihuanu.com\/produkt\/zero-zero-pollen\/\"]}]},{\"@type\":\"ImageObject\",\"inLanguage\":\"hu\",\"@id\":\"https:\/\/koupitmarihuanu.com\/produkt\/zero-zero-pollen\/#primaryimage\",\"url\":\"https:\/\/koupitmarihuanu.com\/wp-content\/uploads\/2023\/12\/ZERO-ZERO-POLLEN.jpg\",\"contentUrl\":\"https:\/\/koupitmarihuanu.com\/wp-content\/uploads\/2023\/12\/ZERO-ZERO-POLLEN.jpg\",\"width\":600,\"height\":600,\"caption\":\"Koupit ZERO-ZERO-POLLEN Online\"},{\"@type\":\"BreadcrumbList\",\"@id\":\"https:\/\/koupitmarihuanu.com\/produkt\/zero-zero-pollen\/#breadcrumb\",\"itemListElement\":[{\"@type\":\"ListItem\",\"position\":1,\"name\":\"Home\",\"item\":\"https:\/\/koupitmarihuanu.com\/\"},{\"@type\":\"ListItem\",\"position\":2,\"name\":\"Prodejna\",\"item\":\"https:\/\/koupitmarihuanu.com\/prodejna\/\"},{\"@type\":\"ListItem\",\"position\":3,\"name\":\"Zero Zero Pollen\"}]},{\"@type\":\"WebSite\",\"@id\":\"https:\/\/koupitmarihuanu.com\/#website\",\"url\":\"https:\/\/koupitmarihuanu.com\/\",\"name\":\"Koupit Marihuanu\",\"description\":\"My WordPress Blog\",\"publisher\":{\"@id\":\"https:\/\/koupitmarihuanu.com\/#organization\"},\"potentialAction\":[{\"@type\":\"SearchAction\",\"target\":{\"@type\":\"EntryPoint\",\"urlTemplate\":\"https:\/\/koupitmarihuanu.com\/?s={search_term_string}\"},\"query-input\":\"required name=search_term_string\"}],\"inLanguage\":\"hu\"},{\"@type\":\"Organization\",\"@id\":\"https:\/\/koupitmarihuanu.com\/#organization\",\"name\":\"Koupit Marihuanu\",\"url\":\"https:\/\/koupitmarihuanu.com\/\",\"logo\":{\"@type\":\"ImageObject\",\"inLanguage\":\"hu\",\"@id\":\"https:\/\/koupitmarihuanu.com\/#\/schema\/logo\/image\/\",\"url\":\"https:\/\/koupitmarihuanu.com\/wp-content\/uploads\/2024\/01\/black-logo.png\",\"contentUrl\":\"https:\/\/koupitmarihuanu.com\/wp-content\/uploads\/2024\/01\/black-logo.png\",\"width\":300,\"height\":63,\"caption\":\"Koupit Marihuanu\"},\"image\":{\"@id\":\"https:\/\/koupitmarihuanu.com\/#\/schema\/logo\/image\/\"}}]}<\/script>\n<!-- \/ Yoast SEO plugin. -->","yoast_head_json":{"title":"V\u00e1s\u00e1roljon Zero Zero Pollen Online - Zero Zero Pollen Elad\u00f3","description":"Ha online szeretn\u00e9 megv\u00e1s\u00e1rolni a Zero Zero Pollen term\u00e9ket, a BuyMarijuana \u00fczlet\u00fcnk seg\u00edthet. N\u00e1lunk a Zero Zero Pollen elad\u00f3 a legjobb \u00e1ron. Rendeljen most!","robots":{"index":"index","follow":"follow","max-snippet":"max-snippet:-1","max-image-preview":"max-image-preview:large","max-video-preview":"max-video-preview:-1"},"canonical":"https:\/\/koupitmarihuanu.com\/hu\/termek\/nulla-nulla-pollen\/","og_locale":"hu_HU","og_type":"article","og_title":"Koupit Zero Zero Pollen online \u2013 Zero Zero Pollen na prodej","og_description":"Pokud si p\u0159ejete koupit Zero Zero Pollen online, n\u00e1\u0161 obchod KoupitMarihuanu v\u00e1m m\u016f\u017ee pomoci. M\u00e1me zde Zero Zero Pollen na prodej za nejlep\u0161\u00ed ceny. Objednejte nyn\u00ed!","og_url":"https:\/\/koupitmarihuanu.com\/hu\/termek\/nulla-nulla-pollen\/","og_site_name":"Koupit Marihuanu","article_modified_time":"2026-02-19T09:03:42+00:00","og_image":[{"width":600,"height":600,"url":"https:\/\/koupitmarihuanu.com\/wp-content\/uploads\/2023\/12\/ZERO-ZERO-POLLEN.jpg","type":"image\/jpeg"}],"twitter_card":"summary_large_image","twitter_misc":{"Becs\u00fclt olvas\u00e1si id\u0151":"3 perc"},"schema":{"@context":"https:\/\/schema.org","@graph":[{"@type":"WebPage","@id":"https:\/\/koupitmarihuanu.com\/produkt\/zero-zero-pollen\/","url":"https:\/\/koupitmarihuanu.com\/produkt\/zero-zero-pollen\/","name":"V\u00e1s\u00e1roljon Zero Zero Pollen Online - Zero Zero Pollen Elad\u00f3","isPartOf":{"@id":"https:\/\/koupitmarihuanu.com\/#website"},"primaryImageOfPage":{"@id":"https:\/\/koupitmarihuanu.com\/produkt\/zero-zero-pollen\/#primaryimage"},"image":{"@id":"https:\/\/koupitmarihuanu.com\/produkt\/zero-zero-pollen\/#primaryimage"},"thumbnailUrl":"https:\/\/koupitmarihuanu.com\/wp-content\/uploads\/2023\/12\/ZERO-ZERO-POLLEN.jpg","datePublished":"2023-12-26T07:29:07+00:00","dateModified":"2026-02-19T09:03:42+00:00","description":"Ha online szeretn\u00e9 megv\u00e1s\u00e1rolni a Zero Zero Pollen term\u00e9ket, a BuyMarijuana \u00fczlet\u00fcnk seg\u00edthet. N\u00e1lunk a Zero Zero Pollen elad\u00f3 a legjobb \u00e1ron. Rendeljen most!","breadcrumb":{"@id":"https:\/\/koupitmarihuanu.com\/produkt\/zero-zero-pollen\/#breadcrumb"},"inLanguage":"hu","potentialAction":[{"@type":"ReadAction","target":["https:\/\/koupitmarihuanu.com\/produkt\/zero-zero-pollen\/"]}]},{"@type":"ImageObject","inLanguage":"hu","@id":"https:\/\/koupitmarihuanu.com\/produkt\/zero-zero-pollen\/#primaryimage","url":"https:\/\/koupitmarihuanu.com\/wp-content\/uploads\/2023\/12\/ZERO-ZERO-POLLEN.jpg","contentUrl":"https:\/\/koupitmarihuanu.com\/wp-content\/uploads\/2023\/12\/ZERO-ZERO-POLLEN.jpg","width":600,"height":600,"caption":"Koupit ZERO-ZERO-POLLEN Online"},{"@type":"BreadcrumbList","@id":"https:\/\/koupitmarihuanu.com\/produkt\/zero-zero-pollen\/#breadcrumb","itemListElement":[{"@type":"ListItem","position":1,"name":"Home","item":"https:\/\/koupitmarihuanu.com\/"},{"@type":"ListItem","position":2,"name":"Prodejna","item":"https:\/\/koupitmarihuanu.com\/prodejna\/"},{"@type":"ListItem","position":3,"name":"Zero Zero Pollen"}]},{"@type":"WebSite","@id":"https:\/\/koupitmarihuanu.com\/#website","url":"https:\/\/koupitmarihuanu.com\/","name":"Marihu\u00e1na v\u00e1s\u00e1rl\u00e1s","description":"Az \u00e9n WordPress blogom","publisher":{"@id":"https:\/\/koupitmarihuanu.com\/#organization"},"potentialAction":[{"@type":"SearchAction","target":{"@type":"EntryPoint","urlTemplate":"https:\/\/koupitmarihuanu.com\/?s={search_term_string}"},"query-input":"required name=search_term_string"}],"inLanguage":"hu"},{"@type":"Organization","@id":"https:\/\/koupitmarihuanu.com\/#organization","name":"Marihu\u00e1na v\u00e1s\u00e1rl\u00e1s","url":"https:\/\/koupitmarihuanu.com\/","logo":{"@type":"ImageObject","inLanguage":"hu","@id":"https:\/\/koupitmarihuanu.com\/#\/schema\/logo\/image\/","url":"https:\/\/koupitmarihuanu.com\/wp-content\/uploads\/2024\/01\/black-logo.png","contentUrl":"https:\/\/koupitmarihuanu.com\/wp-content\/uploads\/2024\/01\/black-logo.png","width":300,"height":63,"caption":"Koupit Marihuanu"},"image":{"@id":"https:\/\/koupitmarihuanu.com\/#\/schema\/logo\/image\/"}}]}},"_links":{"self":[{"href":"https:\/\/koupitmarihuanu.com\/hu\/wp-json\/wp\/v2\/product\/130","targetHints":{"allow":["GET"]}}],"collection":[{"href":"https:\/\/koupitmarihuanu.com\/hu\/wp-json\/wp\/v2\/product"}],"about":[{"href":"https:\/\/koupitmarihuanu.com\/hu\/wp-json\/wp\/v2\/types\/product"}],"replies":[{"embeddable":true,"href":"https:\/\/koupitmarihuanu.com\/hu\/wp-json\/wp\/v2\/comments?post=130"}],"wp:featuredmedia":[{"embeddable":true,"href":"https:\/\/koupitmarihuanu.com\/hu\/wp-json\/wp\/v2\/media\/1179"}],"wp:attachment":[{"href":"https:\/\/koupitmarihuanu.com\/hu\/wp-json\/wp\/v2\/media?parent=130"}],"wp:term":[{"taxonomy":"product_brand","embeddable":true,"href":"https:\/\/koupitmarihuanu.com\/hu\/wp-json\/wp\/v2\/product_brand?post=130"},{"taxonomy":"product_cat","embeddable":true,"href":"https:\/\/koupitmarihuanu.com\/hu\/wp-json\/wp\/v2\/product_cat?post=130"},{"taxonomy":"product_tag","embeddable":true,"href":"https:\/\/koupitmarihuanu.com\/hu\/wp-json\/wp\/v2\/product_tag?post=130"}],"curies":[{"name":"wp","href":"https:\/\/api.w.org\/{rel}","templated":true}]}}