{"id":98,"date":"2023-12-26T07:29:02","date_gmt":"2023-12-26T07:29:02","guid":{"rendered":"https:\/\/cannasmed.com\/herbe\/?post_type=product&#038;p=98"},"modified":"2026-02-18T11:29:48","modified_gmt":"2026-02-18T11:29:48","slug":"fendi-og-hash","status":"publish","type":"product","link":"https:\/\/koupitmarihuanu.com\/fr\/produkt\/fendi-og-hash\/","title":{"rendered":"Fendi OG Hash"},"content":{"rendered":"<h2>Kupte si Fendi OG Hash online<\/h2>\n<p>Koupit Fendi OG Hash online ozna\u010duje proces n\u00e1kupu ha\u0161i\u0161e vyroben\u00e9ho z odr\u016fdy Fendi OG prost\u0159ednictv\u00edm internetov\u00fdch platforem, kde jsou konopn\u00e9 produkty leg\u00e1ln\u011b povoleny. Toto spojen\u00ed b\u011b\u017en\u011b vyhled\u00e1vaj\u00ed jednotlivci, kte\u0159\u00ed cht\u011bj\u00ed porovnat kvalitu produktu, ov\u011b\u0159it dostupnost a zkontrolovat cenu Fendi OG Hash p\u0159ed n\u00e1kupem. Mnoho potenci\u00e1ln\u00edch kupuj\u00edc\u00edch pou\u017e\u00edv\u00e1 v\u00fdrazy jako Koupit Fendi OG Hash online nebo Kde <a href=\"https:\/\/koupitmarihuanu.com\/fr\/produit\/fendi-og-hash\/\">koupit Fendi OG Hash<\/a>? p\u0159i prozkoum\u00e1v\u00e1n\u00ed licencovan\u00fdch online v\u00fddejen a regulovan\u00fdch tr\u017ei\u0161\u0165.<\/p>\n<p>Fendi OG Hash je konopn\u00fd koncentr\u00e1t vyroben\u00fd sb\u011brem a rafinac\u00ed prysky\u0159i\u010dn\u00fdch \u017el\u00e1z, zn\u00e1m\u00fdch tak\u00e9 jako trichomy, z rostlin Fendi OG. Jako indikov\u011b dominantn\u00ed odr\u016fda je Fendi OG obvykle spojov\u00e1n s relaxa\u010dn\u00edmi a uklid\u0148uj\u00edc\u00edmi vlastnostmi. Po zpracov\u00e1n\u00ed na ha\u0161i\u0161 si koncentr\u00e1t zachov\u00e1v\u00e1 velkou \u010d\u00e1st terpenov\u00e9ho profilu a slo\u017een\u00ed kanabinoid\u016f p\u016fvodn\u00ed odr\u016fdy. Spot\u0159ebitel\u00e9, kte\u0159\u00ed hledaj\u00ed Fendi OG Hash k prodeji, se \u010dasto zaj\u00edmaj\u00ed o produkt zn\u00e1m\u00fd svou texturou, v\u016fn\u00ed a koncentrovanou \u00fa\u010dinnost\u00ed.<br \/>\nHa\u0161i\u0161ov\u00e9 produkty obsahuj\u00ed kanabinoidy, jako je THC a n\u011bkdy i CBD, v z\u00e1vislosti na zdrojov\u00e9m materi\u00e1lu. THC je zodpov\u011bdn\u00e9 za psychoaktivn\u00ed \u00fa\u010dinky, zat\u00edmco CBD nen\u00ed omamn\u00e9 a \u010dasto je spojov\u00e1no s podp\u016frn\u00fdmi vlastnostmi. Proto\u017ee je ha\u0161i\u0161 koncentrovan\u011bj\u0161\u00ed ne\u017e tradi\u010dn\u00ed konopn\u00fd kv\u011bt, m\u016f\u017ee m\u00edt siln\u011bj\u0161\u00ed \u00fa\u010dinky. Ne\u017e se z\u00e1kazn\u00edci rozhodnou koupit Fendi OG Hash online, \u010dasto porovn\u00e1vaj\u00ed hladiny kanabinoid\u016f a hodnot\u00ed celkovou cenu Fendi OG Hash u r\u016fzn\u00fdch prodejc\u016f.<\/p>\n<h3>Co je Fendi OG Hash Online?<\/h3>\n<p>Fendi OG Hash Online ozna\u010duje dostupnost tohoto konopn\u00e9ho koncentr\u00e1tu prost\u0159ednictv\u00edm licencovan\u00fdch online v\u00fddejen nebo regulovan\u00fdch webov\u00fdch str\u00e1nek s maloobchodn\u00edm prodejem konop\u00ed. M\u00edsto n\u00e1v\u0161t\u011bvy kamenn\u00e9 prodejny si z\u00e1kazn\u00edci mohou prohl\u00ed\u017eet nab\u00eddky, podrobn\u00e9 specifikace a hodnotit Fendi OG Hash k prodeji z bezpe\u010dn\u00e9 online platformy. Fr\u00e1ze \u201eKoupit Fendi OG Hash online\u201c zd\u016fraz\u0148uje pohodl\u00ed a diskr\u00e9tnost digit\u00e1ln\u00edho n\u00e1kupu, za p\u0159edpokladu, \u017ee je v souladu s m\u00edstn\u00edmi p\u0159edpisy.<\/p>\n<p>Online prodejci mohou poskytovat informace o \u00fa\u010dinnosti, textu\u0159e, v\u00fdrobn\u00edch metod\u00e1ch a laboratorn\u00edch testech, pokud to vy\u017eaduje z\u00e1kon. P\u0159i hled\u00e1n\u00ed nejlep\u0161\u00edho m\u00edsta pro n\u00e1kup Fendi OG Hash online z\u00e1kazn\u00edci obvykle up\u0159ednost\u0148uj\u00ed transparentnost, pravost produktu a bezpe\u010dn\u00e9 procesy platby.<\/p>\n<h3>Nejlep\u0161\u00ed vyu\u017eit\u00ed a v\u00fdhody Fendi OG Hash<\/h3>\n<p>Fendi OG Hash je \u010dasto spojov\u00e1n s relaxa\u010dn\u00edmi a uklid\u0148uj\u00edc\u00edmi \u00fa\u010dinky d\u00edky sv\u00e9mu p\u016fvodu s dominantn\u00ed indikou. Mnoho u\u017eivatel\u016f uv\u00e1d\u00ed uklid\u0148uj\u00edc\u00ed z\u00e1\u017eitek, kter\u00fd m\u016f\u017ee pomoci s uvoln\u011bn\u00edm po ka\u017edodenn\u00edch aktivit\u00e1ch. Proto\u017ee se jedn\u00e1 o koncentrovanou formu konop\u00ed, men\u0161\u00ed mno\u017estv\u00ed m\u016f\u017ee m\u00edt znateln\u00e9 \u00fa\u010dinky ve srovn\u00e1n\u00ed se standardn\u00edm kv\u011btem.<\/p>\n<p>N\u011bkte\u0159\u00ed lid\u00e9 zkoumaj\u00ed Fendi OG Hash pro relaxaci, osobn\u00ed pot\u011b\u0161en\u00ed nebo ve\u010dern\u00ed u\u017e\u00edv\u00e1n\u00ed. Stejn\u011b jako u jak\u00e9hokoli konopn\u00e9ho koncentr\u00e1tu se \u00fa\u010dinky mohou li\u0161it v z\u00e1vislosti na d\u00e1vkov\u00e1n\u00ed a individu\u00e1ln\u00ed toleranci. Zodpov\u011bdn\u00e1 konzumace je d\u016fle\u017eit\u00e1 p\u0159i online objedn\u00e1vce Fendi OG Hash, zejm\u00e9na p\u0159i v\u00fdb\u011bru produkt\u016f s vy\u0161\u0161\u00ed \u00fa\u010dinnost\u00ed.<\/p>\n<h3>Pro\u010d nakupovat Fendi OG Hash online na koupitmarihuanu.com?<\/h3>\n<p>N\u00e1kup Fendi OG Hash online na <a href=\"https:\/\/koupitmarihuanu.com\/fr\/\">koupitmarihuanu.com<\/a> nab\u00edz\u00ed z\u00e1kazn\u00edk\u016fm pohodln\u00fd zp\u016fsob, jak z\u00edskat p\u0159\u00edstup ke konopn\u00fdm koncentr\u00e1t\u016fm specifick\u00fdm pro danou odr\u016fdu. Mnoho kupuj\u00edc\u00edch hled\u00e1 nejlep\u0161\u00ed m\u00edsto pro online n\u00e1kup Fendi OG Hash, aby si zajistili p\u0159esn\u00e9 popisy produkt\u016f a spolehliv\u00fd servis.<\/p>\n<p>P\u0159ed online n\u00e1kupem Fendi OG Hash z\u00e1kazn\u00edci \u010dasto zva\u017euj\u00ed faktory, jako je d\u016fv\u011bryhodnost webov\u00fdch str\u00e1nek, dostupnost z\u00e1kaznick\u00e9 podpory a konkurenceschopn\u00e9 ceny. Pokud v\u00e1s zaj\u00edm\u00e1, kde koupit Fendi OG Hash, je p\u0159ed dokon\u010den\u00edm jak\u00e9koli transakce nezbytn\u00e9 ov\u011b\u0159it, zda prodejce funguje v souladu s platn\u00fdmi p\u0159edpisy t\u00fdkaj\u00edc\u00edmi se konop\u00ed.<\/p>\n<h3>Jak si u n\u00e1s objednat Fendi OG Hash online<\/h3>\n<p>Chce-li si z\u00e1kazn\u00edk objednat Fendi OG Hash online, obvykle nav\u0161t\u00edv\u00ed webov\u00e9 str\u00e1nky, prohl\u00e9dne si dostupn\u00e9 produkty a vybere preferovanou mo\u017enost. Po p\u0159id\u00e1n\u00ed polo\u017eky do ko\u0161\u00edku pokra\u010duj\u00ed k pokladn\u011b, poskytnou po\u017eadovan\u00e9 informace a dokon\u010d\u00ed platbu pomoc\u00ed akceptovan\u00fdch metod.<\/p>\n<p>V z\u00e1vislosti na m\u00edstn\u00edch z\u00e1konech m\u016f\u017ee b\u00fdt p\u0159ed \u00fasp\u011b\u0161nou online objedn\u00e1vkou Fendi OG Hash vy\u017eadov\u00e1no ov\u011b\u0159en\u00ed v\u011bku nebo zp\u016fsobilosti. Po potvrzen\u00ed jsou poskytnuty dodac\u00ed lh\u016fty a informace o doru\u010den\u00ed. P\u0159ed online n\u00e1kupem jak\u00e9hokoli Fendi OG Hash je d\u016fle\u017eit\u00e9 si pe\u010dliv\u011b prostudovat z\u00e1sady obchodu.<\/p>\n<h3>\u010casto kladen\u00e9 ot\u00e1zky (FAQ)<\/h3>\n<p>Mezi b\u011b\u017en\u00e9 ot\u00e1zky pat\u0159\u00ed dotazy na cenu Fendi OG Hash, \u00farove\u0148 \u00fa\u010dinnosti, texturu a dostupnost dopravy. Mnoho z\u00e1kazn\u00edk\u016f se tak\u00e9 pt\u00e1, kde leg\u00e1ln\u011b a bezpe\u010dn\u011b koupit <a href=\"https:\/\/en.wikipedia.org\/wiki\/Fendi\">Fendi<\/a> OG Hash.Dal\u0161\u00ed \u010dasto kladen\u00e9 ot\u00e1zky se mohou t\u00fdkat standard\u016f laboratorn\u00edch test\u016f, doporu\u010den\u00fdch skladovac\u00edch podm\u00ednek a toho, zda je Fendi OG Hash k prodeji dostupn\u00fd v konkr\u00e9tn\u00edch regionech. Vzhledem k tomu, \u017ee se p\u0159edpisy t\u00fdkaj\u00edc\u00ed se konop\u00ed v jednotliv\u00fdch jurisdikc\u00edch zna\u010dn\u011b li\u0161\u00ed, m\u011bli by si jednotlivci p\u0159ed online n\u00e1kupem Fendi OG Hash v\u017edy ov\u011b\u0159it m\u00edstn\u00ed z\u00e1kony.<\/p>\n<p>Stru\u010dn\u011b \u0159e\u010deno, n\u00e1kup Fendi OG Hash online znamen\u00e1 z\u00edsk\u00e1n\u00ed konopn\u00e9ho koncentr\u00e1tu z\u00edskan\u00e9ho z odr\u016fdy Fendi OG prost\u0159ednictv\u00edm internetov\u00e9ho prodejce, kde je to ze z\u00e1kona povoleno. A\u0165 u\u017e porovn\u00e1v\u00e1n\u00ed cenyp\u0159i hled\u00e1n\u00ed nejlep\u0161\u00edho m\u00edsta pro n\u00e1kup Fendi OG Hash online nebo p\u0159i prohl\u00ed\u017een\u00ed dostupn\u00fdch nab\u00eddek Fendi OG Hash k prodeji je p\u0159ed kone\u010dn\u00fdm rozhodnut\u00edm o koupi z\u00e1sadn\u00ed porozum\u011bn\u00ed kvalit\u011b produktu, po\u017eadavk\u016fm na shodu a zodpov\u011bdn\u00e9mu pou\u017e\u00edv\u00e1n\u00ed.<\/p>","protected":false},"excerpt":{"rendered":"<p>Kupte si Fendi OG Hash online Koupit Fendi OG Hash online ozna\u010duje proces n\u00e1kupu ha\u0161i\u0161e vyroben\u00e9ho z odr\u016fdy Fendi OG prost\u0159ednictv\u00edm internetov\u00fdch platforem, kde jsou konopn\u00e9 produkty leg\u00e1ln\u011b povoleny. Toto spojen\u00ed b\u011b\u017en\u011b vyhled\u00e1vaj\u00ed jednotlivci, kte\u0159\u00ed cht\u011bj\u00ed porovnat kvalitu produktu, ov\u011b\u0159it dostupnost a zkontrolovat cenu Fendi OG Hash p\u0159ed n\u00e1kupem. Mnoho potenci\u00e1ln\u00edch kupuj\u00edc\u00edch pou\u017e\u00edv\u00e1 v\u00fdrazy jako [&hellip;]<\/p>\n","protected":false},"featured_media":1193,"comment_status":"open","ping_status":"closed","template":"","meta":{"site-sidebar-layout":"default","site-content-layout":"","ast-site-content-layout":"default","site-content-style":"default","site-sidebar-style":"default","ast-global-header-display":"","ast-banner-title-visibility":"","ast-main-header-display":"","ast-hfb-above-header-display":"","ast-hfb-below-header-display":"","ast-hfb-mobile-header-display":"","site-post-title":"","ast-breadcrumbs-content":"","ast-featured-img":"","footer-sml-layout":"","ast-disable-related-posts":"","theme-transparent-header-meta":"default","adv-header-id-meta":"","stick-header-meta":"default","header-above-stick-meta":"","header-main-stick-meta":"","header-below-stick-meta":"","astra-migrate-meta-layouts":"set","ast-page-background-enabled":"default","ast-page-background-meta":{"desktop":{"background-color":"var(--ast-global-color-4)","background-image":"","background-repeat":"repeat","background-position":"center center","background-size":"auto","background-attachment":"scroll","background-type":"","background-media":"","overlay-type":"","overlay-color":"","overlay-opacity":"","overlay-gradient":""},"tablet":{"background-color":"","background-image":"","background-repeat":"repeat","background-position":"center center","background-size":"auto","background-attachment":"scroll","background-type":"","background-media":"","overlay-type":"","overlay-color":"","overlay-opacity":"","overlay-gradient":""},"mobile":{"background-color":"","background-image":"","background-repeat":"repeat","background-position":"center center","background-size":"auto","background-attachment":"scroll","background-type":"","background-media":"","overlay-type":"","overlay-color":"","overlay-opacity":"","overlay-gradient":""}},"ast-content-background-meta":{"desktop":{"background-color":"var(--ast-global-color-5)","background-image":"","background-repeat":"repeat","background-position":"center center","background-size":"auto","background-attachment":"scroll","background-type":"","background-media":"","overlay-type":"","overlay-color":"","overlay-opacity":"","overlay-gradient":""},"tablet":{"background-color":"var(--ast-global-color-5)","background-image":"","background-repeat":"repeat","background-position":"center center","background-size":"auto","background-attachment":"scroll","background-type":"","background-media":"","overlay-type":"","overlay-color":"","overlay-opacity":"","overlay-gradient":""},"mobile":{"background-color":"var(--ast-global-color-5)","background-image":"","background-repeat":"repeat","background-position":"center center","background-size":"auto","background-attachment":"scroll","background-type":"","background-media":"","overlay-type":"","overlay-color":"","overlay-opacity":"","overlay-gradient":""}},"_joinchat":[]},"product_brand":[],"product_cat":[18],"product_tag":[],"class_list":{"0":"post-98","1":"product","2":"type-product","3":"status-publish","4":"has-post-thumbnail","6":"product_cat-hasis","7":"desktop-align-left","8":"tablet-align-left","9":"mobile-align-left","10":"ast-product-gallery-layout-horizontal-slider","11":"ast-product-gallery-with-no-image","12":"ast-product-single-variable","13":"ast-product-tabs-layout-horizontal","15":"first","16":"instock","17":"shipping-taxable","18":"purchasable","19":"product-type-variable"},"yoast_head":"<!-- This site is optimized with the Yoast SEO plugin v22.6 - https:\/\/yoast.com\/wordpress\/plugins\/seo\/ -->\n<title>Koupit Fendi OG Hash online \u2013 Fendi OG Hash na prodej<\/title>\n<meta name=\"description\" content=\"Pokud si chcete Fendi OG Hash koupit online, pak nav\u0161tivte n\u00e1\u0161 internetov\u00fd obchod Koupit marihuanu. M\u00e1me na prodej vysoce kvalitn\u00ed produkty jako Fendi OG Hash. Objednejte nyn\u00ed!\" \/>\n<meta name=\"robots\" content=\"index, follow, max-snippet:-1, max-image-preview:large, max-video-preview:-1\" \/>\n<link rel=\"canonical\" href=\"https:\/\/koupitmarihuanu.com\/fr\/produit\/fendi-og-hash\/\" \/>\n<meta property=\"og:locale\" content=\"fr_FR\" \/>\n<meta property=\"og:type\" content=\"article\" \/>\n<meta property=\"og:title\" content=\"Koupit Fendi OG Hash online \u2013 Fendi OG Hash na prodej\" \/>\n<meta property=\"og:description\" content=\"Pokud si chcete Fendi OG Hash koupit online, pak nav\u0161tivte n\u00e1\u0161 internetov\u00fd obchod Koupit marihuanu. M\u00e1me na prodej vysoce kvalitn\u00ed produkty jako Fendi OG Hash. Objednejte nyn\u00ed!\" \/>\n<meta property=\"og:url\" content=\"https:\/\/koupitmarihuanu.com\/fr\/produit\/fendi-og-hash\/\" \/>\n<meta property=\"og:site_name\" content=\"Koupit Marihuanu\" \/>\n<meta property=\"article:modified_time\" content=\"2026-02-18T11:29:48+00:00\" \/>\n<meta property=\"og:image\" content=\"https:\/\/koupitmarihuanu.com\/wp-content\/uploads\/2023\/12\/FENDI-OG-HASH.jpg\" \/>\n\t<meta property=\"og:image:width\" content=\"600\" \/>\n\t<meta property=\"og:image:height\" content=\"600\" \/>\n\t<meta property=\"og:image:type\" content=\"image\/jpeg\" \/>\n<meta name=\"twitter:card\" content=\"summary_large_image\" \/>\n<meta name=\"twitter:label1\" content=\"Dur\u00e9e de lecture estim\u00e9e\" \/>\n\t<meta name=\"twitter:data1\" content=\"4 minutes\" \/>\n<script type=\"application\/ld+json\" class=\"yoast-schema-graph\">{\"@context\":\"https:\/\/schema.org\",\"@graph\":[{\"@type\":\"WebPage\",\"@id\":\"https:\/\/koupitmarihuanu.com\/produkt\/fendi-og-hash\/\",\"url\":\"https:\/\/koupitmarihuanu.com\/produkt\/fendi-og-hash\/\",\"name\":\"Koupit Fendi OG Hash online \u2013 Fendi OG Hash na prodej\",\"isPartOf\":{\"@id\":\"https:\/\/koupitmarihuanu.com\/#website\"},\"primaryImageOfPage\":{\"@id\":\"https:\/\/koupitmarihuanu.com\/produkt\/fendi-og-hash\/#primaryimage\"},\"image\":{\"@id\":\"https:\/\/koupitmarihuanu.com\/produkt\/fendi-og-hash\/#primaryimage\"},\"thumbnailUrl\":\"https:\/\/koupitmarihuanu.com\/wp-content\/uploads\/2023\/12\/FENDI-OG-HASH.jpg\",\"datePublished\":\"2023-12-26T07:29:02+00:00\",\"dateModified\":\"2026-02-18T11:29:48+00:00\",\"description\":\"Pokud si chcete Fendi OG Hash koupit online, pak nav\u0161tivte n\u00e1\u0161 internetov\u00fd obchod Koupit marihuanu. M\u00e1me na prodej vysoce kvalitn\u00ed produkty jako Fendi OG Hash. Objednejte nyn\u00ed!\",\"breadcrumb\":{\"@id\":\"https:\/\/koupitmarihuanu.com\/produkt\/fendi-og-hash\/#breadcrumb\"},\"inLanguage\":\"fr-FR\",\"potentialAction\":[{\"@type\":\"ReadAction\",\"target\":[\"https:\/\/koupitmarihuanu.com\/produkt\/fendi-og-hash\/\"]}]},{\"@type\":\"ImageObject\",\"inLanguage\":\"fr-FR\",\"@id\":\"https:\/\/koupitmarihuanu.com\/produkt\/fendi-og-hash\/#primaryimage\",\"url\":\"https:\/\/koupitmarihuanu.com\/wp-content\/uploads\/2023\/12\/FENDI-OG-HASH.jpg\",\"contentUrl\":\"https:\/\/koupitmarihuanu.com\/wp-content\/uploads\/2023\/12\/FENDI-OG-HASH.jpg\",\"width\":600,\"height\":600,\"caption\":\"Koupit FENDI-OG-HASH Online\"},{\"@type\":\"BreadcrumbList\",\"@id\":\"https:\/\/koupitmarihuanu.com\/produkt\/fendi-og-hash\/#breadcrumb\",\"itemListElement\":[{\"@type\":\"ListItem\",\"position\":1,\"name\":\"Home\",\"item\":\"https:\/\/koupitmarihuanu.com\/\"},{\"@type\":\"ListItem\",\"position\":2,\"name\":\"Prodejna\",\"item\":\"https:\/\/koupitmarihuanu.com\/prodejna\/\"},{\"@type\":\"ListItem\",\"position\":3,\"name\":\"Fendi OG Hash\"}]},{\"@type\":\"WebSite\",\"@id\":\"https:\/\/koupitmarihuanu.com\/#website\",\"url\":\"https:\/\/koupitmarihuanu.com\/\",\"name\":\"Koupit Marihuanu\",\"description\":\"My WordPress Blog\",\"publisher\":{\"@id\":\"https:\/\/koupitmarihuanu.com\/#organization\"},\"potentialAction\":[{\"@type\":\"SearchAction\",\"target\":{\"@type\":\"EntryPoint\",\"urlTemplate\":\"https:\/\/koupitmarihuanu.com\/?s={search_term_string}\"},\"query-input\":\"required name=search_term_string\"}],\"inLanguage\":\"fr-FR\"},{\"@type\":\"Organization\",\"@id\":\"https:\/\/koupitmarihuanu.com\/#organization\",\"name\":\"Koupit Marihuanu\",\"url\":\"https:\/\/koupitmarihuanu.com\/\",\"logo\":{\"@type\":\"ImageObject\",\"inLanguage\":\"fr-FR\",\"@id\":\"https:\/\/koupitmarihuanu.com\/#\/schema\/logo\/image\/\",\"url\":\"https:\/\/koupitmarihuanu.com\/wp-content\/uploads\/2024\/01\/black-logo.png\",\"contentUrl\":\"https:\/\/koupitmarihuanu.com\/wp-content\/uploads\/2024\/01\/black-logo.png\",\"width\":300,\"height\":63,\"caption\":\"Koupit Marihuanu\"},\"image\":{\"@id\":\"https:\/\/koupitmarihuanu.com\/#\/schema\/logo\/image\/\"}}]}<\/script>\n<!-- \/ Yoast SEO plugin. -->","yoast_head_json":{"title":"Acheter Fendi OG Hash en ligne - Fendi OG Hash \u00e0 vendre","description":"Acheter Fendi OG Hash en ligne - Fendi OG Hash \u00e0 vendre","robots":{"index":"index","follow":"follow","max-snippet":"max-snippet:-1","max-image-preview":"max-image-preview:large","max-video-preview":"max-video-preview:-1"},"canonical":"https:\/\/koupitmarihuanu.com\/fr\/produit\/fendi-og-hash\/","og_locale":"fr_FR","og_type":"article","og_title":"Koupit Fendi OG Hash online \u2013 Fendi OG Hash na prodej","og_description":"Pokud si chcete Fendi OG Hash koupit online, pak nav\u0161tivte n\u00e1\u0161 internetov\u00fd obchod Koupit marihuanu. M\u00e1me na prodej vysoce kvalitn\u00ed produkty jako Fendi OG Hash. Objednejte nyn\u00ed!","og_url":"https:\/\/koupitmarihuanu.com\/fr\/produit\/fendi-og-hash\/","og_site_name":"Koupit Marihuanu","article_modified_time":"2026-02-18T11:29:48+00:00","og_image":[{"width":600,"height":600,"url":"https:\/\/koupitmarihuanu.com\/wp-content\/uploads\/2023\/12\/FENDI-OG-HASH.jpg","type":"image\/jpeg"}],"twitter_card":"summary_large_image","twitter_misc":{"Dur\u00e9e de lecture estim\u00e9e":"4 minutes"},"schema":{"@context":"https:\/\/schema.org","@graph":[{"@type":"WebPage","@id":"https:\/\/koupitmarihuanu.com\/produkt\/fendi-og-hash\/","url":"https:\/\/koupitmarihuanu.com\/produkt\/fendi-og-hash\/","name":"Acheter Fendi OG Hash en ligne - Fendi OG Hash \u00e0 vendre","isPartOf":{"@id":"https:\/\/koupitmarihuanu.com\/#website"},"primaryImageOfPage":{"@id":"https:\/\/koupitmarihuanu.com\/produkt\/fendi-og-hash\/#primaryimage"},"image":{"@id":"https:\/\/koupitmarihuanu.com\/produkt\/fendi-og-hash\/#primaryimage"},"thumbnailUrl":"https:\/\/koupitmarihuanu.com\/wp-content\/uploads\/2023\/12\/FENDI-OG-HASH.jpg","datePublished":"2023-12-26T07:29:02+00:00","dateModified":"2026-02-18T11:29:48+00:00","description":"Acheter Fendi OG Hash en ligne - Fendi OG Hash \u00e0 vendre","breadcrumb":{"@id":"https:\/\/koupitmarihuanu.com\/produkt\/fendi-og-hash\/#breadcrumb"},"inLanguage":"fr-FR","potentialAction":[{"@type":"ReadAction","target":["https:\/\/koupitmarihuanu.com\/produkt\/fendi-og-hash\/"]}]},{"@type":"ImageObject","inLanguage":"fr-FR","@id":"https:\/\/koupitmarihuanu.com\/produkt\/fendi-og-hash\/#primaryimage","url":"https:\/\/koupitmarihuanu.com\/wp-content\/uploads\/2023\/12\/FENDI-OG-HASH.jpg","contentUrl":"https:\/\/koupitmarihuanu.com\/wp-content\/uploads\/2023\/12\/FENDI-OG-HASH.jpg","width":600,"height":600,"caption":"Koupit FENDI-OG-HASH Online"},{"@type":"BreadcrumbList","@id":"https:\/\/koupitmarihuanu.com\/produkt\/fendi-og-hash\/#breadcrumb","itemListElement":[{"@type":"ListItem","position":1,"name":"Home","item":"https:\/\/koupitmarihuanu.com\/"},{"@type":"ListItem","position":2,"name":"Prodejna","item":"https:\/\/koupitmarihuanu.com\/prodejna\/"},{"@type":"ListItem","position":3,"name":"Fendi OG Hash"}]},{"@type":"WebSite","@id":"https:\/\/koupitmarihuanu.com\/#website","url":"https:\/\/koupitmarihuanu.com\/","name":"Acheter de la marijuana","description":"Mon blog WordPress","publisher":{"@id":"https:\/\/koupitmarihuanu.com\/#organization"},"potentialAction":[{"@type":"SearchAction","target":{"@type":"EntryPoint","urlTemplate":"https:\/\/koupitmarihuanu.com\/?s={search_term_string}"},"query-input":"required name=search_term_string"}],"inLanguage":"fr-FR"},{"@type":"Organization","@id":"https:\/\/koupitmarihuanu.com\/#organization","name":"Acheter de la marijuana","url":"https:\/\/koupitmarihuanu.com\/","logo":{"@type":"ImageObject","inLanguage":"fr-FR","@id":"https:\/\/koupitmarihuanu.com\/#\/schema\/logo\/image\/","url":"https:\/\/koupitmarihuanu.com\/wp-content\/uploads\/2024\/01\/black-logo.png","contentUrl":"https:\/\/koupitmarihuanu.com\/wp-content\/uploads\/2024\/01\/black-logo.png","width":300,"height":63,"caption":"Koupit Marihuanu"},"image":{"@id":"https:\/\/koupitmarihuanu.com\/#\/schema\/logo\/image\/"}}]}},"_links":{"self":[{"href":"https:\/\/koupitmarihuanu.com\/fr\/wp-json\/wp\/v2\/product\/98","targetHints":{"allow":["GET"]}}],"collection":[{"href":"https:\/\/koupitmarihuanu.com\/fr\/wp-json\/wp\/v2\/product"}],"about":[{"href":"https:\/\/koupitmarihuanu.com\/fr\/wp-json\/wp\/v2\/types\/product"}],"replies":[{"embeddable":true,"href":"https:\/\/koupitmarihuanu.com\/fr\/wp-json\/wp\/v2\/comments?post=98"}],"wp:featuredmedia":[{"embeddable":true,"href":"https:\/\/koupitmarihuanu.com\/fr\/wp-json\/wp\/v2\/media\/1193"}],"wp:attachment":[{"href":"https:\/\/koupitmarihuanu.com\/fr\/wp-json\/wp\/v2\/media?parent=98"}],"wp:term":[{"taxonomy":"product_brand","embeddable":true,"href":"https:\/\/koupitmarihuanu.com\/fr\/wp-json\/wp\/v2\/product_brand?post=98"},{"taxonomy":"product_cat","embeddable":true,"href":"https:\/\/koupitmarihuanu.com\/fr\/wp-json\/wp\/v2\/product_cat?post=98"},{"taxonomy":"product_tag","embeddable":true,"href":"https:\/\/koupitmarihuanu.com\/fr\/wp-json\/wp\/v2\/product_tag?post=98"}],"curies":[{"name":"wp","href":"https:\/\/api.w.org\/{rel}","templated":true}]}}