{"id":22,"date":"2023-12-26T07:28:54","date_gmt":"2023-12-26T07:28:54","guid":{"rendered":"https:\/\/cannasmed.com\/herbe\/?post_type=product&#038;p=22"},"modified":"2026-02-18T12:59:19","modified_gmt":"2026-02-18T12:59:19","slug":"lerudit","status":"publish","type":"product","link":"https:\/\/koupitmarihuanu.com\/fr\/produkt\/jack-herer\/","title":{"rendered":"Jack Herer"},"content":{"rendered":"<h2>Koupit Jack Herer online<\/h2>\n<p><a href=\"https:\/\/koupitmarihuanu.com\/fr\/produit\/lerudit\/\">Koupit Jack Herer online<\/a> ozna\u010duje proces n\u00e1kupu produkt\u016f odvozen\u00fdch z odr\u016fdy Jack Herer prost\u0159ednictv\u00edm internetov\u00fdch platforem, kde je prodej konop\u00ed pr\u00e1vn\u011b regulov\u00e1n. Tuto fr\u00e1zi b\u011b\u017en\u011b pou\u017e\u00edvaj\u00ed jednotlivci, kte\u0159\u00ed p\u0159ed n\u00e1kupem zkoumaj\u00ed pravost produktu, s\u00edlu kanabinoid\u016f, chu\u0165ov\u00e9 vlastnosti a cenu Jack Herer. Mnoho spot\u0159ebitel\u016f hled\u00e1 v\u00fdrazy jako \u201eKoupit Jack Herer online\u201c nebo \u201eKde koupit Jack Herer?\u201c, kdy\u017e porovn\u00e1vaj\u00ed licencovan\u00e9 v\u00fddejny a prohl\u00ed\u017eej\u00ed dostupn\u00e9 nab\u00eddky.<\/p>\n<p>Jack Herer je zn\u00e1m\u00e1 odr\u016fda s p\u0159evahou sativy, zn\u00e1m\u00e1 pro svou sv\u011b\u017e\u00ed, zemitou v\u016fni s t\u00f3ny borovice a ko\u0159en\u00ed. Vybudovala si pov\u011bst pro povzn\u00e1\u0161ej\u00edc\u00ed a energizuj\u00edc\u00ed \u00fa\u010dinky, \u010dasto spojen\u00e9 s du\u0161evn\u00ed jasnost\u00ed a soust\u0159ed\u011bn\u00edm. Kdy\u017e lid\u00e9 hledaj\u00ed Jack Herer na prodej, obvykle hledaj\u00ed autentick\u00e9 produkty, kter\u00e9 si zachov\u00e1vaj\u00ed charakteristick\u00fd terpenov\u00fd profil a slo\u017een\u00ed kanabinoid\u016f odr\u016fdy.<br \/>\nKonopn\u00e9 produkty vyroben\u00e9 z Jack Herer mohou obsahovat r\u016fzn\u00e9 hladiny THC a n\u011bkdy i CBD v z\u00e1vislosti na metod\u00e1ch p\u011bstov\u00e1n\u00ed a zpracov\u00e1n\u00ed. THC je zodpov\u011bdn\u00e9 za psychoaktivn\u00ed \u00fa\u010dinky, zat\u00edmco CBD nen\u00ed omamn\u00e9 a \u010dasto je spojov\u00e1no s podp\u016frn\u00fdmi vlastnostmi pro zdrav\u00ed. Vzhledem ke sv\u00e9 popularit\u011b a zaveden\u00e9mu jm\u00e9nu mnoho kupuj\u00edc\u00edch porovn\u00e1v\u00e1 podrobnosti o \u00fa\u010dinnosti a hodnot\u00ed celkovou cenu odr\u016fdy Jack Herer, ne\u017e se rozhodnou koupit ji online.<\/p>\n<h3>Co je Jack Herer online?<\/h3>\n<p>Jack Herer online ozna\u010duje dostupnost t\u00e9to odr\u016fdy prost\u0159ednictv\u00edm licencovan\u00fdch online v\u00fddejen nebo regulovan\u00fdch webov\u00fdch str\u00e1nek s maloobchodn\u00edm prodejem konop\u00ed. M\u00edsto n\u00e1v\u0161t\u011bvy kamenn\u00e9 prodejny si z\u00e1kazn\u00edci mohou prohl\u00e9dnout podrobn\u00e9 popisy produkt\u016f, prohl\u00e9dnout si informace o \u00fa\u010dinnosti a vyhodnotit prodej Jack Herer prost\u0159ednictv\u00edm zabezpe\u010den\u00e9 digit\u00e1ln\u00ed platformy. Fr\u00e1ze \u201eKoupit Jack Herer online\u201c zd\u016fraz\u0148uje pohodl\u00ed a dostupnost online objedn\u00e1v\u00e1n\u00ed, pokud m\u00edstn\u00ed z\u00e1kony takov\u00e9 transakce povoluj\u00ed.<\/p>\n<p>Online prodejci \u010dasto poskytuj\u00ed informace o procentu\u00e1ln\u00edm obsahu kanabinoid\u016f, terpenov\u00fdch profilech, p\u011bstebn\u00edch metod\u00e1ch a form\u00e1tech balen\u00ed. P\u0159i hled\u00e1n\u00ed nejlep\u0161\u00edho m\u00edsta pro online n\u00e1kup Jack Herer obvykle z\u00e1kazn\u00edci up\u0159ednost\u0148uj\u00ed transparentnost, bezpe\u010dn\u00e9 platebn\u00ed syst\u00e9my a dodr\u017eov\u00e1n\u00ed z\u00e1konn\u00fdch po\u017eadavk\u016f.<\/p>\n<h3>Nejlep\u0161\u00ed vyu\u017eit\u00ed a v\u00fdhody Jack Herer<\/h3>\n<p>Jack Herer je \u010dasto spojov\u00e1n s povzn\u00e1\u0161ej\u00edc\u00edmi a energizuj\u00edc\u00edmi \u00fa\u010dinky d\u00edky sv\u00e9mu profilu s dominanc\u00ed sativy. Mnoho u\u017eivatel\u016f popisuje z\u00e1\u017eitek z bystr\u00e9 mysli a kreativity, kter\u00fd m\u016f\u017ee podpo\u0159it denn\u00ed aktivity nebo soci\u00e1ln\u00ed interakci. D\u00edky sv\u00e9 vyv\u00e1\u017een\u00e9, ale z\u00e1rove\u0148 stimuluj\u00edc\u00ed povaze m\u016f\u017ee oslovit jednotlivce, kte\u0159\u00ed hledaj\u00ed odr\u016fdu podporuj\u00edc\u00ed bd\u011blost bez siln\u00e9 sedace.<\/p>\n<p>N\u011bkte\u0159\u00ed lid\u00e9 oce\u0148uj\u00ed odr\u016fdu Jack Herer pro jej\u00ed v\u00fdraznou chu\u0165 a aromatickou komplexnost. Stejn\u011b jako u v\u0161ech konopn\u00fdch produkt\u016f se zku\u0161enosti mohou li\u0161it v z\u00e1vislosti na d\u00e1vkov\u00e1n\u00ed, toleranci a individu\u00e1ln\u00ed t\u011blesn\u00e9 chemii. Zodpov\u011bdn\u00e1 konzumace je nezbytn\u00e1 p\u0159i online objedn\u00e1vce Jack Herer, zejm\u00e9na p\u0159i v\u00fdb\u011bru variant s vy\u0161\u0161\u00ed \u00fa\u010dinnost\u00ed.<\/p>\n<h3>Pro\u010d koupit Jack Herer online na koupitmarihuanu.com?<\/h3>\n<p>N\u00e1kup Jack Herer online na <a href=\"https:\/\/koupitmarihuanu.com\/fr\/\">koupitmarihuanu.com<\/a> nab\u00edz\u00ed z\u00e1kazn\u00edk\u016fm efektivn\u00ed zp\u016fsob, jak z\u00edskat p\u0159\u00edstup k konopn\u00fdm produkt\u016fm specifick\u00fdm pro danou odr\u016fdu v \u200b\u200bregionech, kde je prodej leg\u00e1ln\u011b povolen. Mnoho kupuj\u00edc\u00edch hled\u00e1 nejlep\u0161\u00ed m\u00edsto pro online n\u00e1kup Jack Herer, aby si zajistili p\u0159esn\u00fd popis produktu a spolehliv\u00fd servis.<\/p>\n<p>Ne\u017e se rozhodnou koupit Jack Herer online, z\u00e1kazn\u00edci \u010dasto zva\u017euj\u00ed faktory, jako je d\u016fv\u011bryhodnost webov\u00fdch str\u00e1nek, dostupnost z\u00e1kaznick\u00e9 podpory, konkurenceschopn\u00e9 ceny a dodr\u017eov\u00e1n\u00ed m\u00edstn\u00edch p\u0159edpis\u016f. Pokud v\u00e1s zaj\u00edm\u00e1, kde koupit Jack Herer, je d\u016fle\u017eit\u00e9 p\u0159ed dokon\u010den\u00edm jak\u00e9koli transakce ov\u011b\u0159it, zda prodejce p\u016fsob\u00ed v souladu s pr\u00e1vn\u00edm <a href=\"https:\/\/en.wikipedia.org\/wiki\/Jack_Herer\">r\u00e1mcem<\/a> platn\u00fdm pro va\u0161i lokalitu.<\/p>\n<h3>Jak si u n\u00e1s objednat Jack Herer online<\/h3>\n<p>Chce-li si z\u00e1kazn\u00edci objednat Jack Herer online, obvykle nav\u0161t\u00edv\u00ed webov\u00e9 str\u00e1nky, prohl\u00e9dnou si dostupn\u00e9 nab\u00eddky a vyberou preferovan\u00fd produkt. Po p\u0159id\u00e1n\u00ed polo\u017eky do ko\u0161\u00edku pokra\u010duj\u00ed k pokladn\u011b, zadaj\u00ed pot\u0159ebn\u00e9 \u00fadaje a dokon\u010d\u00ed platbu schv\u00e1len\u00fdmi metodami.<br \/>\nV z\u00e1vislosti na region\u00e1ln\u00edch p\u0159edpisech m\u016f\u017ee b\u00fdt p\u0159ed \u00fasp\u011b\u0161nou online objedn\u00e1vkou Jack Herer vy\u017eadov\u00e1no ov\u011b\u0159en\u00ed v\u011bku nebo zp\u016fsobilosti. Po potvrzen\u00ed jsou poskytnuty dodac\u00ed lh\u016fty a podrobnosti o doru\u010den\u00ed. Z\u00e1kazn\u00edci by si m\u011bli p\u0159ed n\u00e1kupem jak\u00e9hokoli Jack Herer online pe\u010dliv\u011b prostudovat z\u00e1sady obchodu.<\/p>","protected":false},"excerpt":{"rendered":"<p>Koupit Jack Herer online Koupit Jack Herer online ozna\u010duje proces n\u00e1kupu produkt\u016f odvozen\u00fdch z odr\u016fdy Jack Herer prost\u0159ednictv\u00edm internetov\u00fdch platforem, kde je prodej konop\u00ed pr\u00e1vn\u011b regulov\u00e1n. Tuto fr\u00e1zi b\u011b\u017en\u011b pou\u017e\u00edvaj\u00ed jednotlivci, kte\u0159\u00ed p\u0159ed n\u00e1kupem zkoumaj\u00ed pravost produktu, s\u00edlu kanabinoid\u016f, chu\u0165ov\u00e9 vlastnosti a cenu Jack Herer. Mnoho spot\u0159ebitel\u016f hled\u00e1 v\u00fdrazy jako \u201eKoupit Jack Herer online\u201c nebo [&hellip;]<\/p>\n","protected":false},"featured_media":1217,"comment_status":"open","ping_status":"closed","template":"","meta":{"site-sidebar-layout":"default","site-content-layout":"","ast-site-content-layout":"default","site-content-style":"default","site-sidebar-style":"default","ast-global-header-display":"","ast-banner-title-visibility":"","ast-main-header-display":"","ast-hfb-above-header-display":"","ast-hfb-below-header-display":"","ast-hfb-mobile-header-display":"","site-post-title":"","ast-breadcrumbs-content":"","ast-featured-img":"","footer-sml-layout":"","ast-disable-related-posts":"","theme-transparent-header-meta":"default","adv-header-id-meta":"","stick-header-meta":"default","header-above-stick-meta":"","header-main-stick-meta":"","header-below-stick-meta":"","astra-migrate-meta-layouts":"set","ast-page-background-enabled":"default","ast-page-background-meta":{"desktop":{"background-color":"var(--ast-global-color-4)","background-image":"","background-repeat":"repeat","background-position":"center center","background-size":"auto","background-attachment":"scroll","background-type":"","background-media":"","overlay-type":"","overlay-color":"","overlay-opacity":"","overlay-gradient":""},"tablet":{"background-color":"","background-image":"","background-repeat":"repeat","background-position":"center center","background-size":"auto","background-attachment":"scroll","background-type":"","background-media":"","overlay-type":"","overlay-color":"","overlay-opacity":"","overlay-gradient":""},"mobile":{"background-color":"","background-image":"","background-repeat":"repeat","background-position":"center center","background-size":"auto","background-attachment":"scroll","background-type":"","background-media":"","overlay-type":"","overlay-color":"","overlay-opacity":"","overlay-gradient":""}},"ast-content-background-meta":{"desktop":{"background-color":"var(--ast-global-color-5)","background-image":"","background-repeat":"repeat","background-position":"center center","background-size":"auto","background-attachment":"scroll","background-type":"","background-media":"","overlay-type":"","overlay-color":"","overlay-opacity":"","overlay-gradient":""},"tablet":{"background-color":"var(--ast-global-color-5)","background-image":"","background-repeat":"repeat","background-position":"center center","background-size":"auto","background-attachment":"scroll","background-type":"","background-media":"","overlay-type":"","overlay-color":"","overlay-opacity":"","overlay-gradient":""},"mobile":{"background-color":"var(--ast-global-color-5)","background-image":"","background-repeat":"repeat","background-position":"center center","background-size":"auto","background-attachment":"scroll","background-type":"","background-media":"","overlay-type":"","overlay-color":"","overlay-opacity":"","overlay-gradient":""}},"_joinchat":[]},"product_brand":[],"product_cat":[17],"product_tag":[],"class_list":{"0":"post-22","1":"product","2":"type-product","3":"status-publish","4":"has-post-thumbnail","6":"product_cat-marihuana","7":"desktop-align-left","8":"tablet-align-left","9":"mobile-align-left","10":"ast-product-gallery-layout-horizontal-slider","11":"ast-product-gallery-with-no-image","12":"ast-product-single-variable","13":"ast-product-tabs-layout-horizontal","15":"first","16":"instock","17":"shipping-taxable","18":"purchasable","19":"product-type-variable"},"yoast_head":"<!-- This site is optimized with the Yoast SEO plugin v22.6 - https:\/\/yoast.com\/wordpress\/plugins\/seo\/ -->\n<title>Koupit Jack Herer online \u2013 Jack Herer na prodej<\/title>\n<meta name=\"description\" content=\"Objevte prvot\u0159\u00eddn\u00ed Jack Herer na prodej v na\u0161em internetov\u00e9m obchod\u011b - Kupte si Jack Herer pohodln\u011b a bezpe\u010dn\u011b, abyste podpo\u0159ili sv\u016fj v\u00fdzkum. Objednejte nyn\u00ed!\" \/>\n<meta name=\"robots\" content=\"index, follow, max-snippet:-1, max-image-preview:large, max-video-preview:-1\" \/>\n<link rel=\"canonical\" href=\"https:\/\/koupitmarihuanu.com\/fr\/produit\/lerudit\/\" \/>\n<meta property=\"og:locale\" content=\"fr_FR\" \/>\n<meta property=\"og:type\" content=\"article\" \/>\n<meta property=\"og:title\" content=\"Koupit Jack Herer online \u2013 Jack Herer na prodej\" \/>\n<meta property=\"og:description\" content=\"Objevte prvot\u0159\u00eddn\u00ed Jack Herer na prodej v na\u0161em internetov\u00e9m obchod\u011b - Kupte si Jack Herer pohodln\u011b a bezpe\u010dn\u011b, abyste podpo\u0159ili sv\u016fj v\u00fdzkum. Objednejte nyn\u00ed!\" \/>\n<meta property=\"og:url\" content=\"https:\/\/koupitmarihuanu.com\/fr\/produit\/lerudit\/\" \/>\n<meta property=\"og:site_name\" content=\"Koupit Marihuanu\" \/>\n<meta property=\"article:modified_time\" content=\"2026-02-18T12:59:19+00:00\" \/>\n<meta property=\"og:image\" content=\"https:\/\/koupitmarihuanu.com\/wp-content\/uploads\/2023\/12\/JACK-HERER.jpg\" \/>\n\t<meta property=\"og:image:width\" content=\"600\" \/>\n\t<meta property=\"og:image:height\" content=\"600\" \/>\n\t<meta property=\"og:image:type\" content=\"image\/jpeg\" \/>\n<meta name=\"twitter:card\" content=\"summary_large_image\" \/>\n<meta name=\"twitter:label1\" content=\"Dur\u00e9e de lecture estim\u00e9e\" \/>\n\t<meta name=\"twitter:data1\" content=\"3 minutes\" \/>\n<script type=\"application\/ld+json\" class=\"yoast-schema-graph\">{\"@context\":\"https:\/\/schema.org\",\"@graph\":[{\"@type\":\"WebPage\",\"@id\":\"https:\/\/koupitmarihuanu.com\/produkt\/jack-herer\/\",\"url\":\"https:\/\/koupitmarihuanu.com\/produkt\/jack-herer\/\",\"name\":\"Koupit Jack Herer online \u2013 Jack Herer na prodej\",\"isPartOf\":{\"@id\":\"https:\/\/koupitmarihuanu.com\/#website\"},\"primaryImageOfPage\":{\"@id\":\"https:\/\/koupitmarihuanu.com\/produkt\/jack-herer\/#primaryimage\"},\"image\":{\"@id\":\"https:\/\/koupitmarihuanu.com\/produkt\/jack-herer\/#primaryimage\"},\"thumbnailUrl\":\"https:\/\/koupitmarihuanu.com\/wp-content\/uploads\/2023\/12\/JACK-HERER.jpg\",\"datePublished\":\"2023-12-26T07:28:54+00:00\",\"dateModified\":\"2026-02-18T12:59:19+00:00\",\"description\":\"Objevte prvot\u0159\u00eddn\u00ed Jack Herer na prodej v na\u0161em internetov\u00e9m obchod\u011b - Kupte si Jack Herer pohodln\u011b a bezpe\u010dn\u011b, abyste podpo\u0159ili sv\u016fj v\u00fdzkum. Objednejte nyn\u00ed!\",\"breadcrumb\":{\"@id\":\"https:\/\/koupitmarihuanu.com\/produkt\/jack-herer\/#breadcrumb\"},\"inLanguage\":\"fr-FR\",\"potentialAction\":[{\"@type\":\"ReadAction\",\"target\":[\"https:\/\/koupitmarihuanu.com\/produkt\/jack-herer\/\"]}]},{\"@type\":\"ImageObject\",\"inLanguage\":\"fr-FR\",\"@id\":\"https:\/\/koupitmarihuanu.com\/produkt\/jack-herer\/#primaryimage\",\"url\":\"https:\/\/koupitmarihuanu.com\/wp-content\/uploads\/2023\/12\/JACK-HERER.jpg\",\"contentUrl\":\"https:\/\/koupitmarihuanu.com\/wp-content\/uploads\/2023\/12\/JACK-HERER.jpg\",\"width\":600,\"height\":600,\"caption\":\"Koupit JACK-HERER Online\"},{\"@type\":\"BreadcrumbList\",\"@id\":\"https:\/\/koupitmarihuanu.com\/produkt\/jack-herer\/#breadcrumb\",\"itemListElement\":[{\"@type\":\"ListItem\",\"position\":1,\"name\":\"Home\",\"item\":\"https:\/\/koupitmarihuanu.com\/\"},{\"@type\":\"ListItem\",\"position\":2,\"name\":\"Prodejna\",\"item\":\"https:\/\/koupitmarihuanu.com\/prodejna\/\"},{\"@type\":\"ListItem\",\"position\":3,\"name\":\"Jack Herer\"}]},{\"@type\":\"WebSite\",\"@id\":\"https:\/\/koupitmarihuanu.com\/#website\",\"url\":\"https:\/\/koupitmarihuanu.com\/\",\"name\":\"Koupit Marihuanu\",\"description\":\"My WordPress Blog\",\"publisher\":{\"@id\":\"https:\/\/koupitmarihuanu.com\/#organization\"},\"potentialAction\":[{\"@type\":\"SearchAction\",\"target\":{\"@type\":\"EntryPoint\",\"urlTemplate\":\"https:\/\/koupitmarihuanu.com\/?s={search_term_string}\"},\"query-input\":\"required name=search_term_string\"}],\"inLanguage\":\"fr-FR\"},{\"@type\":\"Organization\",\"@id\":\"https:\/\/koupitmarihuanu.com\/#organization\",\"name\":\"Koupit Marihuanu\",\"url\":\"https:\/\/koupitmarihuanu.com\/\",\"logo\":{\"@type\":\"ImageObject\",\"inLanguage\":\"fr-FR\",\"@id\":\"https:\/\/koupitmarihuanu.com\/#\/schema\/logo\/image\/\",\"url\":\"https:\/\/koupitmarihuanu.com\/wp-content\/uploads\/2024\/01\/black-logo.png\",\"contentUrl\":\"https:\/\/koupitmarihuanu.com\/wp-content\/uploads\/2024\/01\/black-logo.png\",\"width\":300,\"height\":63,\"caption\":\"Koupit Marihuanu\"},\"image\":{\"@id\":\"https:\/\/koupitmarihuanu.com\/#\/schema\/logo\/image\/\"}}]}<\/script>\n<!-- \/ Yoast SEO plugin. -->","yoast_head_json":{"title":"Acheter Jack Herer en ligne - Jack Herer \u00e0 vendre","description":"D\u00e9couvrez le Jack Herer premium en vente dans notre boutique en ligne - Achetez du Jack Herer confortablement et en toute s\u00e9curit\u00e9 pour soutenir votre recherche. Commandez maintenant !","robots":{"index":"index","follow":"follow","max-snippet":"max-snippet:-1","max-image-preview":"max-image-preview:large","max-video-preview":"max-video-preview:-1"},"canonical":"https:\/\/koupitmarihuanu.com\/fr\/produit\/lerudit\/","og_locale":"fr_FR","og_type":"article","og_title":"Koupit Jack Herer online \u2013 Jack Herer na prodej","og_description":"Objevte prvot\u0159\u00eddn\u00ed Jack Herer na prodej v na\u0161em internetov\u00e9m obchod\u011b - Kupte si Jack Herer pohodln\u011b a bezpe\u010dn\u011b, abyste podpo\u0159ili sv\u016fj v\u00fdzkum. Objednejte nyn\u00ed!","og_url":"https:\/\/koupitmarihuanu.com\/fr\/produit\/lerudit\/","og_site_name":"Koupit Marihuanu","article_modified_time":"2026-02-18T12:59:19+00:00","og_image":[{"width":600,"height":600,"url":"https:\/\/koupitmarihuanu.com\/wp-content\/uploads\/2023\/12\/JACK-HERER.jpg","type":"image\/jpeg"}],"twitter_card":"summary_large_image","twitter_misc":{"Dur\u00e9e de lecture estim\u00e9e":"3 minutes"},"schema":{"@context":"https:\/\/schema.org","@graph":[{"@type":"WebPage","@id":"https:\/\/koupitmarihuanu.com\/produkt\/jack-herer\/","url":"https:\/\/koupitmarihuanu.com\/produkt\/jack-herer\/","name":"Acheter Jack Herer en ligne - Jack Herer \u00e0 vendre","isPartOf":{"@id":"https:\/\/koupitmarihuanu.com\/#website"},"primaryImageOfPage":{"@id":"https:\/\/koupitmarihuanu.com\/produkt\/jack-herer\/#primaryimage"},"image":{"@id":"https:\/\/koupitmarihuanu.com\/produkt\/jack-herer\/#primaryimage"},"thumbnailUrl":"https:\/\/koupitmarihuanu.com\/wp-content\/uploads\/2023\/12\/JACK-HERER.jpg","datePublished":"2023-12-26T07:28:54+00:00","dateModified":"2026-02-18T12:59:19+00:00","description":"D\u00e9couvrez le Jack Herer premium en vente dans notre boutique en ligne - Achetez du Jack Herer confortablement et en toute s\u00e9curit\u00e9 pour soutenir votre recherche. Commandez maintenant !","breadcrumb":{"@id":"https:\/\/koupitmarihuanu.com\/produkt\/jack-herer\/#breadcrumb"},"inLanguage":"fr-FR","potentialAction":[{"@type":"ReadAction","target":["https:\/\/koupitmarihuanu.com\/produkt\/jack-herer\/"]}]},{"@type":"ImageObject","inLanguage":"fr-FR","@id":"https:\/\/koupitmarihuanu.com\/produkt\/jack-herer\/#primaryimage","url":"https:\/\/koupitmarihuanu.com\/wp-content\/uploads\/2023\/12\/JACK-HERER.jpg","contentUrl":"https:\/\/koupitmarihuanu.com\/wp-content\/uploads\/2023\/12\/JACK-HERER.jpg","width":600,"height":600,"caption":"Koupit JACK-HERER Online"},{"@type":"BreadcrumbList","@id":"https:\/\/koupitmarihuanu.com\/produkt\/jack-herer\/#breadcrumb","itemListElement":[{"@type":"ListItem","position":1,"name":"Home","item":"https:\/\/koupitmarihuanu.com\/"},{"@type":"ListItem","position":2,"name":"Prodejna","item":"https:\/\/koupitmarihuanu.com\/prodejna\/"},{"@type":"ListItem","position":3,"name":"Jack Herer"}]},{"@type":"WebSite","@id":"https:\/\/koupitmarihuanu.com\/#website","url":"https:\/\/koupitmarihuanu.com\/","name":"Acheter de la marijuana","description":"Mon blog WordPress","publisher":{"@id":"https:\/\/koupitmarihuanu.com\/#organization"},"potentialAction":[{"@type":"SearchAction","target":{"@type":"EntryPoint","urlTemplate":"https:\/\/koupitmarihuanu.com\/?s={search_term_string}"},"query-input":"required name=search_term_string"}],"inLanguage":"fr-FR"},{"@type":"Organization","@id":"https:\/\/koupitmarihuanu.com\/#organization","name":"Acheter de la marijuana","url":"https:\/\/koupitmarihuanu.com\/","logo":{"@type":"ImageObject","inLanguage":"fr-FR","@id":"https:\/\/koupitmarihuanu.com\/#\/schema\/logo\/image\/","url":"https:\/\/koupitmarihuanu.com\/wp-content\/uploads\/2024\/01\/black-logo.png","contentUrl":"https:\/\/koupitmarihuanu.com\/wp-content\/uploads\/2024\/01\/black-logo.png","width":300,"height":63,"caption":"Koupit Marihuanu"},"image":{"@id":"https:\/\/koupitmarihuanu.com\/#\/schema\/logo\/image\/"}}]}},"_links":{"self":[{"href":"https:\/\/koupitmarihuanu.com\/fr\/wp-json\/wp\/v2\/product\/22","targetHints":{"allow":["GET"]}}],"collection":[{"href":"https:\/\/koupitmarihuanu.com\/fr\/wp-json\/wp\/v2\/product"}],"about":[{"href":"https:\/\/koupitmarihuanu.com\/fr\/wp-json\/wp\/v2\/types\/product"}],"replies":[{"embeddable":true,"href":"https:\/\/koupitmarihuanu.com\/fr\/wp-json\/wp\/v2\/comments?post=22"}],"wp:featuredmedia":[{"embeddable":true,"href":"https:\/\/koupitmarihuanu.com\/fr\/wp-json\/wp\/v2\/media\/1217"}],"wp:attachment":[{"href":"https:\/\/koupitmarihuanu.com\/fr\/wp-json\/wp\/v2\/media?parent=22"}],"wp:term":[{"taxonomy":"product_brand","embeddable":true,"href":"https:\/\/koupitmarihuanu.com\/fr\/wp-json\/wp\/v2\/product_brand?post=22"},{"taxonomy":"product_cat","embeddable":true,"href":"https:\/\/koupitmarihuanu.com\/fr\/wp-json\/wp\/v2\/product_cat?post=22"},{"taxonomy":"product_tag","embeddable":true,"href":"https:\/\/koupitmarihuanu.com\/fr\/wp-json\/wp\/v2\/product_tag?post=22"}],"curies":[{"name":"wp","href":"https:\/\/api.w.org\/{rel}","templated":true}]}}