{"id":131,"date":"2023-12-26T07:29:07","date_gmt":"2023-12-26T07:29:07","guid":{"rendered":"https:\/\/cannasmed.com\/herbe\/?post_type=product&#038;p=131"},"modified":"2026-02-18T13:41:15","modified_gmt":"2026-02-18T13:41:15","slug":"huile-de-cannabis-og-kush","status":"publish","type":"product","link":"https:\/\/koupitmarihuanu.com\/fr\/produkt\/og-kush-cannabis-oil\/","title":{"rendered":"OG Kush Huile de cannabis"},"content":{"rendered":"<h2>Koupit OG Kush Cannabis Oil Online<\/h2>\n<p>Koupit konopn\u00fd olej OG Kush online ozna\u010duje proces n\u00e1kupu konopn\u00e9ho oleje extrahovan\u00e9ho z odr\u016fdy OG Kush prost\u0159ednictv\u00edm internetov\u00fdch platforem, kde jsou konopn\u00e9 produkty leg\u00e1ln\u011b regulov\u00e1ny. Tuto fr\u00e1zi b\u011b\u017en\u011b pou\u017e\u00edvaj\u00ed jednotlivci, kte\u0159\u00ed p\u0159ed n\u00e1kupem zkoumaj\u00ed pravost produktu, \u00farovn\u011b \u00fa\u010dinnosti, metody extrakce a cenu konopn\u00e9ho oleje OG Kush. Mnoho spot\u0159ebitel\u016f hled\u00e1 v\u00fdrazy jako \u201e<a href=\"https:\/\/koupitmarihuanu.com\/fr\/produit\/huile-de-cannabis-og-kush\/\">Koupit konopn\u00fd olej OG Kush online<\/a>\u201c nebo \u201eKde koupit konopn\u00fd olej OG Kush?\u201c, kdy\u017e porovn\u00e1vaj\u00ed licencovan\u00e9 v\u00fddejny a hodnot\u00ed dostupn\u00e9 mo\u017enosti.<\/p>\n<p>OG Kush je \u0161iroce zn\u00e1m\u00fd pro svou v\u00fdraznou zemitou a borovicovou v\u016fni, \u010dasto doprov\u00e1zenou jemn\u00fdmi citrusov\u00fdmi podt\u00f3ny. P\u0159i zpracov\u00e1n\u00ed na konopn\u00fd olej je extrakt navr\u017een tak, aby zachoval jedine\u010dn\u00fd kanabinoidn\u00ed a terpenov\u00fd profil odr\u016fdy. Konopn\u00fd olej OG Kush k prodeji se obvykle vztahuje na koncentrovan\u00e9 tekut\u00e9 extrakty, kter\u00e9 lze pou\u017e\u00edt ve vaporiz\u00e9rech, tinktur\u00e1ch nebo jin\u00fdch schv\u00e1len\u00fdch form\u00e1ch v z\u00e1vislosti na typu produktu a region\u00e1ln\u00edch p\u0159edpisech.<\/p>\n<p>Konopn\u00fd olej z\u00edskan\u00fd z OG Kush m\u016f\u017ee obsahovat r\u016fzn\u00e9 hladiny THC a n\u011bkdy i CBD v z\u00e1vislosti na slo\u017een\u00ed. THC je zodpov\u011bdn\u00e9 za psychoaktivn\u00ed \u00fa\u010dinky, zat\u00edmco CBD nen\u00ed omamn\u00e9 a \u010dasto je spojov\u00e1no s podp\u016frn\u00fdmi vlastnostmi. Proto\u017ee konopn\u00fd olej je koncentrovan\u00fd extrakt, jeho \u00fa\u010dinnost m\u016f\u017ee b\u00fdt v\u00fdrazn\u011b vy\u0161\u0161\u00ed ne\u017e u tradi\u010dn\u00edch kv\u011bt\u016f. Z tohoto d\u016fvodu mnoho kupuj\u00edc\u00edch porovn\u00e1v\u00e1 laboratorn\u00ed informace a vyhodnocuje celkovou cenu konopn\u00e9ho oleje OG Kush, ne\u017e se rozhodnou koupit konopn\u00fd olej OG Kush online.<\/p>\n<h3>Co je konopn\u00fd olej OG Kush online?<\/h3>\n<p>Konopn\u00fd olej OG Kush online ozna\u010duje dostupnost tohoto konopn\u00e9ho extraktu specifick\u00e9ho pro danou odr\u016fdu prost\u0159ednictv\u00edm licencovan\u00fdch online v\u00fddejen nebo regulovan\u00fdch webov\u00fdch str\u00e1nek s maloobchodn\u00edm prodejem konop\u00ed. M\u00edsto n\u00e1v\u0161t\u011bvy kamenn\u00e9 prodejny si z\u00e1kazn\u00edci mohou prohl\u00ed\u017eet podrobn\u00e9 seznamy, kontrolovat procenta kanabinoid\u016f a hodnotit konopn\u00fd olej OG Kush k prodeji z zabezpe\u010den\u00e9 digit\u00e1ln\u00ed platformy. Fr\u00e1ze \u201eKoupit konopn\u00fd olej OG Kush online\u201c zd\u016fraz\u0148uje pohodl\u00ed a diskr\u00e9tnost objedn\u00e1v\u00e1n\u00ed prost\u0159ednictv\u00edm webov\u00fdch str\u00e1nek, kde je to z\u00e1konem povoleno.<\/p>\n<p>Online prodejci \u010dasto poskytuj\u00ed podrobn\u00e9 popisy produkt\u016f, v\u010detn\u011b metod extrakce, terpenov\u00fdch profil\u016f, transparentnosti laboratorn\u00edch test\u016f a informac\u00ed o balen\u00ed. P\u0159i hled\u00e1n\u00ed nejlep\u0161\u00edho m\u00edsta pro n\u00e1kup konopn\u00e9ho oleje OG Kush online z\u00e1kazn\u00edci obvykle up\u0159ednost\u0148uj\u00ed dodr\u017eov\u00e1n\u00ed p\u0159edpis\u016f, bezpe\u010dn\u00e9 platebn\u00ed syst\u00e9my a p\u0159esn\u00e9 ozna\u010dov\u00e1n\u00ed produkt\u016f.<\/p>\n<h3>Nejlep\u0161\u00ed vyu\u017eit\u00ed a v\u00fdhody konopn\u00e9ho oleje OG Kush<\/h3>\n<p>Konopn\u00fd olej OG Kush je \u010dasto spojov\u00e1n s vyv\u00e1\u017een\u00fdmi hybridn\u00edmi \u00fa\u010dinky, kter\u00e9 mohou zahrnovat relaxaci v kombinaci s m\u00edrn\u00fdm du\u0161evn\u00edm povznesen\u00edm. Mnoho u\u017eivatel\u016f oce\u0148uje koncentrovan\u00fd form\u00e1t pro jeho pohodl\u00ed a mo\u017enosti kontrolovan\u00e9ho d\u00e1vkov\u00e1n\u00ed. V z\u00e1vislosti na slo\u017een\u00ed produktu jej lze zvolit pro ve\u010dern\u00ed relaxaci nebo pro obecn\u00e9 osobn\u00ed pou\u017eit\u00ed v regulovan\u00e9m prost\u0159ed\u00ed.<\/p>\n<p>Proto\u017ee je konopn\u00fd olej koncentrovan\u00fd, men\u0161\u00ed mno\u017estv\u00ed mohou m\u00edt znateln\u00e9 \u00fa\u010dinky. Individu\u00e1ln\u00ed zku\u0161enosti se mohou li\u0161it v z\u00e1vislosti na d\u00e1vkov\u00e1n\u00ed, toleranci a t\u011blesn\u00e9 chemii. Zodpov\u011bdn\u00e9 u\u017e\u00edv\u00e1n\u00ed je nezbytn\u00e9 p\u0159i online objedn\u00e1vce konopn\u00e9ho oleje OG Kush, zejm\u00e9na p\u0159i v\u00fdb\u011bru produkt\u016f s vy\u0161\u0161\u00edm obsahem THC.<\/p>\n<h3>Pro\u010d koupit konopn\u00fd olej OG Kush online na koupitmarihuanu.com?<\/h3>\n<p>N\u00e1kup konopn\u00e9ho oleje OG Kush online na <a href=\"https:\/\/koupitmarihuanu.com\/fr\/\">koupitmarihuanu.com<\/a> nab\u00edz\u00ed z\u00e1kazn\u00edk\u016fm efektivn\u00ed zp\u016fsob p\u0159\u00edstupu k extrakt\u016fm z konop\u00ed specifick\u00fdch odr\u016fd v regionech, kde je prodej leg\u00e1ln\u011b povolen. Mnoho kupuj\u00edc\u00edch hled\u00e1 nejlep\u0161\u00ed m\u00edsto pro online n\u00e1kup konopn\u00e9ho oleje OG Kush, aby si zajistili p\u0159esn\u00e9 popisy produkt\u016f a spolehliv\u00fd z\u00e1kaznick\u00fd servis.<\/p>\n<p>Ne\u017e se z\u00e1kazn\u00edci rozhodnou koupit konopn\u00fd olej OG Kush online, \u010dasto hodnot\u00ed d\u016fv\u011bryhodnost webov\u00fdch str\u00e1nek, konkurenceschopn\u00e9 ceny, bezpe\u010dn\u00e9 procesy platby a soulad s m\u00edstn\u00edmi p\u0159edpisy t\u00fdkaj\u00edc\u00edmi se konop\u00ed. Pokud v\u00e1s zaj\u00edm\u00e1, kde koupit konopn\u00fd olej OG Kush, je p\u0159ed dokon\u010den\u00edm jak\u00e9koli transakce nezbytn\u00e9 ov\u011b\u0159it, zda prodejce p\u016fsob\u00ed v souladu s pr\u00e1vn\u00edm r\u00e1mcem platn\u00fdm ve va\u0161em regionu.<\/p>\n<h3>Jak si u n\u00e1s objednat konopn\u00fd olej OG Kush online<\/h3>\n<p>Chce-li si z\u00e1kazn\u00edci objednat konopn\u00fd olej OG Kush online, obvykle nav\u0161t\u00edv\u00ed webov\u00e9 str\u00e1nky, prohl\u00e9dnou si dostupn\u00e9 nab\u00eddky a vyberou preferovanou mo\u017enost produktu. Po p\u0159id\u00e1n\u00ed polo\u017eky do ko\u0161\u00edku pokra\u010duj\u00ed k pokladn\u011b, poskytnou po\u017eadovan\u00e9 informace a dokon\u010d\u00ed platbu <a href=\"https:\/\/en.wikipedia.org\/wiki\/Kush_(cannabis)\">schv\u00e1len\u00fdmi<\/a> metodami.<\/p>\n<p>V z\u00e1vislosti na region\u00e1ln\u00edch p\u0159edpisech m\u016f\u017ee b\u00fdt p\u0159ed \u00fasp\u011b\u0161nou online objedn\u00e1vkou konopn\u00e9ho oleje OG Kush vy\u017eadov\u00e1no ov\u011b\u0159en\u00ed v\u011bku nebo zp\u016fsobilosti. Po potvrzen\u00ed jsou poskytnuty dodac\u00ed lh\u016fty a informace o doru\u010den\u00ed. Z\u00e1kazn\u00edci by si m\u011bli p\u0159ed n\u00e1kupem jak\u00e9hokoli konopn\u00e9ho oleje OG Kush online pe\u010dliv\u011b prostudovat z\u00e1sady obchodu.<\/p>","protected":false},"excerpt":{"rendered":"<p>Koupit OG Kush Cannabis Oil Online Koupit konopn\u00fd olej OG Kush online ozna\u010duje proces n\u00e1kupu konopn\u00e9ho oleje extrahovan\u00e9ho z odr\u016fdy OG Kush prost\u0159ednictv\u00edm internetov\u00fdch platforem, kde jsou konopn\u00e9 produkty leg\u00e1ln\u011b regulov\u00e1ny. Tuto fr\u00e1zi b\u011b\u017en\u011b pou\u017e\u00edvaj\u00ed jednotlivci, kte\u0159\u00ed p\u0159ed n\u00e1kupem zkoumaj\u00ed pravost produktu, \u00farovn\u011b \u00fa\u010dinnosti, metody extrakce a cenu konopn\u00e9ho oleje OG Kush. Mnoho spot\u0159ebitel\u016f hled\u00e1 [&hellip;]<\/p>\n","protected":false},"featured_media":1191,"comment_status":"open","ping_status":"closed","template":"","meta":{"site-sidebar-layout":"default","site-content-layout":"","ast-site-content-layout":"default","site-content-style":"default","site-sidebar-style":"default","ast-global-header-display":"","ast-banner-title-visibility":"","ast-main-header-display":"","ast-hfb-above-header-display":"","ast-hfb-below-header-display":"","ast-hfb-mobile-header-display":"","site-post-title":"","ast-breadcrumbs-content":"","ast-featured-img":"","footer-sml-layout":"","ast-disable-related-posts":"","theme-transparent-header-meta":"default","adv-header-id-meta":"","stick-header-meta":"default","header-above-stick-meta":"","header-main-stick-meta":"","header-below-stick-meta":"","astra-migrate-meta-layouts":"set","ast-page-background-enabled":"default","ast-page-background-meta":{"desktop":{"background-color":"var(--ast-global-color-4)","background-image":"","background-repeat":"repeat","background-position":"center center","background-size":"auto","background-attachment":"scroll","background-type":"","background-media":"","overlay-type":"","overlay-color":"","overlay-opacity":"","overlay-gradient":""},"tablet":{"background-color":"","background-image":"","background-repeat":"repeat","background-position":"center center","background-size":"auto","background-attachment":"scroll","background-type":"","background-media":"","overlay-type":"","overlay-color":"","overlay-opacity":"","overlay-gradient":""},"mobile":{"background-color":"","background-image":"","background-repeat":"repeat","background-position":"center center","background-size":"auto","background-attachment":"scroll","background-type":"","background-media":"","overlay-type":"","overlay-color":"","overlay-opacity":"","overlay-gradient":""}},"ast-content-background-meta":{"desktop":{"background-color":"var(--ast-global-color-5)","background-image":"","background-repeat":"repeat","background-position":"center center","background-size":"auto","background-attachment":"scroll","background-type":"","background-media":"","overlay-type":"","overlay-color":"","overlay-opacity":"","overlay-gradient":""},"tablet":{"background-color":"var(--ast-global-color-5)","background-image":"","background-repeat":"repeat","background-position":"center center","background-size":"auto","background-attachment":"scroll","background-type":"","background-media":"","overlay-type":"","overlay-color":"","overlay-opacity":"","overlay-gradient":""},"mobile":{"background-color":"var(--ast-global-color-5)","background-image":"","background-repeat":"repeat","background-position":"center center","background-size":"auto","background-attachment":"scroll","background-type":"","background-media":"","overlay-type":"","overlay-color":"","overlay-opacity":"","overlay-gradient":""}},"_joinchat":[]},"product_brand":[],"product_cat":[19],"product_tag":[],"class_list":{"0":"post-131","1":"product","2":"type-product","3":"status-publish","4":"has-post-thumbnail","6":"product_cat-konopny-olej-thc","7":"desktop-align-left","8":"tablet-align-left","9":"mobile-align-left","10":"ast-product-gallery-layout-horizontal-slider","11":"ast-product-gallery-with-no-image","12":"ast-product-single-variable","13":"ast-product-tabs-layout-horizontal","15":"first","16":"instock","17":"shipping-taxable","18":"purchasable","19":"product-type-variable"},"yoast_head":"<!-- This site is optimized with the Yoast SEO plugin v22.6 - https:\/\/yoast.com\/wordpress\/plugins\/seo\/ -->\n<title>Koupit konopn\u00fd olej OG Kush online - OG Kush konopn\u00fd olej na prodej<\/title>\n<meta name=\"description\" content=\"OG Kush Cannabis Oil m\u016f\u017eete z\u00edskat k prodeji v na\u0161em herebelegale obchod\u011b a dostanete ho bez probl\u00e9m\u016f a\u017e k va\u0161im dve\u0159\u00edm. Pom\u016f\u017eeme v\u00e1m koupit OG Kush Cannabis Oil online. Objednejte nyn\u00ed!\" \/>\n<meta name=\"robots\" content=\"index, follow, max-snippet:-1, max-image-preview:large, max-video-preview:-1\" \/>\n<link rel=\"canonical\" href=\"https:\/\/koupitmarihuanu.com\/fr\/produit\/huile-de-cannabis-og-kush\/\" \/>\n<meta property=\"og:locale\" content=\"fr_FR\" \/>\n<meta property=\"og:type\" content=\"article\" \/>\n<meta property=\"og:title\" content=\"Koupit konopn\u00fd olej OG Kush online - OG Kush konopn\u00fd olej na prodej\" \/>\n<meta property=\"og:description\" content=\"OG Kush Cannabis Oil m\u016f\u017eete z\u00edskat k prodeji v na\u0161em herebelegale obchod\u011b a dostanete ho bez probl\u00e9m\u016f a\u017e k va\u0161im dve\u0159\u00edm. Pom\u016f\u017eeme v\u00e1m koupit OG Kush Cannabis Oil online. Objednejte nyn\u00ed!\" \/>\n<meta property=\"og:url\" content=\"https:\/\/koupitmarihuanu.com\/fr\/produit\/huile-de-cannabis-og-kush\/\" \/>\n<meta property=\"og:site_name\" content=\"Koupit Marihuanu\" \/>\n<meta property=\"article:modified_time\" content=\"2026-02-18T13:41:15+00:00\" \/>\n<meta property=\"og:image\" content=\"https:\/\/koupitmarihuanu.com\/wp-content\/uploads\/2023\/12\/OG-KUSH-CANNABIS-OIL.jpg\" \/>\n\t<meta property=\"og:image:width\" content=\"600\" \/>\n\t<meta property=\"og:image:height\" content=\"600\" \/>\n\t<meta property=\"og:image:type\" content=\"image\/jpeg\" \/>\n<meta name=\"twitter:card\" content=\"summary_large_image\" \/>\n<meta name=\"twitter:label1\" content=\"Dur\u00e9e de lecture estim\u00e9e\" \/>\n\t<meta name=\"twitter:data1\" content=\"4 minutes\" \/>\n<script type=\"application\/ld+json\" class=\"yoast-schema-graph\">{\"@context\":\"https:\/\/schema.org\",\"@graph\":[{\"@type\":\"WebPage\",\"@id\":\"https:\/\/koupitmarihuanu.com\/produkt\/og-kush-cannabis-oil\/\",\"url\":\"https:\/\/koupitmarihuanu.com\/produkt\/og-kush-cannabis-oil\/\",\"name\":\"Koupit konopn\u00fd olej OG Kush online - OG Kush konopn\u00fd olej na prodej\",\"isPartOf\":{\"@id\":\"https:\/\/koupitmarihuanu.com\/#website\"},\"primaryImageOfPage\":{\"@id\":\"https:\/\/koupitmarihuanu.com\/produkt\/og-kush-cannabis-oil\/#primaryimage\"},\"image\":{\"@id\":\"https:\/\/koupitmarihuanu.com\/produkt\/og-kush-cannabis-oil\/#primaryimage\"},\"thumbnailUrl\":\"https:\/\/koupitmarihuanu.com\/wp-content\/uploads\/2023\/12\/OG-KUSH-CANNABIS-OIL.jpg\",\"datePublished\":\"2023-12-26T07:29:07+00:00\",\"dateModified\":\"2026-02-18T13:41:15+00:00\",\"description\":\"OG Kush Cannabis Oil m\u016f\u017eete z\u00edskat k prodeji v na\u0161em herebelegale obchod\u011b a dostanete ho bez probl\u00e9m\u016f a\u017e k va\u0161im dve\u0159\u00edm. Pom\u016f\u017eeme v\u00e1m koupit OG Kush Cannabis Oil online. Objednejte nyn\u00ed!\",\"breadcrumb\":{\"@id\":\"https:\/\/koupitmarihuanu.com\/produkt\/og-kush-cannabis-oil\/#breadcrumb\"},\"inLanguage\":\"fr-FR\",\"potentialAction\":[{\"@type\":\"ReadAction\",\"target\":[\"https:\/\/koupitmarihuanu.com\/produkt\/og-kush-cannabis-oil\/\"]}]},{\"@type\":\"ImageObject\",\"inLanguage\":\"fr-FR\",\"@id\":\"https:\/\/koupitmarihuanu.com\/produkt\/og-kush-cannabis-oil\/#primaryimage\",\"url\":\"https:\/\/koupitmarihuanu.com\/wp-content\/uploads\/2023\/12\/OG-KUSH-CANNABIS-OIL.jpg\",\"contentUrl\":\"https:\/\/koupitmarihuanu.com\/wp-content\/uploads\/2023\/12\/OG-KUSH-CANNABIS-OIL.jpg\",\"width\":600,\"height\":600,\"caption\":\"Koupit OG-KUSH-CANNABIS-OIL Online\"},{\"@type\":\"BreadcrumbList\",\"@id\":\"https:\/\/koupitmarihuanu.com\/produkt\/og-kush-cannabis-oil\/#breadcrumb\",\"itemListElement\":[{\"@type\":\"ListItem\",\"position\":1,\"name\":\"Home\",\"item\":\"https:\/\/koupitmarihuanu.com\/\"},{\"@type\":\"ListItem\",\"position\":2,\"name\":\"Prodejna\",\"item\":\"https:\/\/koupitmarihuanu.com\/prodejna\/\"},{\"@type\":\"ListItem\",\"position\":3,\"name\":\"OG Kush Cannabis Oil\"}]},{\"@type\":\"WebSite\",\"@id\":\"https:\/\/koupitmarihuanu.com\/#website\",\"url\":\"https:\/\/koupitmarihuanu.com\/\",\"name\":\"Koupit Marihuanu\",\"description\":\"My WordPress Blog\",\"publisher\":{\"@id\":\"https:\/\/koupitmarihuanu.com\/#organization\"},\"potentialAction\":[{\"@type\":\"SearchAction\",\"target\":{\"@type\":\"EntryPoint\",\"urlTemplate\":\"https:\/\/koupitmarihuanu.com\/?s={search_term_string}\"},\"query-input\":\"required name=search_term_string\"}],\"inLanguage\":\"fr-FR\"},{\"@type\":\"Organization\",\"@id\":\"https:\/\/koupitmarihuanu.com\/#organization\",\"name\":\"Koupit Marihuanu\",\"url\":\"https:\/\/koupitmarihuanu.com\/\",\"logo\":{\"@type\":\"ImageObject\",\"inLanguage\":\"fr-FR\",\"@id\":\"https:\/\/koupitmarihuanu.com\/#\/schema\/logo\/image\/\",\"url\":\"https:\/\/koupitmarihuanu.com\/wp-content\/uploads\/2024\/01\/black-logo.png\",\"contentUrl\":\"https:\/\/koupitmarihuanu.com\/wp-content\/uploads\/2024\/01\/black-logo.png\",\"width\":300,\"height\":63,\"caption\":\"Koupit Marihuanu\"},\"image\":{\"@id\":\"https:\/\/koupitmarihuanu.com\/#\/schema\/logo\/image\/\"}}]}<\/script>\n<!-- \/ Yoast SEO plugin. -->","yoast_head_json":{"title":"Acheter de l'huile de chanvre OG Kush en ligne - Huile de chanvre OG Kush \u00e0 vendre","description":"Vous pouvez acheter de l'huile de cannabis OG Kush en vente dans notre magasin ici l\u00e9gal et la faire livrer \u00e0 votre porte sans aucun probl\u00e8me. Nous vous aidons \u00e0 acheter de l\u2019huile de cannabis OG Kush en ligne. Commandez maintenant !","robots":{"index":"index","follow":"follow","max-snippet":"max-snippet:-1","max-image-preview":"max-image-preview:large","max-video-preview":"max-video-preview:-1"},"canonical":"https:\/\/koupitmarihuanu.com\/fr\/produit\/huile-de-cannabis-og-kush\/","og_locale":"fr_FR","og_type":"article","og_title":"Koupit konopn\u00fd olej OG Kush online - OG Kush konopn\u00fd olej na prodej","og_description":"OG Kush Cannabis Oil m\u016f\u017eete z\u00edskat k prodeji v na\u0161em herebelegale obchod\u011b a dostanete ho bez probl\u00e9m\u016f a\u017e k va\u0161im dve\u0159\u00edm. Pom\u016f\u017eeme v\u00e1m koupit OG Kush Cannabis Oil online. Objednejte nyn\u00ed!","og_url":"https:\/\/koupitmarihuanu.com\/fr\/produit\/huile-de-cannabis-og-kush\/","og_site_name":"Koupit Marihuanu","article_modified_time":"2026-02-18T13:41:15+00:00","og_image":[{"width":600,"height":600,"url":"https:\/\/koupitmarihuanu.com\/wp-content\/uploads\/2023\/12\/OG-KUSH-CANNABIS-OIL.jpg","type":"image\/jpeg"}],"twitter_card":"summary_large_image","twitter_misc":{"Dur\u00e9e de lecture estim\u00e9e":"4 minutes"},"schema":{"@context":"https:\/\/schema.org","@graph":[{"@type":"WebPage","@id":"https:\/\/koupitmarihuanu.com\/produkt\/og-kush-cannabis-oil\/","url":"https:\/\/koupitmarihuanu.com\/produkt\/og-kush-cannabis-oil\/","name":"Acheter de l'huile de chanvre OG Kush en ligne - Huile de chanvre OG Kush \u00e0 vendre","isPartOf":{"@id":"https:\/\/koupitmarihuanu.com\/#website"},"primaryImageOfPage":{"@id":"https:\/\/koupitmarihuanu.com\/produkt\/og-kush-cannabis-oil\/#primaryimage"},"image":{"@id":"https:\/\/koupitmarihuanu.com\/produkt\/og-kush-cannabis-oil\/#primaryimage"},"thumbnailUrl":"https:\/\/koupitmarihuanu.com\/wp-content\/uploads\/2023\/12\/OG-KUSH-CANNABIS-OIL.jpg","datePublished":"2023-12-26T07:29:07+00:00","dateModified":"2026-02-18T13:41:15+00:00","description":"Vous pouvez acheter de l'huile de cannabis OG Kush en vente dans notre magasin ici l\u00e9gal et la faire livrer \u00e0 votre porte sans aucun probl\u00e8me. Nous vous aidons \u00e0 acheter de l\u2019huile de cannabis OG Kush en ligne. Commandez maintenant !","breadcrumb":{"@id":"https:\/\/koupitmarihuanu.com\/produkt\/og-kush-cannabis-oil\/#breadcrumb"},"inLanguage":"fr-FR","potentialAction":[{"@type":"ReadAction","target":["https:\/\/koupitmarihuanu.com\/produkt\/og-kush-cannabis-oil\/"]}]},{"@type":"ImageObject","inLanguage":"fr-FR","@id":"https:\/\/koupitmarihuanu.com\/produkt\/og-kush-cannabis-oil\/#primaryimage","url":"https:\/\/koupitmarihuanu.com\/wp-content\/uploads\/2023\/12\/OG-KUSH-CANNABIS-OIL.jpg","contentUrl":"https:\/\/koupitmarihuanu.com\/wp-content\/uploads\/2023\/12\/OG-KUSH-CANNABIS-OIL.jpg","width":600,"height":600,"caption":"Koupit OG-KUSH-CANNABIS-OIL Online"},{"@type":"BreadcrumbList","@id":"https:\/\/koupitmarihuanu.com\/produkt\/og-kush-cannabis-oil\/#breadcrumb","itemListElement":[{"@type":"ListItem","position":1,"name":"Home","item":"https:\/\/koupitmarihuanu.com\/"},{"@type":"ListItem","position":2,"name":"Prodejna","item":"https:\/\/koupitmarihuanu.com\/prodejna\/"},{"@type":"ListItem","position":3,"name":"OG Kush Cannabis Oil"}]},{"@type":"WebSite","@id":"https:\/\/koupitmarihuanu.com\/#website","url":"https:\/\/koupitmarihuanu.com\/","name":"Acheter de la marijuana","description":"Mon blog WordPress","publisher":{"@id":"https:\/\/koupitmarihuanu.com\/#organization"},"potentialAction":[{"@type":"SearchAction","target":{"@type":"EntryPoint","urlTemplate":"https:\/\/koupitmarihuanu.com\/?s={search_term_string}"},"query-input":"required name=search_term_string"}],"inLanguage":"fr-FR"},{"@type":"Organization","@id":"https:\/\/koupitmarihuanu.com\/#organization","name":"Acheter de la marijuana","url":"https:\/\/koupitmarihuanu.com\/","logo":{"@type":"ImageObject","inLanguage":"fr-FR","@id":"https:\/\/koupitmarihuanu.com\/#\/schema\/logo\/image\/","url":"https:\/\/koupitmarihuanu.com\/wp-content\/uploads\/2024\/01\/black-logo.png","contentUrl":"https:\/\/koupitmarihuanu.com\/wp-content\/uploads\/2024\/01\/black-logo.png","width":300,"height":63,"caption":"Koupit Marihuanu"},"image":{"@id":"https:\/\/koupitmarihuanu.com\/#\/schema\/logo\/image\/"}}]}},"_links":{"self":[{"href":"https:\/\/koupitmarihuanu.com\/fr\/wp-json\/wp\/v2\/product\/131","targetHints":{"allow":["GET"]}}],"collection":[{"href":"https:\/\/koupitmarihuanu.com\/fr\/wp-json\/wp\/v2\/product"}],"about":[{"href":"https:\/\/koupitmarihuanu.com\/fr\/wp-json\/wp\/v2\/types\/product"}],"replies":[{"embeddable":true,"href":"https:\/\/koupitmarihuanu.com\/fr\/wp-json\/wp\/v2\/comments?post=131"}],"wp:featuredmedia":[{"embeddable":true,"href":"https:\/\/koupitmarihuanu.com\/fr\/wp-json\/wp\/v2\/media\/1191"}],"wp:attachment":[{"href":"https:\/\/koupitmarihuanu.com\/fr\/wp-json\/wp\/v2\/media?parent=131"}],"wp:term":[{"taxonomy":"product_brand","embeddable":true,"href":"https:\/\/koupitmarihuanu.com\/fr\/wp-json\/wp\/v2\/product_brand?post=131"},{"taxonomy":"product_cat","embeddable":true,"href":"https:\/\/koupitmarihuanu.com\/fr\/wp-json\/wp\/v2\/product_cat?post=131"},{"taxonomy":"product_tag","embeddable":true,"href":"https:\/\/koupitmarihuanu.com\/fr\/wp-json\/wp\/v2\/product_tag?post=131"}],"curies":[{"name":"wp","href":"https:\/\/api.w.org\/{rel}","templated":true}]}}