{"id":115,"date":"2023-12-26T07:29:06","date_gmt":"2023-12-26T07:29:06","guid":{"rendered":"https:\/\/cannasmed.com\/herbe\/?post_type=product&#038;p=115"},"modified":"2026-02-18T13:33:26","modified_gmt":"2026-02-18T13:33:26","slug":"moraccan-hash","status":"publish","type":"product","link":"https:\/\/koupitmarihuanu.com\/fr\/produkt\/moraccan-hash\/","title":{"rendered":"Hachis \u00e0 la moracane"},"content":{"rendered":"<h2>Koupit marock\u00fd ha\u0161i\u0161 online<\/h2>\n<p>Koupit marock\u00fd ha\u0161i\u0161 online ozna\u010duje proces n\u00e1kupu tradi\u010dn\u00edho marock\u00e9ho ha\u0161i\u0161e prost\u0159ednictv\u00edm internetov\u00fdch platforem, kde jsou konopn\u00e9 produkty leg\u00e1ln\u011b regulov\u00e1ny. Toto spojen\u00ed b\u011b\u017en\u011b vyhled\u00e1vaj\u00ed jednotlivci, kte\u0159\u00ed si cht\u011bj\u00ed p\u0159ed n\u00e1kupem prohl\u00e9dnout kvalitu produktu, texturu, aroma a cenu marock\u00e9ho ha\u0161i\u0161e. Mnoho spot\u0159ebitel\u016f zad\u00e1v\u00e1 dotazy jako \u201e<a href=\"https:\/\/koupitmarihuanu.com\/fr\/produit\/moraccan-hash\/\">Koupit marock\u00fd ha\u0161i\u0161 online<\/a>\u201c nebo \u201eKde koupit marock\u00fd ha\u0161i\u0161?\u201c, kdy\u017e porovn\u00e1vaj\u00ed licencovan\u00e9 v\u00fddejny a prohl\u00ed\u017eej\u00ed dostupn\u00e9 mo\u017enosti.<\/p>\n<p>Maroko je ji\u017e dlouho spojov\u00e1no s produkc\u00ed ha\u0161i\u0161e, zejm\u00e9na v regionech zn\u00e1m\u00fdch p\u011bstov\u00e1n\u00edm konopn\u00fdch rostlin pou\u017e\u00edvan\u00fdch tradi\u010dn\u00edmi metodami extrakce such\u00fdm pros\u00e9v\u00e1n\u00edm. \u201eMarock\u00fd ha\u0161i\u0161 na prodej\u201c se obvykle vztahuje na ha\u0161i\u0161 vyroben\u00fd sb\u011brem a lisov\u00e1n\u00edm trichom\u016f ze su\u0161en\u00fdch rostlin konop\u00ed. Tento proces vede k produktu bohat\u00e9mu na prysky\u0159ici, kter\u00fd je zn\u00e1m\u00fd svou hladkou texturou a v\u00fdraznou zemitou, ko\u0159en\u011bnou v\u016fn\u00ed.<\/p>\n<p>Ha\u0161i\u0161ov\u00e9 produkty obecn\u011b obsahuj\u00ed kanabinoidy, jako je THC a n\u011bkdy CBD, v z\u00e1vislosti na zdrojov\u00e9m materi\u00e1lu a zp\u016fsobu v\u00fdroby.<\/p>\n<p>THC je zodpov\u011bdn\u00e9 za psychoaktivn\u00ed \u00fa\u010dinky, zat\u00edmco CBD nen\u00ed omamn\u00e9 a \u010dasto je spojov\u00e1no s podp\u016frn\u00fdmi vlastnostmi. Proto\u017ee ha\u0161i\u0161 je koncentrovan\u00e1 forma konop\u00ed, jeho \u00fa\u010dinnost m\u016f\u017ee b\u00fdt vy\u0161\u0161\u00ed ne\u017e u standardn\u00edho kv\u011btu. Z tohoto d\u016fvodu mnoho kupuj\u00edc\u00edch porovn\u00e1v\u00e1 \u00fadaje o \u00fa\u010dinnosti a vyhodnocuje celkovou cenu marock\u00e9ho ha\u0161i\u0161e, ne\u017e se rozhodnou koupit marock\u00fd ha\u0161i\u0161 online.<\/p>\n<h3>Co je marock\u00fd ha\u0161i\u0161 online?<\/h3>\n<p>Marock\u00fd ha\u0161i\u0161 online ozna\u010duje dostupnost marock\u00e9ho ha\u0161i\u0161e prost\u0159ednictv\u00edm licencovan\u00fdch online v\u00fddejen nebo regulovan\u00fdch platforem pro maloobchodn\u00ed prodej konop\u00ed. M\u00edsto n\u00e1v\u0161t\u011bvy kamenn\u00e9 prodejny si z\u00e1kazn\u00edci mohou prohl\u00ed\u017eet podrobn\u00e9 nab\u00eddky, prohl\u00ed\u017eet si specifikace a hodnotit marock\u00fd ha\u0161i\u0161 k prodeji na zabezpe\u010den\u00fdch webov\u00fdch str\u00e1nk\u00e1ch. Fr\u00e1ze \u201eKoupit marock\u00fd ha\u0161i\u0161 online\u201c zd\u016fraz\u0148uje pohodl\u00ed a dostupnost digit\u00e1ln\u00edho n\u00e1kupu tam, kde je to z\u00e1konem povoleno.<\/p>\n<p>Online prodejci obvykle poskytuj\u00ed informace o procentu\u00e1ln\u00edm obsahu kanabinoid\u016f, textu\u0159e, v\u00fdrobn\u00edch metod\u00e1ch a form\u00e1tech balen\u00ed. P\u0159i hled\u00e1n\u00ed nejlep\u0161\u00edho m\u00edsta pro n\u00e1kup marock\u00e9ho ha\u0161i\u0161e online z\u00e1kazn\u00edci \u010dasto up\u0159ednost\u0148uj\u00ed transparentnost, bezpe\u010dn\u00e9 platebn\u00ed syst\u00e9my a dodr\u017eov\u00e1n\u00ed m\u00edstn\u00edch p\u0159edpis\u016f t\u00fdkaj\u00edc\u00edch se konop\u00ed.<\/p>\n<h3>Nejlep\u0161\u00ed vyu\u017eit\u00ed a v\u00fdhody marock\u00e9ho ha\u0161i\u0161e<\/h3>\n<p>Marock\u00fd ha\u0161i\u0161 je \u010dasto vyb\u00edr\u00e1n pro sv\u016fj koncentrovan\u00fd kanabinoidn\u00ed profil a tradi\u010dn\u00ed v\u00fdrobn\u00ed proces. Mnoho u\u017eivatel\u016f oce\u0148uje jeho hladkou konzistenci a charakteristick\u00e9 aromatick\u00e9 vlastnosti. Proto\u017ee se jedn\u00e1 o koncentr\u00e1t, men\u0161\u00ed mno\u017estv\u00ed m\u016f\u017ee m\u00edt znateln\u00e9 \u00fa\u010dinky ve srovn\u00e1n\u00ed s nekoncentrovan\u00fdmi konopn\u00fdmi produkty.<\/p>\n<p>N\u011bkte\u0159\u00ed lid\u00e9 zkoumaj\u00ed marock\u00fd ha\u0161i\u0161 pro relaxaci nebo osobn\u00ed pot\u011b\u0161en\u00ed v regulovan\u00e9m prost\u0159ed\u00ed. Stejn\u011b jako u jak\u00e9hokoli konopn\u00e9ho produktu se \u00fa\u010dinky mohou li\u0161it v z\u00e1vislosti na d\u00e1vkov\u00e1n\u00ed, toleranci a individu\u00e1ln\u00ed t\u011blesn\u00e9 chemii. Zodpov\u011bdn\u00e1 konzumace je d\u016fle\u017eit\u00e1 p\u0159i online objedn\u00e1vce marock\u00e9ho ha\u0161i\u0161e, zejm\u00e9na p\u0159i v\u00fdb\u011bru produkt\u016f s vy\u0161\u0161\u00ed \u00fa\u010dinnost\u00ed.<\/p>\n<h3>Pro\u010d nakupovat marock\u00fd ha\u0161i\u0161 online na koupitmarihuanu.com?<\/h3>\n<p>N\u00e1kup marock\u00e9ho ha\u0161i\u0161e online na<a href=\"https:\/\/koupitmarihuanu.com\/fr\/\"> koupitmarihuanu.com<\/a> nab\u00edz\u00ed z\u00e1kazn\u00edk\u016fm efektivn\u00ed zp\u016fsob, jak z\u00edskat p\u0159\u00edstup ke konopn\u00fdm koncentr\u00e1t\u016fm v regionech, kde je takov\u00fd prodej leg\u00e1ln\u011b povolen. Mnoho kupuj\u00edc\u00edch hled\u00e1 nejlep\u0161\u00ed m\u00edsto pro online n\u00e1kup marock\u00e9ho ha\u0161i\u0161e, aby si zajistili p\u0159esn\u00e9 popisy produkt\u016f a spolehliv\u00fd z\u00e1kaznick\u00fd servis.<\/p>\n<p>P\u0159ed rozhodnut\u00edm koupit marock\u00fd ha\u0161i\u0161 online z\u00e1kazn\u00edci \u010dasto zva\u017euj\u00ed d\u016fv\u011bryhodnost webov\u00fdch str\u00e1nek, konkurenceschopn\u00e9 ceny, bezpe\u010dn\u00e9 transakce a dodr\u017eov\u00e1n\u00ed platn\u00fdch z\u00e1kon\u016f o konop\u00ed. Pokud v\u00e1s zaj\u00edm\u00e1, kde koupit marock\u00fd ha\u0161i\u0161, je p\u0159ed dokon\u010den\u00edm jak\u00e9hokoli n\u00e1kupu nezbytn\u00e9 ov\u011b\u0159it, zda prodejce funguje v souladu s pr\u00e1vn\u00edmi p\u0159edpisy ve va\u0161em <a href=\"https:\/\/en.wikipedia.org\/wiki\/Hashish\">regionu<\/a>.<\/p>\n<h3>Jak si u n\u00e1s objednat marock\u00fd ha\u0161i\u0161 online<\/h3>\n<p>Chce-li si objednat marock\u00fd ha\u0161i\u0161 online, z\u00e1kazn\u00edci obvykle nav\u0161t\u00edv\u00ed webov\u00e9 str\u00e1nky, prohl\u00e9dnou si dostupn\u00e9 nab\u00eddky a vyberou preferovanou mo\u017enost produktu. Po p\u0159id\u00e1n\u00ed polo\u017eky do ko\u0161\u00edku pokra\u010duj\u00ed k pokladn\u011b, poskytnou po\u017eadovan\u00e9 informace a dokon\u010d\u00ed platbu schv\u00e1len\u00fdmi metodami.<\/p>\n<p>V z\u00e1vislosti na region\u00e1ln\u00edch p\u0159edpisech m\u016f\u017ee b\u00fdt p\u0159ed \u00fasp\u011b\u0161nou online objedn\u00e1vkou marock\u00e9ho ha\u0161i\u0161e vy\u017eadov\u00e1no ov\u011b\u0159en\u00ed v\u011bku nebo zp\u016fsobilosti. Po potvrzen\u00ed v\u00e1m budou poskytnuty dodac\u00ed lh\u016fty a informace o doru\u010den\u00ed. Z\u00e1kazn\u00edci by si m\u011bli p\u0159ed n\u00e1kupem jak\u00e9hokoli marock\u00e9ho ha\u0161i\u0161e online pe\u010dliv\u011b prostudovat z\u00e1sady obchodu.<\/p>","protected":false},"excerpt":{"rendered":"<p>Koupit marock\u00fd ha\u0161i\u0161 online Koupit marock\u00fd ha\u0161i\u0161 online ozna\u010duje proces n\u00e1kupu tradi\u010dn\u00edho marock\u00e9ho ha\u0161i\u0161e prost\u0159ednictv\u00edm internetov\u00fdch platforem, kde jsou konopn\u00e9 produkty leg\u00e1ln\u011b regulov\u00e1ny. Toto spojen\u00ed b\u011b\u017en\u011b vyhled\u00e1vaj\u00ed jednotlivci, kte\u0159\u00ed si cht\u011bj\u00ed p\u0159ed n\u00e1kupem prohl\u00e9dnout kvalitu produktu, texturu, aroma a cenu marock\u00e9ho ha\u0161i\u0161e. Mnoho spot\u0159ebitel\u016f zad\u00e1v\u00e1 dotazy jako \u201eKoupit marock\u00fd ha\u0161i\u0161 online\u201c nebo \u201eKde koupit marock\u00fd [&hellip;]<\/p>\n","protected":false},"featured_media":1197,"comment_status":"open","ping_status":"closed","template":"","meta":{"site-sidebar-layout":"default","site-content-layout":"","ast-site-content-layout":"default","site-content-style":"default","site-sidebar-style":"default","ast-global-header-display":"","ast-banner-title-visibility":"","ast-main-header-display":"","ast-hfb-above-header-display":"","ast-hfb-below-header-display":"","ast-hfb-mobile-header-display":"","site-post-title":"","ast-breadcrumbs-content":"","ast-featured-img":"","footer-sml-layout":"","ast-disable-related-posts":"","theme-transparent-header-meta":"default","adv-header-id-meta":"","stick-header-meta":"default","header-above-stick-meta":"","header-main-stick-meta":"","header-below-stick-meta":"","astra-migrate-meta-layouts":"set","ast-page-background-enabled":"default","ast-page-background-meta":{"desktop":{"background-color":"var(--ast-global-color-4)","background-image":"","background-repeat":"repeat","background-position":"center center","background-size":"auto","background-attachment":"scroll","background-type":"","background-media":"","overlay-type":"","overlay-color":"","overlay-opacity":"","overlay-gradient":""},"tablet":{"background-color":"","background-image":"","background-repeat":"repeat","background-position":"center center","background-size":"auto","background-attachment":"scroll","background-type":"","background-media":"","overlay-type":"","overlay-color":"","overlay-opacity":"","overlay-gradient":""},"mobile":{"background-color":"","background-image":"","background-repeat":"repeat","background-position":"center center","background-size":"auto","background-attachment":"scroll","background-type":"","background-media":"","overlay-type":"","overlay-color":"","overlay-opacity":"","overlay-gradient":""}},"ast-content-background-meta":{"desktop":{"background-color":"var(--ast-global-color-5)","background-image":"","background-repeat":"repeat","background-position":"center center","background-size":"auto","background-attachment":"scroll","background-type":"","background-media":"","overlay-type":"","overlay-color":"","overlay-opacity":"","overlay-gradient":""},"tablet":{"background-color":"var(--ast-global-color-5)","background-image":"","background-repeat":"repeat","background-position":"center center","background-size":"auto","background-attachment":"scroll","background-type":"","background-media":"","overlay-type":"","overlay-color":"","overlay-opacity":"","overlay-gradient":""},"mobile":{"background-color":"var(--ast-global-color-5)","background-image":"","background-repeat":"repeat","background-position":"center center","background-size":"auto","background-attachment":"scroll","background-type":"","background-media":"","overlay-type":"","overlay-color":"","overlay-opacity":"","overlay-gradient":""}},"_joinchat":[]},"product_brand":[],"product_cat":[18],"product_tag":[],"class_list":{"0":"post-115","1":"product","2":"type-product","3":"status-publish","4":"has-post-thumbnail","6":"product_cat-hasis","7":"desktop-align-left","8":"tablet-align-left","9":"mobile-align-left","10":"ast-product-gallery-layout-horizontal-slider","11":"ast-product-gallery-with-no-image","12":"ast-product-single-variable","13":"ast-product-tabs-layout-horizontal","15":"first","16":"instock","17":"shipping-taxable","18":"purchasable","19":"product-type-variable"},"yoast_head":"<!-- This site is optimized with the Yoast SEO plugin v22.6 - https:\/\/yoast.com\/wordpress\/plugins\/seo\/ -->\n<title>Koupit marock\u00fd hash online \u2013 marock\u00fd hash na prodej<\/title>\n<meta name=\"description\" content=\"Pokud jste ochotni z\u00edskat marock\u00fd hash na prodej, pak jsme pro v\u00e1s tou spr\u00e1vnou volbou. Na\u0161i zam\u011bstnanci v\u00e1m pomohou koupit marock\u00fd hash online za n\u00edzk\u00e9 ceny. Objednejte si u n\u00e1s!\" \/>\n<meta name=\"robots\" content=\"index, follow, max-snippet:-1, max-image-preview:large, max-video-preview:-1\" \/>\n<link rel=\"canonical\" href=\"https:\/\/koupitmarihuanu.com\/fr\/produit\/moraccan-hash\/\" \/>\n<meta property=\"og:locale\" content=\"fr_FR\" \/>\n<meta property=\"og:type\" content=\"article\" \/>\n<meta property=\"og:title\" content=\"Koupit marock\u00fd hash online \u2013 marock\u00fd hash na prodej\" \/>\n<meta property=\"og:description\" content=\"Pokud jste ochotni z\u00edskat marock\u00fd hash na prodej, pak jsme pro v\u00e1s tou spr\u00e1vnou volbou. Na\u0161i zam\u011bstnanci v\u00e1m pomohou koupit marock\u00fd hash online za n\u00edzk\u00e9 ceny. Objednejte si u n\u00e1s!\" \/>\n<meta property=\"og:url\" content=\"https:\/\/koupitmarihuanu.com\/fr\/produit\/moraccan-hash\/\" \/>\n<meta property=\"og:site_name\" content=\"Koupit Marihuanu\" \/>\n<meta property=\"article:modified_time\" content=\"2026-02-18T13:33:26+00:00\" \/>\n<meta property=\"og:image\" content=\"https:\/\/koupitmarihuanu.com\/wp-content\/uploads\/2023\/12\/MORACCAN-HASH.jpg\" \/>\n\t<meta property=\"og:image:width\" content=\"600\" \/>\n\t<meta property=\"og:image:height\" content=\"600\" \/>\n\t<meta property=\"og:image:type\" content=\"image\/jpeg\" \/>\n<meta name=\"twitter:card\" content=\"summary_large_image\" \/>\n<meta name=\"twitter:label1\" content=\"Dur\u00e9e de lecture estim\u00e9e\" \/>\n\t<meta name=\"twitter:data1\" content=\"3 minutes\" \/>\n<script type=\"application\/ld+json\" class=\"yoast-schema-graph\">{\"@context\":\"https:\/\/schema.org\",\"@graph\":[{\"@type\":\"WebPage\",\"@id\":\"https:\/\/koupitmarihuanu.com\/produkt\/moraccan-hash\/\",\"url\":\"https:\/\/koupitmarihuanu.com\/produkt\/moraccan-hash\/\",\"name\":\"Koupit marock\u00fd hash online \u2013 marock\u00fd hash na prodej\",\"isPartOf\":{\"@id\":\"https:\/\/koupitmarihuanu.com\/#website\"},\"primaryImageOfPage\":{\"@id\":\"https:\/\/koupitmarihuanu.com\/produkt\/moraccan-hash\/#primaryimage\"},\"image\":{\"@id\":\"https:\/\/koupitmarihuanu.com\/produkt\/moraccan-hash\/#primaryimage\"},\"thumbnailUrl\":\"https:\/\/koupitmarihuanu.com\/wp-content\/uploads\/2023\/12\/MORACCAN-HASH.jpg\",\"datePublished\":\"2023-12-26T07:29:06+00:00\",\"dateModified\":\"2026-02-18T13:33:26+00:00\",\"description\":\"Pokud jste ochotni z\u00edskat marock\u00fd hash na prodej, pak jsme pro v\u00e1s tou spr\u00e1vnou volbou. Na\u0161i zam\u011bstnanci v\u00e1m pomohou koupit marock\u00fd hash online za n\u00edzk\u00e9 ceny. Objednejte si u n\u00e1s!\",\"breadcrumb\":{\"@id\":\"https:\/\/koupitmarihuanu.com\/produkt\/moraccan-hash\/#breadcrumb\"},\"inLanguage\":\"fr-FR\",\"potentialAction\":[{\"@type\":\"ReadAction\",\"target\":[\"https:\/\/koupitmarihuanu.com\/produkt\/moraccan-hash\/\"]}]},{\"@type\":\"ImageObject\",\"inLanguage\":\"fr-FR\",\"@id\":\"https:\/\/koupitmarihuanu.com\/produkt\/moraccan-hash\/#primaryimage\",\"url\":\"https:\/\/koupitmarihuanu.com\/wp-content\/uploads\/2023\/12\/MORACCAN-HASH.jpg\",\"contentUrl\":\"https:\/\/koupitmarihuanu.com\/wp-content\/uploads\/2023\/12\/MORACCAN-HASH.jpg\",\"width\":600,\"height\":600,\"caption\":\"Koupit MORACCAN-HASH Online\"},{\"@type\":\"BreadcrumbList\",\"@id\":\"https:\/\/koupitmarihuanu.com\/produkt\/moraccan-hash\/#breadcrumb\",\"itemListElement\":[{\"@type\":\"ListItem\",\"position\":1,\"name\":\"Home\",\"item\":\"https:\/\/koupitmarihuanu.com\/\"},{\"@type\":\"ListItem\",\"position\":2,\"name\":\"Prodejna\",\"item\":\"https:\/\/koupitmarihuanu.com\/prodejna\/\"},{\"@type\":\"ListItem\",\"position\":3,\"name\":\"Moraccan Hash\"}]},{\"@type\":\"WebSite\",\"@id\":\"https:\/\/koupitmarihuanu.com\/#website\",\"url\":\"https:\/\/koupitmarihuanu.com\/\",\"name\":\"Koupit Marihuanu\",\"description\":\"My WordPress Blog\",\"publisher\":{\"@id\":\"https:\/\/koupitmarihuanu.com\/#organization\"},\"potentialAction\":[{\"@type\":\"SearchAction\",\"target\":{\"@type\":\"EntryPoint\",\"urlTemplate\":\"https:\/\/koupitmarihuanu.com\/?s={search_term_string}\"},\"query-input\":\"required name=search_term_string\"}],\"inLanguage\":\"fr-FR\"},{\"@type\":\"Organization\",\"@id\":\"https:\/\/koupitmarihuanu.com\/#organization\",\"name\":\"Koupit Marihuanu\",\"url\":\"https:\/\/koupitmarihuanu.com\/\",\"logo\":{\"@type\":\"ImageObject\",\"inLanguage\":\"fr-FR\",\"@id\":\"https:\/\/koupitmarihuanu.com\/#\/schema\/logo\/image\/\",\"url\":\"https:\/\/koupitmarihuanu.com\/wp-content\/uploads\/2024\/01\/black-logo.png\",\"contentUrl\":\"https:\/\/koupitmarihuanu.com\/wp-content\/uploads\/2024\/01\/black-logo.png\",\"width\":300,\"height\":63,\"caption\":\"Koupit Marihuanu\"},\"image\":{\"@id\":\"https:\/\/koupitmarihuanu.com\/#\/schema\/logo\/image\/\"}}]}<\/script>\n<!-- \/ Yoast SEO plugin. -->","yoast_head_json":{"title":"Acheter du hasch marocain en ligne - Hash marocain \u00e0 vendre","description":"Si vous souhaitez vendre du hasch marocain, nous sommes le bon choix pour vous. Notre personnel vous aidera \u00e0 acheter du hasch marocain en ligne \u00e0 bas prix. Commandez chez nous !","robots":{"index":"index","follow":"follow","max-snippet":"max-snippet:-1","max-image-preview":"max-image-preview:large","max-video-preview":"max-video-preview:-1"},"canonical":"https:\/\/koupitmarihuanu.com\/fr\/produit\/moraccan-hash\/","og_locale":"fr_FR","og_type":"article","og_title":"Koupit marock\u00fd hash online \u2013 marock\u00fd hash na prodej","og_description":"Pokud jste ochotni z\u00edskat marock\u00fd hash na prodej, pak jsme pro v\u00e1s tou spr\u00e1vnou volbou. Na\u0161i zam\u011bstnanci v\u00e1m pomohou koupit marock\u00fd hash online za n\u00edzk\u00e9 ceny. Objednejte si u n\u00e1s!","og_url":"https:\/\/koupitmarihuanu.com\/fr\/produit\/moraccan-hash\/","og_site_name":"Koupit Marihuanu","article_modified_time":"2026-02-18T13:33:26+00:00","og_image":[{"width":600,"height":600,"url":"https:\/\/koupitmarihuanu.com\/wp-content\/uploads\/2023\/12\/MORACCAN-HASH.jpg","type":"image\/jpeg"}],"twitter_card":"summary_large_image","twitter_misc":{"Dur\u00e9e de lecture estim\u00e9e":"3 minutes"},"schema":{"@context":"https:\/\/schema.org","@graph":[{"@type":"WebPage","@id":"https:\/\/koupitmarihuanu.com\/produkt\/moraccan-hash\/","url":"https:\/\/koupitmarihuanu.com\/produkt\/moraccan-hash\/","name":"Acheter du hasch marocain en ligne - Hash marocain \u00e0 vendre","isPartOf":{"@id":"https:\/\/koupitmarihuanu.com\/#website"},"primaryImageOfPage":{"@id":"https:\/\/koupitmarihuanu.com\/produkt\/moraccan-hash\/#primaryimage"},"image":{"@id":"https:\/\/koupitmarihuanu.com\/produkt\/moraccan-hash\/#primaryimage"},"thumbnailUrl":"https:\/\/koupitmarihuanu.com\/wp-content\/uploads\/2023\/12\/MORACCAN-HASH.jpg","datePublished":"2023-12-26T07:29:06+00:00","dateModified":"2026-02-18T13:33:26+00:00","description":"Si vous souhaitez vendre du hasch marocain, nous sommes le bon choix pour vous. Notre personnel vous aidera \u00e0 acheter du hasch marocain en ligne \u00e0 bas prix. Commandez chez nous !","breadcrumb":{"@id":"https:\/\/koupitmarihuanu.com\/produkt\/moraccan-hash\/#breadcrumb"},"inLanguage":"fr-FR","potentialAction":[{"@type":"ReadAction","target":["https:\/\/koupitmarihuanu.com\/produkt\/moraccan-hash\/"]}]},{"@type":"ImageObject","inLanguage":"fr-FR","@id":"https:\/\/koupitmarihuanu.com\/produkt\/moraccan-hash\/#primaryimage","url":"https:\/\/koupitmarihuanu.com\/wp-content\/uploads\/2023\/12\/MORACCAN-HASH.jpg","contentUrl":"https:\/\/koupitmarihuanu.com\/wp-content\/uploads\/2023\/12\/MORACCAN-HASH.jpg","width":600,"height":600,"caption":"Koupit MORACCAN-HASH Online"},{"@type":"BreadcrumbList","@id":"https:\/\/koupitmarihuanu.com\/produkt\/moraccan-hash\/#breadcrumb","itemListElement":[{"@type":"ListItem","position":1,"name":"Home","item":"https:\/\/koupitmarihuanu.com\/"},{"@type":"ListItem","position":2,"name":"Prodejna","item":"https:\/\/koupitmarihuanu.com\/prodejna\/"},{"@type":"ListItem","position":3,"name":"Moraccan Hash"}]},{"@type":"WebSite","@id":"https:\/\/koupitmarihuanu.com\/#website","url":"https:\/\/koupitmarihuanu.com\/","name":"Acheter de la marijuana","description":"Mon blog WordPress","publisher":{"@id":"https:\/\/koupitmarihuanu.com\/#organization"},"potentialAction":[{"@type":"SearchAction","target":{"@type":"EntryPoint","urlTemplate":"https:\/\/koupitmarihuanu.com\/?s={search_term_string}"},"query-input":"required name=search_term_string"}],"inLanguage":"fr-FR"},{"@type":"Organization","@id":"https:\/\/koupitmarihuanu.com\/#organization","name":"Acheter de la marijuana","url":"https:\/\/koupitmarihuanu.com\/","logo":{"@type":"ImageObject","inLanguage":"fr-FR","@id":"https:\/\/koupitmarihuanu.com\/#\/schema\/logo\/image\/","url":"https:\/\/koupitmarihuanu.com\/wp-content\/uploads\/2024\/01\/black-logo.png","contentUrl":"https:\/\/koupitmarihuanu.com\/wp-content\/uploads\/2024\/01\/black-logo.png","width":300,"height":63,"caption":"Koupit Marihuanu"},"image":{"@id":"https:\/\/koupitmarihuanu.com\/#\/schema\/logo\/image\/"}}]}},"_links":{"self":[{"href":"https:\/\/koupitmarihuanu.com\/fr\/wp-json\/wp\/v2\/product\/115","targetHints":{"allow":["GET"]}}],"collection":[{"href":"https:\/\/koupitmarihuanu.com\/fr\/wp-json\/wp\/v2\/product"}],"about":[{"href":"https:\/\/koupitmarihuanu.com\/fr\/wp-json\/wp\/v2\/types\/product"}],"replies":[{"embeddable":true,"href":"https:\/\/koupitmarihuanu.com\/fr\/wp-json\/wp\/v2\/comments?post=115"}],"wp:featuredmedia":[{"embeddable":true,"href":"https:\/\/koupitmarihuanu.com\/fr\/wp-json\/wp\/v2\/media\/1197"}],"wp:attachment":[{"href":"https:\/\/koupitmarihuanu.com\/fr\/wp-json\/wp\/v2\/media?parent=115"}],"wp:term":[{"taxonomy":"product_brand","embeddable":true,"href":"https:\/\/koupitmarihuanu.com\/fr\/wp-json\/wp\/v2\/product_brand?post=115"},{"taxonomy":"product_cat","embeddable":true,"href":"https:\/\/koupitmarihuanu.com\/fr\/wp-json\/wp\/v2\/product_cat?post=115"},{"taxonomy":"product_tag","embeddable":true,"href":"https:\/\/koupitmarihuanu.com\/fr\/wp-json\/wp\/v2\/product_tag?post=115"}],"curies":[{"name":"wp","href":"https:\/\/api.w.org\/{rel}","templated":true}]}}