{"id":25,"date":"2023-12-26T07:28:54","date_gmt":"2023-12-26T07:28:54","guid":{"rendered":"https:\/\/cannasmed.com\/herbe\/?post_type=product&#038;p=25"},"modified":"2026-02-18T13:00:21","modified_gmt":"2026-02-18T13:00:21","slug":"sitruuna-kirsikka-geelato","status":"publish","type":"product","link":"https:\/\/koupitmarihuanu.com\/fi\/produkt\/lemon-cherry-gelato\/","title":{"rendered":"Sitruuna-kirsikka-geelato"},"content":{"rendered":"<h2>Kupte si citronov\u011b-t\u0159e\u0161\u0148ovou zmrzlinu online<\/h2>\n<p><a href=\"https:\/\/koupitmarihuanu.com\/fi\/tuote\/sitruuna-kirsikka-geelato\/\">Koupit citronovo-t\u0159e\u0161\u0148ovou zmrzlinu online<\/a> ozna\u010duje proces n\u00e1kupu produkt\u016f z\u00edskan\u00fdch z citronovo-t\u0159e\u0161\u0148ov\u00e9 zmrzliny prost\u0159ednictv\u00edm internetov\u00fdch platforem, kde je prodej konop\u00ed pr\u00e1vn\u011b regulov\u00e1n. Tuto fr\u00e1zi b\u011b\u017en\u011b pou\u017e\u00edvaj\u00ed jednotlivci, kte\u0159\u00ed p\u0159ed n\u00e1kupem zkoumaj\u00ed pravost produktu, terpenov\u00fd profil, \u00farove\u0148 \u00fa\u010dinnosti a cenu citronovo-t\u0159e\u0161\u0148ov\u00e9 zmrzliny. Mnoho spot\u0159ebitel\u016f vyhled\u00e1v\u00e1 v\u00fdrazy jako Koupit citronovo-t\u0159e\u0161\u0148ovou zmrzlinu online nebo Kde koupit citronovo-t\u0159e\u0161\u0148ovou zmrzlinu? p\u0159i porovn\u00e1v\u00e1n\u00ed licencovan\u00fdch v\u00fddejen a prohl\u00ed\u017een\u00ed dostupn\u00fdch nab\u00eddek.<\/p>\n<p>Citronov\u00e1 t\u0159e\u0161\u0148ov\u00e1 zmrzlina je \u0161iroce zn\u00e1m\u00e1 pro sv\u016fj z\u00e1\u0159iv\u00fd chu\u0165ov\u00fd profil, \u010dasto popisovan\u00fd jako sm\u011bs citrusov\u00e9 k\u016fry a sladk\u00fdch bobulov\u00fdch podt\u00f3n\u016f s kr\u00e9mov\u00fdm z\u00e1v\u011brem. Jako vyv\u00e1\u017een\u00e1 hybridn\u00ed odr\u016fda je obvykle spojov\u00e1na s kombinac\u00ed povzn\u00e1\u0161ej\u00edc\u00edch du\u0161evn\u00edch \u00fa\u010dink\u016f a jemn\u00e9 fyzick\u00e9 relaxace. Kdy\u017e z\u00e1kazn\u00edci hledaj\u00ed citronovo-t\u0159e\u0161\u0148ovou zmrzlinu k prodeji, obvykle hledaj\u00ed ov\u011b\u0159en\u00e9 konopn\u00e9 produkty, kter\u00e9 zachov\u00e1vaj\u00ed jedine\u010dn\u00e9 kanabinoidn\u00ed a terpenov\u00e9 vlastnosti odr\u016fdy.<\/p>\n<p>Produkty vyroben\u00e9 z citronovo-t\u0159e\u0161\u0148ov\u00e9 zmrzliny mohou obsahovat r\u016fzn\u00e9 hladiny THC a n\u011bkdy i CBD v z\u00e1vislosti na metod\u00e1ch p\u011bstov\u00e1n\u00ed a zpracov\u00e1n\u00ed. THC p\u0159isp\u00edv\u00e1 k psychoaktivn\u00edm \u00fa\u010dink\u016fm, zat\u00edmco CBD nen\u00ed omamn\u00e9 a \u010dasto je spojov\u00e1no s podp\u016frn\u00fdmi \u00fa\u010dinky. Vzhledem ke sv\u00e9 popularit\u011b mnoho kupuj\u00edc\u00edch porovn\u00e1v\u00e1 informace o \u00fa\u010dinnosti a vyhodnocuje celkovou cenu Lemon Cherry Gelato, ne\u017e se rozhodnou koupit Lemon Cherry Gelato online.<\/p>\n<h3>Co je Lemon Cherry Gelato online?<\/h3>\n<p>Lemon Cherry Gelato online ozna\u010duje dostupnost t\u00e9to odr\u016fdy prost\u0159ednictv\u00edm licencovan\u00fdch online v\u00fddejen nebo regulovan\u00fdch webov\u00fdch str\u00e1nek s maloobchodn\u00edm prodejem konop\u00ed. M\u00edsto n\u00e1v\u0161t\u011bvy kamenn\u00e9 prodejny si z\u00e1kazn\u00edci mohou prohl\u00e9dnout podrobn\u00e9 popisy produkt\u016f, porovnat \u00farovn\u011b \u00fa\u010dinnosti a vyhodnotit Lemon Cherry Gelato k prodeji z zabezpe\u010den\u00e9 digit\u00e1ln\u00ed platformy. Fr\u00e1ze \u201eKoupit Lemon Cherry Gelato online\u201c zd\u016fraz\u0148uje pohodl\u00ed a diskr\u00e9tnost online objedn\u00e1v\u00e1n\u00ed, pokud m\u00edstn\u00ed p\u0159edpisy takov\u00e9 transakce umo\u017e\u0148uj\u00ed.<\/p>\n<p>Online prodejci obvykle poskytuj\u00ed procenta kanabinoid\u016f, terpenov\u00e9 profily, form\u00e1ty balen\u00ed a n\u011bkdy i podrobnosti o laboratorn\u00edch testech. P\u0159i hled\u00e1n\u00ed nejlep\u0161\u00edho m\u00edsta pro n\u00e1kup Lemon Cherry Gelato online z\u00e1kazn\u00edci \u010dasto up\u0159ednost\u0148uj\u00ed transparentnost, bezpe\u010dn\u00e9 platebn\u00ed syst\u00e9my a dodr\u017eov\u00e1n\u00ed platn\u00fdch z\u00e1kon\u016f o konop\u00ed.<\/p>\n<h3>Nejlep\u0161\u00ed vyu\u017eit\u00ed a v\u00fdhody Lemon Cherry Gelato<\/h3>\n<p>Lemon Cherry Gelato je \u010dasto spojov\u00e1no s vyv\u00e1\u017een\u00fdm hybridn\u00edm z\u00e1\u017eitkem, kter\u00fd m\u016f\u017ee za\u010d\u00edt jemn\u00fdm povznesen\u00edm n\u00e1lady, po kter\u00e9m n\u00e1sleduj\u00ed uklid\u0148uj\u00edc\u00ed fyzick\u00e9 pocity. Mnoho u\u017eivatel\u016f oce\u0148uje jeho chutnou v\u016fni a hladk\u00fd profil. D\u00edky sv\u00e9 hybridn\u00ed povaze m\u016f\u017ee b\u00fdt vhodn\u00e1 pro soci\u00e1ln\u00ed interakci, kreativn\u00ed aktivity nebo relaxaci v z\u00e1vislosti na d\u00e1vkov\u00e1n\u00ed a toleranci.<\/p>\n<p>Stejn\u011b jako u v\u0161ech konopn\u00fdch produkt\u016f se individu\u00e1ln\u00ed zku\u0161enosti mohou li\u0161it. Zodpov\u011bdn\u00e9 u\u017e\u00edv\u00e1n\u00ed je nezbytn\u00e9 p\u0159i online objedn\u00e1vce Lemon Cherry Gelato, zejm\u00e9na p\u0159i v\u00fdb\u011bru mo\u017enost\u00ed s vy\u0161\u0161\u00ed \u00fa\u010dinnost\u00ed. Pochopen\u00ed va\u0161\u00ed \u00farovn\u011b tolerance a pe\u010dliv\u00e9 prostudov\u00e1n\u00ed podrobnost\u00ed o produktu v\u00e1m m\u016f\u017ee pomoci zajistit p\u0159edv\u00eddateln\u011bj\u0161\u00ed z\u00e1\u017eitek.<\/p>\n<h3>Pro\u010d si koupit Lemon Cherry Gelato online na koupitmarihuanu.com?<\/h3>\n<p>N\u00e1kup Lemon Cherry Gelato online na <a href=\"https:\/\/koupitmarihuanu.com\/fi\/\">koupitmarihuanu.com<\/a> nab\u00edz\u00ed z\u00e1kazn\u00edk\u016fm pohodln\u00fd zp\u016fsob, jak z\u00edskat p\u0159\u00edstup k konopn\u00fdm produkt\u016fm specifick\u00fdm pro danou odr\u016fdu, pokud je to leg\u00e1ln\u011b povoleno. Mnoho kupuj\u00edc\u00edch hled\u00e1 nejlep\u0161\u00ed m\u00edsto pro online n\u00e1kup Lemon Cherry Gelato, aby si zajistili p\u0159esn\u00e9 popisy produkt\u016f a spolehliv\u00fd z\u00e1kaznick\u00fd servis.<\/p>\n<p>P\u0159ed rozhodnut\u00edm koupit Lemon Cherry Gelato online z\u00e1kazn\u00edci \u010dasto zva\u017euj\u00ed d\u016fv\u011bryhodnost webov\u00fdch str\u00e1nek, konkurenceschopn\u00e9 ceny a dodr\u017eov\u00e1n\u00ed m\u00edstn\u00edch p\u0159edpis\u016f t\u00fdkaj\u00edc\u00edch se konop\u00ed. Pokud v\u00e1s zaj\u00edm\u00e1, kde koupit Lemon Cherry Gelato, je p\u0159ed dokon\u010den\u00edm jak\u00e9hokoli n\u00e1kupu nezbytn\u00e9 ov\u011b\u0159it, zda prodejce p\u016fsob\u00ed v souladu s pr\u00e1vn\u00edm r\u00e1mcem va\u0161eho regionu.<\/p>\n<h3>Jak si u n\u00e1s objednat citronovo-t\u0159e\u0161\u0148ovou zmrzlinu online<\/h3>\n<p>Chce-li si z\u00e1kazn\u00edci objednat citronovo-t\u0159e\u0161\u0148ovou zmrzlinu online, obvykle nav\u0161t\u00edv\u00ed webov\u00e9 str\u00e1nky, prohl\u00e9dnou si dostupn\u00e9 nab\u00eddky a vyberou preferovan\u00fd produkt. Po <a href=\"https:\/\/en.wikipedia.org\/wiki\/Gelato\">p\u0159id\u00e1n\u00ed polo\u017eky<\/a> do ko\u0161\u00edku pokra\u010duj\u00ed k pokladn\u011b, poskytnou pot\u0159ebn\u00e9 informace a dokon\u010d\u00ed platbu schv\u00e1len\u00fdmi metodami.<\/p>\n<p>V z\u00e1vislosti na region\u00e1ln\u00edch z\u00e1konech m\u016f\u017ee b\u00fdt p\u0159ed \u00fasp\u011b\u0161nou online objedn\u00e1vkou citronovo-t\u0159e\u0161\u0148ov\u00e9 zmrzliny vy\u017eadov\u00e1no ov\u011b\u0159en\u00ed v\u011bku nebo toto\u017enosti. Po potvrzen\u00ed jsou poskytnuty dodac\u00ed lh\u016fty a podrobnosti o doru\u010den\u00ed. Z\u00e1kazn\u00edci by si m\u011bli p\u0159ed n\u00e1kupem jak\u00e9koli citronovo-t\u0159e\u0161\u0148ov\u00e9 zmrzliny online pe\u010dliv\u011b prostudovat z\u00e1sady obchodu.<\/p>","protected":false},"excerpt":{"rendered":"<p>Kupte si citronov\u011b-t\u0159e\u0161\u0148ovou zmrzlinu online Koupit citronovo-t\u0159e\u0161\u0148ovou zmrzlinu online ozna\u010duje proces n\u00e1kupu produkt\u016f z\u00edskan\u00fdch z citronovo-t\u0159e\u0161\u0148ov\u00e9 zmrzliny prost\u0159ednictv\u00edm internetov\u00fdch platforem, kde je prodej konop\u00ed pr\u00e1vn\u011b regulov\u00e1n. Tuto fr\u00e1zi b\u011b\u017en\u011b pou\u017e\u00edvaj\u00ed jednotlivci, kte\u0159\u00ed p\u0159ed n\u00e1kupem zkoumaj\u00ed pravost produktu, terpenov\u00fd profil, \u00farove\u0148 \u00fa\u010dinnosti a cenu citronovo-t\u0159e\u0161\u0148ov\u00e9 zmrzliny. Mnoho spot\u0159ebitel\u016f vyhled\u00e1v\u00e1 v\u00fdrazy jako Koupit citronovo-t\u0159e\u0161\u0148ovou zmrzlinu online nebo [&hellip;]<\/p>\n","protected":false},"featured_media":1222,"comment_status":"open","ping_status":"closed","template":"","meta":{"site-sidebar-layout":"default","site-content-layout":"","ast-site-content-layout":"default","site-content-style":"default","site-sidebar-style":"default","ast-global-header-display":"","ast-banner-title-visibility":"","ast-main-header-display":"","ast-hfb-above-header-display":"","ast-hfb-below-header-display":"","ast-hfb-mobile-header-display":"","site-post-title":"","ast-breadcrumbs-content":"","ast-featured-img":"","footer-sml-layout":"","ast-disable-related-posts":"","theme-transparent-header-meta":"default","adv-header-id-meta":"","stick-header-meta":"default","header-above-stick-meta":"","header-main-stick-meta":"","header-below-stick-meta":"","astra-migrate-meta-layouts":"set","ast-page-background-enabled":"default","ast-page-background-meta":{"desktop":{"background-color":"var(--ast-global-color-4)","background-image":"","background-repeat":"repeat","background-position":"center center","background-size":"auto","background-attachment":"scroll","background-type":"","background-media":"","overlay-type":"","overlay-color":"","overlay-opacity":"","overlay-gradient":""},"tablet":{"background-color":"","background-image":"","background-repeat":"repeat","background-position":"center center","background-size":"auto","background-attachment":"scroll","background-type":"","background-media":"","overlay-type":"","overlay-color":"","overlay-opacity":"","overlay-gradient":""},"mobile":{"background-color":"","background-image":"","background-repeat":"repeat","background-position":"center center","background-size":"auto","background-attachment":"scroll","background-type":"","background-media":"","overlay-type":"","overlay-color":"","overlay-opacity":"","overlay-gradient":""}},"ast-content-background-meta":{"desktop":{"background-color":"var(--ast-global-color-5)","background-image":"","background-repeat":"repeat","background-position":"center center","background-size":"auto","background-attachment":"scroll","background-type":"","background-media":"","overlay-type":"","overlay-color":"","overlay-opacity":"","overlay-gradient":""},"tablet":{"background-color":"var(--ast-global-color-5)","background-image":"","background-repeat":"repeat","background-position":"center center","background-size":"auto","background-attachment":"scroll","background-type":"","background-media":"","overlay-type":"","overlay-color":"","overlay-opacity":"","overlay-gradient":""},"mobile":{"background-color":"var(--ast-global-color-5)","background-image":"","background-repeat":"repeat","background-position":"center center","background-size":"auto","background-attachment":"scroll","background-type":"","background-media":"","overlay-type":"","overlay-color":"","overlay-opacity":"","overlay-gradient":""}},"_joinchat":[]},"product_brand":[],"product_cat":[17],"product_tag":[],"class_list":{"0":"post-25","1":"product","2":"type-product","3":"status-publish","4":"has-post-thumbnail","6":"product_cat-marihuana","7":"desktop-align-left","8":"tablet-align-left","9":"mobile-align-left","10":"ast-product-gallery-layout-horizontal-slider","11":"ast-product-gallery-with-no-image","12":"ast-product-single-variable","13":"ast-product-tabs-layout-horizontal","15":"first","16":"instock","17":"shipping-taxable","18":"purchasable","19":"product-type-variable"},"yoast_head":"<!-- This site is optimized with the Yoast SEO plugin v22.6 - https:\/\/yoast.com\/wordpress\/plugins\/seo\/ -->\n<title>Kupte si Lemon Cherry Gelato online \u2013 Lemon Cherry Gelato na prodej<\/title>\n<meta name=\"description\" content=\"Kde koupit Lemon Cherry Gelato online za nejlep\u0161\u00ed cenu? Najd\u011bte vysoce kvalitn\u00ed gelato s citronovou t\u0159e\u0161n\u00ed na prodej v na\u0161em zabezpe\u010den\u00e9m internetov\u00e9m obchod\u011b, kter\u00fd spl\u0148uje va\u0161e po\u017eadavky na pr\u016fzkum. Objednejte nyn\u00ed!\" \/>\n<meta name=\"robots\" content=\"index, follow, max-snippet:-1, max-image-preview:large, max-video-preview:-1\" \/>\n<link rel=\"canonical\" href=\"https:\/\/koupitmarihuanu.com\/fi\/tuote\/sitruuna-kirsikka-geelato\/\" \/>\n<meta property=\"og:locale\" content=\"fi_FI\" \/>\n<meta property=\"og:type\" content=\"article\" \/>\n<meta property=\"og:title\" content=\"Kupte si Lemon Cherry Gelato online \u2013 Lemon Cherry Gelato na prodej\" \/>\n<meta property=\"og:description\" content=\"Kde koupit Lemon Cherry Gelato online za nejlep\u0161\u00ed cenu? Najd\u011bte vysoce kvalitn\u00ed gelato s citronovou t\u0159e\u0161n\u00ed na prodej v na\u0161em zabezpe\u010den\u00e9m internetov\u00e9m obchod\u011b, kter\u00fd spl\u0148uje va\u0161e po\u017eadavky na pr\u016fzkum. Objednejte nyn\u00ed!\" \/>\n<meta property=\"og:url\" content=\"https:\/\/koupitmarihuanu.com\/fi\/tuote\/sitruuna-kirsikka-geelato\/\" \/>\n<meta property=\"og:site_name\" content=\"Koupit Marihuanu\" \/>\n<meta property=\"article:modified_time\" content=\"2026-02-18T13:00:21+00:00\" \/>\n<meta property=\"og:image\" content=\"https:\/\/koupitmarihuanu.com\/wp-content\/uploads\/2023\/12\/LEMON-CHERRY-GELATO.jpg\" \/>\n\t<meta property=\"og:image:width\" content=\"600\" \/>\n\t<meta property=\"og:image:height\" content=\"600\" \/>\n\t<meta property=\"og:image:type\" content=\"image\/jpeg\" \/>\n<meta name=\"twitter:card\" content=\"summary_large_image\" \/>\n<meta name=\"twitter:label1\" content=\"Arvioitu lukuaika\" \/>\n\t<meta name=\"twitter:data1\" content=\"3 minuuttia\" \/>\n<script type=\"application\/ld+json\" class=\"yoast-schema-graph\">{\"@context\":\"https:\/\/schema.org\",\"@graph\":[{\"@type\":\"WebPage\",\"@id\":\"https:\/\/koupitmarihuanu.com\/produkt\/lemon-cherry-gelato\/\",\"url\":\"https:\/\/koupitmarihuanu.com\/produkt\/lemon-cherry-gelato\/\",\"name\":\"Kupte si Lemon Cherry Gelato online \u2013 Lemon Cherry Gelato na prodej\",\"isPartOf\":{\"@id\":\"https:\/\/koupitmarihuanu.com\/#website\"},\"primaryImageOfPage\":{\"@id\":\"https:\/\/koupitmarihuanu.com\/produkt\/lemon-cherry-gelato\/#primaryimage\"},\"image\":{\"@id\":\"https:\/\/koupitmarihuanu.com\/produkt\/lemon-cherry-gelato\/#primaryimage\"},\"thumbnailUrl\":\"https:\/\/koupitmarihuanu.com\/wp-content\/uploads\/2023\/12\/LEMON-CHERRY-GELATO.jpg\",\"datePublished\":\"2023-12-26T07:28:54+00:00\",\"dateModified\":\"2026-02-18T13:00:21+00:00\",\"description\":\"Kde koupit Lemon Cherry Gelato online za nejlep\u0161\u00ed cenu? Najd\u011bte vysoce kvalitn\u00ed gelato s citronovou t\u0159e\u0161n\u00ed na prodej v na\u0161em zabezpe\u010den\u00e9m internetov\u00e9m obchod\u011b, kter\u00fd spl\u0148uje va\u0161e po\u017eadavky na pr\u016fzkum. Objednejte nyn\u00ed!\",\"breadcrumb\":{\"@id\":\"https:\/\/koupitmarihuanu.com\/produkt\/lemon-cherry-gelato\/#breadcrumb\"},\"inLanguage\":\"fi\",\"potentialAction\":[{\"@type\":\"ReadAction\",\"target\":[\"https:\/\/koupitmarihuanu.com\/produkt\/lemon-cherry-gelato\/\"]}]},{\"@type\":\"ImageObject\",\"inLanguage\":\"fi\",\"@id\":\"https:\/\/koupitmarihuanu.com\/produkt\/lemon-cherry-gelato\/#primaryimage\",\"url\":\"https:\/\/koupitmarihuanu.com\/wp-content\/uploads\/2023\/12\/LEMON-CHERRY-GELATO.jpg\",\"contentUrl\":\"https:\/\/koupitmarihuanu.com\/wp-content\/uploads\/2023\/12\/LEMON-CHERRY-GELATO.jpg\",\"width\":600,\"height\":600,\"caption\":\"Koupit LEMON-CHERRY-GELATO Online\"},{\"@type\":\"BreadcrumbList\",\"@id\":\"https:\/\/koupitmarihuanu.com\/produkt\/lemon-cherry-gelato\/#breadcrumb\",\"itemListElement\":[{\"@type\":\"ListItem\",\"position\":1,\"name\":\"Home\",\"item\":\"https:\/\/koupitmarihuanu.com\/\"},{\"@type\":\"ListItem\",\"position\":2,\"name\":\"Prodejna\",\"item\":\"https:\/\/koupitmarihuanu.com\/prodejna\/\"},{\"@type\":\"ListItem\",\"position\":3,\"name\":\"Lemon Cherry Gelato\"}]},{\"@type\":\"WebSite\",\"@id\":\"https:\/\/koupitmarihuanu.com\/#website\",\"url\":\"https:\/\/koupitmarihuanu.com\/\",\"name\":\"Koupit Marihuanu\",\"description\":\"My WordPress Blog\",\"publisher\":{\"@id\":\"https:\/\/koupitmarihuanu.com\/#organization\"},\"potentialAction\":[{\"@type\":\"SearchAction\",\"target\":{\"@type\":\"EntryPoint\",\"urlTemplate\":\"https:\/\/koupitmarihuanu.com\/?s={search_term_string}\"},\"query-input\":\"required name=search_term_string\"}],\"inLanguage\":\"fi\"},{\"@type\":\"Organization\",\"@id\":\"https:\/\/koupitmarihuanu.com\/#organization\",\"name\":\"Koupit Marihuanu\",\"url\":\"https:\/\/koupitmarihuanu.com\/\",\"logo\":{\"@type\":\"ImageObject\",\"inLanguage\":\"fi\",\"@id\":\"https:\/\/koupitmarihuanu.com\/#\/schema\/logo\/image\/\",\"url\":\"https:\/\/koupitmarihuanu.com\/wp-content\/uploads\/2024\/01\/black-logo.png\",\"contentUrl\":\"https:\/\/koupitmarihuanu.com\/wp-content\/uploads\/2024\/01\/black-logo.png\",\"width\":300,\"height\":63,\"caption\":\"Koupit Marihuanu\"},\"image\":{\"@id\":\"https:\/\/koupitmarihuanu.com\/#\/schema\/logo\/image\/\"}}]}<\/script>\n<!-- \/ Yoast SEO plugin. -->","yoast_head_json":{"title":"Osta sitruunakirsikkagelato verkosta - myyt\u00e4v\u00e4n\u00e4 sitruunakirsikkagelato","description":"Mist\u00e4 ostaa High Potency Cartridge 500 mg verkossa parhaaseen hintaan? L\u00f6yd\u00e4 korkealaatuinen korkeatehoinen 500 mg patruuna myyt\u00e4v\u00e4n\u00e4 suojatusta verkkokaupastamme, joka t\u00e4ytt\u00e4\u00e4 tutkimustarpeesi. Tilaa nyt!","robots":{"index":"index","follow":"follow","max-snippet":"max-snippet:-1","max-image-preview":"max-image-preview:large","max-video-preview":"max-video-preview:-1"},"canonical":"https:\/\/koupitmarihuanu.com\/fi\/tuote\/sitruuna-kirsikka-geelato\/","og_locale":"fi_FI","og_type":"article","og_title":"Kupte si Lemon Cherry Gelato online \u2013 Lemon Cherry Gelato na prodej","og_description":"Kde koupit Lemon Cherry Gelato online za nejlep\u0161\u00ed cenu? Najd\u011bte vysoce kvalitn\u00ed gelato s citronovou t\u0159e\u0161n\u00ed na prodej v na\u0161em zabezpe\u010den\u00e9m internetov\u00e9m obchod\u011b, kter\u00fd spl\u0148uje va\u0161e po\u017eadavky na pr\u016fzkum. Objednejte nyn\u00ed!","og_url":"https:\/\/koupitmarihuanu.com\/fi\/tuote\/sitruuna-kirsikka-geelato\/","og_site_name":"Koupit Marihuanu","article_modified_time":"2026-02-18T13:00:21+00:00","og_image":[{"width":600,"height":600,"url":"https:\/\/koupitmarihuanu.com\/wp-content\/uploads\/2023\/12\/LEMON-CHERRY-GELATO.jpg","type":"image\/jpeg"}],"twitter_card":"summary_large_image","twitter_misc":{"Arvioitu lukuaika":"3 minuuttia"},"schema":{"@context":"https:\/\/schema.org","@graph":[{"@type":"WebPage","@id":"https:\/\/koupitmarihuanu.com\/produkt\/lemon-cherry-gelato\/","url":"https:\/\/koupitmarihuanu.com\/produkt\/lemon-cherry-gelato\/","name":"Osta sitruunakirsikkagelato verkosta - myyt\u00e4v\u00e4n\u00e4 sitruunakirsikkagelato","isPartOf":{"@id":"https:\/\/koupitmarihuanu.com\/#website"},"primaryImageOfPage":{"@id":"https:\/\/koupitmarihuanu.com\/produkt\/lemon-cherry-gelato\/#primaryimage"},"image":{"@id":"https:\/\/koupitmarihuanu.com\/produkt\/lemon-cherry-gelato\/#primaryimage"},"thumbnailUrl":"https:\/\/koupitmarihuanu.com\/wp-content\/uploads\/2023\/12\/LEMON-CHERRY-GELATO.jpg","datePublished":"2023-12-26T07:28:54+00:00","dateModified":"2026-02-18T13:00:21+00:00","description":"Mist\u00e4 ostaa High Potency Cartridge 500 mg verkossa parhaaseen hintaan? L\u00f6yd\u00e4 korkealaatuinen korkeatehoinen 500 mg patruuna myyt\u00e4v\u00e4n\u00e4 suojatusta verkkokaupastamme, joka t\u00e4ytt\u00e4\u00e4 tutkimustarpeesi. Tilaa nyt!","breadcrumb":{"@id":"https:\/\/koupitmarihuanu.com\/produkt\/lemon-cherry-gelato\/#breadcrumb"},"inLanguage":"fi","potentialAction":[{"@type":"ReadAction","target":["https:\/\/koupitmarihuanu.com\/produkt\/lemon-cherry-gelato\/"]}]},{"@type":"ImageObject","inLanguage":"fi","@id":"https:\/\/koupitmarihuanu.com\/produkt\/lemon-cherry-gelato\/#primaryimage","url":"https:\/\/koupitmarihuanu.com\/wp-content\/uploads\/2023\/12\/LEMON-CHERRY-GELATO.jpg","contentUrl":"https:\/\/koupitmarihuanu.com\/wp-content\/uploads\/2023\/12\/LEMON-CHERRY-GELATO.jpg","width":600,"height":600,"caption":"Koupit LEMON-CHERRY-GELATO Online"},{"@type":"BreadcrumbList","@id":"https:\/\/koupitmarihuanu.com\/produkt\/lemon-cherry-gelato\/#breadcrumb","itemListElement":[{"@type":"ListItem","position":1,"name":"Home","item":"https:\/\/koupitmarihuanu.com\/"},{"@type":"ListItem","position":2,"name":"Prodejna","item":"https:\/\/koupitmarihuanu.com\/prodejna\/"},{"@type":"ListItem","position":3,"name":"Lemon Cherry Gelato"}]},{"@type":"WebSite","@id":"https:\/\/koupitmarihuanu.com\/#website","url":"https:\/\/koupitmarihuanu.com\/","name":"Osta marihuanaa","description":"Minun WordPress blogi","publisher":{"@id":"https:\/\/koupitmarihuanu.com\/#organization"},"potentialAction":[{"@type":"SearchAction","target":{"@type":"EntryPoint","urlTemplate":"https:\/\/koupitmarihuanu.com\/?s={search_term_string}"},"query-input":"required name=search_term_string"}],"inLanguage":"fi"},{"@type":"Organization","@id":"https:\/\/koupitmarihuanu.com\/#organization","name":"Osta marihuanaa","url":"https:\/\/koupitmarihuanu.com\/","logo":{"@type":"ImageObject","inLanguage":"fi","@id":"https:\/\/koupitmarihuanu.com\/#\/schema\/logo\/image\/","url":"https:\/\/koupitmarihuanu.com\/wp-content\/uploads\/2024\/01\/black-logo.png","contentUrl":"https:\/\/koupitmarihuanu.com\/wp-content\/uploads\/2024\/01\/black-logo.png","width":300,"height":63,"caption":"Koupit Marihuanu"},"image":{"@id":"https:\/\/koupitmarihuanu.com\/#\/schema\/logo\/image\/"}}]}},"_links":{"self":[{"href":"https:\/\/koupitmarihuanu.com\/fi\/wp-json\/wp\/v2\/product\/25","targetHints":{"allow":["GET"]}}],"collection":[{"href":"https:\/\/koupitmarihuanu.com\/fi\/wp-json\/wp\/v2\/product"}],"about":[{"href":"https:\/\/koupitmarihuanu.com\/fi\/wp-json\/wp\/v2\/types\/product"}],"replies":[{"embeddable":true,"href":"https:\/\/koupitmarihuanu.com\/fi\/wp-json\/wp\/v2\/comments?post=25"}],"wp:featuredmedia":[{"embeddable":true,"href":"https:\/\/koupitmarihuanu.com\/fi\/wp-json\/wp\/v2\/media\/1222"}],"wp:attachment":[{"href":"https:\/\/koupitmarihuanu.com\/fi\/wp-json\/wp\/v2\/media?parent=25"}],"wp:term":[{"taxonomy":"product_brand","embeddable":true,"href":"https:\/\/koupitmarihuanu.com\/fi\/wp-json\/wp\/v2\/product_brand?post=25"},{"taxonomy":"product_cat","embeddable":true,"href":"https:\/\/koupitmarihuanu.com\/fi\/wp-json\/wp\/v2\/product_cat?post=25"},{"taxonomy":"product_tag","embeddable":true,"href":"https:\/\/koupitmarihuanu.com\/fi\/wp-json\/wp\/v2\/product_tag?post=25"}],"curies":[{"name":"wp","href":"https:\/\/api.w.org\/{rel}","templated":true}]}}