{"id":113,"date":"2023-12-26T07:29:06","date_gmt":"2023-12-26T07:29:06","guid":{"rendered":"https:\/\/cannasmed.com\/herbe\/?post_type=product&#038;p=113"},"modified":"2026-04-18T02:20:11","modified_gmt":"2026-04-18T02:20:11","slug":"alaskan-ice-hash","status":"publish","type":"product","link":"https:\/\/koupitmarihuanu.com\/fi\/produkt\/alaskan-ice-hash\/","title":{"rendered":"Kupte si alja\u0161sk\u00fd ledov\u00fd ha\u0161i\u0161 online"},"content":{"rendered":"<h2>Kupte si alja\u0161sk\u00fd ledov\u00fd ha\u0161i\u0161 online<\/h2>\n<h3>P\u0159ehled Alaskan Ice Hash<\/h3>\n<p>Hled\u00e1te \u0161pi\u010dkov\u00fd z\u00e1\u017eitek z konop\u00ed? Pozoruhodn\u00e1 \u010distota, hladk\u00e1 textura a siln\u00e9 \u00fa\u010dinky Alaskan Ice Hash jsou dob\u0159e zn\u00e1m\u00e9. Tento hash je ur\u010den pro n\u00e1ro\u010dn\u00e9 nad\u0161ence, kte\u0159\u00ed oce\u0148uj\u00ed tu nejvy\u0161\u0161\u00ed kvalitu d\u00edky sv\u00e9mu ledov\u00e9mu vzhledu a siln\u00fdm v\u016fn\u00edm. Tento produkt zaru\u010duje jedine\u010dn\u00fd z\u00e1\u017eitek bez ohledu na va\u0161i \u00farove\u0148 znalost\u00ed koncentr\u00e1t\u016f.<\/p>\n<h3>Alaskan Ice Hash: Co to je?<\/h3>\n<p>Koncentr\u00e1t konop\u00ed s n\u00e1zvem L&#8217;Alaskan Ice Hash je vyroben z krystalick\u00fdch trichom\u016f pe\u010dliv\u011b vybran\u00fdch odr\u016fd. Tato \u010dist\u00e1 prysky\u0159ice nab\u00edz\u00ed bezkonkuren\u010dn\u00ed \u010distotu, proto\u017ee si zachov\u00e1v\u00e1 v\u0161echny sv\u00e9 aktivn\u00ed slou\u010deniny (kanabinoidy) a v\u016fn\u011b (terpeny) d\u00edky extrakci studenou vodou. Jeho evokativn\u00ed n\u00e1zev, <a href=\"https:\/\/koupitmarihuanu.com\/fi\/\">Alaskan Ice<\/a>, poch\u00e1z\u00ed z jeho b\u00edl\u00e9ho, zimn\u00edho vzhledu.<\/p>\n<h3>Typick\u00e9 pou\u017eit\u00ed a v\u00fdsledky<\/h3>\n<p>Alaskan Ice Hash je cen\u011bn pro to, \u017ee poskytuje ide\u00e1ln\u00ed pom\u011br fyzick\u00e9 relaxace a du\u0161evn\u00ed bla\u017eenosti. Obvykle poskytuje:<\/p>\n<ul>\n<li>Ment\u00e1ln\u00ed vliv, kter\u00fd je z\u00e1rove\u0148 kreativn\u00ed a vzru\u0161uj\u00edc\u00ed<\/li>\n<li>Jemn\u00e9 uvoln\u011bn\u00ed sval\u016f<\/li>\n<li>Potenci\u00e1ln\u00ed zm\u00edrn\u011bn\u00ed nap\u011bt\u00ed a \u00fazkosti<\/li>\n<li>N\u011bkte\u0159\u00ed z\u00e1kazn\u00edci jej pou\u017e\u00edvaj\u00ed jako pom\u016fcku pro span\u00ed.<\/li>\n<\/ul>\n<p>Existuje n\u011bkolik zp\u016fsob\u016f, jak tento ha\u0161i\u0161 po\u017e\u00edt, v\u010detn\u011b jeho sp\u00e1len\u00ed, vaporizace nebo pou\u017eit\u00ed p\u0159i p\u0159\u00edprav\u011b j\u00eddla.<\/p>\n<h3>Pr\u00e1vn\u00ed postaven\u00ed (z\u00e1vis\u00ed na regionu)<\/h3>\n<p>Ka\u017ed\u00e1 zem\u011b a \u00fazem\u00ed m\u00e1 jin\u00fd pr\u00e1vn\u00ed status pro Alaskan Ice Hash. Konopn\u00e9 koncentr\u00e1ty jsou v n\u011bkter\u00fdch st\u00e1tech st\u00e1le neleg\u00e1ln\u00ed, ale v jin\u00fdch leg\u00e1ln\u00ed. Abyste p\u0159ede\u0161li probl\u00e9m\u016fm, zjist\u011bte si p\u0159ed online objedn\u00e1vkou Alaskan Ice Hash m\u00edstn\u00ed z\u00e1kony.<\/p>\n<h3>Pro\u010d nakupovat Alaskan Ice Hash online?<\/h3>\n<p><a href=\"https:\/\/koupitmarihuanu.com\/fi\/tuote\/alaskan-ice-hash\/\">N\u00e1kup Alaskan Ice Hash online<\/a> v\u00e1m poskytuje p\u0159\u00edstup k \u0161irok\u00e9 \u0161k\u00e1le, kter\u00e1 je \u010dasto nedostupn\u00e1 ve fyzick\u00fdch prodejn\u00e1ch. Z pohodl\u00ed domova si m\u016f\u017eete vychutnat vynikaj\u00edc\u00ed variantu.<\/p>\n<ul>\n<li>Mnoho prodejc\u016f: M\u016f\u017eete jednodu\u0161e porovn\u00e1vat nab\u00eddky, ceny a u\u017eivatelsk\u00e9 recenze, proto\u017ee na internetu existuje mnoho webov\u00fdch str\u00e1nek, kter\u00e9 nab\u00edzej\u00ed Alaskan Ice Hash.<\/li>\n<li>Skryt\u00e1 doprava: V\u00e1\u017e\u00edme si soukrom\u00ed na\u0161ich z\u00e1kazn\u00edk\u016f. Renomovan\u00e9 platformy zaji\u0161\u0165uj\u00ed, aby va\u0161e objedn\u00e1vka dorazila s naprostou d\u016fv\u011brou, a poskytuj\u00ed diskr\u00e9tn\u00ed a bezpe\u010dn\u00e9 doru\u010den\u00ed.<\/li>\n<\/ul>\n<h3>P\u0159ijdete se pod\u00edvat na cenov\u011b dostupn\u00e9ho prodejce?<\/h3>\n<p>P\u0159i hled\u00e1n\u00ed nejlep\u0161\u00edho online prodejce Alaskan Ice Hash zva\u017ete n\u00e1sleduj\u00edc\u00ed:<\/p>\n<ul>\n<li>Cenov\u00e1 transparentnost Alaskan Ice Hash<\/li>\n<li>Kvalita popis\u016f produkt\u016f a potenci\u00e1ln\u00ed dostupnost laboratorn\u00edch test\u016f<\/li>\n<li>Jednozna\u010dn\u00e9 pokyny pro vr\u00e1cen\u00ed a dopravu<\/li>\n<li>Doba odezvy z\u00e1kaznick\u00e9ho servisu<\/li>\n<\/ul>\n<h3>Dodac\u00ed podm\u00ednky<\/h3>\n<p>Kvalitn\u00ed webov\u00e1 str\u00e1nka by m\u011bla poskytovat n\u00e1sleduj\u00edc\u00ed:<\/p>\n<ul>\n<li>Spravedliv\u00e9 dodac\u00ed lh\u016fty<\/li>\n<li>Mo\u017enosti sledov\u00e1n\u00ed<\/li>\n<li>Sliby v p\u0159\u00edpad\u011b neobdr\u017een\u00ed nebo ztr\u00e1ty<\/li>\n<li>Rizika a v\u011bci, na kter\u00e9 je t\u0159eba myslet<\/li>\n<\/ul>\n<h3>Zdravotn\u00ed rizika<\/h3>\n<p>Tento ha\u0161i\u0161 je stejn\u011b siln\u00fd jako jak\u00e1koli jin\u00e1 koncentrace konop\u00ed. Doporu\u010duje se, aby nov\u00ed u\u017eivatel\u00e9 za\u010dali s m\u00edrn\u00fdmi d\u00e1vkami, aby si mohli zm\u011b\u0159it svou toleranci. Vyh\u00fdbejte se pochybn\u00fdm prodejc\u016fm, kte\u0159\u00ed by mohli prod\u00e1vat kontaminovan\u00e9 nebo nekvalitn\u00ed zbo\u017e\u00ed.<\/p>\n<p>Online kupuj\u00edc\u00ed alja\u0161sk\u00e9ho ledov\u00e9ho ha\u0161i\u0161e si vyb\u00edraj\u00ed \u0161pi\u010dkov\u00fd z\u00e1\u017eitek, kter\u00fd spl\u0148uje o\u010dek\u00e1v\u00e1n\u00ed znalc\u016f. Tento ha\u0161i\u0161 vynik\u00e1 svou vynikaj\u00edc\u00ed chut\u00ed, vyv\u00e1\u017een\u00fdm \u00fa\u010dinkem a \u010distou texturou.<\/p>\n<h3>Nezapome\u0148te si ov\u011b\u0159it m\u00edstn\u00ed legislativu.<\/h3>\n<p>P\u0159ed n\u00e1kupem si ov\u011b\u0159te, zda je produkt ve va\u0161\u00ed oblasti leg\u00e1ln\u00ed. Nakupujte rozumn\u011b, vyberte si d\u016fv\u011bryhodn\u00e9ho prodejce a pou\u017e\u00edvejte produkt <a href=\"https:\/\/en.wikipedia.org\/wiki\/Hashish\">rozumn\u011b<\/a>.<\/p>","protected":false},"excerpt":{"rendered":"<p>Kupte si alja\u0161sk\u00fd ledov\u00fd ha\u0161i\u0161 online P\u0159ehled Alaskan Ice Hash Hled\u00e1te \u0161pi\u010dkov\u00fd z\u00e1\u017eitek z konop\u00ed? Pozoruhodn\u00e1 \u010distota, hladk\u00e1 textura a siln\u00e9 \u00fa\u010dinky Alaskan Ice Hash jsou dob\u0159e zn\u00e1m\u00e9. Tento hash je ur\u010den pro n\u00e1ro\u010dn\u00e9 nad\u0161ence, kte\u0159\u00ed oce\u0148uj\u00ed tu nejvy\u0161\u0161\u00ed kvalitu d\u00edky sv\u00e9mu ledov\u00e9mu vzhledu a siln\u00fdm v\u016fn\u00edm. Tento produkt zaru\u010duje jedine\u010dn\u00fd z\u00e1\u017eitek bez ohledu na [&hellip;]<\/p>\n","protected":false},"featured_media":1183,"comment_status":"open","ping_status":"closed","template":"","meta":{"site-sidebar-layout":"default","site-content-layout":"","ast-site-content-layout":"default","site-content-style":"default","site-sidebar-style":"default","ast-global-header-display":"","ast-banner-title-visibility":"","ast-main-header-display":"","ast-hfb-above-header-display":"","ast-hfb-below-header-display":"","ast-hfb-mobile-header-display":"","site-post-title":"","ast-breadcrumbs-content":"","ast-featured-img":"","footer-sml-layout":"","ast-disable-related-posts":"","theme-transparent-header-meta":"default","adv-header-id-meta":"","stick-header-meta":"default","header-above-stick-meta":"","header-main-stick-meta":"","header-below-stick-meta":"","astra-migrate-meta-layouts":"set","ast-page-background-enabled":"default","ast-page-background-meta":{"desktop":{"background-color":"var(--ast-global-color-4)","background-image":"","background-repeat":"repeat","background-position":"center center","background-size":"auto","background-attachment":"scroll","background-type":"","background-media":"","overlay-type":"","overlay-color":"","overlay-opacity":"","overlay-gradient":""},"tablet":{"background-color":"","background-image":"","background-repeat":"repeat","background-position":"center center","background-size":"auto","background-attachment":"scroll","background-type":"","background-media":"","overlay-type":"","overlay-color":"","overlay-opacity":"","overlay-gradient":""},"mobile":{"background-color":"","background-image":"","background-repeat":"repeat","background-position":"center center","background-size":"auto","background-attachment":"scroll","background-type":"","background-media":"","overlay-type":"","overlay-color":"","overlay-opacity":"","overlay-gradient":""}},"ast-content-background-meta":{"desktop":{"background-color":"var(--ast-global-color-5)","background-image":"","background-repeat":"repeat","background-position":"center center","background-size":"auto","background-attachment":"scroll","background-type":"","background-media":"","overlay-type":"","overlay-color":"","overlay-opacity":"","overlay-gradient":""},"tablet":{"background-color":"var(--ast-global-color-5)","background-image":"","background-repeat":"repeat","background-position":"center center","background-size":"auto","background-attachment":"scroll","background-type":"","background-media":"","overlay-type":"","overlay-color":"","overlay-opacity":"","overlay-gradient":""},"mobile":{"background-color":"var(--ast-global-color-5)","background-image":"","background-repeat":"repeat","background-position":"center center","background-size":"auto","background-attachment":"scroll","background-type":"","background-media":"","overlay-type":"","overlay-color":"","overlay-opacity":"","overlay-gradient":""}},"_joinchat":[]},"product_brand":[],"product_cat":[18],"product_tag":[],"class_list":{"0":"post-113","1":"product","2":"type-product","3":"status-publish","4":"has-post-thumbnail","6":"product_cat-hasis","7":"desktop-align-left","8":"tablet-align-left","9":"mobile-align-left","10":"ast-product-gallery-layout-horizontal-slider","11":"ast-product-gallery-with-no-image","12":"ast-product-single-variable","13":"ast-product-tabs-layout-horizontal","15":"first","16":"instock","17":"shipping-taxable","18":"purchasable","19":"product-type-variable"},"yoast_head":"<!-- This site is optimized with the Yoast SEO plugin v22.6 - https:\/\/yoast.com\/wordpress\/plugins\/seo\/ -->\n<title>Koupit Alja\u0161sk\u00fd ledov\u00fd hash online \u2013 Alja\u0161sk\u00fd ledov\u00fd hash na prodej<\/title>\n<meta name=\"description\" content=\"Pokud jste nevyzkou\u0161eli Alaskan Ice Hash z na\u0161eho obchodu, pak o hodn\u011b p\u0159ich\u00e1z\u00edte. Pom\u016f\u017eeme v\u00e1m koupit Alaskan Ice Hash online za n\u00edzk\u00e9 ceny. Z\u00edskejte Alaskan Ice Hash na prodej je\u0161t\u011b dnes!\" \/>\n<meta name=\"robots\" content=\"index, follow, max-snippet:-1, max-image-preview:large, max-video-preview:-1\" \/>\n<link rel=\"canonical\" href=\"https:\/\/koupitmarihuanu.com\/fi\/tuote\/alaskan-ice-hash\/\" \/>\n<meta property=\"og:locale\" content=\"fi_FI\" \/>\n<meta property=\"og:type\" content=\"article\" \/>\n<meta property=\"og:title\" content=\"Koupit Alja\u0161sk\u00fd ledov\u00fd hash online \u2013 Alja\u0161sk\u00fd ledov\u00fd hash na prodej\" \/>\n<meta property=\"og:description\" content=\"Pokud jste nevyzkou\u0161eli Alaskan Ice Hash z na\u0161eho obchodu, pak o hodn\u011b p\u0159ich\u00e1z\u00edte. Pom\u016f\u017eeme v\u00e1m koupit Alaskan Ice Hash online za n\u00edzk\u00e9 ceny. Z\u00edskejte Alaskan Ice Hash na prodej je\u0161t\u011b dnes!\" \/>\n<meta property=\"og:url\" content=\"https:\/\/koupitmarihuanu.com\/fi\/tuote\/alaskan-ice-hash\/\" \/>\n<meta property=\"og:site_name\" content=\"Koupit Marihuanu\" \/>\n<meta property=\"article:modified_time\" content=\"2026-04-18T02:20:11+00:00\" \/>\n<meta property=\"og:image\" content=\"https:\/\/koupitmarihuanu.com\/wp-content\/uploads\/2023\/12\/ALASKAN-ICE-HASH.jpg\" \/>\n\t<meta property=\"og:image:width\" content=\"600\" \/>\n\t<meta property=\"og:image:height\" content=\"600\" \/>\n\t<meta property=\"og:image:type\" content=\"image\/jpeg\" \/>\n<meta name=\"twitter:card\" content=\"summary_large_image\" \/>\n<meta name=\"twitter:label1\" content=\"Arvioitu lukuaika\" \/>\n\t<meta name=\"twitter:data1\" content=\"3 minuuttia\" \/>\n<script type=\"application\/ld+json\" class=\"yoast-schema-graph\">{\"@context\":\"https:\/\/schema.org\",\"@graph\":[{\"@type\":\"WebPage\",\"@id\":\"https:\/\/koupitmarihuanu.com\/produkt\/alaskan-ice-hash\/\",\"url\":\"https:\/\/koupitmarihuanu.com\/produkt\/alaskan-ice-hash\/\",\"name\":\"Koupit Alja\u0161sk\u00fd ledov\u00fd hash online \u2013 Alja\u0161sk\u00fd ledov\u00fd hash na prodej\",\"isPartOf\":{\"@id\":\"https:\/\/koupitmarihuanu.com\/#website\"},\"primaryImageOfPage\":{\"@id\":\"https:\/\/koupitmarihuanu.com\/produkt\/alaskan-ice-hash\/#primaryimage\"},\"image\":{\"@id\":\"https:\/\/koupitmarihuanu.com\/produkt\/alaskan-ice-hash\/#primaryimage\"},\"thumbnailUrl\":\"https:\/\/koupitmarihuanu.com\/wp-content\/uploads\/2023\/12\/ALASKAN-ICE-HASH.jpg\",\"datePublished\":\"2023-12-26T07:29:06+00:00\",\"dateModified\":\"2026-04-18T02:20:11+00:00\",\"description\":\"Pokud jste nevyzkou\u0161eli Alaskan Ice Hash z na\u0161eho obchodu, pak o hodn\u011b p\u0159ich\u00e1z\u00edte. Pom\u016f\u017eeme v\u00e1m koupit Alaskan Ice Hash online za n\u00edzk\u00e9 ceny. Z\u00edskejte Alaskan Ice Hash na prodej je\u0161t\u011b dnes!\",\"breadcrumb\":{\"@id\":\"https:\/\/koupitmarihuanu.com\/produkt\/alaskan-ice-hash\/#breadcrumb\"},\"inLanguage\":\"fi\",\"potentialAction\":[{\"@type\":\"ReadAction\",\"target\":[\"https:\/\/koupitmarihuanu.com\/produkt\/alaskan-ice-hash\/\"]}]},{\"@type\":\"ImageObject\",\"inLanguage\":\"fi\",\"@id\":\"https:\/\/koupitmarihuanu.com\/produkt\/alaskan-ice-hash\/#primaryimage\",\"url\":\"https:\/\/koupitmarihuanu.com\/wp-content\/uploads\/2023\/12\/ALASKAN-ICE-HASH.jpg\",\"contentUrl\":\"https:\/\/koupitmarihuanu.com\/wp-content\/uploads\/2023\/12\/ALASKAN-ICE-HASH.jpg\",\"width\":600,\"height\":600,\"caption\":\"Koupit ALASKAN-ICE-HASH Online\"},{\"@type\":\"BreadcrumbList\",\"@id\":\"https:\/\/koupitmarihuanu.com\/produkt\/alaskan-ice-hash\/#breadcrumb\",\"itemListElement\":[{\"@type\":\"ListItem\",\"position\":1,\"name\":\"Home\",\"item\":\"https:\/\/koupitmarihuanu.com\/\"},{\"@type\":\"ListItem\",\"position\":2,\"name\":\"Prodejna\",\"item\":\"https:\/\/koupitmarihuanu.com\/prodejna\/\"},{\"@type\":\"ListItem\",\"position\":3,\"name\":\"Kupte si alja\u0161sk\u00fd ledov\u00fd ha\u0161i\u0161 online\"}]},{\"@type\":\"WebSite\",\"@id\":\"https:\/\/koupitmarihuanu.com\/#website\",\"url\":\"https:\/\/koupitmarihuanu.com\/\",\"name\":\"Koupit Marihuanu\",\"description\":\"My WordPress Blog\",\"publisher\":{\"@id\":\"https:\/\/koupitmarihuanu.com\/#organization\"},\"potentialAction\":[{\"@type\":\"SearchAction\",\"target\":{\"@type\":\"EntryPoint\",\"urlTemplate\":\"https:\/\/koupitmarihuanu.com\/?s={search_term_string}\"},\"query-input\":\"required name=search_term_string\"}],\"inLanguage\":\"fi\"},{\"@type\":\"Organization\",\"@id\":\"https:\/\/koupitmarihuanu.com\/#organization\",\"name\":\"Koupit Marihuanu\",\"url\":\"https:\/\/koupitmarihuanu.com\/\",\"logo\":{\"@type\":\"ImageObject\",\"inLanguage\":\"fi\",\"@id\":\"https:\/\/koupitmarihuanu.com\/#\/schema\/logo\/image\/\",\"url\":\"https:\/\/koupitmarihuanu.com\/wp-content\/uploads\/2024\/01\/black-logo.png\",\"contentUrl\":\"https:\/\/koupitmarihuanu.com\/wp-content\/uploads\/2024\/01\/black-logo.png\",\"width\":300,\"height\":63,\"caption\":\"Koupit Marihuanu\"},\"image\":{\"@id\":\"https:\/\/koupitmarihuanu.com\/#\/schema\/logo\/image\/\"}}]}<\/script>\n<!-- \/ Yoast SEO plugin. -->","yoast_head_json":{"title":"Osta Alaskan Ice Hash verkosta - Alaskan Ice Hash myyt\u00e4v\u00e4n\u00e4","description":"Jos et ole kokeillut Alaskan Ice Hashia myym\u00e4l\u00e4st\u00e4mme, j\u00e4\u00e4t paitsi. Autamme sinua ostamaan Alaskan Ice Hash verkosta edullisin hinnoin. Hanki Alaskan Ice Hash myyntiin jo t\u00e4n\u00e4\u00e4n!","robots":{"index":"index","follow":"follow","max-snippet":"max-snippet:-1","max-image-preview":"max-image-preview:large","max-video-preview":"max-video-preview:-1"},"canonical":"https:\/\/koupitmarihuanu.com\/fi\/tuote\/alaskan-ice-hash\/","og_locale":"fi_FI","og_type":"article","og_title":"Koupit Alja\u0161sk\u00fd ledov\u00fd hash online \u2013 Alja\u0161sk\u00fd ledov\u00fd hash na prodej","og_description":"Pokud jste nevyzkou\u0161eli Alaskan Ice Hash z na\u0161eho obchodu, pak o hodn\u011b p\u0159ich\u00e1z\u00edte. Pom\u016f\u017eeme v\u00e1m koupit Alaskan Ice Hash online za n\u00edzk\u00e9 ceny. Z\u00edskejte Alaskan Ice Hash na prodej je\u0161t\u011b dnes!","og_url":"https:\/\/koupitmarihuanu.com\/fi\/tuote\/alaskan-ice-hash\/","og_site_name":"Koupit Marihuanu","article_modified_time":"2026-04-18T02:20:11+00:00","og_image":[{"width":600,"height":600,"url":"https:\/\/koupitmarihuanu.com\/wp-content\/uploads\/2023\/12\/ALASKAN-ICE-HASH.jpg","type":"image\/jpeg"}],"twitter_card":"summary_large_image","twitter_misc":{"Arvioitu lukuaika":"3 minuuttia"},"schema":{"@context":"https:\/\/schema.org","@graph":[{"@type":"WebPage","@id":"https:\/\/koupitmarihuanu.com\/produkt\/alaskan-ice-hash\/","url":"https:\/\/koupitmarihuanu.com\/produkt\/alaskan-ice-hash\/","name":"Osta Alaskan Ice Hash verkosta - Alaskan Ice Hash myyt\u00e4v\u00e4n\u00e4","isPartOf":{"@id":"https:\/\/koupitmarihuanu.com\/#website"},"primaryImageOfPage":{"@id":"https:\/\/koupitmarihuanu.com\/produkt\/alaskan-ice-hash\/#primaryimage"},"image":{"@id":"https:\/\/koupitmarihuanu.com\/produkt\/alaskan-ice-hash\/#primaryimage"},"thumbnailUrl":"https:\/\/koupitmarihuanu.com\/wp-content\/uploads\/2023\/12\/ALASKAN-ICE-HASH.jpg","datePublished":"2023-12-26T07:29:06+00:00","dateModified":"2026-04-18T02:20:11+00:00","description":"Jos et ole kokeillut Alaskan Ice Hashia myym\u00e4l\u00e4st\u00e4mme, j\u00e4\u00e4t paitsi. Autamme sinua ostamaan Alaskan Ice Hash verkosta edullisin hinnoin. Hanki Alaskan Ice Hash myyntiin jo t\u00e4n\u00e4\u00e4n!","breadcrumb":{"@id":"https:\/\/koupitmarihuanu.com\/produkt\/alaskan-ice-hash\/#breadcrumb"},"inLanguage":"fi","potentialAction":[{"@type":"ReadAction","target":["https:\/\/koupitmarihuanu.com\/produkt\/alaskan-ice-hash\/"]}]},{"@type":"ImageObject","inLanguage":"fi","@id":"https:\/\/koupitmarihuanu.com\/produkt\/alaskan-ice-hash\/#primaryimage","url":"https:\/\/koupitmarihuanu.com\/wp-content\/uploads\/2023\/12\/ALASKAN-ICE-HASH.jpg","contentUrl":"https:\/\/koupitmarihuanu.com\/wp-content\/uploads\/2023\/12\/ALASKAN-ICE-HASH.jpg","width":600,"height":600,"caption":"Koupit ALASKAN-ICE-HASH Online"},{"@type":"BreadcrumbList","@id":"https:\/\/koupitmarihuanu.com\/produkt\/alaskan-ice-hash\/#breadcrumb","itemListElement":[{"@type":"ListItem","position":1,"name":"Home","item":"https:\/\/koupitmarihuanu.com\/"},{"@type":"ListItem","position":2,"name":"Prodejna","item":"https:\/\/koupitmarihuanu.com\/prodejna\/"},{"@type":"ListItem","position":3,"name":"Kupte si alja\u0161sk\u00fd ledov\u00fd ha\u0161i\u0161 online"}]},{"@type":"WebSite","@id":"https:\/\/koupitmarihuanu.com\/#website","url":"https:\/\/koupitmarihuanu.com\/","name":"Osta marihuanaa","description":"Minun WordPress blogi","publisher":{"@id":"https:\/\/koupitmarihuanu.com\/#organization"},"potentialAction":[{"@type":"SearchAction","target":{"@type":"EntryPoint","urlTemplate":"https:\/\/koupitmarihuanu.com\/?s={search_term_string}"},"query-input":"required name=search_term_string"}],"inLanguage":"fi"},{"@type":"Organization","@id":"https:\/\/koupitmarihuanu.com\/#organization","name":"Osta marihuanaa","url":"https:\/\/koupitmarihuanu.com\/","logo":{"@type":"ImageObject","inLanguage":"fi","@id":"https:\/\/koupitmarihuanu.com\/#\/schema\/logo\/image\/","url":"https:\/\/koupitmarihuanu.com\/wp-content\/uploads\/2024\/01\/black-logo.png","contentUrl":"https:\/\/koupitmarihuanu.com\/wp-content\/uploads\/2024\/01\/black-logo.png","width":300,"height":63,"caption":"Koupit Marihuanu"},"image":{"@id":"https:\/\/koupitmarihuanu.com\/#\/schema\/logo\/image\/"}}]}},"_links":{"self":[{"href":"https:\/\/koupitmarihuanu.com\/fi\/wp-json\/wp\/v2\/product\/113","targetHints":{"allow":["GET"]}}],"collection":[{"href":"https:\/\/koupitmarihuanu.com\/fi\/wp-json\/wp\/v2\/product"}],"about":[{"href":"https:\/\/koupitmarihuanu.com\/fi\/wp-json\/wp\/v2\/types\/product"}],"replies":[{"embeddable":true,"href":"https:\/\/koupitmarihuanu.com\/fi\/wp-json\/wp\/v2\/comments?post=113"}],"wp:featuredmedia":[{"embeddable":true,"href":"https:\/\/koupitmarihuanu.com\/fi\/wp-json\/wp\/v2\/media\/1183"}],"wp:attachment":[{"href":"https:\/\/koupitmarihuanu.com\/fi\/wp-json\/wp\/v2\/media?parent=113"}],"wp:term":[{"taxonomy":"product_brand","embeddable":true,"href":"https:\/\/koupitmarihuanu.com\/fi\/wp-json\/wp\/v2\/product_brand?post=113"},{"taxonomy":"product_cat","embeddable":true,"href":"https:\/\/koupitmarihuanu.com\/fi\/wp-json\/wp\/v2\/product_cat?post=113"},{"taxonomy":"product_tag","embeddable":true,"href":"https:\/\/koupitmarihuanu.com\/fi\/wp-json\/wp\/v2\/product_tag?post=113"}],"curies":[{"name":"wp","href":"https:\/\/api.w.org\/{rel}","templated":true}]}}