{"id":27,"date":"2023-12-26T07:28:54","date_gmt":"2023-12-26T07:28:54","guid":{"rendered":"https:\/\/cannasmed.com\/herbe\/?post_type=product&#038;p=27"},"modified":"2026-02-18T13:00:02","modified_gmt":"2026-02-18T13:00:02","slug":"jack-skellington","status":"publish","type":"product","link":"https:\/\/koupitmarihuanu.com\/es\/produkt\/jack-skellington\/","title":{"rendered":"Jack Skellington"},"content":{"rendered":"<h2>Koupit Jack Skellington online<\/h2>\n<p><a href=\"https:\/\/koupitmarihuanu.com\/es\/producto\/jack-skellington\/\">Koupit Jack Skellington online<\/a> ozna\u010duje proces n\u00e1kupu produkt\u016f odvozen\u00fdch od odr\u016fdy Jack Skellington prost\u0159ednictv\u00edm internetov\u00fdch platforem, kde je prodej konop\u00ed pr\u00e1vn\u011b regulov\u00e1n. Tuto fr\u00e1zi b\u011b\u017en\u011b pou\u017e\u00edvaj\u00ed jednotlivci, kte\u0159\u00ed p\u0159ed n\u00e1kupem zkoumaj\u00ed vlastnosti odr\u016fdy, \u00farove\u0148 \u00fa\u010dinnosti, chu\u0165ov\u00fd profil a cenu odr\u016fdy Jack Skellington. Mnoho spot\u0159ebitel\u016f vyhled\u00e1v\u00e1 online pomoc\u00ed v\u00fdraz\u016f jako Koupit Jack Skellington online nebo Kde koupit Jack Skellington?, kdy\u017e porovn\u00e1vaj\u00ed licencovan\u00e9 v\u00fddejny a prohl\u00ed\u017eej\u00ed dostupn\u00e9 mo\u017enosti.<\/p>\n<p>Jack Skellington je obecn\u011b popisov\u00e1n jako vyv\u00e1\u017een\u00e1 hybridn\u00ed odr\u016fda zn\u00e1m\u00e1 pro svou v\u00fdraznou v\u016fni, \u010dasto kombinuj\u00edc\u00ed zemit\u00e9, citrusov\u00e9 a lehce sladk\u00e9 podt\u00f3ny. Jako hybrid je obvykle spojov\u00e1n se sm\u011bs\u00ed povzn\u00e1\u0161ej\u00edc\u00edch mozkov\u00fdch \u00fa\u010dink\u016f a m\u00edrn\u00e9 fyzick\u00e9 relaxace. Kdy\u017e z\u00e1kazn\u00edci hledaj\u00ed Jack Skellington na prodej, obvykle hledaj\u00ed autentick\u00e9, \u0159\u00e1dn\u011b ozna\u010den\u00e9 konopn\u00e9 produkty, kter\u00e9 si zachov\u00e1vaj\u00ed p\u016fvodn\u00ed terpenov\u00e9 a kanabinoidn\u00ed slo\u017een\u00ed odr\u016fdy.<\/p>\n<p>Produkty odvozen\u00e9 od Jack Skellington mohou obsahovat r\u016fzn\u00e9 hladiny THC a n\u011bkdy i CBD v z\u00e1vislosti na metod\u00e1ch p\u011bstov\u00e1n\u00ed a zpracov\u00e1n\u00ed. THC p\u0159isp\u00edv\u00e1 k psychoaktivn\u00edm \u00fa\u010dink\u016fm, zat\u00edmco CBD nen\u00ed omamn\u00e9 a \u010dasto je spojov\u00e1no s podp\u016frn\u00fdmi vlastnostmi. Proto\u017ee se \u00fa\u010dinnost m\u016f\u017ee li\u0161it mezi \u0161ar\u017eemi a prodejci, mnoho kupuj\u00edc\u00edch porovn\u00e1v\u00e1 obsah kanabinoid\u016f a hodnot\u00ed celkovou cenu odr\u016fdy Jack Skellington, ne\u017e se rozhodnou koupit Jack Skellington online.<\/p>\n<h3>Co je Jack Skellington online?<\/h3>\n<p>Jack Skellington online ozna\u010duje dostupnost t\u00e9to odr\u016fdy prost\u0159ednictv\u00edm licencovan\u00fdch online v\u00fddejen nebo regulovan\u00fdch webov\u00fdch str\u00e1nek s maloobchodn\u00edm prodejem konop\u00ed. M\u00edsto n\u00e1v\u0161t\u011bvy kamenn\u00e9 prodejny si z\u00e1kazn\u00edci mohou prohl\u00ed\u017eet seznamy produkt\u016f, \u010d\u00edst podrobn\u00e9 popisy a hodnotit Jack Skellington k prodeji z zabezpe\u010den\u00e9 digit\u00e1ln\u00ed platformy. Fr\u00e1ze \u201eKoupit Jack Skellington online\u201c zd\u016fraz\u0148uje pohodl\u00ed, dostupnost a diskr\u00e9tn\u00ed n\u00e1kup, pokud to z\u00e1kon dovoluje.<\/p>\n<p>Online platformy obvykle poskytuj\u00ed podrobnosti o produktu, jako jsou procenta kanabinoid\u016f, terpenov\u00e9 profily, form\u00e1ty balen\u00ed a n\u011bkdy i informace o laboratorn\u00edch testech. P\u0159i hled\u00e1n\u00ed nejlep\u0161\u00edho m\u00edsta pro online n\u00e1kup Jack Skellington z\u00e1kazn\u00edci \u010dasto up\u0159ednost\u0148uj\u00ed transparentnost, dodr\u017eov\u00e1n\u00ed p\u0159edpis\u016f a bezpe\u010dn\u00e9 zpracov\u00e1n\u00ed plateb.<\/p>\n<h3>Nejlep\u0161\u00ed vyu\u017eit\u00ed a v\u00fdhody Jack Skellington<\/h3>\n<p>Jack Skellington je \u010dasto spojov\u00e1n s vyv\u00e1\u017een\u00fdmi hybridn\u00edmi \u00fa\u010dinky. Mnoho u\u017eivatel\u016f popisuje po\u010d\u00e1te\u010dn\u00ed zlep\u0161en\u00ed n\u00e1lady n\u00e1sledovan\u00e9 jemn\u00fdm uklid\u0148uj\u00edc\u00edm pocitem. Tato kombinace ho m\u016f\u017ee \u010dinit vhodn\u00fdm pro spole\u010densk\u00e9 prost\u0159ed\u00ed, kreativn\u00ed \u00fakoly nebo relaxaci po ka\u017edodenn\u00edch aktivit\u00e1ch.<\/p>\n<p>N\u011bkte\u0159\u00ed jedinci oce\u0148uj\u00ed tuto odr\u016fdu pro jej\u00ed aromatick\u00fd profil a hladk\u00fd z\u00e1\u017eitek. Stejn\u011b jako u v\u0161ech konopn\u00fdch produkt\u016f se \u00fa\u010dinky mohou li\u0161it v z\u00e1vislosti na d\u00e1vkov\u00e1n\u00ed, toleranci a individu\u00e1ln\u00ed t\u011blesn\u00e9 chemii. Zodpov\u011bdn\u00e1 konzumace je d\u016fle\u017eit\u00e1 p\u0159i online objedn\u00e1vce Jacka Skellingtona, zejm\u00e9na p\u0159i v\u00fdb\u011bru produkt\u016f s vy\u0161\u0161\u00ed potenc\u00ed.<\/p>\n<h3>Pro\u010d koupit Jacka Skellingtona online na koupitmarihuanu.com?<\/h3>\n<p>N\u00e1kup Jacka Skellingtona online na <a href=\"https:\/\/koupitmarihuanu.com\/es\/\">koupitmarihuanu.com<\/a> poskytuje z\u00e1kazn\u00edk\u016fm efektivn\u00ed zp\u016fsob, jak z\u00edskat p\u0159\u00edstup k konopn\u00fdm produkt\u016fm specifick\u00fdm pro danou odr\u016fdu, pokud je to leg\u00e1ln\u011b povoleno. Mnoho kupuj\u00edc\u00edch hled\u00e1 nejlep\u0161\u00ed m\u00edsto pro online n\u00e1kup Jacka Skellingtona, aby si zajistili p\u0159esn\u00e9 popisy produkt\u016f a spolehliv\u00fd z\u00e1kaznick\u00fd servis.<\/p>\n<p>Ne\u017e se rozhodnou koupit Jacka Skellingtona online, z\u00e1kazn\u00edci \u010dasto zva\u017euj\u00ed faktory, jako jsou konkurenceschopn\u00e9 ceny, d\u016fv\u011bryhodnost webov\u00fdch str\u00e1nek, bezpe\u010dn\u00e9 transakce a jasn\u00e9 informace o z\u00e1sad\u00e1ch. Pokud v\u00e1s zaj\u00edm\u00e1, kde koupit Jacka Skellingtona, je nezbytn\u00e9 ov\u011b\u0159it, zda prodejce funguje v souladu s platn\u00fdmi p\u0159edpisy o konop\u00ed ve va\u0161em regionu.<\/p>\n<h3>Jak si u n\u00e1s objednat Jacka Skellingtona online<\/h3>\n<p>Chcete-li si objednat Jacka Skellingtona online, <a href=\"https:\/\/en.wikipedia.org\/wiki\/Jack_Skellington\">z\u00e1kazn\u00edci<\/a> obvykle nav\u0161t\u00edv\u00ed webov\u00e9 str\u00e1nky, prohl\u00e9dnou si dostupn\u00e9 seznamy produkt\u016f a vyberou po\u017eadovanou mo\u017enost. Po p\u0159id\u00e1n\u00ed polo\u017eky do ko\u0161\u00edku pokra\u010duj\u00ed k pokladn\u011b, zad\u00e1vaj\u00ed po\u017eadovan\u00e9 \u00fadaje a dokon\u010duj\u00ed platbu pomoc\u00ed akceptovan\u00fdch metod.<\/p>\n<p>V z\u00e1vislosti na m\u00edstn\u00edch z\u00e1konech m\u016f\u017ee b\u00fdt p\u0159ed \u00fasp\u011b\u0161nou online objedn\u00e1vkou produkt\u016f Jack Skellington vy\u017eadov\u00e1no ov\u011b\u0159en\u00ed v\u011bku nebo toto\u017enosti. Po potvrzen\u00ed jsou poskytnuty dodac\u00ed lh\u016fty a informace o doru\u010den\u00ed. Z\u00e1kazn\u00edci by si m\u011bli p\u0159ed n\u00e1kupem jak\u00e9hokoli produktu Jack Skellington online pe\u010dliv\u011b prostudovat v\u0161echny z\u00e1sady obchodu.<\/p>","protected":false},"excerpt":{"rendered":"<p>Koupit Jack Skellington online Koupit Jack Skellington online ozna\u010duje proces n\u00e1kupu produkt\u016f odvozen\u00fdch od odr\u016fdy Jack Skellington prost\u0159ednictv\u00edm internetov\u00fdch platforem, kde je prodej konop\u00ed pr\u00e1vn\u011b regulov\u00e1n. Tuto fr\u00e1zi b\u011b\u017en\u011b pou\u017e\u00edvaj\u00ed jednotlivci, kte\u0159\u00ed p\u0159ed n\u00e1kupem zkoumaj\u00ed vlastnosti odr\u016fdy, \u00farove\u0148 \u00fa\u010dinnosti, chu\u0165ov\u00fd profil a cenu odr\u016fdy Jack Skellington. Mnoho spot\u0159ebitel\u016f vyhled\u00e1v\u00e1 online pomoc\u00ed v\u00fdraz\u016f jako Koupit Jack [&hellip;]<\/p>\n","protected":false},"featured_media":1226,"comment_status":"open","ping_status":"closed","template":"","meta":{"site-sidebar-layout":"default","site-content-layout":"","ast-site-content-layout":"default","site-content-style":"default","site-sidebar-style":"default","ast-global-header-display":"","ast-banner-title-visibility":"","ast-main-header-display":"","ast-hfb-above-header-display":"","ast-hfb-below-header-display":"","ast-hfb-mobile-header-display":"","site-post-title":"","ast-breadcrumbs-content":"","ast-featured-img":"","footer-sml-layout":"","ast-disable-related-posts":"","theme-transparent-header-meta":"default","adv-header-id-meta":"","stick-header-meta":"default","header-above-stick-meta":"","header-main-stick-meta":"","header-below-stick-meta":"","astra-migrate-meta-layouts":"set","ast-page-background-enabled":"default","ast-page-background-meta":{"desktop":{"background-color":"var(--ast-global-color-4)","background-image":"","background-repeat":"repeat","background-position":"center center","background-size":"auto","background-attachment":"scroll","background-type":"","background-media":"","overlay-type":"","overlay-color":"","overlay-opacity":"","overlay-gradient":""},"tablet":{"background-color":"","background-image":"","background-repeat":"repeat","background-position":"center center","background-size":"auto","background-attachment":"scroll","background-type":"","background-media":"","overlay-type":"","overlay-color":"","overlay-opacity":"","overlay-gradient":""},"mobile":{"background-color":"","background-image":"","background-repeat":"repeat","background-position":"center center","background-size":"auto","background-attachment":"scroll","background-type":"","background-media":"","overlay-type":"","overlay-color":"","overlay-opacity":"","overlay-gradient":""}},"ast-content-background-meta":{"desktop":{"background-color":"var(--ast-global-color-5)","background-image":"","background-repeat":"repeat","background-position":"center center","background-size":"auto","background-attachment":"scroll","background-type":"","background-media":"","overlay-type":"","overlay-color":"","overlay-opacity":"","overlay-gradient":""},"tablet":{"background-color":"var(--ast-global-color-5)","background-image":"","background-repeat":"repeat","background-position":"center center","background-size":"auto","background-attachment":"scroll","background-type":"","background-media":"","overlay-type":"","overlay-color":"","overlay-opacity":"","overlay-gradient":""},"mobile":{"background-color":"var(--ast-global-color-5)","background-image":"","background-repeat":"repeat","background-position":"center center","background-size":"auto","background-attachment":"scroll","background-type":"","background-media":"","overlay-type":"","overlay-color":"","overlay-opacity":"","overlay-gradient":""}},"_joinchat":[]},"product_brand":[],"product_cat":[17],"product_tag":[],"class_list":{"0":"post-27","1":"product","2":"type-product","3":"status-publish","4":"has-post-thumbnail","6":"product_cat-marihuana","7":"desktop-align-left","8":"tablet-align-left","9":"mobile-align-left","10":"ast-product-gallery-layout-horizontal-slider","11":"ast-product-gallery-with-no-image","12":"ast-product-single-variable","13":"ast-product-tabs-layout-horizontal","15":"first","16":"instock","17":"shipping-taxable","18":"purchasable","19":"product-type-variable"},"yoast_head":"<!-- This site is optimized with the Yoast SEO plugin v22.6 - https:\/\/yoast.com\/wordpress\/plugins\/seo\/ -->\n<title>Koupit Jack Skellington online \u2013 Jack Skellington na prodej<\/title>\n<meta name=\"description\" content=\"Na na\u0161em KoupitMarihuanu m\u016f\u017eete z\u00edskat Jack Skellington na prodej za n\u00edzk\u00e9 ceny. Zde si m\u016f\u017eete koupit Jack Skellington online ve vysok\u00e9 kvalit\u011b z na\u0161eho obchodu nyn\u00ed s rychlou a bezpe\u010dnou p\u0159epravn\u00ed slu\u017ebou. Objednejte nyn\u00ed!\" \/>\n<meta name=\"robots\" content=\"index, follow, max-snippet:-1, max-image-preview:large, max-video-preview:-1\" \/>\n<link rel=\"canonical\" href=\"https:\/\/koupitmarihuanu.com\/es\/producto\/jack-skellington\/\" \/>\n<meta property=\"og:locale\" content=\"es_ES\" \/>\n<meta property=\"og:type\" content=\"article\" \/>\n<meta property=\"og:title\" content=\"Koupit Jack Skellington online \u2013 Jack Skellington na prodej\" \/>\n<meta property=\"og:description\" content=\"Na na\u0161em KoupitMarihuanu m\u016f\u017eete z\u00edskat Jack Skellington na prodej za n\u00edzk\u00e9 ceny. Zde si m\u016f\u017eete koupit Jack Skellington online ve vysok\u00e9 kvalit\u011b z na\u0161eho obchodu nyn\u00ed s rychlou a bezpe\u010dnou p\u0159epravn\u00ed slu\u017ebou. Objednejte nyn\u00ed!\" \/>\n<meta property=\"og:url\" content=\"https:\/\/koupitmarihuanu.com\/es\/producto\/jack-skellington\/\" \/>\n<meta property=\"og:site_name\" content=\"Koupit Marihuanu\" \/>\n<meta property=\"article:modified_time\" content=\"2026-02-18T13:00:02+00:00\" \/>\n<meta property=\"og:image\" content=\"https:\/\/koupitmarihuanu.com\/wp-content\/uploads\/2023\/12\/JACK-SKELLINGTON.jpg\" \/>\n\t<meta property=\"og:image:width\" content=\"600\" \/>\n\t<meta property=\"og:image:height\" content=\"600\" \/>\n\t<meta property=\"og:image:type\" content=\"image\/jpeg\" \/>\n<meta name=\"twitter:card\" content=\"summary_large_image\" \/>\n<meta name=\"twitter:label1\" content=\"Tiempo de lectura\" \/>\n\t<meta name=\"twitter:data1\" content=\"3 minutos\" \/>\n<script type=\"application\/ld+json\" class=\"yoast-schema-graph\">{\"@context\":\"https:\/\/schema.org\",\"@graph\":[{\"@type\":\"WebPage\",\"@id\":\"https:\/\/koupitmarihuanu.com\/produkt\/jack-skellington\/\",\"url\":\"https:\/\/koupitmarihuanu.com\/produkt\/jack-skellington\/\",\"name\":\"Koupit Jack Skellington online \u2013 Jack Skellington na prodej\",\"isPartOf\":{\"@id\":\"https:\/\/koupitmarihuanu.com\/#website\"},\"primaryImageOfPage\":{\"@id\":\"https:\/\/koupitmarihuanu.com\/produkt\/jack-skellington\/#primaryimage\"},\"image\":{\"@id\":\"https:\/\/koupitmarihuanu.com\/produkt\/jack-skellington\/#primaryimage\"},\"thumbnailUrl\":\"https:\/\/koupitmarihuanu.com\/wp-content\/uploads\/2023\/12\/JACK-SKELLINGTON.jpg\",\"datePublished\":\"2023-12-26T07:28:54+00:00\",\"dateModified\":\"2026-02-18T13:00:02+00:00\",\"description\":\"Na na\u0161em KoupitMarihuanu m\u016f\u017eete z\u00edskat Jack Skellington na prodej za n\u00edzk\u00e9 ceny. Zde si m\u016f\u017eete koupit Jack Skellington online ve vysok\u00e9 kvalit\u011b z na\u0161eho obchodu nyn\u00ed s rychlou a bezpe\u010dnou p\u0159epravn\u00ed slu\u017ebou. Objednejte nyn\u00ed!\",\"breadcrumb\":{\"@id\":\"https:\/\/koupitmarihuanu.com\/produkt\/jack-skellington\/#breadcrumb\"},\"inLanguage\":\"es\",\"potentialAction\":[{\"@type\":\"ReadAction\",\"target\":[\"https:\/\/koupitmarihuanu.com\/produkt\/jack-skellington\/\"]}]},{\"@type\":\"ImageObject\",\"inLanguage\":\"es\",\"@id\":\"https:\/\/koupitmarihuanu.com\/produkt\/jack-skellington\/#primaryimage\",\"url\":\"https:\/\/koupitmarihuanu.com\/wp-content\/uploads\/2023\/12\/JACK-SKELLINGTON.jpg\",\"contentUrl\":\"https:\/\/koupitmarihuanu.com\/wp-content\/uploads\/2023\/12\/JACK-SKELLINGTON.jpg\",\"width\":600,\"height\":600,\"caption\":\"Koupit JACK-SKELLINGTON Online\"},{\"@type\":\"BreadcrumbList\",\"@id\":\"https:\/\/koupitmarihuanu.com\/produkt\/jack-skellington\/#breadcrumb\",\"itemListElement\":[{\"@type\":\"ListItem\",\"position\":1,\"name\":\"Home\",\"item\":\"https:\/\/koupitmarihuanu.com\/\"},{\"@type\":\"ListItem\",\"position\":2,\"name\":\"Prodejna\",\"item\":\"https:\/\/koupitmarihuanu.com\/prodejna\/\"},{\"@type\":\"ListItem\",\"position\":3,\"name\":\"Jack Skellington\"}]},{\"@type\":\"WebSite\",\"@id\":\"https:\/\/koupitmarihuanu.com\/#website\",\"url\":\"https:\/\/koupitmarihuanu.com\/\",\"name\":\"Koupit Marihuanu\",\"description\":\"My WordPress Blog\",\"publisher\":{\"@id\":\"https:\/\/koupitmarihuanu.com\/#organization\"},\"potentialAction\":[{\"@type\":\"SearchAction\",\"target\":{\"@type\":\"EntryPoint\",\"urlTemplate\":\"https:\/\/koupitmarihuanu.com\/?s={search_term_string}\"},\"query-input\":\"required name=search_term_string\"}],\"inLanguage\":\"es\"},{\"@type\":\"Organization\",\"@id\":\"https:\/\/koupitmarihuanu.com\/#organization\",\"name\":\"Koupit Marihuanu\",\"url\":\"https:\/\/koupitmarihuanu.com\/\",\"logo\":{\"@type\":\"ImageObject\",\"inLanguage\":\"es\",\"@id\":\"https:\/\/koupitmarihuanu.com\/#\/schema\/logo\/image\/\",\"url\":\"https:\/\/koupitmarihuanu.com\/wp-content\/uploads\/2024\/01\/black-logo.png\",\"contentUrl\":\"https:\/\/koupitmarihuanu.com\/wp-content\/uploads\/2024\/01\/black-logo.png\",\"width\":300,\"height\":63,\"caption\":\"Koupit Marihuanu\"},\"image\":{\"@id\":\"https:\/\/koupitmarihuanu.com\/#\/schema\/logo\/image\/\"}}]}<\/script>\n<!-- \/ Yoast SEO plugin. -->","yoast_head_json":{"title":"Compre Jack Skellington en l\u00ednea - Jack Skellington en venta","description":"Puede conseguir Jack Skellington a la venta a precios bajos en nuestro BuyMarijuana. Aqu\u00ed puedes comprar Jack Skellington online en alta calidad desde nuestra tienda ahora con un servicio de env\u00edo r\u00e1pido y seguro. \u00a1Ordene ahora!","robots":{"index":"index","follow":"follow","max-snippet":"max-snippet:-1","max-image-preview":"max-image-preview:large","max-video-preview":"max-video-preview:-1"},"canonical":"https:\/\/koupitmarihuanu.com\/es\/producto\/jack-skellington\/","og_locale":"es_ES","og_type":"article","og_title":"Koupit Jack Skellington online \u2013 Jack Skellington na prodej","og_description":"Na na\u0161em KoupitMarihuanu m\u016f\u017eete z\u00edskat Jack Skellington na prodej za n\u00edzk\u00e9 ceny. Zde si m\u016f\u017eete koupit Jack Skellington online ve vysok\u00e9 kvalit\u011b z na\u0161eho obchodu nyn\u00ed s rychlou a bezpe\u010dnou p\u0159epravn\u00ed slu\u017ebou. Objednejte nyn\u00ed!","og_url":"https:\/\/koupitmarihuanu.com\/es\/producto\/jack-skellington\/","og_site_name":"Koupit Marihuanu","article_modified_time":"2026-02-18T13:00:02+00:00","og_image":[{"width":600,"height":600,"url":"https:\/\/koupitmarihuanu.com\/wp-content\/uploads\/2023\/12\/JACK-SKELLINGTON.jpg","type":"image\/jpeg"}],"twitter_card":"summary_large_image","twitter_misc":{"Tiempo de lectura":"3 minutos"},"schema":{"@context":"https:\/\/schema.org","@graph":[{"@type":"WebPage","@id":"https:\/\/koupitmarihuanu.com\/produkt\/jack-skellington\/","url":"https:\/\/koupitmarihuanu.com\/produkt\/jack-skellington\/","name":"Compre Jack Skellington en l\u00ednea - Jack Skellington en venta","isPartOf":{"@id":"https:\/\/koupitmarihuanu.com\/#website"},"primaryImageOfPage":{"@id":"https:\/\/koupitmarihuanu.com\/produkt\/jack-skellington\/#primaryimage"},"image":{"@id":"https:\/\/koupitmarihuanu.com\/produkt\/jack-skellington\/#primaryimage"},"thumbnailUrl":"https:\/\/koupitmarihuanu.com\/wp-content\/uploads\/2023\/12\/JACK-SKELLINGTON.jpg","datePublished":"2023-12-26T07:28:54+00:00","dateModified":"2026-02-18T13:00:02+00:00","description":"Puede conseguir Jack Skellington a la venta a precios bajos en nuestro BuyMarijuana. Aqu\u00ed puedes comprar Jack Skellington online en alta calidad desde nuestra tienda ahora con un servicio de env\u00edo r\u00e1pido y seguro. \u00a1Ordene ahora!","breadcrumb":{"@id":"https:\/\/koupitmarihuanu.com\/produkt\/jack-skellington\/#breadcrumb"},"inLanguage":"es","potentialAction":[{"@type":"ReadAction","target":["https:\/\/koupitmarihuanu.com\/produkt\/jack-skellington\/"]}]},{"@type":"ImageObject","inLanguage":"es","@id":"https:\/\/koupitmarihuanu.com\/produkt\/jack-skellington\/#primaryimage","url":"https:\/\/koupitmarihuanu.com\/wp-content\/uploads\/2023\/12\/JACK-SKELLINGTON.jpg","contentUrl":"https:\/\/koupitmarihuanu.com\/wp-content\/uploads\/2023\/12\/JACK-SKELLINGTON.jpg","width":600,"height":600,"caption":"Koupit JACK-SKELLINGTON Online"},{"@type":"BreadcrumbList","@id":"https:\/\/koupitmarihuanu.com\/produkt\/jack-skellington\/#breadcrumb","itemListElement":[{"@type":"ListItem","position":1,"name":"Home","item":"https:\/\/koupitmarihuanu.com\/"},{"@type":"ListItem","position":2,"name":"Prodejna","item":"https:\/\/koupitmarihuanu.com\/prodejna\/"},{"@type":"ListItem","position":3,"name":"Jack Skellington"}]},{"@type":"WebSite","@id":"https:\/\/koupitmarihuanu.com\/#website","url":"https:\/\/koupitmarihuanu.com\/","name":"Comprar marihuana","description":"Mi blog en WordPress","publisher":{"@id":"https:\/\/koupitmarihuanu.com\/#organization"},"potentialAction":[{"@type":"SearchAction","target":{"@type":"EntryPoint","urlTemplate":"https:\/\/koupitmarihuanu.com\/?s={search_term_string}"},"query-input":"required name=search_term_string"}],"inLanguage":"es"},{"@type":"Organization","@id":"https:\/\/koupitmarihuanu.com\/#organization","name":"Comprar marihuana","url":"https:\/\/koupitmarihuanu.com\/","logo":{"@type":"ImageObject","inLanguage":"es","@id":"https:\/\/koupitmarihuanu.com\/#\/schema\/logo\/image\/","url":"https:\/\/koupitmarihuanu.com\/wp-content\/uploads\/2024\/01\/black-logo.png","contentUrl":"https:\/\/koupitmarihuanu.com\/wp-content\/uploads\/2024\/01\/black-logo.png","width":300,"height":63,"caption":"Koupit Marihuanu"},"image":{"@id":"https:\/\/koupitmarihuanu.com\/#\/schema\/logo\/image\/"}}]}},"_links":{"self":[{"href":"https:\/\/koupitmarihuanu.com\/es\/wp-json\/wp\/v2\/product\/27","targetHints":{"allow":["GET"]}}],"collection":[{"href":"https:\/\/koupitmarihuanu.com\/es\/wp-json\/wp\/v2\/product"}],"about":[{"href":"https:\/\/koupitmarihuanu.com\/es\/wp-json\/wp\/v2\/types\/product"}],"replies":[{"embeddable":true,"href":"https:\/\/koupitmarihuanu.com\/es\/wp-json\/wp\/v2\/comments?post=27"}],"wp:featuredmedia":[{"embeddable":true,"href":"https:\/\/koupitmarihuanu.com\/es\/wp-json\/wp\/v2\/media\/1226"}],"wp:attachment":[{"href":"https:\/\/koupitmarihuanu.com\/es\/wp-json\/wp\/v2\/media?parent=27"}],"wp:term":[{"taxonomy":"product_brand","embeddable":true,"href":"https:\/\/koupitmarihuanu.com\/es\/wp-json\/wp\/v2\/product_brand?post=27"},{"taxonomy":"product_cat","embeddable":true,"href":"https:\/\/koupitmarihuanu.com\/es\/wp-json\/wp\/v2\/product_cat?post=27"},{"taxonomy":"product_tag","embeddable":true,"href":"https:\/\/koupitmarihuanu.com\/es\/wp-json\/wp\/v2\/product_tag?post=27"}],"curies":[{"name":"wp","href":"https:\/\/api.w.org\/{rel}","templated":true}]}}