{"id":20,"date":"2023-12-26T07:28:54","date_gmt":"2023-12-26T07:28:54","guid":{"rendered":"https:\/\/cannasmed.com\/herbe\/?post_type=product&#038;p=20"},"modified":"2026-02-18T11:29:25","modified_gmt":"2026-02-18T11:29:25","slug":"galletas-crema","status":"publish","type":"product","link":"https:\/\/koupitmarihuanu.com\/es\/produkt\/cookies-cream\/","title":{"rendered":"Galletas y nata"},"content":{"rendered":"<h2>Kupte si su\u0161enky a smetanu online<\/h2>\n<p>Koupit Cookies &amp; Cream online ozna\u010duje proces n\u00e1kupu produkt\u016f odvozen\u00fdch od odr\u016fdy Cookies and Cream prost\u0159ednictv\u00edm internetov\u00fdch platforem, kde je prodej konop\u00ed leg\u00e1ln\u011b povolen. Tuto fr\u00e1zi b\u011b\u017en\u011b pou\u017e\u00edvaj\u00ed jednotlivci, kte\u0159\u00ed p\u0159ed n\u00e1kupem zkoumaj\u00ed kvalitu produktu, chu\u0165ov\u00e9 vlastnosti, s\u00edlu kanabinoid\u016f a cenu Cookies &amp; Cream. Mnoho spot\u0159ebitel\u016f hled\u00e1 v\u00fdrazy jako Koupit Cookies &amp; Cream online nebo Kde koupit Cookies &amp; Cream?, kdy\u017e porovn\u00e1vaj\u00ed licencovan\u00e9 prodejce a zkoumaj\u00ed dostupn\u00e9 mo\u017enosti.<\/p>\n<p>Cookies &amp; Cream je zn\u00e1m\u00fd svou sladkou, dezertn\u00ed v\u016fn\u00ed, kter\u00e1 m\u00eds\u00ed kr\u00e9mov\u00e9 vanilkov\u00e9 t\u00f3ny s jemn\u00fdmi zemit\u00fdmi podt\u00f3ny. Jako hybridn\u00ed odr\u016fda je obvykle spojov\u00e1n s vyv\u00e1\u017een\u00fdm profilem, kter\u00fd m\u016f\u017ee kombinovat povzn\u00e1\u0161ej\u00edc\u00ed du\u0161evn\u00ed \u00fa\u010dinky s jemnou fyzickou relaxac\u00ed. Kdy\u017e lid\u00e9 hledaj\u00ed <a href=\"https:\/\/koupitmarihuanu.com\/es\/producto\/galletas-crema\/\">Cookies &amp; Cream na prodej<\/a>, obvykle hledaj\u00ed autentick\u00e9 konopn\u00e9 produkty, kter\u00e9 odr\u00e1\u017eej\u00ed charakteristick\u00e9 terpenov\u00e9 a kanabinoidn\u00ed slo\u017een\u00ed odr\u016fdy.<\/p>\n<p>Konopn\u00e9 produkty vyroben\u00e9 z Cookies &amp; Cream mohou obsahovat r\u016fzn\u00e9 hladiny THC a n\u011bkdy i CBD v z\u00e1vislosti na slo\u017een\u00ed. THC je zodpov\u011bdn\u00e9 za psychoaktivn\u00ed \u00fa\u010dinky, zat\u00edmco CBD nen\u00ed omamn\u00e9 a \u010dasto je spojov\u00e1no s podp\u016frn\u00fdmi vlastnostmi. Vzhledem k jeho popularit\u011b si mnoho z\u00e1kazn\u00edk\u016f p\u0159ed online n\u00e1kupem Cookies &amp; Cream prohl\u00ed\u017e\u00ed informace o \u00fa\u010dinnosti a porovn\u00e1v\u00e1 celkovou cenu v r\u016fzn\u00fdch prodejn\u00e1ch.<\/p>\n<h3>Co je Cookies &amp; Cream Online?<\/h3>\n<p>Cookies &amp; Cream Online ozna\u010duje dostupnost t\u00e9to odr\u016fdy prost\u0159ednictv\u00edm licencovan\u00fdch online prodejen nebo regulovan\u00fdch webov\u00fdch str\u00e1nek s maloobchodn\u00edm prodejem konop\u00ed. M\u00edsto n\u00e1v\u0161t\u011bvy fyzick\u00e9 prodejny si z\u00e1kazn\u00edci mohou prohl\u00ed\u017eet nab\u00eddky, \u010d\u00edst popisy produkt\u016f a hodnotit Cookies &amp; Cream k prodeji prost\u0159ednictv\u00edm zabezpe\u010den\u00e9 online platformy. Fr\u00e1ze \u201eKoupit Cookies &amp; Cream online\u201c zd\u016fraz\u0148uje pohodl\u00ed a diskr\u00e9tnost objedn\u00e1v\u00e1n\u00ed z domova, pokud m\u00edstn\u00ed z\u00e1kony takov\u00e9 transakce povoluj\u00ed.<\/p>\n<p>Online prodejci \u010dasto poskytuj\u00ed podrobn\u00e9 specifikace, v\u010detn\u011b procentu\u00e1ln\u00edho obsahu kanabinoid\u016f, terpenov\u00fdch profil\u016f, informac\u00ed o laboratorn\u00edch testech a podrobnost\u00ed o balen\u00ed. P\u0159i hled\u00e1n\u00ed nejlep\u0161\u00edho m\u00edsta pro online n\u00e1kup Cookies &amp; Cream z\u00e1kazn\u00edci obecn\u011b up\u0159ednost\u0148uj\u00ed transparentnost, bezpe\u010dn\u00e9 platebn\u00ed metody a dodr\u017eov\u00e1n\u00ed p\u0159edpis\u016f.<\/p>\n<h3>Nejlep\u0161\u00ed vyu\u017eit\u00ed a v\u00fdhody Cookies &amp; Cream<\/h3>\n<p>Cookies &amp; Cream se \u010dasto spojuje s hladk\u00fdm a vyv\u00e1\u017een\u00fdm z\u00e1\u017eitkem. Mnoho u\u017eivatel\u016f popisuje po\u010d\u00e1te\u010dn\u00ed pocit povznesen\u00ed nebo euforie, po kter\u00e9m n\u00e1sleduje uklid\u0148uj\u00edc\u00ed pocit t\u011bla. D\u00edky sv\u00e9 hybridn\u00ed povaze m\u016f\u017ee oslovit jednotlivce, kte\u0159\u00ed hledaj\u00ed relaxaci bez nadm\u011brn\u00e9 sedace.<\/p>\n<p>N\u011bkte\u0159\u00ed lid\u00e9 oce\u0148uj\u00ed Cookies &amp; Cream pro jeho chu\u0165ov\u00fd profil a aromatickou bohatost. Stejn\u011b jako u v\u0161ech konopn\u00fdch produkt\u016f se \u00fa\u010dinky mohou li\u0161it v z\u00e1vislosti na d\u00e1vkov\u00e1n\u00ed, toleranci a individu\u00e1ln\u00ed t\u011blesn\u00e9 chemii. Zodpov\u011bdn\u00e1 konzumace je d\u016fle\u017eit\u00e1 p\u0159i online objedn\u00e1vce Cookies &amp; Cream, zejm\u00e9na p\u0159i v\u00fdb\u011bru mo\u017enost\u00ed s vy\u0161\u0161\u00ed \u00fa\u010dinnost\u00ed.<\/p>\n<h3>Pro\u010d nakupovat Cookies &amp; Cream online na koupitmarihuanu.com?<\/h3>\n<p>N\u00e1kup Cookies &amp; Cream online na <a href=\"https:\/\/koupitmarihuanu.com\/es\/\">koupitmarihuanu.com<\/a> nab\u00edz\u00ed z\u00e1kazn\u00edk\u016fm efektivn\u00ed zp\u016fsob, jak z\u00edskat p\u0159\u00edstup k konopn\u00fdm produkt\u016fm specifick\u00fdm pro danou odr\u016fdu. Mnoho kupuj\u00edc\u00edch hled\u00e1 nejlep\u0161\u00ed m\u00edsto pro online n\u00e1kup Cookies &amp; Cream, aby si zajistili p\u0159esn\u00e9 popisy produkt\u016f a bezpe\u010dn\u00e9 transakce.<\/p>\n<p>Ne\u017e se rozhodnou koupit Cookies &amp; Cream online, z\u00e1kazn\u00edci \u010dasto hodnot\u00ed faktory, jako je z\u00e1kaznick\u00e1 podpora, konkurenceschopn\u00e9 ceny a d\u016fv\u011bryhodnost webov\u00fdch str\u00e1nek. Pokud v\u00e1s zaj\u00edm\u00e1, kde koupit Cookies &amp; Cream, je nezbytn\u00e9 ov\u011b\u0159it, zda prodejce p\u016fsob\u00ed v souladu s pr\u00e1vn\u00edm r\u00e1mcem platn\u00fdm ve va\u0161em regionu.<\/p>\n<h3>Jak si u n\u00e1s objednat Cookies &amp; Cream online<\/h3>\n<p>Chcete-li si Cookies &amp; Cream objednat online, z\u00e1kazn\u00edci obvykle nav\u0161t\u00edv\u00ed webov\u00e9 str\u00e1nky, <a href=\"https:\/\/en.wikipedia.org\/wiki\/Cookies_and_cream\">prohl\u00e9dnou<\/a> si dostupn\u00e9 nab\u00eddky a vyberou preferovan\u00fd produkt. Po p\u0159id\u00e1n\u00ed polo\u017eky do ko\u0161\u00edku pokra\u010duj\u00ed k pokladn\u011b, zadaj\u00ed po\u017eadovan\u00e9 informace a dokon\u010d\u00ed platbu schv\u00e1len\u00fdmi metodami.<\/p>\n<p>V z\u00e1vislosti na m\u00edstn\u00edch p\u0159edpisech m\u016f\u017ee b\u00fdt p\u0159ed \u00fasp\u011b\u0161nou online objedn\u00e1vkou Cookies &amp; Cream nutn\u00e9 ov\u011b\u0159it v\u011bk nebo toto\u017enost. Po potvrzen\u00ed v\u00e1m budou poskytnuty dodac\u00ed lh\u016fty a podrobnosti o doru\u010den\u00ed. Z\u00e1kazn\u00edci by si m\u011bli p\u0159ed n\u00e1kupem jak\u00fdchkoli Cookies &amp; Cream online pe\u010dliv\u011b prostudovat z\u00e1sady obchodu.<\/p>","protected":false},"excerpt":{"rendered":"<p>Kupte si su\u0161enky a smetanu online Koupit Cookies &amp; Cream online ozna\u010duje proces n\u00e1kupu produkt\u016f odvozen\u00fdch od odr\u016fdy Cookies and Cream prost\u0159ednictv\u00edm internetov\u00fdch platforem, kde je prodej konop\u00ed leg\u00e1ln\u011b povolen. Tuto fr\u00e1zi b\u011b\u017en\u011b pou\u017e\u00edvaj\u00ed jednotlivci, kte\u0159\u00ed p\u0159ed n\u00e1kupem zkoumaj\u00ed kvalitu produktu, chu\u0165ov\u00e9 vlastnosti, s\u00edlu kanabinoid\u016f a cenu Cookies &amp; Cream. Mnoho spot\u0159ebitel\u016f hled\u00e1 v\u00fdrazy jako [&hellip;]<\/p>\n","protected":false},"featured_media":1215,"comment_status":"open","ping_status":"closed","template":"","meta":{"site-sidebar-layout":"default","site-content-layout":"","ast-site-content-layout":"default","site-content-style":"default","site-sidebar-style":"default","ast-global-header-display":"","ast-banner-title-visibility":"","ast-main-header-display":"","ast-hfb-above-header-display":"","ast-hfb-below-header-display":"","ast-hfb-mobile-header-display":"","site-post-title":"","ast-breadcrumbs-content":"","ast-featured-img":"","footer-sml-layout":"","ast-disable-related-posts":"","theme-transparent-header-meta":"default","adv-header-id-meta":"","stick-header-meta":"default","header-above-stick-meta":"","header-main-stick-meta":"","header-below-stick-meta":"","astra-migrate-meta-layouts":"set","ast-page-background-enabled":"default","ast-page-background-meta":{"desktop":{"background-color":"var(--ast-global-color-4)","background-image":"","background-repeat":"repeat","background-position":"center center","background-size":"auto","background-attachment":"scroll","background-type":"","background-media":"","overlay-type":"","overlay-color":"","overlay-opacity":"","overlay-gradient":""},"tablet":{"background-color":"","background-image":"","background-repeat":"repeat","background-position":"center center","background-size":"auto","background-attachment":"scroll","background-type":"","background-media":"","overlay-type":"","overlay-color":"","overlay-opacity":"","overlay-gradient":""},"mobile":{"background-color":"","background-image":"","background-repeat":"repeat","background-position":"center center","background-size":"auto","background-attachment":"scroll","background-type":"","background-media":"","overlay-type":"","overlay-color":"","overlay-opacity":"","overlay-gradient":""}},"ast-content-background-meta":{"desktop":{"background-color":"var(--ast-global-color-5)","background-image":"","background-repeat":"repeat","background-position":"center center","background-size":"auto","background-attachment":"scroll","background-type":"","background-media":"","overlay-type":"","overlay-color":"","overlay-opacity":"","overlay-gradient":""},"tablet":{"background-color":"var(--ast-global-color-5)","background-image":"","background-repeat":"repeat","background-position":"center center","background-size":"auto","background-attachment":"scroll","background-type":"","background-media":"","overlay-type":"","overlay-color":"","overlay-opacity":"","overlay-gradient":""},"mobile":{"background-color":"var(--ast-global-color-5)","background-image":"","background-repeat":"repeat","background-position":"center center","background-size":"auto","background-attachment":"scroll","background-type":"","background-media":"","overlay-type":"","overlay-color":"","overlay-opacity":"","overlay-gradient":""}},"_joinchat":[]},"product_brand":[],"product_cat":[17],"product_tag":[],"class_list":{"0":"post-20","1":"product","2":"type-product","3":"status-publish","4":"has-post-thumbnail","6":"product_cat-marihuana","7":"desktop-align-left","8":"tablet-align-left","9":"mobile-align-left","10":"ast-product-gallery-layout-horizontal-slider","11":"ast-product-gallery-with-no-image","12":"ast-product-single-variable","13":"ast-product-tabs-layout-horizontal","15":"first","16":"instock","17":"shipping-taxable","18":"purchasable","19":"product-type-variable"},"yoast_head":"<!-- This site is optimized with the Yoast SEO plugin v22.6 - https:\/\/yoast.com\/wordpress\/plugins\/seo\/ -->\n<title>Kupte si Cookies &amp; Cream online \u2013 Cookies &amp; Cream na prodej<\/title>\n<meta name=\"description\" content=\"Najd\u011bte pr\u00e9miov\u00e9 Cookies &amp; Cream k prodeji v na\u0161em internetov\u00e9m obchod\u011b, kter\u00fd poskytuje bezpe\u010dnou platformu pro snadn\u00fd n\u00e1kup Cookies &amp; Cream online a uspokoj\u00ed va\u0161e pot\u0159eby v\u00fdzkumu.\" \/>\n<meta name=\"robots\" content=\"index, follow, max-snippet:-1, max-image-preview:large, max-video-preview:-1\" \/>\n<link rel=\"canonical\" href=\"https:\/\/koupitmarihuanu.com\/es\/producto\/galletas-crema\/\" \/>\n<meta property=\"og:locale\" content=\"es_ES\" \/>\n<meta property=\"og:type\" content=\"article\" \/>\n<meta property=\"og:title\" content=\"Kupte si Cookies &amp; Cream online \u2013 Cookies &amp; Cream na prodej\" \/>\n<meta property=\"og:description\" content=\"Najd\u011bte pr\u00e9miov\u00e9 Cookies &amp; Cream k prodeji v na\u0161em internetov\u00e9m obchod\u011b, kter\u00fd poskytuje bezpe\u010dnou platformu pro snadn\u00fd n\u00e1kup Cookies &amp; Cream online a uspokoj\u00ed va\u0161e pot\u0159eby v\u00fdzkumu.\" \/>\n<meta property=\"og:url\" content=\"https:\/\/koupitmarihuanu.com\/es\/producto\/galletas-crema\/\" \/>\n<meta property=\"og:site_name\" content=\"Koupit Marihuanu\" \/>\n<meta property=\"article:modified_time\" content=\"2026-02-18T11:29:25+00:00\" \/>\n<meta property=\"og:image\" content=\"https:\/\/koupitmarihuanu.com\/wp-content\/uploads\/2023\/12\/COOKIES-CREAM.jpg\" \/>\n\t<meta property=\"og:image:width\" content=\"600\" \/>\n\t<meta property=\"og:image:height\" content=\"600\" \/>\n\t<meta property=\"og:image:type\" content=\"image\/jpeg\" \/>\n<meta name=\"twitter:card\" content=\"summary_large_image\" \/>\n<meta name=\"twitter:label1\" content=\"Tiempo de lectura\" \/>\n\t<meta name=\"twitter:data1\" content=\"3 minutos\" \/>\n<script type=\"application\/ld+json\" class=\"yoast-schema-graph\">{\"@context\":\"https:\/\/schema.org\",\"@graph\":[{\"@type\":\"WebPage\",\"@id\":\"https:\/\/koupitmarihuanu.com\/produkt\/cookies-cream\/\",\"url\":\"https:\/\/koupitmarihuanu.com\/produkt\/cookies-cream\/\",\"name\":\"Kupte si Cookies & Cream online \u2013 Cookies & Cream na prodej\",\"isPartOf\":{\"@id\":\"https:\/\/koupitmarihuanu.com\/#website\"},\"primaryImageOfPage\":{\"@id\":\"https:\/\/koupitmarihuanu.com\/produkt\/cookies-cream\/#primaryimage\"},\"image\":{\"@id\":\"https:\/\/koupitmarihuanu.com\/produkt\/cookies-cream\/#primaryimage\"},\"thumbnailUrl\":\"https:\/\/koupitmarihuanu.com\/wp-content\/uploads\/2023\/12\/COOKIES-CREAM.jpg\",\"datePublished\":\"2023-12-26T07:28:54+00:00\",\"dateModified\":\"2026-02-18T11:29:25+00:00\",\"description\":\"Najd\u011bte pr\u00e9miov\u00e9 Cookies & Cream k prodeji v na\u0161em internetov\u00e9m obchod\u011b, kter\u00fd poskytuje bezpe\u010dnou platformu pro snadn\u00fd n\u00e1kup Cookies & Cream online a uspokoj\u00ed va\u0161e pot\u0159eby v\u00fdzkumu.\",\"breadcrumb\":{\"@id\":\"https:\/\/koupitmarihuanu.com\/produkt\/cookies-cream\/#breadcrumb\"},\"inLanguage\":\"es\",\"potentialAction\":[{\"@type\":\"ReadAction\",\"target\":[\"https:\/\/koupitmarihuanu.com\/produkt\/cookies-cream\/\"]}]},{\"@type\":\"ImageObject\",\"inLanguage\":\"es\",\"@id\":\"https:\/\/koupitmarihuanu.com\/produkt\/cookies-cream\/#primaryimage\",\"url\":\"https:\/\/koupitmarihuanu.com\/wp-content\/uploads\/2023\/12\/COOKIES-CREAM.jpg\",\"contentUrl\":\"https:\/\/koupitmarihuanu.com\/wp-content\/uploads\/2023\/12\/COOKIES-CREAM.jpg\",\"width\":600,\"height\":600,\"caption\":\"Koupit COOKIES-CREAM Online\"},{\"@type\":\"BreadcrumbList\",\"@id\":\"https:\/\/koupitmarihuanu.com\/produkt\/cookies-cream\/#breadcrumb\",\"itemListElement\":[{\"@type\":\"ListItem\",\"position\":1,\"name\":\"Home\",\"item\":\"https:\/\/koupitmarihuanu.com\/\"},{\"@type\":\"ListItem\",\"position\":2,\"name\":\"Prodejna\",\"item\":\"https:\/\/koupitmarihuanu.com\/prodejna\/\"},{\"@type\":\"ListItem\",\"position\":3,\"name\":\"Cookies &#038; Cream\"}]},{\"@type\":\"WebSite\",\"@id\":\"https:\/\/koupitmarihuanu.com\/#website\",\"url\":\"https:\/\/koupitmarihuanu.com\/\",\"name\":\"Koupit Marihuanu\",\"description\":\"My WordPress Blog\",\"publisher\":{\"@id\":\"https:\/\/koupitmarihuanu.com\/#organization\"},\"potentialAction\":[{\"@type\":\"SearchAction\",\"target\":{\"@type\":\"EntryPoint\",\"urlTemplate\":\"https:\/\/koupitmarihuanu.com\/?s={search_term_string}\"},\"query-input\":\"required name=search_term_string\"}],\"inLanguage\":\"es\"},{\"@type\":\"Organization\",\"@id\":\"https:\/\/koupitmarihuanu.com\/#organization\",\"name\":\"Koupit Marihuanu\",\"url\":\"https:\/\/koupitmarihuanu.com\/\",\"logo\":{\"@type\":\"ImageObject\",\"inLanguage\":\"es\",\"@id\":\"https:\/\/koupitmarihuanu.com\/#\/schema\/logo\/image\/\",\"url\":\"https:\/\/koupitmarihuanu.com\/wp-content\/uploads\/2024\/01\/black-logo.png\",\"contentUrl\":\"https:\/\/koupitmarihuanu.com\/wp-content\/uploads\/2024\/01\/black-logo.png\",\"width\":300,\"height\":63,\"caption\":\"Koupit Marihuanu\"},\"image\":{\"@id\":\"https:\/\/koupitmarihuanu.com\/#\/schema\/logo\/image\/\"}}]}<\/script>\n<!-- \/ Yoast SEO plugin. -->","yoast_head_json":{"title":"Comprar Galletas y Crema Online - Galletas y Crema a la Venta","description":"Encuentre Cookies &amp; Cream premium a la venta en nuestra tienda en l\u00ednea, que proporciona una plataforma segura para comprar Cookies &amp; Cream en l\u00ednea f\u00e1cilmente y satisfacer sus necesidades de investigaci\u00f3n.","robots":{"index":"index","follow":"follow","max-snippet":"max-snippet:-1","max-image-preview":"max-image-preview:large","max-video-preview":"max-video-preview:-1"},"canonical":"https:\/\/koupitmarihuanu.com\/es\/producto\/galletas-crema\/","og_locale":"es_ES","og_type":"article","og_title":"Kupte si Cookies & Cream online \u2013 Cookies & Cream na prodej","og_description":"Najd\u011bte pr\u00e9miov\u00e9 Cookies & Cream k prodeji v na\u0161em internetov\u00e9m obchod\u011b, kter\u00fd poskytuje bezpe\u010dnou platformu pro snadn\u00fd n\u00e1kup Cookies & Cream online a uspokoj\u00ed va\u0161e pot\u0159eby v\u00fdzkumu.","og_url":"https:\/\/koupitmarihuanu.com\/es\/producto\/galletas-crema\/","og_site_name":"Koupit Marihuanu","article_modified_time":"2026-02-18T11:29:25+00:00","og_image":[{"width":600,"height":600,"url":"https:\/\/koupitmarihuanu.com\/wp-content\/uploads\/2023\/12\/COOKIES-CREAM.jpg","type":"image\/jpeg"}],"twitter_card":"summary_large_image","twitter_misc":{"Tiempo de lectura":"3 minutos"},"schema":{"@context":"https:\/\/schema.org","@graph":[{"@type":"WebPage","@id":"https:\/\/koupitmarihuanu.com\/produkt\/cookies-cream\/","url":"https:\/\/koupitmarihuanu.com\/produkt\/cookies-cream\/","name":"Comprar Galletas y Crema Online - Galletas y Crema a la Venta","isPartOf":{"@id":"https:\/\/koupitmarihuanu.com\/#website"},"primaryImageOfPage":{"@id":"https:\/\/koupitmarihuanu.com\/produkt\/cookies-cream\/#primaryimage"},"image":{"@id":"https:\/\/koupitmarihuanu.com\/produkt\/cookies-cream\/#primaryimage"},"thumbnailUrl":"https:\/\/koupitmarihuanu.com\/wp-content\/uploads\/2023\/12\/COOKIES-CREAM.jpg","datePublished":"2023-12-26T07:28:54+00:00","dateModified":"2026-02-18T11:29:25+00:00","description":"Encuentre Cookies &amp; Cream premium a la venta en nuestra tienda en l\u00ednea, que proporciona una plataforma segura para comprar Cookies &amp; Cream en l\u00ednea f\u00e1cilmente y satisfacer sus necesidades de investigaci\u00f3n.","breadcrumb":{"@id":"https:\/\/koupitmarihuanu.com\/produkt\/cookies-cream\/#breadcrumb"},"inLanguage":"es","potentialAction":[{"@type":"ReadAction","target":["https:\/\/koupitmarihuanu.com\/produkt\/cookies-cream\/"]}]},{"@type":"ImageObject","inLanguage":"es","@id":"https:\/\/koupitmarihuanu.com\/produkt\/cookies-cream\/#primaryimage","url":"https:\/\/koupitmarihuanu.com\/wp-content\/uploads\/2023\/12\/COOKIES-CREAM.jpg","contentUrl":"https:\/\/koupitmarihuanu.com\/wp-content\/uploads\/2023\/12\/COOKIES-CREAM.jpg","width":600,"height":600,"caption":"Koupit COOKIES-CREAM Online"},{"@type":"BreadcrumbList","@id":"https:\/\/koupitmarihuanu.com\/produkt\/cookies-cream\/#breadcrumb","itemListElement":[{"@type":"ListItem","position":1,"name":"Home","item":"https:\/\/koupitmarihuanu.com\/"},{"@type":"ListItem","position":2,"name":"Prodejna","item":"https:\/\/koupitmarihuanu.com\/prodejna\/"},{"@type":"ListItem","position":3,"name":"Cookies &#038; Cream"}]},{"@type":"WebSite","@id":"https:\/\/koupitmarihuanu.com\/#website","url":"https:\/\/koupitmarihuanu.com\/","name":"Comprar marihuana","description":"Mi blog en WordPress","publisher":{"@id":"https:\/\/koupitmarihuanu.com\/#organization"},"potentialAction":[{"@type":"SearchAction","target":{"@type":"EntryPoint","urlTemplate":"https:\/\/koupitmarihuanu.com\/?s={search_term_string}"},"query-input":"required name=search_term_string"}],"inLanguage":"es"},{"@type":"Organization","@id":"https:\/\/koupitmarihuanu.com\/#organization","name":"Comprar marihuana","url":"https:\/\/koupitmarihuanu.com\/","logo":{"@type":"ImageObject","inLanguage":"es","@id":"https:\/\/koupitmarihuanu.com\/#\/schema\/logo\/image\/","url":"https:\/\/koupitmarihuanu.com\/wp-content\/uploads\/2024\/01\/black-logo.png","contentUrl":"https:\/\/koupitmarihuanu.com\/wp-content\/uploads\/2024\/01\/black-logo.png","width":300,"height":63,"caption":"Koupit Marihuanu"},"image":{"@id":"https:\/\/koupitmarihuanu.com\/#\/schema\/logo\/image\/"}}]}},"_links":{"self":[{"href":"https:\/\/koupitmarihuanu.com\/es\/wp-json\/wp\/v2\/product\/20","targetHints":{"allow":["GET"]}}],"collection":[{"href":"https:\/\/koupitmarihuanu.com\/es\/wp-json\/wp\/v2\/product"}],"about":[{"href":"https:\/\/koupitmarihuanu.com\/es\/wp-json\/wp\/v2\/types\/product"}],"replies":[{"embeddable":true,"href":"https:\/\/koupitmarihuanu.com\/es\/wp-json\/wp\/v2\/comments?post=20"}],"wp:featuredmedia":[{"embeddable":true,"href":"https:\/\/koupitmarihuanu.com\/es\/wp-json\/wp\/v2\/media\/1215"}],"wp:attachment":[{"href":"https:\/\/koupitmarihuanu.com\/es\/wp-json\/wp\/v2\/media?parent=20"}],"wp:term":[{"taxonomy":"product_brand","embeddable":true,"href":"https:\/\/koupitmarihuanu.com\/es\/wp-json\/wp\/v2\/product_brand?post=20"},{"taxonomy":"product_cat","embeddable":true,"href":"https:\/\/koupitmarihuanu.com\/es\/wp-json\/wp\/v2\/product_cat?post=20"},{"taxonomy":"product_tag","embeddable":true,"href":"https:\/\/koupitmarihuanu.com\/es\/wp-json\/wp\/v2\/product_tag?post=20"}],"curies":[{"name":"wp","href":"https:\/\/api.w.org\/{rel}","templated":true}]}}