{"id":100,"date":"2023-12-26T07:29:03","date_gmt":"2023-12-26T07:29:03","guid":{"rendered":"https:\/\/cannasmed.com\/herbe\/?post_type=product&#038;p=100"},"modified":"2026-02-19T06:33:59","modified_gmt":"2026-02-19T06:33:59","slug":"rolex-hash","status":"publish","type":"product","link":"https:\/\/koupitmarihuanu.com\/es\/produkt\/rolex-hash\/","title":{"rendered":"Rolex Hash"},"content":{"rendered":"<h2>Koupit Rolex Hash online<\/h2>\n<p><a href=\"https:\/\/koupitmarihuanu.com\/es\/producto\/rolex-hash\/\">Koupit Rolex Hash online<\/a> ozna\u010duje proces n\u00e1kupu Rolex Hash, druhu ha\u0161i\u0161e, p\u0159es internet. Mnoho lid\u00ed, kte\u0159\u00ed hledaj\u00ed, kde koupit Rolex Hash?, hled\u00e1 bezpe\u010dn\u00fd a pohodln\u00fd zp\u016fsob, jak si koupit kvalitn\u00ed ha\u0161i\u0161e, ani\u017e by museli nav\u0161t\u011bvovat kamenn\u00e9 obchody. N\u00e1kupem Rolex Hash online si z\u00e1kazn\u00edci mohou prohl\u00e9dnout r\u016fzn\u00e9 produkty, porovnat ceny a vybrat si nejlep\u0161\u00ed mo\u017enosti pro osobn\u00ed pou\u017eit\u00ed.<\/p>\n<p>Online platformy \u010dasto uv\u00e1d\u011bj\u00ed r\u016fzn\u00e9 druhy Rolex Hash k prodeji, v\u010detn\u011b rozd\u00edl\u016f v kvalit\u011b, \u00fa\u010dinnosti a balen\u00ed. Z\u00e1kazn\u00edci si tak\u00e9 mohou p\u0159ed n\u00e1kupem ov\u011b\u0159it cenu Rolex Hash k prodeji, co\u017e zaji\u0161\u0165uje informovan\u00e1 rozhodnut\u00ed a transparentn\u00ed transakce.<br \/>\nObjedn\u00e1n\u00ed Rolex Hash online umo\u017e\u0148uje kupuj\u00edc\u00edm u\u0161et\u0159it \u010das, m\u00edt p\u0159\u00edstup k \u0161ir\u0161\u00edmu v\u00fdb\u011bru a u\u017e\u00edvat si diskr\u00e9tn\u00edho doru\u010den\u00ed na jimi preferovanou adresu.<\/p>\n<h3>Co je Rolex Hash Online?<\/h3>\n<p>Kdy\u017e mluv\u00edme o Rolex Hash Online, t\u00fdk\u00e1 se to n\u00e1kupu ha\u0161i\u0161e prost\u0159ednictv\u00edm internetov\u00e9 platformy. To umo\u017e\u0148uje u\u017eivatel\u016fm objednat Rolex Hash online s doru\u010den\u00edm na jejich m\u00edsto. Mnoho internetov\u00fdch obchod\u016f poskytuje podrobn\u00e9 popisy produkt\u016f, u\u017eivatelsk\u00e9 recenze a informace o cen\u011b hodinek Rolex Hash, kter\u00e9 jsou k dispozici, co\u017e z\u00e1kazn\u00edk\u016fm pom\u00e1h\u00e1 vybrat si ten spr\u00e1vn\u00fd produkt.<\/p>\n<p>Online n\u00e1kup hodinek Rolex Hash tak\u00e9 nab\u00edz\u00ed flexibilitu p\u0159i v\u00fdb\u011bru mno\u017estv\u00ed, rozmanitosti produkt\u016f a potenci\u00e1ln\u00edch nab\u00eddek bal\u00ed\u010dk\u016f, co\u017e je v\u00fdhodn\u00e9 jak pro nov\u00e9, tak pro zku\u0161en\u00e9 u\u017eivatele.<\/p>\n<h3>Nejlep\u0161\u00ed vyu\u017eit\u00ed a v\u00fdhody n\u00e1kupu Rolex Hash online<\/h3>\n<p><strong>Pou\u017eit\u00ed<\/strong><br \/>\n\u2022 Osobn\u00ed rekrea\u010dn\u00ed nebo l\u00e9\u010debn\u00e9 pou\u017eit\u00ed tam, kde je to leg\u00e1ln\u00ed<br \/>\n\u2022 D\u00e1rky nebo sd\u00edlen\u00ed s p\u0159\u00e1teli v regionech, kde je to povoleno<br \/>\n\u2022 N\u00e1kup ve velk\u00e9m pro speci\u00e1ln\u00ed ud\u00e1losti nebo setk\u00e1n\u00ed<br \/>\n\u2022 Sb\u011br pr\u00e9miov\u00fdch odr\u016fd hash pro nad\u0161ence<\/p>\n<p><strong>V\u00fdhody<\/strong><br \/>\n\u2022 Pohodl\u00ed: Snadno si m\u016f\u017eete koupit Rolex Hash online bez n\u00e1v\u0161t\u011bvy kamenn\u00fdch obchod\u016f<br \/>\n\u2022 \u0160irok\u00fd v\u00fdb\u011br: P\u0159\u00edstup k r\u016fzn\u00fdm odr\u016fd\u00e1m, \u00fa\u010dinnostem a form\u00e1m hash<br \/>\n\u2022 Transparentnost cen: Porovnejte cenu Rolex Hash na prodej od r\u016fzn\u00fdch prodejc\u016f<br \/>\n\u2022 Diskr\u00e9tn\u00ed doru\u010den\u00ed: Z\u00edskejte produkty na v\u00e1mi preferovanou adresu bez probl\u00e9m\u016f<br \/>\n\u2022 Bezpe\u010dn\u00e9 transakce: Online platformy poskytuj\u00ed bezpe\u010dn\u00e9 a \u0161ifrovan\u00e9 mo\u017enosti platby<br \/>\n\u2022 Recenze a hodnocen\u00ed: D\u011blejte informovan\u00e1 rozhodnut\u00ed na z\u00e1klad\u011b zp\u011btn\u00e9 vazby od p\u0159edchoz\u00edch kupuj\u00edc\u00edch<\/p>\n<p>Volbou online objedn\u00e1vky Rolex Hash si kupuj\u00edc\u00ed mohou zajistit kvalitu, pohodl\u00ed a diskr\u00e9tnost.<\/p>\n<h3>Pro\u010d koupit Rolex Hash online na koupitmarihuanu.com?<\/h3>\n<p>Pokud v\u00e1s zaj\u00edm\u00e1, kde koupit Rolex Hash?, <a href=\"https:\/\/koupitmarihuanu.com\/es\/\">koupitmarihuanu.com<\/a> je d\u016fv\u011bryhodn\u00e1 platforma pro n\u00e1kup Rolex Hash online. Mezi v\u00fdhody n\u00e1kupu na t\u00e9to platform\u011b pat\u0159\u00ed:<\/p>\n<p>\u2022 Rozmanitost produkt\u016f: V\u00edce produkt\u016f Rolex Hash k prodeji pro spln\u011bn\u00ed r\u016fzn\u00fdch preferenc\u00ed<br \/>\n\u2022 Jasn\u00e9 ceny: Transparentn\u00ed cena Rolex Hash k prodeji pro ka\u017ed\u00fd produkt<br \/>\n\u2022 Bezpe\u010dn\u00e1 platba: Bezpe\u010dn\u00e9 mo\u017enosti n\u00e1kupu Rolex Hash online s d\u016fv\u011brou<br \/>\n\u2022 Spolehliv\u00e1 podpora: Z\u00e1kaznick\u00fd servis, kter\u00fd v\u00e1m pom\u016f\u017ee s jak\u00fdmikoli dotazy nebo obavami<\/p>\n<p>D\u00edky t\u011bmto vlastnostem je koupitmarihuanu.com <a href=\"https:\/\/en.wikipedia.org\/wiki\/Hashish\">nejlep\u0161\u00edm<\/a> m\u00edstem pro n\u00e1kup Rolex Hash online a zaji\u0161\u0165uje bezpe\u010dn\u00fd a spolehliv\u00fd z\u00e1\u017eitek z nakupov\u00e1n\u00ed.<\/p>\n<h3>Jak si u n\u00e1s objednat Rolex Hash online<\/h3>\n<p>Objedn\u00e1n\u00ed Rolex Hash online z koupitmarihuanu.com je jednoduch\u00e9:<\/p>\n<p>1. Proch\u00e1zejte webov\u00e9 str\u00e1nky a zobrazte si v\u0161echny produkty Rolex Hash k prodeji<br \/>\n2. Vyberte produkt, kter\u00fd chcete koupit Rolex Hash online<br \/>\n3. Vyberte mno\u017estv\u00ed nebo mo\u017enosti bal\u00ed\u010dku, pokud jsou k dispozici<br \/>\n4. Zadejte dodac\u00ed a platebn\u00ed \u00fadaje pro online objedn\u00e1vku Rolex Hash<br \/>\n5. Obdr\u017e\u00edte potvrzen\u00ed objedn\u00e1vky a informace o sledov\u00e1n\u00ed pro v\u010dasn\u00e9 doru\u010den\u00ed<br \/>\nTento proces umo\u017e\u0148uje z\u00e1kazn\u00edk\u016fm pohodln\u011b, bezpe\u010dn\u011b a diskr\u00e9tn\u011b nakupovat Rolex Hash.<\/p>","protected":false},"excerpt":{"rendered":"<p>Koupit Rolex Hash online Koupit Rolex Hash online ozna\u010duje proces n\u00e1kupu Rolex Hash, druhu ha\u0161i\u0161e, p\u0159es internet. Mnoho lid\u00ed, kte\u0159\u00ed hledaj\u00ed, kde koupit Rolex Hash?, hled\u00e1 bezpe\u010dn\u00fd a pohodln\u00fd zp\u016fsob, jak si koupit kvalitn\u00ed ha\u0161i\u0161e, ani\u017e by museli nav\u0161t\u011bvovat kamenn\u00e9 obchody. N\u00e1kupem Rolex Hash online si z\u00e1kazn\u00edci mohou prohl\u00e9dnout r\u016fzn\u00e9 produkty, porovnat ceny a vybrat [&hellip;]<\/p>\n","protected":false},"featured_media":1180,"comment_status":"open","ping_status":"closed","template":"","meta":{"site-sidebar-layout":"default","site-content-layout":"","ast-site-content-layout":"default","site-content-style":"default","site-sidebar-style":"default","ast-global-header-display":"","ast-banner-title-visibility":"","ast-main-header-display":"","ast-hfb-above-header-display":"","ast-hfb-below-header-display":"","ast-hfb-mobile-header-display":"","site-post-title":"","ast-breadcrumbs-content":"","ast-featured-img":"","footer-sml-layout":"","ast-disable-related-posts":"","theme-transparent-header-meta":"default","adv-header-id-meta":"","stick-header-meta":"default","header-above-stick-meta":"","header-main-stick-meta":"","header-below-stick-meta":"","astra-migrate-meta-layouts":"set","ast-page-background-enabled":"default","ast-page-background-meta":{"desktop":{"background-color":"var(--ast-global-color-4)","background-image":"","background-repeat":"repeat","background-position":"center center","background-size":"auto","background-attachment":"scroll","background-type":"","background-media":"","overlay-type":"","overlay-color":"","overlay-opacity":"","overlay-gradient":""},"tablet":{"background-color":"","background-image":"","background-repeat":"repeat","background-position":"center center","background-size":"auto","background-attachment":"scroll","background-type":"","background-media":"","overlay-type":"","overlay-color":"","overlay-opacity":"","overlay-gradient":""},"mobile":{"background-color":"","background-image":"","background-repeat":"repeat","background-position":"center center","background-size":"auto","background-attachment":"scroll","background-type":"","background-media":"","overlay-type":"","overlay-color":"","overlay-opacity":"","overlay-gradient":""}},"ast-content-background-meta":{"desktop":{"background-color":"var(--ast-global-color-5)","background-image":"","background-repeat":"repeat","background-position":"center center","background-size":"auto","background-attachment":"scroll","background-type":"","background-media":"","overlay-type":"","overlay-color":"","overlay-opacity":"","overlay-gradient":""},"tablet":{"background-color":"var(--ast-global-color-5)","background-image":"","background-repeat":"repeat","background-position":"center center","background-size":"auto","background-attachment":"scroll","background-type":"","background-media":"","overlay-type":"","overlay-color":"","overlay-opacity":"","overlay-gradient":""},"mobile":{"background-color":"var(--ast-global-color-5)","background-image":"","background-repeat":"repeat","background-position":"center center","background-size":"auto","background-attachment":"scroll","background-type":"","background-media":"","overlay-type":"","overlay-color":"","overlay-opacity":"","overlay-gradient":""}},"_joinchat":[]},"product_brand":[],"product_cat":[18],"product_tag":[],"class_list":{"0":"post-100","1":"product","2":"type-product","3":"status-publish","4":"has-post-thumbnail","6":"product_cat-hasis","7":"desktop-align-left","8":"tablet-align-left","9":"mobile-align-left","10":"ast-product-gallery-layout-horizontal-slider","11":"ast-product-gallery-with-no-image","12":"ast-product-single-variable","13":"ast-product-tabs-layout-horizontal","15":"first","16":"instock","17":"shipping-taxable","18":"purchasable","19":"product-type-variable"},"yoast_head":"<!-- This site is optimized with the Yoast SEO plugin v22.6 - https:\/\/yoast.com\/wordpress\/plugins\/seo\/ -->\n<title>Koupit Rolex Hash online \u2013 Rolex Hash na prodej<\/title>\n<meta name=\"description\" content=\"Pokud jste nad\u0161en\u00ed pro Rolex Hash, pak je n\u00e1\u0161 obchod t\u00edm nejlep\u0161\u00edm m\u00edstem k n\u00e1kupu Rolex Hash online. M\u016f\u017eete m\u00edt Rolex Hash na prodej za nejni\u017e\u0161\u00ed cenu. Objednejte nyn\u00ed a brzy ji obdr\u017e\u00edte!\" \/>\n<meta name=\"robots\" content=\"index, follow, max-snippet:-1, max-image-preview:large, max-video-preview:-1\" \/>\n<link rel=\"canonical\" href=\"https:\/\/koupitmarihuanu.com\/es\/producto\/rolex-hash\/\" \/>\n<meta property=\"og:locale\" content=\"es_ES\" \/>\n<meta property=\"og:type\" content=\"article\" \/>\n<meta property=\"og:title\" content=\"Koupit Rolex Hash online \u2013 Rolex Hash na prodej\" \/>\n<meta property=\"og:description\" content=\"Pokud jste nad\u0161en\u00ed pro Rolex Hash, pak je n\u00e1\u0161 obchod t\u00edm nejlep\u0161\u00edm m\u00edstem k n\u00e1kupu Rolex Hash online. M\u016f\u017eete m\u00edt Rolex Hash na prodej za nejni\u017e\u0161\u00ed cenu. Objednejte nyn\u00ed a brzy ji obdr\u017e\u00edte!\" \/>\n<meta property=\"og:url\" content=\"https:\/\/koupitmarihuanu.com\/es\/producto\/rolex-hash\/\" \/>\n<meta property=\"og:site_name\" content=\"Koupit Marihuanu\" \/>\n<meta property=\"article:modified_time\" content=\"2026-02-19T06:33:59+00:00\" \/>\n<meta property=\"og:image\" content=\"https:\/\/koupitmarihuanu.com\/wp-content\/uploads\/2023\/12\/ROLEX-HASH.jpg\" \/>\n\t<meta property=\"og:image:width\" content=\"600\" \/>\n\t<meta property=\"og:image:height\" content=\"600\" \/>\n\t<meta property=\"og:image:type\" content=\"image\/jpeg\" \/>\n<meta name=\"twitter:card\" content=\"summary_large_image\" \/>\n<meta name=\"twitter:label1\" content=\"Tiempo de lectura\" \/>\n\t<meta name=\"twitter:data1\" content=\"3 minutos\" \/>\n<script type=\"application\/ld+json\" class=\"yoast-schema-graph\">{\"@context\":\"https:\/\/schema.org\",\"@graph\":[{\"@type\":\"WebPage\",\"@id\":\"https:\/\/koupitmarihuanu.com\/produkt\/rolex-hash\/\",\"url\":\"https:\/\/koupitmarihuanu.com\/produkt\/rolex-hash\/\",\"name\":\"Koupit Rolex Hash online \u2013 Rolex Hash na prodej\",\"isPartOf\":{\"@id\":\"https:\/\/koupitmarihuanu.com\/#website\"},\"primaryImageOfPage\":{\"@id\":\"https:\/\/koupitmarihuanu.com\/produkt\/rolex-hash\/#primaryimage\"},\"image\":{\"@id\":\"https:\/\/koupitmarihuanu.com\/produkt\/rolex-hash\/#primaryimage\"},\"thumbnailUrl\":\"https:\/\/koupitmarihuanu.com\/wp-content\/uploads\/2023\/12\/ROLEX-HASH.jpg\",\"datePublished\":\"2023-12-26T07:29:03+00:00\",\"dateModified\":\"2026-02-19T06:33:59+00:00\",\"description\":\"Pokud jste nad\u0161en\u00ed pro Rolex Hash, pak je n\u00e1\u0161 obchod t\u00edm nejlep\u0161\u00edm m\u00edstem k n\u00e1kupu Rolex Hash online. M\u016f\u017eete m\u00edt Rolex Hash na prodej za nejni\u017e\u0161\u00ed cenu. Objednejte nyn\u00ed a brzy ji obdr\u017e\u00edte!\",\"breadcrumb\":{\"@id\":\"https:\/\/koupitmarihuanu.com\/produkt\/rolex-hash\/#breadcrumb\"},\"inLanguage\":\"es\",\"potentialAction\":[{\"@type\":\"ReadAction\",\"target\":[\"https:\/\/koupitmarihuanu.com\/produkt\/rolex-hash\/\"]}]},{\"@type\":\"ImageObject\",\"inLanguage\":\"es\",\"@id\":\"https:\/\/koupitmarihuanu.com\/produkt\/rolex-hash\/#primaryimage\",\"url\":\"https:\/\/koupitmarihuanu.com\/wp-content\/uploads\/2023\/12\/ROLEX-HASH.jpg\",\"contentUrl\":\"https:\/\/koupitmarihuanu.com\/wp-content\/uploads\/2023\/12\/ROLEX-HASH.jpg\",\"width\":600,\"height\":600,\"caption\":\"Koupit ROLEX-HASH Online\"},{\"@type\":\"BreadcrumbList\",\"@id\":\"https:\/\/koupitmarihuanu.com\/produkt\/rolex-hash\/#breadcrumb\",\"itemListElement\":[{\"@type\":\"ListItem\",\"position\":1,\"name\":\"Home\",\"item\":\"https:\/\/koupitmarihuanu.com\/\"},{\"@type\":\"ListItem\",\"position\":2,\"name\":\"Prodejna\",\"item\":\"https:\/\/koupitmarihuanu.com\/prodejna\/\"},{\"@type\":\"ListItem\",\"position\":3,\"name\":\"Rolex Hash\"}]},{\"@type\":\"WebSite\",\"@id\":\"https:\/\/koupitmarihuanu.com\/#website\",\"url\":\"https:\/\/koupitmarihuanu.com\/\",\"name\":\"Koupit Marihuanu\",\"description\":\"My WordPress Blog\",\"publisher\":{\"@id\":\"https:\/\/koupitmarihuanu.com\/#organization\"},\"potentialAction\":[{\"@type\":\"SearchAction\",\"target\":{\"@type\":\"EntryPoint\",\"urlTemplate\":\"https:\/\/koupitmarihuanu.com\/?s={search_term_string}\"},\"query-input\":\"required name=search_term_string\"}],\"inLanguage\":\"es\"},{\"@type\":\"Organization\",\"@id\":\"https:\/\/koupitmarihuanu.com\/#organization\",\"name\":\"Koupit Marihuanu\",\"url\":\"https:\/\/koupitmarihuanu.com\/\",\"logo\":{\"@type\":\"ImageObject\",\"inLanguage\":\"es\",\"@id\":\"https:\/\/koupitmarihuanu.com\/#\/schema\/logo\/image\/\",\"url\":\"https:\/\/koupitmarihuanu.com\/wp-content\/uploads\/2024\/01\/black-logo.png\",\"contentUrl\":\"https:\/\/koupitmarihuanu.com\/wp-content\/uploads\/2024\/01\/black-logo.png\",\"width\":300,\"height\":63,\"caption\":\"Koupit Marihuanu\"},\"image\":{\"@id\":\"https:\/\/koupitmarihuanu.com\/#\/schema\/logo\/image\/\"}}]}<\/script>\n<!-- \/ Yoast SEO plugin. -->","yoast_head_json":{"title":"Compre Rolex Hash en l\u00ednea - Rolex Hash a la venta","description":"Si le apasiona Rolex Hash, nuestra tienda es el mejor lugar para comprar Rolex Hash online. Puedes tener un Rolex Hash a la venta al precio m\u00e1s bajo. \u00a1Haz tu pedido ahora y rec\u00edbelo pronto!","robots":{"index":"index","follow":"follow","max-snippet":"max-snippet:-1","max-image-preview":"max-image-preview:large","max-video-preview":"max-video-preview:-1"},"canonical":"https:\/\/koupitmarihuanu.com\/es\/producto\/rolex-hash\/","og_locale":"es_ES","og_type":"article","og_title":"Koupit Rolex Hash online \u2013 Rolex Hash na prodej","og_description":"Pokud jste nad\u0161en\u00ed pro Rolex Hash, pak je n\u00e1\u0161 obchod t\u00edm nejlep\u0161\u00edm m\u00edstem k n\u00e1kupu Rolex Hash online. M\u016f\u017eete m\u00edt Rolex Hash na prodej za nejni\u017e\u0161\u00ed cenu. Objednejte nyn\u00ed a brzy ji obdr\u017e\u00edte!","og_url":"https:\/\/koupitmarihuanu.com\/es\/producto\/rolex-hash\/","og_site_name":"Koupit Marihuanu","article_modified_time":"2026-02-19T06:33:59+00:00","og_image":[{"width":600,"height":600,"url":"https:\/\/koupitmarihuanu.com\/wp-content\/uploads\/2023\/12\/ROLEX-HASH.jpg","type":"image\/jpeg"}],"twitter_card":"summary_large_image","twitter_misc":{"Tiempo de lectura":"3 minutos"},"schema":{"@context":"https:\/\/schema.org","@graph":[{"@type":"WebPage","@id":"https:\/\/koupitmarihuanu.com\/produkt\/rolex-hash\/","url":"https:\/\/koupitmarihuanu.com\/produkt\/rolex-hash\/","name":"Compre Rolex Hash en l\u00ednea - Rolex Hash a la venta","isPartOf":{"@id":"https:\/\/koupitmarihuanu.com\/#website"},"primaryImageOfPage":{"@id":"https:\/\/koupitmarihuanu.com\/produkt\/rolex-hash\/#primaryimage"},"image":{"@id":"https:\/\/koupitmarihuanu.com\/produkt\/rolex-hash\/#primaryimage"},"thumbnailUrl":"https:\/\/koupitmarihuanu.com\/wp-content\/uploads\/2023\/12\/ROLEX-HASH.jpg","datePublished":"2023-12-26T07:29:03+00:00","dateModified":"2026-02-19T06:33:59+00:00","description":"Si le apasiona Rolex Hash, nuestra tienda es el mejor lugar para comprar Rolex Hash online. Puedes tener un Rolex Hash a la venta al precio m\u00e1s bajo. \u00a1Haz tu pedido ahora y rec\u00edbelo pronto!","breadcrumb":{"@id":"https:\/\/koupitmarihuanu.com\/produkt\/rolex-hash\/#breadcrumb"},"inLanguage":"es","potentialAction":[{"@type":"ReadAction","target":["https:\/\/koupitmarihuanu.com\/produkt\/rolex-hash\/"]}]},{"@type":"ImageObject","inLanguage":"es","@id":"https:\/\/koupitmarihuanu.com\/produkt\/rolex-hash\/#primaryimage","url":"https:\/\/koupitmarihuanu.com\/wp-content\/uploads\/2023\/12\/ROLEX-HASH.jpg","contentUrl":"https:\/\/koupitmarihuanu.com\/wp-content\/uploads\/2023\/12\/ROLEX-HASH.jpg","width":600,"height":600,"caption":"Koupit ROLEX-HASH Online"},{"@type":"BreadcrumbList","@id":"https:\/\/koupitmarihuanu.com\/produkt\/rolex-hash\/#breadcrumb","itemListElement":[{"@type":"ListItem","position":1,"name":"Home","item":"https:\/\/koupitmarihuanu.com\/"},{"@type":"ListItem","position":2,"name":"Prodejna","item":"https:\/\/koupitmarihuanu.com\/prodejna\/"},{"@type":"ListItem","position":3,"name":"Rolex Hash"}]},{"@type":"WebSite","@id":"https:\/\/koupitmarihuanu.com\/#website","url":"https:\/\/koupitmarihuanu.com\/","name":"Comprar marihuana","description":"Mi blog en WordPress","publisher":{"@id":"https:\/\/koupitmarihuanu.com\/#organization"},"potentialAction":[{"@type":"SearchAction","target":{"@type":"EntryPoint","urlTemplate":"https:\/\/koupitmarihuanu.com\/?s={search_term_string}"},"query-input":"required name=search_term_string"}],"inLanguage":"es"},{"@type":"Organization","@id":"https:\/\/koupitmarihuanu.com\/#organization","name":"Comprar marihuana","url":"https:\/\/koupitmarihuanu.com\/","logo":{"@type":"ImageObject","inLanguage":"es","@id":"https:\/\/koupitmarihuanu.com\/#\/schema\/logo\/image\/","url":"https:\/\/koupitmarihuanu.com\/wp-content\/uploads\/2024\/01\/black-logo.png","contentUrl":"https:\/\/koupitmarihuanu.com\/wp-content\/uploads\/2024\/01\/black-logo.png","width":300,"height":63,"caption":"Koupit Marihuanu"},"image":{"@id":"https:\/\/koupitmarihuanu.com\/#\/schema\/logo\/image\/"}}]}},"_links":{"self":[{"href":"https:\/\/koupitmarihuanu.com\/es\/wp-json\/wp\/v2\/product\/100","targetHints":{"allow":["GET"]}}],"collection":[{"href":"https:\/\/koupitmarihuanu.com\/es\/wp-json\/wp\/v2\/product"}],"about":[{"href":"https:\/\/koupitmarihuanu.com\/es\/wp-json\/wp\/v2\/types\/product"}],"replies":[{"embeddable":true,"href":"https:\/\/koupitmarihuanu.com\/es\/wp-json\/wp\/v2\/comments?post=100"}],"wp:featuredmedia":[{"embeddable":true,"href":"https:\/\/koupitmarihuanu.com\/es\/wp-json\/wp\/v2\/media\/1180"}],"wp:attachment":[{"href":"https:\/\/koupitmarihuanu.com\/es\/wp-json\/wp\/v2\/media?parent=100"}],"wp:term":[{"taxonomy":"product_brand","embeddable":true,"href":"https:\/\/koupitmarihuanu.com\/es\/wp-json\/wp\/v2\/product_brand?post=100"},{"taxonomy":"product_cat","embeddable":true,"href":"https:\/\/koupitmarihuanu.com\/es\/wp-json\/wp\/v2\/product_cat?post=100"},{"taxonomy":"product_tag","embeddable":true,"href":"https:\/\/koupitmarihuanu.com\/es\/wp-json\/wp\/v2\/product_tag?post=100"}],"curies":[{"name":"wp","href":"https:\/\/api.w.org\/{rel}","templated":true}]}}