{"id":28,"date":"2023-12-26T07:28:54","date_gmt":"2023-12-26T07:28:54","guid":{"rendered":"https:\/\/cannasmed.com\/herbe\/?post_type=product&#038;p=28"},"modified":"2026-02-18T11:41:53","modified_gmt":"2026-02-18T11:41:53","slug":"grand-daddy-purple","status":"publish","type":"product","link":"https:\/\/koupitmarihuanu.com\/de\/produkt\/grand-daddy-purple\/","title":{"rendered":"Grand Daddy Lila"},"content":{"rendered":"<h2>Koupit Grand Daddy Purple online<\/h2>\n<p><a href=\"https:\/\/koupitmarihuanu.com\/de\/produkt\/grand-daddy-purple\/\">Koupit Grand Daddy Purple online<\/a> ozna\u010duje proces n\u00e1kupu produkt\u016f odvozen\u00fdch z odr\u016fdy Granddaddy Purple prost\u0159ednictv\u00edm internetov\u00fdch platforem, kde je prodej konop\u00ed pr\u00e1vn\u011b regulov\u00e1n. Tuto fr\u00e1zi \u010dasto pou\u017e\u00edvaj\u00ed jednotlivci, kte\u0159\u00ed p\u0159ed n\u00e1kupem zkoumaj\u00ed pravost produktu, jeho \u00fa\u010dinnost, chu\u0165ov\u00fd profil a cenu. Mnoho spot\u0159ebitel\u016f hled\u00e1 v\u00fdrazy jako \u201eKoupit Grand Daddy Purple online\u201c nebo \u201eKde koupit Grand Daddy Purple?\u201c, kdy\u017e porovn\u00e1vaj\u00ed licencovan\u00e9 v\u00fddejny a prohl\u00ed\u017eej\u00ed dostupn\u00e9 nab\u00eddky.<\/p>\n<p>Grand Daddy Purple, \u010dasto zkr\u00e1cen\u011b GDP, je \u0161iroce zn\u00e1m\u00fd pro sv\u00e9 tmav\u011b fialov\u00e9 odst\u00edny a sladkou, hroznovou v\u016fni v kombinaci se zemit\u00fdmi podt\u00f3ny. Jako zn\u00e1m\u00e1 indikov\u00e1 odr\u016fda je obvykle spojov\u00e1na s relaxa\u010dn\u00edmi fyzick\u00fdmi \u00fa\u010dinky a uklid\u0148uj\u00edc\u00edm z\u00e1\u017eitkem. Kdy\u017e lid\u00e9 hledaj\u00ed Grand Daddy Purple k prodeji, obvykle hledaj\u00ed ov\u011b\u0159en\u00e9 produkty, kter\u00e9 si zachov\u00e1vaj\u00ed charakteristick\u00e9 terpenov\u00e9 a kanabinoidn\u00ed vlastnosti odr\u016fdy.<\/p>\n<p>Konopn\u00e9 produkty vyroben\u00e9 z Grand Daddy Purple mohou obsahovat r\u016fzn\u00e9 hladiny THC a n\u011bkdy i CBD v z\u00e1vislosti na metod\u00e1ch p\u011bstov\u00e1n\u00ed a zpracov\u00e1n\u00ed. THC p\u0159isp\u00edv\u00e1 k psychoaktivn\u00edm \u00fa\u010dink\u016fm, zat\u00edmco CBD nen\u00ed omamn\u00e9 a \u010dasto je spojov\u00e1no s podp\u016frn\u00fdmi \u00fa\u010dinky. Vzhledem k jeho reputaci a popularit\u011b mnoho z\u00e1kazn\u00edk\u016f porovn\u00e1v\u00e1 \u00farovn\u011b \u00fa\u010dinnosti a hodnot\u00ed celkovou cenu Grand Daddy Purple, ne\u017e se rozhodnou koupit Grand Daddy Purple online.<\/p>\n<h3>Co je Grand Daddy Purple online?<\/h3>\n<p>Grand Daddy Purple online ozna\u010duje dostupnost t\u00e9to odr\u016fdy prost\u0159ednictv\u00edm licencovan\u00fdch online v\u00fddejen nebo regulovan\u00fdch webov\u00fdch str\u00e1nek s maloobchodn\u00edm prodejem konop\u00ed. M\u00edsto n\u00e1v\u0161t\u011bvy kamenn\u00e9 prodejny si z\u00e1kazn\u00edci mohou prohl\u00ed\u017eet popisy produkt\u016f, zkoumat laboratorn\u00ed informace a hodnotit <a href=\"https:\/\/koupitmarihuanu.com\/de\/\">Grand Daddy<\/a> Purple k prodeji prost\u0159ednictv\u00edm zabezpe\u010den\u00e9 online platformy.<\/p>\n<p>Fr\u00e1ze \u201eKoupit Grand Daddy Purple online\u201c zd\u016fraz\u0148uje pohodl\u00ed a dostupnost za p\u0159edpokladu, \u017ee transakce spl\u0148uje m\u00edstn\u00ed p\u0159edpisy t\u00fdkaj\u00edc\u00ed se konop\u00ed.Online prodejci obvykle poskytuj\u00ed podrobn\u00e9 specifikace, v\u010detn\u011b procentu\u00e1ln\u00edho obsahu kanabinoid\u016f, obsahu terpen\u016f a form\u00e1t\u016f balen\u00ed. P\u0159i hled\u00e1n\u00ed nejlep\u0161\u00edho m\u00edsta pro online n\u00e1kup Grand Daddy Purple z\u00e1kazn\u00edci obvykle up\u0159ednost\u0148uj\u00ed transparentnost, bezpe\u010dn\u00e9 platebn\u00ed syst\u00e9my a dodr\u017eov\u00e1n\u00ed z\u00e1konn\u00fdch po\u017eadavk\u016f.<\/p>\n<h3>Nejlep\u0161\u00ed vyu\u017eit\u00ed a v\u00fdhody Grand Daddy Purple<\/h3>\n<p>Grand Daddy Purple je \u010dasto spojov\u00e1n s hluboce relaxa\u010dn\u00edmi \u00fa\u010dinky d\u00edky sv\u00e9 dominantn\u00ed indikov\u00e9 povaze. Mnoho u\u017eivatel\u016f popisuje uklid\u0148uj\u00edc\u00ed pocit, kter\u00fd m\u016f\u017ee podpo\u0159it ve\u010dern\u00ed relaxaci nebo klidn\u00fd odpo\u010dinek. D\u00edky sv\u00fdm uv\u00e1d\u011bn\u00fdm uklid\u0148uj\u00edc\u00edm vlastnostem je n\u011bkdy vyb\u00edr\u00e1n pro relaxaci po n\u00e1ro\u010dn\u00fdch aktivit\u00e1ch.<\/p>\n<p>N\u011bkte\u0159\u00ed lid\u00e9 oce\u0148uj\u00ed Grand Daddy Purple pro jeho sladk\u00fd chu\u0165ov\u00fd profil a aromatickou bohatost. Stejn\u011b jako u v\u0161ech konopn\u00fdch produkt\u016f se zku\u0161enosti mohou li\u0161it v z\u00e1vislosti na d\u00e1vkov\u00e1n\u00ed, toleranci a osobn\u00ed t\u011blesn\u00e9 chemii. Zodpov\u011bdn\u00e9 u\u017e\u00edv\u00e1n\u00ed je nezbytn\u00e9 p\u0159i online objedn\u00e1vce Grand Daddy Purple, zejm\u00e9na p\u0159i v\u00fdb\u011bru mo\u017enost\u00ed s vy\u0161\u0161\u00ed \u00fa\u010dinnost\u00ed.<\/p>\n<h3>Pro\u010d koupit Grand Daddy Purple online na koupitmarihuanu.com?<\/h3>\n<p>N\u00e1kup Grand Daddy Purple online na koupitmarihuanu.com poskytuje z\u00e1kazn\u00edk\u016fm efektivn\u00ed zp\u016fsob p\u0159\u00edstupu k konopn\u00fdm produkt\u016fm specifick\u00fdm pro danou odr\u016fdu. Mnoho kupuj\u00edc\u00edch hled\u00e1 nejlep\u0161\u00ed m\u00edsto pro online n\u00e1kup Grand Daddy Purple, aby si zajistili p\u0159esn\u00e9 popisy produkt\u016f a spolehliv\u00fd servis.<\/p>\n<p>Ne\u017e se z\u00e1kazn\u00edci rozhodnou koupit Grand Daddy Purple online, \u010dasto zva\u017euj\u00ed faktory, jako je d\u016fv\u011bryhodnost webov\u00fdch str\u00e1nek, dostupnost z\u00e1kaznick\u00e9 podpory a konkurenceschopn\u00e9 ceny. Pokud v\u00e1s zaj\u00edm\u00e1, kde koupit Grand Daddy Purple, je d\u016fle\u017eit\u00e9 si p\u0159ed dokon\u010den\u00edm jak\u00e9hokoli n\u00e1kupu ov\u011b\u0159it, zda prodejce p\u016fsob\u00ed v souladu s pr\u00e1vn\u00edm r\u00e1mcem platn\u00fdm ve va\u0161em regionu.<\/p>\n<h3>Jak objednat Grand Daddy Purple online od n\u00e1s<\/h3>\n<p>Chce-li si z\u00e1kazn\u00edci objednat Grand Daddy Purple online, obvykle nav\u0161t\u00edv\u00ed webov\u00e9 str\u00e1nky, prohl\u00e9dnou si dostupn\u00e9 nab\u00eddky a vyberou po\u017eadovan\u00fd produkt. Po p\u0159id\u00e1n\u00ed polo\u017eky do ko\u0161\u00edku pokra\u010duj\u00ed k pokladn\u011b, zadaj\u00ed pot\u0159ebn\u00e9 \u00fadaje a dokon\u010d\u00ed platbu pomoc\u00ed akceptovan\u00fdch metod.<\/p>\n<p>V z\u00e1vislosti na m\u00edstn\u00edch p\u0159edpisech m\u016f\u017ee b\u00fdt p\u0159ed \u00fasp\u011b\u0161nou online objedn\u00e1vkou Grand Daddy Purple vy\u017eadov\u00e1no ov\u011b\u0159en\u00ed v\u011bku nebo toto\u017enosti. Po potvrzen\u00ed jsou poskytnuty dodac\u00ed lh\u016fty a informace o doru\u010den\u00ed. Z\u00e1kazn\u00edci by si m\u011bli p\u0159ed n\u00e1kupem jak\u00e9hokoli Grand Daddy Purple online pe\u010dliv\u011b prostudovat z\u00e1sady obchodu.<\/p>\n<h3>\u010casto kladen\u00e9 ot\u00e1zky (FAQ)<\/h3>\n<p>Mezi b\u011b\u017en\u00e9 ot\u00e1zky pat\u0159\u00ed dotazy ohledn\u011b ceny Grand Daddy Purple, \u00farovn\u00ed \u00fa\u010dinnosti, dostupn\u00fdch form\u00e1t\u016f a mo\u017enost\u00ed dopravy. Mnoho z\u00e1kazn\u00edk\u016f se tak\u00e9 pt\u00e1, kde leg\u00e1ln\u011b a bezpe\u010dn\u011b koupit Grand Daddy Purple.<\/p>\n<p>Dal\u0161\u00ed \u010dasto kladen\u00e9 ot\u00e1zky se mohou t\u00fdkat transparentnosti laboratorn\u00edch test\u016f, doporu\u010den\u00fdch postup\u016f skladov\u00e1n\u00ed a toho, zda je Grand Daddy Purple k prodeji k dispozici v konkr\u00e9tn\u00edch regionech. Vzhledem k tomu, \u017ee se z\u00e1kony o konop\u00ed li\u0161\u00ed v jednotliv\u00fdch jurisdikc\u00edch, m\u011bli by si jednotlivci p\u0159ed online n\u00e1kupem <a href=\"https:\/\/en.wikipedia.org\/wiki\/Talk%3AGranddaddy_Purple_(GDP)?redirect=no\">Grand Daddy Lila<\/a> v\u017edy ov\u011b\u0159it m\u00edstn\u00ed p\u0159edpisy.<\/p>\n<p>Stru\u010dn\u011b \u0159e\u010deno, n\u00e1kup Grand Daddy Purple online ozna\u010duje z\u00edsk\u00e1n\u00ed konopn\u00fdch produkt\u016f odvozen\u00fdch z odr\u016fdy Grand Daddy Purple prost\u0159ednictv\u00edm autorizovan\u00e9ho online prodejce, kde je leg\u00e1ln\u011b<\/p>","protected":false},"excerpt":{"rendered":"<p>Koupit Grand Daddy Purple online Koupit Grand Daddy Purple online ozna\u010duje proces n\u00e1kupu produkt\u016f odvozen\u00fdch z odr\u016fdy Granddaddy Purple prost\u0159ednictv\u00edm internetov\u00fdch platforem, kde je prodej konop\u00ed pr\u00e1vn\u011b regulov\u00e1n. Tuto fr\u00e1zi \u010dasto pou\u017e\u00edvaj\u00ed jednotlivci, kte\u0159\u00ed p\u0159ed n\u00e1kupem zkoumaj\u00ed pravost produktu, jeho \u00fa\u010dinnost, chu\u0165ov\u00fd profil a cenu. Mnoho spot\u0159ebitel\u016f hled\u00e1 v\u00fdrazy jako \u201eKoupit Grand Daddy Purple online\u201c [&hellip;]<\/p>\n","protected":false},"featured_media":1227,"comment_status":"open","ping_status":"closed","template":"","meta":{"site-sidebar-layout":"default","site-content-layout":"","ast-site-content-layout":"default","site-content-style":"default","site-sidebar-style":"default","ast-global-header-display":"","ast-banner-title-visibility":"","ast-main-header-display":"","ast-hfb-above-header-display":"","ast-hfb-below-header-display":"","ast-hfb-mobile-header-display":"","site-post-title":"","ast-breadcrumbs-content":"","ast-featured-img":"","footer-sml-layout":"","ast-disable-related-posts":"","theme-transparent-header-meta":"default","adv-header-id-meta":"","stick-header-meta":"default","header-above-stick-meta":"","header-main-stick-meta":"","header-below-stick-meta":"","astra-migrate-meta-layouts":"set","ast-page-background-enabled":"default","ast-page-background-meta":{"desktop":{"background-color":"var(--ast-global-color-4)","background-image":"","background-repeat":"repeat","background-position":"center center","background-size":"auto","background-attachment":"scroll","background-type":"","background-media":"","overlay-type":"","overlay-color":"","overlay-opacity":"","overlay-gradient":""},"tablet":{"background-color":"","background-image":"","background-repeat":"repeat","background-position":"center center","background-size":"auto","background-attachment":"scroll","background-type":"","background-media":"","overlay-type":"","overlay-color":"","overlay-opacity":"","overlay-gradient":""},"mobile":{"background-color":"","background-image":"","background-repeat":"repeat","background-position":"center center","background-size":"auto","background-attachment":"scroll","background-type":"","background-media":"","overlay-type":"","overlay-color":"","overlay-opacity":"","overlay-gradient":""}},"ast-content-background-meta":{"desktop":{"background-color":"var(--ast-global-color-5)","background-image":"","background-repeat":"repeat","background-position":"center center","background-size":"auto","background-attachment":"scroll","background-type":"","background-media":"","overlay-type":"","overlay-color":"","overlay-opacity":"","overlay-gradient":""},"tablet":{"background-color":"var(--ast-global-color-5)","background-image":"","background-repeat":"repeat","background-position":"center center","background-size":"auto","background-attachment":"scroll","background-type":"","background-media":"","overlay-type":"","overlay-color":"","overlay-opacity":"","overlay-gradient":""},"mobile":{"background-color":"var(--ast-global-color-5)","background-image":"","background-repeat":"repeat","background-position":"center center","background-size":"auto","background-attachment":"scroll","background-type":"","background-media":"","overlay-type":"","overlay-color":"","overlay-opacity":"","overlay-gradient":""}},"_joinchat":[]},"product_brand":[],"product_cat":[17],"product_tag":[],"class_list":{"0":"post-28","1":"product","2":"type-product","3":"status-publish","4":"has-post-thumbnail","6":"product_cat-marihuana","7":"desktop-align-left","8":"tablet-align-left","9":"mobile-align-left","10":"ast-product-gallery-layout-horizontal-slider","11":"ast-product-gallery-with-no-image","12":"ast-product-single-variable","13":"ast-product-tabs-layout-horizontal","15":"first","16":"instock","17":"shipping-taxable","18":"purchasable","19":"product-type-variable"},"yoast_head":"<!-- This site is optimized with the Yoast SEO plugin v22.6 - https:\/\/yoast.com\/wordpress\/plugins\/seo\/ -->\n<title>Grand Daddy Purple na prodej \u2013 Kupte Grand Daddy Purple online<\/title>\n<meta name=\"description\" content=\"Nyn\u00ed m\u016f\u017eete z\u00edskat Grand Daddy Purple na prodej z na\u0161eho nejlep\u0161\u00edho obchodu Koupit marihuanu. N\u00e1\u0161 person\u00e1l v\u00e1m pom\u016f\u017ee koupit Grand Daddy Purple online za nejlep\u0161\u00ed ceny.\" \/>\n<meta name=\"robots\" content=\"index, follow, max-snippet:-1, max-image-preview:large, max-video-preview:-1\" \/>\n<link rel=\"canonical\" href=\"https:\/\/koupitmarihuanu.com\/de\/produkt\/grand-daddy-purple\/\" \/>\n<meta property=\"og:locale\" content=\"de_DE\" \/>\n<meta property=\"og:type\" content=\"article\" \/>\n<meta property=\"og:title\" content=\"Grand Daddy Purple na prodej \u2013 Kupte Grand Daddy Purple online\" \/>\n<meta property=\"og:description\" content=\"Nyn\u00ed m\u016f\u017eete z\u00edskat Grand Daddy Purple na prodej z na\u0161eho nejlep\u0161\u00edho obchodu Koupit marihuanu. N\u00e1\u0161 person\u00e1l v\u00e1m pom\u016f\u017ee koupit Grand Daddy Purple online za nejlep\u0161\u00ed ceny.\" \/>\n<meta property=\"og:url\" content=\"https:\/\/koupitmarihuanu.com\/de\/produkt\/grand-daddy-purple\/\" \/>\n<meta property=\"og:site_name\" content=\"Koupit Marihuanu\" \/>\n<meta property=\"article:modified_time\" content=\"2026-02-18T11:41:53+00:00\" \/>\n<meta property=\"og:image\" content=\"https:\/\/koupitmarihuanu.com\/wp-content\/uploads\/2023\/12\/GRAND-DADDY-PURPLE.jpg\" \/>\n\t<meta property=\"og:image:width\" content=\"600\" \/>\n\t<meta property=\"og:image:height\" content=\"600\" \/>\n\t<meta property=\"og:image:type\" content=\"image\/jpeg\" \/>\n<meta name=\"twitter:card\" content=\"summary_large_image\" \/>\n<meta name=\"twitter:label1\" content=\"Gesch\u00e4tzte Lesezeit\" \/>\n\t<meta name=\"twitter:data1\" content=\"4\u00a0Minuten\" \/>\n<script type=\"application\/ld+json\" class=\"yoast-schema-graph\">{\"@context\":\"https:\/\/schema.org\",\"@graph\":[{\"@type\":\"WebPage\",\"@id\":\"https:\/\/koupitmarihuanu.com\/produkt\/grand-daddy-purple\/\",\"url\":\"https:\/\/koupitmarihuanu.com\/produkt\/grand-daddy-purple\/\",\"name\":\"Grand Daddy Purple na prodej \u2013 Kupte Grand Daddy Purple online\",\"isPartOf\":{\"@id\":\"https:\/\/koupitmarihuanu.com\/#website\"},\"primaryImageOfPage\":{\"@id\":\"https:\/\/koupitmarihuanu.com\/produkt\/grand-daddy-purple\/#primaryimage\"},\"image\":{\"@id\":\"https:\/\/koupitmarihuanu.com\/produkt\/grand-daddy-purple\/#primaryimage\"},\"thumbnailUrl\":\"https:\/\/koupitmarihuanu.com\/wp-content\/uploads\/2023\/12\/GRAND-DADDY-PURPLE.jpg\",\"datePublished\":\"2023-12-26T07:28:54+00:00\",\"dateModified\":\"2026-02-18T11:41:53+00:00\",\"description\":\"Nyn\u00ed m\u016f\u017eete z\u00edskat Grand Daddy Purple na prodej z na\u0161eho nejlep\u0161\u00edho obchodu Koupit marihuanu. N\u00e1\u0161 person\u00e1l v\u00e1m pom\u016f\u017ee koupit Grand Daddy Purple online za nejlep\u0161\u00ed ceny.\",\"breadcrumb\":{\"@id\":\"https:\/\/koupitmarihuanu.com\/produkt\/grand-daddy-purple\/#breadcrumb\"},\"inLanguage\":\"de-CH\",\"potentialAction\":[{\"@type\":\"ReadAction\",\"target\":[\"https:\/\/koupitmarihuanu.com\/produkt\/grand-daddy-purple\/\"]}]},{\"@type\":\"ImageObject\",\"inLanguage\":\"de-CH\",\"@id\":\"https:\/\/koupitmarihuanu.com\/produkt\/grand-daddy-purple\/#primaryimage\",\"url\":\"https:\/\/koupitmarihuanu.com\/wp-content\/uploads\/2023\/12\/GRAND-DADDY-PURPLE.jpg\",\"contentUrl\":\"https:\/\/koupitmarihuanu.com\/wp-content\/uploads\/2023\/12\/GRAND-DADDY-PURPLE.jpg\",\"width\":600,\"height\":600,\"caption\":\"Koupit GRAND-DADDY-PURPLE Online\"},{\"@type\":\"BreadcrumbList\",\"@id\":\"https:\/\/koupitmarihuanu.com\/produkt\/grand-daddy-purple\/#breadcrumb\",\"itemListElement\":[{\"@type\":\"ListItem\",\"position\":1,\"name\":\"Home\",\"item\":\"https:\/\/koupitmarihuanu.com\/\"},{\"@type\":\"ListItem\",\"position\":2,\"name\":\"Prodejna\",\"item\":\"https:\/\/koupitmarihuanu.com\/prodejna\/\"},{\"@type\":\"ListItem\",\"position\":3,\"name\":\"Grand Daddy Purple\"}]},{\"@type\":\"WebSite\",\"@id\":\"https:\/\/koupitmarihuanu.com\/#website\",\"url\":\"https:\/\/koupitmarihuanu.com\/\",\"name\":\"Koupit Marihuanu\",\"description\":\"My WordPress Blog\",\"publisher\":{\"@id\":\"https:\/\/koupitmarihuanu.com\/#organization\"},\"potentialAction\":[{\"@type\":\"SearchAction\",\"target\":{\"@type\":\"EntryPoint\",\"urlTemplate\":\"https:\/\/koupitmarihuanu.com\/?s={search_term_string}\"},\"query-input\":\"required name=search_term_string\"}],\"inLanguage\":\"de-CH\"},{\"@type\":\"Organization\",\"@id\":\"https:\/\/koupitmarihuanu.com\/#organization\",\"name\":\"Koupit Marihuanu\",\"url\":\"https:\/\/koupitmarihuanu.com\/\",\"logo\":{\"@type\":\"ImageObject\",\"inLanguage\":\"de-CH\",\"@id\":\"https:\/\/koupitmarihuanu.com\/#\/schema\/logo\/image\/\",\"url\":\"https:\/\/koupitmarihuanu.com\/wp-content\/uploads\/2024\/01\/black-logo.png\",\"contentUrl\":\"https:\/\/koupitmarihuanu.com\/wp-content\/uploads\/2024\/01\/black-logo.png\",\"width\":300,\"height\":63,\"caption\":\"Koupit Marihuanu\"},\"image\":{\"@id\":\"https:\/\/koupitmarihuanu.com\/#\/schema\/logo\/image\/\"}}]}<\/script>\n<!-- \/ Yoast SEO plugin. -->","yoast_head_json":{"title":"Grand Daddy Purple zu verkaufen - Kaufen Sie Grand Daddy Purple online","description":"Sie k\u00f6nnen jetzt Loving Vape-Kartuschen zum Verkauf in unserem besten Marihuana-Shop kaufen. Unsere Mitarbeiter helfen Ihnen, Loving Vape-Kartuschen online zu den besten Preisen zu kaufen.","robots":{"index":"index","follow":"follow","max-snippet":"max-snippet:-1","max-image-preview":"max-image-preview:large","max-video-preview":"max-video-preview:-1"},"canonical":"https:\/\/koupitmarihuanu.com\/de\/produkt\/grand-daddy-purple\/","og_locale":"de_DE","og_type":"article","og_title":"Grand Daddy Purple na prodej \u2013 Kupte Grand Daddy Purple online","og_description":"Nyn\u00ed m\u016f\u017eete z\u00edskat Grand Daddy Purple na prodej z na\u0161eho nejlep\u0161\u00edho obchodu Koupit marihuanu. N\u00e1\u0161 person\u00e1l v\u00e1m pom\u016f\u017ee koupit Grand Daddy Purple online za nejlep\u0161\u00ed ceny.","og_url":"https:\/\/koupitmarihuanu.com\/de\/produkt\/grand-daddy-purple\/","og_site_name":"Koupit Marihuanu","article_modified_time":"2026-02-18T11:41:53+00:00","og_image":[{"width":600,"height":600,"url":"https:\/\/koupitmarihuanu.com\/wp-content\/uploads\/2023\/12\/GRAND-DADDY-PURPLE.jpg","type":"image\/jpeg"}],"twitter_card":"summary_large_image","twitter_misc":{"Gesch\u00e4tzte Lesezeit":"4\u00a0Minuten"},"schema":{"@context":"https:\/\/schema.org","@graph":[{"@type":"WebPage","@id":"https:\/\/koupitmarihuanu.com\/produkt\/grand-daddy-purple\/","url":"https:\/\/koupitmarihuanu.com\/produkt\/grand-daddy-purple\/","name":"Grand Daddy Purple zu verkaufen - Kaufen Sie Grand Daddy Purple online","isPartOf":{"@id":"https:\/\/koupitmarihuanu.com\/#website"},"primaryImageOfPage":{"@id":"https:\/\/koupitmarihuanu.com\/produkt\/grand-daddy-purple\/#primaryimage"},"image":{"@id":"https:\/\/koupitmarihuanu.com\/produkt\/grand-daddy-purple\/#primaryimage"},"thumbnailUrl":"https:\/\/koupitmarihuanu.com\/wp-content\/uploads\/2023\/12\/GRAND-DADDY-PURPLE.jpg","datePublished":"2023-12-26T07:28:54+00:00","dateModified":"2026-02-18T11:41:53+00:00","description":"Sie k\u00f6nnen jetzt Loving Vape-Kartuschen zum Verkauf in unserem besten Marihuana-Shop kaufen. Unsere Mitarbeiter helfen Ihnen, Loving Vape-Kartuschen online zu den besten Preisen zu kaufen.","breadcrumb":{"@id":"https:\/\/koupitmarihuanu.com\/produkt\/grand-daddy-purple\/#breadcrumb"},"inLanguage":"de-CH","potentialAction":[{"@type":"ReadAction","target":["https:\/\/koupitmarihuanu.com\/produkt\/grand-daddy-purple\/"]}]},{"@type":"ImageObject","inLanguage":"de-CH","@id":"https:\/\/koupitmarihuanu.com\/produkt\/grand-daddy-purple\/#primaryimage","url":"https:\/\/koupitmarihuanu.com\/wp-content\/uploads\/2023\/12\/GRAND-DADDY-PURPLE.jpg","contentUrl":"https:\/\/koupitmarihuanu.com\/wp-content\/uploads\/2023\/12\/GRAND-DADDY-PURPLE.jpg","width":600,"height":600,"caption":"Koupit GRAND-DADDY-PURPLE Online"},{"@type":"BreadcrumbList","@id":"https:\/\/koupitmarihuanu.com\/produkt\/grand-daddy-purple\/#breadcrumb","itemListElement":[{"@type":"ListItem","position":1,"name":"Home","item":"https:\/\/koupitmarihuanu.com\/"},{"@type":"ListItem","position":2,"name":"Prodejna","item":"https:\/\/koupitmarihuanu.com\/prodejna\/"},{"@type":"ListItem","position":3,"name":"Grand Daddy Purple"}]},{"@type":"WebSite","@id":"https:\/\/koupitmarihuanu.com\/#website","url":"https:\/\/koupitmarihuanu.com\/","name":"Marihuana kaufen","description":"Mein WordPress-Blog","publisher":{"@id":"https:\/\/koupitmarihuanu.com\/#organization"},"potentialAction":[{"@type":"SearchAction","target":{"@type":"EntryPoint","urlTemplate":"https:\/\/koupitmarihuanu.com\/?s={search_term_string}"},"query-input":"required name=search_term_string"}],"inLanguage":"de-CH"},{"@type":"Organization","@id":"https:\/\/koupitmarihuanu.com\/#organization","name":"Marihuana kaufen","url":"https:\/\/koupitmarihuanu.com\/","logo":{"@type":"ImageObject","inLanguage":"de-CH","@id":"https:\/\/koupitmarihuanu.com\/#\/schema\/logo\/image\/","url":"https:\/\/koupitmarihuanu.com\/wp-content\/uploads\/2024\/01\/black-logo.png","contentUrl":"https:\/\/koupitmarihuanu.com\/wp-content\/uploads\/2024\/01\/black-logo.png","width":300,"height":63,"caption":"Koupit Marihuanu"},"image":{"@id":"https:\/\/koupitmarihuanu.com\/#\/schema\/logo\/image\/"}}]}},"_links":{"self":[{"href":"https:\/\/koupitmarihuanu.com\/de\/wp-json\/wp\/v2\/product\/28","targetHints":{"allow":["GET"]}}],"collection":[{"href":"https:\/\/koupitmarihuanu.com\/de\/wp-json\/wp\/v2\/product"}],"about":[{"href":"https:\/\/koupitmarihuanu.com\/de\/wp-json\/wp\/v2\/types\/product"}],"replies":[{"embeddable":true,"href":"https:\/\/koupitmarihuanu.com\/de\/wp-json\/wp\/v2\/comments?post=28"}],"wp:featuredmedia":[{"embeddable":true,"href":"https:\/\/koupitmarihuanu.com\/de\/wp-json\/wp\/v2\/media\/1227"}],"wp:attachment":[{"href":"https:\/\/koupitmarihuanu.com\/de\/wp-json\/wp\/v2\/media?parent=28"}],"wp:term":[{"taxonomy":"product_brand","embeddable":true,"href":"https:\/\/koupitmarihuanu.com\/de\/wp-json\/wp\/v2\/product_brand?post=28"},{"taxonomy":"product_cat","embeddable":true,"href":"https:\/\/koupitmarihuanu.com\/de\/wp-json\/wp\/v2\/product_cat?post=28"},{"taxonomy":"product_tag","embeddable":true,"href":"https:\/\/koupitmarihuanu.com\/de\/wp-json\/wp\/v2\/product_tag?post=28"}],"curies":[{"name":"wp","href":"https:\/\/api.w.org\/{rel}","templated":true}]}}