{"id":102,"date":"2023-12-26T07:29:03","date_gmt":"2023-12-26T07:29:03","guid":{"rendered":"https:\/\/cannasmed.com\/herbe\/?post_type=product&#038;p=102"},"modified":"2026-02-18T12:58:46","modified_gmt":"2026-02-18T12:58:46","slug":"raute-420","status":"publish","type":"product","link":"https:\/\/koupitmarihuanu.com\/de\/produkt\/hash-420\/","title":{"rendered":"Raute 420"},"content":{"rendered":"<h2>Koupit Hash 420 online<\/h2>\n<p>Koupit Hash 420 online ozna\u010duje proces n\u00e1kupu ha\u0161i\u0161ov\u00fdch produkt\u016f zna\u010dkov\u00fdch nebo kategorizovan\u00fdch pod n\u00e1zvem Hash 420 prost\u0159ednictv\u00edm internetov\u00fdch platforem, kde je prodej konop\u00ed leg\u00e1ln\u011b povolen. Tuto fr\u00e1zi b\u011b\u017en\u011b vyhled\u00e1vaj\u00ed jednotlivci, kte\u0159\u00ed cht\u011bj\u00ed p\u0159ed n\u00e1kupem porovnat kvalitu produktu, \u00fa\u010dinnost, texturu a cenu Hash 420. Mnoho spot\u0159ebitel\u016f pou\u017e\u00edv\u00e1 vyhled\u00e1vac\u00ed dotazy jako \u201e<a href=\"https:\/\/koupitmarihuanu.com\/de\/produkt\/raute-420\/\">Koupit Hash 420 online<\/a>\u201c nebo \u201eKde koupit Hash 420?\u201c p\u0159i prozkoum\u00e1v\u00e1n\u00ed licencovan\u00fdch v\u00fddejen a prohl\u00ed\u017een\u00ed dostupn\u00fdch mo\u017enost\u00ed.<\/p>\n<p>Hash, zkratka pro hashish, je konopn\u00fd koncentr\u00e1t vyroben\u00fd sb\u011brem a lisov\u00e1n\u00edm prysky\u0159i\u010dn\u00fdch \u017el\u00e1z zn\u00e1m\u00fdch jako trichomy z rostliny konop\u00ed. Tyto trichomy obsahuj\u00ed kanabinoidy, jako je THC a n\u011bkdy CBD, v z\u00e1vislosti na zdrojov\u00e9m materi\u00e1lu. Hash 420 na prodej se obvykle vztahuje ke specifick\u00e9 odr\u016fd\u011b, \u0161ar\u017ei nebo zna\u010dce ha\u0161i\u0161ov\u00fdch produkt\u016f dostupn\u00fdch na regulovan\u00fdch trz\u00edch. Proto\u017ee je hash koncentrovan\u011bj\u0161\u00ed ne\u017e tradi\u010dn\u00ed konopn\u00fd kv\u011bt, m\u016f\u017ee m\u00edt siln\u011bj\u0161\u00ed \u00fa\u010dinky v z\u00e1vislosti na \u00fa\u010dinnosti a d\u00e1vkov\u00e1n\u00ed.<\/p>\n<p>P\u0159i posuzov\u00e1n\u00ed, zda koupit Hash 420 online, z\u00e1kazn\u00edci \u010dasto sleduj\u00ed procentu\u00e1ln\u00ed obsah kanabinoid\u016f, v\u00fdrobn\u00ed metody, texturu, aroma a celkovou hodnotu. Cena Hash 420 se m\u016f\u017ee li\u0161it v z\u00e1vislosti na kvalit\u011b, extrak\u010dn\u00edch technik\u00e1ch a tr\u017en\u00edch regulac\u00edch. Porovn\u00e1n\u00ed mo\u017enost\u00ed pom\u00e1h\u00e1 kupuj\u00edc\u00edm \u010dinit informovan\u00e1 rozhodnut\u00ed o n\u00e1kupu.<\/p>\n<h3>Co je Hash 420 online?<\/h3>\n<p>Hash 420 online ozna\u010duje dostupnost produkt\u016f <a href=\"https:\/\/koupitmarihuanu.com\/de\/\">Raute 420<\/a> prost\u0159ednictv\u00edm licencovan\u00fdch online v\u00fddejen nebo regulovan\u00fdch platforem pro maloobchod s konop\u00edm. M\u00edsto n\u00e1v\u0161t\u011bvy kamenn\u00e9 prodejny si z\u00e1kazn\u00edci mohou prohl\u00ed\u017eet podrobn\u00e9 nab\u00eddky, porovn\u00e1vat specifikace produkt\u016f a hodnotit Hash 420 k prodeji z bezpe\u010dn\u00e9ho digit\u00e1ln\u00edho prost\u0159ed\u00ed. Fr\u00e1ze \u201eKoupit Hash 420 online\u201c zd\u016fraz\u0148uje pohodl\u00ed a diskr\u00e9tnost n\u00e1kupu prost\u0159ednictv\u00edm webov\u00fdch str\u00e1nek za p\u0159edpokladu, \u017ee takov\u00e9 transakce spl\u0148uj\u00ed m\u00edstn\u00ed z\u00e1kony o konop\u00ed.<\/p>\n<p>Online prodejci obvykle poskytuj\u00ed popisy produkt\u016f, kter\u00e9 zahrnuj\u00ed \u00farovn\u011b \u00fa\u010dinnosti, podrobnosti o v\u00fdrob\u011b a n\u011bkdy i informace o laboratorn\u00edch testech. P\u0159i hled\u00e1n\u00ed nejlep\u0161\u00edho m\u00edsta pro n\u00e1kup Hash 420 online z\u00e1kazn\u00edci obecn\u011b up\u0159ednost\u0148uj\u00ed transparentn\u00ed informace, bezpe\u010dn\u00e9 platebn\u00ed syst\u00e9my a spolehliv\u00e9 doru\u010dovac\u00ed slu\u017eby.<\/p>\n<h3>Nejlep\u0161\u00ed vyu\u017eit\u00ed a p\u0159\u00ednosy Hash 420<\/h3>\n<p>Hash 420 je \u010dasto vyb\u00edr\u00e1n pro sv\u016fj koncentrovan\u00fd obsah kanabinoid\u016f a rafinovanou texturu. Mnoho u\u017eivatel\u016f oce\u0148uje hash pro jeho \u00fa\u010dinnost a aromatick\u00fd profil, kter\u00fd dok\u00e1\u017ee zachovat mnoho p\u0159\u00edrodn\u00edch slou\u010denin rostliny. Proto\u017ee se jedn\u00e1 o koncentr\u00e1t, men\u0161\u00ed mno\u017estv\u00ed m\u016f\u017ee m\u00edt ve srovn\u00e1n\u00ed s kv\u011btinov\u00fdmi produkty znateln\u00e9 \u00fa\u010dinky.<\/p>\n<p>N\u011bkte\u0159\u00ed lid\u00e9 zkoumaj\u00ed Hash 420 pro relaxaci nebo osobn\u00ed pot\u011b\u0161en\u00ed v regulovan\u00e9m prost\u0159ed\u00ed. Stejn\u011b jako u v\u0161ech konopn\u00fdch koncentr\u00e1t\u016f se \u00fa\u010dinky mohou li\u0161it v z\u00e1vislosti na d\u00e1vkov\u00e1n\u00ed, toleranci a individu\u00e1ln\u00ed t\u011blesn\u00e9 chemii. Zodpov\u011bdn\u00e1 konzumace je d\u016fle\u017eit\u00e1 p\u0159i online objedn\u00e1vce Hash 420, zejm\u00e9na p\u0159i v\u00fdb\u011bru mo\u017enost\u00ed s vy\u0161\u0161\u00ed \u00fa\u010dinnost\u00ed.<\/p>\n<h3>Pro\u010d koupit Hash 420 online na koupitmarihuanu.com?<\/h3>\n<p>N\u00e1kup Hash 420 online na koupitmarihuanu.com poskytuje z\u00e1kazn\u00edk\u016fm efektivn\u00ed zp\u016fsob, jak z\u00edskat p\u0159\u00edstup ke konopn\u00fdm koncentr\u00e1t\u016fm tam, kde je to leg\u00e1ln\u011b povoleno. Mnoho kupuj\u00edc\u00edch hled\u00e1 nejlep\u0161\u00ed m\u00edsto pro online n\u00e1kup Hash 420, aby si zajistili jasn\u00e9 popisy produkt\u016f a spolehliv\u00fd servis.<\/p>\n<p>P\u0159ed rozhodnut\u00edm koupit Hash 420 online z\u00e1kazn\u00edci \u010dasto zva\u017euj\u00ed d\u016fv\u011bryhodnost webov\u00fdch str\u00e1nek, dostupnost z\u00e1kaznick\u00e9 podpory, konkurenceschopn\u00e9 ceny a soulad s m\u00edstn\u00edmi p\u0159edpisy. Pokud v\u00e1s zaj\u00edm\u00e1, kde koupit Hash 420, je p\u0159ed dokon\u010den\u00edm transakce nezbytn\u00e9 ov\u011b\u0159it, zda prodejce funguje v souladu s platn\u00fdmi z\u00e1kony o konop\u00ed.<\/p>\n<h3>Jak si u n\u00e1s objednat Hash 420 online<\/h3>\n<p>Chce-li si z\u00e1kazn\u00edci objednat Hash 420 online, obvykle nav\u0161t\u00edv\u00ed webov\u00e9 str\u00e1nky, prohl\u00e9dnou si dostupn\u00e9 nab\u00eddky a vyberou preferovan\u00fd produkt. Po p\u0159id\u00e1n\u00ed polo\u017eky do ko\u0161\u00edku pokra\u010duj\u00ed k pokladn\u011b, poskytnou po\u017eadovan\u00e9 \u00fadaje a dokon\u010d\u00ed platbu schv\u00e1len\u00fdmi metodami.<\/p>\n<p>V <a href=\"https:\/\/en.wikipedia.org\/wiki\/420_(cannabis_culture)\">z\u00e1vislosti<\/a> na region\u00e1ln\u00edch p\u0159edpisech m\u016f\u017ee b\u00fdt p\u0159ed \u00fasp\u011b\u0161nou online objedn\u00e1vkou Hash 420 vy\u017eadov\u00e1no ov\u011b\u0159en\u00ed v\u011bku nebo zp\u016fsobilosti. Po potvrzen\u00ed jsou poskytnuty dodac\u00ed lh\u016fty a podrobnosti o doru\u010den\u00ed. P\u0159ed n\u00e1kupem jak\u00e9hokoli Hash 420 online je d\u016fle\u017eit\u00e9 si pe\u010dliv\u011b prostudovat z\u00e1sady obchodu.<\/p>","protected":false},"excerpt":{"rendered":"<p>Koupit Hash 420 online Koupit Hash 420 online ozna\u010duje proces n\u00e1kupu ha\u0161i\u0161ov\u00fdch produkt\u016f zna\u010dkov\u00fdch nebo kategorizovan\u00fdch pod n\u00e1zvem Hash 420 prost\u0159ednictv\u00edm internetov\u00fdch platforem, kde je prodej konop\u00ed leg\u00e1ln\u011b povolen. Tuto fr\u00e1zi b\u011b\u017en\u011b vyhled\u00e1vaj\u00ed jednotlivci, kte\u0159\u00ed cht\u011bj\u00ed p\u0159ed n\u00e1kupem porovnat kvalitu produktu, \u00fa\u010dinnost, texturu a cenu Hash 420. Mnoho spot\u0159ebitel\u016f pou\u017e\u00edv\u00e1 vyhled\u00e1vac\u00ed dotazy jako \u201eKoupit Hash [&hellip;]<\/p>\n","protected":false},"featured_media":1181,"comment_status":"open","ping_status":"closed","template":"","meta":{"site-sidebar-layout":"default","site-content-layout":"","ast-site-content-layout":"default","site-content-style":"default","site-sidebar-style":"default","ast-global-header-display":"","ast-banner-title-visibility":"","ast-main-header-display":"","ast-hfb-above-header-display":"","ast-hfb-below-header-display":"","ast-hfb-mobile-header-display":"","site-post-title":"","ast-breadcrumbs-content":"","ast-featured-img":"","footer-sml-layout":"","ast-disable-related-posts":"","theme-transparent-header-meta":"default","adv-header-id-meta":"","stick-header-meta":"default","header-above-stick-meta":"","header-main-stick-meta":"","header-below-stick-meta":"","astra-migrate-meta-layouts":"set","ast-page-background-enabled":"default","ast-page-background-meta":{"desktop":{"background-color":"var(--ast-global-color-4)","background-image":"","background-repeat":"repeat","background-position":"center center","background-size":"auto","background-attachment":"scroll","background-type":"","background-media":"","overlay-type":"","overlay-color":"","overlay-opacity":"","overlay-gradient":""},"tablet":{"background-color":"","background-image":"","background-repeat":"repeat","background-position":"center center","background-size":"auto","background-attachment":"scroll","background-type":"","background-media":"","overlay-type":"","overlay-color":"","overlay-opacity":"","overlay-gradient":""},"mobile":{"background-color":"","background-image":"","background-repeat":"repeat","background-position":"center center","background-size":"auto","background-attachment":"scroll","background-type":"","background-media":"","overlay-type":"","overlay-color":"","overlay-opacity":"","overlay-gradient":""}},"ast-content-background-meta":{"desktop":{"background-color":"var(--ast-global-color-5)","background-image":"","background-repeat":"repeat","background-position":"center center","background-size":"auto","background-attachment":"scroll","background-type":"","background-media":"","overlay-type":"","overlay-color":"","overlay-opacity":"","overlay-gradient":""},"tablet":{"background-color":"var(--ast-global-color-5)","background-image":"","background-repeat":"repeat","background-position":"center center","background-size":"auto","background-attachment":"scroll","background-type":"","background-media":"","overlay-type":"","overlay-color":"","overlay-opacity":"","overlay-gradient":""},"mobile":{"background-color":"var(--ast-global-color-5)","background-image":"","background-repeat":"repeat","background-position":"center center","background-size":"auto","background-attachment":"scroll","background-type":"","background-media":"","overlay-type":"","overlay-color":"","overlay-opacity":"","overlay-gradient":""}},"_joinchat":[]},"product_brand":[],"product_cat":[18],"product_tag":[],"class_list":{"0":"post-102","1":"product","2":"type-product","3":"status-publish","4":"has-post-thumbnail","6":"product_cat-hasis","7":"desktop-align-left","8":"tablet-align-left","9":"mobile-align-left","10":"ast-product-gallery-layout-horizontal-slider","11":"ast-product-gallery-with-no-image","12":"ast-product-single-variable","13":"ast-product-tabs-layout-horizontal","15":"first","16":"instock","17":"shipping-taxable","18":"purchasable","19":"product-type-variable"},"yoast_head":"<!-- This site is optimized with the Yoast SEO plugin v22.6 - https:\/\/yoast.com\/wordpress\/plugins\/seo\/ -->\n<title>Koupit Hash 420 online \u2013 Hash 420 na prodej<\/title>\n<meta name=\"description\" content=\"Nenechte si uj\u00edt \u017e\u00e1dnou p\u0159\u00edle\u017eitost koupit Hash 420 online z na\u0161eho obchodu. Zab\u00fdv\u00e1me se v\u00fdhradn\u011b prodejem Hash 420 za n\u00edzk\u00e9 ceny. Jsme tu, abychom v\u00e1m pomohli. Objednejte nyn\u00ed!\" \/>\n<meta name=\"robots\" content=\"index, follow, max-snippet:-1, max-image-preview:large, max-video-preview:-1\" \/>\n<link rel=\"canonical\" href=\"https:\/\/koupitmarihuanu.com\/de\/produkt\/raute-420\/\" \/>\n<meta property=\"og:locale\" content=\"de_DE\" \/>\n<meta property=\"og:type\" content=\"article\" \/>\n<meta property=\"og:title\" content=\"Koupit Hash 420 online \u2013 Hash 420 na prodej\" \/>\n<meta property=\"og:description\" content=\"Nenechte si uj\u00edt \u017e\u00e1dnou p\u0159\u00edle\u017eitost koupit Hash 420 online z na\u0161eho obchodu. Zab\u00fdv\u00e1me se v\u00fdhradn\u011b prodejem Hash 420 za n\u00edzk\u00e9 ceny. Jsme tu, abychom v\u00e1m pomohli. Objednejte nyn\u00ed!\" \/>\n<meta property=\"og:url\" content=\"https:\/\/koupitmarihuanu.com\/de\/produkt\/raute-420\/\" \/>\n<meta property=\"og:site_name\" content=\"Koupit Marihuanu\" \/>\n<meta property=\"article:modified_time\" content=\"2026-02-18T12:58:46+00:00\" \/>\n<meta property=\"og:image\" content=\"https:\/\/koupitmarihuanu.com\/wp-content\/uploads\/2023\/12\/HASH-420.jpg\" \/>\n\t<meta property=\"og:image:width\" content=\"600\" \/>\n\t<meta property=\"og:image:height\" content=\"600\" \/>\n\t<meta property=\"og:image:type\" content=\"image\/jpeg\" \/>\n<meta name=\"twitter:card\" content=\"summary_large_image\" \/>\n<meta name=\"twitter:label1\" content=\"Gesch\u00e4tzte Lesezeit\" \/>\n\t<meta name=\"twitter:data1\" content=\"3\u00a0Minuten\" \/>\n<script type=\"application\/ld+json\" class=\"yoast-schema-graph\">{\"@context\":\"https:\/\/schema.org\",\"@graph\":[{\"@type\":\"WebPage\",\"@id\":\"https:\/\/koupitmarihuanu.com\/produkt\/hash-420\/\",\"url\":\"https:\/\/koupitmarihuanu.com\/produkt\/hash-420\/\",\"name\":\"Koupit Hash 420 online \u2013 Hash 420 na prodej\",\"isPartOf\":{\"@id\":\"https:\/\/koupitmarihuanu.com\/#website\"},\"primaryImageOfPage\":{\"@id\":\"https:\/\/koupitmarihuanu.com\/produkt\/hash-420\/#primaryimage\"},\"image\":{\"@id\":\"https:\/\/koupitmarihuanu.com\/produkt\/hash-420\/#primaryimage\"},\"thumbnailUrl\":\"https:\/\/koupitmarihuanu.com\/wp-content\/uploads\/2023\/12\/HASH-420.jpg\",\"datePublished\":\"2023-12-26T07:29:03+00:00\",\"dateModified\":\"2026-02-18T12:58:46+00:00\",\"description\":\"Nenechte si uj\u00edt \u017e\u00e1dnou p\u0159\u00edle\u017eitost koupit Hash 420 online z na\u0161eho obchodu. Zab\u00fdv\u00e1me se v\u00fdhradn\u011b prodejem Hash 420 za n\u00edzk\u00e9 ceny. Jsme tu, abychom v\u00e1m pomohli. Objednejte nyn\u00ed!\",\"breadcrumb\":{\"@id\":\"https:\/\/koupitmarihuanu.com\/produkt\/hash-420\/#breadcrumb\"},\"inLanguage\":\"de-CH\",\"potentialAction\":[{\"@type\":\"ReadAction\",\"target\":[\"https:\/\/koupitmarihuanu.com\/produkt\/hash-420\/\"]}]},{\"@type\":\"ImageObject\",\"inLanguage\":\"de-CH\",\"@id\":\"https:\/\/koupitmarihuanu.com\/produkt\/hash-420\/#primaryimage\",\"url\":\"https:\/\/koupitmarihuanu.com\/wp-content\/uploads\/2023\/12\/HASH-420.jpg\",\"contentUrl\":\"https:\/\/koupitmarihuanu.com\/wp-content\/uploads\/2023\/12\/HASH-420.jpg\",\"width\":600,\"height\":600,\"caption\":\"Koupit HASH-420 Online\"},{\"@type\":\"BreadcrumbList\",\"@id\":\"https:\/\/koupitmarihuanu.com\/produkt\/hash-420\/#breadcrumb\",\"itemListElement\":[{\"@type\":\"ListItem\",\"position\":1,\"name\":\"Home\",\"item\":\"https:\/\/koupitmarihuanu.com\/\"},{\"@type\":\"ListItem\",\"position\":2,\"name\":\"Prodejna\",\"item\":\"https:\/\/koupitmarihuanu.com\/prodejna\/\"},{\"@type\":\"ListItem\",\"position\":3,\"name\":\"Hash 420\"}]},{\"@type\":\"WebSite\",\"@id\":\"https:\/\/koupitmarihuanu.com\/#website\",\"url\":\"https:\/\/koupitmarihuanu.com\/\",\"name\":\"Koupit Marihuanu\",\"description\":\"My WordPress Blog\",\"publisher\":{\"@id\":\"https:\/\/koupitmarihuanu.com\/#organization\"},\"potentialAction\":[{\"@type\":\"SearchAction\",\"target\":{\"@type\":\"EntryPoint\",\"urlTemplate\":\"https:\/\/koupitmarihuanu.com\/?s={search_term_string}\"},\"query-input\":\"required name=search_term_string\"}],\"inLanguage\":\"de-CH\"},{\"@type\":\"Organization\",\"@id\":\"https:\/\/koupitmarihuanu.com\/#organization\",\"name\":\"Koupit Marihuanu\",\"url\":\"https:\/\/koupitmarihuanu.com\/\",\"logo\":{\"@type\":\"ImageObject\",\"inLanguage\":\"de-CH\",\"@id\":\"https:\/\/koupitmarihuanu.com\/#\/schema\/logo\/image\/\",\"url\":\"https:\/\/koupitmarihuanu.com\/wp-content\/uploads\/2024\/01\/black-logo.png\",\"contentUrl\":\"https:\/\/koupitmarihuanu.com\/wp-content\/uploads\/2024\/01\/black-logo.png\",\"width\":300,\"height\":63,\"caption\":\"Koupit Marihuanu\"},\"image\":{\"@id\":\"https:\/\/koupitmarihuanu.com\/#\/schema\/logo\/image\/\"}}]}<\/script>\n<!-- \/ Yoast SEO plugin. -->","yoast_head_json":{"title":"Kaufen Sie Hash 420 online \u2013 Hash 420 zum Verkauf","description":"Verpassen Sie keine Gelegenheit, Hash 420 online in unserem Shop zu kaufen. Wir besch\u00e4ftigen uns ausschlie\u00dflich mit dem Verkauf von Hash 420 zu g\u00fcnstigen Preisen. Wir sind hier, um Ihnen zu helfen. Jetzt bestellen!","robots":{"index":"index","follow":"follow","max-snippet":"max-snippet:-1","max-image-preview":"max-image-preview:large","max-video-preview":"max-video-preview:-1"},"canonical":"https:\/\/koupitmarihuanu.com\/de\/produkt\/raute-420\/","og_locale":"de_DE","og_type":"article","og_title":"Koupit Hash 420 online \u2013 Hash 420 na prodej","og_description":"Nenechte si uj\u00edt \u017e\u00e1dnou p\u0159\u00edle\u017eitost koupit Hash 420 online z na\u0161eho obchodu. Zab\u00fdv\u00e1me se v\u00fdhradn\u011b prodejem Hash 420 za n\u00edzk\u00e9 ceny. Jsme tu, abychom v\u00e1m pomohli. Objednejte nyn\u00ed!","og_url":"https:\/\/koupitmarihuanu.com\/de\/produkt\/raute-420\/","og_site_name":"Koupit Marihuanu","article_modified_time":"2026-02-18T12:58:46+00:00","og_image":[{"width":600,"height":600,"url":"https:\/\/koupitmarihuanu.com\/wp-content\/uploads\/2023\/12\/HASH-420.jpg","type":"image\/jpeg"}],"twitter_card":"summary_large_image","twitter_misc":{"Gesch\u00e4tzte Lesezeit":"3\u00a0Minuten"},"schema":{"@context":"https:\/\/schema.org","@graph":[{"@type":"WebPage","@id":"https:\/\/koupitmarihuanu.com\/produkt\/hash-420\/","url":"https:\/\/koupitmarihuanu.com\/produkt\/hash-420\/","name":"Kaufen Sie Hash 420 online \u2013 Hash 420 zum Verkauf","isPartOf":{"@id":"https:\/\/koupitmarihuanu.com\/#website"},"primaryImageOfPage":{"@id":"https:\/\/koupitmarihuanu.com\/produkt\/hash-420\/#primaryimage"},"image":{"@id":"https:\/\/koupitmarihuanu.com\/produkt\/hash-420\/#primaryimage"},"thumbnailUrl":"https:\/\/koupitmarihuanu.com\/wp-content\/uploads\/2023\/12\/HASH-420.jpg","datePublished":"2023-12-26T07:29:03+00:00","dateModified":"2026-02-18T12:58:46+00:00","description":"Verpassen Sie keine Gelegenheit, Hash 420 online in unserem Shop zu kaufen. Wir besch\u00e4ftigen uns ausschlie\u00dflich mit dem Verkauf von Hash 420 zu g\u00fcnstigen Preisen. Wir sind hier, um Ihnen zu helfen. Jetzt bestellen!","breadcrumb":{"@id":"https:\/\/koupitmarihuanu.com\/produkt\/hash-420\/#breadcrumb"},"inLanguage":"de-CH","potentialAction":[{"@type":"ReadAction","target":["https:\/\/koupitmarihuanu.com\/produkt\/hash-420\/"]}]},{"@type":"ImageObject","inLanguage":"de-CH","@id":"https:\/\/koupitmarihuanu.com\/produkt\/hash-420\/#primaryimage","url":"https:\/\/koupitmarihuanu.com\/wp-content\/uploads\/2023\/12\/HASH-420.jpg","contentUrl":"https:\/\/koupitmarihuanu.com\/wp-content\/uploads\/2023\/12\/HASH-420.jpg","width":600,"height":600,"caption":"Koupit HASH-420 Online"},{"@type":"BreadcrumbList","@id":"https:\/\/koupitmarihuanu.com\/produkt\/hash-420\/#breadcrumb","itemListElement":[{"@type":"ListItem","position":1,"name":"Home","item":"https:\/\/koupitmarihuanu.com\/"},{"@type":"ListItem","position":2,"name":"Prodejna","item":"https:\/\/koupitmarihuanu.com\/prodejna\/"},{"@type":"ListItem","position":3,"name":"Hash 420"}]},{"@type":"WebSite","@id":"https:\/\/koupitmarihuanu.com\/#website","url":"https:\/\/koupitmarihuanu.com\/","name":"Marihuana kaufen","description":"Mein WordPress-Blog","publisher":{"@id":"https:\/\/koupitmarihuanu.com\/#organization"},"potentialAction":[{"@type":"SearchAction","target":{"@type":"EntryPoint","urlTemplate":"https:\/\/koupitmarihuanu.com\/?s={search_term_string}"},"query-input":"required name=search_term_string"}],"inLanguage":"de-CH"},{"@type":"Organization","@id":"https:\/\/koupitmarihuanu.com\/#organization","name":"Marihuana kaufen","url":"https:\/\/koupitmarihuanu.com\/","logo":{"@type":"ImageObject","inLanguage":"de-CH","@id":"https:\/\/koupitmarihuanu.com\/#\/schema\/logo\/image\/","url":"https:\/\/koupitmarihuanu.com\/wp-content\/uploads\/2024\/01\/black-logo.png","contentUrl":"https:\/\/koupitmarihuanu.com\/wp-content\/uploads\/2024\/01\/black-logo.png","width":300,"height":63,"caption":"Koupit Marihuanu"},"image":{"@id":"https:\/\/koupitmarihuanu.com\/#\/schema\/logo\/image\/"}}]}},"_links":{"self":[{"href":"https:\/\/koupitmarihuanu.com\/de\/wp-json\/wp\/v2\/product\/102","targetHints":{"allow":["GET"]}}],"collection":[{"href":"https:\/\/koupitmarihuanu.com\/de\/wp-json\/wp\/v2\/product"}],"about":[{"href":"https:\/\/koupitmarihuanu.com\/de\/wp-json\/wp\/v2\/types\/product"}],"replies":[{"embeddable":true,"href":"https:\/\/koupitmarihuanu.com\/de\/wp-json\/wp\/v2\/comments?post=102"}],"wp:featuredmedia":[{"embeddable":true,"href":"https:\/\/koupitmarihuanu.com\/de\/wp-json\/wp\/v2\/media\/1181"}],"wp:attachment":[{"href":"https:\/\/koupitmarihuanu.com\/de\/wp-json\/wp\/v2\/media?parent=102"}],"wp:term":[{"taxonomy":"product_brand","embeddable":true,"href":"https:\/\/koupitmarihuanu.com\/de\/wp-json\/wp\/v2\/product_brand?post=102"},{"taxonomy":"product_cat","embeddable":true,"href":"https:\/\/koupitmarihuanu.com\/de\/wp-json\/wp\/v2\/product_cat?post=102"},{"taxonomy":"product_tag","embeddable":true,"href":"https:\/\/koupitmarihuanu.com\/de\/wp-json\/wp\/v2\/product_tag?post=102"}],"curies":[{"name":"wp","href":"https:\/\/api.w.org\/{rel}","templated":true}]}}