{"id":23,"date":"2023-12-26T07:28:54","date_gmt":"2023-12-26T07:28:54","guid":{"rendered":"https:\/\/cannasmed.com\/herbe\/?post_type=product&#038;p=23"},"modified":"2026-02-18T11:41:11","modified_gmt":"2026-02-18T11:41:11","slug":"gelato-41","status":"publish","type":"product","link":"https:\/\/koupitmarihuanu.com\/da\/produkt\/gelato-41\/","title":{"rendered":"Gelato 41"},"content":{"rendered":"<h2>Koupit Gelato 41 online<\/h2>\n<p>Koupit Gelato 41 online ozna\u010duje proces n\u00e1kupu produkt\u016f odvozen\u00fdch z odr\u016fdy Gelato 41 prost\u0159ednictv\u00edm internetov\u00fdch platforem, kde je prodej konop\u00ed leg\u00e1ln\u011b povolen. Tuto fr\u00e1zi b\u011b\u017en\u011b pou\u017e\u00edvaj\u00ed jednotlivci, kte\u0159\u00ed si cht\u011bj\u00ed p\u0159ed n\u00e1kupem prohl\u00e9dnout kvalitu produktu, chu\u0165ov\u00fd profil, \u00farove\u0148 \u00fa\u010dinnosti a cenu Gelato 41. Mnoho spot\u0159ebitel\u016f vyhled\u00e1v\u00e1 v\u00fdrazy jako \u201e<a href=\"https:\/\/koupitmarihuanu.com\/da\/produkt\/gelato-41\/\">Koupit Gelato 41 online<\/a>\u201c nebo \u201eKde koupit Gelato 41?\u201c, kdy\u017e porovn\u00e1vaj\u00ed licencovan\u00e9 prodejce a hodnot\u00ed dostupn\u00e9 nab\u00eddky.<\/p>\n<p>Gelato 41 je zn\u00e1m\u00e9 svou sladkou, kr\u00e9movou v\u016fn\u00ed v kombinaci s jemn\u00fdmi zemit\u00fdmi a citrusov\u00fdmi podt\u00f3ny. Jako hybridn\u00ed odr\u016fda je \u010dasto spojov\u00e1na s vyv\u00e1\u017eenou kombinac\u00ed povzn\u00e1\u0161ej\u00edc\u00edch du\u0161evn\u00edch \u00fa\u010dink\u016f a uklid\u0148uj\u00edc\u00edch fyzick\u00fdch pocit\u016f. Kdy\u017e lid\u00e9 hledaj\u00ed Gelato 41 na prodej, obvykle hledaj\u00ed autentick\u00e9 konopn\u00e9 produkty, kter\u00e9 zachov\u00e1vaj\u00ed jedine\u010dn\u00fd terpenov\u00fd a kanabinoidn\u00ed profil odr\u016fdy.<\/p>\n<p>Produkty vyroben\u00e9 z Gelato 41 mohou obsahovat r\u016fzn\u00e9 hladiny THC a n\u011bkdy i CBD v z\u00e1vislosti na slo\u017een\u00ed a v\u00fdrobn\u00edm procesu. THC p\u0159isp\u00edv\u00e1 k psychoaktivn\u00edm \u00fa\u010dink\u016fm, zat\u00edmco CBD nen\u00ed omamn\u00e9 a \u010dasto je spojov\u00e1no s podp\u016frn\u00fdmi \u00fa\u010dinky. Vzhledem k jeho popularit\u011b mnoho kupuj\u00edc\u00edch porovn\u00e1v\u00e1 podrobnosti o \u00fa\u010dinnosti a kontroluje celkovou cenu Gelato 41, ne\u017e se rozhodnou koupit Gelato 41 online.<\/p>\n<h3>Co je Gelato 41 online?<\/h3>\n<p>Gelato 41 online ozna\u010duje dostupnost t\u00e9to odr\u016fdy prost\u0159ednictv\u00edm licencovan\u00fdch online v\u00fddejen nebo regulovan\u00fdch webov\u00fdch str\u00e1nek s maloobchodn\u00edm prodejem konop\u00ed. M\u00edsto n\u00e1v\u0161t\u011bvy kamenn\u00e9 prodejny si z\u00e1kazn\u00edci mohou prohl\u00ed\u017eet popisy produkt\u016f, porovn\u00e1vat mo\u017enosti a hodnotit Gelato 41 k prodeji z zabezpe\u010den\u00e9 digit\u00e1ln\u00ed platformy. Fr\u00e1ze \u201eKoupit Gelato 41 online\u201c zd\u016fraz\u0148uje pohodl\u00ed a dostupnost n\u00e1kupu z domova, pokud to m\u00edstn\u00ed p\u0159edpisy t\u00fdkaj\u00edc\u00ed se konop\u00ed umo\u017e\u0148uj\u00ed.<\/p>\n<p>Online prodejci \u010dasto poskytuj\u00ed podrobn\u00e9 informace o procentu\u00e1ln\u00edm obsahu kanabinoid\u016f, terpenov\u00fdch profilech, standardech laboratorn\u00edch test\u016f a form\u00e1tech balen\u00ed. P\u0159i hled\u00e1n\u00ed nejlep\u0161\u00edho m\u00edsta pro n\u00e1kup Gelato 41 online z\u00e1kazn\u00edci obvykle up\u0159ednost\u0148uj\u00ed transparentnost, dodr\u017eov\u00e1n\u00ed z\u00e1kon\u016f a bezpe\u010dn\u00e9 zpracov\u00e1n\u00ed plateb.<\/p>\n<h3>Nejlep\u0161\u00ed vyu\u017eit\u00ed a v\u00fdhody Gelato 41<\/h3>\n<p>Gelato 41 je \u010dasto spojov\u00e1no s vyv\u00e1\u017een\u00fdm z\u00e1\u017eitkem, kter\u00fd m\u016f\u017ee za\u010d\u00edt jemn\u00fdm povznesen\u00edm n\u00e1lady, po kter\u00e9m n\u00e1sleduje uvoln\u011bn\u00ed t\u011bla. Mnoho u\u017eivatel\u016f jej popisuje jako vhodn\u00fd pro spole\u010densk\u00e9 aktivity, kreativn\u00ed \u00fakoly nebo osobn\u00ed odpo\u010dinek, v z\u00e1vislosti na d\u00e1vkov\u00e1n\u00ed a toleranci.<\/p>\n<p>N\u011bkte\u0159\u00ed lid\u00e9 oce\u0148uj\u00ed Gelato 41 pro jeho jemnou chu\u0165 a aromatickou bohatost. Stejn\u011b jako u v\u0161ech konopn\u00fdch produkt\u016f se \u00fa\u010dinky mohou li\u0161it od \u010dlov\u011bka k \u010dlov\u011bku. Zodpov\u011bdn\u00e1 konzumace je d\u016fle\u017eit\u00e1 p\u0159i online objedn\u00e1vce Gelato 41, zejm\u00e9na p\u0159i v\u00fdb\u011bru produkt\u016f s vy\u0161\u0161\u00ed koncentrac\u00ed THC.<\/p>\n<h3>Pro\u010d koupit Gelato 41 online na koupitmarihuanu.com?<\/h3>\n<p>N\u00e1kup Gelato 41 online na <a href=\"https:\/\/koupitmarihuanu.com\/da\/\">koupitmarihuanu.com<\/a> poskytuje z\u00e1kazn\u00edk\u016fm efektivn\u00ed zp\u016fsob p\u0159\u00edstupu k konopn\u00fdm produkt\u016fm specifick\u00fdm pro danou odr\u016fdu. Mnoho kupuj\u00edc\u00edch hled\u00e1 nejlep\u0161\u00ed m\u00edsto pro online n\u00e1kup Gelato 41, aby si zajistili spolehliv\u00e9 popisy produkt\u016f a bezpe\u010dn\u00e9 transakce. Ne\u017e se rozhodnou koupit Gelato 41 online, z\u00e1kazn\u00edci \u010dasto zva\u017euj\u00ed faktory, jako je dostupnost z\u00e1kaznick\u00e9 podpory, d\u016fv\u011bryhodnost webov\u00fdch str\u00e1nek a konkurenceschopn\u00e9 ceny. Pokud v\u00e1s zaj\u00edm\u00e1, kde koupit Gelato 41, je p\u0159ed dokon\u010den\u00edm jak\u00e9koli objedn\u00e1vky nezbytn\u00e9 ov\u011b\u0159it, zda prodejce p\u016fsob\u00ed v souladu s pr\u00e1vn\u00edmi p\u0159edpisy platn\u00fdmi ve va\u0161em regionu.<\/p>\n<h3>Jak si u n\u00e1s objednat Gelato 41 online<\/h3>\n<p>Chce-li si z\u00e1kazn\u00edk objednat <a href=\"https:\/\/en.wikipedia.org\/wiki\/Gelato\">Gelato 41<\/a> online, obvykle nav\u0161t\u00edv\u00ed webov\u00e9 str\u00e1nky, prohl\u00e9dne si dostupn\u00e9 nab\u00eddky a vybere preferovan\u00fd produkt. Po p\u0159id\u00e1n\u00ed polo\u017eky do ko\u0161\u00edku pokra\u010duj\u00ed k pokladn\u011b, zadaj\u00ed po\u017eadovan\u00e9 \u00fadaje a dokon\u010d\u00ed platbu schv\u00e1len\u00fdmi metodami.<\/p>\n<p>V z\u00e1vislosti na m\u00edstn\u00edch p\u0159edpisech m\u016f\u017ee b\u00fdt p\u0159ed \u00fasp\u011b\u0161nou online objedn\u00e1vkou Gelato 41 vy\u017eadov\u00e1no ov\u011b\u0159en\u00ed v\u011bku nebo toto\u017enosti. Po potvrzen\u00ed jsou poskytnuty dodac\u00ed lh\u016fty a informace o doru\u010den\u00ed. Z\u00e1kazn\u00edci by si m\u011bli p\u0159ed n\u00e1kupem jak\u00e9hokoli Gelato 41 online pe\u010dliv\u011b prostudovat z\u00e1sady obchodu.<\/p>","protected":false},"excerpt":{"rendered":"<p>Koupit Gelato 41 online Koupit Gelato 41 online ozna\u010duje proces n\u00e1kupu produkt\u016f odvozen\u00fdch z odr\u016fdy Gelato 41 prost\u0159ednictv\u00edm internetov\u00fdch platforem, kde je prodej konop\u00ed leg\u00e1ln\u011b povolen. Tuto fr\u00e1zi b\u011b\u017en\u011b pou\u017e\u00edvaj\u00ed jednotlivci, kte\u0159\u00ed si cht\u011bj\u00ed p\u0159ed n\u00e1kupem prohl\u00e9dnout kvalitu produktu, chu\u0165ov\u00fd profil, \u00farove\u0148 \u00fa\u010dinnosti a cenu Gelato 41. Mnoho spot\u0159ebitel\u016f vyhled\u00e1v\u00e1 v\u00fdrazy jako \u201eKoupit Gelato 41 [&hellip;]<\/p>\n","protected":false},"featured_media":1218,"comment_status":"open","ping_status":"closed","template":"","meta":{"site-sidebar-layout":"default","site-content-layout":"","ast-site-content-layout":"default","site-content-style":"default","site-sidebar-style":"default","ast-global-header-display":"","ast-banner-title-visibility":"","ast-main-header-display":"","ast-hfb-above-header-display":"","ast-hfb-below-header-display":"","ast-hfb-mobile-header-display":"","site-post-title":"","ast-breadcrumbs-content":"","ast-featured-img":"","footer-sml-layout":"","ast-disable-related-posts":"","theme-transparent-header-meta":"default","adv-header-id-meta":"","stick-header-meta":"default","header-above-stick-meta":"","header-main-stick-meta":"","header-below-stick-meta":"","astra-migrate-meta-layouts":"set","ast-page-background-enabled":"default","ast-page-background-meta":{"desktop":{"background-color":"var(--ast-global-color-4)","background-image":"","background-repeat":"repeat","background-position":"center center","background-size":"auto","background-attachment":"scroll","background-type":"","background-media":"","overlay-type":"","overlay-color":"","overlay-opacity":"","overlay-gradient":""},"tablet":{"background-color":"","background-image":"","background-repeat":"repeat","background-position":"center center","background-size":"auto","background-attachment":"scroll","background-type":"","background-media":"","overlay-type":"","overlay-color":"","overlay-opacity":"","overlay-gradient":""},"mobile":{"background-color":"","background-image":"","background-repeat":"repeat","background-position":"center center","background-size":"auto","background-attachment":"scroll","background-type":"","background-media":"","overlay-type":"","overlay-color":"","overlay-opacity":"","overlay-gradient":""}},"ast-content-background-meta":{"desktop":{"background-color":"var(--ast-global-color-5)","background-image":"","background-repeat":"repeat","background-position":"center center","background-size":"auto","background-attachment":"scroll","background-type":"","background-media":"","overlay-type":"","overlay-color":"","overlay-opacity":"","overlay-gradient":""},"tablet":{"background-color":"var(--ast-global-color-5)","background-image":"","background-repeat":"repeat","background-position":"center center","background-size":"auto","background-attachment":"scroll","background-type":"","background-media":"","overlay-type":"","overlay-color":"","overlay-opacity":"","overlay-gradient":""},"mobile":{"background-color":"var(--ast-global-color-5)","background-image":"","background-repeat":"repeat","background-position":"center center","background-size":"auto","background-attachment":"scroll","background-type":"","background-media":"","overlay-type":"","overlay-color":"","overlay-opacity":"","overlay-gradient":""}},"_joinchat":[]},"product_brand":[],"product_cat":[17],"product_tag":[],"class_list":{"0":"post-23","1":"product","2":"type-product","3":"status-publish","4":"has-post-thumbnail","6":"product_cat-marihuana","7":"desktop-align-left","8":"tablet-align-left","9":"mobile-align-left","10":"ast-product-gallery-layout-horizontal-slider","11":"ast-product-gallery-with-no-image","12":"ast-product-single-variable","13":"ast-product-tabs-layout-horizontal","15":"first","16":"instock","17":"shipping-taxable","18":"purchasable","19":"product-type-variable"},"yoast_head":"<!-- This site is optimized with the Yoast SEO plugin v22.6 - https:\/\/yoast.com\/wordpress\/plugins\/seo\/ -->\n<title>Koupit Gelato 41 online \u2013 Gelato 41 na prodej<\/title>\n<meta name=\"description\" content=\"Chcete si koupit Gelato 41 online? Objevte bezprobl\u00e9movou platformu v na\u0161em online obchod\u011b, kde si m\u016f\u017eete koupit Gelato 41, zaji\u0161\u0165uj\u00edc\u00ed \u0161pi\u010dkovou kvalitu pro pot\u0159eby va\u0161eho v\u00fdzkumu.\" \/>\n<meta name=\"robots\" content=\"index, follow, max-snippet:-1, max-image-preview:large, max-video-preview:-1\" \/>\n<link rel=\"canonical\" href=\"https:\/\/koupitmarihuanu.com\/da\/produkt\/gelato-41\/\" \/>\n<meta property=\"og:locale\" content=\"da_DK\" \/>\n<meta property=\"og:type\" content=\"article\" \/>\n<meta property=\"og:title\" content=\"Koupit Gelato 41 online \u2013 Gelato 41 na prodej\" \/>\n<meta property=\"og:description\" content=\"Chcete si koupit Gelato 41 online? Objevte bezprobl\u00e9movou platformu v na\u0161em online obchod\u011b, kde si m\u016f\u017eete koupit Gelato 41, zaji\u0161\u0165uj\u00edc\u00ed \u0161pi\u010dkovou kvalitu pro pot\u0159eby va\u0161eho v\u00fdzkumu.\" \/>\n<meta property=\"og:url\" content=\"https:\/\/koupitmarihuanu.com\/da\/produkt\/gelato-41\/\" \/>\n<meta property=\"og:site_name\" content=\"Koupit Marihuanu\" \/>\n<meta property=\"article:modified_time\" content=\"2026-02-18T11:41:11+00:00\" \/>\n<meta property=\"og:image\" content=\"https:\/\/koupitmarihuanu.com\/wp-content\/uploads\/2023\/12\/GELATO-41.jpg\" \/>\n\t<meta property=\"og:image:width\" content=\"600\" \/>\n\t<meta property=\"og:image:height\" content=\"600\" \/>\n\t<meta property=\"og:image:type\" content=\"image\/jpeg\" \/>\n<meta name=\"twitter:card\" content=\"summary_large_image\" \/>\n<meta name=\"twitter:label1\" content=\"Estimeret l\u00e6setid\" \/>\n\t<meta name=\"twitter:data1\" content=\"3 minutter\" \/>\n<script type=\"application\/ld+json\" class=\"yoast-schema-graph\">{\"@context\":\"https:\/\/schema.org\",\"@graph\":[{\"@type\":\"WebPage\",\"@id\":\"https:\/\/koupitmarihuanu.com\/produkt\/gelato-41\/\",\"url\":\"https:\/\/koupitmarihuanu.com\/produkt\/gelato-41\/\",\"name\":\"Koupit Gelato 41 online \u2013 Gelato 41 na prodej\",\"isPartOf\":{\"@id\":\"https:\/\/koupitmarihuanu.com\/#website\"},\"primaryImageOfPage\":{\"@id\":\"https:\/\/koupitmarihuanu.com\/produkt\/gelato-41\/#primaryimage\"},\"image\":{\"@id\":\"https:\/\/koupitmarihuanu.com\/produkt\/gelato-41\/#primaryimage\"},\"thumbnailUrl\":\"https:\/\/koupitmarihuanu.com\/wp-content\/uploads\/2023\/12\/GELATO-41.jpg\",\"datePublished\":\"2023-12-26T07:28:54+00:00\",\"dateModified\":\"2026-02-18T11:41:11+00:00\",\"description\":\"Chcete si koupit Gelato 41 online? Objevte bezprobl\u00e9movou platformu v na\u0161em online obchod\u011b, kde si m\u016f\u017eete koupit Gelato 41, zaji\u0161\u0165uj\u00edc\u00ed \u0161pi\u010dkovou kvalitu pro pot\u0159eby va\u0161eho v\u00fdzkumu.\",\"breadcrumb\":{\"@id\":\"https:\/\/koupitmarihuanu.com\/produkt\/gelato-41\/#breadcrumb\"},\"inLanguage\":\"da-DK\",\"potentialAction\":[{\"@type\":\"ReadAction\",\"target\":[\"https:\/\/koupitmarihuanu.com\/produkt\/gelato-41\/\"]}]},{\"@type\":\"ImageObject\",\"inLanguage\":\"da-DK\",\"@id\":\"https:\/\/koupitmarihuanu.com\/produkt\/gelato-41\/#primaryimage\",\"url\":\"https:\/\/koupitmarihuanu.com\/wp-content\/uploads\/2023\/12\/GELATO-41.jpg\",\"contentUrl\":\"https:\/\/koupitmarihuanu.com\/wp-content\/uploads\/2023\/12\/GELATO-41.jpg\",\"width\":600,\"height\":600,\"caption\":\"Koupit GELATO-41 Online\"},{\"@type\":\"BreadcrumbList\",\"@id\":\"https:\/\/koupitmarihuanu.com\/produkt\/gelato-41\/#breadcrumb\",\"itemListElement\":[{\"@type\":\"ListItem\",\"position\":1,\"name\":\"Home\",\"item\":\"https:\/\/koupitmarihuanu.com\/\"},{\"@type\":\"ListItem\",\"position\":2,\"name\":\"Prodejna\",\"item\":\"https:\/\/koupitmarihuanu.com\/prodejna\/\"},{\"@type\":\"ListItem\",\"position\":3,\"name\":\"Gelato 41\"}]},{\"@type\":\"WebSite\",\"@id\":\"https:\/\/koupitmarihuanu.com\/#website\",\"url\":\"https:\/\/koupitmarihuanu.com\/\",\"name\":\"Koupit Marihuanu\",\"description\":\"My WordPress Blog\",\"publisher\":{\"@id\":\"https:\/\/koupitmarihuanu.com\/#organization\"},\"potentialAction\":[{\"@type\":\"SearchAction\",\"target\":{\"@type\":\"EntryPoint\",\"urlTemplate\":\"https:\/\/koupitmarihuanu.com\/?s={search_term_string}\"},\"query-input\":\"required name=search_term_string\"}],\"inLanguage\":\"da-DK\"},{\"@type\":\"Organization\",\"@id\":\"https:\/\/koupitmarihuanu.com\/#organization\",\"name\":\"Koupit Marihuanu\",\"url\":\"https:\/\/koupitmarihuanu.com\/\",\"logo\":{\"@type\":\"ImageObject\",\"inLanguage\":\"da-DK\",\"@id\":\"https:\/\/koupitmarihuanu.com\/#\/schema\/logo\/image\/\",\"url\":\"https:\/\/koupitmarihuanu.com\/wp-content\/uploads\/2024\/01\/black-logo.png\",\"contentUrl\":\"https:\/\/koupitmarihuanu.com\/wp-content\/uploads\/2024\/01\/black-logo.png\",\"width\":300,\"height\":63,\"caption\":\"Koupit Marihuanu\"},\"image\":{\"@id\":\"https:\/\/koupitmarihuanu.com\/#\/schema\/logo\/image\/\"}}]}<\/script>\n<!-- \/ Yoast SEO plugin. -->","yoast_head_json":{"title":"K\u00f8b Gelato 41 online - Gelato 41 til salg","description":"Vil du k\u00f8be Gelato 41 online? Oplev en problemfri platform i vores onlinebutik for at k\u00f8be Gelato 41, hvilket sikrer topkvalitet til dine forskningsbehov.","robots":{"index":"index","follow":"follow","max-snippet":"max-snippet:-1","max-image-preview":"max-image-preview:large","max-video-preview":"max-video-preview:-1"},"canonical":"https:\/\/koupitmarihuanu.com\/da\/produkt\/gelato-41\/","og_locale":"da_DK","og_type":"article","og_title":"Koupit Gelato 41 online \u2013 Gelato 41 na prodej","og_description":"Chcete si koupit Gelato 41 online? Objevte bezprobl\u00e9movou platformu v na\u0161em online obchod\u011b, kde si m\u016f\u017eete koupit Gelato 41, zaji\u0161\u0165uj\u00edc\u00ed \u0161pi\u010dkovou kvalitu pro pot\u0159eby va\u0161eho v\u00fdzkumu.","og_url":"https:\/\/koupitmarihuanu.com\/da\/produkt\/gelato-41\/","og_site_name":"Koupit Marihuanu","article_modified_time":"2026-02-18T11:41:11+00:00","og_image":[{"width":600,"height":600,"url":"https:\/\/koupitmarihuanu.com\/wp-content\/uploads\/2023\/12\/GELATO-41.jpg","type":"image\/jpeg"}],"twitter_card":"summary_large_image","twitter_misc":{"Estimeret l\u00e6setid":"3 minutter"},"schema":{"@context":"https:\/\/schema.org","@graph":[{"@type":"WebPage","@id":"https:\/\/koupitmarihuanu.com\/produkt\/gelato-41\/","url":"https:\/\/koupitmarihuanu.com\/produkt\/gelato-41\/","name":"K\u00f8b Gelato 41 online - Gelato 41 til salg","isPartOf":{"@id":"https:\/\/koupitmarihuanu.com\/#website"},"primaryImageOfPage":{"@id":"https:\/\/koupitmarihuanu.com\/produkt\/gelato-41\/#primaryimage"},"image":{"@id":"https:\/\/koupitmarihuanu.com\/produkt\/gelato-41\/#primaryimage"},"thumbnailUrl":"https:\/\/koupitmarihuanu.com\/wp-content\/uploads\/2023\/12\/GELATO-41.jpg","datePublished":"2023-12-26T07:28:54+00:00","dateModified":"2026-02-18T11:41:11+00:00","description":"Vil du k\u00f8be Gelato 41 online? Oplev en problemfri platform i vores onlinebutik for at k\u00f8be Gelato 41, hvilket sikrer topkvalitet til dine forskningsbehov.","breadcrumb":{"@id":"https:\/\/koupitmarihuanu.com\/produkt\/gelato-41\/#breadcrumb"},"inLanguage":"da-DK","potentialAction":[{"@type":"ReadAction","target":["https:\/\/koupitmarihuanu.com\/produkt\/gelato-41\/"]}]},{"@type":"ImageObject","inLanguage":"da-DK","@id":"https:\/\/koupitmarihuanu.com\/produkt\/gelato-41\/#primaryimage","url":"https:\/\/koupitmarihuanu.com\/wp-content\/uploads\/2023\/12\/GELATO-41.jpg","contentUrl":"https:\/\/koupitmarihuanu.com\/wp-content\/uploads\/2023\/12\/GELATO-41.jpg","width":600,"height":600,"caption":"Koupit GELATO-41 Online"},{"@type":"BreadcrumbList","@id":"https:\/\/koupitmarihuanu.com\/produkt\/gelato-41\/#breadcrumb","itemListElement":[{"@type":"ListItem","position":1,"name":"Home","item":"https:\/\/koupitmarihuanu.com\/"},{"@type":"ListItem","position":2,"name":"Prodejna","item":"https:\/\/koupitmarihuanu.com\/prodejna\/"},{"@type":"ListItem","position":3,"name":"Gelato 41"}]},{"@type":"WebSite","@id":"https:\/\/koupitmarihuanu.com\/#website","url":"https:\/\/koupitmarihuanu.com\/","name":"K\u00f8b marihuana","description":"Min WordPress-blog","publisher":{"@id":"https:\/\/koupitmarihuanu.com\/#organization"},"potentialAction":[{"@type":"SearchAction","target":{"@type":"EntryPoint","urlTemplate":"https:\/\/koupitmarihuanu.com\/?s={search_term_string}"},"query-input":"required name=search_term_string"}],"inLanguage":"da-DK"},{"@type":"Organization","@id":"https:\/\/koupitmarihuanu.com\/#organization","name":"K\u00f8b marihuana","url":"https:\/\/koupitmarihuanu.com\/","logo":{"@type":"ImageObject","inLanguage":"da-DK","@id":"https:\/\/koupitmarihuanu.com\/#\/schema\/logo\/image\/","url":"https:\/\/koupitmarihuanu.com\/wp-content\/uploads\/2024\/01\/black-logo.png","contentUrl":"https:\/\/koupitmarihuanu.com\/wp-content\/uploads\/2024\/01\/black-logo.png","width":300,"height":63,"caption":"Koupit Marihuanu"},"image":{"@id":"https:\/\/koupitmarihuanu.com\/#\/schema\/logo\/image\/"}}]}},"_links":{"self":[{"href":"https:\/\/koupitmarihuanu.com\/da\/wp-json\/wp\/v2\/product\/23","targetHints":{"allow":["GET"]}}],"collection":[{"href":"https:\/\/koupitmarihuanu.com\/da\/wp-json\/wp\/v2\/product"}],"about":[{"href":"https:\/\/koupitmarihuanu.com\/da\/wp-json\/wp\/v2\/types\/product"}],"replies":[{"embeddable":true,"href":"https:\/\/koupitmarihuanu.com\/da\/wp-json\/wp\/v2\/comments?post=23"}],"wp:featuredmedia":[{"embeddable":true,"href":"https:\/\/koupitmarihuanu.com\/da\/wp-json\/wp\/v2\/media\/1218"}],"wp:attachment":[{"href":"https:\/\/koupitmarihuanu.com\/da\/wp-json\/wp\/v2\/media?parent=23"}],"wp:term":[{"taxonomy":"product_brand","embeddable":true,"href":"https:\/\/koupitmarihuanu.com\/da\/wp-json\/wp\/v2\/product_brand?post=23"},{"taxonomy":"product_cat","embeddable":true,"href":"https:\/\/koupitmarihuanu.com\/da\/wp-json\/wp\/v2\/product_cat?post=23"},{"taxonomy":"product_tag","embeddable":true,"href":"https:\/\/koupitmarihuanu.com\/da\/wp-json\/wp\/v2\/product_tag?post=23"}],"curies":[{"name":"wp","href":"https:\/\/api.w.org\/{rel}","templated":true}]}}