{"id":134,"date":"2023-12-26T07:29:07","date_gmt":"2023-12-26T07:29:07","guid":{"rendered":"https:\/\/cannasmed.com\/herbe\/?post_type=product&#038;p=134"},"modified":"2026-02-19T08:30:21","modified_gmt":"2026-02-19T08:30:21","slug":"sour-diesel-cannabis-olie","status":"publish","type":"product","link":"https:\/\/koupitmarihuanu.com\/da\/produkt\/sour-diesel-cannabis-oil\/","title":{"rendered":"Sur diesel-cannabisolie"},"content":{"rendered":"<h2>Kupte Sour Diesel Cannabis Oil online<\/h2>\n<p><a href=\"https:\/\/koupitmarihuanu.com\/da\/produkt\/sour-diesel-cannabis-olie\/\">Koupit konopn\u00fd olej Sour Diesel online<\/a> ozna\u010duje proces n\u00e1kupu konopn\u00e9ho oleje z\u00edskan\u00e9ho z odr\u016fdy Sour Diesel prost\u0159ednictv\u00edm internetov\u00fdch platforem, kde jsou tyto produkty leg\u00e1ln\u011b dostupn\u00e9. Tuto fr\u00e1zi b\u011b\u017en\u011b pou\u017e\u00edvaj\u00ed jednotlivci hledaj\u00edc\u00ed spolehliv\u00e9 informace o kvalit\u011b produktu, \u00fa\u010dinc\u00edch, dostupnosti a cen\u011b konopn\u00e9ho oleje Sour Diesel. Mnoho spot\u0159ebitel\u016f konkr\u00e9tn\u011b vyhled\u00e1v\u00e1 v\u00fdrazy jako Koupit konopn\u00fd olej Sour Diesel online nebo Kde koupit konopn\u00fd olej Sour Diesel? p\u0159i prozkoum\u00e1v\u00e1n\u00ed d\u016fv\u011bryhodn\u00fdch a regulovan\u00fdch zdroj\u016f.<\/p>\n<p>Sour Diesel je hybrid s dominanc\u00ed sativy, \u0161iroce zn\u00e1m\u00fd pro sv\u00e9 energizuj\u00edc\u00ed a povzn\u00e1\u0161ej\u00edc\u00ed vlastnosti. Je zn\u00e1m\u00fd pro svou \u0161tiplavou v\u016fni podobnou naft\u011b s citrusov\u00fdmi a bylinn\u00fdmi podt\u00f3ny. D\u00edky sv\u00e9 stimula\u010dn\u00ed povaze jsou produkty vyroben\u00e9 z t\u00e9to odr\u016fdy \u010dasto spojov\u00e1ny s denn\u00edm u\u017e\u00edv\u00e1n\u00edm, zlep\u0161en\u00edm soust\u0159ed\u011bn\u00ed a zlep\u0161en\u00edm n\u00e1lady. Kdy\u017e lid\u00e9 hledaj\u00ed konopn\u00fd olej Sour Diesel na prodej, obvykle hledaj\u00ed koncentrovan\u00fd extrakt, kter\u00fd si zachov\u00e1v\u00e1 jedine\u010dn\u00fd profil kanabinoid\u016f a terpen\u016f odr\u016fdy.<\/p>\n<p>Konopn\u00fd olej je koncentrovan\u00fd extrakt obsahuj\u00edc\u00ed kanabinoidy, jako je THC a CBD. THC je zodpov\u011bdn\u00e9 za psychoaktivn\u00ed \u00fa\u010dinky, zat\u00edmco CBD nen\u00ed intoxika\u010dn\u00ed a b\u011b\u017en\u011b se spojuje s terapeutickou podporou. Konopn\u00fd olej Sour Diesel je obvykle formulov\u00e1n tak, aby zachoval charakteristick\u00e9 vlastnosti odr\u016fdy a nab\u00eddl u\u017eivatel\u016fm produkt, kter\u00fd odr\u00e1\u017e\u00ed jej\u00ed p\u016fvodn\u00ed profil. Ne\u017e se rozhodnou koupit konopn\u00fd olej Sour Diesel online, mnoho z\u00e1kazn\u00edk\u016f porovn\u00e1v\u00e1 \u00farovn\u011b \u00fa\u010dinnosti a celkovou cenu konopn\u00e9ho oleje Sour Diesel na r\u016fzn\u00fdch platform\u00e1ch.<\/p>\n<h3>Co je konopn\u00fd olej Sour Diesel online?<\/h3>\n<p>Online term\u00edn \u201ekonopn\u00fd olej Sour Diesel\u201c ozna\u010duje dostupnost tohoto extraktu specifick\u00e9ho pro danou odr\u016fdu prost\u0159ednictv\u00edm licencovan\u00fdch online v\u00fddejen a regulovan\u00fdch webov\u00fdch str\u00e1nek s maloobchodn\u00edm prodejem konop\u00ed. Z\u00e1kazn\u00edci si mohou prohl\u00ed\u017eet seznamy produkt\u016f, kontrolovat v\u00fdsledky laboratorn\u00edch test\u016f a vyb\u00edrat z dostupn\u00fdch mo\u017enost\u00ed, ani\u017e by museli nav\u0161t\u00edvit kamennou prodejnu. Fr\u00e1zi \u201ekoupit konopn\u00fd olej Sour Diesel online\u201c \u010dasto pou\u017e\u00edvaj\u00ed lid\u00e9, kte\u0159\u00ed hledaj\u00ed pohodl\u00ed, diskr\u00e9tnost a transparentnost produktu. P\u0159i hled\u00e1n\u00ed konopn\u00e9ho oleje Sour Diesel k prodeji kupuj\u00edc\u00ed \u010dasto p\u0159ed n\u00e1kupem hodnot\u00ed pravost a soulad s m\u00edstn\u00edmi z\u00e1kony.<\/p>\n<h3>Nejlep\u0161\u00ed vyu\u017eit\u00ed a v\u00fdhody konopn\u00e9ho oleje Sour Diesel<\/h3>\n<p>Konopn\u00fd olej Sour Diesel je b\u011b\u017en\u011b spojov\u00e1n s povzn\u00e1\u0161ej\u00edc\u00edmi a energizuj\u00edc\u00edmi \u00fa\u010dinky. Mnoho u\u017eivatel\u016f uv\u00e1d\u00ed zv\u00fd\u0161enou soust\u0159ed\u011bnost, kreativitu a podporu n\u00e1lady, tak\u017ee je vhodn\u00fd pro denn\u00ed u\u017e\u00edv\u00e1n\u00ed. D\u00edky sv\u00e9 dominantn\u00ed sativa povaze m\u016f\u017ee b\u00fdt atraktivn\u00ed pro jednotlivce, kte\u0159\u00ed hledaj\u00ed sp\u00ed\u0161e du\u0161evn\u00ed jasnost a motivaci ne\u017e hlubokou fyzickou relaxaci.<\/p>\n<p>N\u011bkte\u0159\u00ed jedinci zkoumaj\u00ed jeho potenci\u00e1l pro zvl\u00e1d\u00e1n\u00ed stresu a celkovou rovnov\u00e1hu n\u00e1lady. Stejn\u011b jako u jak\u00e9hokoli produktu obsahuj\u00edc\u00edho THC se \u00fa\u010dinky mohou li\u0161it v z\u00e1vislosti na d\u00e1vkov\u00e1n\u00ed a osobn\u00ed toleranci. Zodpov\u011bdn\u00e9 u\u017e\u00edv\u00e1n\u00ed je d\u016fle\u017eit\u00e9 p\u0159i online objedn\u00e1vce konopn\u00e9ho oleje Sour Diesel, zejm\u00e9na p\u0159i hodnocen\u00ed \u00fa\u010dinnosti a individu\u00e1ln\u00ed reakce.<\/p>\n<h3>Pro\u010d koupit konopn\u00fd olej Sour Diesel online na koupitmarihuanu.com?<\/h3>\n<p>N\u00e1kup konopn\u00e9ho oleje Sour Diesel online na <a href=\"https:\/\/koupitmarihuanu.com\/da\/\">koupitmarihuanu.com<\/a> nab\u00edz\u00ed pohodl\u00ed a dostupnost pro z\u00e1kazn\u00edky, kte\u0159\u00ed hledaj\u00ed konopn\u00fd olej specifick\u00fd pro dan\u00fd druh. Mnoho kupuj\u00edc\u00edch hled\u00e1 nejlep\u0161\u00ed m\u00edsto pro online n\u00e1kup konopn\u00e9ho oleje Sour Diesel, aby si zajistili podrobn\u00e9 informace o produktu a konzistentn\u00ed kvalitu.<\/p>\n<p>Z\u00e1kazn\u00edci \u010dasto p\u0159ed online n\u00e1kupem konopn\u00e9ho oleje Sour Diesel zva\u017euj\u00ed faktory, jako jsou bezpe\u010dn\u00e9 syst\u00e9my platby, transparentn\u00ed popisy, z\u00e1kaznick\u00e1 podpora a konkurenceschopn\u00e9 ceny. Pokud v\u00e1s zaj\u00edm\u00e1, kde koupit konopn\u00fd olej Sour Diesel, je p\u0159ed dokon\u010den\u00edm n\u00e1kupu nezbytn\u00e9 sezn\u00e1mit se s pr\u00e1vn\u00edmi p\u0159edpisy a produktov\u00fdmi standardy.<\/p>\n<h3>Jak si u n\u00e1s objednat konopn\u00fd olej Sour Diesel online<\/h3>\n<p>Chce-li si z\u00e1kazn\u00edci objednat konopn\u00fd olej Sour Diesel online, obvykle nav\u0161t\u00edv\u00ed webov\u00e9 str\u00e1nky, prohl\u00e9dnou si dostupn\u00e9 produkty a vyberou preferovanou mo\u017enost. Po p\u0159id\u00e1n\u00ed produktu do ko\u0161\u00edku pokra\u010duj\u00ed k pokladn\u011b, zad\u00e1vaj\u00ed po\u017eadovan\u00e9 \u00fadaje a dokon\u010duj\u00ed platbu pomoc\u00ed dostupn\u00fdch metod.<\/p>\n<p>V z\u00e1vislosti na region\u00e1ln\u00edch p\u0159edpisech m\u016f\u017ee b\u00fdt p\u0159ed \u00fasp\u011b\u0161nou online objedn\u00e1vkou konopn\u00e9ho oleje Sour Diesel vy\u017eadov\u00e1no ov\u011b\u0159en\u00ed toto\u017enosti nebo v\u011bku. Po potvrzen\u00ed objedn\u00e1vky jsou poskytnuty dodac\u00ed lh\u016fty a informace o doru\u010den\u00ed. P\u0159ed n\u00e1kupem jak\u00e9hokoli konopn\u00e9ho oleje Sour Diesel k online prodeji je d\u016fle\u017eit\u00e9 si pe\u010dliv\u011b prostudovat z\u00e1sady.<\/p>\n<p>Stru\u010dn\u011b \u0159e\u010deno, n\u00e1kup konopn\u00e9ho oleje Sour Diesel online ozna\u010duje n\u00e1kup <a href=\"https:\/\/en.wikipedia.org\/wiki\/Sour_Diesel\">koncentrovan\u00e9ho<\/a> konopn\u00e9ho extraktu vyroben\u00e9ho z odr\u016fdy Sour Diesel prost\u0159ednictv\u00edm internetov\u00e9ho prodejce, kde je to leg\u00e1ln\u011b povoleno. A\u0165 u\u017e porovn\u00e1v\u00e1te cenu konopn\u00e9ho oleje Sour Diesel, hled\u00e1te nejlep\u0161\u00ed m\u00edsto pro n\u00e1kup konopn\u00e9ho oleje Sour Diesel online, nebo chcete konopn\u00fd olej Sour Diesel koupit, je p\u0159ed kone\u010dn\u00fdm rozhodnut\u00edm nezbytn\u00e9 porozum\u011bt legalit\u011b, kvalit\u011b a zodpov\u011bdn\u00e9mu u\u017e\u00edv\u00e1n\u00ed.<\/p>","protected":false},"excerpt":{"rendered":"<p>Kupte Sour Diesel Cannabis Oil online Koupit konopn\u00fd olej Sour Diesel online ozna\u010duje proces n\u00e1kupu konopn\u00e9ho oleje z\u00edskan\u00e9ho z odr\u016fdy Sour Diesel prost\u0159ednictv\u00edm internetov\u00fdch platforem, kde jsou tyto produkty leg\u00e1ln\u011b dostupn\u00e9. Tuto fr\u00e1zi b\u011b\u017en\u011b pou\u017e\u00edvaj\u00ed jednotlivci hledaj\u00edc\u00ed spolehliv\u00e9 informace o kvalit\u011b produktu, \u00fa\u010dinc\u00edch, dostupnosti a cen\u011b konopn\u00e9ho oleje Sour Diesel. Mnoho spot\u0159ebitel\u016f konkr\u00e9tn\u011b vyhled\u00e1v\u00e1 v\u00fdrazy [&hellip;]<\/p>\n","protected":false},"featured_media":1196,"comment_status":"open","ping_status":"closed","template":"","meta":{"site-sidebar-layout":"default","site-content-layout":"","ast-site-content-layout":"default","site-content-style":"default","site-sidebar-style":"default","ast-global-header-display":"","ast-banner-title-visibility":"","ast-main-header-display":"","ast-hfb-above-header-display":"","ast-hfb-below-header-display":"","ast-hfb-mobile-header-display":"","site-post-title":"","ast-breadcrumbs-content":"","ast-featured-img":"","footer-sml-layout":"","ast-disable-related-posts":"","theme-transparent-header-meta":"default","adv-header-id-meta":"","stick-header-meta":"default","header-above-stick-meta":"","header-main-stick-meta":"","header-below-stick-meta":"","astra-migrate-meta-layouts":"set","ast-page-background-enabled":"default","ast-page-background-meta":{"desktop":{"background-color":"var(--ast-global-color-4)","background-image":"","background-repeat":"repeat","background-position":"center center","background-size":"auto","background-attachment":"scroll","background-type":"","background-media":"","overlay-type":"","overlay-color":"","overlay-opacity":"","overlay-gradient":""},"tablet":{"background-color":"","background-image":"","background-repeat":"repeat","background-position":"center center","background-size":"auto","background-attachment":"scroll","background-type":"","background-media":"","overlay-type":"","overlay-color":"","overlay-opacity":"","overlay-gradient":""},"mobile":{"background-color":"","background-image":"","background-repeat":"repeat","background-position":"center center","background-size":"auto","background-attachment":"scroll","background-type":"","background-media":"","overlay-type":"","overlay-color":"","overlay-opacity":"","overlay-gradient":""}},"ast-content-background-meta":{"desktop":{"background-color":"var(--ast-global-color-5)","background-image":"","background-repeat":"repeat","background-position":"center center","background-size":"auto","background-attachment":"scroll","background-type":"","background-media":"","overlay-type":"","overlay-color":"","overlay-opacity":"","overlay-gradient":""},"tablet":{"background-color":"var(--ast-global-color-5)","background-image":"","background-repeat":"repeat","background-position":"center center","background-size":"auto","background-attachment":"scroll","background-type":"","background-media":"","overlay-type":"","overlay-color":"","overlay-opacity":"","overlay-gradient":""},"mobile":{"background-color":"var(--ast-global-color-5)","background-image":"","background-repeat":"repeat","background-position":"center center","background-size":"auto","background-attachment":"scroll","background-type":"","background-media":"","overlay-type":"","overlay-color":"","overlay-opacity":"","overlay-gradient":""}},"_joinchat":[]},"product_brand":[],"product_cat":[19],"product_tag":[],"class_list":{"0":"post-134","1":"product","2":"type-product","3":"status-publish","4":"has-post-thumbnail","6":"product_cat-konopny-olej-thc","7":"desktop-align-left","8":"tablet-align-left","9":"mobile-align-left","10":"ast-product-gallery-layout-horizontal-slider","11":"ast-product-gallery-with-no-image","12":"ast-product-single-variable","13":"ast-product-tabs-layout-horizontal","15":"first","16":"instock","17":"shipping-taxable","18":"purchasable","19":"product-type-variable"},"yoast_head":"<!-- This site is optimized with the Yoast SEO plugin v22.6 - https:\/\/yoast.com\/wordpress\/plugins\/seo\/ -->\n<title>Koupit Sour Diesel Cannabis Oil online - Sour Diesel Cannabis Oil na prodej<\/title>\n<meta name=\"description\" content=\"Chcete si koupit Sour Diesel Cannabis Oil online za rozumnou cenu? Nav\u0161tivte sv\u016fj renomovan\u00fd online Koupit obchod s marihuanou a z\u00edskejte Sour Diesel Cannabis Oil na prodej je\u0161t\u011b dnes. Objednejte nyn\u00ed!\" \/>\n<meta name=\"robots\" content=\"index, follow, max-snippet:-1, max-image-preview:large, max-video-preview:-1\" \/>\n<link rel=\"canonical\" href=\"https:\/\/koupitmarihuanu.com\/da\/produkt\/sour-diesel-cannabis-olie\/\" \/>\n<meta property=\"og:locale\" content=\"da_DK\" \/>\n<meta property=\"og:type\" content=\"article\" \/>\n<meta property=\"og:title\" content=\"Koupit Sour Diesel Cannabis Oil online - Sour Diesel Cannabis Oil na prodej\" \/>\n<meta property=\"og:description\" content=\"Chcete si koupit Sour Diesel Cannabis Oil online za rozumnou cenu? Nav\u0161tivte sv\u016fj renomovan\u00fd online Koupit obchod s marihuanou a z\u00edskejte Sour Diesel Cannabis Oil na prodej je\u0161t\u011b dnes. Objednejte nyn\u00ed!\" \/>\n<meta property=\"og:url\" content=\"https:\/\/koupitmarihuanu.com\/da\/produkt\/sour-diesel-cannabis-olie\/\" \/>\n<meta property=\"og:site_name\" content=\"Koupit Marihuanu\" \/>\n<meta property=\"article:modified_time\" content=\"2026-02-19T08:30:21+00:00\" \/>\n<meta property=\"og:image\" content=\"https:\/\/koupitmarihuanu.com\/wp-content\/uploads\/2023\/12\/SOUR-DIESEL-CANNABIS-OIL.jpg\" \/>\n\t<meta property=\"og:image:width\" content=\"600\" \/>\n\t<meta property=\"og:image:height\" content=\"600\" \/>\n\t<meta property=\"og:image:type\" content=\"image\/jpeg\" \/>\n<meta name=\"twitter:card\" content=\"summary_large_image\" \/>\n<meta name=\"twitter:label1\" content=\"Estimeret l\u00e6setid\" \/>\n\t<meta name=\"twitter:data1\" content=\"4 minutter\" \/>\n<script type=\"application\/ld+json\" class=\"yoast-schema-graph\">{\"@context\":\"https:\/\/schema.org\",\"@graph\":[{\"@type\":\"WebPage\",\"@id\":\"https:\/\/koupitmarihuanu.com\/produkt\/sour-diesel-cannabis-oil\/\",\"url\":\"https:\/\/koupitmarihuanu.com\/produkt\/sour-diesel-cannabis-oil\/\",\"name\":\"Koupit Sour Diesel Cannabis Oil online - Sour Diesel Cannabis Oil na prodej\",\"isPartOf\":{\"@id\":\"https:\/\/koupitmarihuanu.com\/#website\"},\"primaryImageOfPage\":{\"@id\":\"https:\/\/koupitmarihuanu.com\/produkt\/sour-diesel-cannabis-oil\/#primaryimage\"},\"image\":{\"@id\":\"https:\/\/koupitmarihuanu.com\/produkt\/sour-diesel-cannabis-oil\/#primaryimage\"},\"thumbnailUrl\":\"https:\/\/koupitmarihuanu.com\/wp-content\/uploads\/2023\/12\/SOUR-DIESEL-CANNABIS-OIL.jpg\",\"datePublished\":\"2023-12-26T07:29:07+00:00\",\"dateModified\":\"2026-02-19T08:30:21+00:00\",\"description\":\"Chcete si koupit Sour Diesel Cannabis Oil online za rozumnou cenu? Nav\u0161tivte sv\u016fj renomovan\u00fd online Koupit obchod s marihuanou a z\u00edskejte Sour Diesel Cannabis Oil na prodej je\u0161t\u011b dnes. Objednejte nyn\u00ed!\",\"breadcrumb\":{\"@id\":\"https:\/\/koupitmarihuanu.com\/produkt\/sour-diesel-cannabis-oil\/#breadcrumb\"},\"inLanguage\":\"da-DK\",\"potentialAction\":[{\"@type\":\"ReadAction\",\"target\":[\"https:\/\/koupitmarihuanu.com\/produkt\/sour-diesel-cannabis-oil\/\"]}]},{\"@type\":\"ImageObject\",\"inLanguage\":\"da-DK\",\"@id\":\"https:\/\/koupitmarihuanu.com\/produkt\/sour-diesel-cannabis-oil\/#primaryimage\",\"url\":\"https:\/\/koupitmarihuanu.com\/wp-content\/uploads\/2023\/12\/SOUR-DIESEL-CANNABIS-OIL.jpg\",\"contentUrl\":\"https:\/\/koupitmarihuanu.com\/wp-content\/uploads\/2023\/12\/SOUR-DIESEL-CANNABIS-OIL.jpg\",\"width\":600,\"height\":600,\"caption\":\"Koupit SOUR-DIESEL-CANNABIS-OIL Online\"},{\"@type\":\"BreadcrumbList\",\"@id\":\"https:\/\/koupitmarihuanu.com\/produkt\/sour-diesel-cannabis-oil\/#breadcrumb\",\"itemListElement\":[{\"@type\":\"ListItem\",\"position\":1,\"name\":\"Home\",\"item\":\"https:\/\/koupitmarihuanu.com\/\"},{\"@type\":\"ListItem\",\"position\":2,\"name\":\"Prodejna\",\"item\":\"https:\/\/koupitmarihuanu.com\/prodejna\/\"},{\"@type\":\"ListItem\",\"position\":3,\"name\":\"Sour Diesel Cannabis Oil\"}]},{\"@type\":\"WebSite\",\"@id\":\"https:\/\/koupitmarihuanu.com\/#website\",\"url\":\"https:\/\/koupitmarihuanu.com\/\",\"name\":\"Koupit Marihuanu\",\"description\":\"My WordPress Blog\",\"publisher\":{\"@id\":\"https:\/\/koupitmarihuanu.com\/#organization\"},\"potentialAction\":[{\"@type\":\"SearchAction\",\"target\":{\"@type\":\"EntryPoint\",\"urlTemplate\":\"https:\/\/koupitmarihuanu.com\/?s={search_term_string}\"},\"query-input\":\"required name=search_term_string\"}],\"inLanguage\":\"da-DK\"},{\"@type\":\"Organization\",\"@id\":\"https:\/\/koupitmarihuanu.com\/#organization\",\"name\":\"Koupit Marihuanu\",\"url\":\"https:\/\/koupitmarihuanu.com\/\",\"logo\":{\"@type\":\"ImageObject\",\"inLanguage\":\"da-DK\",\"@id\":\"https:\/\/koupitmarihuanu.com\/#\/schema\/logo\/image\/\",\"url\":\"https:\/\/koupitmarihuanu.com\/wp-content\/uploads\/2024\/01\/black-logo.png\",\"contentUrl\":\"https:\/\/koupitmarihuanu.com\/wp-content\/uploads\/2024\/01\/black-logo.png\",\"width\":300,\"height\":63,\"caption\":\"Koupit Marihuanu\"},\"image\":{\"@id\":\"https:\/\/koupitmarihuanu.com\/#\/schema\/logo\/image\/\"}}]}<\/script>\n<!-- \/ Yoast SEO plugin. -->","yoast_head_json":{"title":"K\u00f8b Sour Diesel Cannabis Oil Online - Sour Diesel Cannabis Oil Til salg","description":"Vil du k\u00f8be Sour Diesel Cannabis Oil online til en rimelig pris? Bes\u00f8g din velrenommerede online K\u00f8b Marihuana butik og f\u00e5 Sour Diesel Cannabis Oil til salg i dag. Bestil nu!","robots":{"index":"index","follow":"follow","max-snippet":"max-snippet:-1","max-image-preview":"max-image-preview:large","max-video-preview":"max-video-preview:-1"},"canonical":"https:\/\/koupitmarihuanu.com\/da\/produkt\/sour-diesel-cannabis-olie\/","og_locale":"da_DK","og_type":"article","og_title":"Koupit Sour Diesel Cannabis Oil online - Sour Diesel Cannabis Oil na prodej","og_description":"Chcete si koupit Sour Diesel Cannabis Oil online za rozumnou cenu? Nav\u0161tivte sv\u016fj renomovan\u00fd online Koupit obchod s marihuanou a z\u00edskejte Sour Diesel Cannabis Oil na prodej je\u0161t\u011b dnes. Objednejte nyn\u00ed!","og_url":"https:\/\/koupitmarihuanu.com\/da\/produkt\/sour-diesel-cannabis-olie\/","og_site_name":"Koupit Marihuanu","article_modified_time":"2026-02-19T08:30:21+00:00","og_image":[{"width":600,"height":600,"url":"https:\/\/koupitmarihuanu.com\/wp-content\/uploads\/2023\/12\/SOUR-DIESEL-CANNABIS-OIL.jpg","type":"image\/jpeg"}],"twitter_card":"summary_large_image","twitter_misc":{"Estimeret l\u00e6setid":"4 minutter"},"schema":{"@context":"https:\/\/schema.org","@graph":[{"@type":"WebPage","@id":"https:\/\/koupitmarihuanu.com\/produkt\/sour-diesel-cannabis-oil\/","url":"https:\/\/koupitmarihuanu.com\/produkt\/sour-diesel-cannabis-oil\/","name":"K\u00f8b Sour Diesel Cannabis Oil Online - Sour Diesel Cannabis Oil Til salg","isPartOf":{"@id":"https:\/\/koupitmarihuanu.com\/#website"},"primaryImageOfPage":{"@id":"https:\/\/koupitmarihuanu.com\/produkt\/sour-diesel-cannabis-oil\/#primaryimage"},"image":{"@id":"https:\/\/koupitmarihuanu.com\/produkt\/sour-diesel-cannabis-oil\/#primaryimage"},"thumbnailUrl":"https:\/\/koupitmarihuanu.com\/wp-content\/uploads\/2023\/12\/SOUR-DIESEL-CANNABIS-OIL.jpg","datePublished":"2023-12-26T07:29:07+00:00","dateModified":"2026-02-19T08:30:21+00:00","description":"Vil du k\u00f8be Sour Diesel Cannabis Oil online til en rimelig pris? Bes\u00f8g din velrenommerede online K\u00f8b Marihuana butik og f\u00e5 Sour Diesel Cannabis Oil til salg i dag. Bestil nu!","breadcrumb":{"@id":"https:\/\/koupitmarihuanu.com\/produkt\/sour-diesel-cannabis-oil\/#breadcrumb"},"inLanguage":"da-DK","potentialAction":[{"@type":"ReadAction","target":["https:\/\/koupitmarihuanu.com\/produkt\/sour-diesel-cannabis-oil\/"]}]},{"@type":"ImageObject","inLanguage":"da-DK","@id":"https:\/\/koupitmarihuanu.com\/produkt\/sour-diesel-cannabis-oil\/#primaryimage","url":"https:\/\/koupitmarihuanu.com\/wp-content\/uploads\/2023\/12\/SOUR-DIESEL-CANNABIS-OIL.jpg","contentUrl":"https:\/\/koupitmarihuanu.com\/wp-content\/uploads\/2023\/12\/SOUR-DIESEL-CANNABIS-OIL.jpg","width":600,"height":600,"caption":"Koupit SOUR-DIESEL-CANNABIS-OIL Online"},{"@type":"BreadcrumbList","@id":"https:\/\/koupitmarihuanu.com\/produkt\/sour-diesel-cannabis-oil\/#breadcrumb","itemListElement":[{"@type":"ListItem","position":1,"name":"Home","item":"https:\/\/koupitmarihuanu.com\/"},{"@type":"ListItem","position":2,"name":"Prodejna","item":"https:\/\/koupitmarihuanu.com\/prodejna\/"},{"@type":"ListItem","position":3,"name":"Sour Diesel Cannabis Oil"}]},{"@type":"WebSite","@id":"https:\/\/koupitmarihuanu.com\/#website","url":"https:\/\/koupitmarihuanu.com\/","name":"K\u00f8b marihuana","description":"Min WordPress-blog","publisher":{"@id":"https:\/\/koupitmarihuanu.com\/#organization"},"potentialAction":[{"@type":"SearchAction","target":{"@type":"EntryPoint","urlTemplate":"https:\/\/koupitmarihuanu.com\/?s={search_term_string}"},"query-input":"required name=search_term_string"}],"inLanguage":"da-DK"},{"@type":"Organization","@id":"https:\/\/koupitmarihuanu.com\/#organization","name":"K\u00f8b marihuana","url":"https:\/\/koupitmarihuanu.com\/","logo":{"@type":"ImageObject","inLanguage":"da-DK","@id":"https:\/\/koupitmarihuanu.com\/#\/schema\/logo\/image\/","url":"https:\/\/koupitmarihuanu.com\/wp-content\/uploads\/2024\/01\/black-logo.png","contentUrl":"https:\/\/koupitmarihuanu.com\/wp-content\/uploads\/2024\/01\/black-logo.png","width":300,"height":63,"caption":"Koupit Marihuanu"},"image":{"@id":"https:\/\/koupitmarihuanu.com\/#\/schema\/logo\/image\/"}}]}},"_links":{"self":[{"href":"https:\/\/koupitmarihuanu.com\/da\/wp-json\/wp\/v2\/product\/134","targetHints":{"allow":["GET"]}}],"collection":[{"href":"https:\/\/koupitmarihuanu.com\/da\/wp-json\/wp\/v2\/product"}],"about":[{"href":"https:\/\/koupitmarihuanu.com\/da\/wp-json\/wp\/v2\/types\/product"}],"replies":[{"embeddable":true,"href":"https:\/\/koupitmarihuanu.com\/da\/wp-json\/wp\/v2\/comments?post=134"}],"wp:featuredmedia":[{"embeddable":true,"href":"https:\/\/koupitmarihuanu.com\/da\/wp-json\/wp\/v2\/media\/1196"}],"wp:attachment":[{"href":"https:\/\/koupitmarihuanu.com\/da\/wp-json\/wp\/v2\/media?parent=134"}],"wp:term":[{"taxonomy":"product_brand","embeddable":true,"href":"https:\/\/koupitmarihuanu.com\/da\/wp-json\/wp\/v2\/product_brand?post=134"},{"taxonomy":"product_cat","embeddable":true,"href":"https:\/\/koupitmarihuanu.com\/da\/wp-json\/wp\/v2\/product_cat?post=134"},{"taxonomy":"product_tag","embeddable":true,"href":"https:\/\/koupitmarihuanu.com\/da\/wp-json\/wp\/v2\/product_tag?post=134"}],"curies":[{"name":"wp","href":"https:\/\/api.w.org\/{rel}","templated":true}]}}