{"id":21,"date":"2023-12-26T07:28:54","date_gmt":"2023-12-26T07:28:54","guid":{"rendered":"https:\/\/cannasmed.com\/herbe\/?post_type=product&#038;p=21"},"modified":"2026-02-18T11:28:42","modified_gmt":"2026-02-18T11:28:42","slug":"%d1%87%d0%b5%d1%80%d0%b5%d1%88%d0%be%d0%b2-%d0%bf%d0%b0%d0%b9","status":"publish","type":"product","link":"https:\/\/koupitmarihuanu.com\/bg\/produkt\/cherry-pie\/","title":{"rendered":"\u0427\u0435\u0440\u0435\u0448\u043e\u0432 \u043f\u0430\u0439"},"content":{"rendered":"<h2>Kupte si t\u0159e\u0161\u0148ov\u00fd kol\u00e1\u010d online<\/h2>\n<p>Koupit Cherry Pie online ozna\u010duje proces n\u00e1kupu produkt\u016f odvozen\u00fdch z odr\u016fdy Cherry Pie prost\u0159ednictv\u00edm internetov\u00fdch platforem, kde je prodej konop\u00ed leg\u00e1ln\u011b povolen. Tuto fr\u00e1zi b\u011b\u017en\u011b pou\u017e\u00edvaj\u00ed jednotlivci, kte\u0159\u00ed p\u0159ed n\u00e1kupem zkoumaj\u00ed kvalitu produktu, chu\u0165ov\u00e9 vlastnosti, obsah kanabinoid\u016f a cenu Cherry Pie. Mnoho spot\u0159ebitel\u016f vyhled\u00e1v\u00e1 v\u00fdrazy jako Koupit Cherry Pie online nebo Kde koupit Cherry Pie? p\u0159i porovn\u00e1v\u00e1n\u00ed licencovan\u00fdch prodejc\u016f a prohl\u00ed\u017een\u00ed dostupn\u00fdch nab\u00eddek.<\/p>\n<p>Cherry Pie je \u0161iroce zn\u00e1m\u00fd pro svou sladkou a ovocnou v\u016fni, \u010dasto popisovanou jako sm\u011bs zral\u00fdch t\u0159e\u0161n\u00ed s jemn\u00fdmi zemit\u00fdmi podt\u00f3ny. Jako vyv\u00e1\u017een\u00fd hybridn\u00ed kmen je obvykle spojov\u00e1n s povzn\u00e1\u0161ej\u00edc\u00edmi \u00fa\u010dinky na mozkovou \u010dinnost v kombinaci s jemnou relaxac\u00ed t\u011bla. Kdy\u017e lid\u00e9 hledaj\u00ed Cherry Pie na prodej, obvykle hledaj\u00ed autentick\u00e9, \u0159\u00e1dn\u011b ozna\u010den\u00e9 konopn\u00e9 produkty, kter\u00e9 si zachov\u00e1vaj\u00ed charakteristick\u00fd terpenov\u00fd a kanabinoidn\u00ed profil odr\u016fdy.<\/p>\n<p>Konopn\u00e9 produkty vyroben\u00e9 z Cherry Pie mohou obsahovat r\u016fzn\u00e9 hladiny THC a CBD v z\u00e1vislosti na konkr\u00e9tn\u00edm slo\u017een\u00ed. THC je zodpov\u011bdn\u00e9 za psychoaktivn\u00ed \u00fa\u010dinky, zat\u00edmco CBD nen\u00ed intoxika\u010dn\u00ed a b\u011b\u017en\u011b se spojuje s podp\u016frn\u00fdmi \u00fa\u010dinky. Vzhledem ke sv\u00e9 popularit\u011b mnoho z\u00e1kazn\u00edk\u016f porovn\u00e1v\u00e1 \u00farovn\u011b \u00fa\u010dinnosti a kontroluje celkovou cenu Cherry Pie v r\u016fzn\u00fdch v\u00fddejn\u00e1ch, ne\u017e se rozhodnou koupit Cherry Pie online.<\/p>\n<h3>Co je Cherry Pie Online?<\/h3>\n<p>Cherry Pie Online ozna\u010duje dostupnost konopn\u00fdch produkt\u016f Cherry Pie prost\u0159ednictv\u00edm licencovan\u00fdch online v\u00fddejen nebo regulovan\u00fdch webov\u00fdch str\u00e1nek s maloobchodn\u00edm prodejem konop\u00ed. M\u00edsto n\u00e1v\u0161t\u011bvy fyzick\u00e9 prodejny si z\u00e1kazn\u00edci mohou prohl\u00ed\u017eet seznamy produkt\u016f, prohl\u00ed\u017eet si specifikace a hodnotit Cherry Pie k prodeji prost\u0159ednictv\u00edm zabezpe\u010den\u00e9 online platformy. Fr\u00e1ze \u201eKoupit Cherry Pie online\u201c zd\u016fraz\u0148uje pohodl\u00ed a dostupnost objedn\u00e1v\u00e1n\u00ed z domova, pokud je v souladu s m\u00edstn\u00edmi p\u0159edpisy t\u00fdkaj\u00edc\u00edmi se konop\u00ed.<\/p>\n<p>Online prodejci \u010dasto poskytuj\u00ed podrobn\u00e9 popisy produkt\u016f, v\u010detn\u011b procentu\u00e1ln\u00edho obsahu kanabinoid\u016f, terpenov\u00fdch profil\u016f, informac\u00ed o laboratorn\u00edch testech a podrobnost\u00ed o balen\u00ed. P\u0159i hled\u00e1n\u00ed nejlep\u0161\u00edho m\u00edsta pro <a href=\"https:\/\/koupitmarihuanu.com\/bg\/%d0%bf%d1%80%d0%be%d0%b4%d1%83%d0%ba%d1%82\/%d1%87%d0%b5%d1%80%d0%b5%d1%88%d0%be%d0%b2-%d0%bf%d0%b0%d0%b9\/\">n\u00e1kup Cherry Pie online<\/a> z\u00e1kazn\u00edci obvykle up\u0159ednost\u0148uj\u00ed transparentnost, dodr\u017eov\u00e1n\u00ed p\u0159edpis\u016f a bezpe\u010dn\u00e9 mo\u017enosti platby.<\/p>\n<h3>Nejlep\u0161\u00ed vyu\u017eit\u00ed a v\u00fdhody Cherry Pie<\/h3>\n<p>Cherry Pie je \u010dasto spojov\u00e1n s vyv\u00e1\u017een\u00fdmi hybridn\u00edmi \u00fa\u010dinky, kter\u00e9 mohou za\u010d\u00edt m\u00edrn\u00fdm zlep\u0161en\u00edm n\u00e1lady, po kter\u00e9m n\u00e1sleduje uklid\u0148uj\u00edc\u00ed pocit t\u011bla. Mnoho u\u017eivatel\u016f uv\u00e1d\u00ed zv\u00fd\u0161enou relaxaci p\u0159i zachov\u00e1n\u00ed du\u0161evn\u00ed jasnosti. Tato kombinace ho m\u016f\u017ee \u010dinit vhodn\u00fdm pro spole\u010densk\u00e9 situace, kreativn\u00ed \u00fakoly nebo odpo\u010dinek po n\u00e1ro\u010dn\u00e9m dni.<\/p>\n<p>N\u011bkte\u0159\u00ed lid\u00e9 oce\u0148uj\u00ed Cherry Pie pro jeho chu\u0165ov\u00fd profil a aromatickou bohatost. Stejn\u011b jako u jak\u00e9hokoli konopn\u00e9ho produktu se \u00fa\u010dinky mohou li\u0161it v z\u00e1vislosti na d\u00e1vkov\u00e1n\u00ed, toleranci a osobn\u00ed t\u011blesn\u00e9 chemii. Zodpov\u011bdn\u00e1 konzumace je d\u016fle\u017eit\u00e1 p\u0159i online objedn\u00e1vce Cherry Pie, zejm\u00e9na p\u0159i v\u00fdb\u011bru produkt\u016f s vy\u0161\u0161\u00edm obsahem THC.<\/p>\n<h3>Pro\u010d koupit Cherry Pie online na koupitmarihuanu.com?<\/h3>\n<p>N\u00e1kup Cherry Pie online na <a href=\"https:\/\/koupitmarihuanu.com\/bg\/\">koupitmarihuanu.com<\/a> nab\u00edz\u00ed z\u00e1kazn\u00edk\u016fm efektivn\u00ed zp\u016fsob p\u0159\u00edstupu k konopn\u00fdm produkt\u016fm specifick\u00fdm pro danou odr\u016fdu. Mnoho kupuj\u00edc\u00edch hled\u00e1 nejlep\u0161\u00ed m\u00edsto pro online n\u00e1kup Cherry Pie, aby si zajistili p\u0159esn\u00e9 informace o produktu a bezpe\u010dn\u00e9 mo\u017enosti transakce. Ne\u017e se rozhodnou koupit Cherry Pie online, z\u00e1kazn\u00edci \u010dasto hodnot\u00ed spolehlivost webov\u00fdch str\u00e1nek, dostupnost z\u00e1kaznick\u00e9 podpory a konkurenceschopn\u00e9 ceny. Pokud v\u00e1s zaj\u00edm\u00e1, kde koupit Cherry Pie, je nezbytn\u00e9 p\u0159ed dokon\u010den\u00edm jak\u00e9hokoli n\u00e1kupu ov\u011b\u0159it, zda prodejce pracuje v souladu se z\u00e1konn\u00fdmi pokyny a poskytuje jasn\u00e9 informace o produktu.<\/p>\n<h3>Jak objednat Cherry Pie online od n\u00e1s<\/h3>\n<p>Chce-li si z\u00e1kazn\u00edci objednat Cherry Pie online, obvykle nav\u0161t\u00edv\u00ed webov\u00e9 str\u00e1nky, prohl\u00e9dnou si dostupn\u00e9 nab\u00eddky a vyberou preferovanou mo\u017enost. Po p\u0159id\u00e1n\u00ed produktu do ko\u0161\u00edku pokra\u010duj\u00ed k pokladn\u011b, zadaj\u00ed po\u017eadovan\u00e9 informace a dokon\u010d\u00ed platbu prost\u0159ednictv\u00edm <a href=\"https:\/\/en.wikipedia.org\/wiki\/Cherry_pie\">akceptovan\u00fdch<\/a> metod.<\/p>\n<p>V z\u00e1vislosti na m\u00edstn\u00edch z\u00e1konech m\u016f\u017ee b\u00fdt p\u0159ed \u00fasp\u011b\u0161nou online objedn\u00e1vkou Cherry Pie vy\u017eadov\u00e1no ov\u011b\u0159en\u00ed v\u011bku nebo toto\u017enosti. Po potvrzen\u00ed v\u00e1m budou poskytnuty dodac\u00ed lh\u016fty a podrobnosti o doru\u010den\u00ed. P\u0159ed n\u00e1kupem jak\u00e9hokoli Cherry Pie online je d\u016fle\u017eit\u00e9 si pe\u010dliv\u011b prostudovat z\u00e1sady obchodu.<\/p>","protected":false},"excerpt":{"rendered":"<p>Kupte si t\u0159e\u0161\u0148ov\u00fd kol\u00e1\u010d online Koupit Cherry Pie online ozna\u010duje proces n\u00e1kupu produkt\u016f odvozen\u00fdch z odr\u016fdy Cherry Pie prost\u0159ednictv\u00edm internetov\u00fdch platforem, kde je prodej konop\u00ed leg\u00e1ln\u011b povolen. Tuto fr\u00e1zi b\u011b\u017en\u011b pou\u017e\u00edvaj\u00ed jednotlivci, kte\u0159\u00ed p\u0159ed n\u00e1kupem zkoumaj\u00ed kvalitu produktu, chu\u0165ov\u00e9 vlastnosti, obsah kanabinoid\u016f a cenu Cherry Pie. Mnoho spot\u0159ebitel\u016f vyhled\u00e1v\u00e1 v\u00fdrazy jako Koupit Cherry Pie online [&hellip;]<\/p>\n","protected":false},"featured_media":1216,"comment_status":"open","ping_status":"closed","template":"","meta":{"site-sidebar-layout":"default","site-content-layout":"","ast-site-content-layout":"default","site-content-style":"default","site-sidebar-style":"default","ast-global-header-display":"","ast-banner-title-visibility":"","ast-main-header-display":"","ast-hfb-above-header-display":"","ast-hfb-below-header-display":"","ast-hfb-mobile-header-display":"","site-post-title":"","ast-breadcrumbs-content":"","ast-featured-img":"","footer-sml-layout":"","ast-disable-related-posts":"","theme-transparent-header-meta":"default","adv-header-id-meta":"","stick-header-meta":"default","header-above-stick-meta":"","header-main-stick-meta":"","header-below-stick-meta":"","astra-migrate-meta-layouts":"set","ast-page-background-enabled":"default","ast-page-background-meta":{"desktop":{"background-color":"var(--ast-global-color-4)","background-image":"","background-repeat":"repeat","background-position":"center center","background-size":"auto","background-attachment":"scroll","background-type":"","background-media":"","overlay-type":"","overlay-color":"","overlay-opacity":"","overlay-gradient":""},"tablet":{"background-color":"","background-image":"","background-repeat":"repeat","background-position":"center center","background-size":"auto","background-attachment":"scroll","background-type":"","background-media":"","overlay-type":"","overlay-color":"","overlay-opacity":"","overlay-gradient":""},"mobile":{"background-color":"","background-image":"","background-repeat":"repeat","background-position":"center center","background-size":"auto","background-attachment":"scroll","background-type":"","background-media":"","overlay-type":"","overlay-color":"","overlay-opacity":"","overlay-gradient":""}},"ast-content-background-meta":{"desktop":{"background-color":"var(--ast-global-color-5)","background-image":"","background-repeat":"repeat","background-position":"center center","background-size":"auto","background-attachment":"scroll","background-type":"","background-media":"","overlay-type":"","overlay-color":"","overlay-opacity":"","overlay-gradient":""},"tablet":{"background-color":"var(--ast-global-color-5)","background-image":"","background-repeat":"repeat","background-position":"center center","background-size":"auto","background-attachment":"scroll","background-type":"","background-media":"","overlay-type":"","overlay-color":"","overlay-opacity":"","overlay-gradient":""},"mobile":{"background-color":"var(--ast-global-color-5)","background-image":"","background-repeat":"repeat","background-position":"center center","background-size":"auto","background-attachment":"scroll","background-type":"","background-media":"","overlay-type":"","overlay-color":"","overlay-opacity":"","overlay-gradient":""}},"_joinchat":[]},"product_brand":[],"product_cat":[17],"product_tag":[],"class_list":{"0":"post-21","1":"product","2":"type-product","3":"status-publish","4":"has-post-thumbnail","6":"product_cat-marihuana","7":"desktop-align-left","8":"tablet-align-left","9":"mobile-align-left","10":"ast-product-gallery-layout-horizontal-slider","11":"ast-product-gallery-with-no-image","12":"ast-product-single-variable","13":"ast-product-tabs-layout-horizontal","15":"first","16":"instock","17":"shipping-taxable","18":"purchasable","19":"product-type-variable"},"yoast_head":"<!-- This site is optimized with the Yoast SEO plugin v22.6 - https:\/\/yoast.com\/wordpress\/plugins\/seo\/ -->\n<title>Cherry Pie na prodej - Kupte Cherry Pie online<\/title>\n<meta name=\"description\" content=\"Hled\u00e1te spolehliv\u00fd zdroj pro n\u00e1kup Cherry Pie online? Va\u0161e hled\u00e1n\u00ed zde kon\u010d\u00ed. Objednejte si t\u0159e\u0161\u0148ov\u00fd kol\u00e1\u010d online z na\u0161eho d\u016fv\u011bryhodn\u00e9ho obchodu a u\u017eijte si bezprobl\u00e9mov\u00fd n\u00e1kupn\u00ed proces p\u0159izp\u016fsoben\u00fd va\u0161im pot\u0159eb\u00e1m v oblasti v\u00fdzkumu.\" \/>\n<meta name=\"robots\" content=\"index, follow, max-snippet:-1, max-image-preview:large, max-video-preview:-1\" \/>\n<link rel=\"canonical\" href=\"https:\/\/koupitmarihuanu.com\/bg\/\u043f\u0440\u043e\u0434\u0443\u043a\u0442\/\u0447\u0435\u0440\u0435\u0448\u043e\u0432-\u043f\u0430\u0439\/\" \/>\n<meta property=\"og:locale\" content=\"bg_BG\" \/>\n<meta property=\"og:type\" content=\"article\" \/>\n<meta property=\"og:title\" content=\"Cherry Pie na prodej - Kupte Cherry Pie online\" \/>\n<meta property=\"og:description\" content=\"Hled\u00e1te spolehliv\u00fd zdroj pro n\u00e1kup Cherry Pie online? Va\u0161e hled\u00e1n\u00ed zde kon\u010d\u00ed. Objednejte si t\u0159e\u0161\u0148ov\u00fd kol\u00e1\u010d online z na\u0161eho d\u016fv\u011bryhodn\u00e9ho obchodu a u\u017eijte si bezprobl\u00e9mov\u00fd n\u00e1kupn\u00ed proces p\u0159izp\u016fsoben\u00fd va\u0161im pot\u0159eb\u00e1m v oblasti v\u00fdzkumu.\" \/>\n<meta property=\"og:url\" content=\"https:\/\/koupitmarihuanu.com\/bg\/\u043f\u0440\u043e\u0434\u0443\u043a\u0442\/\u0447\u0435\u0440\u0435\u0448\u043e\u0432-\u043f\u0430\u0439\/\" \/>\n<meta property=\"og:site_name\" content=\"Koupit Marihuanu\" \/>\n<meta property=\"article:modified_time\" content=\"2026-02-18T11:28:42+00:00\" \/>\n<meta property=\"og:image\" content=\"https:\/\/koupitmarihuanu.com\/wp-content\/uploads\/2023\/12\/CHERRY-PIE.jpg\" \/>\n\t<meta property=\"og:image:width\" content=\"600\" \/>\n\t<meta property=\"og:image:height\" content=\"600\" \/>\n\t<meta property=\"og:image:type\" content=\"image\/jpeg\" \/>\n<meta name=\"twitter:card\" content=\"summary_large_image\" \/>\n<meta name=\"twitter:label1\" content=\"Est. reading time\" \/>\n\t<meta name=\"twitter:data1\" content=\"3 \u043c\u0438\u043d\u0443\u0442\u0438\" \/>\n<script type=\"application\/ld+json\" class=\"yoast-schema-graph\">{\"@context\":\"https:\/\/schema.org\",\"@graph\":[{\"@type\":\"WebPage\",\"@id\":\"https:\/\/koupitmarihuanu.com\/produkt\/cherry-pie\/\",\"url\":\"https:\/\/koupitmarihuanu.com\/produkt\/cherry-pie\/\",\"name\":\"Cherry Pie na prodej - Kupte Cherry Pie online\",\"isPartOf\":{\"@id\":\"https:\/\/koupitmarihuanu.com\/#website\"},\"primaryImageOfPage\":{\"@id\":\"https:\/\/koupitmarihuanu.com\/produkt\/cherry-pie\/#primaryimage\"},\"image\":{\"@id\":\"https:\/\/koupitmarihuanu.com\/produkt\/cherry-pie\/#primaryimage\"},\"thumbnailUrl\":\"https:\/\/koupitmarihuanu.com\/wp-content\/uploads\/2023\/12\/CHERRY-PIE.jpg\",\"datePublished\":\"2023-12-26T07:28:54+00:00\",\"dateModified\":\"2026-02-18T11:28:42+00:00\",\"description\":\"Hled\u00e1te spolehliv\u00fd zdroj pro n\u00e1kup Cherry Pie online? Va\u0161e hled\u00e1n\u00ed zde kon\u010d\u00ed. Objednejte si t\u0159e\u0161\u0148ov\u00fd kol\u00e1\u010d online z na\u0161eho d\u016fv\u011bryhodn\u00e9ho obchodu a u\u017eijte si bezprobl\u00e9mov\u00fd n\u00e1kupn\u00ed proces p\u0159izp\u016fsoben\u00fd va\u0161im pot\u0159eb\u00e1m v oblasti v\u00fdzkumu.\",\"breadcrumb\":{\"@id\":\"https:\/\/koupitmarihuanu.com\/produkt\/cherry-pie\/#breadcrumb\"},\"inLanguage\":\"bg-BG\",\"potentialAction\":[{\"@type\":\"ReadAction\",\"target\":[\"https:\/\/koupitmarihuanu.com\/produkt\/cherry-pie\/\"]}]},{\"@type\":\"ImageObject\",\"inLanguage\":\"bg-BG\",\"@id\":\"https:\/\/koupitmarihuanu.com\/produkt\/cherry-pie\/#primaryimage\",\"url\":\"https:\/\/koupitmarihuanu.com\/wp-content\/uploads\/2023\/12\/CHERRY-PIE.jpg\",\"contentUrl\":\"https:\/\/koupitmarihuanu.com\/wp-content\/uploads\/2023\/12\/CHERRY-PIE.jpg\",\"width\":600,\"height\":600,\"caption\":\"Koupit CHERRY-PIE Online\"},{\"@type\":\"BreadcrumbList\",\"@id\":\"https:\/\/koupitmarihuanu.com\/produkt\/cherry-pie\/#breadcrumb\",\"itemListElement\":[{\"@type\":\"ListItem\",\"position\":1,\"name\":\"Home\",\"item\":\"https:\/\/koupitmarihuanu.com\/\"},{\"@type\":\"ListItem\",\"position\":2,\"name\":\"Prodejna\",\"item\":\"https:\/\/koupitmarihuanu.com\/prodejna\/\"},{\"@type\":\"ListItem\",\"position\":3,\"name\":\"Cherry Pie\"}]},{\"@type\":\"WebSite\",\"@id\":\"https:\/\/koupitmarihuanu.com\/#website\",\"url\":\"https:\/\/koupitmarihuanu.com\/\",\"name\":\"Koupit Marihuanu\",\"description\":\"My WordPress Blog\",\"publisher\":{\"@id\":\"https:\/\/koupitmarihuanu.com\/#organization\"},\"potentialAction\":[{\"@type\":\"SearchAction\",\"target\":{\"@type\":\"EntryPoint\",\"urlTemplate\":\"https:\/\/koupitmarihuanu.com\/?s={search_term_string}\"},\"query-input\":\"required name=search_term_string\"}],\"inLanguage\":\"bg-BG\"},{\"@type\":\"Organization\",\"@id\":\"https:\/\/koupitmarihuanu.com\/#organization\",\"name\":\"Koupit Marihuanu\",\"url\":\"https:\/\/koupitmarihuanu.com\/\",\"logo\":{\"@type\":\"ImageObject\",\"inLanguage\":\"bg-BG\",\"@id\":\"https:\/\/koupitmarihuanu.com\/#\/schema\/logo\/image\/\",\"url\":\"https:\/\/koupitmarihuanu.com\/wp-content\/uploads\/2024\/01\/black-logo.png\",\"contentUrl\":\"https:\/\/koupitmarihuanu.com\/wp-content\/uploads\/2024\/01\/black-logo.png\",\"width\":300,\"height\":63,\"caption\":\"Koupit Marihuanu\"},\"image\":{\"@id\":\"https:\/\/koupitmarihuanu.com\/#\/schema\/logo\/image\/\"}}]}<\/script>\n<!-- \/ Yoast SEO plugin. -->","yoast_head_json":{"title":"\u0427\u0435\u0440\u0435\u0448\u043e\u0432 \u043f\u0430\u0439 \u0437\u0430 \u043f\u0440\u043e\u0434\u0430\u0436\u0431\u0430 \u2013 \u041a\u0443\u043f\u0435\u0442\u0435 \u0447\u0435\u0440\u0435\u0448\u043e\u0432 \u043f\u0430\u0439 \u043e\u043d\u043b\u0430\u0439\u043d","description":"\u0422\u044a\u0440\u0441\u0438\u0442\u0435 \u043d\u0430\u0434\u0435\u0436\u0434\u0435\u043d \u0438\u0437\u0442\u043e\u0447\u043d\u0438\u043a \u0437\u0430 \u0437\u0430\u043a\u0443\u043f\u0443\u0432\u0430\u043d\u0435 \u043d\u0430 \u0447\u0435\u0440\u0435\u0448\u043e\u0432 \u043f\u0430\u0439 \u043e\u043d\u043b\u0430\u0439\u043d? \u0412\u0430\u0448\u0435\u0442\u043e \u0442\u044a\u0440\u0441\u0435\u043d\u0435 \u043f\u0440\u0438\u043a\u043b\u044e\u0447\u0432\u0430 \u0442\u0443\u043a. \u041f\u043e\u0440\u044a\u0447\u0430\u0439\u0442\u0435 \u0447\u0435\u0440\u0435\u0448\u043e\u0432 \u043f\u0430\u0439 \u043e\u043d\u043b\u0430\u0439\u043d \u043e\u0442 \u043d\u0430\u0448\u0438\u044f \u0434\u043e\u0432\u0435\u0440\u0435\u043d \u043c\u0430\u0433\u0430\u0437\u0438\u043d \u0438 \u0441\u0435 \u043d\u0430\u0441\u043b\u0430\u0434\u0435\u0442\u0435 \u043d\u0430 \u0431\u0435\u0437\u043f\u0440\u043e\u0431\u043b\u0435\u043c\u0435\u043d \u043f\u0440\u043e\u0446\u0435\u0441 \u043d\u0430 \u043f\u0430\u0437\u0430\u0440\u0443\u0432\u0430\u043d\u0435, \u0441\u044a\u043e\u0431\u0440\u0430\u0437\u0435\u043d \u0441 \u0432\u0430\u0448\u0438\u0442\u0435 \u0438\u0437\u0441\u043b\u0435\u0434\u043e\u0432\u0430\u0442\u0435\u043b\u0441\u043a\u0438 \u043d\u0443\u0436\u0434\u0438.","robots":{"index":"index","follow":"follow","max-snippet":"max-snippet:-1","max-image-preview":"max-image-preview:large","max-video-preview":"max-video-preview:-1"},"canonical":"https:\/\/koupitmarihuanu.com\/bg\/\u043f\u0440\u043e\u0434\u0443\u043a\u0442\/\u0447\u0435\u0440\u0435\u0448\u043e\u0432-\u043f\u0430\u0439\/","og_locale":"bg_BG","og_type":"article","og_title":"Cherry Pie na prodej - Kupte Cherry Pie online","og_description":"Hled\u00e1te spolehliv\u00fd zdroj pro n\u00e1kup Cherry Pie online? Va\u0161e hled\u00e1n\u00ed zde kon\u010d\u00ed. Objednejte si t\u0159e\u0161\u0148ov\u00fd kol\u00e1\u010d online z na\u0161eho d\u016fv\u011bryhodn\u00e9ho obchodu a u\u017eijte si bezprobl\u00e9mov\u00fd n\u00e1kupn\u00ed proces p\u0159izp\u016fsoben\u00fd va\u0161im pot\u0159eb\u00e1m v oblasti v\u00fdzkumu.","og_url":"https:\/\/koupitmarihuanu.com\/bg\/\u043f\u0440\u043e\u0434\u0443\u043a\u0442\/\u0447\u0435\u0440\u0435\u0448\u043e\u0432-\u043f\u0430\u0439\/","og_site_name":"Koupit Marihuanu","article_modified_time":"2026-02-18T11:28:42+00:00","og_image":[{"width":600,"height":600,"url":"https:\/\/koupitmarihuanu.com\/wp-content\/uploads\/2023\/12\/CHERRY-PIE.jpg","type":"image\/jpeg"}],"twitter_card":"summary_large_image","twitter_misc":{"Est. reading time":"3 \u043c\u0438\u043d\u0443\u0442\u0438"},"schema":{"@context":"https:\/\/schema.org","@graph":[{"@type":"WebPage","@id":"https:\/\/koupitmarihuanu.com\/produkt\/cherry-pie\/","url":"https:\/\/koupitmarihuanu.com\/produkt\/cherry-pie\/","name":"\u0427\u0435\u0440\u0435\u0448\u043e\u0432 \u043f\u0430\u0439 \u0437\u0430 \u043f\u0440\u043e\u0434\u0430\u0436\u0431\u0430 \u2013 \u041a\u0443\u043f\u0435\u0442\u0435 \u0447\u0435\u0440\u0435\u0448\u043e\u0432 \u043f\u0430\u0439 \u043e\u043d\u043b\u0430\u0439\u043d","isPartOf":{"@id":"https:\/\/koupitmarihuanu.com\/#website"},"primaryImageOfPage":{"@id":"https:\/\/koupitmarihuanu.com\/produkt\/cherry-pie\/#primaryimage"},"image":{"@id":"https:\/\/koupitmarihuanu.com\/produkt\/cherry-pie\/#primaryimage"},"thumbnailUrl":"https:\/\/koupitmarihuanu.com\/wp-content\/uploads\/2023\/12\/CHERRY-PIE.jpg","datePublished":"2023-12-26T07:28:54+00:00","dateModified":"2026-02-18T11:28:42+00:00","description":"\u0422\u044a\u0440\u0441\u0438\u0442\u0435 \u043d\u0430\u0434\u0435\u0436\u0434\u0435\u043d \u0438\u0437\u0442\u043e\u0447\u043d\u0438\u043a \u0437\u0430 \u0437\u0430\u043a\u0443\u043f\u0443\u0432\u0430\u043d\u0435 \u043d\u0430 \u0447\u0435\u0440\u0435\u0448\u043e\u0432 \u043f\u0430\u0439 \u043e\u043d\u043b\u0430\u0439\u043d? \u0412\u0430\u0448\u0435\u0442\u043e \u0442\u044a\u0440\u0441\u0435\u043d\u0435 \u043f\u0440\u0438\u043a\u043b\u044e\u0447\u0432\u0430 \u0442\u0443\u043a. \u041f\u043e\u0440\u044a\u0447\u0430\u0439\u0442\u0435 \u0447\u0435\u0440\u0435\u0448\u043e\u0432 \u043f\u0430\u0439 \u043e\u043d\u043b\u0430\u0439\u043d \u043e\u0442 \u043d\u0430\u0448\u0438\u044f \u0434\u043e\u0432\u0435\u0440\u0435\u043d \u043c\u0430\u0433\u0430\u0437\u0438\u043d \u0438 \u0441\u0435 \u043d\u0430\u0441\u043b\u0430\u0434\u0435\u0442\u0435 \u043d\u0430 \u0431\u0435\u0437\u043f\u0440\u043e\u0431\u043b\u0435\u043c\u0435\u043d \u043f\u0440\u043e\u0446\u0435\u0441 \u043d\u0430 \u043f\u0430\u0437\u0430\u0440\u0443\u0432\u0430\u043d\u0435, \u0441\u044a\u043e\u0431\u0440\u0430\u0437\u0435\u043d \u0441 \u0432\u0430\u0448\u0438\u0442\u0435 \u0438\u0437\u0441\u043b\u0435\u0434\u043e\u0432\u0430\u0442\u0435\u043b\u0441\u043a\u0438 \u043d\u0443\u0436\u0434\u0438.","breadcrumb":{"@id":"https:\/\/koupitmarihuanu.com\/produkt\/cherry-pie\/#breadcrumb"},"inLanguage":"bg-BG","potentialAction":[{"@type":"ReadAction","target":["https:\/\/koupitmarihuanu.com\/produkt\/cherry-pie\/"]}]},{"@type":"ImageObject","inLanguage":"bg-BG","@id":"https:\/\/koupitmarihuanu.com\/produkt\/cherry-pie\/#primaryimage","url":"https:\/\/koupitmarihuanu.com\/wp-content\/uploads\/2023\/12\/CHERRY-PIE.jpg","contentUrl":"https:\/\/koupitmarihuanu.com\/wp-content\/uploads\/2023\/12\/CHERRY-PIE.jpg","width":600,"height":600,"caption":"Koupit CHERRY-PIE Online"},{"@type":"BreadcrumbList","@id":"https:\/\/koupitmarihuanu.com\/produkt\/cherry-pie\/#breadcrumb","itemListElement":[{"@type":"ListItem","position":1,"name":"Home","item":"https:\/\/koupitmarihuanu.com\/"},{"@type":"ListItem","position":2,"name":"Prodejna","item":"https:\/\/koupitmarihuanu.com\/prodejna\/"},{"@type":"ListItem","position":3,"name":"Cherry Pie"}]},{"@type":"WebSite","@id":"https:\/\/koupitmarihuanu.com\/#website","url":"https:\/\/koupitmarihuanu.com\/","name":"\u041a\u0443\u043f\u0443\u0432\u0430\u043d\u0435 \u043d\u0430 \u043c\u0430\u0440\u0438\u0445\u0443\u0430\u043d\u0430","description":"\u041c\u043e\u044f\u0442 \u0431\u043b\u043e\u0433 \u043d\u0430 WordPress","publisher":{"@id":"https:\/\/koupitmarihuanu.com\/#organization"},"potentialAction":[{"@type":"SearchAction","target":{"@type":"EntryPoint","urlTemplate":"https:\/\/koupitmarihuanu.com\/?s={search_term_string}"},"query-input":"required name=search_term_string"}],"inLanguage":"bg-BG"},{"@type":"Organization","@id":"https:\/\/koupitmarihuanu.com\/#organization","name":"\u041a\u0443\u043f\u0443\u0432\u0430\u043d\u0435 \u043d\u0430 \u043c\u0430\u0440\u0438\u0445\u0443\u0430\u043d\u0430","url":"https:\/\/koupitmarihuanu.com\/","logo":{"@type":"ImageObject","inLanguage":"bg-BG","@id":"https:\/\/koupitmarihuanu.com\/#\/schema\/logo\/image\/","url":"https:\/\/koupitmarihuanu.com\/wp-content\/uploads\/2024\/01\/black-logo.png","contentUrl":"https:\/\/koupitmarihuanu.com\/wp-content\/uploads\/2024\/01\/black-logo.png","width":300,"height":63,"caption":"Koupit Marihuanu"},"image":{"@id":"https:\/\/koupitmarihuanu.com\/#\/schema\/logo\/image\/"}}]}},"_links":{"self":[{"href":"https:\/\/koupitmarihuanu.com\/bg\/wp-json\/wp\/v2\/product\/21","targetHints":{"allow":["GET"]}}],"collection":[{"href":"https:\/\/koupitmarihuanu.com\/bg\/wp-json\/wp\/v2\/product"}],"about":[{"href":"https:\/\/koupitmarihuanu.com\/bg\/wp-json\/wp\/v2\/types\/product"}],"replies":[{"embeddable":true,"href":"https:\/\/koupitmarihuanu.com\/bg\/wp-json\/wp\/v2\/comments?post=21"}],"wp:featuredmedia":[{"embeddable":true,"href":"https:\/\/koupitmarihuanu.com\/bg\/wp-json\/wp\/v2\/media\/1216"}],"wp:attachment":[{"href":"https:\/\/koupitmarihuanu.com\/bg\/wp-json\/wp\/v2\/media?parent=21"}],"wp:term":[{"taxonomy":"product_brand","embeddable":true,"href":"https:\/\/koupitmarihuanu.com\/bg\/wp-json\/wp\/v2\/product_brand?post=21"},{"taxonomy":"product_cat","embeddable":true,"href":"https:\/\/koupitmarihuanu.com\/bg\/wp-json\/wp\/v2\/product_cat?post=21"},{"taxonomy":"product_tag","embeddable":true,"href":"https:\/\/koupitmarihuanu.com\/bg\/wp-json\/wp\/v2\/product_tag?post=21"}],"curies":[{"name":"wp","href":"https:\/\/api.w.org\/{rel}","templated":true}]}}