{"id":116,"date":"2023-12-26T07:29:06","date_gmt":"2023-12-26T07:29:06","guid":{"rendered":"https:\/\/cannasmed.com\/herbe\/?post_type=product&#038;p=116"},"modified":"2026-02-19T08:41:18","modified_gmt":"2026-02-19T08:41:18","slug":"tangie-hash","status":"publish","type":"product","link":"https:\/\/koupitmarihuanu.com\/bg\/produkt\/tangie-hash\/","title":{"rendered":"\u0422\u0430\u043d\u0433\u0438 \u0425\u0430\u0448"},"content":{"rendered":"<h2>Kupte si Tangie Hash online<\/h2>\n<p>Term\u00edn \u201ekoupit Tangie Hash online\u201c ozna\u010duje proces n\u00e1kupu ha\u0161i\u0161e vyroben\u00e9ho z odr\u016fdy Tangie prost\u0159ednictv\u00edm internetov\u00fdch platforem, kde jsou konopn\u00e9 produkty leg\u00e1ln\u011b dostupn\u00e9. Tuto fr\u00e1zi b\u011b\u017en\u011b pou\u017e\u00edvaj\u00ed jednotlivci, kte\u0159\u00ed p\u0159ed rozhodnut\u00edm o koupi hledaj\u00ed podrobnosti o produktu, dostupnost a cenu Tangie Hash. Mnoho spot\u0159ebitel\u016f zad\u00e1v\u00e1 vyhled\u00e1vac\u00ed v\u00fdrazy jako \u201ekoupit Tangie Hash online\u201c nebo \u201e<a href=\"https:\/\/koupitmarihuanu.com\/bg\/%d0%bf%d1%80%d0%be%d0%b4%d1%83%d0%ba%d1%82\/tangie-hash\/\">kde koupit Tangie Hash<\/a>?\u201c, kdy\u017e porovn\u00e1vaj\u00ed kvalitu a spolehlivost online prodejc\u016f.<\/p>\n<p>Tangie je \u0161iroce uzn\u00e1v\u00e1na pro svou z\u00e1\u0159ivou citrusovou v\u016fni a povzn\u00e1\u0161ej\u00edc\u00ed \u00fa\u010dinky s p\u0159evahou sativ. Po zpracov\u00e1n\u00ed na ha\u0161i\u0161 si koncentrovan\u00e1 prysky\u0159ice zachov\u00e1v\u00e1 velkou \u010d\u00e1st terpenov\u00e9ho profilu odr\u016fdy a obsahu kanabinoid\u016f. Tangie Hash je \u010dasto vyhled\u00e1v\u00e1na pro svou chu\u0165 a energizuj\u00edc\u00ed vlastnosti. Ti, kte\u0159\u00ed hledaj\u00ed Tangie Hash k prodeji, se obvykle zaj\u00edmaj\u00ed o koncentrovan\u00fd konopn\u00fd produkt zn\u00e1m\u00fd svou silou a aromatickou bohatost\u00ed.<\/p>\n<p>Ha\u0161i\u0161, zkratka pro ha\u0161i\u0161, je konopn\u00fd koncentr\u00e1t vyroben\u00fd sb\u011brem a lisov\u00e1n\u00edm trichom\u016f z rostliny. Obsahuje kanabinoidy, jako je THC, a r\u016fzn\u00e9 hladiny CBD v z\u00e1vislosti na odr\u016fd\u011b a zp\u016fsobu v\u00fdroby. Tangie Hash je specificky odvozen z odr\u016fdy Tangie s c\u00edlem zachovat jej\u00ed v\u00fdrazn\u00fd citrusov\u00fd terpenov\u00fd profil. Ne\u017e se z\u00e1kazn\u00edci rozhodnou koupit Tangie Hash online, \u010dasto porovn\u00e1vaj\u00ed popisy produkt\u016f, podrobnosti o \u00fa\u010dinnosti a celkovou cenu Tangie Hash nap\u0159\u00ed\u010d r\u016fzn\u00fdmi zdroji.<\/p>\n<h3>Co je Tangie Hash Online?<\/h3>\n<p>Tangie Hash Online ozna\u010duje dostupnost tohoto ha\u0161i\u0161ov\u00e9ho produktu specifick\u00e9ho pro danou odr\u016fdu prost\u0159ednictv\u00edm licencovan\u00fdch online v\u00fddejen nebo regulovan\u00fdch webov\u00fdch str\u00e1nek s maloobchodn\u00edm prodejem konop\u00ed. M\u00edsto n\u00e1v\u0161t\u011bvy kamenn\u00e9 prodejny si z\u00e1kazn\u00edci mohou prohl\u00ed\u017eet nab\u00eddky, prohl\u00ed\u017eet si specifikace produkt\u016f a hodnotit Tangie Hash k prodeji p\u0159\u00edmo ze sv\u00fdch za\u0159\u00edzen\u00ed. Fr\u00e1zi \u201eKoupit Tangie Hash online\u201c b\u011b\u017en\u011b pou\u017e\u00edvaj\u00ed ti, kte\u0159\u00ed hledaj\u00ed pohodl\u00ed, diskr\u00e9tnost a p\u0159\u00edstup k podrobn\u00fdm informac\u00edm o produktu.<\/p>\n<p>Online platformy mohou poskytovat popisy textury, \u00fa\u010dinnosti, aroma a v\u00fdsledky laboratorn\u00edch test\u016f, <a href=\"https:\/\/en.wikipedia.org\/wiki\/Hashish\">pokud<\/a> to vy\u017eaduje z\u00e1kon. P\u0159i hled\u00e1n\u00ed nejlep\u0161\u00edho m\u00edsta pro n\u00e1kup Tangie Hash online z\u00e1kazn\u00edci \u010dasto up\u0159ednost\u0148uj\u00ed transparentnost, autenticitu produktu a soulad s m\u00edstn\u00edmi p\u0159edpisy.<\/p>\n<h3>Nejlep\u0161\u00ed vyu\u017eit\u00ed a v\u00fdhody Tangie Hash<\/h3>\n<p>Tangie Hash je \u010dasto spojov\u00e1n s povzn\u00e1\u0161ej\u00edc\u00edmi a energizuj\u00edc\u00edmi \u00fa\u010dinky d\u00edky sv\u00e9mu p\u016fvodu s p\u0159evahou sativy. Mnoho u\u017eivatel\u016f uv\u00e1d\u00ed zlep\u0161enou n\u00e1ladu, zv\u00fd\u0161enou soust\u0159ed\u011bnost a kreativn\u00ed stimulaci. D\u00edky sv\u00e9 koncentrovan\u00e9 form\u011b m\u016f\u017ee m\u00edt ha\u0161i\u0161 siln\u011bj\u0161\u00ed \u00fa\u010dinek ve srovn\u00e1n\u00ed s tradi\u010dn\u00edmi kv\u011btinov\u00fdmi produkty.<\/p>\n<p>N\u011bkte\u0159\u00ed lid\u00e9 zkoumaj\u00ed Tangie Hash pro jeho potenci\u00e1l podporovat denn\u00ed produktivitu nebo spole\u010densk\u00e9 zapojen\u00ed. Stejn\u011b jako u jak\u00e9hokoli konopn\u00e9ho koncentr\u00e1tu se m\u016f\u017ee \u00farove\u0148 \u00fa\u010dinnosti li\u0161it a je d\u016fle\u017eit\u00e1 zodpov\u011bdn\u00e1 konzumace. P\u0159i online objedn\u00e1vce Tangie Hash je pro dosa\u017een\u00ed po\u017eadovan\u00e9ho z\u00e1\u017eitku nezbytn\u00e9 porozum\u011bt d\u00e1vkov\u00e1n\u00ed a osobn\u00ed toleranci.<\/p>\n<h3>Pro\u010d koupit Tangie Hash online na koupitmarihuanu.com?<\/h3>\n<p>N\u00e1kup Tangie Hash online na <a href=\"https:\/\/koupitmarihuanu.com\/bg\/\">koupitmarihuanu.com<\/a> nab\u00edz\u00ed z\u00e1kazn\u00edk\u016fm pohodln\u00fd zp\u016fsob, jak z\u00edskat p\u0159\u00edstup k tomuto koncentr\u00e1tu specifick\u00e9mu pro danou odr\u016fdu. Mnoho kupuj\u00edc\u00edch hled\u00e1 nejlep\u0161\u00ed m\u00edsto pro online n\u00e1kup Tangie Hash, aby si zajistili konzistentn\u00ed kvalitu a bezpe\u010dn\u00e9 transakce.<\/p>\n<p>Z\u00e1kazn\u00edci obvykle p\u0159ed online n\u00e1kupem Tangie Hash hodnot\u00ed faktory, jako jsou jasn\u00e9 popisy produkt\u016f, pohotov\u00fd z\u00e1kaznick\u00fd servis a konkurenceschopn\u00e9 ceny. Pokud v\u00e1s zaj\u00edm\u00e1, kde koupit Tangie Hash, d\u016fle\u017eit\u00fdmi kroky p\u0159ed dokon\u010den\u00edm jak\u00e9koli objedn\u00e1vky jsou kontrola pr\u00e1vn\u00edch p\u0159edpis\u016f a ov\u011b\u0159en\u00ed pravosti produktu.<\/p>\n<h3>Jak si u n\u00e1s objednat Tangie Hash online<\/h3>\n<p>Chce-li si z\u00e1kazn\u00edci objednat Tangie Hash online, obvykle nav\u0161t\u00edv\u00ed webov\u00e9 str\u00e1nky, prohl\u00e9dnou si dostupn\u00e9 produkty a vyberou po\u017eadovanou mo\u017enost. Po p\u0159id\u00e1n\u00ed polo\u017eky do ko\u0161\u00edku pokra\u010duj\u00ed k pokladn\u011b, zadaj\u00ed po\u017eadovan\u00e9 informace a dokon\u010d\u00ed platbu prost\u0159ednictv\u00edm akceptovan\u00fdch metod.<\/p>\n<p>V z\u00e1vislosti na m\u00edstn\u00edch z\u00e1konech m\u016f\u017ee b\u00fdt p\u0159ed \u00fasp\u011b\u0161nou online objedn\u00e1vkou Tangie Hash nutn\u00e9 ov\u011b\u0159it v\u011bk nebo toto\u017enost. Po potvrzen\u00ed v\u00e1m budou poskytnuty dodac\u00ed lh\u016fty a podrobnosti o doru\u010den\u00ed. P\u0159ed n\u00e1kupem jak\u00e9hokoli Tangie Hash k online prodeji je d\u016fle\u017eit\u00e9 si pe\u010dliv\u011b prostudovat z\u00e1sady.<\/p>","protected":false},"excerpt":{"rendered":"<p>Kupte si Tangie Hash online Term\u00edn \u201ekoupit Tangie Hash online\u201c ozna\u010duje proces n\u00e1kupu ha\u0161i\u0161e vyroben\u00e9ho z odr\u016fdy Tangie prost\u0159ednictv\u00edm internetov\u00fdch platforem, kde jsou konopn\u00e9 produkty leg\u00e1ln\u011b dostupn\u00e9. Tuto fr\u00e1zi b\u011b\u017en\u011b pou\u017e\u00edvaj\u00ed jednotlivci, kte\u0159\u00ed p\u0159ed rozhodnut\u00edm o koupi hledaj\u00ed podrobnosti o produktu, dostupnost a cenu Tangie Hash. Mnoho spot\u0159ebitel\u016f zad\u00e1v\u00e1 vyhled\u00e1vac\u00ed v\u00fdrazy jako \u201ekoupit Tangie Hash [&hellip;]<\/p>\n","protected":false},"featured_media":1199,"comment_status":"open","ping_status":"closed","template":"","meta":{"site-sidebar-layout":"default","site-content-layout":"","ast-site-content-layout":"default","site-content-style":"default","site-sidebar-style":"default","ast-global-header-display":"","ast-banner-title-visibility":"","ast-main-header-display":"","ast-hfb-above-header-display":"","ast-hfb-below-header-display":"","ast-hfb-mobile-header-display":"","site-post-title":"","ast-breadcrumbs-content":"","ast-featured-img":"","footer-sml-layout":"","ast-disable-related-posts":"","theme-transparent-header-meta":"default","adv-header-id-meta":"","stick-header-meta":"default","header-above-stick-meta":"","header-main-stick-meta":"","header-below-stick-meta":"","astra-migrate-meta-layouts":"set","ast-page-background-enabled":"default","ast-page-background-meta":{"desktop":{"background-color":"var(--ast-global-color-4)","background-image":"","background-repeat":"repeat","background-position":"center center","background-size":"auto","background-attachment":"scroll","background-type":"","background-media":"","overlay-type":"","overlay-color":"","overlay-opacity":"","overlay-gradient":""},"tablet":{"background-color":"","background-image":"","background-repeat":"repeat","background-position":"center center","background-size":"auto","background-attachment":"scroll","background-type":"","background-media":"","overlay-type":"","overlay-color":"","overlay-opacity":"","overlay-gradient":""},"mobile":{"background-color":"","background-image":"","background-repeat":"repeat","background-position":"center center","background-size":"auto","background-attachment":"scroll","background-type":"","background-media":"","overlay-type":"","overlay-color":"","overlay-opacity":"","overlay-gradient":""}},"ast-content-background-meta":{"desktop":{"background-color":"var(--ast-global-color-5)","background-image":"","background-repeat":"repeat","background-position":"center center","background-size":"auto","background-attachment":"scroll","background-type":"","background-media":"","overlay-type":"","overlay-color":"","overlay-opacity":"","overlay-gradient":""},"tablet":{"background-color":"var(--ast-global-color-5)","background-image":"","background-repeat":"repeat","background-position":"center center","background-size":"auto","background-attachment":"scroll","background-type":"","background-media":"","overlay-type":"","overlay-color":"","overlay-opacity":"","overlay-gradient":""},"mobile":{"background-color":"var(--ast-global-color-5)","background-image":"","background-repeat":"repeat","background-position":"center center","background-size":"auto","background-attachment":"scroll","background-type":"","background-media":"","overlay-type":"","overlay-color":"","overlay-opacity":"","overlay-gradient":""}},"_joinchat":[]},"product_brand":[],"product_cat":[18],"product_tag":[],"class_list":{"0":"post-116","1":"product","2":"type-product","3":"status-publish","4":"has-post-thumbnail","6":"product_cat-hasis","7":"desktop-align-left","8":"tablet-align-left","9":"mobile-align-left","10":"ast-product-gallery-layout-horizontal-slider","11":"ast-product-gallery-with-no-image","12":"ast-product-single-variable","13":"ast-product-tabs-layout-horizontal","15":"first","16":"instock","17":"shipping-taxable","18":"purchasable","19":"product-type-variable"},"yoast_head":"<!-- This site is optimized with the Yoast SEO plugin v22.6 - https:\/\/yoast.com\/wordpress\/plugins\/seo\/ -->\n<title>Koupit Tangie Hash online \u2013 Tangie Hash na prodej online<\/title>\n<meta name=\"description\" content=\"Jsme p\u0159edn\u00ed obchod s Tangie Hash na prodej. Pokud si p\u0159ejete koupit Tangie Hash online, kontaktujte n\u00e1s ihned a nechte si objedn\u00e1vku doru\u010dit. Objednejte nyn\u00ed!\" \/>\n<meta name=\"robots\" content=\"index, follow, max-snippet:-1, max-image-preview:large, max-video-preview:-1\" \/>\n<link rel=\"canonical\" href=\"https:\/\/koupitmarihuanu.com\/bg\/\u043f\u0440\u043e\u0434\u0443\u043a\u0442\/tangie-hash\/\" \/>\n<meta property=\"og:locale\" content=\"bg_BG\" \/>\n<meta property=\"og:type\" content=\"article\" \/>\n<meta property=\"og:title\" content=\"Koupit Tangie Hash online \u2013 Tangie Hash na prodej online\" \/>\n<meta property=\"og:description\" content=\"Jsme p\u0159edn\u00ed obchod s Tangie Hash na prodej. Pokud si p\u0159ejete koupit Tangie Hash online, kontaktujte n\u00e1s ihned a nechte si objedn\u00e1vku doru\u010dit. Objednejte nyn\u00ed!\" \/>\n<meta property=\"og:url\" content=\"https:\/\/koupitmarihuanu.com\/bg\/\u043f\u0440\u043e\u0434\u0443\u043a\u0442\/tangie-hash\/\" \/>\n<meta property=\"og:site_name\" content=\"Koupit Marihuanu\" \/>\n<meta property=\"article:modified_time\" content=\"2026-02-19T08:41:18+00:00\" \/>\n<meta property=\"og:image\" content=\"https:\/\/koupitmarihuanu.com\/wp-content\/uploads\/2023\/12\/TANGIE-HASH.jpg\" \/>\n\t<meta property=\"og:image:width\" content=\"600\" \/>\n\t<meta property=\"og:image:height\" content=\"600\" \/>\n\t<meta property=\"og:image:type\" content=\"image\/jpeg\" \/>\n<meta name=\"twitter:card\" content=\"summary_large_image\" \/>\n<meta name=\"twitter:label1\" content=\"Est. reading time\" \/>\n\t<meta name=\"twitter:data1\" content=\"3 \u043c\u0438\u043d\u0443\u0442\u0438\" \/>\n<script type=\"application\/ld+json\" class=\"yoast-schema-graph\">{\"@context\":\"https:\/\/schema.org\",\"@graph\":[{\"@type\":\"WebPage\",\"@id\":\"https:\/\/koupitmarihuanu.com\/produkt\/tangie-hash\/\",\"url\":\"https:\/\/koupitmarihuanu.com\/produkt\/tangie-hash\/\",\"name\":\"Koupit Tangie Hash online \u2013 Tangie Hash na prodej online\",\"isPartOf\":{\"@id\":\"https:\/\/koupitmarihuanu.com\/#website\"},\"primaryImageOfPage\":{\"@id\":\"https:\/\/koupitmarihuanu.com\/produkt\/tangie-hash\/#primaryimage\"},\"image\":{\"@id\":\"https:\/\/koupitmarihuanu.com\/produkt\/tangie-hash\/#primaryimage\"},\"thumbnailUrl\":\"https:\/\/koupitmarihuanu.com\/wp-content\/uploads\/2023\/12\/TANGIE-HASH.jpg\",\"datePublished\":\"2023-12-26T07:29:06+00:00\",\"dateModified\":\"2026-02-19T08:41:18+00:00\",\"description\":\"Jsme p\u0159edn\u00ed obchod s Tangie Hash na prodej. Pokud si p\u0159ejete koupit Tangie Hash online, kontaktujte n\u00e1s ihned a nechte si objedn\u00e1vku doru\u010dit. Objednejte nyn\u00ed!\",\"breadcrumb\":{\"@id\":\"https:\/\/koupitmarihuanu.com\/produkt\/tangie-hash\/#breadcrumb\"},\"inLanguage\":\"bg-BG\",\"potentialAction\":[{\"@type\":\"ReadAction\",\"target\":[\"https:\/\/koupitmarihuanu.com\/produkt\/tangie-hash\/\"]}]},{\"@type\":\"ImageObject\",\"inLanguage\":\"bg-BG\",\"@id\":\"https:\/\/koupitmarihuanu.com\/produkt\/tangie-hash\/#primaryimage\",\"url\":\"https:\/\/koupitmarihuanu.com\/wp-content\/uploads\/2023\/12\/TANGIE-HASH.jpg\",\"contentUrl\":\"https:\/\/koupitmarihuanu.com\/wp-content\/uploads\/2023\/12\/TANGIE-HASH.jpg\",\"width\":600,\"height\":600,\"caption\":\"Koupit TANGIE-HASH Online\"},{\"@type\":\"BreadcrumbList\",\"@id\":\"https:\/\/koupitmarihuanu.com\/produkt\/tangie-hash\/#breadcrumb\",\"itemListElement\":[{\"@type\":\"ListItem\",\"position\":1,\"name\":\"Home\",\"item\":\"https:\/\/koupitmarihuanu.com\/\"},{\"@type\":\"ListItem\",\"position\":2,\"name\":\"Prodejna\",\"item\":\"https:\/\/koupitmarihuanu.com\/prodejna\/\"},{\"@type\":\"ListItem\",\"position\":3,\"name\":\"Tangie Hash\"}]},{\"@type\":\"WebSite\",\"@id\":\"https:\/\/koupitmarihuanu.com\/#website\",\"url\":\"https:\/\/koupitmarihuanu.com\/\",\"name\":\"Koupit Marihuanu\",\"description\":\"My WordPress Blog\",\"publisher\":{\"@id\":\"https:\/\/koupitmarihuanu.com\/#organization\"},\"potentialAction\":[{\"@type\":\"SearchAction\",\"target\":{\"@type\":\"EntryPoint\",\"urlTemplate\":\"https:\/\/koupitmarihuanu.com\/?s={search_term_string}\"},\"query-input\":\"required name=search_term_string\"}],\"inLanguage\":\"bg-BG\"},{\"@type\":\"Organization\",\"@id\":\"https:\/\/koupitmarihuanu.com\/#organization\",\"name\":\"Koupit Marihuanu\",\"url\":\"https:\/\/koupitmarihuanu.com\/\",\"logo\":{\"@type\":\"ImageObject\",\"inLanguage\":\"bg-BG\",\"@id\":\"https:\/\/koupitmarihuanu.com\/#\/schema\/logo\/image\/\",\"url\":\"https:\/\/koupitmarihuanu.com\/wp-content\/uploads\/2024\/01\/black-logo.png\",\"contentUrl\":\"https:\/\/koupitmarihuanu.com\/wp-content\/uploads\/2024\/01\/black-logo.png\",\"width\":300,\"height\":63,\"caption\":\"Koupit Marihuanu\"},\"image\":{\"@id\":\"https:\/\/koupitmarihuanu.com\/#\/schema\/logo\/image\/\"}}]}<\/script>\n<!-- \/ Yoast SEO plugin. -->","yoast_head_json":{"title":"\u041a\u0443\u043f\u0435\u0442\u0435 Tangie Hash \u043e\u043d\u043b\u0430\u0439\u043d - Tangie Hash \u0437\u0430 \u043f\u0440\u043e\u0434\u0430\u0436\u0431\u0430 \u043e\u043d\u043b\u0430\u0439\u043d","description":"\u041d\u0438\u0435 \u0441\u043c\u0435 \u043f\u044a\u0440\u0432\u043e\u043a\u043b\u0430\u0441\u043d\u0438\u044f\u0442 \u043c\u0430\u0433\u0430\u0437\u0438\u043d \u0441 PREMIUM THC VAPE 1 ml Jack Herer \u0437\u0430 \u043f\u0440\u043e\u0434\u0430\u0436\u0431\u0430. \u0410\u043a\u043e \u0436\u0435\u043b\u0430\u0435\u0442\u0435 \u0434\u0430 \u0437\u0430\u043a\u0443\u043f\u0438\u0442\u0435 PREMIUM THC VAPE 1 ml Jack Herer, \u0441\u0432\u044a\u0440\u0436\u0435\u0442\u0435 \u0441\u0435 \u0441 \u043d\u0430\u0441 \u043d\u0435\u0437\u0430\u0431\u0430\u0432\u043d\u043e \u0438 \u0449\u0435 \u0434\u043e\u0441\u0442\u0430\u0432\u0438\u043c \u0432\u0430\u0448\u0430\u0442\u0430 \u043f\u043e\u0440\u044a\u0447\u043a\u0430. \u041f\u043e\u0440\u044a\u0447\u0430\u0439\u0442\u0435 \u0441\u0435\u0433\u0430!","robots":{"index":"index","follow":"follow","max-snippet":"max-snippet:-1","max-image-preview":"max-image-preview:large","max-video-preview":"max-video-preview:-1"},"canonical":"https:\/\/koupitmarihuanu.com\/bg\/\u043f\u0440\u043e\u0434\u0443\u043a\u0442\/tangie-hash\/","og_locale":"bg_BG","og_type":"article","og_title":"Koupit Tangie Hash online \u2013 Tangie Hash na prodej online","og_description":"Jsme p\u0159edn\u00ed obchod s Tangie Hash na prodej. Pokud si p\u0159ejete koupit Tangie Hash online, kontaktujte n\u00e1s ihned a nechte si objedn\u00e1vku doru\u010dit. Objednejte nyn\u00ed!","og_url":"https:\/\/koupitmarihuanu.com\/bg\/\u043f\u0440\u043e\u0434\u0443\u043a\u0442\/tangie-hash\/","og_site_name":"Koupit Marihuanu","article_modified_time":"2026-02-19T08:41:18+00:00","og_image":[{"width":600,"height":600,"url":"https:\/\/koupitmarihuanu.com\/wp-content\/uploads\/2023\/12\/TANGIE-HASH.jpg","type":"image\/jpeg"}],"twitter_card":"summary_large_image","twitter_misc":{"Est. reading time":"3 \u043c\u0438\u043d\u0443\u0442\u0438"},"schema":{"@context":"https:\/\/schema.org","@graph":[{"@type":"WebPage","@id":"https:\/\/koupitmarihuanu.com\/produkt\/tangie-hash\/","url":"https:\/\/koupitmarihuanu.com\/produkt\/tangie-hash\/","name":"\u041a\u0443\u043f\u0435\u0442\u0435 Tangie Hash \u043e\u043d\u043b\u0430\u0439\u043d - Tangie Hash \u0437\u0430 \u043f\u0440\u043e\u0434\u0430\u0436\u0431\u0430 \u043e\u043d\u043b\u0430\u0439\u043d","isPartOf":{"@id":"https:\/\/koupitmarihuanu.com\/#website"},"primaryImageOfPage":{"@id":"https:\/\/koupitmarihuanu.com\/produkt\/tangie-hash\/#primaryimage"},"image":{"@id":"https:\/\/koupitmarihuanu.com\/produkt\/tangie-hash\/#primaryimage"},"thumbnailUrl":"https:\/\/koupitmarihuanu.com\/wp-content\/uploads\/2023\/12\/TANGIE-HASH.jpg","datePublished":"2023-12-26T07:29:06+00:00","dateModified":"2026-02-19T08:41:18+00:00","description":"\u041d\u0438\u0435 \u0441\u043c\u0435 \u043f\u044a\u0440\u0432\u043e\u043a\u043b\u0430\u0441\u043d\u0438\u044f\u0442 \u043c\u0430\u0433\u0430\u0437\u0438\u043d \u0441 PREMIUM THC VAPE 1 ml Jack Herer \u0437\u0430 \u043f\u0440\u043e\u0434\u0430\u0436\u0431\u0430. \u0410\u043a\u043e \u0436\u0435\u043b\u0430\u0435\u0442\u0435 \u0434\u0430 \u0437\u0430\u043a\u0443\u043f\u0438\u0442\u0435 PREMIUM THC VAPE 1 ml Jack Herer, \u0441\u0432\u044a\u0440\u0436\u0435\u0442\u0435 \u0441\u0435 \u0441 \u043d\u0430\u0441 \u043d\u0435\u0437\u0430\u0431\u0430\u0432\u043d\u043e \u0438 \u0449\u0435 \u0434\u043e\u0441\u0442\u0430\u0432\u0438\u043c \u0432\u0430\u0448\u0430\u0442\u0430 \u043f\u043e\u0440\u044a\u0447\u043a\u0430. \u041f\u043e\u0440\u044a\u0447\u0430\u0439\u0442\u0435 \u0441\u0435\u0433\u0430!","breadcrumb":{"@id":"https:\/\/koupitmarihuanu.com\/produkt\/tangie-hash\/#breadcrumb"},"inLanguage":"bg-BG","potentialAction":[{"@type":"ReadAction","target":["https:\/\/koupitmarihuanu.com\/produkt\/tangie-hash\/"]}]},{"@type":"ImageObject","inLanguage":"bg-BG","@id":"https:\/\/koupitmarihuanu.com\/produkt\/tangie-hash\/#primaryimage","url":"https:\/\/koupitmarihuanu.com\/wp-content\/uploads\/2023\/12\/TANGIE-HASH.jpg","contentUrl":"https:\/\/koupitmarihuanu.com\/wp-content\/uploads\/2023\/12\/TANGIE-HASH.jpg","width":600,"height":600,"caption":"Koupit TANGIE-HASH Online"},{"@type":"BreadcrumbList","@id":"https:\/\/koupitmarihuanu.com\/produkt\/tangie-hash\/#breadcrumb","itemListElement":[{"@type":"ListItem","position":1,"name":"Home","item":"https:\/\/koupitmarihuanu.com\/"},{"@type":"ListItem","position":2,"name":"Prodejna","item":"https:\/\/koupitmarihuanu.com\/prodejna\/"},{"@type":"ListItem","position":3,"name":"Tangie Hash"}]},{"@type":"WebSite","@id":"https:\/\/koupitmarihuanu.com\/#website","url":"https:\/\/koupitmarihuanu.com\/","name":"\u041a\u0443\u043f\u0443\u0432\u0430\u043d\u0435 \u043d\u0430 \u043c\u0430\u0440\u0438\u0445\u0443\u0430\u043d\u0430","description":"\u041c\u043e\u044f\u0442 \u0431\u043b\u043e\u0433 \u043d\u0430 WordPress","publisher":{"@id":"https:\/\/koupitmarihuanu.com\/#organization"},"potentialAction":[{"@type":"SearchAction","target":{"@type":"EntryPoint","urlTemplate":"https:\/\/koupitmarihuanu.com\/?s={search_term_string}"},"query-input":"required name=search_term_string"}],"inLanguage":"bg-BG"},{"@type":"Organization","@id":"https:\/\/koupitmarihuanu.com\/#organization","name":"\u041a\u0443\u043f\u0443\u0432\u0430\u043d\u0435 \u043d\u0430 \u043c\u0430\u0440\u0438\u0445\u0443\u0430\u043d\u0430","url":"https:\/\/koupitmarihuanu.com\/","logo":{"@type":"ImageObject","inLanguage":"bg-BG","@id":"https:\/\/koupitmarihuanu.com\/#\/schema\/logo\/image\/","url":"https:\/\/koupitmarihuanu.com\/wp-content\/uploads\/2024\/01\/black-logo.png","contentUrl":"https:\/\/koupitmarihuanu.com\/wp-content\/uploads\/2024\/01\/black-logo.png","width":300,"height":63,"caption":"Koupit Marihuanu"},"image":{"@id":"https:\/\/koupitmarihuanu.com\/#\/schema\/logo\/image\/"}}]}},"_links":{"self":[{"href":"https:\/\/koupitmarihuanu.com\/bg\/wp-json\/wp\/v2\/product\/116","targetHints":{"allow":["GET"]}}],"collection":[{"href":"https:\/\/koupitmarihuanu.com\/bg\/wp-json\/wp\/v2\/product"}],"about":[{"href":"https:\/\/koupitmarihuanu.com\/bg\/wp-json\/wp\/v2\/types\/product"}],"replies":[{"embeddable":true,"href":"https:\/\/koupitmarihuanu.com\/bg\/wp-json\/wp\/v2\/comments?post=116"}],"wp:featuredmedia":[{"embeddable":true,"href":"https:\/\/koupitmarihuanu.com\/bg\/wp-json\/wp\/v2\/media\/1199"}],"wp:attachment":[{"href":"https:\/\/koupitmarihuanu.com\/bg\/wp-json\/wp\/v2\/media?parent=116"}],"wp:term":[{"taxonomy":"product_brand","embeddable":true,"href":"https:\/\/koupitmarihuanu.com\/bg\/wp-json\/wp\/v2\/product_brand?post=116"},{"taxonomy":"product_cat","embeddable":true,"href":"https:\/\/koupitmarihuanu.com\/bg\/wp-json\/wp\/v2\/product_cat?post=116"},{"taxonomy":"product_tag","embeddable":true,"href":"https:\/\/koupitmarihuanu.com\/bg\/wp-json\/wp\/v2\/product_tag?post=116"}],"curies":[{"name":"wp","href":"https:\/\/api.w.org\/{rel}","templated":true}]}}